{"id":2427,"date":"2024-06-11T14:22:10","date_gmt":"2024-06-11T12:22:10","guid":{"rendered":"http:\/\/zuptor.dlatestu.co.pl\/?page_id=2427"},"modified":"2024-06-13T10:59:01","modified_gmt":"2024-06-13T08:59:01","slug":"firma","status":"publish","type":"page","link":"https:\/\/zuptor.pl\/ru\/firma\/","title":{"rendered":"\u041a\u043e\u043c\u043f\u0430\u043d\u0438\u044f"},"content":{"rendered":"<div class=\"wpb-content-wrapper\"><section class=\"vc_rows wpb_row vc_row-fluid bg-color-blue vc_custom_1712822687460\" ><div class=\"container\"><div class=\"row\"><div class=\"wpb_column vc_column_container vc_col-sm-12\"><div class=\"vc_column-inner\"><div class=\"wpb_wrapper\">\n\t\t\t<div class=\"col-md-8\">\n\t        <div class=\"wprt-spacer\" data-desktop=\"8\" data-mobi=\"0\" data-smobi=\"0\"><\/div>\n\t        <h2 class=\"text-white text-center-mobile font-size-20 margin-bottom-0\">\u041d\u0430\u0439\u0434\u0438\u0442\u0435 \u0434\u0438\u0441\u0442\u0440\u0438\u0431\u044c\u044e\u0442\u043e\u0440\u0430 \u0432 \u0432\u0430\u0448\u0435\u043c \u0440\u0435\u0433\u0438\u043e\u043d\u0435<\/h2>\n\t        <div class=\"wprt-spacer\" data-desktop=\"0\" data-mobi=\"20\" data-smobi=\"20\"><\/div>\n\t    <\/div>\n\n\t    <div class=\"col-md-4\">\n\t        <div class=\"text-right text-center-mobile\">\n\t        \n\t        <a class=\"wprt-button white rounded-3px\" href=\"https:\/\/zuptor.pl\/ru\/dystrybutorzy\/\" target=\"_self\">\u0414\u0418\u0421\u0422\u0420\u0418\u0411\u042c\u042e\u0422\u041e\u0420\u042b<\/a>\t        <\/div>\n\t    <\/div>\n\t\n<\/div><\/div><\/div><\/div><\/div><div class=\"clearfix\"><\/div><\/section><section class=\"vc_rows wpb_row vc_row-fluid vc_custom_1713946270903\" ><div class=\"container\"><div class=\"row\"><div class=\"wpb_column vc_column_container vc_col-sm-3\/5\"><div class=\"vc_column-inner\"><div class=\"wpb_wrapper\">\n    <h3 class=\"text-left\" >\u041f\u0440\u043e\u0435\u043a\u0442\u0438\u0440\u043e\u0432\u0430\u043d\u0438\u0435, \u043f\u0440\u043e\u0438\u0437\u0432\u043e\u0434\u0441\u0442\u0432\u043e \u0438 \u0441\u0431\u043e\u0440\u043a\u0430 \u0441\u0435\u043b\u044c\u0441\u043a\u043e\u0445\u043e\u0437\u044f\u0439\u0441\u0442\u0432\u0435\u043d\u043d\u043e\u0439 \u0442\u0435\u0445\u043d\u0438\u043a\u0438<\/h3>\n    \n        \t\n\n\t<div class=\"wpb_text_column wpb_content_element\" >\n\t\t<div class=\"wpb_wrapper\">\n\t\t\t<p>\u041a\u043e\u043c\u043f\u0430\u043d\u0438\u044f ZUPTOR \u0441\u0443\u0449\u0435\u0441\u0442\u0432\u0443\u0435\u0442 \u043d\u0430 \u0440\u044b\u043d\u043a\u0435 \u0441 1989 \u0433\u043e\u0434\u0430. \u041c\u044b \u0441\u043f\u0435\u0446\u0438\u0430\u043b\u0438\u0437\u0438\u0440\u0443\u0435\u043c\u0441\u044f \u043d\u0430 \u0440\u0430\u0437\u0440\u0430\u0431\u043e\u0442\u043a\u0435, \u043f\u0440\u043e\u0438\u0437\u0432\u043e\u0434\u0441\u0442\u0432\u0435 \u0438 \u0441\u0431\u043e\u0440\u043a\u0435 \u0442\u0435\u0445\u043d\u0438\u043a\u0438, \u0438\u0441\u043f\u043e\u043b\u044c\u0437\u0443\u0435\u043c\u043e\u0439 \u043a\u0440\u0443\u043f\u043d\u044b\u043c\u0438 \u0438 \u043c\u0435\u043b\u043a\u0438\u043c\u0438 \u0444\u0435\u0440\u043c\u0435\u0440\u0441\u043a\u0438\u043c\u0438 \u0445\u043e\u0437\u044f\u0439\u0441\u0442\u0432\u0430\u043c\u0438 \u0438 \u0441\u0435\u043b\u044c\u0441\u043a\u043e\u0445\u043e\u0437\u044f\u0439\u0441\u0442\u0432\u0435\u043d\u043d\u044b\u043c\u0438 \u043f\u0440\u0435\u0434\u043f\u0440\u0438\u044f\u0442\u0438\u044f\u043c\u0438.<\/p>\n<h2>\u041a\u043e\u043c\u0431\u0438\u043a\u043e\u0440\u043c\u043e\u0432\u044b\u0435 \u0437\u0430\u0432\u043e\u0434\u044b \u0441 \u043f\u043e\u043b\u043d\u043e\u0441\u0442\u044c\u044e \u0430\u0432\u0442\u043e\u043c\u0430\u0442\u0438\u0437\u0438\u0440\u043e\u0432\u0430\u043d\u043d\u044b\u043c\u0438 \u0441\u0438\u0441\u0442\u0435\u043c\u0430\u043c\u0438<\/h2>\n<p>\u0421\u043c\u0435\u0441\u0438\u0442\u0435\u043b\u044c\u043d\u044b\u0435 \u0443\u0441\u0442\u0430\u043d\u043e\u0432\u043a\u0438 ZUPTOR \u0438\u0441\u043f\u043e\u043b\u044c\u0437\u0443\u044e\u0442\u0441\u044f \u0434\u043b\u044f \u043f\u0440\u0438\u0433\u043e\u0442\u043e\u0432\u043b\u0435\u043d\u0438\u044f \u043a\u043e\u0440\u043c\u043e\u0432\u044b\u0445 \u0441\u043c\u0435\u0441\u0435\u0439 \u0434\u043b\u044f \u0441\u0432\u0438\u043d\u0435\u0439, \u043a\u0440\u0443\u043f\u043d\u043e\u0433\u043e \u0440\u043e\u0433\u0430\u0442\u043e\u0433\u043e \u0441\u043a\u043e\u0442\u0430, \u043e\u0432\u0435\u0446 \u0438 \u043f\u0442\u0438\u0446\u044b \u043d\u0430 \u0444\u0435\u0440\u043c\u0430\u0445 \u043d\u0430 \u043e\u0441\u043d\u043e\u0432\u0435 \u0437\u0435\u0440\u043d\u0430, \u043a\u043e\u0440\u043c\u043e\u0432\u044b\u0445 \u043a\u043e\u043d\u0446\u0435\u043d\u0442\u0440\u0430\u0442\u043e\u0432 \u043c\u0438\u043d\u0435\u0440\u0430\u043b\u044c\u043d\u044b\u0445 \u0438 \u0432\u0438\u0442\u0430\u043c\u0438\u043d\u043d\u044b\u0445 \u0434\u043e\u0431\u0430\u0432\u043e\u043a. \u041c\u044b \u043f\u0440\u0435\u0434\u043b\u0430\u0433\u0430\u0435\u043c \u043b\u0438\u043d\u0438\u0438 \u043f\u0440\u0438\u0433\u043e\u0442\u043e\u0432\u043b\u0435\u043d\u0438\u044f \u043a\u043e\u0440\u043c\u043e\u0432 \u043b\u044e\u0431\u043e\u0439 \u043f\u0440\u043e\u0438\u0437\u0432\u043e\u0434\u0438\u0442\u0435\u043b\u044c\u043d\u043e\u0441\u0442\u0438 \u0432 \u0437\u0430\u0432\u0438\u0441\u0438\u043c\u043e\u0441\u0442\u0438 \u043e\u0442 \u043f\u043e\u0442\u0440\u0435\u0431\u043d\u043e\u0441\u0442\u0435\u0439 \u0437\u0430\u043a\u0430\u0437\u0447\u0438\u043a\u0430.<\/p>\n<h2>\u0422\u0435\u0445\u043d\u043e\u043b\u043e\u0433\u0438\u0447\u0435\u0441\u043a\u0438\u0435 \u043b\u0438\u043d\u0438\u0438<\/h2>\n<p>\u0422\u0435\u0445\u043d\u043e\u043b\u043e\u0433\u0438\u0447\u0435\u0441\u043a\u0438\u0435 \u043b\u0438\u043d\u0438\u0438 \u0434\u043b\u044f \u0445\u0440\u0430\u043d\u0435\u043d\u0438\u044f \u0438 \u043f\u0435\u0440\u0435\u0440\u0430\u0431\u043e\u0442\u043a\u0438 \u0437\u0435\u0440\u043d\u043e\u0432\u044b\u0445 \u0438 \u0441\u0435\u043c\u0435\u043d\u043d\u043e\u0433\u043e \u0437\u0435\u0440\u043d\u0430, \u0441 \u043f\u043e\u043b\u043d\u043e\u0439 \u0430\u0432\u0442\u043e\u043c\u0430\u0442\u0438\u0437\u0430\u0446\u0438\u0435\u0439 \u0438 \u0441\u0438\u0441\u0442\u0435\u043c\u0430\u043c\u0438 \u0443\u043f\u0440\u0430\u0432\u043b\u0435\u043d\u0438\u044f \u043f\u0440\u043e\u0446\u0435\u0441\u0441\u043e\u043c, \u043f\u043e\u0437\u0432\u043e\u043b\u044f\u044e\u0449\u0438\u043c\u0438 \u0432\u044b\u043f\u043e\u043b\u043d\u044f\u0442\u044c \u043e\u043f\u0435\u0440\u0430\u0446\u0438\u0438 \u0431\u0435\u0441\u043f\u0435\u0440\u0435\u0431\u043e\u0439\u043d\u043e \u0438 \u0441 \u043d\u0435\u043e\u0431\u0445\u043e\u0434\u0438\u043c\u043e\u0439 \u043f\u0440\u043e\u0438\u0437\u0432\u043e\u0434\u0438\u0442\u0435\u043b\u044c\u043d\u043e\u0441\u0442\u044c\u044e. \u041c\u044b \u043f\u0440\u043e\u0435\u043a\u0442\u0438\u0440\u0443\u0435\u043c \u043a\u0430\u043a \u043f\u0440\u043e\u0441\u0442\u044b\u0435 \u043b\u0438\u043d\u0438\u0438, \u0442\u0430\u043a \u0438 \u0441\u043b\u043e\u0436\u043d\u044b\u0435 \u0443\u0441\u0442\u0430\u043d\u043e\u0432\u043a\u0438 \u043f\u0440\u043e\u043c\u044b\u0448\u043b\u0435\u043d\u043d\u043e\u0433\u043e \u0445\u0430\u0440\u0430\u043a\u0442\u0435\u0440\u0430.<\/p>\n<p>\u041c\u044b \u043e\u0441\u043d\u0430\u0449\u0430\u0435\u043c \u043d\u0430\u0448\u0438 \u0437\u0435\u0440\u043d\u043e\u043f\u0435\u0440\u0435\u0440\u0430\u0431\u0430\u0442\u044b\u0432\u0430\u044e\u0449\u0438\u0435 \u043b\u0438\u043d\u0438\u0438 \u043c\u0430\u0448\u0438\u043d\u0430\u043c\u0438 \u043d\u0435\u043c\u0435\u0446\u043a\u043e\u0439 \u043a\u043e\u043c\u043f\u0430\u043d\u0438\u0438 PETKUS, \u043e\u0444\u0438\u0446\u0438\u0430\u043b\u044c\u043d\u044b\u043c \u043f\u0440\u0435\u0434\u0441\u0442\u0430\u0432\u0438\u0442\u0435\u043b\u0435\u043c \u043a\u043e\u0442\u043e\u0440\u043e\u0439 \u043d\u0430 \u043f\u043e\u043b\u044c\u0441\u043a\u043e\u043c \u0440\u044b\u043d\u043a\u0435 \u043c\u044b \u044f\u0432\u043b\u044f\u0435\u043c\u0441\u044f \u0443\u0436\u0435 15 \u043b\u0435\u0442. \u041d\u0430\u0448 \u043c\u043d\u043e\u0433\u043e\u043b\u0435\u0442\u043d\u0438\u0439 \u043e\u043f\u044b\u0442 \u0438 \u0442\u0435\u0445\u043d\u043e\u043b\u043e\u0433\u0438\u0447\u0435\u0441\u043a\u0438\u0435 \u043d\u043e\u0443-\u0445\u0430\u0443 \u043f\u043e\u0437\u0432\u043e\u043b\u044f\u044e\u0442 \u043d\u0430\u043c \u0440\u0430\u0437\u0440\u0430\u0431\u0430\u0442\u044b\u0432\u0430\u0442\u044c \u0432\u044b\u0441\u043e\u043a\u043e\u043a\u0430\u0447\u0435\u0441\u0442\u0432\u0435\u043d\u043d\u043e\u0435, \u0438\u043d\u0434\u0438\u0432\u0438\u0434\u0443\u0430\u043b\u044c\u043d\u043e\u0435 \u043e\u0431\u043e\u0440\u0443\u0434\u043e\u0432\u0430\u043d\u0438\u0435, \u043e\u0442\u0432\u0435\u0447\u0430\u044e\u0449\u0435\u0435 \u043f\u043e\u0442\u0440\u0435\u0431\u043d\u043e\u0441\u0442\u044f\u043c \u043d\u0430\u0448\u0438\u0445 \u043a\u043b\u0438\u0435\u043d\u0442\u043e\u0432.<\/p>\n<p>\u0412 \u0441\u0432\u043e\u0435\u0439 \u0434\u0435\u044f\u0442\u0435\u043b\u044c\u043d\u043e\u0441\u0442\u0438 \u043c\u044b \u0440\u0443\u043a\u043e\u0432\u043e\u0434\u0441\u0442\u0432\u0443\u0435\u043c\u0441\u044f \u0432\u044b\u0441\u043e\u043a\u0438\u043c\u0438 \u044d\u0442\u0438\u0447\u0435\u0441\u043a\u0438\u043c\u0438 \u0441\u0442\u0430\u043d\u0434\u0430\u0440\u0442\u0430\u043c\u0438, \u0432\u044b\u0441\u0442\u0440\u0430\u0438\u0432\u0430\u044f \u043f\u0430\u0440\u0442\u043d\u0435\u0440\u0441\u043a\u0438\u0435 \u043e\u0442\u043d\u043e\u0448\u0435\u043d\u0438\u044f \u0441 \u043f\u043e\u043a\u0443\u043f\u0430\u0442\u0435\u043b\u044f\u043c\u0438 \u043d\u0430\u0448\u0435\u0433\u043e \u043e\u0431\u043e\u0440\u0443\u0434\u043e\u0432\u0430\u043d\u0438\u044f. \u041d\u0430\u0448\u0430 \u043c\u0438\u0441\u0441\u0438\u044f - \u043f\u043e\u043b\u043d\u043e\u0435 \u0443\u0434\u043e\u0432\u043b\u0435\u0442\u0432\u043e\u0440\u0435\u043d\u0438\u0435 \u043a\u043b\u0438\u0435\u043d\u0442\u0430 \u0441\u0432\u043e\u0438\u043c \u0432\u044b\u0431\u043e\u0440\u043e\u043c.<\/p>\n\n\t\t<\/div>\n\t<\/div>\n<\/div><\/div><\/div><div class=\"wpb_column vc_column_container vc_col-sm-2\/5 vc_col-has-fill\"><div class=\"vc_column-inner vc_custom_1718110301898\"><div class=\"wpb_wrapper\">\n    <h3 class=\"text-left\" >\u0427\u0442\u043e \u043e\u0442\u043b\u0438\u0447\u0430\u0435\u0442 \u043d\u0430\u0441 \u043e\u0442 \u0434\u0440\u0443\u0433\u0438\u0445?<\/h3>\n    \t    <div class=\"wprt-lines style-1 custom-3\">\n\t        <div class=\"line-1\"><\/div>\n\t    <\/div>\n    \n        \t\n<div class=\"vc_empty_space\"   style=\"height: 20px\"><span class=\"vc_empty_space_inner\"><\/span><\/div>\n\t<div class=\"wpb_text_column wpb_content_element\" >\n\t\t<div class=\"wpb_wrapper\">\n\t\t\t<ul>\n<li>\u0411\u043e\u043b\u0435\u0435 25 \u043b\u0435\u0442 \u043e\u043f\u044b\u0442\u0430<\/li>\n<li>\u0418\u043d\u043d\u043e\u0432\u0430\u0446\u0438\u043e\u043d\u043d\u044b\u0435 \u0440\u0435\u0448\u0435\u043d\u0438\u044f<\/li>\n<li>\u041d\u043e\u0432\u0435\u0439\u0448\u0438\u0435 \u0442\u0435\u0445\u043d\u043e\u043b\u043e\u0433\u0438\u0438<\/li>\n<li>\u041f\u0440\u043e\u0444\u0435\u0441\u0441\u0438\u043e\u043d\u0430\u043b\u044c\u043d\u044b\u0439 \u0441\u043e\u0432\u0435\u0442<\/li>\n<li>\u0413\u0438\u0431\u043a\u0430\u044f \u0446\u0435\u043d\u043e\u0432\u0430\u044f \u043f\u043e\u043b\u0438\u0442\u0438\u043a\u0430<\/li>\n<li>\u041f\u0440\u0438\u0432\u0435\u0434\u0435\u043d\u0438\u0435 \u043f\u0440\u043e\u0434\u0443\u043a\u0446\u0438\u0438 \u0432 \u0441\u043e\u043e\u0442\u0432\u0435\u0442\u0441\u0442\u0432\u0438\u0435 \u0441 \u0442\u0440\u0435\u0431\u043e\u0432\u0430\u043d\u0438\u044f\u043c\u0438 \u0437\u0430\u043a\u0430\u0437\u0447\u0438\u043a\u0430<\/li>\n<li>\u041f\u043e\u043b\u043d\u0430\u044f \u0430\u0432\u0442\u043e\u043c\u0430\u0442\u0438\u0437\u0430\u0446\u0438\u044f \u0438\u043d\u0432\u0435\u0441\u0442\u0438\u0446\u0438\u0439<\/li>\n<li>\u041e\u0431\u0441\u043b\u0443\u0436\u0438\u0432\u0430\u043d\u0438\u0435 \u043e\u0442 \u043f\u0440\u043e\u0435\u043a\u0442\u0438\u0440\u043e\u0432\u0430\u043d\u0438\u044f \u0434\u043e \u0443\u0441\u0442\u0430\u043d\u043e\u0432\u043a\u0438<\/li>\n<li>\u0413\u0430\u0440\u0430\u043d\u0442\u0438\u0439\u043d\u043e\u0435 \u0438 \u043f\u043e\u0441\u043b\u0435\u0433\u0430\u0440\u0430\u043d\u0442\u0438\u0439\u043d\u043e\u0435 \u043e\u0431\u0441\u043b\u0443\u0436\u0438\u0432\u0430\u043d\u0438\u0435<\/li>\n<li>\u041e\u0440\u0438\u0433\u0438\u043d\u0430\u043b\u044c\u043d\u044b\u0435 \u0437\u0430\u043f\u0430\u0441\u043d\u044b\u0435 \u0447\u0430\u0441\u0442\u0438<\/li>\n<li>\u0417\u0430\u043f\u0430\u0442\u0435\u043d\u0442\u043e\u0432\u0430\u043d\u043d\u044b\u0435 \u043f\u043e\u043b\u0435\u0437\u043d\u044b\u0435 \u043c\u043e\u0434\u0435\u043b\u0438, \u043f\u0430\u0442\u0435\u043d\u0442\u044b \u0438 \u0441\u0432\u0438\u0434\u0435\u0442\u0435\u043b\u044c\u0441\u0442\u0432\u0430<\/li>\n<\/ul>\n\n\t\t<\/div>\n\t<\/div>\n<\/div><\/div><\/div><\/div><\/div><div class=\"clearfix\"><\/div><\/section><section class=\"vc_rows wpb_row vc_row-fluid vc_custom_1717764182729\" ><div class=\"container\"><div class=\"row\"><div class=\"wpb_column vc_column_container vc_col-sm-12 vc_col-has-fill\"><div class=\"vc_column-inner vc_custom_1718109128323\"><div class=\"wpb_wrapper\">\n\t<div class=\"wpb_text_column wpb_content_element\" >\n\t\t<div class=\"wpb_wrapper\">\n\t\t\t<p><a href=\"https:\/\/www.petkus.de\">www.petkus.de<img loading=\"lazy\" decoding=\"async\" class=\"size-full wp-image-2428 alignleft\" src=\"https:\/\/zuptor.pl\/wp-content\/uploads\/2024\/06\/petkus-logo.png\" alt=\"petkus logo\" width=\"100\" height=\"100\" \/><\/a><br \/>\n\u041d\u0430\u0448 \u043d\u0435\u043c\u0435\u0446\u043a\u0438\u0439 \u043f\u0430\u0440\u0442\u043d\u0435\u0440 \u043f\u043e \u043f\u0440\u043e\u0438\u0437\u0432\u043e\u0434\u0441\u0442\u0432\u0443 \u0441\u0435\u043c\u044f\u043d. \u041a\u043e\u043c\u043f\u0430\u043d\u0438\u044f \u0441 \u043c\u043d\u043e\u0433\u043e\u043b\u0435\u0442\u043d\u0438\u043c \u043e\u043f\u044b\u0442\u043e\u043c \u0438 \u0437\u043d\u0430\u043d\u0438\u044f\u043c\u0438. \u041e\u043d\u0430 \u0438\u0441\u043f\u043e\u043b\u044c\u0437\u0443\u0435\u0442 \u043d\u043e\u0432\u0435\u0439\u0448\u0438\u0435 \u0442\u0435\u0445\u043d\u043e\u043b\u043e\u0433\u0438\u0438 \u0438 \u0438\u043d\u043d\u043e\u0432\u0430\u0446\u0438\u043e\u043d\u043d\u044b\u0435 \u0440\u0435\u0448\u0435\u043d\u0438\u044f \u0432 \u043f\u0440\u043e\u0438\u0437\u0432\u043e\u0434\u0441\u0442\u0432\u0435 \u0441\u0432\u043e\u0435\u0439 \u0442\u0435\u0445\u043d\u0438\u043a\u0438, \u0447\u0442\u043e \u043f\u0440\u0438\u0432\u043e\u0434\u0438\u0442 \u043a \u043f\u043e\u043b\u0443\u0447\u0435\u043d\u0438\u044e \u0441\u0438\u043b\u044c\u043d\u044b\u0445 \u0441\u0435\u043c\u044f\u043d \u0438 \u0437\u0434\u043e\u0440\u043e\u0432\u043e\u0433\u043e \u0437\u0435\u0440\u043d\u0430.<\/p>\n\n\t\t<\/div>\n\t<\/div>\n<\/div><\/div><\/div><\/div><\/div><div class=\"clearfix\"><\/div><\/section><section class=\"vc_rows wpb_row vc_row-fluid\" ><div class=\"container\"><div class=\"row\"><div class=\"wpb_column vc_column_container vc_col-sm-12\"><div class=\"vc_column-inner\"><div class=\"wpb_wrapper\"><div class=\"vc_empty_space\"   style=\"height: 80px\"><span class=\"vc_empty_space_inner\"><\/span><\/div><\/div><\/div><\/div><\/div><\/div><div class=\"clearfix\"><\/div><\/section>\n<\/div>","protected":false},"excerpt":{"rendered":"\u041d\u0430\u0439\u0442\u0438 \u0434\u0438\u0441\u0442\u0440\u0438\u0431\u044c\u044e\u0442\u043e\u0440\u0430 \u0432 \u0432\u0430\u0448\u0435\u043c \u0440\u0435\u0433\u0438\u043e\u043d\u0435 \u0414\u0418\u0421\u0422\u0420\u0418\u0411\u042c\u042e\u0422\u041e\u0420\u042b \u0420\u0430\u0437\u0440\u0430\u0431\u043e\u0442\u043a\u0430, \u043f\u0440\u043e\u0438\u0437\u0432\u043e\u0434\u0441\u0442\u0432\u043e \u0438 \u0441\u0431\u043e\u0440\u043a\u0430 \u0441\u0435\u043b\u044c\u0441\u043a\u043e\u0445\u043e\u0437\u044f\u0439\u0441\u0442\u0432\u0435\u043d\u043d\u043e\u0439 \u0442\u0435\u0445\u043d\u0438\u043a\u0438 ZUPTOR \u0440\u0430\u0431\u043e\u0442\u0430\u0435\u0442 \u043d\u0430 \u0440\u044b\u043d\u043a\u0435 \u0441 1989 \u0433\u043e\u0434\u0430. \u041c\u044b \u0441\u043f\u0435\u0446\u0438\u0430\u043b\u0438\u0437\u0438\u0440\u0443\u0435\u043c\u0441\u044f \u043d\u0430 \u043f\u0440\u043e\u0435\u043a\u0442\u0438\u0440\u043e\u0432\u0430\u043d\u0438\u0438, \u043f\u0440\u043e\u0438\u0437\u0432\u043e\u0434\u0441\u0442\u0432\u0435 \u0438 \u0441\u0431\u043e\u0440\u043a\u0435 \u0442\u0435\u0445\u043d\u0438\u043a\u0438, \u0438\u0441\u043f\u043e\u043b\u044c\u0437\u0443\u0435\u043c\u043e\u0439 \u043a\u0440\u0443\u043f\u043d\u044b\u043c\u0438 \u0438 \u043c\u0435\u043b\u043a\u0438\u043c\u0438 \u0444\u0435\u0440\u043c\u0435\u0440\u0441\u043a\u0438\u043c\u0438 \u0445\u043e\u0437\u044f\u0439\u0441\u0442\u0432\u0430\u043c\u0438 \u0438 \u0441\u0435\u043b\u044c\u0441\u043a\u043e\u0445\u043e\u0437\u044f\u0439\u0441\u0442\u0432\u0435\u043d\u043d\u044b\u043c\u0438 \u043f\u0440\u0435\u0434\u043f\u0440\u0438\u044f\u0442\u0438\u044f\u043c\u0438. \u041a\u043e\u0440\u043c\u043e\u0441\u043c\u0435\u0441\u0438\u0442\u0435\u043b\u044c\u043d\u044b\u0435 \u0443\u0441\u0442\u0430\u043d\u043e\u0432\u043a\u0438 \u0441 \u0441\u0438\u0441\u0442\u0435\u043c\u043e\u0439 \u043f\u043e\u043b\u043d\u043e\u0439 \u0430\u0432\u0442\u043e\u043c\u0430\u0442\u0438\u0437\u0430\u0446\u0438\u0438 \u0421\u043c\u0435\u0441\u0438\u0442\u0435\u043b\u0438 ZUPTOR \u0438\u0441\u043f\u043e\u043b\u044c\u0437\u0443\u044e\u0442\u0441\u044f \u0434\u043b\u044f \u043f\u0440\u0438\u0433\u043e\u0442\u043e\u0432\u043b\u0435\u043d\u0438\u044f \u043a\u043e\u0440\u043c\u043e\u0432\u044b\u0445 \u0441\u043c\u0435\u0441\u0435\u0439 \u0434\u043b\u044f \u0441\u0432\u0438\u043d\u0435\u0439, \u043a\u0440\u0443\u043f\u043d\u043e\u0433\u043e \u0440\u043e\u0433\u0430\u0442\u043e\u0433\u043e \u0441\u043a\u043e\u0442\u0430, [...]...","protected":false},"author":1,"featured_media":0,"parent":0,"menu_order":0,"comment_status":"closed","ping_status":"closed","template":"page-templates\/template-fullwidth.php","meta":{"footnotes":""},"class_list":["post-2427","page","type-page","status-publish","hentry"],"yoast_head":"<!-- This site is optimized with the Yoast SEO plugin v24.7 - https:\/\/yoast.com\/wordpress\/plugins\/seo\/ -->\n<title>Firma | Zuptor<\/title>\n<meta name=\"description\" content=\"Projektowanie i monta\u017c maszyn rolniczych. Innowacyjne linie technologiczne, mieszalnie pasz, pe\u0142na automatyka, serwis, cz\u0119\u015bci zamienne.\" \/>\n<meta name=\"robots\" content=\"index, follow, max-snippet:-1, max-image-preview:large, max-video-preview:-1\" \/>\n<link rel=\"canonical\" href=\"https:\/\/zuptor.pl\/ru\/firma\/\" \/>\n<meta property=\"og:locale\" content=\"ru_RU\" \/>\n<meta property=\"og:type\" content=\"article\" \/>\n<meta property=\"og:title\" content=\"Firma | Zuptor\" \/>\n<meta property=\"og:description\" content=\"Projektowanie i monta\u017c maszyn rolniczych. Innowacyjne linie technologiczne, mieszalnie pasz, pe\u0142na automatyka, serwis, cz\u0119\u015bci zamienne.\" \/>\n<meta property=\"og:url\" content=\"https:\/\/zuptor.pl\/ru\/firma\/\" \/>\n<meta property=\"og:site_name\" content=\"Zuptor\" \/>\n<meta property=\"article:modified_time\" content=\"2024-06-13T08:59:01+00:00\" \/>\n<meta property=\"og:image\" content=\"https:\/\/zuptor.pl\/wp-content\/uploads\/2024\/06\/petkus-logo.png\" \/>\n<meta name=\"twitter:card\" content=\"summary_large_image\" \/>\n<meta name=\"twitter:label1\" content=\"\u041f\u0440\u0438\u043c\u0435\u0440\u043d\u043e\u0435 \u0432\u0440\u0435\u043c\u044f \u0434\u043b\u044f \u0447\u0442\u0435\u043d\u0438\u044f\" \/>\n\t<meta name=\"twitter:data1\" content=\"3 \u043c\u0438\u043d\u0443\u0442\u044b\" \/>\n<script type=\"application\/ld+json\" class=\"yoast-schema-graph\">{\"@context\":\"https:\/\/schema.org\",\"@graph\":[{\"@type\":\"WebPage\",\"@id\":\"https:\/\/zuptor.pl\/firma\/\",\"url\":\"https:\/\/zuptor.pl\/firma\/\",\"name\":\"Firma | Zuptor\",\"isPartOf\":{\"@id\":\"https:\/\/zuptor.pl\/#website\"},\"primaryImageOfPage\":{\"@id\":\"https:\/\/zuptor.pl\/firma\/#primaryimage\"},\"image\":{\"@id\":\"https:\/\/zuptor.pl\/firma\/#primaryimage\"},\"thumbnailUrl\":\"https:\/\/zuptor.pl\/wp-content\/uploads\/2024\/06\/petkus-logo.png\",\"datePublished\":\"2024-06-11T12:22:10+00:00\",\"dateModified\":\"2024-06-13T08:59:01+00:00\",\"description\":\"Projektowanie i monta\u017c maszyn rolniczych. Innowacyjne linie technologiczne, mieszalnie pasz, pe\u0142na automatyka, serwis, cz\u0119\u015bci zamienne.\",\"breadcrumb\":{\"@id\":\"https:\/\/zuptor.pl\/firma\/#breadcrumb\"},\"inLanguage\":\"ru-RU\",\"potentialAction\":[{\"@type\":\"ReadAction\",\"target\":[\"https:\/\/zuptor.pl\/firma\/\"]}]},{\"@type\":\"ImageObject\",\"inLanguage\":\"ru-RU\",\"@id\":\"https:\/\/zuptor.pl\/firma\/#primaryimage\",\"url\":\"https:\/\/zuptor.pl\/wp-content\/uploads\/2024\/06\/petkus-logo.png\",\"contentUrl\":\"https:\/\/zuptor.pl\/wp-content\/uploads\/2024\/06\/petkus-logo.png\"},{\"@type\":\"BreadcrumbList\",\"@id\":\"https:\/\/zuptor.pl\/firma\/#breadcrumb\",\"itemListElement\":[{\"@type\":\"ListItem\",\"position\":1,\"name\":\"Strona g\u0142\u00f3wna\",\"item\":\"https:\/\/zuptor.pl\/\"},{\"@type\":\"ListItem\",\"position\":2,\"name\":\"Firma\"}]},{\"@type\":\"WebSite\",\"@id\":\"https:\/\/zuptor.pl\/#website\",\"url\":\"https:\/\/zuptor.pl\/\",\"name\":\"Zuptor\",\"description\":\"\",\"potentialAction\":[{\"@type\":\"SearchAction\",\"target\":{\"@type\":\"EntryPoint\",\"urlTemplate\":\"https:\/\/zuptor.pl\/?s={search_term_string}\"},\"query-input\":{\"@type\":\"PropertyValueSpecification\",\"valueRequired\":true,\"valueName\":\"search_term_string\"}}],\"inLanguage\":\"ru-RU\"}]}<\/script>\n<!-- \/ Yoast SEO plugin. -->","yoast_head_json":{"title":"Firma | Zuptor","description":"Projektowanie i monta\u017c maszyn rolniczych. Innowacyjne linie technologiczne, mieszalnie pasz, pe\u0142na automatyka, serwis, cz\u0119\u015bci zamienne.","robots":{"index":"index","follow":"follow","max-snippet":"max-snippet:-1","max-image-preview":"max-image-preview:large","max-video-preview":"max-video-preview:-1"},"canonical":"https:\/\/zuptor.pl\/ru\/firma\/","og_locale":"ru_RU","og_type":"article","og_title":"Firma | Zuptor","og_description":"Projektowanie i monta\u017c maszyn rolniczych. Innowacyjne linie technologiczne, mieszalnie pasz, pe\u0142na automatyka, serwis, cz\u0119\u015bci zamienne.","og_url":"https:\/\/zuptor.pl\/ru\/firma\/","og_site_name":"Zuptor","article_modified_time":"2024-06-13T08:59:01+00:00","og_image":[{"url":"https:\/\/zuptor.pl\/wp-content\/uploads\/2024\/06\/petkus-logo.png","type":"","width":"","height":""}],"twitter_card":"summary_large_image","twitter_misc":{"\u041f\u0440\u0438\u043c\u0435\u0440\u043d\u043e\u0435 \u0432\u0440\u0435\u043c\u044f \u0434\u043b\u044f \u0447\u0442\u0435\u043d\u0438\u044f":"3 \u043c\u0438\u043d\u0443\u0442\u044b"},"schema":{"@context":"https:\/\/schema.org","@graph":[{"@type":"WebPage","@id":"https:\/\/zuptor.pl\/firma\/","url":"https:\/\/zuptor.pl\/firma\/","name":"Firma | Zuptor","isPartOf":{"@id":"https:\/\/zuptor.pl\/#website"},"primaryImageOfPage":{"@id":"https:\/\/zuptor.pl\/firma\/#primaryimage"},"image":{"@id":"https:\/\/zuptor.pl\/firma\/#primaryimage"},"thumbnailUrl":"https:\/\/zuptor.pl\/wp-content\/uploads\/2024\/06\/petkus-logo.png","datePublished":"2024-06-11T12:22:10+00:00","dateModified":"2024-06-13T08:59:01+00:00","description":"Projektowanie i monta\u017c maszyn rolniczych. Innowacyjne linie technologiczne, mieszalnie pasz, pe\u0142na automatyka, serwis, cz\u0119\u015bci zamienne.","breadcrumb":{"@id":"https:\/\/zuptor.pl\/firma\/#breadcrumb"},"inLanguage":"ru-RU","potentialAction":[{"@type":"ReadAction","target":["https:\/\/zuptor.pl\/firma\/"]}]},{"@type":"ImageObject","inLanguage":"ru-RU","@id":"https:\/\/zuptor.pl\/firma\/#primaryimage","url":"https:\/\/zuptor.pl\/wp-content\/uploads\/2024\/06\/petkus-logo.png","contentUrl":"https:\/\/zuptor.pl\/wp-content\/uploads\/2024\/06\/petkus-logo.png"},{"@type":"BreadcrumbList","@id":"https:\/\/zuptor.pl\/firma\/#breadcrumb","itemListElement":[{"@type":"ListItem","position":1,"name":"Strona g\u0142\u00f3wna","item":"https:\/\/zuptor.pl\/"},{"@type":"ListItem","position":2,"name":"Firma"}]},{"@type":"WebSite","@id":"https:\/\/zuptor.pl\/#website","url":"https:\/\/zuptor.pl\/","name":"\u0417\u0443\u043f\u0442\u043e\u0440","description":"","potentialAction":[{"@type":"SearchAction","target":{"@type":"EntryPoint","urlTemplate":"https:\/\/zuptor.pl\/?s={search_term_string}"},"query-input":{"@type":"PropertyValueSpecification","valueRequired":true,"valueName":"search_term_string"}}],"inLanguage":"ru-RU"}]}},"_links":{"self":[{"href":"https:\/\/zuptor.pl\/ru\/wp-json\/wp\/v2\/pages\/2427","targetHints":{"allow":["GET"]}}],"collection":[{"href":"https:\/\/zuptor.pl\/ru\/wp-json\/wp\/v2\/pages"}],"about":[{"href":"https:\/\/zuptor.pl\/ru\/wp-json\/wp\/v2\/types\/page"}],"author":[{"embeddable":true,"href":"https:\/\/zuptor.pl\/ru\/wp-json\/wp\/v2\/users\/1"}],"replies":[{"embeddable":true,"href":"https:\/\/zuptor.pl\/ru\/wp-json\/wp\/v2\/comments?post=2427"}],"version-history":[{"count":11,"href":"https:\/\/zuptor.pl\/ru\/wp-json\/wp\/v2\/pages\/2427\/revisions"}],"predecessor-version":[{"id":2439,"href":"https:\/\/zuptor.pl\/ru\/wp-json\/wp\/v2\/pages\/2427\/revisions\/2439"}],"wp:attachment":[{"href":"https:\/\/zuptor.pl\/ru\/wp-json\/wp\/v2\/media?parent=2427"}],"curies":[{"name":"wp","href":"https:\/\/api.w.org\/{rel}","templated":true}]}}