{"id":2356,"date":"2024-06-11T11:03:33","date_gmt":"2024-06-11T09:03:33","guid":{"rendered":"http:\/\/zuptor.dlatestu.co.pl\/?page_id=2356"},"modified":"2024-06-13T12:42:35","modified_gmt":"2024-06-13T10:42:35","slug":"dystrybutorzy-ukraina","status":"publish","type":"page","link":"https:\/\/zuptor.pl\/ru\/dystrybutorzy-ukraina\/","title":{"rendered":"\u0414\u0438\u0441\u0442\u0440\u0438\u0431\u044c\u044e\u0442\u043e\u0440\u044b \u0423\u043a\u0440\u0430\u0438\u043d\u0430"},"content":{"rendered":"<div class=\"wpb-content-wrapper\"><section class=\"vc_rows wpb_row vc_row-fluid bg-color-blue vc_custom_1712822727044\" ><div class=\"container\"><div class=\"row\"><div class=\"wpb_column vc_column_container vc_col-sm-12\"><div class=\"vc_column-inner\"><div class=\"wpb_wrapper\">\n\t\t\t<div class=\"col-md-8\">\n\t        <div class=\"wprt-spacer\" data-desktop=\"8\" data-mobi=\"0\" data-smobi=\"0\"><\/div>\n\t        <h2 class=\"text-white text-center-mobile font-size-20 margin-bottom-0\">\u041d\u0430\u0439\u0434\u0438\u0442\u0435 \u0434\u0438\u0441\u0442\u0440\u0438\u0431\u044c\u044e\u0442\u043e\u0440\u0430 \u0432 \u0432\u0430\u0448\u0435\u043c \u0440\u0435\u0433\u0438\u043e\u043d\u0435<\/h2>\n\t        <div class=\"wprt-spacer\" data-desktop=\"0\" data-mobi=\"20\" data-smobi=\"20\"><\/div>\n\t    <\/div>\n\n\t    <div class=\"col-md-4\">\n\t        <div class=\"text-right text-center-mobile\">\n\t        \n\t        <a class=\"wprt-button white rounded-3px\" href=\"https:\/\/zuptor.pl\/ru\/dystrybutorzy\/\" target=\"_self\">\u0414\u0418\u0421\u0422\u0420\u0418\u0411\u042c\u042e\u0422\u041e\u0420\u042b<\/a>\t        <\/div>\n\t    <\/div>\n\t\n<\/div><\/div><\/div><\/div><\/div><div class=\"clearfix\"><\/div><\/section><section class=\"vc_rows wpb_row vc_row-fluid vc_custom_1712148861158\" ><div class=\"container\"><div class=\"row\"><div class=\"wpb_column vc_column_container vc_col-sm-3 vc_hidden-xs\"><div class=\"vc_column-inner\"><div class=\"wpb_wrapper\">\n    <h5 class=\"text-left\" >\u0414\u0418\u0421\u0422\u0420\u0418\u0411\u042c\u042e\u0422\u041e\u0420\u042b ZUPTOR<\/h5>\n    \t    <div class=\"wprt-lines style-1 custom-3\">\n\t        <div class=\"line-1\"><\/div>\n\t    <\/div>\n    \n    \t    <div class=\"wprt-spacer\" data-desktop=\"36\" data-mobi=\"30\" data-smobi=\"30\"><\/div>\n\t    <div class=\"wprt-subtitle left\">\u0421\u0422\u0420\u0410\u041d\u0410<\/div>\n\t    \t\n<div class=\"vc_empty_space\"   style=\"height: 25px\"><span class=\"vc_empty_space_inner\"><\/span><\/div><div class=\"vc_btn3-container  menu vc_btn3-left vc_custom_1718092504813\" ><a class=\"vc_general vc_btn3 vc_btn3-size-sm vc_btn3-shape-square vc_btn3-style-flat vc_btn3-block vc_btn3-color-default\" href=\"https:\/\/zuptor.pl\/ru\/dystrybutorzy\/\" title=\"\u0421\u0438\u043b\u043e\u0441\u044b \u0434\u043b\u044f \u0437\u0435\u0440\u043d\u0430\">\u041f\u041e\u041b\u042c\u0428\u0410<\/a><\/div><div class=\"vc_btn3-container  menu vc_btn3-left vc_custom_1718096759314\" ><a class=\"vc_general vc_btn3 vc_btn3-size-sm vc_btn3-shape-square vc_btn3-style-flat vc_btn3-block vc_btn3-color-default\" href=\"https:\/\/zuptor.pl\/ru\/dystrybutorzy-bialorus\/\" title=\"\u0421\u0438\u043b\u043e\u0441\u044b \u0434\u043b\u044f \u0437\u0435\u0440\u043d\u0430\">\u0411\u0415\u041b\u0410\u0420\u0423\u0421\u042c<\/a><\/div><div class=\"vc_btn3-container  menu vc_btn3-left vc_custom_1718096836962\" ><a class=\"vc_general vc_btn3 vc_btn3-size-sm vc_btn3-shape-square vc_btn3-style-flat vc_btn3-block vc_btn3-color-default\" href=\"https:\/\/zuptor.pl\/ru\/dystrybutorzy-czechy\/\" title=\"\u0421\u0438\u043b\u043e\u0441\u044b \u0434\u043b\u044f \u0437\u0435\u0440\u043d\u0430\">\u0427\u0415\u0425\u0421\u041a\u0410\u042f \u0420\u0415\u0421\u041f\u0423\u0411\u041b\u0418\u041a\u0410<\/a><\/div><div class=\"vc_btn3-container  menu vc_btn3-left vc_custom_1718096849948\" ><a class=\"vc_general vc_btn3 vc_btn3-size-sm vc_btn3-shape-square vc_btn3-style-flat vc_btn3-block vc_btn3-color-default\" href=\"https:\/\/zuptor.pl\/ru\/dystrybutorzy-kazachstan\/\" title=\"\u0421\u0438\u043b\u043e\u0441\u044b \u0434\u043b\u044f \u0437\u0435\u0440\u043d\u0430\">\u041a\u0410\u0417\u0410\u0425\u0421\u0422\u0410\u041d<\/a><\/div><div class=\"vc_btn3-container  menu vc_btn3-left vc_custom_1718096859413\" ><a class=\"vc_general vc_btn3 vc_btn3-size-sm vc_btn3-shape-square vc_btn3-style-flat vc_btn3-block vc_btn3-color-default\" href=\"https:\/\/zuptor.pl\/ru\/dystrybutorzy-litwa\/\" title=\"\u0421\u0438\u043b\u043e\u0441\u044b \u0434\u043b\u044f \u0437\u0435\u0440\u043d\u0430\">\u041b\u0418\u0422\u0412\u0410<\/a><\/div><div class=\"vc_btn3-container  menu vc_btn3-left vc_custom_1718096867804\" ><a class=\"vc_general vc_btn3 vc_btn3-size-sm vc_btn3-shape-square vc_btn3-style-flat vc_btn3-block vc_btn3-color-default\" href=\"https:\/\/zuptor.pl\/ru\/dystrybutorzy-lotwa\/\" title=\"\u0421\u0438\u043b\u043e\u0441\u044b \u0434\u043b\u044f \u0437\u0435\u0440\u043d\u0430\">\u041b\u0410\u0422\u0412\u0418\u042f<\/a><\/div><div class=\"vc_btn3-container  menu vc_btn3-left vc_custom_1718096877730\" ><a class=\"vc_general vc_btn3 vc_btn3-size-sm vc_btn3-shape-square vc_btn3-style-flat vc_btn3-block vc_btn3-color-default\" href=\"https:\/\/zuptor.pl\/ru\/dystrybutorzy-rosja\/\" title=\"\u0421\u0438\u043b\u043e\u0441\u044b \u0434\u043b\u044f \u0437\u0435\u0440\u043d\u0430\">\u0420\u041e\u0421\u0421\u0418\u042f<\/a><\/div><div class=\"vc_btn3-container  menu vc_btn3-left vc_custom_1718096888631\" ><a class=\"vc_general vc_btn3 vc_btn3-size-sm vc_btn3-shape-square vc_btn3-style-flat vc_btn3-block vc_btn3-color-default\" href=\"https:\/\/zuptor.pl\/ru\/dystrybutorzy-rumunia\/\" title=\"\u0421\u0438\u043b\u043e\u0441\u044b \u0434\u043b\u044f \u0437\u0435\u0440\u043d\u0430\">\u0420\u0423\u041c\u042b\u041d\u0418\u042f<\/a><\/div><div class=\"vc_btn3-container  menu vc_btn3-left vc_custom_1718096896864\" ><a class=\"vc_general vc_btn3 vc_btn3-size-sm vc_btn3-shape-square vc_btn3-style-flat vc_btn3-block vc_btn3-color-default\" href=\"https:\/\/zuptor.pl\/ru\/dystrybutorzy-slowacja\/\" title=\"\u0421\u0438\u043b\u043e\u0441\u044b \u0434\u043b\u044f \u0437\u0435\u0440\u043d\u0430\">\u0421\u041b\u041e\u0412\u0410\u041a\u0418\u042f<\/a><\/div><div class=\"vc_btn3-container  menu vc_btn3-left vc_custom_1718096906663\" ><a class=\"vc_general vc_btn3 vc_btn3-size-sm vc_btn3-shape-square vc_btn3-style-flat vc_btn3-block vc_btn3-color-default\" href=\"https:\/\/zuptor.pl\/ru\/dystrybutorzy-ukraina\/\" title=\"\u0421\u0438\u043b\u043e\u0441\u044b \u0434\u043b\u044f \u0437\u0435\u0440\u043d\u0430\">\u0423\u041a\u0420\u0410\u0418\u041d\u0410<\/a><\/div><div class=\"vc_btn3-container  menu vc_btn3-left vc_custom_1718096915341\" ><a class=\"vc_general vc_btn3 vc_btn3-size-sm vc_btn3-shape-square vc_btn3-style-flat vc_btn3-block vc_btn3-color-default\" href=\"https:\/\/zuptor.pl\/ru\/dystrybutorzy-wegry\/\" title=\"\u0421\u0438\u043b\u043e\u0441\u044b \u0434\u043b\u044f \u0437\u0435\u0440\u043d\u0430\">\u0412\u0415\u041d\u0413\u0420\u0418\u042f<\/a><\/div><\/div><\/div><\/div><div class=\"wpb_column vc_column_container vc_col-sm-9\"><div class=\"vc_column-inner vc_custom_1712148788315\"><div class=\"wpb_wrapper\">\n    <h1 class=\"text-left\" >ZUPTOR DISTRIBUTORS - \u0423\u041a\u0420\u0410\u0418\u041d\u0410<\/h1>\n    \t    <div class=\"wprt-lines style-1 custom-3\">\n\t        <div class=\"line-1\"><\/div>\n\t    <\/div>\n    \n        \t\n<div class=\"vc_empty_space\"   style=\"height: 25px\"><span class=\"vc_empty_space_inner\"><\/span><\/div>\n\t<div class=\"wpb_text_column wpb_content_element\" >\n\t\t<div class=\"wpb_wrapper\">\n\t\t\t<p><strong>\u0410\u041e \u0423\u0421\u041f\u0415\u0425 - \u0412\u041e\u0421\u0422\u041e\u0427\u041d\u0410\u042f \u0423\u041a\u0420\u0410\u0418\u041d\u0410\u042f<\/strong><br \/>\n\u0443\u043b. \u0412\u043e\u0439\u043a\u043e\u0432\u0430, 1\u0430, \u0433. \u0425\u0430\u0440\u044c\u043a\u043e\u0432, 61036, \u0423\u043a\u0440\u0430\u0438\u043d\u0430<br \/>\n\u0442\u0435\u043b. +38 (057) 784 43 37<br \/>\n\u0442\u0435\u043b. +38 (057) 737 25 11<br \/>\ne-mail: <a href=\"mailto:firma@uspeh-eu.com.ua\">firma@uspeh-eu.com.ua<\/a><\/p>\n\n\t\t<\/div>\n\t<\/div>\n<\/div><\/div><\/div><\/div><\/div><div class=\"clearfix\"><\/div><\/section><section class=\"vc_rows wpb_row vc_row-fluid\" ><div class=\"container\"><div class=\"row\"><div class=\"wpb_column vc_column_container vc_col-sm-12 vc_hidden-lg vc_hidden-md vc_hidden-sm\"><div class=\"vc_column-inner\"><div class=\"wpb_wrapper\">\n    <h5 class=\"text-left\" >\u0421\u0422\u0420\u0410\u041d\u0410<\/h5>\n    \t    <div class=\"wprt-lines style-1 custom-3\">\n\t        <div class=\"line-1\"><\/div>\n\t    <\/div>\n    \n        \t\n<div class=\"vc_empty_space\"   style=\"height: 25px\"><span class=\"vc_empty_space_inner\"><\/span><\/div><div class=\"vc_btn3-container  menu vc_btn3-left vc_custom_1718092520262\" ><a class=\"vc_general vc_btn3 vc_btn3-size-sm vc_btn3-shape-square vc_btn3-style-flat vc_btn3-block vc_btn3-color-default\" href=\"https:\/\/zuptor.pl\/ru\/dystrybutorzy\/\" title=\"\u0421\u0438\u043b\u043e\u0441\u044b \u0434\u043b\u044f \u0437\u0435\u0440\u043d\u0430\">\u041f\u041e\u041b\u042c\u0428\u0410<\/a><\/div><div class=\"vc_btn3-container  menu vc_btn3-left vc_custom_1718096780947\" ><a class=\"vc_general vc_btn3 vc_btn3-size-sm vc_btn3-shape-square vc_btn3-style-flat vc_btn3-block vc_btn3-color-default\" href=\"https:\/\/zuptor.pl\/ru\/dystrybutorzy-bialorus\/\" title=\"\u0421\u0438\u043b\u043e\u0441\u044b \u0434\u043b\u044f \u0437\u0435\u0440\u043d\u0430\">\u0411\u0415\u041b\u0410\u0420\u0423\u0421\u042c<\/a><\/div><div class=\"vc_btn3-container  menu vc_btn3-left vc_custom_1718096932249\" ><a class=\"vc_general vc_btn3 vc_btn3-size-sm vc_btn3-shape-square vc_btn3-style-flat vc_btn3-block vc_btn3-color-default\" href=\"https:\/\/zuptor.pl\/ru\/dystrybutorzy-czechy\/\" title=\"\u0421\u0438\u043b\u043e\u0441\u044b \u0434\u043b\u044f \u0437\u0435\u0440\u043d\u0430\">\u0427\u0415\u0425\u0421\u041a\u0410\u042f \u0420\u0415\u0421\u041f\u0423\u0411\u041b\u0418\u041a\u0410<\/a><\/div><div class=\"vc_btn3-container  menu vc_btn3-left vc_custom_1718096941765\" ><a class=\"vc_general vc_btn3 vc_btn3-size-sm vc_btn3-shape-square vc_btn3-style-flat vc_btn3-block vc_btn3-color-default\" href=\"https:\/\/zuptor.pl\/ru\/dystrybutorzy-kazachstan\/\" title=\"\u0421\u0438\u043b\u043e\u0441\u044b \u0434\u043b\u044f \u0437\u0435\u0440\u043d\u0430\">\u041a\u0410\u0417\u0410\u0425\u0421\u0422\u0410\u041d<\/a><\/div><div class=\"vc_btn3-container  menu vc_btn3-left vc_custom_1718096954795\" ><a class=\"vc_general vc_btn3 vc_btn3-size-sm vc_btn3-shape-square vc_btn3-style-flat vc_btn3-block vc_btn3-color-default\" href=\"https:\/\/zuptor.pl\/ru\/dystrybutorzy-litwa\/\" title=\"\u0421\u0438\u043b\u043e\u0441\u044b \u0434\u043b\u044f \u0437\u0435\u0440\u043d\u0430\">\u041b\u0418\u0422\u0412\u0410<\/a><\/div><div class=\"vc_btn3-container  menu vc_btn3-left vc_custom_1718096963301\" ><a class=\"vc_general vc_btn3 vc_btn3-size-sm vc_btn3-shape-square vc_btn3-style-flat vc_btn3-block vc_btn3-color-default\" href=\"https:\/\/zuptor.pl\/ru\/dystrybutorzy-lotwa\/\" title=\"\u0421\u0438\u043b\u043e\u0441\u044b \u0434\u043b\u044f \u0437\u0435\u0440\u043d\u0430\">\u041b\u0410\u0422\u0412\u0418\u042f<\/a><\/div><div class=\"vc_btn3-container  menu vc_btn3-left vc_custom_1718096973303\" ><a class=\"vc_general vc_btn3 vc_btn3-size-sm vc_btn3-shape-square vc_btn3-style-flat vc_btn3-block vc_btn3-color-default\" href=\"https:\/\/zuptor.pl\/ru\/dystrybutorzy-rosja\/\" title=\"\u0421\u0438\u043b\u043e\u0441\u044b \u0434\u043b\u044f \u0437\u0435\u0440\u043d\u0430\">\u0420\u041e\u0421\u0421\u0418\u042f<\/a><\/div><div class=\"vc_btn3-container  menu vc_btn3-left vc_custom_1718096982565\" ><a class=\"vc_general vc_btn3 vc_btn3-size-sm vc_btn3-shape-square vc_btn3-style-flat vc_btn3-block vc_btn3-color-default\" href=\"https:\/\/zuptor.pl\/ru\/dystrybutorzy-rumunia\/\" title=\"\u0421\u0438\u043b\u043e\u0441\u044b \u0434\u043b\u044f \u0437\u0435\u0440\u043d\u0430\">\u0420\u0423\u041c\u042b\u041d\u0418\u042f<\/a><\/div><div class=\"vc_btn3-container  menu vc_btn3-left vc_custom_1718096994465\" ><a class=\"vc_general vc_btn3 vc_btn3-size-sm vc_btn3-shape-square vc_btn3-style-flat vc_btn3-block vc_btn3-color-default\" href=\"https:\/\/zuptor.pl\/ru\/dystrybutorzy-slowacja\/\" title=\"\u0421\u0438\u043b\u043e\u0441\u044b \u0434\u043b\u044f \u0437\u0435\u0440\u043d\u0430\">\u0421\u041b\u041e\u0412\u0410\u041a\u0418\u042f<\/a><\/div><div class=\"vc_btn3-container  menu vc_btn3-left vc_custom_1718097003172\" ><a class=\"vc_general vc_btn3 vc_btn3-size-sm vc_btn3-shape-square vc_btn3-style-flat vc_btn3-block vc_btn3-color-default\" href=\"https:\/\/zuptor.pl\/ru\/dystrybutorzy-ukraina\/\" title=\"\u0421\u0438\u043b\u043e\u0441\u044b \u0434\u043b\u044f \u0437\u0435\u0440\u043d\u0430\">\u0423\u041a\u0420\u0410\u0418\u041d\u0410<\/a><\/div><div class=\"vc_btn3-container  menu vc_btn3-left vc_custom_1718097016098\" ><a class=\"vc_general vc_btn3 vc_btn3-size-sm vc_btn3-shape-square vc_btn3-style-flat vc_btn3-block vc_btn3-color-default\" href=\"https:\/\/zuptor.pl\/ru\/dystrybutorzy-wegry\/\" title=\"\u0421\u0438\u043b\u043e\u0441\u044b \u0434\u043b\u044f \u0437\u0435\u0440\u043d\u0430\">\u0412\u0415\u041d\u0413\u0420\u0418\u042f<\/a><\/div><\/div><\/div><\/div><\/div><\/div><div class=\"clearfix\"><\/div><\/section><section class=\"vc_rows wpb_row vc_row-fluid\" ><div class=\"container\"><div class=\"row\"><div class=\"wpb_column vc_column_container vc_col-sm-12\"><div class=\"vc_column-inner\"><div class=\"wpb_wrapper\"><div class=\"vc_empty_space\"   style=\"height: 70px\"><span class=\"vc_empty_space_inner\"><\/span><\/div><\/div><\/div><\/div><\/div><\/div><div class=\"clearfix\"><\/div><\/section>\n<\/div>","protected":false},"excerpt":{"rendered":"Znajd\u017a dystrybutora w najbli\u017cszej okolicy DYSTRYBUTORZY DYSTRYBUTORZY ZUPTOR KRAJ POLSKABIA\u0141ORU\u015aCZECHYKAZACHSTANLITWA\u0141OTWAROSJARUMUNIAS\u0141OWACJAUKRAINAW\u0118GRY DYSTRYBUTORZY ZUPTOR - UKRAINA \u0410\u041e \u0423\u0421\u041f\u0415\u0425 \u2013 \u0412\u041e\u0421\u0422\u041e\u0427\u041d\u0410\u042f \u0423\u041a\u0420\u0410\u0418\u041d\u0410 \u0443\u043b. \u0412\u043e\u0439\u043a\u043e\u0432\u0430, 1\u0430, \u0433. \u0425\u0430\u0440\u044c\u043a\u043e\u0432, 61036, \u0423\u043a\u0440\u0430\u0438\u043d\u0430 tel. +38 (057) 784 43 37 tel. +38 (057) 737 25 11 e-mail: firma@uspeh-eu.com.ua KRAJ POLSKABIA\u0141ORU\u015aCZECHYKAZACHSTANLITWA\u0141OTWAROSJARUMUNIAS\u0141OWACJAUKRAINAW\u0118GRY","protected":false},"author":1,"featured_media":0,"parent":0,"menu_order":0,"comment_status":"closed","ping_status":"closed","template":"page-templates\/template-fullwidth.php","meta":{"footnotes":""},"class_list":["post-2356","page","type-page","status-publish","hentry"],"yoast_head":"<!-- This site is optimized with the Yoast SEO plugin v24.7 - https:\/\/yoast.com\/wordpress\/plugins\/seo\/ -->\n<title>Dystrybutorzy Ukraina | Zuptor<\/title>\n<meta name=\"description\" content=\"Dystrybutorzy firmy ZUPTOR na Ukrainie.\" \/>\n<meta name=\"robots\" content=\"index, follow, max-snippet:-1, max-image-preview:large, max-video-preview:-1\" \/>\n<link rel=\"canonical\" href=\"https:\/\/zuptor.pl\/ru\/dystrybutorzy-ukraina\/\" \/>\n<meta property=\"og:locale\" content=\"ru_RU\" \/>\n<meta property=\"og:type\" content=\"article\" \/>\n<meta property=\"og:title\" content=\"Dystrybutorzy Ukraina | Zuptor\" \/>\n<meta property=\"og:description\" content=\"Dystrybutorzy firmy ZUPTOR na Ukrainie.\" \/>\n<meta property=\"og:url\" content=\"https:\/\/zuptor.pl\/ru\/dystrybutorzy-ukraina\/\" \/>\n<meta property=\"og:site_name\" content=\"Zuptor\" \/>\n<meta property=\"article:modified_time\" content=\"2024-06-13T10:42:35+00:00\" \/>\n<meta name=\"twitter:card\" content=\"summary_large_image\" \/>\n<meta name=\"twitter:label1\" content=\"\u041f\u0440\u0438\u043c\u0435\u0440\u043d\u043e\u0435 \u0432\u0440\u0435\u043c\u044f \u0434\u043b\u044f \u0447\u0442\u0435\u043d\u0438\u044f\" \/>\n\t<meta name=\"twitter:data1\" content=\"3 \u043c\u0438\u043d\u0443\u0442\u044b\" \/>\n<script type=\"application\/ld+json\" class=\"yoast-schema-graph\">{\"@context\":\"https:\/\/schema.org\",\"@graph\":[{\"@type\":\"WebPage\",\"@id\":\"https:\/\/zuptor.pl\/dystrybutorzy-ukraina\/\",\"url\":\"https:\/\/zuptor.pl\/dystrybutorzy-ukraina\/\",\"name\":\"Dystrybutorzy Ukraina | Zuptor\",\"isPartOf\":{\"@id\":\"https:\/\/zuptor.pl\/#website\"},\"datePublished\":\"2024-06-11T09:03:33+00:00\",\"dateModified\":\"2024-06-13T10:42:35+00:00\",\"description\":\"Dystrybutorzy firmy ZUPTOR na Ukrainie.\",\"breadcrumb\":{\"@id\":\"https:\/\/zuptor.pl\/dystrybutorzy-ukraina\/#breadcrumb\"},\"inLanguage\":\"ru-RU\",\"potentialAction\":[{\"@type\":\"ReadAction\",\"target\":[\"https:\/\/zuptor.pl\/dystrybutorzy-ukraina\/\"]}]},{\"@type\":\"BreadcrumbList\",\"@id\":\"https:\/\/zuptor.pl\/dystrybutorzy-ukraina\/#breadcrumb\",\"itemListElement\":[{\"@type\":\"ListItem\",\"position\":1,\"name\":\"Strona g\u0142\u00f3wna\",\"item\":\"https:\/\/zuptor.pl\/\"},{\"@type\":\"ListItem\",\"position\":2,\"name\":\"Dystrybutorzy Ukraina\"}]},{\"@type\":\"WebSite\",\"@id\":\"https:\/\/zuptor.pl\/#website\",\"url\":\"https:\/\/zuptor.pl\/\",\"name\":\"Zuptor\",\"description\":\"\",\"potentialAction\":[{\"@type\":\"SearchAction\",\"target\":{\"@type\":\"EntryPoint\",\"urlTemplate\":\"https:\/\/zuptor.pl\/?s={search_term_string}\"},\"query-input\":{\"@type\":\"PropertyValueSpecification\",\"valueRequired\":true,\"valueName\":\"search_term_string\"}}],\"inLanguage\":\"ru-RU\"}]}<\/script>\n<!-- \/ Yoast SEO plugin. -->","yoast_head_json":{"title":"Dystrybutorzy Ukraina | Zuptor","description":"Dystrybutorzy firmy ZUPTOR na Ukrainie.","robots":{"index":"index","follow":"follow","max-snippet":"max-snippet:-1","max-image-preview":"max-image-preview:large","max-video-preview":"max-video-preview:-1"},"canonical":"https:\/\/zuptor.pl\/ru\/dystrybutorzy-ukraina\/","og_locale":"ru_RU","og_type":"article","og_title":"Dystrybutorzy Ukraina | Zuptor","og_description":"Dystrybutorzy firmy ZUPTOR na Ukrainie.","og_url":"https:\/\/zuptor.pl\/ru\/dystrybutorzy-ukraina\/","og_site_name":"Zuptor","article_modified_time":"2024-06-13T10:42:35+00:00","twitter_card":"summary_large_image","twitter_misc":{"\u041f\u0440\u0438\u043c\u0435\u0440\u043d\u043e\u0435 \u0432\u0440\u0435\u043c\u044f \u0434\u043b\u044f \u0447\u0442\u0435\u043d\u0438\u044f":"3 \u043c\u0438\u043d\u0443\u0442\u044b"},"schema":{"@context":"https:\/\/schema.org","@graph":[{"@type":"WebPage","@id":"https:\/\/zuptor.pl\/dystrybutorzy-ukraina\/","url":"https:\/\/zuptor.pl\/dystrybutorzy-ukraina\/","name":"Dystrybutorzy Ukraina | Zuptor","isPartOf":{"@id":"https:\/\/zuptor.pl\/#website"},"datePublished":"2024-06-11T09:03:33+00:00","dateModified":"2024-06-13T10:42:35+00:00","description":"Dystrybutorzy firmy ZUPTOR na Ukrainie.","breadcrumb":{"@id":"https:\/\/zuptor.pl\/dystrybutorzy-ukraina\/#breadcrumb"},"inLanguage":"ru-RU","potentialAction":[{"@type":"ReadAction","target":["https:\/\/zuptor.pl\/dystrybutorzy-ukraina\/"]}]},{"@type":"BreadcrumbList","@id":"https:\/\/zuptor.pl\/dystrybutorzy-ukraina\/#breadcrumb","itemListElement":[{"@type":"ListItem","position":1,"name":"Strona g\u0142\u00f3wna","item":"https:\/\/zuptor.pl\/"},{"@type":"ListItem","position":2,"name":"Dystrybutorzy Ukraina"}]},{"@type":"WebSite","@id":"https:\/\/zuptor.pl\/#website","url":"https:\/\/zuptor.pl\/","name":"\u0417\u0443\u043f\u0442\u043e\u0440","description":"","potentialAction":[{"@type":"SearchAction","target":{"@type":"EntryPoint","urlTemplate":"https:\/\/zuptor.pl\/?s={search_term_string}"},"query-input":{"@type":"PropertyValueSpecification","valueRequired":true,"valueName":"search_term_string"}}],"inLanguage":"ru-RU"}]}},"_links":{"self":[{"href":"https:\/\/zuptor.pl\/ru\/wp-json\/wp\/v2\/pages\/2356","targetHints":{"allow":["GET"]}}],"collection":[{"href":"https:\/\/zuptor.pl\/ru\/wp-json\/wp\/v2\/pages"}],"about":[{"href":"https:\/\/zuptor.pl\/ru\/wp-json\/wp\/v2\/types\/page"}],"author":[{"embeddable":true,"href":"https:\/\/zuptor.pl\/ru\/wp-json\/wp\/v2\/users\/1"}],"replies":[{"embeddable":true,"href":"https:\/\/zuptor.pl\/ru\/wp-json\/wp\/v2\/comments?post=2356"}],"version-history":[{"count":4,"href":"https:\/\/zuptor.pl\/ru\/wp-json\/wp\/v2\/pages\/2356\/revisions"}],"predecessor-version":[{"id":2401,"href":"https:\/\/zuptor.pl\/ru\/wp-json\/wp\/v2\/pages\/2356\/revisions\/2401"}],"wp:attachment":[{"href":"https:\/\/zuptor.pl\/ru\/wp-json\/wp\/v2\/media?parent=2356"}],"curies":[{"name":"wp","href":"https:\/\/api.w.org\/{rel}","templated":true}]}}