{"id":1734,"date":"2024-04-24T15:04:21","date_gmt":"2024-04-24T13:04:21","guid":{"rendered":"http:\/\/zuptor.dlatestu.co.pl\/?page_id=1734"},"modified":"2024-12-04T13:29:27","modified_gmt":"2024-12-04T12:29:27","slug":"serwis-i-czesci-zamienne","status":"publish","type":"page","link":"https:\/\/zuptor.pl\/ru\/serwis-i-czesci-zamienne\/","title":{"rendered":"\u0421\u0435\u0440\u0432\u0438\u0441\u043d\u043e\u0435 \u043e\u0431\u0441\u043b\u0443\u0436\u0438\u0432\u0430\u043d\u0438\u0435 \u0438 \u0437\u0430\u043f\u0430\u0441\u043d\u044b\u0435 \u0447\u0430\u0441\u0442\u0438"},"content":{"rendered":"<div class=\"wpb-content-wrapper\"><section class=\"vc_rows wpb_row vc_row-fluid bg-color-blue vc_custom_1712822687460\" ><div class=\"container\"><div class=\"row\"><div class=\"wpb_column vc_column_container vc_col-sm-12\"><div class=\"vc_column-inner\"><div class=\"wpb_wrapper\">\n\t\t\t<div class=\"col-md-8\">\n\t        <div class=\"wprt-spacer\" data-desktop=\"8\" data-mobi=\"0\" data-smobi=\"0\"><\/div>\n\t        <h2 class=\"text-white text-center-mobile font-size-20 margin-bottom-0\">\u041d\u0430\u0439\u0434\u0438\u0442\u0435 \u0434\u0438\u0441\u0442\u0440\u0438\u0431\u044c\u044e\u0442\u043e\u0440\u0430 \u0432 \u0432\u0430\u0448\u0435\u043c \u0440\u0435\u0433\u0438\u043e\u043d\u0435<\/h2>\n\t        <div class=\"wprt-spacer\" data-desktop=\"0\" data-mobi=\"20\" data-smobi=\"20\"><\/div>\n\t    <\/div>\n\n\t    <div class=\"col-md-4\">\n\t        <div class=\"text-right text-center-mobile\">\n\t        \n\t        <a class=\"wprt-button white rounded-3px\" href=\"https:\/\/zuptor.pl\/ru\/dystrybutorzy\/\" target=\"_self\">\u0414\u0418\u0421\u0422\u0420\u0418\u0411\u042c\u042e\u0422\u041e\u0420\u042b<\/a>\t        <\/div>\n\t    <\/div>\n\t\n<\/div><\/div><\/div><\/div><\/div><div class=\"clearfix\"><\/div><\/section><section class=\"vc_rows wpb_row vc_row-fluid vc_custom_1713946270903\" ><div class=\"container\"><div class=\"row\"><div class=\"wpb_column vc_column_container vc_col-sm-12\"><div class=\"vc_column-inner\"><div class=\"wpb_wrapper\">\n    <h3 class=\"text-left\" >\u0421\u0435\u0440\u0432\u0438\u0441\u043d\u043e\u0435 \u043e\u0431\u0441\u043b\u0443\u0436\u0438\u0432\u0430\u043d\u0438\u0435 \u0438 \u0437\u0430\u043f\u0430\u0441\u043d\u044b\u0435 \u0447\u0430\u0441\u0442\u0438<\/h3>\n    \n        \t\n\n\t<div class=\"wpb_text_column wpb_content_element\" >\n\t\t<div class=\"wpb_wrapper\">\n\t\t\t<p>Do wszystkich zakupionych u nas urz\u0105dze\u0144 oferujemy wsparcie techniczne podczas monta\u017cu, rozruchu oraz obs\u0142ugi gwarancyjnej i pogwarancyjnej. Prowadzimy tak\u017ce sprzeda\u017c stacjonarn\u0105 i wysy\u0142kow\u0105 cz\u0119\u015bci zamiennych dla wszystkich maszyn i urz\u0105dze\u0144 Zuptor oraz firmy Petkus. Wykonujemy r\u00f3wnie\u017c modernizacje i kapitalne remonty obiekt\u00f3w istniej\u0105cych. Opr\u00f3cz tego wszystkim naszym klientom zapewniamy wsparcie techniczne i doradztwo nie tylko przed zakupem, ale r\u00f3wnie\u017c podczas u\u017cytkowania zakupionego sprz\u0119tu.<\/p>\n\n\t\t<\/div>\n\t<\/div>\n<\/div><\/div><\/div><\/div><\/div><div class=\"clearfix\"><\/div><\/section><section class=\"vc_rows wpb_row vc_row-fluid\" ><div class=\"container\"><div class=\"row\"><div class=\"wpb_column vc_column_container vc_col-sm-12\"><div class=\"vc_column-inner\"><div class=\"wpb_wrapper\">\n\t<div  class=\"wpb_single_image wpb_content_element vc_align_left\">\n\t\t\n\t\t<figure class=\"wpb_wrapper vc_figure\">\n\t\t\t<div class=\"vc_single_image-wrapper   vc_box_border_grey\"><img loading=\"lazy\" decoding=\"async\" width=\"1536\" height=\"307\" src=\"https:\/\/zuptor.pl\/wp-content\/uploads\/2024\/04\/serwis-czesci-zamienne.png\" class=\"vc_single_image-img attachment-full\" alt=\"serwis i cz\u0119\u015bci zamienne ZUPTOR\" title=\"\u0437\u0430\u043f\u0430\u0441\u043d\u044b\u0435 \u0447\u0430\u0441\u0442\u0438\" srcset=\"https:\/\/zuptor.pl\/wp-content\/uploads\/2024\/04\/serwis-czesci-zamienne.png 1536w, https:\/\/zuptor.pl\/wp-content\/uploads\/2024\/04\/serwis-czesci-zamienne-300x60.png 300w, https:\/\/zuptor.pl\/wp-content\/uploads\/2024\/04\/serwis-czesci-zamienne-1024x205.png 1024w, https:\/\/zuptor.pl\/wp-content\/uploads\/2024\/04\/serwis-czesci-zamienne-768x154.png 768w\" sizes=\"auto, (max-width: 1536px) 100vw, 1536px\" \/><\/div>\n\t\t<\/figure>\n\t<\/div>\n<\/div><\/div><\/div><\/div><\/div><div class=\"clearfix\"><\/div><\/section><section class=\"vc_rows wpb_row vc_row-fluid vc_custom_1717764182729\" ><div class=\"container\"><div class=\"row\"><div class=\"wpb_column vc_column_container vc_col-sm-4 vc_col-has-fill\"><div class=\"vc_column-inner vc_custom_1717764210517\"><div class=\"wpb_wrapper\">\n\t<div class=\"wpb_text_column wpb_content_element\" >\n\t\t<div class=\"wpb_wrapper\">\n\t\t\t<p class=\"title font-size-18\"><strong>\u0417\u0430\u043f\u0430\u0441\u043d\u044b\u0435 \u0447\u0430\u0441\u0442\u0438 \u0434\u043b\u044f \u043a\u043e\u043c\u0431\u0438\u043a\u043e\u0440\u043c\u043e\u0432\u044b\u0445 \u0437\u0430\u0432\u043e\u0434\u043e\u0432<\/strong><\/p>\n<p>\u0442\u0435\u043b. 65 572 50 90<br \/>\n\u0442\u0435\u043b. 728 579 811<br \/>\n\u042d\u043b\u0435\u043a\u0442\u0440\u043e\u043d\u043d\u0430\u044f \u043f\u043e\u0447\u0442\u0430: <a href=\"mailto:biuro@zuptor.pl\">biuro@zuptor.pl<\/a><\/p>\n\n\t\t<\/div>\n\t<\/div>\n<\/div><\/div><\/div><div class=\"wpb_column vc_column_container vc_col-sm-4 vc_col-has-fill\"><div class=\"vc_column-inner vc_custom_1717764199449\"><div class=\"wpb_wrapper\">\n\t<div class=\"wpb_text_column wpb_content_element\" >\n\t\t<div class=\"wpb_wrapper\">\n\t\t\t<p class=\"title font-size-18\"><strong>\u041e\u0431\u0441\u043b\u0443\u0436\u0438\u0432\u0430\u043d\u0438\u0435 \u043a\u043e\u043c\u0431\u0438\u043a\u043e\u0440\u043c\u043e\u0432\u043e\u0433\u043e \u0437\u0430\u0432\u043e\u0434\u0430<\/strong><\/p>\n<p>\u0442\u0435\u043b. 65 572 94 84<br \/>\n\u0442\u0435\u043b. 65 572 50 90<br \/>\n\u042d\u043b\u0435\u043a\u0442\u0440\u043e\u043d\u043d\u0430\u044f \u043f\u043e\u0447\u0442\u0430: <a href=\"mailto:h.wilk@zuptor.pl\">h.wilk@zuptor.pl<\/a><\/p>\n\n\t\t<\/div>\n\t<\/div>\n<\/div><\/div><\/div><div class=\"wpb_column vc_column_container vc_col-sm-4 vc_col-has-fill\"><div class=\"vc_column-inner vc_custom_1717764168947\"><div class=\"wpb_wrapper\">\n\t<div class=\"wpb_text_column wpb_content_element\" >\n\t\t<div class=\"wpb_wrapper\">\n\t\t\t<p class=\"title font-size-18\"><strong>\u0421\u0435\u0440\u0432\u0438\u0441\u043d\u043e\u0435 \u043e\u0431\u0441\u043b\u0443\u0436\u0438\u0432\u0430\u043d\u0438\u0435 \u0438 \u0437\u0430\u043f\u0430\u0441\u043d\u044b\u0435 \u0447\u0430\u0441\u0442\u0438 \u0434\u043b\u044f \u0437\u0435\u0440\u043d\u043e\u0445\u0440\u0430\u043d\u0438\u043b\u0438\u0449 \u0438 \u043c\u0430\u0448\u0438\u043d Petkus<\/strong><\/p>\n<p>\u0442\u0435\u043b. 65 572 94 90<br \/>\n\u043c\u043e\u0431\u0438\u043b\u044c\u043d\u044b\u0439: 728 478 745<br \/>\ne-mail: <a href=\"mailto:projekt@zuptor.pl\">projekt@zuptor.pl<\/a><\/p>\n\n\t\t<\/div>\n\t<\/div>\n<\/div><\/div><\/div><\/div><\/div><div class=\"clearfix\"><\/div><\/section><section class=\"vc_rows wpb_row vc_row-fluid\" ><div class=\"container\"><div class=\"row\"><div class=\"wpb_column vc_column_container vc_col-sm-12\"><div class=\"vc_column-inner\"><div class=\"wpb_wrapper\"><div class=\"vc_empty_space\"   style=\"height: 80px\"><span class=\"vc_empty_space_inner\"><\/span><\/div><\/div><\/div><\/div><\/div><\/div><div class=\"clearfix\"><\/div><\/section>\n<\/div>","protected":false},"excerpt":{"rendered":"Znajd\u017a dystrybutora w najbli\u017cszej okolicy DYSTRYBUTORZY Serwis i cz\u0119\u015bci zamienne Do wszystkich zakupionych u nas urz\u0105dze\u0144 oferujemy wsparcie techniczne podczas monta\u017cu, rozruchu oraz obs\u0142ugi gwarancyjnej i pogwarancyjnej. Prowadzimy tak\u017ce sprzeda\u017c stacjonarn\u0105 i wysy\u0142kow\u0105 cz\u0119\u015bci zamiennych dla wszystkich maszyn i urz\u0105dze\u0144 Zuptor oraz firmy Petkus. Wykonujemy r\u00f3wnie\u017c modernizacje i kapitalne remonty obiekt\u00f3w istniej\u0105cych. Opr\u00f3cz tego wszystkim [...]","protected":false},"author":1,"featured_media":0,"parent":0,"menu_order":0,"comment_status":"closed","ping_status":"closed","template":"page-templates\/template-fullwidth.php","meta":{"footnotes":""},"class_list":["post-1734","page","type-page","status-publish","hentry"],"yoast_head":"<!-- This site is optimized with the Yoast SEO plugin v24.7 - https:\/\/yoast.com\/wordpress\/plugins\/seo\/ -->\n<title>Serwis i cz\u0119\u015bci zamienne | Zuptor<\/title>\n<meta name=\"description\" content=\"Wsparcie techniczne ZUPTOR - serwis, cz\u0119\u015bci zamienne, monta\u017c, rozruch. Modernizacje obiekt\u00f3w, sprzeda\u017c cz\u0119\u015bci Petkus, doradztwo.\" \/>\n<meta name=\"robots\" content=\"index, follow, max-snippet:-1, max-image-preview:large, max-video-preview:-1\" \/>\n<link rel=\"canonical\" href=\"https:\/\/zuptor.pl\/ru\/serwis-i-czesci-zamienne\/\" \/>\n<meta property=\"og:locale\" content=\"ru_RU\" \/>\n<meta property=\"og:type\" content=\"article\" \/>\n<meta property=\"og:title\" content=\"Serwis i cz\u0119\u015bci zamienne | Zuptor\" \/>\n<meta property=\"og:description\" content=\"Wsparcie techniczne ZUPTOR - serwis, cz\u0119\u015bci zamienne, monta\u017c, rozruch. Modernizacje obiekt\u00f3w, sprzeda\u017c cz\u0119\u015bci Petkus, doradztwo.\" \/>\n<meta property=\"og:url\" content=\"https:\/\/zuptor.pl\/ru\/serwis-i-czesci-zamienne\/\" \/>\n<meta property=\"og:site_name\" content=\"Zuptor\" \/>\n<meta property=\"article:modified_time\" content=\"2024-12-04T12:29:27+00:00\" \/>\n<meta name=\"twitter:card\" content=\"summary_large_image\" \/>\n<meta name=\"twitter:label1\" content=\"\u041f\u0440\u0438\u043c\u0435\u0440\u043d\u043e\u0435 \u0432\u0440\u0435\u043c\u044f \u0434\u043b\u044f \u0447\u0442\u0435\u043d\u0438\u044f\" \/>\n\t<meta name=\"twitter:data1\" content=\"2 \u043c\u0438\u043d\u0443\u0442\u044b\" \/>\n<script type=\"application\/ld+json\" class=\"yoast-schema-graph\">{\"@context\":\"https:\/\/schema.org\",\"@graph\":[{\"@type\":\"WebPage\",\"@id\":\"https:\/\/zuptor.pl\/serwis-i-czesci-zamienne\/\",\"url\":\"https:\/\/zuptor.pl\/serwis-i-czesci-zamienne\/\",\"name\":\"Serwis i cz\u0119\u015bci zamienne | Zuptor\",\"isPartOf\":{\"@id\":\"https:\/\/zuptor.pl\/#website\"},\"datePublished\":\"2024-04-24T13:04:21+00:00\",\"dateModified\":\"2024-12-04T12:29:27+00:00\",\"description\":\"Wsparcie techniczne ZUPTOR - serwis, cz\u0119\u015bci zamienne, monta\u017c, rozruch. Modernizacje obiekt\u00f3w, sprzeda\u017c cz\u0119\u015bci Petkus, doradztwo.\",\"breadcrumb\":{\"@id\":\"https:\/\/zuptor.pl\/serwis-i-czesci-zamienne\/#breadcrumb\"},\"inLanguage\":\"ru-RU\",\"potentialAction\":[{\"@type\":\"ReadAction\",\"target\":[\"https:\/\/zuptor.pl\/serwis-i-czesci-zamienne\/\"]}]},{\"@type\":\"BreadcrumbList\",\"@id\":\"https:\/\/zuptor.pl\/serwis-i-czesci-zamienne\/#breadcrumb\",\"itemListElement\":[{\"@type\":\"ListItem\",\"position\":1,\"name\":\"Strona g\u0142\u00f3wna\",\"item\":\"https:\/\/zuptor.pl\/\"},{\"@type\":\"ListItem\",\"position\":2,\"name\":\"Serwis i cz\u0119\u015bci zamienne\"}]},{\"@type\":\"WebSite\",\"@id\":\"https:\/\/zuptor.pl\/#website\",\"url\":\"https:\/\/zuptor.pl\/\",\"name\":\"Zuptor\",\"description\":\"\",\"potentialAction\":[{\"@type\":\"SearchAction\",\"target\":{\"@type\":\"EntryPoint\",\"urlTemplate\":\"https:\/\/zuptor.pl\/?s={search_term_string}\"},\"query-input\":{\"@type\":\"PropertyValueSpecification\",\"valueRequired\":true,\"valueName\":\"search_term_string\"}}],\"inLanguage\":\"ru-RU\"}]}<\/script>\n<!-- \/ Yoast SEO plugin. -->","yoast_head_json":{"title":"Serwis i cz\u0119\u015bci zamienne | Zuptor","description":"Wsparcie techniczne ZUPTOR - serwis, cz\u0119\u015bci zamienne, monta\u017c, rozruch. Modernizacje obiekt\u00f3w, sprzeda\u017c cz\u0119\u015bci Petkus, doradztwo.","robots":{"index":"index","follow":"follow","max-snippet":"max-snippet:-1","max-image-preview":"max-image-preview:large","max-video-preview":"max-video-preview:-1"},"canonical":"https:\/\/zuptor.pl\/ru\/serwis-i-czesci-zamienne\/","og_locale":"ru_RU","og_type":"article","og_title":"Serwis i cz\u0119\u015bci zamienne | Zuptor","og_description":"Wsparcie techniczne ZUPTOR - serwis, cz\u0119\u015bci zamienne, monta\u017c, rozruch. Modernizacje obiekt\u00f3w, sprzeda\u017c cz\u0119\u015bci Petkus, doradztwo.","og_url":"https:\/\/zuptor.pl\/ru\/serwis-i-czesci-zamienne\/","og_site_name":"Zuptor","article_modified_time":"2024-12-04T12:29:27+00:00","twitter_card":"summary_large_image","twitter_misc":{"\u041f\u0440\u0438\u043c\u0435\u0440\u043d\u043e\u0435 \u0432\u0440\u0435\u043c\u044f \u0434\u043b\u044f \u0447\u0442\u0435\u043d\u0438\u044f":"2 \u043c\u0438\u043d\u0443\u0442\u044b"},"schema":{"@context":"https:\/\/schema.org","@graph":[{"@type":"WebPage","@id":"https:\/\/zuptor.pl\/serwis-i-czesci-zamienne\/","url":"https:\/\/zuptor.pl\/serwis-i-czesci-zamienne\/","name":"Serwis i cz\u0119\u015bci zamienne | Zuptor","isPartOf":{"@id":"https:\/\/zuptor.pl\/#website"},"datePublished":"2024-04-24T13:04:21+00:00","dateModified":"2024-12-04T12:29:27+00:00","description":"Wsparcie techniczne ZUPTOR - serwis, cz\u0119\u015bci zamienne, monta\u017c, rozruch. Modernizacje obiekt\u00f3w, sprzeda\u017c cz\u0119\u015bci Petkus, doradztwo.","breadcrumb":{"@id":"https:\/\/zuptor.pl\/serwis-i-czesci-zamienne\/#breadcrumb"},"inLanguage":"ru-RU","potentialAction":[{"@type":"ReadAction","target":["https:\/\/zuptor.pl\/serwis-i-czesci-zamienne\/"]}]},{"@type":"BreadcrumbList","@id":"https:\/\/zuptor.pl\/serwis-i-czesci-zamienne\/#breadcrumb","itemListElement":[{"@type":"ListItem","position":1,"name":"Strona g\u0142\u00f3wna","item":"https:\/\/zuptor.pl\/"},{"@type":"ListItem","position":2,"name":"Serwis i cz\u0119\u015bci zamienne"}]},{"@type":"WebSite","@id":"https:\/\/zuptor.pl\/#website","url":"https:\/\/zuptor.pl\/","name":"\u0417\u0443\u043f\u0442\u043e\u0440","description":"","potentialAction":[{"@type":"SearchAction","target":{"@type":"EntryPoint","urlTemplate":"https:\/\/zuptor.pl\/?s={search_term_string}"},"query-input":{"@type":"PropertyValueSpecification","valueRequired":true,"valueName":"search_term_string"}}],"inLanguage":"ru-RU"}]}},"_links":{"self":[{"href":"https:\/\/zuptor.pl\/ru\/wp-json\/wp\/v2\/pages\/1734","targetHints":{"allow":["GET"]}}],"collection":[{"href":"https:\/\/zuptor.pl\/ru\/wp-json\/wp\/v2\/pages"}],"about":[{"href":"https:\/\/zuptor.pl\/ru\/wp-json\/wp\/v2\/types\/page"}],"author":[{"embeddable":true,"href":"https:\/\/zuptor.pl\/ru\/wp-json\/wp\/v2\/users\/1"}],"replies":[{"embeddable":true,"href":"https:\/\/zuptor.pl\/ru\/wp-json\/wp\/v2\/comments?post=1734"}],"version-history":[{"count":23,"href":"https:\/\/zuptor.pl\/ru\/wp-json\/wp\/v2\/pages\/1734\/revisions"}],"predecessor-version":[{"id":2732,"href":"https:\/\/zuptor.pl\/ru\/wp-json\/wp\/v2\/pages\/1734\/revisions\/2732"}],"wp:attachment":[{"href":"https:\/\/zuptor.pl\/ru\/wp-json\/wp\/v2\/media?parent=1734"}],"curies":[{"name":"wp","href":"https:\/\/api.w.org\/{rel}","templated":true}]}}