{"id":1681,"date":"2024-04-24T12:23:29","date_gmt":"2024-04-24T10:23:29","guid":{"rendered":"http:\/\/zuptor.dlatestu.co.pl\/?page_id=1681"},"modified":"2024-06-18T10:00:57","modified_gmt":"2024-06-18T08:00:57","slug":"nasiennictwo","status":"publish","type":"page","link":"https:\/\/zuptor.pl\/ru\/nasiennictwo\/","title":{"rendered":"\u041f\u043e\u0441\u0435\u0432"},"content":{"rendered":"<div class=\"wpb-content-wrapper\"><section class=\"vc_rows wpb_row vc_row-fluid bg-color-blue vc_custom_1712822687460\" ><div class=\"container\"><div class=\"row\"><div class=\"wpb_column vc_column_container vc_col-sm-12\"><div class=\"vc_column-inner\"><div class=\"wpb_wrapper\">\n\t\t\t<div class=\"col-md-8\">\n\t        <div class=\"wprt-spacer\" data-desktop=\"8\" data-mobi=\"0\" data-smobi=\"0\"><\/div>\n\t        <h2 class=\"text-white text-center-mobile font-size-20 margin-bottom-0\">\u041d\u0430\u0439\u0434\u0438\u0442\u0435 \u0434\u0438\u0441\u0442\u0440\u0438\u0431\u044c\u044e\u0442\u043e\u0440\u0430 \u0432 \u0432\u0430\u0448\u0435\u043c \u0440\u0435\u0433\u0438\u043e\u043d\u0435<\/h2>\n\t        <div class=\"wprt-spacer\" data-desktop=\"0\" data-mobi=\"20\" data-smobi=\"20\"><\/div>\n\t    <\/div>\n\n\t    <div class=\"col-md-4\">\n\t        <div class=\"text-right text-center-mobile\">\n\t        \n\t        <a class=\"wprt-button white rounded-3px\" href=\"https:\/\/zuptor.pl\/ru\/dystrybutorzy\/\" target=\"_self\">\u0414\u0418\u0421\u0422\u0420\u0418\u0411\u042c\u042e\u0422\u041e\u0420\u042b<\/a>\t        <\/div>\n\t    <\/div>\n\t\n<\/div><\/div><\/div><\/div><\/div><div class=\"clearfix\"><\/div><\/section><section class=\"vc_rows wpb_row vc_row-fluid vc_custom_1712137384089\" ><div class=\"container\"><div class=\"row\"><div class=\"wpb_column vc_column_container vc_col-sm-3\"><div class=\"vc_column-inner vc_custom_1712134221679\"><div class=\"wpb_wrapper\">\n\t<div  class=\"wpb_single_image wpb_content_element vc_align_left\">\n\t\t\n\t\t<figure class=\"wpb_wrapper vc_figure\">\n\t\t\t<a href=\"https:\/\/zuptor.pl\/ru\/nasiennictwo\/maszyna-wstepnego-i-dokladnego-czyszczenia\/\" target=\"_self\" class=\"vc_single_image-wrapper   vc_box_border_grey\"><img loading=\"lazy\" decoding=\"async\" width=\"524\" height=\"393\" src=\"https:\/\/zuptor.pl\/wp-content\/uploads\/2024\/06\/maszyna-czyszczaca.jpg\" class=\"vc_single_image-img attachment-large\" alt=\"Maszyna wst\u0119pnego i dok\u0142adnego czyszczenia\" title=\"\u043c\u0430\u0448\u0438\u043d\u0430 \u0434\u043b\u044f \u0447\u0438\u0441\u0442\u043a\u0438\" srcset=\"https:\/\/zuptor.pl\/wp-content\/uploads\/2024\/06\/maszyna-czyszczaca.jpg 524w, https:\/\/zuptor.pl\/wp-content\/uploads\/2024\/06\/maszyna-czyszczaca-300x225.jpg 300w\" sizes=\"auto, (max-width: 524px) 100vw, 524px\" \/><\/a>\n\t\t<\/figure>\n\t<\/div>\n\n\t<div class=\"wpb_text_column wpb_content_element\" >\n\t\t<div class=\"wpb_wrapper\">\n\t\t\t<h3 class=\"title font-size-18\"><a href=\"https:\/\/zuptor.pl\/ru\/nasiennictwo\/maszyna-wstepnego-i-dokladnego-czyszczenia\/\">\u041c\u0430\u0448\u0438\u043d\u0430 \u0434\u043b\u044f \u043f\u0440\u0435\u0434\u0432\u0430\u0440\u0438\u0442\u0435\u043b\u044c\u043d\u043e\u0439 \u0438 \u0442\u043e\u043d\u043a\u043e\u0439 \u043e\u0447\u0438\u0441\u0442\u043a\u0438<\/a><\/h3>\n<p>\u041c\u0430\u0448\u0438\u043d\u044b \u0434\u043b\u044f \u043f\u0440\u0435\u0434\u0432\u0430\u0440\u0438\u0442\u0435\u043b\u044c\u043d\u043e\u0439 \u0438 \u0442\u043e\u043d\u043a\u043e\u0439 \u043e\u0447\u0438\u0441\u0442\u043a\u0438 \u0441\u044b\u043f\u0443\u0447\u0438\u0445 \u043c\u0430\u0442\u0435\u0440\u0438\u0430\u043b\u043e\u0432.<\/p>\n\n\t\t<\/div>\n\t<\/div>\n<\/div><\/div><\/div><div class=\"wpb_column vc_column_container vc_col-sm-3\"><div class=\"vc_column-inner vc_custom_1712134238285\"><div class=\"wpb_wrapper\">\n\t<div  class=\"wpb_single_image wpb_content_element vc_align_left\">\n\t\t\n\t\t<figure class=\"wpb_wrapper vc_figure\">\n\t\t\t<a href=\"https:\/\/zuptor.pl\/ru\/nasiennictwo\/sortownik-optyczny\/\" target=\"_self\" class=\"vc_single_image-wrapper   vc_box_border_grey\"><img loading=\"lazy\" decoding=\"async\" width=\"524\" height=\"393\" src=\"https:\/\/zuptor.pl\/wp-content\/uploads\/2024\/06\/sortownik-optyczny.jpg\" class=\"vc_single_image-img attachment-large\" alt=\"Sortownik optyczny\" title=\"\u043e\u043f\u0442\u0438\u0447\u0435\u0441\u043a\u0438\u0439 \u0441\u043e\u0440\u0442\u0438\u0440\u043e\u0432\u0449\u0438\u043a\" srcset=\"https:\/\/zuptor.pl\/wp-content\/uploads\/2024\/06\/sortownik-optyczny.jpg 524w, https:\/\/zuptor.pl\/wp-content\/uploads\/2024\/06\/sortownik-optyczny-300x225.jpg 300w\" sizes=\"auto, (max-width: 524px) 100vw, 524px\" \/><\/a>\n\t\t<\/figure>\n\t<\/div>\n\n\t<div class=\"wpb_text_column wpb_content_element\" >\n\t\t<div class=\"wpb_wrapper\">\n\t\t\t<h3 class=\"title font-size-18\"><a href=\"https:\/\/zuptor.pl\/ru\/nasiennictwo\/sortownik-optyczny\/\">\u041e\u043f\u0442\u0438\u0447\u0435\u0441\u043a\u0438\u0439 \u0441\u043e\u0440\u0442\u0438\u0440\u043e\u0432\u0449\u0438\u043a<\/a><\/h3>\n<p>\u0422\u0435\u0445\u043d\u043e\u043b\u043e\u0433\u0438\u0438 \u0440\u0430\u0437\u0440\u0430\u0431\u043e\u0442\u0430\u043d\u044b \u043d\u0430 \u043e\u0441\u043d\u043e\u0432\u0435 \u043c\u0430\u0448\u0438\u043d \u043d\u0435\u043c\u0435\u0446\u043a\u043e\u0433\u043e \u043f\u0440\u043e\u0438\u0437\u0432\u043e\u0434\u0438\u0442\u0435\u043b\u044f PETKUS Technologie.<\/p>\n\n\t\t<\/div>\n\t<\/div>\n<\/div><\/div><\/div><div class=\"wpb_column vc_column_container vc_col-sm-3\"><div class=\"vc_column-inner vc_custom_1712134252455\"><div class=\"wpb_wrapper\">\n\t<div  class=\"wpb_single_image wpb_content_element vc_align_left\">\n\t\t\n\t\t<figure class=\"wpb_wrapper vc_figure\">\n\t\t\t<a href=\"https:\/\/zuptor.pl\/ru\/nasiennictwo\/stol-sortujacy-petkus\/\" target=\"_self\" class=\"vc_single_image-wrapper   vc_box_border_grey\"><img loading=\"lazy\" decoding=\"async\" width=\"524\" height=\"393\" src=\"https:\/\/zuptor.pl\/wp-content\/uploads\/2024\/06\/stol-sortujeacy.jpg\" class=\"vc_single_image-img attachment-large\" alt=\"St\u00f3\u0142 sortuj\u0105cy\" title=\"\u0442\u0430\u0431\u043b\u0438\u0446\u0430-\u0441\u043e\u0440\u0442\u0438\u0440\u043e\u0432\u043a\u0430\" srcset=\"https:\/\/zuptor.pl\/wp-content\/uploads\/2024\/06\/stol-sortujeacy.jpg 524w, https:\/\/zuptor.pl\/wp-content\/uploads\/2024\/06\/stol-sortujeacy-300x225.jpg 300w\" sizes=\"auto, (max-width: 524px) 100vw, 524px\" \/><\/a>\n\t\t<\/figure>\n\t<\/div>\n\n\t<div class=\"wpb_text_column wpb_content_element\" >\n\t\t<div class=\"wpb_wrapper\">\n\t\t\t<h3 class=\"title font-size-18\"><a href=\"https:\/\/zuptor.pl\/ru\/nasiennictwo\/stol-sortujacy-petkus\/\">\u0422\u0430\u0431\u043b\u0438\u0446\u0430 \u0441\u043e\u0440\u0442\u0438\u0440\u043e\u0432\u043a\u0438<\/a><\/h3>\n<p>\u0421\u043e\u0440\u0442\u0438\u0440\u043e\u0432\u043e\u0447\u043d\u044b\u0439 \u0441\u0442\u043e\u043b \u043f\u0440\u043e\u0438\u0437\u0432\u043e\u0434\u0438\u0442\u0435\u043b\u044c\u043d\u043e\u0441\u0442\u044c\u044e \u0434\u043e 10 \u0442\/\u0447.<\/p>\n\n\t\t<\/div>\n\t<\/div>\n<\/div><\/div><\/div><div class=\"wpb_column vc_column_container vc_col-sm-3\"><div class=\"vc_column-inner\"><div class=\"wpb_wrapper\">\n\t<div  class=\"wpb_single_image wpb_content_element vc_align_left\">\n\t\t\n\t\t<figure class=\"wpb_wrapper vc_figure\">\n\t\t\t<a href=\"https:\/\/zuptor.pl\/ru\/nasiennictwo\/tryjer\/\" target=\"_self\" class=\"vc_single_image-wrapper   vc_box_border_grey\"><img loading=\"lazy\" decoding=\"async\" width=\"524\" height=\"393\" src=\"https:\/\/zuptor.pl\/wp-content\/uploads\/2024\/06\/tryjer.jpg\" class=\"vc_single_image-img attachment-large\" alt=\"Tryjer\" title=\"trjer\" srcset=\"https:\/\/zuptor.pl\/wp-content\/uploads\/2024\/06\/tryjer.jpg 524w, https:\/\/zuptor.pl\/wp-content\/uploads\/2024\/06\/tryjer-300x225.jpg 300w\" sizes=\"auto, (max-width: 524px) 100vw, 524px\" \/><\/a>\n\t\t<\/figure>\n\t<\/div>\n\n\t<div class=\"wpb_text_column wpb_content_element\" >\n\t\t<div class=\"wpb_wrapper\">\n\t\t\t<h3 class=\"title font-size-18\"><a href=\"https:\/\/zuptor.pl\/ru\/nasiennictwo\/tryjer\/\">Trjer<\/a><\/h3>\n<p>\u0421\u043e\u0440\u0442\u0438\u0440\u043e\u0432\u043a\u0430 \u0437\u0435\u0440\u0435\u043d \u043f\u043e \u0434\u043b\u0438\u043d\u0435, \u0441 \u043e\u0434\u0438\u043d\u0430\u043a\u043e\u0432\u044b\u043c \u0441\u0435\u0447\u0435\u043d\u0438\u0435\u043c.<\/p>\n\n\t\t<\/div>\n\t<\/div>\n<\/div><\/div><\/div><\/div><\/div><div class=\"clearfix\"><\/div><\/section><section class=\"vc_rows wpb_row vc_row-fluid vc_custom_1712134713158\" ><div class=\"container\"><div class=\"row\"><div class=\"wpb_column vc_column_container vc_col-sm-3\"><div class=\"vc_column-inner vc_custom_1712134275487\"><div class=\"wpb_wrapper\">\n\t<div  class=\"wpb_single_image wpb_content_element vc_align_left\">\n\t\t\n\t\t<figure class=\"wpb_wrapper vc_figure\">\n\t\t\t<a href=\"https:\/\/zuptor.pl\/ru\/nasiennictwo\/zaprawiarki-porcjowe-2\/\" target=\"_self\" class=\"vc_single_image-wrapper   vc_box_border_grey\"><img loading=\"lazy\" decoding=\"async\" width=\"524\" height=\"393\" src=\"https:\/\/zuptor.pl\/wp-content\/uploads\/2024\/06\/zaprawiarka-porcjowa.jpg\" class=\"vc_single_image-img attachment-large\" alt=\"Zaprawiarki porcjowe\" title=\"\u0440\u0430\u0441\u0442\u0432\u043e\u0440-\u043a\u0430\u043c\u0435\u043d\u043a\u0430\" srcset=\"https:\/\/zuptor.pl\/wp-content\/uploads\/2024\/06\/zaprawiarka-porcjowa.jpg 524w, https:\/\/zuptor.pl\/wp-content\/uploads\/2024\/06\/zaprawiarka-porcjowa-300x225.jpg 300w\" sizes=\"auto, (max-width: 524px) 100vw, 524px\" \/><\/a>\n\t\t<\/figure>\n\t<\/div>\n\n\t<div class=\"wpb_text_column wpb_content_element\" >\n\t\t<div class=\"wpb_wrapper\">\n\t\t\t<h3 class=\"title font-size-18\"><a href=\"https:\/\/zuptor.pl\/ru\/nasiennictwo\/zaprawiarki-porcjowe-2\/\">\u0420\u0430\u0441\u0442\u0432\u043e\u0440\u044b \u043f\u0435\u0440\u0438\u043e\u0434\u0438\u0447\u0435\u0441\u043a\u043e\u0433\u043e \u0434\u0435\u0439\u0441\u0442\u0432\u0438\u044f<\/a><\/h3>\n<p>\u041f\u0440\u043e\u0442\u0440\u0430\u0432\u043b\u0438\u0432\u0430\u043d\u0438\u0435 \u0441\u0435\u043c\u044f\u043d \u043f\u0435\u0440\u0435\u0434 \u043f\u043e\u0441\u0435\u0432\u043e\u043c - \u043d\u0435\u043e\u0431\u0445\u043e\u0434\u0438\u043c\u0430\u044f \u043f\u0440\u043e\u0446\u0435\u0434\u0443\u0440\u0430 \u0434\u043b\u044f \u043f\u043e\u043b\u0443\u0447\u0435\u043d\u0438\u044f \u0432\u044b\u0441\u043e\u043a\u043e\u0433\u043e \u0443\u0440\u043e\u0436\u0430\u044f.<\/p>\n\n\t\t<\/div>\n\t<\/div>\n<\/div><\/div><\/div><div class=\"wpb_column vc_column_container vc_col-sm-3\"><div class=\"vc_column-inner vc_custom_1712134285741\"><div class=\"wpb_wrapper\">\n\t<div  class=\"wpb_single_image wpb_content_element vc_align_left\">\n\t\t\n\t\t<figure class=\"wpb_wrapper vc_figure\">\n\t\t\t<a href=\"https:\/\/zuptor.pl\/ru\/nasiennictwo\/zaprawiarki-przeplywowe-2\/\" target=\"_self\" class=\"vc_single_image-wrapper   vc_box_border_grey\"><img loading=\"lazy\" decoding=\"async\" width=\"524\" height=\"393\" src=\"https:\/\/zuptor.pl\/wp-content\/uploads\/2024\/06\/zaprawiarka-przeplywowa.jpg\" class=\"vc_single_image-img attachment-large\" alt=\"Zaprawiarki przep\u0142ywowe\" title=\"\u0440\u0430\u0441\u0442\u0432\u043e\u0440\u043e\u0441\u043c\u0435\u0441\u0438\u0442\u0435\u043b\u044c\" srcset=\"https:\/\/zuptor.pl\/wp-content\/uploads\/2024\/06\/zaprawiarka-przeplywowa.jpg 524w, https:\/\/zuptor.pl\/wp-content\/uploads\/2024\/06\/zaprawiarka-przeplywowa-300x225.jpg 300w\" sizes=\"auto, (max-width: 524px) 100vw, 524px\" \/><\/a>\n\t\t<\/figure>\n\t<\/div>\n\n\t<div class=\"wpb_text_column wpb_content_element\" >\n\t\t<div class=\"wpb_wrapper\">\n\t\t\t<h3 class=\"title font-size-18\"><a href=\"https:\/\/zuptor.pl\/ru\/nasiennictwo\/zaprawiarki-przeplywowe-2\/\">\u041f\u0440\u043e\u0442\u043e\u0447\u043d\u044b\u0435 \u0440\u0430\u0441\u0442\u0432\u043e\u0440\u044b<\/a><\/h3>\n<p>\u041f\u0440\u043e\u0442\u043e\u0447\u043d\u044b\u0435 \u0440\u0430\u0441\u0442\u0432\u043e\u0440\u044b - \u0432\u043e\u0437\u043c\u043e\u0436\u043d\u043e\u0441\u0442\u044c \u043d\u0435\u043f\u0440\u0435\u0440\u044b\u0432\u043d\u043e\u0439, \u043d\u0430\u0434\u0435\u0436\u043d\u043e\u0439 \u0440\u0430\u0431\u043e\u0442\u044b.<\/p>\n\n\t\t<\/div>\n\t<\/div>\n<\/div><\/div><\/div><div class=\"wpb_column vc_column_container vc_col-sm-3\"><div class=\"vc_column-inner vc_custom_1712134296858\"><div class=\"wpb_wrapper\">\n\t<div  class=\"wpb_single_image wpb_content_element vc_align_left\">\n\t\t\n\t\t<figure class=\"wpb_wrapper vc_figure\">\n\t\t\t<a href=\"https:\/\/zuptor.pl\/ru\/nasiennictwo\/zaprawiarka-multicoater\/\" target=\"_self\" class=\"vc_single_image-wrapper   vc_box_border_grey\"><img loading=\"lazy\" decoding=\"async\" width=\"524\" height=\"393\" src=\"https:\/\/zuptor.pl\/wp-content\/uploads\/2024\/06\/zaprawiarka-multicoater.jpg\" class=\"vc_single_image-img attachment-large\" alt=\"Zaprawiarka Multicoater\" title=\"\u0440\u0430\u0441\u0442\u0432\u043e\u0440-\u043c\u043d\u043e\u0433\u043e\u0441\u043b\u043e\u0439\u043d\u044b\u0439\" srcset=\"https:\/\/zuptor.pl\/wp-content\/uploads\/2024\/06\/zaprawiarka-multicoater.jpg 524w, https:\/\/zuptor.pl\/wp-content\/uploads\/2024\/06\/zaprawiarka-multicoater-300x225.jpg 300w\" sizes=\"auto, (max-width: 524px) 100vw, 524px\" \/><\/a>\n\t\t<\/figure>\n\t<\/div>\n\n\t<div class=\"wpb_text_column wpb_content_element\" >\n\t\t<div class=\"wpb_wrapper\">\n\t\t\t<h3 class=\"title font-size-18\"><a href=\"https:\/\/zuptor.pl\/ru\/nasiennictwo\/zaprawiarka-multicoater\/\">\u041c\u043d\u043e\u0433\u043e\u0441\u043b\u043e\u0439\u043d\u044b\u0439 \u0440\u0430\u0441\u0442\u0432\u043e\u0440<\/a><\/h3>\n<p>\u0422\u0435\u0445\u043d\u043e\u043b\u043e\u0433\u0438\u044f \u043e\u0431\u0440\u0430\u0431\u043e\u0442\u043a\u0438 \u0438 \u0441\u0443\u0448\u043a\u0438 \u0441\u0435\u043c\u044f\u043d \u0432 \u043e\u0434\u043d\u043e\u043c \u043f\u0440\u043e\u0446\u0435\u0441\u0441\u0435.<\/p>\n\n\t\t<\/div>\n\t<\/div>\n<\/div><\/div><\/div><div class=\"wpb_column vc_column_container vc_col-sm-3\"><div class=\"vc_column-inner\"><div class=\"wpb_wrapper\">\n\t<div  class=\"wpb_single_image wpb_content_element vc_align_left\">\n\t\t\n\t\t<figure class=\"wpb_wrapper vc_figure\">\n\t\t\t<a href=\"https:\/\/zuptor.pl\/ru\/nasiennictwo\/instalacja-odpylenia-zboza\/\" target=\"_self\" class=\"vc_single_image-wrapper   vc_box_border_grey\"><img loading=\"lazy\" decoding=\"async\" width=\"524\" height=\"393\" src=\"https:\/\/zuptor.pl\/wp-content\/uploads\/2024\/06\/instalacje-odpylania-main.jpg\" class=\"vc_single_image-img attachment-large\" alt=\"Instalacje odpylania\" title=\"\u043f\u044b\u043b\u0435\u0443\u0434\u0430\u043b\u044f\u044e\u0449\u0438\u0435 \u0443\u0441\u0442\u0430\u043d\u043e\u0432\u043a\u0438 - \u043e\u0441\u043d\u043e\u0432\u043d\u044b\u0435\" srcset=\"https:\/\/zuptor.pl\/wp-content\/uploads\/2024\/06\/instalacje-odpylania-main.jpg 524w, https:\/\/zuptor.pl\/wp-content\/uploads\/2024\/06\/instalacje-odpylania-main-300x225.jpg 300w\" sizes=\"auto, (max-width: 524px) 100vw, 524px\" \/><\/a>\n\t\t<\/figure>\n\t<\/div>\n\n\t<div class=\"wpb_text_column wpb_content_element\" >\n\t\t<div class=\"wpb_wrapper\">\n\t\t\t<h3 class=\"title font-size-18\"><a href=\"https:\/\/zuptor.pl\/ru\/nasiennictwo\/instalacja-odpylenia-zboza\/\">\u0421\u0438\u0441\u0442\u0435\u043c\u0430 \u043f\u044b\u043b\u0435\u0443\u0434\u0430\u043b\u0435\u043d\u0438\u044f<\/a><\/h3>\n<p>\u0423\u0441\u0442\u0430\u043d\u043e\u0432\u043a\u0430 \u0434\u043b\u044f \u043e\u0431\u0435\u0441\u043f\u044b\u043b\u0438\u0432\u0430\u043d\u0438\u044f \u0437\u0435\u0440\u043d\u0430 - \u0440\u0435\u0433\u0443\u043b\u0438\u0440\u043e\u0432\u043a\u0430 \u043f\u0440\u043e\u0438\u0437\u0432\u043e\u0434\u0438\u0442\u0435\u043b\u044c\u043d\u043e\u0441\u0442\u0438 \u0432 \u0437\u0430\u0432\u0438\u0441\u0438\u043c\u043e\u0441\u0442\u0438 \u043e\u0442 \u043f\u043e\u0442\u0440\u0435\u0431\u043d\u043e\u0441\u0442\u0438.<\/p>\n\n\t\t<\/div>\n\t<\/div>\n<\/div><\/div><\/div><\/div><\/div><div class=\"clearfix\"><\/div><\/section><section class=\"vc_rows wpb_row vc_row-fluid\" ><div class=\"container\"><div class=\"row\"><div class=\"wpb_column vc_column_container vc_col-sm-12\"><div class=\"vc_column-inner\"><div class=\"wpb_wrapper\"><div class=\"vc_empty_space\"   style=\"height: 80px\"><span class=\"vc_empty_space_inner\"><\/span><\/div><\/div><\/div><\/div><\/div><\/div><div class=\"clearfix\"><\/div><\/section>\n<\/div>","protected":false},"excerpt":{"rendered":"\u041d\u0430\u0439\u0442\u0438 \u0434\u0438\u0441\u0442\u0440\u0438\u0431\u044c\u044e\u0442\u043e\u0440\u0430 \u0432 \u0432\u0430\u0448\u0435\u043c \u0440\u0435\u0433\u0438\u043e\u043d\u0435 \u0414\u0418\u0421\u0422\u0420\u0418\u0411\u042c\u042e\u0422\u041e\u0420\u042b \u041c\u0430\u0448\u0438\u043d\u044b \u043f\u0440\u0435\u0434\u0432\u0430\u0440\u0438\u0442\u0435\u043b\u044c\u043d\u043e\u0439 \u0438 \u0442\u043e\u043d\u043a\u043e\u0439 \u043e\u0447\u0438\u0441\u0442\u043a\u0438 \u041c\u0430\u0448\u0438\u043d\u044b \u043f\u0440\u0435\u0434\u0432\u0430\u0440\u0438\u0442\u0435\u043b\u044c\u043d\u043e\u0439 \u0438 \u0442\u043e\u043d\u043a\u043e\u0439 \u043e\u0447\u0438\u0441\u0442\u043a\u0438 \u0434\u043b\u044f \u0441\u044b\u043f\u0443\u0447\u0438\u0445 \u043c\u0430\u0442\u0435\u0440\u0438\u0430\u043b\u043e\u0432. \u041e\u043f\u0442\u0438\u0447\u0435\u0441\u043a\u0430\u044f \u0441\u043e\u0440\u0442\u0438\u0440\u043e\u0432\u043e\u0447\u043d\u0430\u044f \u043c\u0430\u0448\u0438\u043d\u0430 \u0420\u0430\u0437\u0440\u0430\u0431\u043e\u0442\u0430\u043d\u0430 \u043d\u0430 \u0431\u0430\u0437\u0435 \u043c\u0430\u0448\u0438\u043d \u043d\u0435\u043c\u0435\u0446\u043a\u043e\u0433\u043e \u043f\u0440\u043e\u0438\u0437\u0432\u043e\u0434\u0438\u0442\u0435\u043b\u044f PETKUS Technologie. \u0421\u043e\u0440\u0442\u0438\u0440\u043e\u0432\u043e\u0447\u043d\u044b\u0439 \u0441\u0442\u043e\u043b \u0421\u043e\u0440\u0442\u0438\u0440\u043e\u0432\u043e\u0447\u043d\u044b\u0439 \u0441\u0442\u043e\u043b \u043f\u0440\u043e\u0438\u0437\u0432\u043e\u0434\u0438\u0442\u0435\u043b\u044c\u043d\u043e\u0441\u0442\u044c\u044e \u0434\u043e 10 \u0442\/\u0447. \u0422\u0440\u0438\u0435\u0440 \u0421\u043e\u0440\u0442\u0438\u0440\u043e\u0432\u043a\u0430 \u0437\u0435\u0440\u043d\u0430 \u043f\u043e \u0434\u043b\u0438\u043d\u0435 \u0437\u0435\u0440\u043d\u0430 \u0441 \u043e\u0434\u0438\u043d\u0430\u043a\u043e\u0432\u044b\u043c \u0441\u0435\u0447\u0435\u043d\u0438\u0435\u043c. \u041f\u0430\u0440\u0442\u0438\u0439\u043d\u044b\u0435 \u043f\u0440\u043e\u0442\u0440\u0430\u0432\u043b\u0438\u0432\u0430\u0442\u0435\u043b\u0438 \u041f\u0440\u043e\u0442\u0440\u0430\u0432\u043b\u0438\u0432\u0430\u043d\u0438\u0435 \u0441\u0435\u043c\u044f\u043d \u043f\u0435\u0440\u0435\u0434 [...].","protected":false},"author":1,"featured_media":0,"parent":0,"menu_order":0,"comment_status":"closed","ping_status":"closed","template":"page-templates\/template-fullwidth.php","meta":{"footnotes":""},"class_list":["post-1681","page","type-page","status-publish","hentry"],"yoast_head":"<!-- This site is optimized with the Yoast SEO plugin v24.7 - https:\/\/yoast.com\/wordpress\/plugins\/seo\/ -->\n<title>Nasiennictwo | Zuptor<\/title>\n<meta name=\"description\" content=\"Zaawansowane technologie czyszczenia i sortowania ziarna. Maszyny czyszcz\u0105ce, sortowniki optyczne, sto\u0142y sortuj\u0105ce i tryjery.\" \/>\n<meta name=\"robots\" content=\"index, follow, max-snippet:-1, max-image-preview:large, max-video-preview:-1\" \/>\n<link rel=\"canonical\" href=\"https:\/\/zuptor.pl\/ru\/nasiennictwo\/\" \/>\n<meta property=\"og:locale\" content=\"ru_RU\" \/>\n<meta property=\"og:type\" content=\"article\" \/>\n<meta property=\"og:title\" content=\"Nasiennictwo | Zuptor\" \/>\n<meta property=\"og:description\" content=\"Zaawansowane technologie czyszczenia i sortowania ziarna. Maszyny czyszcz\u0105ce, sortowniki optyczne, sto\u0142y sortuj\u0105ce i tryjery.\" \/>\n<meta property=\"og:url\" content=\"https:\/\/zuptor.pl\/ru\/nasiennictwo\/\" \/>\n<meta property=\"og:site_name\" content=\"Zuptor\" \/>\n<meta property=\"article:modified_time\" content=\"2024-06-18T08:00:57+00:00\" \/>\n<meta name=\"twitter:card\" content=\"summary_large_image\" \/>\n<meta name=\"twitter:label1\" content=\"\u041f\u0440\u0438\u043c\u0435\u0440\u043d\u043e\u0435 \u0432\u0440\u0435\u043c\u044f \u0434\u043b\u044f \u0447\u0442\u0435\u043d\u0438\u044f\" \/>\n\t<meta name=\"twitter:data1\" content=\"3 \u043c\u0438\u043d\u0443\u0442\u044b\" \/>\n<script type=\"application\/ld+json\" class=\"yoast-schema-graph\">{\"@context\":\"https:\/\/schema.org\",\"@graph\":[{\"@type\":\"WebPage\",\"@id\":\"https:\/\/zuptor.pl\/nasiennictwo\/\",\"url\":\"https:\/\/zuptor.pl\/nasiennictwo\/\",\"name\":\"Nasiennictwo | Zuptor\",\"isPartOf\":{\"@id\":\"https:\/\/zuptor.pl\/#website\"},\"datePublished\":\"2024-04-24T10:23:29+00:00\",\"dateModified\":\"2024-06-18T08:00:57+00:00\",\"description\":\"Zaawansowane technologie czyszczenia i sortowania ziarna. Maszyny czyszcz\u0105ce, sortowniki optyczne, sto\u0142y sortuj\u0105ce i tryjery.\",\"breadcrumb\":{\"@id\":\"https:\/\/zuptor.pl\/nasiennictwo\/#breadcrumb\"},\"inLanguage\":\"ru-RU\",\"potentialAction\":[{\"@type\":\"ReadAction\",\"target\":[\"https:\/\/zuptor.pl\/nasiennictwo\/\"]}]},{\"@type\":\"BreadcrumbList\",\"@id\":\"https:\/\/zuptor.pl\/nasiennictwo\/#breadcrumb\",\"itemListElement\":[{\"@type\":\"ListItem\",\"position\":1,\"name\":\"Strona g\u0142\u00f3wna\",\"item\":\"https:\/\/zuptor.pl\/\"},{\"@type\":\"ListItem\",\"position\":2,\"name\":\"Nasiennictwo\"}]},{\"@type\":\"WebSite\",\"@id\":\"https:\/\/zuptor.pl\/#website\",\"url\":\"https:\/\/zuptor.pl\/\",\"name\":\"Zuptor\",\"description\":\"\",\"potentialAction\":[{\"@type\":\"SearchAction\",\"target\":{\"@type\":\"EntryPoint\",\"urlTemplate\":\"https:\/\/zuptor.pl\/?s={search_term_string}\"},\"query-input\":{\"@type\":\"PropertyValueSpecification\",\"valueRequired\":true,\"valueName\":\"search_term_string\"}}],\"inLanguage\":\"ru-RU\"}]}<\/script>\n<!-- \/ Yoast SEO plugin. -->","yoast_head_json":{"title":"Nasiennictwo | Zuptor","description":"Zaawansowane technologie czyszczenia i sortowania ziarna. Maszyny czyszcz\u0105ce, sortowniki optyczne, sto\u0142y sortuj\u0105ce i tryjery.","robots":{"index":"index","follow":"follow","max-snippet":"max-snippet:-1","max-image-preview":"max-image-preview:large","max-video-preview":"max-video-preview:-1"},"canonical":"https:\/\/zuptor.pl\/ru\/nasiennictwo\/","og_locale":"ru_RU","og_type":"article","og_title":"Nasiennictwo | Zuptor","og_description":"Zaawansowane technologie czyszczenia i sortowania ziarna. Maszyny czyszcz\u0105ce, sortowniki optyczne, sto\u0142y sortuj\u0105ce i tryjery.","og_url":"https:\/\/zuptor.pl\/ru\/nasiennictwo\/","og_site_name":"Zuptor","article_modified_time":"2024-06-18T08:00:57+00:00","twitter_card":"summary_large_image","twitter_misc":{"\u041f\u0440\u0438\u043c\u0435\u0440\u043d\u043e\u0435 \u0432\u0440\u0435\u043c\u044f \u0434\u043b\u044f \u0447\u0442\u0435\u043d\u0438\u044f":"3 \u043c\u0438\u043d\u0443\u0442\u044b"},"schema":{"@context":"https:\/\/schema.org","@graph":[{"@type":"WebPage","@id":"https:\/\/zuptor.pl\/nasiennictwo\/","url":"https:\/\/zuptor.pl\/nasiennictwo\/","name":"Nasiennictwo | Zuptor","isPartOf":{"@id":"https:\/\/zuptor.pl\/#website"},"datePublished":"2024-04-24T10:23:29+00:00","dateModified":"2024-06-18T08:00:57+00:00","description":"Zaawansowane technologie czyszczenia i sortowania ziarna. Maszyny czyszcz\u0105ce, sortowniki optyczne, sto\u0142y sortuj\u0105ce i tryjery.","breadcrumb":{"@id":"https:\/\/zuptor.pl\/nasiennictwo\/#breadcrumb"},"inLanguage":"ru-RU","potentialAction":[{"@type":"ReadAction","target":["https:\/\/zuptor.pl\/nasiennictwo\/"]}]},{"@type":"BreadcrumbList","@id":"https:\/\/zuptor.pl\/nasiennictwo\/#breadcrumb","itemListElement":[{"@type":"ListItem","position":1,"name":"Strona g\u0142\u00f3wna","item":"https:\/\/zuptor.pl\/"},{"@type":"ListItem","position":2,"name":"Nasiennictwo"}]},{"@type":"WebSite","@id":"https:\/\/zuptor.pl\/#website","url":"https:\/\/zuptor.pl\/","name":"\u0417\u0443\u043f\u0442\u043e\u0440","description":"","potentialAction":[{"@type":"SearchAction","target":{"@type":"EntryPoint","urlTemplate":"https:\/\/zuptor.pl\/?s={search_term_string}"},"query-input":{"@type":"PropertyValueSpecification","valueRequired":true,"valueName":"search_term_string"}}],"inLanguage":"ru-RU"}]}},"_links":{"self":[{"href":"https:\/\/zuptor.pl\/ru\/wp-json\/wp\/v2\/pages\/1681","targetHints":{"allow":["GET"]}}],"collection":[{"href":"https:\/\/zuptor.pl\/ru\/wp-json\/wp\/v2\/pages"}],"about":[{"href":"https:\/\/zuptor.pl\/ru\/wp-json\/wp\/v2\/types\/page"}],"author":[{"embeddable":true,"href":"https:\/\/zuptor.pl\/ru\/wp-json\/wp\/v2\/users\/1"}],"replies":[{"embeddable":true,"href":"https:\/\/zuptor.pl\/ru\/wp-json\/wp\/v2\/comments?post=1681"}],"version-history":[{"count":26,"href":"https:\/\/zuptor.pl\/ru\/wp-json\/wp\/v2\/pages\/1681\/revisions"}],"predecessor-version":[{"id":2607,"href":"https:\/\/zuptor.pl\/ru\/wp-json\/wp\/v2\/pages\/1681\/revisions\/2607"}],"wp:attachment":[{"href":"https:\/\/zuptor.pl\/ru\/wp-json\/wp\/v2\/media?parent=1681"}],"curies":[{"name":"wp","href":"https:\/\/api.w.org\/{rel}","templated":true}]}}