{"id":1672,"date":"2024-04-24T10:48:34","date_gmt":"2024-04-24T08:48:34","guid":{"rendered":"http:\/\/zuptor.dlatestu.co.pl\/?page_id=1672"},"modified":"2024-06-17T14:53:38","modified_gmt":"2024-06-17T12:53:38","slug":"mieszalnie-pasz-linie","status":"publish","type":"page","link":"https:\/\/zuptor.pl\/ru\/mieszalnie-pasz-linie\/","title":{"rendered":"\u041a\u043e\u043c\u0431\u0438\u043a\u043e\u0440\u043c\u043e\u0432\u044b\u0435 \u0437\u0430\u0432\u043e\u0434\u044b - \u043b\u0438\u043d\u0438\u0438"},"content":{"rendered":"<div class=\"wpb-content-wrapper\"><section class=\"vc_rows wpb_row vc_row-fluid bg-color-blue vc_custom_1712822687460\" ><div class=\"container\"><div class=\"row\"><div class=\"wpb_column vc_column_container vc_col-sm-12\"><div class=\"vc_column-inner\"><div class=\"wpb_wrapper\">\n\t\t\t<div class=\"col-md-8\">\n\t        <div class=\"wprt-spacer\" data-desktop=\"8\" data-mobi=\"0\" data-smobi=\"0\"><\/div>\n\t        <h2 class=\"text-white text-center-mobile font-size-20 margin-bottom-0\">\u041d\u0430\u0439\u0434\u0438\u0442\u0435 \u0434\u0438\u0441\u0442\u0440\u0438\u0431\u044c\u044e\u0442\u043e\u0440\u0430 \u0432 \u0432\u0430\u0448\u0435\u043c \u0440\u0435\u0433\u0438\u043e\u043d\u0435<\/h2>\n\t        <div class=\"wprt-spacer\" data-desktop=\"0\" data-mobi=\"20\" data-smobi=\"20\"><\/div>\n\t    <\/div>\n\n\t    <div class=\"col-md-4\">\n\t        <div class=\"text-right text-center-mobile\">\n\t        \n\t        <a class=\"wprt-button white rounded-3px\" href=\"https:\/\/zuptor.pl\/ru\/dystrybutorzy\/\" target=\"_self\">\u0414\u0418\u0421\u0422\u0420\u0418\u0411\u042c\u042e\u0422\u041e\u0420\u042b<\/a>\t        <\/div>\n\t    <\/div>\n\t\n<\/div><\/div><\/div><\/div><\/div><div class=\"clearfix\"><\/div><\/section><section class=\"vc_rows wpb_row vc_row-fluid vc_custom_1712137384089\" ><div class=\"container\"><div class=\"row\"><div class=\"wpb_column vc_column_container vc_col-sm-3\"><div class=\"vc_column-inner vc_custom_1712134221679\"><div class=\"wpb_wrapper\">\n\t<div  class=\"wpb_single_image wpb_content_element vc_align_left\">\n\t\t\n\t\t<figure class=\"wpb_wrapper vc_figure\">\n\t\t\t<a href=\"https:\/\/zuptor.pl\/ru\/mieszalnie-pasz-linie\/linie-do-przygotowania-paszy-z-mieszalnikiem-pionowym\/\" target=\"_self\" class=\"vc_single_image-wrapper   vc_box_border_grey\"><img loading=\"lazy\" decoding=\"async\" width=\"524\" height=\"393\" src=\"https:\/\/zuptor.pl\/wp-content\/uploads\/2024\/04\/linie-do-przygotowywania-paszy-z-mieszalnikiem-pionowym.jpg\" class=\"vc_single_image-img attachment-large\" alt=\"linie do przygotowywania paszy z mieszalnikiem pionowym\" title=\"\u041b\u0438\u043d\u0438\u044f \u043f\u043e\u0434\u0433\u043e\u0442\u043e\u0432\u043a\u0438 \u043a\u043e\u0440\u043c\u043e\u0432 \u0441 \u0432\u0435\u0440\u0442\u0438\u043a\u0430\u043b\u044c\u043d\u044b\u043c \u0441\u043c\u0435\u0441\u0438\u0442\u0435\u043b\u0435\u043c\" srcset=\"https:\/\/zuptor.pl\/wp-content\/uploads\/2024\/04\/linie-do-przygotowywania-paszy-z-mieszalnikiem-pionowym.jpg 524w, https:\/\/zuptor.pl\/wp-content\/uploads\/2024\/04\/linie-do-przygotowywania-paszy-z-mieszalnikiem-pionowym-300x225.jpg 300w\" sizes=\"auto, (max-width: 524px) 100vw, 524px\" \/><\/a>\n\t\t<\/figure>\n\t<\/div>\n\n\t<div class=\"wpb_text_column wpb_content_element\" >\n\t\t<div class=\"wpb_wrapper\">\n\t\t\t<h3 class=\"title font-size-18\"><a href=\"https:\/\/zuptor.pl\/ru\/mieszalnie-pasz-linie\/linie-do-przygotowania-paszy-z-mieszalnikiem-pionowym\/\">\u041b\u0438\u043d\u0438\u0438 \u043f\u0440\u0438\u0433\u043e\u0442\u043e\u0432\u043b\u0435\u043d\u0438\u044f \u043a\u043e\u0440\u043c\u043e\u0432 \u0441 \u0432\u0435\u0440\u0442\u0438\u043a\u0430\u043b\u044c\u043d\u044b\u043c \u0441\u043c\u0435\u0441\u0438\u0442\u0435\u043b\u0435\u043c<\/a><\/h3>\n<p>\u0418\u0434\u0435\u0430\u043b\u044c\u043d\u043e \u043f\u043e\u0434\u0445\u043e\u0434\u0438\u0442 \u0434\u043b\u044f \u043d\u0443\u0436\u0434 \u0444\u0435\u0440\u043c\u0435\u0440\u0441\u043a\u043e\u0433\u043e \u0445\u043e\u0437\u044f\u0439\u0441\u0442\u0432\u0430. \u041e\u0447\u0435\u043d\u044c \u043f\u0440\u043e\u0441\u0442 \u0432 \u0443\u043f\u0440\u0430\u0432\u043b\u0435\u043d\u0438\u0438.<\/p>\n\n\t\t<\/div>\n\t<\/div>\n<\/div><\/div><\/div><div class=\"wpb_column vc_column_container vc_col-sm-3\"><div class=\"vc_column-inner vc_custom_1712134238285\"><div class=\"wpb_wrapper\">\n\t<div  class=\"wpb_single_image wpb_content_element vc_align_left\">\n\t\t\n\t\t<figure class=\"wpb_wrapper vc_figure\">\n\t\t\t<a href=\"https:\/\/zuptor.pl\/ru\/mieszalnie-pasz-linie\/linie-do-przygotowania-paszy-z-mieszalnikiem-poziomym\/\" target=\"_self\" class=\"vc_single_image-wrapper   vc_box_border_grey\"><img loading=\"lazy\" decoding=\"async\" width=\"524\" height=\"393\" src=\"https:\/\/zuptor.pl\/wp-content\/uploads\/2024\/04\/linie-do-przygotwywania-paszy-z-mieszalnikiem-poziomym.jpg\" class=\"vc_single_image-img attachment-large\" alt=\"Linie do przygotowywania paszy z mieszalnikiem poziomym\" title=\"\u041b\u0438\u043d\u0438\u044f \u043f\u043e\u0434\u0433\u043e\u0442\u043e\u0432\u043a\u0438 \u043a\u043e\u0440\u043c\u043e\u0432 \u0441 \u0433\u043e\u0440\u0438\u0437\u043e\u043d\u0442\u0430\u043b\u044c\u043d\u044b\u043c \u0441\u043c\u0435\u0441\u0438\u0442\u0435\u043b\u0435\u043c\" srcset=\"https:\/\/zuptor.pl\/wp-content\/uploads\/2024\/04\/linie-do-przygotwywania-paszy-z-mieszalnikiem-poziomym.jpg 524w, https:\/\/zuptor.pl\/wp-content\/uploads\/2024\/04\/linie-do-przygotwywania-paszy-z-mieszalnikiem-poziomym-300x225.jpg 300w\" sizes=\"auto, (max-width: 524px) 100vw, 524px\" \/><\/a>\n\t\t<\/figure>\n\t<\/div>\n\n\t<div class=\"wpb_text_column wpb_content_element\" >\n\t\t<div class=\"wpb_wrapper\">\n\t\t\t<h3 class=\"title font-size-18\"><a href=\"https:\/\/zuptor.pl\/ru\/mieszalnie-pasz-linie\/linie-do-przygotowania-paszy-z-mieszalnikiem-poziomym\/\">\u041b\u0438\u043d\u0438\u0438 \u043f\u043e\u0434\u0433\u043e\u0442\u043e\u0432\u043a\u0438 \u043a\u043e\u0440\u043c\u043e\u0432 \u0441 \u0433\u043e\u0440\u0438\u0437\u043e\u043d\u0442\u0430\u043b\u044c\u043d\u044b\u043c \u0441\u043c\u0435\u0441\u0438\u0442\u0435\u043b\u0435\u043c<\/a><\/h3>\n<p>\u041f\u0440\u043e\u0441\u0442\u043e\u0439 \u0432 \u044d\u043a\u0441\u043f\u043b\u0443\u0430\u0442\u0430\u0446\u0438\u0438 \u0438 \u0432\u044b\u0441\u043e\u043a\u043e\u044d\u0444\u0444\u0435\u043a\u0442\u0438\u0432\u043d\u044b\u0439 \u0431\u043b\u0430\u0433\u043e\u0434\u0430\u0440\u044f \u0430\u0432\u0442\u043e\u043c\u0430\u0442\u0438\u0447\u0435\u0441\u043a\u043e\u043c\u0443 \u0443\u043f\u0440\u0430\u0432\u043b\u0435\u043d\u0438\u044e \u043f\u0440\u043e\u0446\u0435\u0441\u0441\u043e\u043c.<\/p>\n\n\t\t<\/div>\n\t<\/div>\n<\/div><\/div><\/div><div class=\"wpb_column vc_column_container vc_col-sm-3\"><div class=\"vc_column-inner vc_custom_1712134252455\"><div class=\"wpb_wrapper\">\n\t<div  class=\"wpb_single_image wpb_content_element vc_align_left\">\n\t\t\n\t\t<figure class=\"wpb_wrapper vc_figure\">\n\t\t\t<a href=\"https:\/\/zuptor.pl\/ru\/mieszalnie-pasz-linie\/linie-z-automatycznym-rozdzielaczem-ssacym\/\" target=\"_self\" class=\"vc_single_image-wrapper   vc_box_border_grey\"><img loading=\"lazy\" decoding=\"async\" width=\"640\" height=\"480\" src=\"https:\/\/zuptor.pl\/wp-content\/uploads\/2024\/05\/ARS01-768x576-1.jpg\" class=\"vc_single_image-img attachment-large\" alt=\"LINIE Z AUTOMATYCZNYM ROZDZIELACZEM SS\u0104CYM (ARS)\" title=\"ARS01-768x576\" srcset=\"https:\/\/zuptor.pl\/wp-content\/uploads\/2024\/05\/ARS01-768x576-1.jpg 768w, https:\/\/zuptor.pl\/wp-content\/uploads\/2024\/05\/ARS01-768x576-1-300x225.jpg 300w\" sizes=\"auto, (max-width: 640px) 100vw, 640px\" \/><\/a>\n\t\t<\/figure>\n\t<\/div>\n\n\t<div class=\"wpb_text_column wpb_content_element\" >\n\t\t<div class=\"wpb_wrapper\">\n\t\t\t<h3 class=\"title font-size-18\"><a href=\"https:\/\/zuptor.pl\/ru\/mieszalnie-pasz-linie\/linie-z-automatycznym-rozdzielaczem-ssacym\/\">\u041b\u0438\u043d\u0438\u0438 \u0441 \u0430\u0432\u0442\u043e\u043c\u0430\u0442\u0438\u0447\u0435\u0441\u043a\u0438\u043c \u0440\u0430\u0441\u043f\u0440\u0435\u0434\u0435\u043b\u0438\u0442\u0435\u043b\u0435\u043c \u0432\u0441\u0430\u0441\u044b\u0432\u0430\u043d\u0438\u044f (ARS)<\/a><\/h3>\n<p>\u0418\u043d\u043d\u043e\u0432\u0430\u0446\u0438\u043e\u043d\u043d\u043e\u0435 \u0440\u0435\u0448\u0435\u043d\u0438\u0435 \u0434\u043b\u044f \u0430\u0432\u0442\u043e\u043c\u0430\u0442\u0438\u0447\u0435\u0441\u043a\u043e\u0433\u043e \u0434\u043e\u0437\u0438\u0440\u043e\u0432\u0430\u043d\u0438\u044f \u0437\u0435\u0440\u043d\u0430 \u0438\u0437 \u0431\u0443\u043d\u043a\u0435\u0440\u0430 \u0438\u043b\u0438 \u0432\u043e\u0440\u043e\u0445\u0430.<\/p>\n\n\t\t<\/div>\n\t<\/div>\n<\/div><\/div><\/div><div class=\"wpb_column vc_column_container vc_col-sm-3\"><div class=\"vc_column-inner\"><div class=\"wpb_wrapper\">\n\t<div  class=\"wpb_single_image wpb_content_element vc_align_left\">\n\t\t\n\t\t<figure class=\"wpb_wrapper vc_figure\">\n\t\t\t<a href=\"https:\/\/zuptor.pl\/ru\/mieszalnie-pasz-linie\/kompakt-rozdrabniajaco-mieszajacy\/\" target=\"_self\" class=\"vc_single_image-wrapper   vc_box_border_grey\"><img loading=\"lazy\" decoding=\"async\" width=\"640\" height=\"480\" src=\"https:\/\/zuptor.pl\/wp-content\/uploads\/2024\/05\/KRM4-768x576-1.jpg\" class=\"vc_single_image-img attachment-large\" alt=\"Kompakt rozdrabniaj\u0105co-mieszaj\u0105cy (KRM) - 07\" title=\"KRM4-768x576\" srcset=\"https:\/\/zuptor.pl\/wp-content\/uploads\/2024\/05\/KRM4-768x576-1.jpg 768w, https:\/\/zuptor.pl\/wp-content\/uploads\/2024\/05\/KRM4-768x576-1-300x225.jpg 300w\" sizes=\"auto, (max-width: 640px) 100vw, 640px\" \/><\/a>\n\t\t<\/figure>\n\t<\/div>\n\n\t<div class=\"wpb_text_column wpb_content_element\" >\n\t\t<div class=\"wpb_wrapper\">\n\t\t\t<h3 class=\"title font-size-18\"><a href=\"https:\/\/zuptor.pl\/ru\/mieszalnie-pasz-linie\/kompakt-rozdrabniajaco-mieszajacy\/\">\u0421\u043c\u0435\u0441\u0438\u0442\u0435\u043b\u044c\u043d\u044b\u0439 \u043a\u0430\u0442\u043e\u043a (KRM)<\/a><\/h3>\n<p>\u041a\u043e\u043c\u043f\u0430\u043a\u0442\u043e\u0440 \u0434\u043b\u044f \u0438\u0437\u043c\u0435\u043b\u044c\u0447\u0435\u043d\u0438\u044f \u0438 \u0441\u043c\u0435\u0448\u0438\u0432\u0430\u043d\u0438\u044f (KRM) \u043e\u0431\u0435\u0441\u043f\u0435\u0447\u0438\u0432\u0430\u0435\u0442 \u044d\u0444\u0444\u0435\u043a\u0442\u0438\u0432\u043d\u043e\u0435 \u0438 \u0442\u043e\u0447\u043d\u043e\u0435 \u043f\u0440\u0438\u0433\u043e\u0442\u043e\u0432\u043b\u0435\u043d\u0438\u0435 \u043a\u043e\u0440\u043c\u0430 \u0434\u043b\u044f \u0441\u043a\u043e\u0442\u0430.<\/p>\n\n\t\t<\/div>\n\t<\/div>\n<\/div><\/div><\/div><\/div><\/div><div class=\"clearfix\"><\/div><\/section><section class=\"vc_rows wpb_row vc_row-fluid vc_custom_1712134713158\" ><div class=\"container\"><div class=\"row\"><div class=\"wpb_column vc_column_container vc_col-sm-3\"><div class=\"vc_column-inner vc_custom_1712134275487\"><div class=\"wpb_wrapper\">\n\t<div  class=\"wpb_single_image wpb_content_element vc_align_left\">\n\t\t\n\t\t<figure class=\"wpb_wrapper vc_figure\">\n\t\t\t<a href=\"https:\/\/zuptor.pl\/ru\/mieszalnie-pasz-linie\/automatyczne-mieszalnie-pasz-amp\/\" target=\"_self\" class=\"vc_single_image-wrapper   vc_box_border_grey\"><img loading=\"lazy\" decoding=\"async\" width=\"524\" height=\"393\" src=\"https:\/\/zuptor.pl\/wp-content\/uploads\/2024\/04\/automatyczna-mieszalnia-pasz.jpg\" class=\"vc_single_image-img attachment-large\" alt=\"automatyczna mieszalnia pasz\" title=\"\u0430\u0432\u0442\u043e\u043c\u0430\u0442\u0438\u0447\u0435\u0441\u043a\u0430\u044f \u043f\u043e\u0434\u0430\u0447\u0430 \u0441\u043c\u0435\u0441\u0438\u0442\u0435\u043b\u044f\" srcset=\"https:\/\/zuptor.pl\/wp-content\/uploads\/2024\/04\/automatyczna-mieszalnia-pasz.jpg 524w, https:\/\/zuptor.pl\/wp-content\/uploads\/2024\/04\/automatyczna-mieszalnia-pasz-300x225.jpg 300w\" sizes=\"auto, (max-width: 524px) 100vw, 524px\" \/><\/a>\n\t\t<\/figure>\n\t<\/div>\n\n\t<div class=\"wpb_text_column wpb_content_element\" >\n\t\t<div class=\"wpb_wrapper\">\n\t\t\t<h3 class=\"title font-size-18\"><a href=\"https:\/\/zuptor.pl\/ru\/mieszalnie-pasz-linie\/automatyczne-mieszalnie-pasz-amp\/\">\u0410\u0432\u0442\u043e\u043c\u0430\u0442\u0438\u0447\u0435\u0441\u043a\u0430\u044f \u0441\u043c\u0435\u0441\u0438\u0442\u0435\u043b\u044c\u043d\u0430\u044f \u0443\u0441\u0442\u0430\u043d\u043e\u0432\u043a\u0430 (AMP)<\/a><\/h3>\n<p>\u0418\u043d\u0434\u0438\u0432\u0438\u0434\u0443\u0430\u043b\u044c\u043d\u044b\u0439 \u0434\u0438\u0437\u0430\u0439\u043d \u0432 \u0441\u043e\u043e\u0442\u0432\u0435\u0442\u0441\u0442\u0432\u0438\u0438 \u0441 \u043f\u043e\u0442\u0440\u0435\u0431\u043d\u043e\u0441\u0442\u044f\u043c\u0438 \u043f\u0440\u043e\u0438\u0437\u0432\u043e\u0434\u0438\u0442\u0435\u043b\u044c\u043d\u043e\u0441\u0442\u0438.<\/p>\n\n\t\t<\/div>\n\t<\/div>\n<\/div><\/div><\/div><div class=\"wpb_column vc_column_container vc_col-sm-3\"><div class=\"vc_column-inner vc_custom_1712134285741\"><div class=\"wpb_wrapper\"><\/div><\/div><\/div><div class=\"wpb_column vc_column_container vc_col-sm-3\"><div class=\"vc_column-inner vc_custom_1712134296858\"><div class=\"wpb_wrapper\"><\/div><\/div><\/div><div class=\"wpb_column vc_column_container vc_col-sm-3\"><div class=\"vc_column-inner\"><div class=\"wpb_wrapper\"><\/div><\/div><\/div><\/div><\/div><div class=\"clearfix\"><\/div><\/section><section class=\"vc_rows wpb_row vc_row-fluid\" ><div class=\"container\"><div class=\"row\"><div class=\"wpb_column vc_column_container vc_col-sm-12\"><div class=\"vc_column-inner\"><div class=\"wpb_wrapper\"><div class=\"vc_empty_space\"   style=\"height: 80px\"><span class=\"vc_empty_space_inner\"><\/span><\/div><\/div><\/div><\/div><\/div><\/div><div class=\"clearfix\"><\/div><\/section>\n<\/div>","protected":false},"excerpt":{"rendered":"\u041d\u0430\u0439\u0434\u0438\u0442\u0435 \u0434\u0438\u0441\u0442\u0440\u0438\u0431\u044c\u044e\u0442\u043e\u0440\u0430 \u0432 \u0432\u0430\u0448\u0435\u043c \u0440\u0435\u0433\u0438\u043e\u043d\u0435 \u0414\u0418\u0421\u0422\u0420\u0418\u0411\u042c\u042e\u0422\u041e\u0420\u042b \u0412\u0435\u0440\u0442\u0438\u043a\u0430\u043b\u044c\u043d\u044b\u0435 \u043b\u0438\u043d\u0438\u0438 \u043f\u0440\u0438\u0433\u043e\u0442\u043e\u0432\u043b\u0435\u043d\u0438\u044f \u043a\u043e\u0440\u043c\u043e\u0432 \u0441 \u043c\u0438\u043a\u0441\u0435\u0440\u043e\u043c \u0418\u0434\u0435\u0430\u043b\u044c\u043d\u043e \u043f\u043e\u0434\u0445\u043e\u0434\u044f\u0442 \u0434\u043b\u044f \u043d\u0443\u0436\u0434 \u0444\u0435\u0440\u043c\u0435\u0440\u0441\u043a\u043e\u0433\u043e \u0445\u043e\u0437\u044f\u0439\u0441\u0442\u0432\u0430. \u041e\u0447\u0435\u043d\u044c \u043f\u0440\u043e\u0441\u0442\u044b \u0432 \u044d\u043a\u0441\u043f\u043b\u0443\u0430\u0442\u0430\u0446\u0438\u0438. \u041b\u0438\u043d\u0438\u0438 \u043f\u0440\u0438\u0433\u043e\u0442\u043e\u0432\u043b\u0435\u043d\u0438\u044f \u043a\u043e\u0440\u043c\u043e\u0432 \u0441 \u0433\u043e\u0440\u0438\u0437\u043e\u043d\u0442\u0430\u043b\u044c\u043d\u044b\u043c \u0441\u043c\u0435\u0441\u0438\u0442\u0435\u043b\u0435\u043c \u041f\u0440\u043e\u0441\u0442\u044b\u0435 \u0432 \u044d\u043a\u0441\u043f\u043b\u0443\u0430\u0442\u0430\u0446\u0438\u0438 \u0438 \u043e\u0447\u0435\u043d\u044c \u044d\u0444\u0444\u0435\u043a\u0442\u0438\u0432\u043d\u044b\u0435 \u0431\u043b\u0430\u0433\u043e\u0434\u0430\u0440\u044f \u0430\u0432\u0442\u043e\u043c\u0430\u0442\u0438\u0447\u0435\u0441\u043a\u043e\u043c\u0443 \u0443\u043f\u0440\u0430\u0432\u043b\u0435\u043d\u0438\u044e \u043f\u0440\u043e\u0446\u0435\u0441\u0441\u043e\u043c. \u041b\u0438\u043d\u0438\u0438 \u0441 \u0430\u0432\u0442\u043e\u043c\u0430\u0442\u0438\u0447\u0435\u0441\u043a\u0438\u043c \u0432\u0441\u0430\u0441\u044b\u0432\u0430\u044e\u0449\u0438\u043c \u0440\u0430\u0441\u043f\u0440\u0435\u0434\u0435\u043b\u0438\u0442\u0435\u043b\u0435\u043c (ARS) \u0418\u043d\u043d\u043e\u0432\u0430\u0446\u0438\u043e\u043d\u043d\u043e\u0435 \u0440\u0435\u0448\u0435\u043d\u0438\u0435 \u0434\u043b\u044f \u0430\u0432\u0442\u043e\u043c\u0430\u0442\u0438\u0447\u0435\u0441\u043a\u043e\u0433\u043e \u0434\u043e\u0437\u0438\u0440\u043e\u0432\u0430\u043d\u0438\u044f \u0437\u0435\u0440\u043d\u0430 \u0438\u0437 \u0441\u0438\u043b\u043e\u0441\u043e\u0432 \u0438\u043b\u0438 [...]...","protected":false},"author":1,"featured_media":0,"parent":0,"menu_order":0,"comment_status":"closed","ping_status":"closed","template":"page-templates\/template-fullwidth.php","meta":{"footnotes":""},"class_list":["post-1672","page","type-page","status-publish","hentry"],"yoast_head":"<!-- This site is optimized with the Yoast SEO plugin v24.7 - https:\/\/yoast.com\/wordpress\/plugins\/seo\/ -->\n<title>Mieszalnie pasz - linie | Zuptor<\/title>\n<meta name=\"description\" content=\"Innowacyjne rozwi\u0105zania jak automatyczny rozdzielacz ss\u0105cy i kompakt rozdrabniaj\u0105co-mieszaj\u0105cy. Projektowanie wed\u0142ug indywidualnych potrzeb.\" \/>\n<meta name=\"robots\" content=\"index, follow, max-snippet:-1, max-image-preview:large, max-video-preview:-1\" \/>\n<link rel=\"canonical\" href=\"https:\/\/zuptor.pl\/ru\/mieszalnie-pasz-linie\/\" \/>\n<meta property=\"og:locale\" content=\"ru_RU\" \/>\n<meta property=\"og:type\" content=\"article\" \/>\n<meta property=\"og:title\" content=\"Mieszalnie pasz - linie | Zuptor\" \/>\n<meta property=\"og:description\" content=\"Innowacyjne rozwi\u0105zania jak automatyczny rozdzielacz ss\u0105cy i kompakt rozdrabniaj\u0105co-mieszaj\u0105cy. Projektowanie wed\u0142ug indywidualnych potrzeb.\" \/>\n<meta property=\"og:url\" content=\"https:\/\/zuptor.pl\/ru\/mieszalnie-pasz-linie\/\" \/>\n<meta property=\"og:site_name\" content=\"Zuptor\" \/>\n<meta property=\"article:modified_time\" content=\"2024-06-17T12:53:38+00:00\" \/>\n<meta name=\"twitter:card\" content=\"summary_large_image\" \/>\n<meta name=\"twitter:label1\" content=\"\u041f\u0440\u0438\u043c\u0435\u0440\u043d\u043e\u0435 \u0432\u0440\u0435\u043c\u044f \u0434\u043b\u044f \u0447\u0442\u0435\u043d\u0438\u044f\" \/>\n\t<meta name=\"twitter:data1\" content=\"2 \u043c\u0438\u043d\u0443\u0442\u044b\" \/>\n<script type=\"application\/ld+json\" class=\"yoast-schema-graph\">{\"@context\":\"https:\/\/schema.org\",\"@graph\":[{\"@type\":\"WebPage\",\"@id\":\"https:\/\/zuptor.pl\/mieszalnie-pasz-linie\/\",\"url\":\"https:\/\/zuptor.pl\/mieszalnie-pasz-linie\/\",\"name\":\"Mieszalnie pasz - linie | Zuptor\",\"isPartOf\":{\"@id\":\"https:\/\/zuptor.pl\/#website\"},\"datePublished\":\"2024-04-24T08:48:34+00:00\",\"dateModified\":\"2024-06-17T12:53:38+00:00\",\"description\":\"Innowacyjne rozwi\u0105zania jak automatyczny rozdzielacz ss\u0105cy i kompakt rozdrabniaj\u0105co-mieszaj\u0105cy. Projektowanie wed\u0142ug indywidualnych potrzeb.\",\"breadcrumb\":{\"@id\":\"https:\/\/zuptor.pl\/mieszalnie-pasz-linie\/#breadcrumb\"},\"inLanguage\":\"ru-RU\",\"potentialAction\":[{\"@type\":\"ReadAction\",\"target\":[\"https:\/\/zuptor.pl\/mieszalnie-pasz-linie\/\"]}]},{\"@type\":\"BreadcrumbList\",\"@id\":\"https:\/\/zuptor.pl\/mieszalnie-pasz-linie\/#breadcrumb\",\"itemListElement\":[{\"@type\":\"ListItem\",\"position\":1,\"name\":\"Strona g\u0142\u00f3wna\",\"item\":\"https:\/\/zuptor.pl\/\"},{\"@type\":\"ListItem\",\"position\":2,\"name\":\"Mieszalnie pasz &#8211; linie\"}]},{\"@type\":\"WebSite\",\"@id\":\"https:\/\/zuptor.pl\/#website\",\"url\":\"https:\/\/zuptor.pl\/\",\"name\":\"Zuptor\",\"description\":\"\",\"potentialAction\":[{\"@type\":\"SearchAction\",\"target\":{\"@type\":\"EntryPoint\",\"urlTemplate\":\"https:\/\/zuptor.pl\/?s={search_term_string}\"},\"query-input\":{\"@type\":\"PropertyValueSpecification\",\"valueRequired\":true,\"valueName\":\"search_term_string\"}}],\"inLanguage\":\"ru-RU\"}]}<\/script>\n<!-- \/ Yoast SEO plugin. -->","yoast_head_json":{"title":"Mieszalnie pasz - linie | Zuptor","description":"Innowacyjne rozwi\u0105zania jak automatyczny rozdzielacz ss\u0105cy i kompakt rozdrabniaj\u0105co-mieszaj\u0105cy. Projektowanie wed\u0142ug indywidualnych potrzeb.","robots":{"index":"index","follow":"follow","max-snippet":"max-snippet:-1","max-image-preview":"max-image-preview:large","max-video-preview":"max-video-preview:-1"},"canonical":"https:\/\/zuptor.pl\/ru\/mieszalnie-pasz-linie\/","og_locale":"ru_RU","og_type":"article","og_title":"Mieszalnie pasz - linie | Zuptor","og_description":"Innowacyjne rozwi\u0105zania jak automatyczny rozdzielacz ss\u0105cy i kompakt rozdrabniaj\u0105co-mieszaj\u0105cy. Projektowanie wed\u0142ug indywidualnych potrzeb.","og_url":"https:\/\/zuptor.pl\/ru\/mieszalnie-pasz-linie\/","og_site_name":"Zuptor","article_modified_time":"2024-06-17T12:53:38+00:00","twitter_card":"summary_large_image","twitter_misc":{"\u041f\u0440\u0438\u043c\u0435\u0440\u043d\u043e\u0435 \u0432\u0440\u0435\u043c\u044f \u0434\u043b\u044f \u0447\u0442\u0435\u043d\u0438\u044f":"2 \u043c\u0438\u043d\u0443\u0442\u044b"},"schema":{"@context":"https:\/\/schema.org","@graph":[{"@type":"WebPage","@id":"https:\/\/zuptor.pl\/mieszalnie-pasz-linie\/","url":"https:\/\/zuptor.pl\/mieszalnie-pasz-linie\/","name":"Mieszalnie pasz - linie | Zuptor","isPartOf":{"@id":"https:\/\/zuptor.pl\/#website"},"datePublished":"2024-04-24T08:48:34+00:00","dateModified":"2024-06-17T12:53:38+00:00","description":"Innowacyjne rozwi\u0105zania jak automatyczny rozdzielacz ss\u0105cy i kompakt rozdrabniaj\u0105co-mieszaj\u0105cy. Projektowanie wed\u0142ug indywidualnych potrzeb.","breadcrumb":{"@id":"https:\/\/zuptor.pl\/mieszalnie-pasz-linie\/#breadcrumb"},"inLanguage":"ru-RU","potentialAction":[{"@type":"ReadAction","target":["https:\/\/zuptor.pl\/mieszalnie-pasz-linie\/"]}]},{"@type":"BreadcrumbList","@id":"https:\/\/zuptor.pl\/mieszalnie-pasz-linie\/#breadcrumb","itemListElement":[{"@type":"ListItem","position":1,"name":"Strona g\u0142\u00f3wna","item":"https:\/\/zuptor.pl\/"},{"@type":"ListItem","position":2,"name":"Mieszalnie pasz &#8211; linie"}]},{"@type":"WebSite","@id":"https:\/\/zuptor.pl\/#website","url":"https:\/\/zuptor.pl\/","name":"\u0417\u0443\u043f\u0442\u043e\u0440","description":"","potentialAction":[{"@type":"SearchAction","target":{"@type":"EntryPoint","urlTemplate":"https:\/\/zuptor.pl\/?s={search_term_string}"},"query-input":{"@type":"PropertyValueSpecification","valueRequired":true,"valueName":"search_term_string"}}],"inLanguage":"ru-RU"}]}},"_links":{"self":[{"href":"https:\/\/zuptor.pl\/ru\/wp-json\/wp\/v2\/pages\/1672","targetHints":{"allow":["GET"]}}],"collection":[{"href":"https:\/\/zuptor.pl\/ru\/wp-json\/wp\/v2\/pages"}],"about":[{"href":"https:\/\/zuptor.pl\/ru\/wp-json\/wp\/v2\/types\/page"}],"author":[{"embeddable":true,"href":"https:\/\/zuptor.pl\/ru\/wp-json\/wp\/v2\/users\/1"}],"replies":[{"embeddable":true,"href":"https:\/\/zuptor.pl\/ru\/wp-json\/wp\/v2\/comments?post=1672"}],"version-history":[{"count":37,"href":"https:\/\/zuptor.pl\/ru\/wp-json\/wp\/v2\/pages\/1672\/revisions"}],"predecessor-version":[{"id":2602,"href":"https:\/\/zuptor.pl\/ru\/wp-json\/wp\/v2\/pages\/1672\/revisions\/2602"}],"wp:attachment":[{"href":"https:\/\/zuptor.pl\/ru\/wp-json\/wp\/v2\/media?parent=1672"}],"curies":[{"name":"wp","href":"https:\/\/api.w.org\/{rel}","templated":true}]}}