{"id":1641,"date":"2024-04-24T09:40:03","date_gmt":"2024-04-24T07:40:03","guid":{"rendered":"http:\/\/zuptor.dlatestu.co.pl\/?page_id=1641"},"modified":"2024-11-18T14:49:15","modified_gmt":"2024-11-18T13:49:15","slug":"mieszalniki-pasz","status":"publish","type":"page","link":"https:\/\/zuptor.pl\/ru\/mieszalniki-pasz\/","title":{"rendered":"\u0421\u043c\u0435\u0441\u0438\u0442\u0435\u043b\u0438 \u043a\u043e\u0440\u043c\u043e\u0432"},"content":{"rendered":"<div class=\"wpb-content-wrapper\"><section class=\"vc_rows wpb_row vc_row-fluid bg-color-blue vc_custom_1712822687460\" ><div class=\"container\"><div class=\"row\"><div class=\"wpb_column vc_column_container vc_col-sm-12\"><div class=\"vc_column-inner\"><div class=\"wpb_wrapper\">\n\t\t\t<div class=\"col-md-8\">\n\t        <div class=\"wprt-spacer\" data-desktop=\"8\" data-mobi=\"0\" data-smobi=\"0\"><\/div>\n\t        <h2 class=\"text-white text-center-mobile font-size-20 margin-bottom-0\">\u041d\u0430\u0439\u0434\u0438\u0442\u0435 \u0434\u0438\u0441\u0442\u0440\u0438\u0431\u044c\u044e\u0442\u043e\u0440\u0430 \u0432 \u0432\u0430\u0448\u0435\u043c \u0440\u0435\u0433\u0438\u043e\u043d\u0435<\/h2>\n\t        <div class=\"wprt-spacer\" data-desktop=\"0\" data-mobi=\"20\" data-smobi=\"20\"><\/div>\n\t    <\/div>\n\n\t    <div class=\"col-md-4\">\n\t        <div class=\"text-right text-center-mobile\">\n\t        \n\t        <a class=\"wprt-button white rounded-3px\" href=\"https:\/\/zuptor.pl\/ru\/dystrybutorzy\/\" target=\"_self\">\u0414\u0418\u0421\u0422\u0420\u0418\u0411\u042c\u042e\u0422\u041e\u0420\u042b<\/a>\t        <\/div>\n\t    <\/div>\n\t\n<\/div><\/div><\/div><\/div><\/div><div class=\"clearfix\"><\/div><\/section><section class=\"vc_rows wpb_row vc_row-fluid vc_custom_1712137384089\" ><div class=\"container\"><div class=\"row\"><div class=\"wpb_column vc_column_container vc_col-sm-4\"><div class=\"vc_column-inner vc_custom_1712134221679\"><div class=\"wpb_wrapper\">\n\t<div  class=\"wpb_single_image wpb_content_element vc_align_left\">\n\t\t\n\t\t<figure class=\"wpb_wrapper vc_figure\">\n\t\t\t<a href=\"https:\/\/zuptor.pl\/ru\/mieszalniki-pasz\/mieszalniki-pasz-pionowe\/\" target=\"_self\" class=\"vc_single_image-wrapper   vc_box_border_grey\"><img loading=\"lazy\" decoding=\"async\" width=\"524\" height=\"393\" src=\"https:\/\/zuptor.pl\/wp-content\/uploads\/2024\/06\/mieszalniki-pasz-main.jpg\" class=\"vc_single_image-img attachment-large\" alt=\"mieszalniki-pasz-main\" title=\"\u0441\u043c\u0435\u0441\u0438\u0442\u0435\u043b\u044c-\u043f\u0438\u0442\u0430\u0442\u0435\u043b\u044c-\u0433\u043b\u0430\u0432\u043d\u044b\u0439\" srcset=\"https:\/\/zuptor.pl\/wp-content\/uploads\/2024\/06\/mieszalniki-pasz-main.jpg 524w, https:\/\/zuptor.pl\/wp-content\/uploads\/2024\/06\/mieszalniki-pasz-main-300x225.jpg 300w\" sizes=\"auto, (max-width: 524px) 100vw, 524px\" \/><\/a>\n\t\t<\/figure>\n\t<\/div>\n\n\t<div class=\"wpb_text_column wpb_content_element\" >\n\t\t<div class=\"wpb_wrapper\">\n\t\t\t<h3 class=\"title font-size-18\"><a href=\"https:\/\/zuptor.pl\/ru\/mieszalniki-pasz\/mieszalniki-pasz-pionowe\/\">\u0412\u0435\u0440\u0442\u0438\u043a\u0430\u043b\u044c\u043d\u044b\u0435 \u0441\u043c\u0435\u0441\u0438\u0442\u0435\u043b\u0438<\/a><\/h3>\n<p>\u041e\u043d\u0438 \u043f\u0440\u0435\u0434\u043d\u0430\u0437\u043d\u0430\u0447\u0435\u043d\u044b \u0434\u043b\u044f \u043f\u0440\u0438\u0433\u043e\u0442\u043e\u0432\u043b\u0435\u043d\u0438\u044f \u0441\u0443\u0445\u0438\u0445 \u0441\u044b\u043f\u0443\u0447\u0438\u0445 \u043a\u043e\u0440\u043c\u043e\u0432 \u0434\u043b\u044f \u0440\u0430\u0437\u043b\u0438\u0447\u043d\u044b\u0445 \u0433\u0440\u0443\u043f\u043f \u0441\u043a\u043e\u0442\u0430.<\/p>\n\n\t\t<\/div>\n\t<\/div>\n<\/div><\/div><\/div><div class=\"wpb_column vc_column_container vc_col-sm-4\"><div class=\"vc_column-inner vc_custom_1712134238285\"><div class=\"wpb_wrapper\">\n\t<div  class=\"wpb_single_image wpb_content_element vc_align_left\">\n\t\t\n\t\t<figure class=\"wpb_wrapper vc_figure\">\n\t\t\t<a href=\"https:\/\/zuptor.pl\/ru\/mieszalniki-pasz\/mieszalniki-pionowe-z-koszem-na-podajniku-slimakowym\/\" target=\"_self\" class=\"vc_single_image-wrapper   vc_box_border_grey\"><img loading=\"lazy\" decoding=\"async\" width=\"524\" height=\"393\" src=\"https:\/\/zuptor.pl\/wp-content\/uploads\/2024\/06\/mieszalnie-pionowe-kosz-podajnik-main.jpg\" class=\"vc_single_image-img attachment-large\" alt=\"Mieszalniki pionowe z koszem na podajniku \u015blimakowym\" title=\"\u0421\u043c\u0435\u0441\u0438\u0442\u0435\u043b\u0438-\u0432\u0435\u0440\u0442\u0438\u043a\u0430\u043b\u044c\u043d\u044b\u0435-\u0431\u0430\u043a\u0438-\u0433\u043b\u0430\u0432\u043d\u044b\u0435\" srcset=\"https:\/\/zuptor.pl\/wp-content\/uploads\/2024\/06\/mieszalnie-pionowe-kosz-podajnik-main.jpg 524w, https:\/\/zuptor.pl\/wp-content\/uploads\/2024\/06\/mieszalnie-pionowe-kosz-podajnik-main-300x225.jpg 300w\" sizes=\"auto, (max-width: 524px) 100vw, 524px\" \/><\/a>\n\t\t<\/figure>\n\t<\/div>\n\n\t<div class=\"wpb_text_column wpb_content_element\" >\n\t\t<div class=\"wpb_wrapper\">\n\t\t\t<h3 class=\"title font-size-18\"><a href=\"https:\/\/zuptor.pl\/ru\/mieszalniki-pasz\/mieszalniki-pionowe-z-koszem-na-podajniku-slimakowym\/\">\u0412\u0435\u0440\u0442\u0438\u043a\u0430\u043b\u044c\u043d\u044b\u0435 \u0441\u043c\u0435\u0441\u0438\u0442\u0435\u043b\u0438 \u0441 \u0431\u0443\u043d\u043a\u0435\u0440\u043e\u043c \u043d\u0430 \u0448\u043d\u0435\u043a\u043e\u0432\u043e\u043c \u043f\u0438\u0442\u0430\u0442\u0435\u043b\u0435<\/a><\/h3>\n<p>\u041c\u043e\u0436\u0435\u0442 \u0441\u043e\u0447\u0435\u0442\u0430\u0442\u044c\u0441\u044f \u0441 \u0432\u0441\u0430\u0441\u044b\u0432\u0430\u044e\u0449\u0438\u043c \u0438 \u043d\u0430\u0433\u043d\u0435\u0442\u0430\u0442\u0435\u043b\u044c\u043d\u044b\u043c \u0438\u0437\u043c\u0435\u043b\u044c\u0447\u0438\u0442\u0435\u043b\u0435\u043c \u0438\u043b\u0438 \u0438\u0437\u043c\u0435\u043b\u044c\u0447\u0438\u0442\u0435\u043b\u0435\u043c \u0441 \u0433\u0440\u0430\u0432\u0438\u0442\u0430\u0446\u0438\u043e\u043d\u043d\u043e\u0439 \u043f\u043e\u0434\u0430\u0447\u0435\u0439.<\/p>\n\n\t\t<\/div>\n\t<\/div>\n<\/div><\/div><\/div><div class=\"wpb_column vc_column_container vc_col-sm-4\"><div class=\"vc_column-inner vc_custom_1712134252455\"><div class=\"wpb_wrapper\">\n\t<div  class=\"wpb_single_image wpb_content_element vc_align_left\">\n\t\t\n\t\t<figure class=\"wpb_wrapper vc_figure\">\n\t\t\t<a href=\"https:\/\/zuptor.pl\/ru\/mieszalniki-pasz\/mieszalniki-pasz-poziome\/\" target=\"_self\" class=\"vc_single_image-wrapper   vc_box_border_grey\"><img loading=\"lazy\" decoding=\"async\" width=\"524\" height=\"393\" src=\"https:\/\/zuptor.pl\/wp-content\/uploads\/2024\/06\/mieszalniki-poziome-main.png\" class=\"vc_single_image-img attachment-large\" alt=\"Mieszalniki poziome\" title=\"\u0441\u043c\u0435\u0441\u0438\u0442\u0435\u043b\u0438-\u0433\u043e\u0440\u0438\u0437\u043e\u043d\u0442\u0430\u043b\u044c\u043d\u044b\u0435-\u0433\u043b\u0430\u0432\u043d\u044b\u0435\" srcset=\"https:\/\/zuptor.pl\/wp-content\/uploads\/2024\/06\/mieszalniki-poziome-main.png 524w, https:\/\/zuptor.pl\/wp-content\/uploads\/2024\/06\/mieszalniki-poziome-main-300x225.png 300w\" sizes=\"auto, (max-width: 524px) 100vw, 524px\" \/><\/a>\n\t\t<\/figure>\n\t<\/div>\n\n\t<div class=\"wpb_text_column wpb_content_element\" >\n\t\t<div class=\"wpb_wrapper\">\n\t\t\t<h3 class=\"title font-size-18\"><a href=\"https:\/\/zuptor.pl\/ru\/mieszalniki-pasz\/mieszalniki-pasz-poziome\/\">\u0413\u043e\u0440\u0438\u0437\u043e\u043d\u0442\u0430\u043b\u044c\u043d\u044b\u0435 \u0441\u043c\u0435\u0441\u0438\u0442\u0435\u043b\u0438<\/a><\/h3>\n<p>\u0412\u043e\u0437\u043c\u043e\u0436\u043d\u0430 \u0440\u0430\u0431\u043e\u0442\u0430 \u0432 \u043e\u0434\u0438\u043d\u043e\u0447\u043a\u0443 \u0438\u043b\u0438 \u043d\u0430 \u0430\u0432\u0442\u043e\u043c\u0430\u0442\u0438\u0437\u0438\u0440\u043e\u0432\u0430\u043d\u043d\u044b\u0445 \u043b\u0438\u043d\u0438\u044f\u0445 \u0438\u0437\u043c\u0435\u043b\u044c\u0447\u0435\u043d\u0438\u044f \u0438 \u0441\u043c\u0435\u0448\u0438\u0432\u0430\u043d\u0438\u044f.<\/p>\n\n\t\t<\/div>\n\t<\/div>\n<\/div><\/div><\/div><\/div><\/div><div class=\"clearfix\"><\/div><\/section><section class=\"vc_rows wpb_row vc_row-fluid vc_custom_1712134713158\" ><div class=\"container\"><div class=\"row\"><div class=\"wpb_column vc_column_container vc_col-sm-4\"><div class=\"vc_column-inner vc_custom_1712134275487\"><div class=\"wpb_wrapper\">\n\t<div  class=\"wpb_single_image wpb_content_element vc_align_left\">\n\t\t\n\t\t<figure class=\"wpb_wrapper vc_figure\">\n\t\t\t<a href=\"https:\/\/zuptor.pl\/ru\/mieszalniki-pasz\/mieszalniki-nietypowe\/\" target=\"_self\" class=\"vc_single_image-wrapper   vc_box_border_grey\"><img loading=\"lazy\" decoding=\"async\" width=\"524\" height=\"393\" src=\"https:\/\/zuptor.pl\/wp-content\/uploads\/2024\/06\/mieszalniki-nietypowe-main.jpg\" class=\"vc_single_image-img attachment-large\" alt=\"mieszalniki pasz nietypowe\" title=\"\u043c\u0438\u043a\u0441\u0435\u0440\u044b-\u0442\u0438\u043f\u0438\u0447\u043d\u044b\u0435-\u043e\u0441\u043d\u043e\u0432\u043d\u044b\u0435\" srcset=\"https:\/\/zuptor.pl\/wp-content\/uploads\/2024\/06\/mieszalniki-nietypowe-main.jpg 524w, https:\/\/zuptor.pl\/wp-content\/uploads\/2024\/06\/mieszalniki-nietypowe-main-300x225.jpg 300w\" sizes=\"auto, (max-width: 524px) 100vw, 524px\" \/><\/a>\n\t\t<\/figure>\n\t<\/div>\n\n\t<div class=\"wpb_text_column wpb_content_element\" >\n\t\t<div class=\"wpb_wrapper\">\n\t\t\t<h3 class=\"title font-size-18\"><a href=\"https:\/\/zuptor.pl\/ru\/mieszalniki-pasz\/mieszalniki-nietypowe\/\">\u041d\u0435\u0441\u0442\u0430\u043d\u0434\u0430\u0440\u0442\u043d\u044b\u0435 \u0441\u043c\u0435\u0441\u0438\u0442\u0435\u043b\u0438<\/a><\/h3>\n<p>\u041d\u0435\u0441\u0442\u0430\u043d\u0434\u0430\u0440\u0442\u043d\u044b\u0435 \u0441\u043c\u0435\u0441\u0438\u0442\u0435\u043b\u0438 \u0438\u0437\u0433\u043e\u0442\u0430\u0432\u043b\u0438\u0432\u0430\u044e\u0442\u0441\u044f \u0441\u0442\u0440\u043e\u0433\u043e \u0432 \u0441\u043e\u043e\u0442\u0432\u0435\u0442\u0441\u0442\u0432\u0438\u0438 \u0441 \u0442\u0440\u0435\u0431\u043e\u0432\u0430\u043d\u0438\u044f\u043c\u0438 \u0437\u0430\u043a\u0430\u0437\u0447\u0438\u043a\u0430.<\/p>\n\n\t\t<\/div>\n\t<\/div>\n<\/div><\/div><\/div><div class=\"wpb_column vc_column_container vc_col-sm-4\"><div class=\"vc_column-inner vc_custom_1712134285741\"><div class=\"wpb_wrapper\">\n\t<div  class=\"wpb_single_image wpb_content_element vc_align_left\">\n\t\t\n\t\t<figure class=\"wpb_wrapper vc_figure\">\n\t\t\t<a href=\"https:\/\/zuptor.pl\/ru\/mieszalniki-pasz\/natluszczarka-paszy\/\" target=\"_self\" class=\"vc_single_image-wrapper   vc_box_border_grey\"><img loading=\"lazy\" decoding=\"async\" width=\"524\" height=\"393\" src=\"https:\/\/zuptor.pl\/wp-content\/uploads\/2024\/06\/natluszczarka-nt-main.png\" class=\"vc_single_image-img attachment-large\" alt=\"Nat\u0142uszczarka do paszy\" title=\"\u043c\u0430\u0441\u043b\u0435\u043d\u043a\u0430-\u043d\u0442-\u0433\u043b\u0430\u0432\u043d\u0430\u044f\" srcset=\"https:\/\/zuptor.pl\/wp-content\/uploads\/2024\/06\/natluszczarka-nt-main.png 524w, https:\/\/zuptor.pl\/wp-content\/uploads\/2024\/06\/natluszczarka-nt-main-300x225.png 300w\" sizes=\"auto, (max-width: 524px) 100vw, 524px\" \/><\/a>\n\t\t<\/figure>\n\t<\/div>\n\n\t<div class=\"wpb_text_column wpb_content_element\" >\n\t\t<div class=\"wpb_wrapper\">\n\t\t\t<h3 class=\"title font-size-18\"><a href=\"https:\/\/zuptor.pl\/ru\/mieszalniki-pasz\/natluszczarka-paszy\/\">\u0421\u043c\u0430\u0437\u043a\u0430 \u0434\u043b\u044f \u043a\u043e\u0440\u043c\u0430<\/a><\/h3>\n<p>\u041a\u043e\u0440\u043c\u043e\u0432\u043e\u0439 \u0441\u043c\u0430\u0437\u043e\u0447\u043d\u044b\u0439 \u0430\u043f\u043f\u0430\u0440\u0430\u0442 ZUPTOR \u0441 \u043f\u0440\u043e\u0438\u0437\u0432\u043e\u0434\u0438\u0442\u0435\u043b\u044c\u043d\u043e\u0441\u0442\u044c\u044e 10 - 15 \u043b\/\u043c\u0438\u043d.<\/p>\n\n\t\t<\/div>\n\t<\/div>\n<\/div><\/div><\/div><div class=\"wpb_column vc_column_container vc_col-sm-4\"><div class=\"vc_column-inner vc_custom_1712134296858\"><div class=\"wpb_wrapper\">\n\t<div  class=\"wpb_single_image wpb_content_element vc_align_left\">\n\t\t\n\t\t<figure class=\"wpb_wrapper vc_figure\">\n\t\t\t<a href=\"https:\/\/zuptor.pl\/ru\/mieszalniki-pasz\/automatyczny-dozownik-zakwaszacza\/\" target=\"_self\" class=\"vc_single_image-wrapper   vc_box_border_grey\"><img loading=\"lazy\" decoding=\"async\" width=\"524\" height=\"393\" src=\"https:\/\/zuptor.pl\/wp-content\/uploads\/2024\/06\/adz-main.png\" class=\"vc_single_image-img attachment-large\" alt=\"Automatyczny dozownik zakwaszacza ADZ\" title=\"adz-main\" srcset=\"https:\/\/zuptor.pl\/wp-content\/uploads\/2024\/06\/adz-main.png 524w, https:\/\/zuptor.pl\/wp-content\/uploads\/2024\/06\/adz-main-300x225.png 300w\" sizes=\"auto, (max-width: 524px) 100vw, 524px\" \/><\/a>\n\t\t<\/figure>\n\t<\/div>\n\n\t<div class=\"wpb_text_column wpb_content_element\" >\n\t\t<div class=\"wpb_wrapper\">\n\t\t\t<h3 class=\"title font-size-18\"><a href=\"https:\/\/zuptor.pl\/ru\/mieszalniki-pasz\/automatyczny-dozownik-zakwaszacza\/\">\u0410\u0432\u0442\u043e\u043c\u0430\u0442\u0438\u0447\u0435\u0441\u043a\u0438\u0439 \u0434\u043e\u0437\u0430\u0442\u043e\u0440 \u043a\u0438\u0441\u043b\u043e\u0442 ADZ<\/a><\/h3>\n<p>\u041f\u0440\u043e\u0441\u0442\u043e\u0439 \u0438 \u0431\u0435\u0437\u043e\u043f\u0430\u0441\u043d\u044b\u0439 \u0441\u043f\u043e\u0441\u043e\u0431 \u0442\u043e\u0447\u043d\u043e\u0433\u043e \u0438\u0437\u043c\u0435\u0440\u0435\u043d\u0438\u044f \u0434\u043e\u0437\u0438\u0440\u043e\u0432\u043a\u0438 \u043f\u043e\u0434\u043a\u0438\u0441\u043b\u0438\u0442\u0435\u043b\u044f.<\/p>\n\n\t\t<\/div>\n\t<\/div>\n<\/div><\/div><\/div><\/div><\/div><div class=\"clearfix\"><\/div><\/section><section class=\"vc_rows wpb_row vc_row-fluid vc_custom_1712134713158\" ><div class=\"container\"><div class=\"row\"><div class=\"wpb_column vc_column_container vc_col-sm-4\"><div class=\"vc_column-inner vc_custom_1712134275487\"><div class=\"wpb_wrapper\">\n\t<div  class=\"wpb_single_image wpb_content_element vc_align_left\">\n\t\t\n\t\t<figure class=\"wpb_wrapper vc_figure\">\n\t\t\t<a href=\"https:\/\/zuptor.pl\/ru\/mieszalniki-pasz\/waga-elektroniczna-basic\/\" target=\"_self\" class=\"vc_single_image-wrapper   vc_box_border_grey\"><img loading=\"lazy\" decoding=\"async\" width=\"524\" height=\"399\" src=\"https:\/\/zuptor.pl\/wp-content\/uploads\/2024\/06\/waga-elektroniczna-basic-main.jpg\" class=\"vc_single_image-img attachment-large\" alt=\"waga elektroniczna basic\" title=\"electronic-weight-basic-main\" srcset=\"https:\/\/zuptor.pl\/wp-content\/uploads\/2024\/06\/waga-elektroniczna-basic-main.jpg 524w, https:\/\/zuptor.pl\/wp-content\/uploads\/2024\/06\/waga-elektroniczna-basic-main-300x228.jpg 300w\" sizes=\"auto, (max-width: 524px) 100vw, 524px\" \/><\/a>\n\t\t<\/figure>\n\t<\/div>\n\n\t<div class=\"wpb_text_column wpb_content_element\" >\n\t\t<div class=\"wpb_wrapper\">\n\t\t\t<h3 class=\"title font-size-18\"><a href=\"https:\/\/zuptor.pl\/ru\/mieszalniki-pasz\/waga-elektroniczna-basic\/\">\u042d\u043b\u0435\u043a\u0442\u0440\u043e\u043d\u043d\u044b\u0435 \u0432\u0435\u0441\u044b Basic<\/a><\/h3>\n<p>\u0418\u0441\u043f\u043e\u043b\u044c\u0437\u0443\u0435\u0442\u0441\u044f \u0442\u0430\u043c, \u0433\u0434\u0435 \u0432\u0430\u0436\u043d\u044b \u043d\u0430\u0434\u0435\u0436\u043d\u043e\u0441\u0442\u044c \u0438 \u0442\u043e\u0447\u043d\u043e\u0441\u0442\u044c \u0438\u0437\u043c\u0435\u0440\u0435\u043d\u0438\u0439.<\/p>\n\n\t\t<\/div>\n\t<\/div>\n<\/div><\/div><\/div><div class=\"wpb_column vc_column_container vc_col-sm-4\"><div class=\"vc_column-inner vc_custom_1712134285741\"><div class=\"wpb_wrapper\">\n\t<div  class=\"wpb_single_image wpb_content_element vc_align_left\">\n\t\t\n\t\t<figure class=\"wpb_wrapper vc_figure\">\n\t\t\t<a href=\"https:\/\/zuptor.pl\/ru\/mieszalniki-pasz\/waga-elektroniczna-pro-zuptor\/\" target=\"_self\" class=\"vc_single_image-wrapper   vc_box_border_grey\"><img loading=\"lazy\" decoding=\"async\" width=\"524\" height=\"393\" src=\"https:\/\/zuptor.pl\/wp-content\/uploads\/2024\/06\/waga-elektroniczna-pro-main.jpg\" class=\"vc_single_image-img attachment-large\" alt=\"Waga elektroniczna typu PRO\" title=\"electronic-weight-pro-main\" srcset=\"https:\/\/zuptor.pl\/wp-content\/uploads\/2024\/06\/waga-elektroniczna-pro-main.jpg 524w, https:\/\/zuptor.pl\/wp-content\/uploads\/2024\/06\/waga-elektroniczna-pro-main-300x225.jpg 300w\" sizes=\"auto, (max-width: 524px) 100vw, 524px\" \/><\/a>\n\t\t<\/figure>\n\t<\/div>\n\n\t<div class=\"wpb_text_column wpb_content_element\" >\n\t\t<div class=\"wpb_wrapper\">\n\t\t\t<h3 class=\"title font-size-18\"><a href=\"https:\/\/zuptor.pl\/ru\/mieszalniki-pasz\/waga-elektroniczna-pro-zuptor\/\">\u042d\u043b\u0435\u043a\u0442\u0440\u043e\u043d\u043d\u044b\u0435 \u0432\u0435\u0441\u044b \u0442\u0438\u043f\u0430 PRO<\/a><\/h3>\n<p>\u042d\u043b\u0435\u043a\u0442\u0440\u043e\u043d\u043d\u044b\u0435 \u0432\u0435\u0441\u044b ZUPTOR \u043e\u0441\u043d\u0430\u0449\u0435\u043d\u044b \u0431\u043e\u043b\u044c\u0448\u0438\u043c \u0416\u041a-\u0434\u0438\u0441\u043f\u043b\u0435\u0435\u043c.<\/p>\n\n\t\t<\/div>\n\t<\/div>\n<\/div><\/div><\/div><div class=\"wpb_column vc_column_container vc_col-sm-4\"><div class=\"vc_column-inner vc_custom_1712134296858\"><div class=\"wpb_wrapper\"><\/div><\/div><\/div><\/div><\/div><div class=\"clearfix\"><\/div><\/section><section class=\"vc_rows wpb_row vc_row-fluid\" ><div class=\"container\"><div class=\"row\"><div class=\"wpb_column vc_column_container vc_col-sm-12\"><div class=\"vc_column-inner\"><div class=\"wpb_wrapper\"><div class=\"vc_empty_space\"   style=\"height: 80px\"><span class=\"vc_empty_space_inner\"><\/span><\/div><\/div><\/div><\/div><\/div><\/div><div class=\"clearfix\"><\/div><\/section>\n<\/div>","protected":false},"excerpt":{"rendered":"\u041d\u0430\u0439\u0434\u0438\u0442\u0435 \u0434\u0438\u0441\u0442\u0440\u0438\u0431\u044c\u044e\u0442\u043e\u0440\u0430 \u0432 \u0432\u0430\u0448\u0435\u043c \u0440\u0435\u0433\u0438\u043e\u043d\u0435 \u0412\u0435\u0440\u0442\u0438\u043a\u0430\u043b\u044c\u043d\u044b\u0435 \u0441\u043c\u0435\u0441\u0438\u0442\u0435\u043b\u0438 \u041f\u0440\u0435\u0434\u043d\u0430\u0437\u043d\u0430\u0447\u0435\u043d\u044b \u0434\u043b\u044f \u043f\u0440\u0438\u0433\u043e\u0442\u043e\u0432\u043b\u0435\u043d\u0438\u044f \u0441\u0443\u0445\u0438\u0445 \u0441\u044b\u043f\u0443\u0447\u0438\u0445 \u043a\u043e\u0440\u043c\u043e\u0432 \u0434\u043b\u044f \u0440\u0430\u0437\u043b\u0438\u0447\u043d\u044b\u0445 \u0433\u0440\u0443\u043f\u043f \u0441\u043a\u043e\u0442\u0430. \u0412\u0435\u0440\u0442\u0438\u043a\u0430\u043b\u044c\u043d\u044b\u0435 \u0441\u043c\u0435\u0441\u0438\u0442\u0435\u043b\u0438 \u0441 \u043a\u043e\u0440\u0437\u0438\u043d\u043e\u0439 \u043d\u0430 \u0448\u043d\u0435\u043a\u043e\u0432\u043e\u043c \u043f\u0438\u0442\u0430\u0442\u0435\u043b\u0435 \u0412\u043e\u0437\u043c\u043e\u0436\u043d\u0430 \u0440\u0430\u0431\u043e\u0442\u0430 \u0441 \u0432\u0441\u0430\u0441\u044b\u0432\u0430\u044e\u0449\u0438\u043c \u0438\u043b\u0438 \u0433\u0440\u0430\u0432\u0438\u0442\u0430\u0446\u0438\u043e\u043d\u043d\u044b\u043c (\u043a\u043e\u0440\u043c\u043e\u0432\u044b\u043c) \u0438\u0437\u043c\u0435\u043b\u044c\u0447\u0438\u0442\u0435\u043b\u0435\u043c. \u0413\u043e\u0440\u0438\u0437\u043e\u043d\u0442\u0430\u043b\u044c\u043d\u044b\u0435 \u0441\u043c\u0435\u0441\u0438\u0442\u0435\u043b\u0438 \u041c\u043e\u0433\u0443\u0442 \u0440\u0430\u0431\u043e\u0442\u0430\u0442\u044c \u0430\u0432\u0442\u043e\u043d\u043e\u043c\u043d\u043e \u0438\u043b\u0438 \u0432 \u0441\u043e\u0441\u0442\u0430\u0432\u0435 \u0430\u0432\u0442\u043e\u043c\u0430\u0442\u0438\u0437\u0438\u0440\u043e\u0432\u0430\u043d\u043d\u044b\u0445 \u043b\u0438\u043d\u0438\u0439 \u0438\u0437\u043c\u0435\u043b\u044c\u0447\u0435\u043d\u0438\u044f\/\u0441\u043c\u0435\u0448\u0438\u0432\u0430\u043d\u0438\u044f. \u041d\u0435\u0441\u0442\u0430\u043d\u0434\u0430\u0440\u0442\u043d\u044b\u0435 \u0441\u043c\u0435\u0441\u0438\u0442\u0435\u043b\u0438 \u041d\u0435\u0441\u0442\u0430\u043d\u0434\u0430\u0440\u0442\u043d\u044b\u0435 \u0441\u043c\u0435\u0441\u0438\u0442\u0435\u043b\u0438, \u0438\u0437\u0433\u043e\u0442\u043e\u0432\u043b\u0435\u043d\u043d\u044b\u0435 \u0441\u0442\u0440\u043e\u0433\u043e \u0432 \u0441\u043e\u043e\u0442\u0432\u0435\u0442\u0441\u0442\u0432\u0438\u0438 \u0441 \u0442\u0440\u0435\u0431\u043e\u0432\u0430\u043d\u0438\u044f\u043c\u0438 \u0437\u0430\u043a\u0430\u0437\u0447\u0438\u043a\u0430. \u0421\u043c\u0430\u0437\u043a\u0430 [...].","protected":false},"author":1,"featured_media":0,"parent":0,"menu_order":0,"comment_status":"closed","ping_status":"closed","template":"page-templates\/template-fullwidth.php","meta":{"footnotes":""},"class_list":["post-1641","page","type-page","status-publish","hentry"],"yoast_head":"<!-- This site is optimized with the Yoast SEO plugin v24.7 - https:\/\/yoast.com\/wordpress\/plugins\/seo\/ -->\n<title>Mieszalniki pasz | Zuptor<\/title>\n<meta name=\"description\" content=\"Mieszalniki pionowe i poziome. Przygotowanie pasz dla zwierz\u0105t. Wsp\u00f3\u0142praca z rozdrabniaczami, mo\u017cliwo\u015b\u0107 pracy w zautomatyzowanych liniach.\" \/>\n<meta name=\"robots\" content=\"index, follow, max-snippet:-1, max-image-preview:large, max-video-preview:-1\" \/>\n<link rel=\"canonical\" href=\"https:\/\/zuptor.pl\/ru\/mieszalniki-pasz\/\" \/>\n<meta property=\"og:locale\" content=\"ru_RU\" \/>\n<meta property=\"og:type\" content=\"article\" \/>\n<meta property=\"og:title\" content=\"Mieszalniki pasz | Zuptor\" \/>\n<meta property=\"og:description\" content=\"Mieszalniki pionowe i poziome. Przygotowanie pasz dla zwierz\u0105t. Wsp\u00f3\u0142praca z rozdrabniaczami, mo\u017cliwo\u015b\u0107 pracy w zautomatyzowanych liniach.\" \/>\n<meta property=\"og:url\" content=\"https:\/\/zuptor.pl\/ru\/mieszalniki-pasz\/\" \/>\n<meta property=\"og:site_name\" content=\"Zuptor\" \/>\n<meta property=\"article:modified_time\" content=\"2024-11-18T13:49:15+00:00\" \/>\n<meta name=\"twitter:card\" content=\"summary_large_image\" \/>\n<meta name=\"twitter:label1\" content=\"\u041f\u0440\u0438\u043c\u0435\u0440\u043d\u043e\u0435 \u0432\u0440\u0435\u043c\u044f \u0434\u043b\u044f \u0447\u0442\u0435\u043d\u0438\u044f\" \/>\n\t<meta name=\"twitter:data1\" content=\"3 \u043c\u0438\u043d\u0443\u0442\u044b\" \/>\n<script type=\"application\/ld+json\" class=\"yoast-schema-graph\">{\"@context\":\"https:\/\/schema.org\",\"@graph\":[{\"@type\":\"WebPage\",\"@id\":\"https:\/\/zuptor.pl\/mieszalniki-pasz\/\",\"url\":\"https:\/\/zuptor.pl\/mieszalniki-pasz\/\",\"name\":\"Mieszalniki pasz | Zuptor\",\"isPartOf\":{\"@id\":\"https:\/\/zuptor.pl\/#website\"},\"datePublished\":\"2024-04-24T07:40:03+00:00\",\"dateModified\":\"2024-11-18T13:49:15+00:00\",\"description\":\"Mieszalniki pionowe i poziome. Przygotowanie pasz dla zwierz\u0105t. Wsp\u00f3\u0142praca z rozdrabniaczami, mo\u017cliwo\u015b\u0107 pracy w zautomatyzowanych liniach.\",\"breadcrumb\":{\"@id\":\"https:\/\/zuptor.pl\/mieszalniki-pasz\/#breadcrumb\"},\"inLanguage\":\"ru-RU\",\"potentialAction\":[{\"@type\":\"ReadAction\",\"target\":[\"https:\/\/zuptor.pl\/mieszalniki-pasz\/\"]}]},{\"@type\":\"BreadcrumbList\",\"@id\":\"https:\/\/zuptor.pl\/mieszalniki-pasz\/#breadcrumb\",\"itemListElement\":[{\"@type\":\"ListItem\",\"position\":1,\"name\":\"Strona g\u0142\u00f3wna\",\"item\":\"https:\/\/zuptor.pl\/\"},{\"@type\":\"ListItem\",\"position\":2,\"name\":\"Mieszalniki pasz\"}]},{\"@type\":\"WebSite\",\"@id\":\"https:\/\/zuptor.pl\/#website\",\"url\":\"https:\/\/zuptor.pl\/\",\"name\":\"Zuptor\",\"description\":\"\",\"potentialAction\":[{\"@type\":\"SearchAction\",\"target\":{\"@type\":\"EntryPoint\",\"urlTemplate\":\"https:\/\/zuptor.pl\/?s={search_term_string}\"},\"query-input\":{\"@type\":\"PropertyValueSpecification\",\"valueRequired\":true,\"valueName\":\"search_term_string\"}}],\"inLanguage\":\"ru-RU\"}]}<\/script>\n<!-- \/ Yoast SEO plugin. -->","yoast_head_json":{"title":"Mieszalniki pasz | Zuptor","description":"Mieszalniki pionowe i poziome. Przygotowanie pasz dla zwierz\u0105t. Wsp\u00f3\u0142praca z rozdrabniaczami, mo\u017cliwo\u015b\u0107 pracy w zautomatyzowanych liniach.","robots":{"index":"index","follow":"follow","max-snippet":"max-snippet:-1","max-image-preview":"max-image-preview:large","max-video-preview":"max-video-preview:-1"},"canonical":"https:\/\/zuptor.pl\/ru\/mieszalniki-pasz\/","og_locale":"ru_RU","og_type":"article","og_title":"Mieszalniki pasz | Zuptor","og_description":"Mieszalniki pionowe i poziome. Przygotowanie pasz dla zwierz\u0105t. Wsp\u00f3\u0142praca z rozdrabniaczami, mo\u017cliwo\u015b\u0107 pracy w zautomatyzowanych liniach.","og_url":"https:\/\/zuptor.pl\/ru\/mieszalniki-pasz\/","og_site_name":"Zuptor","article_modified_time":"2024-11-18T13:49:15+00:00","twitter_card":"summary_large_image","twitter_misc":{"\u041f\u0440\u0438\u043c\u0435\u0440\u043d\u043e\u0435 \u0432\u0440\u0435\u043c\u044f \u0434\u043b\u044f \u0447\u0442\u0435\u043d\u0438\u044f":"3 \u043c\u0438\u043d\u0443\u0442\u044b"},"schema":{"@context":"https:\/\/schema.org","@graph":[{"@type":"WebPage","@id":"https:\/\/zuptor.pl\/mieszalniki-pasz\/","url":"https:\/\/zuptor.pl\/mieszalniki-pasz\/","name":"Mieszalniki pasz | Zuptor","isPartOf":{"@id":"https:\/\/zuptor.pl\/#website"},"datePublished":"2024-04-24T07:40:03+00:00","dateModified":"2024-11-18T13:49:15+00:00","description":"Mieszalniki pionowe i poziome. Przygotowanie pasz dla zwierz\u0105t. Wsp\u00f3\u0142praca z rozdrabniaczami, mo\u017cliwo\u015b\u0107 pracy w zautomatyzowanych liniach.","breadcrumb":{"@id":"https:\/\/zuptor.pl\/mieszalniki-pasz\/#breadcrumb"},"inLanguage":"ru-RU","potentialAction":[{"@type":"ReadAction","target":["https:\/\/zuptor.pl\/mieszalniki-pasz\/"]}]},{"@type":"BreadcrumbList","@id":"https:\/\/zuptor.pl\/mieszalniki-pasz\/#breadcrumb","itemListElement":[{"@type":"ListItem","position":1,"name":"Strona g\u0142\u00f3wna","item":"https:\/\/zuptor.pl\/"},{"@type":"ListItem","position":2,"name":"Mieszalniki pasz"}]},{"@type":"WebSite","@id":"https:\/\/zuptor.pl\/#website","url":"https:\/\/zuptor.pl\/","name":"\u0417\u0443\u043f\u0442\u043e\u0440","description":"","potentialAction":[{"@type":"SearchAction","target":{"@type":"EntryPoint","urlTemplate":"https:\/\/zuptor.pl\/?s={search_term_string}"},"query-input":{"@type":"PropertyValueSpecification","valueRequired":true,"valueName":"search_term_string"}}],"inLanguage":"ru-RU"}]}},"_links":{"self":[{"href":"https:\/\/zuptor.pl\/ru\/wp-json\/wp\/v2\/pages\/1641","targetHints":{"allow":["GET"]}}],"collection":[{"href":"https:\/\/zuptor.pl\/ru\/wp-json\/wp\/v2\/pages"}],"about":[{"href":"https:\/\/zuptor.pl\/ru\/wp-json\/wp\/v2\/types\/page"}],"author":[{"embeddable":true,"href":"https:\/\/zuptor.pl\/ru\/wp-json\/wp\/v2\/users\/1"}],"replies":[{"embeddable":true,"href":"https:\/\/zuptor.pl\/ru\/wp-json\/wp\/v2\/comments?post=1641"}],"version-history":[{"count":27,"href":"https:\/\/zuptor.pl\/ru\/wp-json\/wp\/v2\/pages\/1641\/revisions"}],"predecessor-version":[{"id":2680,"href":"https:\/\/zuptor.pl\/ru\/wp-json\/wp\/v2\/pages\/1641\/revisions\/2680"}],"wp:attachment":[{"href":"https:\/\/zuptor.pl\/ru\/wp-json\/wp\/v2\/media?parent=1641"}],"curies":[{"name":"wp","href":"https:\/\/api.w.org\/{rel}","templated":true}]}}