{"id":1567,"date":"2024-04-16T14:58:58","date_gmt":"2024-04-16T12:58:58","guid":{"rendered":"http:\/\/zuptor.dlatestu.co.pl\/?page_id=1567"},"modified":"2024-12-04T13:00:47","modified_gmt":"2024-12-04T12:00:47","slug":"system-wentylacji-i-pomiaru-temperatury","status":"publish","type":"page","link":"https:\/\/zuptor.pl\/ru\/silosy\/system-wentylacji-i-pomiaru-temperatury\/","title":{"rendered":"\u0421\u0438\u0441\u0442\u0435\u043c\u0430 \u0432\u0435\u043d\u0442\u0438\u043b\u044f\u0446\u0438\u0438 \u0438 \u0438\u0437\u043c\u0435\u0440\u0435\u043d\u0438\u044f \u0442\u0435\u043c\u043f\u0435\u0440\u0430\u0442\u0443\u0440\u044b"},"content":{"rendered":"<div class=\"wpb-content-wrapper\"><section class=\"vc_rows wpb_row vc_row-fluid bg-color-blue vc_custom_1712822727044\" ><div class=\"container\"><div class=\"row\"><div class=\"wpb_column vc_column_container vc_col-sm-12\"><div class=\"vc_column-inner\"><div class=\"wpb_wrapper\">\n\t\t\t<div class=\"col-md-8\">\n\t        <div class=\"wprt-spacer\" data-desktop=\"8\" data-mobi=\"0\" data-smobi=\"0\"><\/div>\n\t        <h2 class=\"text-white text-center-mobile font-size-20 margin-bottom-0\">\u041d\u0430\u0439\u0434\u0438\u0442\u0435 \u0434\u0438\u0441\u0442\u0440\u0438\u0431\u044c\u044e\u0442\u043e\u0440\u0430 \u0432 \u0432\u0430\u0448\u0435\u043c \u0440\u0435\u0433\u0438\u043e\u043d\u0435<\/h2>\n\t        <div class=\"wprt-spacer\" data-desktop=\"0\" data-mobi=\"20\" data-smobi=\"20\"><\/div>\n\t    <\/div>\n\n\t    <div class=\"col-md-4\">\n\t        <div class=\"text-right text-center-mobile\">\n\t        \n\t        <a class=\"wprt-button white rounded-3px\" href=\"https:\/\/zuptor.pl\/ru\/dystrybutorzy\/\" target=\"_self\">\u0414\u0418\u0421\u0422\u0420\u0418\u0411\u042c\u042e\u0422\u041e\u0420\u042b<\/a>\t        <\/div>\n\t    <\/div>\n\t\n<\/div><\/div><\/div><\/div><\/div><div class=\"clearfix\"><\/div><\/section><section class=\"vc_rows wpb_row vc_row-fluid vc_custom_1712148861158\" ><div class=\"container\"><div class=\"row\"><div class=\"wpb_column vc_column_container vc_col-sm-3 vc_hidden-xs\"><div class=\"vc_column-inner\"><div class=\"wpb_wrapper\">\n    <h5 class=\"text-left\" >SILOSY<\/h5>\n    \t    <div class=\"wprt-lines style-1 custom-3\">\n\t        <div class=\"line-1\"><\/div>\n\t    <\/div>\n    \n        \t\n<div class=\"vc_empty_space\"   style=\"height: 25px\"><span class=\"vc_empty_space_inner\"><\/span><\/div><div class=\"vc_btn3-container  menu vc_btn3-left vc_custom_1713261259761\" ><a class=\"vc_general vc_btn3 vc_btn3-size-sm vc_btn3-shape-square vc_btn3-style-flat vc_btn3-block vc_btn3-color-default\" href=\"https:\/\/zuptor.pl\/ru\/silosy\/silosy-zbozowe\/\" title=\"\u0421\u0438\u043b\u043e\u0441\u044b \u0434\u043b\u044f \u0437\u0435\u0440\u043d\u0430\">\u0417\u0415\u0420\u041d\u041e\u0412\u042b\u0415 \u0421\u0418\u041b\u041e\u0421\u042b<\/a><\/div><div class=\"vc_btn3-container  menu vc_btn3-left vc_custom_1713271486355\" ><a class=\"vc_general vc_btn3 vc_btn3-size-sm vc_btn3-shape-square vc_btn3-style-flat vc_btn3-block vc_btn3-color-default\" href=\"https:\/\/zuptor.pl\/ru\/silosy\/silosy-paszowe\/\" title=\"\u0421\u0438\u043b\u043e\u0441\u044b \u0434\u043b\u044f \u0445\u0440\u0430\u043d\u0435\u043d\u0438\u044f \u043a\u043e\u0440\u043c\u043e\u0432\">\u0421\u0418\u041b\u041e\u0421\u042b \u0414\u041b\u042f \u041f\u0418\u0422\u0410\u041d\u0418\u042f<\/a><\/div><div class=\"vc_btn3-container  menu vc_btn3-left vc_custom_1713271496372\" ><a class=\"vc_general vc_btn3 vc_btn3-size-sm vc_btn3-shape-square vc_btn3-style-flat vc_btn3-block vc_btn3-color-default\" href=\"https:\/\/zuptor.pl\/ru\/silosy\/silosy-z-wlokna-szklanego\/\" title=\"\u0421\u0438\u043b\u043e\u0441\u044b \u0438\u0437 \u0441\u0442\u0435\u043a\u043b\u043e\u0432\u043e\u043b\u043e\u043a\u043d\u0430\">\u0421\u0418\u041b\u041e\u0421\u042b \u0418\u0417 \u0421\u0422\u0415\u041a\u041b\u041e\u0412\u041e\u041b\u041e\u041a\u041d\u0410<\/a><\/div><div class=\"vc_btn3-container  menu vc_btn3-left vc_custom_1713271506304\" ><a class=\"vc_general vc_btn3 vc_btn3-size-sm vc_btn3-shape-square vc_btn3-style-flat vc_btn3-block vc_btn3-color-default\" href=\"https:\/\/zuptor.pl\/ru\/silosy\/silosy-tkaninowe\/\" title=\"\u0422\u043a\u0430\u043d\u0435\u0432\u044b\u0435 \u0441\u0438\u043b\u043e\u0441\u044b\">\u0422\u041a\u0410\u041d\u042c \u0421\u0418\u041b\u041e\u0421<\/a><\/div><div class=\"vc_btn3-container  menu vc_btn3-left vc_custom_1713271929166\" ><a class=\"vc_general vc_btn3 vc_btn3-size-sm vc_btn3-shape-square vc_btn3-style-flat vc_btn3-block vc_btn3-color-default\" href=\"https:\/\/zuptor.pl\/ru\/silosy\/kosze-przyjeciowe\/\" title=\"\u041a\u043e\u0440\u0437\u0438\u043d\u044b \u0434\u043b\u044f \u0432\u0435\u0447\u0435\u0440\u0438\u043d\u043e\u043a\">\u041a\u041e\u0420\u0417\u0418\u041d\u042b \u0414\u041b\u042f \u041f\u0420\u0418\u0415\u041c\u0410 \u0413\u041e\u0421\u0422\u0415\u0419<\/a><\/div><div class=\"vc_btn3-container  menu vc_btn3-left vc_custom_1716813772576\" ><a class=\"vc_general vc_btn3 vc_btn3-size-sm vc_btn3-shape-square vc_btn3-style-flat vc_btn3-block vc_btn3-color-default\" href=\"https:\/\/zuptor.pl\/ru\/silosy\/system-wentylacji\/\" title=\"\u0421\u0438\u0441\u0442\u0435\u043c\u0430 \u0432\u0435\u043d\u0442\u0438\u043b\u044f\u0446\u0438\u0438\">\u0421\u0418\u0421\u0422\u0415\u041c\u0410 \u0412\u0415\u041d\u0422\u0418\u041b\u042f\u0426\u0418\u0418 \u0418 \u0418\u0417\u041c\u0415\u0420\u0415\u041d\u0418\u042f \u0422\u0415\u041c\u041f\u0415\u0420\u0410\u0422\u0423\u0420\u042b<\/a><\/div><div class=\"vc_btn3-container  menu vc_btn3-left vc_custom_1713274231154\" ><a class=\"vc_general vc_btn3 vc_btn3-size-sm vc_btn3-shape-square vc_btn3-style-flat vc_btn3-block vc_btn3-color-default\" href=\"https:\/\/zuptor.pl\/ru\/silosy\/automatyka-i-sterowanie\/\" title=\"\u0410\u0432\u0442\u043e\u043c\u0430\u0442\u0438\u0437\u0430\u0446\u0438\u044f \u0438 \u0443\u043f\u0440\u0430\u0432\u043b\u0435\u043d\u0438\u0435\">\u0410\u0412\u0422\u041e\u041c\u0410\u0422\u0418\u0417\u0410\u0426\u0418\u042f \u0418 \u0423\u041f\u0420\u0410\u0412\u041b\u0415\u041d\u0418\u0415<\/a><\/div><\/div><\/div><\/div><div class=\"wpb_column vc_column_container vc_col-sm-9\"><div class=\"vc_column-inner vc_custom_1712148788315\"><div class=\"wpb_wrapper\">\n    <h1 class=\"text-left\" >\u0421\u0418\u0421\u0422\u0415\u041c\u0410 \u0412\u0415\u041d\u0422\u0418\u041b\u042f\u0426\u0418\u0418 \u0418 \u0418\u0417\u041c\u0415\u0420\u0415\u041d\u0418\u042f \u0422\u0415\u041c\u041f\u0415\u0420\u0410\u0422\u0423\u0420\u042b<\/h1>\n    \t    <div class=\"wprt-lines style-1 custom-3\">\n\t        <div class=\"line-1\"><\/div>\n\t    <\/div>\n    \n        \t\n<div class=\"vc_empty_space\"   style=\"height: 25px\"><span class=\"vc_empty_space_inner\"><\/span><\/div>\n\t<div class=\"wpb_text_column wpb_content_element\" >\n\t\t<div class=\"wpb_wrapper\">\n\t\t\t<p>\u041e\u0441\u043d\u043e\u0432\u043d\u044b\u043c\u0438 \u043f\u0430\u0440\u0430\u043c\u0435\u0442\u0440\u0430\u043c\u0438, \u0432\u043b\u0438\u044f\u044e\u0449\u0438\u043c\u0438 \u043d\u0430 \u0445\u0440\u0430\u043d\u0438\u043c\u044b\u0435 \u043c\u0430\u0442\u0435\u0440\u0438\u0430\u043b\u044b, \u044f\u0432\u043b\u044f\u044e\u0442\u0441\u044f \u0442\u0435\u043c\u043f\u0435\u0440\u0430\u0442\u0443\u0440\u0430 \u0438 \u0432\u043b\u0430\u0436\u043d\u043e\u0441\u0442\u044c. \u041e\u0431\u0430 \u044d\u0442\u0438 \u0444\u0430\u043a\u0442\u043e\u0440\u0430 \u043e\u043a\u0430\u0437\u044b\u0432\u0430\u044e\u0442 \u0440\u0435\u0448\u0430\u044e\u0449\u0435\u0435 \u0432\u043b\u0438\u044f\u043d\u0438\u0435 \u043d\u0430 \u043f\u0440\u043e\u0434\u043e\u043b\u0436\u0438\u0442\u0435\u043b\u044c\u043d\u043e\u0441\u0442\u044c \u0431\u0435\u0437\u043e\u043f\u0430\u0441\u043d\u043e\u0433\u043e \u0445\u0440\u0430\u043d\u0435\u043d\u0438\u044f \u0437\u0435\u0440\u043d\u0430.<\/p>\n<p>Aby zachowa\u0107 wysok\u0105 jako\u015b\u0107 magazynowanego materia\u0142u powinni\u015bmy zainwestowa\u0107 w rozwi\u0105zania, kt\u00f3re stale kontroluj\u0105 temperatur\u0119, utrzymuj\u0105 odpowiedni\u0105 wilgotno\u015b\u0107, zapewniaj\u0105 nagrzewanie silosu oraz jego wietrzenie. Wszystkim tym musi zarz\u0105dza\u0107 sprawny system, intuicyjny i prosty w obs\u0142udze.<\/p>\n\n\t\t<\/div>\n\t<\/div>\n\n    <h3 class=\"text-left\" >\u0421\u0418\u0421\u0422\u0415\u041c\u0410 \u0412\u0415\u041d\u0422\u0418\u041b\u042f\u0426\u0418\u0418 \u0418 \u0418\u0417\u041c\u0415\u0420\u0415\u041d\u0418\u042f \u0422\u0415\u041c\u041f\u0415\u0420\u0410\u0422\u0423\u0420\u042b ZUPTOR<\/h3>\n    \t    <div class=\"wprt-lines style-1 custom-3\">\n\t        <div class=\"line-1\"><\/div>\n\t    <\/div>\n    \n        \t\n<div class=\"vc_empty_space\"   style=\"height: 32px\"><span class=\"vc_empty_space_inner\"><\/span><\/div>\n\t<div  class=\"wpb_single_image wpb_content_element vc_align_center\">\n\t\t\n\t\t<figure class=\"wpb_wrapper vc_figure\">\n\t\t\t<div class=\"vc_single_image-wrapper   vc_box_border_grey\"><img loading=\"lazy\" decoding=\"async\" width=\"524\" height=\"393\" src=\"https:\/\/zuptor.pl\/wp-content\/uploads\/2024\/04\/system-wentylacji-ziarna.jpg\" class=\"vc_single_image-img attachment-full\" alt=\"System wentylacji ziarna\" title=\"\u0441\u0438\u0441\u0442\u0435\u043c\u0430-\u0432\u0435\u043d\u0442\u0438\u043b\u044f\u0446\u0438\u044f-\u0437\u0435\u0440\u043d\u0430\" srcset=\"https:\/\/zuptor.pl\/wp-content\/uploads\/2024\/04\/system-wentylacji-ziarna.jpg 524w, https:\/\/zuptor.pl\/wp-content\/uploads\/2024\/04\/system-wentylacji-ziarna-300x225.jpg 300w\" sizes=\"auto, (max-width: 524px) 100vw, 524px\" \/><\/div>\n\t\t<\/figure>\n\t<\/div>\n<div class=\"vc_empty_space\"   style=\"height: 32px\"><span class=\"vc_empty_space_inner\"><\/span><\/div><div class=\"vc_tta-container\" data-vc-action=\"collapse\"><div class=\"vc_general vc_tta vc_tta-accordion vc_tta-color-grey vc_tta-style-classic vc_tta-shape-rounded vc_tta-o-shape-group vc_tta-controls-align-default\"><div class=\"vc_tta-panels-container\"><div class=\"vc_tta-panels\"><div class=\"vc_tta-panel vc_active\" id=\"1712129966673-b2952adb-51d2\" data-vc-content=\".vc_tta-panel-body\"><div class=\"vc_tta-panel-heading\"><h4 class=\"vc_tta-panel-title vc_tta-controls-icon-position-left\"><a href=\"#1712129966673-b2952adb-51d2\" data-vc-accordion data-vc-container=\".vc_tta-container\"><span class=\"vc_tta-title-text\">\u041f\u0410\u0420\u0410\u041c\u0415\u0422\u0420\u042b<\/span><i class=\"vc_tta-controls-icon vc_tta-controls-icon-plus\"><\/i><\/a><\/h4><\/div><div class=\"vc_tta-panel-body\">\n\t<div class=\"wpb_text_column wpb_content_element\" >\n\t\t<div class=\"wpb_wrapper\">\n\t\t\t<p><strong>\u0421\u0438\u0441\u0442\u0435\u043c\u0430 \u0432\u0435\u043d\u0442\u0438\u043b\u044f\u0446\u0438\u0438<\/strong><\/p>\n<ul>\n<li>\u041e\u043d \u043f\u0440\u0435\u0434\u043f\u043e\u043b\u0430\u0433\u0430\u0435\u0442 \u043f\u0440\u043e\u0445\u043e\u0436\u0434\u0435\u043d\u0438\u0435 \u0432\u043e\u0437\u0434\u0443\u0445\u0430 \u0447\u0435\u0440\u0435\u0437 \u0441\u043b\u043e\u0439 \u0437\u0435\u0440\u0435\u043d<\/li>\n<li>Konstrukcja oraz parametry wentylatora dostosowane s\u0105 do wsp\u00f3\u0142pracy z silosami<\/li>\n<li>\u042d\u0442\u0430 \u043f\u0440\u043e\u0446\u0435\u0434\u0443\u0440\u0430, \u043f\u0440\u043e\u0432\u043e\u0434\u0438\u043c\u0430\u044f \u043f\u0440\u0438 \u043f\u043e\u0434\u0445\u043e\u0434\u044f\u0449\u0438\u0445 \u043f\u043e\u0433\u043e\u0434\u043d\u044b\u0445 \u0443\u0441\u043b\u043e\u0432\u0438\u044f\u0445, \u043e\u0445\u043b\u0430\u0436\u0434\u0430\u0435\u0442 \u0438 \u043f\u043e\u0432\u0442\u043e\u0440\u043d\u043e \u0441\u0443\u0448\u0438\u0442 \u0437\u0435\u0440\u043d\u043e, \u0445\u0440\u0430\u043d\u044f\u0449\u0435\u0435\u0441\u044f \u0432 \u0441\u0438\u043b\u043e\u0441\u0430\u0445.<\/li>\n<\/ul>\n<p><strong>\u0421\u0438\u0441\u0442\u0435\u043c\u0430 \u0438\u0437\u043c\u0435\u0440\u0435\u043d\u0438\u044f \u0442\u0435\u043c\u043f\u0435\u0440\u0430\u0442\u0443\u0440\u044b<\/strong><\/p>\n<p>\u0421\u0438\u0441\u0442\u0435\u043c\u0430 \u0441\u043e\u0441\u0442\u043e\u0438\u0442 \u0438\u0437:<\/p>\n<ul>\n<li>\u0438\u0437\u043c\u0435\u0440\u0438\u0442\u0435\u043b\u044c\u043d\u044b\u0435 \u043b\u0438\u043d\u0438\u0438, \u0443\u0441\u0442\u0430\u043d\u043e\u0432\u043b\u0435\u043d\u043d\u044b\u0435 \u0432 \u0441\u0438\u043b\u043e\u0441\u0430\u0445<\/li>\n<li>\u041a\u043e\u043d\u0446\u0435\u043d\u0442\u0440\u0430\u0442\u043e\u0440 \u0441\u0438\u0433\u043d\u0430\u043b\u043e\u0432, \u0443\u0441\u0442\u0430\u043d\u043e\u0432\u043b\u0435\u043d\u043d\u044b\u0439 \u043d\u0430 \u0431\u0443\u043d\u043a\u0435\u0440\u0430\u0445<\/li>\n<li>\u0428\u043a\u0430\u0444\u044b \u0441 \u043f\u0430\u043d\u0435\u043b\u044c\u044e \u0443\u043f\u0440\u0430\u0432\u043b\u0435\u043d\u0438\u044f<\/li>\n<\/ul>\n<p>\u0428\u043a\u0430\u0444 \u043c\u043e\u0436\u0435\u0442 \u0431\u044b\u0442\u044c \u0440\u0430\u0441\u043f\u043e\u043b\u043e\u0436\u0435\u043d \u0432 \u0443\u0434\u043e\u0431\u043d\u043e\u043c \u0434\u043b\u044f \u043e\u0431\u0441\u043b\u0443\u0436\u0438\u0432\u0430\u043d\u0438\u044f \u043c\u0435\u0441\u0442\u0435.<\/p>\n\n\t\t<\/div>\n\t<\/div>\n<\/div><\/div><div class=\"vc_tta-panel\" id=\"1712129909519-74c1b662-872f\" data-vc-content=\".vc_tta-panel-body\"><div class=\"vc_tta-panel-heading\"><h4 class=\"vc_tta-panel-title vc_tta-controls-icon-position-left\"><a href=\"#1712129909519-74c1b662-872f\" data-vc-accordion data-vc-container=\".vc_tta-container\"><span class=\"vc_tta-title-text\">\u041f\u0420\u0418\u041b\u041e\u0416\u0415\u041d\u0418\u0415<\/span><i class=\"vc_tta-controls-icon vc_tta-controls-icon-plus\"><\/i><\/a><\/h4><\/div><div class=\"vc_tta-panel-body\">\n\t<div class=\"wpb_text_column wpb_content_element\" >\n\t\t<div class=\"wpb_wrapper\">\n\t\t\t<p>Systemy wentylacji i pomiaru temperatury w silosach s\u0105 narz\u0119dziami kontroli, w czasie rzeczywistym rejestruj\u0105 temperatur\u0119 surowca oraz temperatur\u0119 i wilgotno\u015b\u0107 powietrza otaczaj\u0105cego.\u00a0W przypadku przekroczenia dopuszczalnych granic mog\u0105 za po\u015brednictwem dodatkowych modu\u0142\u00f3w inicjowa\u0107 w\u0142\u0105czenie systemu aktywnej wentylacji czy alarmowego powiadamiania obs\u0142ugi.<\/p>\n<p>\u0421\u0438\u0441\u0442\u0435\u043c\u0430 \u0432\u0435\u043d\u0442\u0438\u043b\u044f\u0446\u0438\u0438 \u043e\u0431\u0435\u0441\u043f\u0435\u0447\u0438\u0432\u0430\u0435\u0442 \u0430\u043a\u0442\u0438\u0432\u043d\u043e\u0435 \u043f\u0440\u043e\u0432\u0435\u0442\u0440\u0438\u0432\u0430\u043d\u0438\u0435 \u0441\u044b\u0440\u044c\u044f \u0432\u043e \u0432\u0440\u0435\u043c\u044f \u0445\u0440\u0430\u043d\u0435\u043d\u0438\u044f. \u0412\u043e\u0437\u0434\u0443\u0445 \u043f\u0440\u043e\u0433\u043e\u043d\u044f\u0435\u0442\u0441\u044f \u0447\u0435\u0440\u0435\u0437 \u0432\u0435\u0441\u044c \u0441\u043b\u043e\u0439 \u0441 \u043f\u043e\u043c\u043e\u0449\u044c\u044e \u0432\u0435\u043d\u0442\u0438\u043b\u044f\u0442\u043e\u0440\u0430 \u0438 \u0432\u044b\u0445\u043e\u0434\u0438\u0442 \u0438\u0437 \u0441\u0438\u043b\u043e\u0441\u0430 \u0447\u0435\u0440\u0435\u0437 \u0432\u0435\u043d\u0442\u0438\u043b\u044f\u0446\u0438\u043e\u043d\u043d\u044b\u0435 \u043e\u0442\u0432\u0435\u0440\u0441\u0442\u0438\u044f \u0432 \u043a\u0440\u044b\u0448\u0435. \u042d\u0442\u043e \u0433\u0430\u0440\u0430\u043d\u0442\u0438\u0440\u0443\u0435\u0442, \u0447\u0442\u043e \u043d\u0435 \u043d\u0430\u0447\u043d\u0435\u0442\u0441\u044f \u0433\u043d\u0438\u0435\u043d\u0438\u0435 \u0437\u0435\u0440\u043d\u0430 \u0438\u043b\u0438 \u043f\u0440\u043e\u0446\u0435\u0441\u0441 \u0431\u0440\u043e\u0436\u0435\u043d\u0438\u044f.<\/p>\n\n\t\t<\/div>\n\t<\/div>\n<div class=\"vc_empty_space\"   style=\"height: 80px\"><span class=\"vc_empty_space_inner\"><\/span><\/div><\/div><\/div><\/div><\/div><\/div><\/div><\/div><\/div><\/div><\/div><\/div><div class=\"clearfix\"><\/div><\/section><section class=\"vc_rows wpb_row vc_row-fluid\" ><div class=\"container\"><div class=\"row\"><div class=\"wpb_column vc_column_container vc_col-sm-12 vc_hidden-lg vc_hidden-md vc_hidden-sm\"><div class=\"vc_column-inner\"><div class=\"wpb_wrapper\">\n    <h5 class=\"text-left\" >SILOSY<\/h5>\n    \t    <div class=\"wprt-lines style-1 custom-3\">\n\t        <div class=\"line-1\"><\/div>\n\t    <\/div>\n    \n        \t\n<div class=\"vc_empty_space\"   style=\"height: 25px\"><span class=\"vc_empty_space_inner\"><\/span><\/div><div class=\"vc_btn3-container  menu vc_btn3-left vc_custom_1712135018073\" ><a class=\"vc_general vc_btn3 vc_btn3-size-sm vc_btn3-shape-square vc_btn3-style-flat vc_btn3-block vc_btn3-color-default\" href=\"#\" title=\"\">\u0417\u0415\u0420\u041d\u041e\u0412\u042b\u0415 \u0421\u0418\u041b\u041e\u0421\u042b<\/a><\/div><div class=\"vc_btn3-container  menu vc_btn3-left vc_custom_1712135041321\" ><a class=\"vc_general vc_btn3 vc_btn3-size-sm vc_btn3-shape-square vc_btn3-style-flat vc_btn3-block vc_btn3-color-default\" href=\"#\" title=\"\">\u0421\u0418\u041b\u041e\u0421\u042b \u0414\u041b\u042f \u041f\u0418\u0422\u0410\u041d\u0418\u042f<\/a><\/div><div class=\"vc_btn3-container  menu vc_btn3-left vc_custom_1712135068839\" ><a class=\"vc_general vc_btn3 vc_btn3-size-sm vc_btn3-shape-square vc_btn3-style-flat vc_btn3-block vc_btn3-color-default\" href=\"#\" title=\"\">\u0421\u0418\u041b\u041e\u0421\u042b \u0418\u0417 \u0421\u0422\u0415\u041a\u041b\u041e\u0412\u041e\u041b\u041e\u041a\u041d\u0410<\/a><\/div><div class=\"vc_btn3-container  menu vc_btn3-left vc_custom_1712135082873\" ><a class=\"vc_general vc_btn3 vc_btn3-size-sm vc_btn3-shape-square vc_btn3-style-flat vc_btn3-block vc_btn3-color-default\" href=\"#\" title=\"\">\u0422\u041a\u0410\u041d\u042c \u0421\u0418\u041b\u041e\u0421<\/a><\/div><div class=\"vc_btn3-container  menu vc_btn3-left vc_custom_1712136601173\" ><a class=\"vc_general vc_btn3 vc_btn3-size-sm vc_btn3-shape-square vc_btn3-style-flat vc_btn3-block vc_btn3-color-default\" href=\"#\" title=\"\">\u041a\u041e\u0420\u0417\u0418\u041d\u042b \u0414\u041b\u042f \u041f\u0420\u0418\u0415\u041c\u0410 \u0413\u041e\u0421\u0422\u0415\u0419<\/a><\/div><div class=\"vc_btn3-container  menu vc_btn3-left vc_custom_1716813781473\" ><a class=\"vc_general vc_btn3 vc_btn3-size-sm vc_btn3-shape-square vc_btn3-style-flat vc_btn3-block vc_btn3-color-default\" href=\"#\" title=\"\">\u0421\u0418\u0421\u0422\u0415\u041c\u0410 \u0412\u0415\u041d\u0422\u0418\u041b\u042f\u0426\u0418\u0418 \u0418 \u0418\u0417\u041c\u0415\u0420\u0415\u041d\u0418\u042f \u0422\u0415\u041c\u041f\u0415\u0420\u0410\u0422\u0423\u0420\u042b<\/a><\/div><div class=\"vc_btn3-container  menu vc_btn3-left vc_custom_1712136680541\" ><a class=\"vc_general vc_btn3 vc_btn3-size-sm vc_btn3-shape-square vc_btn3-style-flat vc_btn3-block vc_btn3-color-default\" href=\"#\" title=\"\">\u0410\u0412\u0422\u041e\u041c\u0410\u0422\u0418\u0417\u0410\u0426\u0418\u042f \u0418 \u0423\u041f\u0420\u0410\u0412\u041b\u0415\u041d\u0418\u0415<\/a><\/div><\/div><\/div><\/div><\/div><\/div><div class=\"clearfix\"><\/div><\/section><section class=\"vc_rows wpb_row vc_row-fluid\" ><div class=\"container\"><div class=\"row\"><div class=\"wpb_column vc_column_container vc_col-sm-12\"><div class=\"vc_column-inner\"><div class=\"wpb_wrapper\"><\/div><\/div><\/div><\/div><\/div><div class=\"clearfix\"><\/div><\/section><section class=\"vc_rows wpb_row vc_row-fluid\" ><div class=\"container\"><div class=\"row\"><div class=\"wpb_column vc_column_container vc_col-sm-12\"><div class=\"vc_column-inner\"><div class=\"wpb_wrapper\"><div class=\"vc_empty_space\"   style=\"height: 70px\"><span class=\"vc_empty_space_inner\"><\/span><\/div><\/div><\/div><\/div><\/div><\/div><div class=\"clearfix\"><\/div><\/section>\n<\/div>","protected":false},"excerpt":{"rendered":"Znajd\u017a dystrybutora w najbli\u017cszej okolicy DYSTRYBUTORZY SILOSY SILOSY ZBO\u017bOWESILOSY PASZOWESILOSY Z W\u0141\u00d3KNA SZKLANEGOSILOSY TKANINOWEKOSZE PRZYJ\u0118CIOWESYSTEM WENTYLACJI I POMIARU TEMPERATURYAUTOMATYKA I STEROWANIE SYSTEM WENTYLACJI I POMIARU TEMPERATURY Podstawowe parametry, kt\u00f3re maj\u0105 wp\u0142yw na przechowywane materia\u0142y to ich temperatura i wilgotno\u015b\u0107. Oba te czynniki maj\u0105 decyduj\u0105cy wp\u0142yw na d\u0142ugo\u015b\u0107 okresu, w kt\u00f3rym mo\u017cna bezpiecznie przechowywa\u0107 ziarno. Aby [...]","protected":false},"author":1,"featured_media":0,"parent":679,"menu_order":0,"comment_status":"closed","ping_status":"closed","template":"page-templates\/template-fullwidth.php","meta":{"footnotes":""},"class_list":["post-1567","page","type-page","status-publish","hentry"],"yoast_head":"<!-- This site is optimized with the Yoast SEO plugin v24.7 - https:\/\/yoast.com\/wordpress\/plugins\/seo\/ -->\n<title>System wentylacji i pomiaru temperatury | Zuptor<\/title>\n<meta name=\"description\" content=\"Systemy wentylacji i pomiaru temperatury w silosach. Kontrola temperatury i wilgotno\u015bci, aktywne przewietrzanie, intuicyjna obs\u0142uga.\" \/>\n<meta name=\"robots\" content=\"index, follow, max-snippet:-1, max-image-preview:large, max-video-preview:-1\" \/>\n<link rel=\"canonical\" href=\"https:\/\/zuptor.pl\/ru\/silosy\/system-wentylacji-i-pomiaru-temperatury\/\" \/>\n<meta property=\"og:locale\" content=\"ru_RU\" \/>\n<meta property=\"og:type\" content=\"article\" \/>\n<meta property=\"og:title\" content=\"System wentylacji i pomiaru temperatury | Zuptor\" \/>\n<meta property=\"og:description\" content=\"Systemy wentylacji i pomiaru temperatury w silosach. Kontrola temperatury i wilgotno\u015bci, aktywne przewietrzanie, intuicyjna obs\u0142uga.\" \/>\n<meta property=\"og:url\" content=\"https:\/\/zuptor.pl\/ru\/silosy\/system-wentylacji-i-pomiaru-temperatury\/\" \/>\n<meta property=\"og:site_name\" content=\"Zuptor\" \/>\n<meta property=\"article:modified_time\" content=\"2024-12-04T12:00:47+00:00\" \/>\n<meta name=\"twitter:card\" content=\"summary_large_image\" \/>\n<meta name=\"twitter:label1\" content=\"\u041f\u0440\u0438\u043c\u0435\u0440\u043d\u043e\u0435 \u0432\u0440\u0435\u043c\u044f \u0434\u043b\u044f \u0447\u0442\u0435\u043d\u0438\u044f\" \/>\n\t<meta name=\"twitter:data1\" content=\"4 \u043c\u0438\u043d\u0443\u0442\u044b\" \/>\n<script type=\"application\/ld+json\" class=\"yoast-schema-graph\">{\"@context\":\"https:\/\/schema.org\",\"@graph\":[{\"@type\":\"WebPage\",\"@id\":\"https:\/\/zuptor.pl\/silosy\/system-wentylacji-i-pomiaru-temperatury\/\",\"url\":\"https:\/\/zuptor.pl\/silosy\/system-wentylacji-i-pomiaru-temperatury\/\",\"name\":\"System wentylacji i pomiaru temperatury | Zuptor\",\"isPartOf\":{\"@id\":\"https:\/\/zuptor.pl\/#website\"},\"datePublished\":\"2024-04-16T12:58:58+00:00\",\"dateModified\":\"2024-12-04T12:00:47+00:00\",\"description\":\"Systemy wentylacji i pomiaru temperatury w silosach. Kontrola temperatury i wilgotno\u015bci, aktywne przewietrzanie, intuicyjna obs\u0142uga.\",\"breadcrumb\":{\"@id\":\"https:\/\/zuptor.pl\/silosy\/system-wentylacji-i-pomiaru-temperatury\/#breadcrumb\"},\"inLanguage\":\"ru-RU\",\"potentialAction\":[{\"@type\":\"ReadAction\",\"target\":[\"https:\/\/zuptor.pl\/silosy\/system-wentylacji-i-pomiaru-temperatury\/\"]}]},{\"@type\":\"BreadcrumbList\",\"@id\":\"https:\/\/zuptor.pl\/silosy\/system-wentylacji-i-pomiaru-temperatury\/#breadcrumb\",\"itemListElement\":[{\"@type\":\"ListItem\",\"position\":1,\"name\":\"Strona g\u0142\u00f3wna\",\"item\":\"https:\/\/zuptor.pl\/\"},{\"@type\":\"ListItem\",\"position\":2,\"name\":\"Silosy\",\"item\":\"https:\/\/zuptor.pl\/silosy\/\"},{\"@type\":\"ListItem\",\"position\":3,\"name\":\"System wentylacji i pomiaru temperatury\"}]},{\"@type\":\"WebSite\",\"@id\":\"https:\/\/zuptor.pl\/#website\",\"url\":\"https:\/\/zuptor.pl\/\",\"name\":\"Zuptor\",\"description\":\"\",\"potentialAction\":[{\"@type\":\"SearchAction\",\"target\":{\"@type\":\"EntryPoint\",\"urlTemplate\":\"https:\/\/zuptor.pl\/?s={search_term_string}\"},\"query-input\":{\"@type\":\"PropertyValueSpecification\",\"valueRequired\":true,\"valueName\":\"search_term_string\"}}],\"inLanguage\":\"ru-RU\"}]}<\/script>\n<!-- \/ Yoast SEO plugin. -->","yoast_head_json":{"title":"System wentylacji i pomiaru temperatury | Zuptor","description":"Systemy wentylacji i pomiaru temperatury w silosach. Kontrola temperatury i wilgotno\u015bci, aktywne przewietrzanie, intuicyjna obs\u0142uga.","robots":{"index":"index","follow":"follow","max-snippet":"max-snippet:-1","max-image-preview":"max-image-preview:large","max-video-preview":"max-video-preview:-1"},"canonical":"https:\/\/zuptor.pl\/ru\/silosy\/system-wentylacji-i-pomiaru-temperatury\/","og_locale":"ru_RU","og_type":"article","og_title":"System wentylacji i pomiaru temperatury | Zuptor","og_description":"Systemy wentylacji i pomiaru temperatury w silosach. Kontrola temperatury i wilgotno\u015bci, aktywne przewietrzanie, intuicyjna obs\u0142uga.","og_url":"https:\/\/zuptor.pl\/ru\/silosy\/system-wentylacji-i-pomiaru-temperatury\/","og_site_name":"Zuptor","article_modified_time":"2024-12-04T12:00:47+00:00","twitter_card":"summary_large_image","twitter_misc":{"\u041f\u0440\u0438\u043c\u0435\u0440\u043d\u043e\u0435 \u0432\u0440\u0435\u043c\u044f \u0434\u043b\u044f \u0447\u0442\u0435\u043d\u0438\u044f":"4 \u043c\u0438\u043d\u0443\u0442\u044b"},"schema":{"@context":"https:\/\/schema.org","@graph":[{"@type":"WebPage","@id":"https:\/\/zuptor.pl\/silosy\/system-wentylacji-i-pomiaru-temperatury\/","url":"https:\/\/zuptor.pl\/silosy\/system-wentylacji-i-pomiaru-temperatury\/","name":"System wentylacji i pomiaru temperatury | Zuptor","isPartOf":{"@id":"https:\/\/zuptor.pl\/#website"},"datePublished":"2024-04-16T12:58:58+00:00","dateModified":"2024-12-04T12:00:47+00:00","description":"Systemy wentylacji i pomiaru temperatury w silosach. Kontrola temperatury i wilgotno\u015bci, aktywne przewietrzanie, intuicyjna obs\u0142uga.","breadcrumb":{"@id":"https:\/\/zuptor.pl\/silosy\/system-wentylacji-i-pomiaru-temperatury\/#breadcrumb"},"inLanguage":"ru-RU","potentialAction":[{"@type":"ReadAction","target":["https:\/\/zuptor.pl\/silosy\/system-wentylacji-i-pomiaru-temperatury\/"]}]},{"@type":"BreadcrumbList","@id":"https:\/\/zuptor.pl\/silosy\/system-wentylacji-i-pomiaru-temperatury\/#breadcrumb","itemListElement":[{"@type":"ListItem","position":1,"name":"Strona g\u0142\u00f3wna","item":"https:\/\/zuptor.pl\/"},{"@type":"ListItem","position":2,"name":"Silosy","item":"https:\/\/zuptor.pl\/silosy\/"},{"@type":"ListItem","position":3,"name":"System wentylacji i pomiaru temperatury"}]},{"@type":"WebSite","@id":"https:\/\/zuptor.pl\/#website","url":"https:\/\/zuptor.pl\/","name":"\u0417\u0443\u043f\u0442\u043e\u0440","description":"","potentialAction":[{"@type":"SearchAction","target":{"@type":"EntryPoint","urlTemplate":"https:\/\/zuptor.pl\/?s={search_term_string}"},"query-input":{"@type":"PropertyValueSpecification","valueRequired":true,"valueName":"search_term_string"}}],"inLanguage":"ru-RU"}]}},"_links":{"self":[{"href":"https:\/\/zuptor.pl\/ru\/wp-json\/wp\/v2\/pages\/1567","targetHints":{"allow":["GET"]}}],"collection":[{"href":"https:\/\/zuptor.pl\/ru\/wp-json\/wp\/v2\/pages"}],"about":[{"href":"https:\/\/zuptor.pl\/ru\/wp-json\/wp\/v2\/types\/page"}],"author":[{"embeddable":true,"href":"https:\/\/zuptor.pl\/ru\/wp-json\/wp\/v2\/users\/1"}],"replies":[{"embeddable":true,"href":"https:\/\/zuptor.pl\/ru\/wp-json\/wp\/v2\/comments?post=1567"}],"version-history":[{"count":13,"href":"https:\/\/zuptor.pl\/ru\/wp-json\/wp\/v2\/pages\/1567\/revisions"}],"predecessor-version":[{"id":2715,"href":"https:\/\/zuptor.pl\/ru\/wp-json\/wp\/v2\/pages\/1567\/revisions\/2715"}],"up":[{"embeddable":true,"href":"https:\/\/zuptor.pl\/ru\/wp-json\/wp\/v2\/pages\/679"}],"wp:attachment":[{"href":"https:\/\/zuptor.pl\/ru\/wp-json\/wp\/v2\/media?parent=1567"}],"curies":[{"name":"wp","href":"https:\/\/api.w.org\/{rel}","templated":true}]}}