{"id":2552,"date":"2024-06-13T14:02:29","date_gmt":"2024-06-13T12:02:29","guid":{"rendered":"http:\/\/zuptor.dlatestu.co.pl\/?page_id=2552"},"modified":"2024-06-14T08:48:52","modified_gmt":"2024-06-14T06:48:52","slug":"mieszalniki-nietypowe","status":"publish","type":"page","link":"https:\/\/zuptor.pl\/en\/mieszalniki-pasz\/mieszalniki-nietypowe\/","title":{"rendered":"Non-standard mixers"},"content":{"rendered":"<div class=\"wpb-content-wrapper\"><section class=\"vc_rows wpb_row vc_row-fluid bg-color-blue vc_custom_1712822727044\" ><div class=\"container\"><div class=\"row\"><div class=\"wpb_column vc_column_container vc_col-sm-12\"><div class=\"vc_column-inner\"><div class=\"wpb_wrapper\">\n\t\t\t<div class=\"col-md-8\">\n\t        <div class=\"wprt-spacer\" data-desktop=\"8\" data-mobi=\"0\" data-smobi=\"0\"><\/div>\n\t        <h2 class=\"text-white text-center-mobile font-size-20 margin-bottom-0\">Find a distributor in your area<\/h2>\n\t        <div class=\"wprt-spacer\" data-desktop=\"0\" data-mobi=\"20\" data-smobi=\"20\"><\/div>\n\t    <\/div>\n\n\t    <div class=\"col-md-4\">\n\t        <div class=\"text-right text-center-mobile\">\n\t        \n\t        <a class=\"wprt-button white rounded-3px\" href=\"https:\/\/zuptor.pl\/en\/dystrybutorzy\/\" target=\"_self\">DISTRIBUTORS<\/a>\t        <\/div>\n\t    <\/div>\n\t\n<\/div><\/div><\/div><\/div><\/div><div class=\"clearfix\"><\/div><\/section><section class=\"vc_rows wpb_row vc_row-fluid vc_custom_1712148861158\" ><div class=\"container\"><div class=\"row\"><div class=\"wpb_column vc_column_container vc_col-sm-3 vc_hidden-xs\"><div class=\"vc_column-inner\"><div class=\"wpb_wrapper\">\n    <h5 class=\"text-left\" >FEED MIXERS<\/h5>\n    \t    <div class=\"wprt-lines style-1 custom-3\">\n\t        <div class=\"line-1\"><\/div>\n\t    <\/div>\n    \n        \t\n<div class=\"vc_empty_space\"   style=\"height: 25px\"><span class=\"vc_empty_space_inner\"><\/span><\/div><div class=\"vc_btn3-container  menu vc_btn3-left vc_custom_1718265015845\" ><a class=\"vc_general vc_btn3 vc_btn3-size-sm vc_btn3-shape-square vc_btn3-style-flat vc_btn3-block vc_btn3-color-default\" href=\"https:\/\/zuptor.pl\/en\/mieszalniki-pasz\/mieszalniki-pasz-pionowe\/\" title=\"VERTICAL FEED MIXERS\">VERTICAL FEED MIXERS<\/a><\/div><div class=\"vc_btn3-container  menu vc_btn3-left vc_custom_1716276994037\" ><a class=\"vc_general vc_btn3 vc_btn3-size-sm vc_btn3-shape-square vc_btn3-style-flat vc_btn3-block vc_btn3-color-default\" href=\"https:\/\/zuptor.pl\/en\/mieszalniki-pasz\/mieszalniki-pionowe-z-koszem-na-podajniku-slimakowym\/\" title=\"VERTICAL MIXERS WITH HOPPER ON SCREW FEEDER\">VERTICAL MIXERS WITH HOPPER ON SCREW FEEDER<\/a><\/div><div class=\"vc_btn3-container  menu vc_btn3-left vc_custom_1716277046720\" ><a class=\"vc_general vc_btn3 vc_btn3-size-sm vc_btn3-shape-square vc_btn3-style-flat vc_btn3-block vc_btn3-color-default\" href=\"https:\/\/zuptor.pl\/en\/mieszalniki-pasz\/mieszalniki-pasz-poziome\/\" title=\"HORIZONTAL MIXERS\">HORIZONTAL MIXERS<\/a><\/div><div class=\"vc_btn3-container  menu vc_btn3-left vc_custom_1718283489268\" ><a class=\"vc_general vc_btn3 vc_btn3-size-sm vc_btn3-shape-square vc_btn3-style-flat vc_btn3-block vc_btn3-color-default\" href=\"https:\/\/zuptor.pl\/en\/mieszalniki-pasz\/mieszalniki-nietypowe\/\" title=\"VERTICAL FEED MIXERS\">NON-STANDARD FEED MIXERS<\/a><\/div><div class=\"vc_btn3-container  menu vc_btn3-left vc_custom_1718347458435\" ><a class=\"vc_general vc_btn3 vc_btn3-size-sm vc_btn3-shape-square vc_btn3-style-flat vc_btn3-block vc_btn3-color-default\" href=\"https:\/\/zuptor.pl\/en\/mieszalniki-pasz\/natluszczarka-paszy\/\" title=\"FEED GREASER\">FEED GREASER<\/a><\/div><div class=\"vc_btn3-container  menu vc_btn3-left vc_custom_1716811053131\" ><a class=\"vc_general vc_btn3 vc_btn3-size-sm vc_btn3-shape-square vc_btn3-style-flat vc_btn3-block vc_btn3-color-default\" href=\"https:\/\/zuptor.pl\/en\/mieszalniki-pasz\/automatyczny-dozownik-zakwaszacza\/\" title=\"AUTOMATIC ACIDIFIER DISPENSER ADZ\">AUTOMATIC ACIDIFIER DISPENSER ADZ<\/a><\/div><div class=\"vc_btn3-container  menu vc_btn3-left vc_custom_1716811911448\" ><a class=\"vc_general vc_btn3 vc_btn3-size-sm vc_btn3-shape-square vc_btn3-style-flat vc_btn3-block vc_btn3-color-default\" href=\"https:\/\/zuptor.pl\/en\/mieszalniki-pasz\/waga-elektroniczna-basic\/\" title=\"ELECTRONIC SCALES BASIC\">ELECTRONIC SCALES BASIC<\/a><\/div><div class=\"vc_btn3-container  menu vc_btn3-left vc_custom_1718347658119\" ><a class=\"vc_general vc_btn3 vc_btn3-size-sm vc_btn3-shape-square vc_btn3-style-flat vc_btn3-block vc_btn3-color-default\" href=\"https:\/\/zuptor.pl\/en\/mieszalniki-pasz\/waga-elektroniczna-pro-zuptor\/\" title=\"ELECTRONIC SCALE PRO\">ELECTRONIC SCALE PRO<\/a><\/div><\/div><\/div><\/div><div class=\"wpb_column vc_column_container vc_col-sm-9\"><div class=\"vc_column-inner vc_custom_1712148788315\"><div class=\"wpb_wrapper\"><div class=\"vc_row wpb_row vc_inner vc_row-fluid\"><div class=\"wpb_column vc_column_container vc_col-sm-12\"><div class=\"vc_column-inner\"><div class=\"wpb_wrapper\">\n    <h1 class=\"text-left\" >NON-STANDARD MIXERS<\/h1>\n    \t    <div class=\"wprt-lines style-1 custom-3\">\n\t        <div class=\"line-1\"><\/div>\n\t    <\/div>\n    \n        \t\n<\/div><\/div><\/div><\/div><div class=\"vc_empty_space\"   style=\"height: 32px\"><span class=\"vc_empty_space_inner\"><\/span><\/div><div class=\"vc_row wpb_row vc_inner vc_row-fluid\"><div class=\"wpb_column vc_column_container vc_col-sm-4\"><div class=\"vc_column-inner\"><div class=\"wpb_wrapper\">\n\t<div  class=\"wpb_single_image wpb_content_element vc_align_left\">\n\t\t\n\t\t<figure class=\"wpb_wrapper vc_figure\">\n\t\t\t<div class=\"vc_single_image-wrapper   vc_box_border_grey\"><img loading=\"lazy\" decoding=\"async\" width=\"640\" height=\"480\" src=\"https:\/\/zuptor.pl\/wp-content\/uploads\/2024\/05\/1-768x576-1.jpg\" class=\"vc_single_image-img attachment-large\" alt=\"Mieszalnik dla przesy\u0142u cukierniczego\" title=\"1-768x576\" srcset=\"https:\/\/zuptor.pl\/wp-content\/uploads\/2024\/05\/1-768x576-1.jpg 768w, https:\/\/zuptor.pl\/wp-content\/uploads\/2024\/05\/1-768x576-1-300x225.jpg 300w\" sizes=\"auto, (max-width: 640px) 100vw, 640px\" \/><\/div>\n\t\t<\/figure>\n\t<\/div>\n\n\t<div class=\"wpb_text_column wpb_content_element\" >\n\t\t<div class=\"wpb_wrapper\">\n\t\t\t<h6>Mixer for the confectionery industry<\/h6>\n\n\t\t<\/div>\n\t<\/div>\n<\/div><\/div><\/div><div class=\"wpb_column vc_column_container vc_col-sm-4\"><div class=\"vc_column-inner\"><div class=\"wpb_wrapper\">\n\t<div  class=\"wpb_single_image wpb_content_element vc_align_left\">\n\t\t\n\t\t<figure class=\"wpb_wrapper vc_figure\">\n\t\t\t<div class=\"vc_single_image-wrapper   vc_box_border_grey\"><img loading=\"lazy\" decoding=\"async\" width=\"640\" height=\"480\" src=\"https:\/\/zuptor.pl\/wp-content\/uploads\/2024\/05\/2-1-768x576-1.jpg\" class=\"vc_single_image-img attachment-large\" alt=\"Mieszalnik wykonany ze stali nierdzewnej dla bran\u017cy piekarniczej\" title=\"2-1-768x576\" srcset=\"https:\/\/zuptor.pl\/wp-content\/uploads\/2024\/05\/2-1-768x576-1.jpg 768w, https:\/\/zuptor.pl\/wp-content\/uploads\/2024\/05\/2-1-768x576-1-300x225.jpg 300w\" sizes=\"auto, (max-width: 640px) 100vw, 640px\" \/><\/div>\n\t\t<\/figure>\n\t<\/div>\n\n\t<div class=\"wpb_text_column wpb_content_element\" >\n\t\t<div class=\"wpb_wrapper\">\n\t\t\t<h6>Stainless steel mixer for the bakery industry<\/h6>\n\n\t\t<\/div>\n\t<\/div>\n<\/div><\/div><\/div><div class=\"wpb_column vc_column_container vc_col-sm-4\"><div class=\"vc_column-inner\"><div class=\"wpb_wrapper\">\n\t<div  class=\"wpb_single_image wpb_content_element vc_align_left\">\n\t\t\n\t\t<figure class=\"wpb_wrapper vc_figure\">\n\t\t\t<div class=\"vc_single_image-wrapper   vc_box_border_grey\"><img loading=\"lazy\" decoding=\"async\" width=\"640\" height=\"480\" src=\"https:\/\/zuptor.pl\/wp-content\/uploads\/2024\/05\/3-1-768x576-1.jpg\" class=\"vc_single_image-img attachment-large\" alt=\"Mieszalnik wykorzystywany przy produkcji pieczarek\" title=\"3-1-768x576\" srcset=\"https:\/\/zuptor.pl\/wp-content\/uploads\/2024\/05\/3-1-768x576-1.jpg 768w, https:\/\/zuptor.pl\/wp-content\/uploads\/2024\/05\/3-1-768x576-1-300x225.jpg 300w\" sizes=\"auto, (max-width: 640px) 100vw, 640px\" \/><\/div>\n\t\t<\/figure>\n\t<\/div>\n\n\t<div class=\"wpb_text_column wpb_content_element\" >\n\t\t<div class=\"wpb_wrapper\">\n\t\t\t<h6>Mixer used in the production of mushrooms<\/h6>\n\n\t\t<\/div>\n\t<\/div>\n<\/div><\/div><\/div><\/div><div class=\"vc_row wpb_row vc_inner vc_row-fluid\"><div class=\"wpb_column vc_column_container vc_col-sm-4\"><div class=\"vc_column-inner\"><div class=\"wpb_wrapper\">\n\t<div  class=\"wpb_single_image wpb_content_element vc_align_left\">\n\t\t\n\t\t<figure class=\"wpb_wrapper vc_figure\">\n\t\t\t<div class=\"vc_single_image-wrapper   vc_box_border_grey\"><img loading=\"lazy\" decoding=\"async\" width=\"640\" height=\"853\" src=\"https:\/\/zuptor.pl\/wp-content\/uploads\/2024\/05\/IMG_0892-768x1024-1.jpg\" class=\"vc_single_image-img attachment-large\" alt=\"Mieszalnik ze stali kwasoodpornej dla przemys\u0142u spo\u017cywczego\" title=\"IMG_0892-768x1024\" srcset=\"https:\/\/zuptor.pl\/wp-content\/uploads\/2024\/05\/IMG_0892-768x1024-1.jpg 768w, https:\/\/zuptor.pl\/wp-content\/uploads\/2024\/05\/IMG_0892-768x1024-1-225x300.jpg 225w\" sizes=\"auto, (max-width: 640px) 100vw, 640px\" \/><\/div>\n\t\t<\/figure>\n\t<\/div>\n\n\t<div class=\"wpb_text_column wpb_content_element\" >\n\t\t<div class=\"wpb_wrapper\">\n\t\t\t<h6>Stainless steel mixer for the food industry<\/h6>\n\n\t\t<\/div>\n\t<\/div>\n<\/div><\/div><\/div><div class=\"wpb_column vc_column_container vc_col-sm-4\"><div class=\"vc_column-inner\"><div class=\"wpb_wrapper\">\n\t<div  class=\"wpb_single_image wpb_content_element vc_align_left\">\n\t\t\n\t\t<figure class=\"wpb_wrapper vc_figure\">\n\t\t\t<div class=\"vc_single_image-wrapper   vc_box_border_grey\"><img loading=\"lazy\" decoding=\"async\" width=\"576\" height=\"768\" src=\"https:\/\/zuptor.pl\/wp-content\/uploads\/2024\/05\/5-1-768x1024-1.jpg\" class=\"vc_single_image-img attachment-large\" alt=\"Mieszalnik u\u017cytkowany w piekarnictwie\" title=\"5-1-768x1024\" srcset=\"https:\/\/zuptor.pl\/wp-content\/uploads\/2024\/05\/5-1-768x1024-1.jpg 576w, https:\/\/zuptor.pl\/wp-content\/uploads\/2024\/05\/5-1-768x1024-1-225x300.jpg 225w\" sizes=\"auto, (max-width: 576px) 100vw, 576px\" \/><\/div>\n\t\t<\/figure>\n\t<\/div>\n\n\t<div class=\"wpb_text_column wpb_content_element\" >\n\t\t<div class=\"wpb_wrapper\">\n\t\t\t<h6>Mixer used in the bakery industry<\/h6>\n\n\t\t<\/div>\n\t<\/div>\n<\/div><\/div><\/div><div class=\"wpb_column vc_column_container vc_col-sm-4\"><div class=\"vc_column-inner\"><div class=\"wpb_wrapper\">\n\t<div  class=\"wpb_single_image wpb_content_element vc_align_left\">\n\t\t\n\t\t<figure class=\"wpb_wrapper vc_figure\">\n\t\t\t<div class=\"vc_single_image-wrapper   vc_box_border_grey\"><img loading=\"lazy\" decoding=\"async\" width=\"640\" height=\"853\" src=\"https:\/\/zuptor.pl\/wp-content\/uploads\/2024\/05\/nietypowe-5-768x1024-1.jpg\" class=\"vc_single_image-img attachment-large\" alt=\"Linia do produkcji przypraw\" title=\"atypical-5-768x1024\" srcset=\"https:\/\/zuptor.pl\/wp-content\/uploads\/2024\/05\/nietypowe-5-768x1024-1.jpg 768w, https:\/\/zuptor.pl\/wp-content\/uploads\/2024\/05\/nietypowe-5-768x1024-1-225x300.jpg 225w\" sizes=\"auto, (max-width: 640px) 100vw, 640px\" \/><\/div>\n\t\t<\/figure>\n\t<\/div>\n\n\t<div class=\"wpb_text_column wpb_content_element\" >\n\t\t<div class=\"wpb_wrapper\">\n\t\t\t<h6>Spice production line<\/h6>\n\n\t\t<\/div>\n\t<\/div>\n<\/div><\/div><\/div><\/div><div class=\"vc_row wpb_row vc_inner vc_row-fluid\"><div class=\"wpb_column vc_column_container vc_col-sm-4\"><div class=\"vc_column-inner\"><div class=\"wpb_wrapper\">\n\t<div  class=\"wpb_single_image wpb_content_element vc_align_left\">\n\t\t\n\t\t<figure class=\"wpb_wrapper vc_figure\">\n\t\t\t<div class=\"vc_single_image-wrapper   vc_box_border_grey\"><img loading=\"lazy\" decoding=\"async\" width=\"576\" height=\"768\" src=\"https:\/\/zuptor.pl\/wp-content\/uploads\/2024\/05\/nietypowe-1-kadr-768x1024-1.jpg\" class=\"vc_single_image-img attachment-large\" alt=\"Mieszalnik ze stali nierdzewnej dla przemys\u0142u spo\u017cywczego\" title=\"nietypowe-1-kadr-768x1024\" srcset=\"https:\/\/zuptor.pl\/wp-content\/uploads\/2024\/05\/nietypowe-1-kadr-768x1024-1.jpg 576w, https:\/\/zuptor.pl\/wp-content\/uploads\/2024\/05\/nietypowe-1-kadr-768x1024-1-225x300.jpg 225w\" sizes=\"auto, (max-width: 576px) 100vw, 576px\" \/><\/div>\n\t\t<\/figure>\n\t<\/div>\n\n\t<div class=\"wpb_text_column wpb_content_element\" >\n\t\t<div class=\"wpb_wrapper\">\n\t\t\t<h6>Stainless steel mixer for the food industry<\/h6>\n\n\t\t<\/div>\n\t<\/div>\n<\/div><\/div><\/div><\/div><\/div><\/div><\/div><\/div><\/div><div class=\"clearfix\"><\/div><\/section><section class=\"vc_rows wpb_row vc_row-fluid\" ><div class=\"container\"><div class=\"row\"><div class=\"wpb_column vc_column_container vc_col-sm-12 vc_hidden-lg vc_hidden-md vc_hidden-sm\"><div class=\"vc_column-inner\"><div class=\"wpb_wrapper\">\n    <h5 class=\"text-left\" >FEED MIXERS<\/h5>\n    \t    <div class=\"wprt-lines style-1 custom-3\">\n\t        <div class=\"line-1\"><\/div>\n\t    <\/div>\n    \n        \t\n<div class=\"vc_empty_space\"   style=\"height: 25px\"><span class=\"vc_empty_space_inner\"><\/span><\/div><div class=\"vc_btn3-container  menu vc_btn3-left vc_custom_1718265033102\" ><a class=\"vc_general vc_btn3 vc_btn3-size-sm vc_btn3-shape-square vc_btn3-style-flat vc_btn3-block vc_btn3-color-default\" href=\"https:\/\/zuptor.pl\/en\/mieszalniki-pasz\/mieszalniki-pasz-pionowe\/\" title=\"VERTICAL FEED MIXERS\">VERTICAL FEED MIXERS<\/a><\/div><div class=\"vc_btn3-container  menu vc_btn3-left vc_custom_1716276994037\" ><a class=\"vc_general vc_btn3 vc_btn3-size-sm vc_btn3-shape-square vc_btn3-style-flat vc_btn3-block vc_btn3-color-default\" href=\"https:\/\/zuptor.pl\/en\/mieszalniki-pasz\/mieszalniki-pionowe-z-koszem-na-podajniku-slimakowym\/\" title=\"VERTICAL MIXERS WITH HOPPER ON SCREW FEEDER\">VERTICAL MIXERS WITH HOPPER ON SCREW FEEDER<\/a><\/div><div class=\"vc_btn3-container  menu vc_btn3-left vc_custom_1716277046720\" ><a class=\"vc_general vc_btn3 vc_btn3-size-sm vc_btn3-shape-square vc_btn3-style-flat vc_btn3-block vc_btn3-color-default\" href=\"https:\/\/zuptor.pl\/en\/mieszalniki-pasz\/mieszalniki-pasz-poziome\/\" title=\"HORIZONTAL MIXERS\">HORIZONTAL MIXERS<\/a><\/div><div class=\"vc_btn3-container  menu vc_btn3-left vc_custom_1718283489268\" ><a class=\"vc_general vc_btn3 vc_btn3-size-sm vc_btn3-shape-square vc_btn3-style-flat vc_btn3-block vc_btn3-color-default\" href=\"https:\/\/zuptor.pl\/en\/mieszalniki-pasz\/mieszalniki-nietypowe\/\" title=\"VERTICAL FEED MIXERS\">NON-STANDARD FEED MIXERS<\/a><\/div><div class=\"vc_btn3-container  menu vc_btn3-left vc_custom_1718347479643\" ><a class=\"vc_general vc_btn3 vc_btn3-size-sm vc_btn3-shape-square vc_btn3-style-flat vc_btn3-block vc_btn3-color-default\" href=\"https:\/\/zuptor.pl\/en\/mieszalniki-pasz\/natluszczarka-paszy\/\" title=\"FEED GREASER\">FEED GREASER<\/a><\/div><div class=\"vc_btn3-container  menu vc_btn3-left vc_custom_1716811053131\" ><a class=\"vc_general vc_btn3 vc_btn3-size-sm vc_btn3-shape-square vc_btn3-style-flat vc_btn3-block vc_btn3-color-default\" href=\"https:\/\/zuptor.pl\/en\/mieszalniki-pasz\/automatyczny-dozownik-zakwaszacza\/\" title=\"AUTOMATIC ACIDIFIER DISPENSER ADZ\">AUTOMATIC ACIDIFIER DISPENSER ADZ<\/a><\/div><div class=\"vc_btn3-container  menu vc_btn3-left vc_custom_1716811911448\" ><a class=\"vc_general vc_btn3 vc_btn3-size-sm vc_btn3-shape-square vc_btn3-style-flat vc_btn3-block vc_btn3-color-default\" href=\"https:\/\/zuptor.pl\/en\/mieszalniki-pasz\/waga-elektroniczna-basic\/\" title=\"ELECTRONIC SCALES BASIC\">ELECTRONIC SCALES BASIC<\/a><\/div><div class=\"vc_btn3-container  menu vc_btn3-left vc_custom_1718347677818\" ><a class=\"vc_general vc_btn3 vc_btn3-size-sm vc_btn3-shape-square vc_btn3-style-flat vc_btn3-block vc_btn3-color-default\" href=\"https:\/\/zuptor.pl\/en\/mieszalniki-pasz\/waga-elektroniczna-pro-zuptor\/\" title=\"ELECTRONIC SCALE PRO\">ELECTRONIC SCALE PRO<\/a><\/div><\/div><\/div><\/div><\/div><\/div><div class=\"clearfix\"><\/div><\/section><section class=\"vc_rows wpb_row vc_row-fluid\" ><div class=\"container\"><div class=\"row\"><div class=\"wpb_column vc_column_container vc_col-sm-12\"><div class=\"vc_column-inner\"><div class=\"wpb_wrapper\"><\/div><\/div><\/div><\/div><\/div><div class=\"clearfix\"><\/div><\/section><section class=\"vc_rows wpb_row vc_row-fluid\" ><div class=\"container\"><div class=\"row\"><div class=\"wpb_column vc_column_container vc_col-sm-12\"><div class=\"vc_column-inner\"><div class=\"wpb_wrapper\"><div class=\"vc_empty_space\"   style=\"height: 70px\"><span class=\"vc_empty_space_inner\"><\/span><\/div><\/div><\/div><\/div><\/div><\/div><div class=\"clearfix\"><\/div><\/section>\n<\/div>","protected":false},"excerpt":{"rendered":"Znajd\u017a dystrybutora w najbli\u017cszej okolicy DYSTRYBUTORZY MIESZALNIKI PASZ MIESZALNIKI PASZ PIONOWEMIESZALNIKI PIONOWE Z KOSZEM NA PODAJNIKU \u015aLIMAKOWYMMIESZALNIKI POZIOMEMIESZALNIKI PASZ NIETYPOWENAT\u0141USZCZARKA DO PASZYAUTOMATYCZNY DOZOWNIK ZAKWASZACZA ADZWAGA ELEKTRONICZNA BASICWAGA ELEKTRONICZNA PRO MIESZALNIKI NIETYPOWE Mieszalnik dla przemys\u0142u cukierniczego Mieszalnik wykonany ze stali nierdzewnej dla bran\u017cy piekarniczej Mieszalnik wykorzystywany przy produkcji pieczarek Mieszalnik ze stali kwasoodpornej dla przemys\u0142u spo\u017cywczego [...]","protected":false},"author":1,"featured_media":0,"parent":1641,"menu_order":0,"comment_status":"closed","ping_status":"closed","template":"page-templates\/template-fullwidth.php","meta":{"footnotes":""},"class_list":["post-2552","page","type-page","status-publish","hentry"],"yoast_head":"<!-- This site is optimized with the Yoast SEO plugin v24.7 - https:\/\/yoast.com\/wordpress\/plugins\/seo\/ -->\n<title>Mieszalniki nietypowe | Zuptor<\/title>\n<meta name=\"description\" content=\"Mieszalniki nietypowe ZUPTOR. Wykonywane \u015bci\u015ble wed\u0142ug potrzeb klienta. Mieszalniki stosowane w r\u00f3\u017cnych bran\u017cach.\" \/>\n<meta name=\"robots\" content=\"index, follow, max-snippet:-1, max-image-preview:large, max-video-preview:-1\" \/>\n<link rel=\"canonical\" href=\"https:\/\/zuptor.pl\/en\/mieszalniki-pasz\/mieszalniki-nietypowe\/\" \/>\n<meta property=\"og:locale\" content=\"en_GB\" \/>\n<meta property=\"og:type\" content=\"article\" \/>\n<meta property=\"og:title\" content=\"Mieszalniki nietypowe | Zuptor\" \/>\n<meta property=\"og:description\" content=\"Mieszalniki nietypowe ZUPTOR. Wykonywane \u015bci\u015ble wed\u0142ug potrzeb klienta. Mieszalniki stosowane w r\u00f3\u017cnych bran\u017cach.\" \/>\n<meta property=\"og:url\" content=\"https:\/\/zuptor.pl\/en\/mieszalniki-pasz\/mieszalniki-nietypowe\/\" \/>\n<meta property=\"og:site_name\" content=\"Zuptor\" \/>\n<meta property=\"article:modified_time\" content=\"2024-06-14T06:48:52+00:00\" \/>\n<meta name=\"twitter:card\" content=\"summary_large_image\" \/>\n<meta name=\"twitter:label1\" content=\"Estimated reading time\" \/>\n\t<meta name=\"twitter:data1\" content=\"3 minutes\" \/>\n<script type=\"application\/ld+json\" class=\"yoast-schema-graph\">{\"@context\":\"https:\/\/schema.org\",\"@graph\":[{\"@type\":\"WebPage\",\"@id\":\"https:\/\/zuptor.pl\/mieszalniki-pasz\/mieszalniki-nietypowe\/\",\"url\":\"https:\/\/zuptor.pl\/mieszalniki-pasz\/mieszalniki-nietypowe\/\",\"name\":\"Mieszalniki nietypowe | Zuptor\",\"isPartOf\":{\"@id\":\"https:\/\/zuptor.pl\/#website\"},\"datePublished\":\"2024-06-13T12:02:29+00:00\",\"dateModified\":\"2024-06-14T06:48:52+00:00\",\"description\":\"Mieszalniki nietypowe ZUPTOR. Wykonywane \u015bci\u015ble wed\u0142ug potrzeb klienta. Mieszalniki stosowane w r\u00f3\u017cnych bran\u017cach.\",\"breadcrumb\":{\"@id\":\"https:\/\/zuptor.pl\/mieszalniki-pasz\/mieszalniki-nietypowe\/#breadcrumb\"},\"inLanguage\":\"en-GB\",\"potentialAction\":[{\"@type\":\"ReadAction\",\"target\":[\"https:\/\/zuptor.pl\/mieszalniki-pasz\/mieszalniki-nietypowe\/\"]}]},{\"@type\":\"BreadcrumbList\",\"@id\":\"https:\/\/zuptor.pl\/mieszalniki-pasz\/mieszalniki-nietypowe\/#breadcrumb\",\"itemListElement\":[{\"@type\":\"ListItem\",\"position\":1,\"name\":\"Strona g\u0142\u00f3wna\",\"item\":\"https:\/\/zuptor.pl\/\"},{\"@type\":\"ListItem\",\"position\":2,\"name\":\"Mieszalniki pasz\",\"item\":\"https:\/\/zuptor.pl\/mieszalniki-pasz\/\"},{\"@type\":\"ListItem\",\"position\":3,\"name\":\"Mieszalniki nietypowe\"}]},{\"@type\":\"WebSite\",\"@id\":\"https:\/\/zuptor.pl\/#website\",\"url\":\"https:\/\/zuptor.pl\/\",\"name\":\"Zuptor\",\"description\":\"\",\"potentialAction\":[{\"@type\":\"SearchAction\",\"target\":{\"@type\":\"EntryPoint\",\"urlTemplate\":\"https:\/\/zuptor.pl\/?s={search_term_string}\"},\"query-input\":{\"@type\":\"PropertyValueSpecification\",\"valueRequired\":true,\"valueName\":\"search_term_string\"}}],\"inLanguage\":\"en-GB\"}]}<\/script>\n<!-- \/ Yoast SEO plugin. -->","yoast_head_json":{"title":"Mieszalniki nietypowe | Zuptor","description":"Mieszalniki nietypowe ZUPTOR. Wykonywane \u015bci\u015ble wed\u0142ug potrzeb klienta. Mieszalniki stosowane w r\u00f3\u017cnych bran\u017cach.","robots":{"index":"index","follow":"follow","max-snippet":"max-snippet:-1","max-image-preview":"max-image-preview:large","max-video-preview":"max-video-preview:-1"},"canonical":"https:\/\/zuptor.pl\/en\/mieszalniki-pasz\/mieszalniki-nietypowe\/","og_locale":"en_GB","og_type":"article","og_title":"Mieszalniki nietypowe | Zuptor","og_description":"Mieszalniki nietypowe ZUPTOR. Wykonywane \u015bci\u015ble wed\u0142ug potrzeb klienta. Mieszalniki stosowane w r\u00f3\u017cnych bran\u017cach.","og_url":"https:\/\/zuptor.pl\/en\/mieszalniki-pasz\/mieszalniki-nietypowe\/","og_site_name":"Zuptor","article_modified_time":"2024-06-14T06:48:52+00:00","twitter_card":"summary_large_image","twitter_misc":{"Estimated reading time":"3 minutes"},"schema":{"@context":"https:\/\/schema.org","@graph":[{"@type":"WebPage","@id":"https:\/\/zuptor.pl\/mieszalniki-pasz\/mieszalniki-nietypowe\/","url":"https:\/\/zuptor.pl\/mieszalniki-pasz\/mieszalniki-nietypowe\/","name":"Mieszalniki nietypowe | Zuptor","isPartOf":{"@id":"https:\/\/zuptor.pl\/#website"},"datePublished":"2024-06-13T12:02:29+00:00","dateModified":"2024-06-14T06:48:52+00:00","description":"Mieszalniki nietypowe ZUPTOR. Wykonywane \u015bci\u015ble wed\u0142ug potrzeb klienta. Mieszalniki stosowane w r\u00f3\u017cnych bran\u017cach.","breadcrumb":{"@id":"https:\/\/zuptor.pl\/mieszalniki-pasz\/mieszalniki-nietypowe\/#breadcrumb"},"inLanguage":"en-GB","potentialAction":[{"@type":"ReadAction","target":["https:\/\/zuptor.pl\/mieszalniki-pasz\/mieszalniki-nietypowe\/"]}]},{"@type":"BreadcrumbList","@id":"https:\/\/zuptor.pl\/mieszalniki-pasz\/mieszalniki-nietypowe\/#breadcrumb","itemListElement":[{"@type":"ListItem","position":1,"name":"Strona g\u0142\u00f3wna","item":"https:\/\/zuptor.pl\/"},{"@type":"ListItem","position":2,"name":"Mieszalniki pasz","item":"https:\/\/zuptor.pl\/mieszalniki-pasz\/"},{"@type":"ListItem","position":3,"name":"Mieszalniki nietypowe"}]},{"@type":"WebSite","@id":"https:\/\/zuptor.pl\/#website","url":"https:\/\/zuptor.pl\/","name":"Zuptor","description":"","potentialAction":[{"@type":"SearchAction","target":{"@type":"EntryPoint","urlTemplate":"https:\/\/zuptor.pl\/?s={search_term_string}"},"query-input":{"@type":"PropertyValueSpecification","valueRequired":true,"valueName":"search_term_string"}}],"inLanguage":"en-GB"}]}},"_links":{"self":[{"href":"https:\/\/zuptor.pl\/en\/wp-json\/wp\/v2\/pages\/2552","targetHints":{"allow":["GET"]}}],"collection":[{"href":"https:\/\/zuptor.pl\/en\/wp-json\/wp\/v2\/pages"}],"about":[{"href":"https:\/\/zuptor.pl\/en\/wp-json\/wp\/v2\/types\/page"}],"author":[{"embeddable":true,"href":"https:\/\/zuptor.pl\/en\/wp-json\/wp\/v2\/users\/1"}],"replies":[{"embeddable":true,"href":"https:\/\/zuptor.pl\/en\/wp-json\/wp\/v2\/comments?post=2552"}],"version-history":[{"count":4,"href":"https:\/\/zuptor.pl\/en\/wp-json\/wp\/v2\/pages\/2552\/revisions"}],"predecessor-version":[{"id":2579,"href":"https:\/\/zuptor.pl\/en\/wp-json\/wp\/v2\/pages\/2552\/revisions\/2579"}],"up":[{"embeddable":true,"href":"https:\/\/zuptor.pl\/en\/wp-json\/wp\/v2\/pages\/1641"}],"wp:attachment":[{"href":"https:\/\/zuptor.pl\/en\/wp-json\/wp\/v2\/media?parent=2552"}],"curies":[{"name":"wp","href":"https:\/\/api.w.org\/{rel}","templated":true}]}}