{"id":2441,"date":"2024-06-11T15:33:11","date_gmt":"2024-06-11T13:33:11","guid":{"rendered":"http:\/\/zuptor.dlatestu.co.pl\/?page_id=2441"},"modified":"2024-06-13T12:37:08","modified_gmt":"2024-06-13T10:37:08","slug":"katalogi","status":"publish","type":"page","link":"https:\/\/zuptor.pl\/en\/katalogi\/","title":{"rendered":"Catalogues"},"content":{"rendered":"<div class=\"wpb-content-wrapper\"><section class=\"vc_rows wpb_row vc_row-fluid bg-color-blue vc_custom_1712822687460\" ><div class=\"container\"><div class=\"row\"><div class=\"wpb_column vc_column_container vc_col-sm-12\"><div class=\"vc_column-inner\"><div class=\"wpb_wrapper\">\n\t\t\t<div class=\"col-md-8\">\n\t        <div class=\"wprt-spacer\" data-desktop=\"8\" data-mobi=\"0\" data-smobi=\"0\"><\/div>\n\t        <h2 class=\"text-white text-center-mobile font-size-20 margin-bottom-0\">Find a distributor in your area<\/h2>\n\t        <div class=\"wprt-spacer\" data-desktop=\"0\" data-mobi=\"20\" data-smobi=\"20\"><\/div>\n\t    <\/div>\n\n\t    <div class=\"col-md-4\">\n\t        <div class=\"text-right text-center-mobile\">\n\t        \n\t        <a class=\"wprt-button white rounded-3px\" href=\"https:\/\/zuptor.pl\/en\/dystrybutorzy\/\" target=\"_self\">DISTRIBUTORS<\/a>\t        <\/div>\n\t    <\/div>\n\t\n<\/div><\/div><\/div><\/div><\/div><div class=\"clearfix\"><\/div><\/section><section class=\"vc_rows wpb_row vc_row-fluid vc_custom_1713946270903\" ><div class=\"container\"><div class=\"row\"><div class=\"wpb_column vc_column_container vc_col-sm-4\"><div class=\"vc_column-inner\"><div class=\"wpb_wrapper\">\n\t<div  class=\"wpb_single_image wpb_content_element vc_align_center\">\n\t\t\n\t\t<figure class=\"wpb_wrapper vc_figure\">\n\t\t\t<a href=\"https:\/\/zuptor.pl\/wp-content\/uploads\/2024\/06\/ZUPTOR_kat_online.pdf\" target=\"_blank\" class=\"vc_single_image-wrapper   vc_box_border_grey\"><img loading=\"lazy\" decoding=\"async\" width=\"721\" height=\"1024\" src=\"https:\/\/zuptor.pl\/wp-content\/uploads\/2024\/06\/katalog-721x1024-1.png\" class=\"vc_single_image-img attachment-full\" alt=\"katalog ZUPTOR 1\" title=\"catalogue-721x1024\" srcset=\"https:\/\/zuptor.pl\/wp-content\/uploads\/2024\/06\/katalog-721x1024-1.png 721w, https:\/\/zuptor.pl\/wp-content\/uploads\/2024\/06\/katalog-721x1024-1-211x300.png 211w\" sizes=\"auto, (max-width: 721px) 100vw, 721px\" \/><\/a>\n\t\t<\/figure>\n\t<\/div>\n\n\t<div class=\"wpb_text_column wpb_content_element\" >\n\t\t<div class=\"wpb_wrapper\">\n\t\t\t<p><a href=\"https:\/\/zuptor.pl\/wp-content\/uploads\/2024\/06\/ZUPTOR_kat_online.pdf\" target=\"_blank\" rel=\"noopener\">CATALOGUE SEED, STORAGE, TRANSPORT OF GRAIN<\/a><\/p>\n\n\t\t<\/div>\n\t<\/div>\n<\/div><\/div><\/div><div class=\"wpb_column vc_column_container vc_col-sm-4\"><div class=\"vc_column-inner vc_custom_1718112914321\"><div class=\"wpb_wrapper\">\n\t<div  class=\"wpb_single_image wpb_content_element vc_align_center\">\n\t\t\n\t\t<figure class=\"wpb_wrapper vc_figure\">\n\t\t\t<a href=\"https:\/\/zuptor.pl\/wp-content\/uploads\/2024\/06\/Katalog-PL-1.pdf\" target=\"_blank\" class=\"vc_single_image-wrapper   vc_box_border_grey\"><img loading=\"lazy\" decoding=\"async\" width=\"720\" height=\"1024\" src=\"https:\/\/zuptor.pl\/wp-content\/uploads\/2024\/06\/strona-PL-jpg-ramka-720x1024-1.jpg\" class=\"vc_single_image-img attachment-full\" alt=\"Katalog ZUPTOR 2\" title=\"strona-PL-jpg-ramka-720x1024\" srcset=\"https:\/\/zuptor.pl\/wp-content\/uploads\/2024\/06\/strona-PL-jpg-ramka-720x1024-1.jpg 720w, https:\/\/zuptor.pl\/wp-content\/uploads\/2024\/06\/strona-PL-jpg-ramka-720x1024-1-211x300.jpg 211w\" sizes=\"auto, (max-width: 720px) 100vw, 720px\" \/><\/a>\n\t\t<\/figure>\n\t<\/div>\n\n\t<div class=\"wpb_text_column wpb_content_element\" >\n\t\t<div class=\"wpb_wrapper\">\n\t\t\t<p><a href=\"https:\/\/zuptor.pl\/wp-content\/uploads\/2024\/06\/Katalog-PL-1.pdf\" target=\"_blank\" rel=\"noopener\">CATALOGUE POLISH - EN - FEED PREPARATION LINES<\/a><\/p>\n\n\t\t<\/div>\n\t<\/div>\n<\/div><\/div><\/div><div class=\"wpb_column vc_column_container vc_col-sm-4\"><div class=\"vc_column-inner\"><div class=\"wpb_wrapper\">\n\t<div  class=\"wpb_single_image wpb_content_element vc_align_center\">\n\t\t\n\t\t<figure class=\"wpb_wrapper vc_figure\">\n\t\t\t<a href=\"https:\/\/zuptor.pl\/wp-content\/uploads\/2024\/06\/Katalog-EN.pdf\" target=\"_blank\" class=\"vc_single_image-wrapper   vc_box_border_grey\"><img loading=\"lazy\" decoding=\"async\" width=\"724\" height=\"1024\" src=\"https:\/\/zuptor.pl\/wp-content\/uploads\/2024\/06\/strona-EN-JPG-kontur-724x1024-1.jpg\" class=\"vc_single_image-img attachment-full\" alt=\"Zuptor EN\" title=\"strona-EN-JPG-kontur-724x1024\" srcset=\"https:\/\/zuptor.pl\/wp-content\/uploads\/2024\/06\/strona-EN-JPG-kontur-724x1024-1.jpg 724w, https:\/\/zuptor.pl\/wp-content\/uploads\/2024\/06\/strona-EN-JPG-kontur-724x1024-1-212x300.jpg 212w\" sizes=\"auto, (max-width: 724px) 100vw, 724px\" \/><\/a>\n\t\t<\/figure>\n\t<\/div>\n\n\t<div class=\"wpb_text_column wpb_content_element\" >\n\t\t<div class=\"wpb_wrapper\">\n\t\t\t<p><a href=\"https:\/\/zuptor.pl\/wp-content\/uploads\/2024\/06\/Katalog-EN.pdf\" target=\"_blank\" rel=\"noopener\">CATALOGUE ENGLISH - EN - FEED PREPARATION LINES<\/a><\/p>\n\n\t\t<\/div>\n\t<\/div>\n<\/div><\/div><\/div><\/div><\/div><div class=\"clearfix\"><\/div><\/section><section class=\"vc_rows wpb_row vc_row-fluid vc_custom_1713946270903\" ><div class=\"container\"><div class=\"row\"><div class=\"wpb_column vc_column_container vc_col-sm-4\"><div class=\"vc_column-inner\"><div class=\"wpb_wrapper\">\n\t<div  class=\"wpb_single_image wpb_content_element vc_align_center\">\n\t\t\n\t\t<figure class=\"wpb_wrapper vc_figure\">\n\t\t\t<a href=\"https:\/\/zuptor.pl\/wp-content\/uploads\/2024\/06\/Katalog-RU-1.pdf\" target=\"_blank\" class=\"vc_single_image-wrapper   vc_box_border_grey\"><img loading=\"lazy\" decoding=\"async\" width=\"724\" height=\"1024\" src=\"https:\/\/zuptor.pl\/wp-content\/uploads\/2024\/06\/strona-RU-JPG-kontur1-1-724x1024-1.jpg\" class=\"vc_single_image-img attachment-full\" alt=\"ZUPTOR RU\" title=\"strona-RU-JPG-kontur1-1-724x1024\" srcset=\"https:\/\/zuptor.pl\/wp-content\/uploads\/2024\/06\/strona-RU-JPG-kontur1-1-724x1024-1.jpg 724w, https:\/\/zuptor.pl\/wp-content\/uploads\/2024\/06\/strona-RU-JPG-kontur1-1-724x1024-1-212x300.jpg 212w\" sizes=\"auto, (max-width: 724px) 100vw, 724px\" \/><\/a>\n\t\t<\/figure>\n\t<\/div>\n\n\t<div class=\"wpb_text_column wpb_content_element\" >\n\t\t<div class=\"wpb_wrapper\">\n\t\t\t<p><a href=\"https:\/\/zuptor.pl\/wp-content\/uploads\/2024\/06\/Katalog-RU-1.pdf\" target=\"_blank\" rel=\"noopener\">RUSSIAN CATALOGUE - RU - FEED PREPARATION LINES<\/a><\/p>\n\n\t\t<\/div>\n\t<\/div>\n<\/div><\/div><\/div><div class=\"wpb_column vc_column_container vc_col-sm-4\"><div class=\"vc_column-inner vc_custom_1718112892685\"><div class=\"wpb_wrapper\">\n\t<div  class=\"wpb_single_image wpb_content_element vc_align_center\">\n\t\t\n\t\t<figure class=\"wpb_wrapper vc_figure\">\n\t\t\t<a href=\"https:\/\/zuptor.pl\/wp-content\/uploads\/2024\/06\/Katalog-HU.pdf\" target=\"_blank\" class=\"vc_single_image-wrapper   vc_box_border_grey\"><img loading=\"lazy\" decoding=\"async\" width=\"724\" height=\"1024\" src=\"https:\/\/zuptor.pl\/wp-content\/uploads\/2024\/06\/strona-HU-JPG-kontur-724x1024-1.jpg\" class=\"vc_single_image-img attachment-full\" alt=\"ZUPTOR HU\" title=\"strona-HU-JPG-kontur-724x1024\" srcset=\"https:\/\/zuptor.pl\/wp-content\/uploads\/2024\/06\/strona-HU-JPG-kontur-724x1024-1.jpg 724w, https:\/\/zuptor.pl\/wp-content\/uploads\/2024\/06\/strona-HU-JPG-kontur-724x1024-1-212x300.jpg 212w\" sizes=\"auto, (max-width: 724px) 100vw, 724px\" \/><\/a>\n\t\t<\/figure>\n\t<\/div>\n\n\t<div class=\"wpb_text_column wpb_content_element\" >\n\t\t<div class=\"wpb_wrapper\">\n\t\t\t<p><a href=\"https:\/\/zuptor.pl\/wp-content\/uploads\/2024\/06\/Katalog-HU.pdf\" target=\"_blank\" rel=\"noopener\">HUNGARY LANGUAGE CATALOGUE - HU - FEED PREPARATION LINES<\/a><\/p>\n\n\t\t<\/div>\n\t<\/div>\n<\/div><\/div><\/div><div class=\"wpb_column vc_column_container vc_col-sm-4\"><div class=\"vc_column-inner\"><div class=\"wpb_wrapper\">\n\t<div  class=\"wpb_single_image wpb_content_element vc_align_center\">\n\t\t\n\t\t<figure class=\"wpb_wrapper vc_figure\">\n\t\t\t<div class=\"vc_single_image-wrapper   vc_box_border_grey\"><img loading=\"lazy\" decoding=\"async\" width=\"724\" height=\"1024\" src=\"https:\/\/zuptor.pl\/wp-content\/uploads\/2024\/06\/strona-RO-JPG-kontur-724x1024-1.jpg\" class=\"vc_single_image-img attachment-full\" alt=\"ZUPTOR RO\" title=\"strona-RO-JPG-kontur-724x1024\" srcset=\"https:\/\/zuptor.pl\/wp-content\/uploads\/2024\/06\/strona-RO-JPG-kontur-724x1024-1.jpg 724w, https:\/\/zuptor.pl\/wp-content\/uploads\/2024\/06\/strona-RO-JPG-kontur-724x1024-1-212x300.jpg 212w\" sizes=\"auto, (max-width: 724px) 100vw, 724px\" \/><\/div>\n\t\t<\/figure>\n\t<\/div>\n\n\t<div class=\"wpb_text_column wpb_content_element\" >\n\t\t<div class=\"wpb_wrapper\">\n\t\t\t<p>ROMANIAN LANGUAGE CATALOGUE - RO - FEED PREPARATION LINES<\/p>\n\n\t\t<\/div>\n\t<\/div>\n<\/div><\/div><\/div><\/div><\/div><div class=\"clearfix\"><\/div><\/section><section class=\"vc_rows wpb_row vc_row-fluid\" ><div class=\"container\"><div class=\"row\"><div class=\"wpb_column vc_column_container vc_col-sm-12\"><div class=\"vc_column-inner\"><div class=\"wpb_wrapper\"><div class=\"vc_empty_space\"   style=\"height: 80px\"><span class=\"vc_empty_space_inner\"><\/span><\/div><\/div><\/div><\/div><\/div><\/div><div class=\"clearfix\"><\/div><\/section>\n<\/div>","protected":false},"excerpt":{"rendered":"Find a distributor in your area DISTRIBUTORS CATALOG CEREAL, STORAGE, TRANSPORTATION OF GRAIN CATALOG LANGUAGE POLISH - PL - FEED PREPARATION LINES CATALOG LANGUAGE ENGLISH - EN - FEED PREPARATION LINES CATALOG RUSSIAN - RU - FEED PREPARATION LINES CATALOG HUNGARY - HU - FEED PREPARATION LINES CATALOG ROMANIAN - [...]","protected":false},"author":1,"featured_media":0,"parent":0,"menu_order":0,"comment_status":"closed","ping_status":"closed","template":"page-templates\/template-fullwidth.php","meta":{"footnotes":""},"class_list":["post-2441","page","type-page","status-publish","hentry"],"yoast_head":"<!-- This site is optimized with the Yoast SEO plugin v24.7 - https:\/\/yoast.com\/wordpress\/plugins\/seo\/ -->\n<title>Katalogi | Zuptor<\/title>\n<meta name=\"description\" content=\"Katalogi i prospekty przedstawiaj\u0105ce produkty ZUPTOR. Pobierz w wersji PDF. R\u00f3\u017cne wersje j\u0119zykowe.\" \/>\n<meta name=\"robots\" content=\"index, follow, max-snippet:-1, max-image-preview:large, max-video-preview:-1\" \/>\n<link rel=\"canonical\" href=\"https:\/\/zuptor.pl\/en\/katalogi\/\" \/>\n<meta property=\"og:locale\" content=\"en_GB\" \/>\n<meta property=\"og:type\" content=\"article\" \/>\n<meta property=\"og:title\" content=\"Katalogi | Zuptor\" \/>\n<meta property=\"og:description\" content=\"Katalogi i prospekty przedstawiaj\u0105ce produkty ZUPTOR. Pobierz w wersji PDF. R\u00f3\u017cne wersje j\u0119zykowe.\" \/>\n<meta property=\"og:url\" content=\"https:\/\/zuptor.pl\/en\/katalogi\/\" \/>\n<meta property=\"og:site_name\" content=\"Zuptor\" \/>\n<meta property=\"article:modified_time\" content=\"2024-06-13T10:37:08+00:00\" \/>\n<meta name=\"twitter:card\" content=\"summary_large_image\" \/>\n<meta name=\"twitter:label1\" content=\"Estimated reading time\" \/>\n\t<meta name=\"twitter:data1\" content=\"2 minutes\" \/>\n<script type=\"application\/ld+json\" class=\"yoast-schema-graph\">{\"@context\":\"https:\/\/schema.org\",\"@graph\":[{\"@type\":\"WebPage\",\"@id\":\"https:\/\/zuptor.pl\/katalogi\/\",\"url\":\"https:\/\/zuptor.pl\/katalogi\/\",\"name\":\"Katalogi | Zuptor\",\"isPartOf\":{\"@id\":\"https:\/\/zuptor.pl\/#website\"},\"datePublished\":\"2024-06-11T13:33:11+00:00\",\"dateModified\":\"2024-06-13T10:37:08+00:00\",\"description\":\"Katalogi i prospekty przedstawiaj\u0105ce produkty ZUPTOR. Pobierz w wersji PDF. R\u00f3\u017cne wersje j\u0119zykowe.\",\"breadcrumb\":{\"@id\":\"https:\/\/zuptor.pl\/katalogi\/#breadcrumb\"},\"inLanguage\":\"en-GB\",\"potentialAction\":[{\"@type\":\"ReadAction\",\"target\":[\"https:\/\/zuptor.pl\/katalogi\/\"]}]},{\"@type\":\"BreadcrumbList\",\"@id\":\"https:\/\/zuptor.pl\/katalogi\/#breadcrumb\",\"itemListElement\":[{\"@type\":\"ListItem\",\"position\":1,\"name\":\"Strona g\u0142\u00f3wna\",\"item\":\"https:\/\/zuptor.pl\/\"},{\"@type\":\"ListItem\",\"position\":2,\"name\":\"Katalogi\"}]},{\"@type\":\"WebSite\",\"@id\":\"https:\/\/zuptor.pl\/#website\",\"url\":\"https:\/\/zuptor.pl\/\",\"name\":\"Zuptor\",\"description\":\"\",\"potentialAction\":[{\"@type\":\"SearchAction\",\"target\":{\"@type\":\"EntryPoint\",\"urlTemplate\":\"https:\/\/zuptor.pl\/?s={search_term_string}\"},\"query-input\":{\"@type\":\"PropertyValueSpecification\",\"valueRequired\":true,\"valueName\":\"search_term_string\"}}],\"inLanguage\":\"en-GB\"}]}<\/script>\n<!-- \/ Yoast SEO plugin. -->","yoast_head_json":{"title":"Katalogi | Zuptor","description":"Katalogi i prospekty przedstawiaj\u0105ce produkty ZUPTOR. Pobierz w wersji PDF. R\u00f3\u017cne wersje j\u0119zykowe.","robots":{"index":"index","follow":"follow","max-snippet":"max-snippet:-1","max-image-preview":"max-image-preview:large","max-video-preview":"max-video-preview:-1"},"canonical":"https:\/\/zuptor.pl\/en\/katalogi\/","og_locale":"en_GB","og_type":"article","og_title":"Katalogi | Zuptor","og_description":"Katalogi i prospekty przedstawiaj\u0105ce produkty ZUPTOR. Pobierz w wersji PDF. R\u00f3\u017cne wersje j\u0119zykowe.","og_url":"https:\/\/zuptor.pl\/en\/katalogi\/","og_site_name":"Zuptor","article_modified_time":"2024-06-13T10:37:08+00:00","twitter_card":"summary_large_image","twitter_misc":{"Estimated reading time":"2 minutes"},"schema":{"@context":"https:\/\/schema.org","@graph":[{"@type":"WebPage","@id":"https:\/\/zuptor.pl\/katalogi\/","url":"https:\/\/zuptor.pl\/katalogi\/","name":"Katalogi | Zuptor","isPartOf":{"@id":"https:\/\/zuptor.pl\/#website"},"datePublished":"2024-06-11T13:33:11+00:00","dateModified":"2024-06-13T10:37:08+00:00","description":"Katalogi i prospekty przedstawiaj\u0105ce produkty ZUPTOR. Pobierz w wersji PDF. R\u00f3\u017cne wersje j\u0119zykowe.","breadcrumb":{"@id":"https:\/\/zuptor.pl\/katalogi\/#breadcrumb"},"inLanguage":"en-GB","potentialAction":[{"@type":"ReadAction","target":["https:\/\/zuptor.pl\/katalogi\/"]}]},{"@type":"BreadcrumbList","@id":"https:\/\/zuptor.pl\/katalogi\/#breadcrumb","itemListElement":[{"@type":"ListItem","position":1,"name":"Strona g\u0142\u00f3wna","item":"https:\/\/zuptor.pl\/"},{"@type":"ListItem","position":2,"name":"Katalogi"}]},{"@type":"WebSite","@id":"https:\/\/zuptor.pl\/#website","url":"https:\/\/zuptor.pl\/","name":"Zuptor","description":"","potentialAction":[{"@type":"SearchAction","target":{"@type":"EntryPoint","urlTemplate":"https:\/\/zuptor.pl\/?s={search_term_string}"},"query-input":{"@type":"PropertyValueSpecification","valueRequired":true,"valueName":"search_term_string"}}],"inLanguage":"en-GB"}]}},"_links":{"self":[{"href":"https:\/\/zuptor.pl\/en\/wp-json\/wp\/v2\/pages\/2441","targetHints":{"allow":["GET"]}}],"collection":[{"href":"https:\/\/zuptor.pl\/en\/wp-json\/wp\/v2\/pages"}],"about":[{"href":"https:\/\/zuptor.pl\/en\/wp-json\/wp\/v2\/types\/page"}],"author":[{"embeddable":true,"href":"https:\/\/zuptor.pl\/en\/wp-json\/wp\/v2\/users\/1"}],"replies":[{"embeddable":true,"href":"https:\/\/zuptor.pl\/en\/wp-json\/wp\/v2\/comments?post=2441"}],"version-history":[{"count":13,"href":"https:\/\/zuptor.pl\/en\/wp-json\/wp\/v2\/pages\/2441\/revisions"}],"predecessor-version":[{"id":2551,"href":"https:\/\/zuptor.pl\/en\/wp-json\/wp\/v2\/pages\/2441\/revisions\/2551"}],"wp:attachment":[{"href":"https:\/\/zuptor.pl\/en\/wp-json\/wp\/v2\/media?parent=2441"}],"curies":[{"name":"wp","href":"https:\/\/api.w.org\/{rel}","templated":true}]}}