{"id":2427,"date":"2024-06-11T14:22:10","date_gmt":"2024-06-11T12:22:10","guid":{"rendered":"http:\/\/zuptor.dlatestu.co.pl\/?page_id=2427"},"modified":"2024-06-13T10:59:01","modified_gmt":"2024-06-13T08:59:01","slug":"firma","status":"publish","type":"page","link":"https:\/\/zuptor.pl\/en\/firma\/","title":{"rendered":"Company"},"content":{"rendered":"<div class=\"wpb-content-wrapper\"><section class=\"vc_rows wpb_row vc_row-fluid bg-color-blue vc_custom_1712822687460\" ><div class=\"container\"><div class=\"row\"><div class=\"wpb_column vc_column_container vc_col-sm-12\"><div class=\"vc_column-inner\"><div class=\"wpb_wrapper\">\n\t\t\t<div class=\"col-md-8\">\n\t        <div class=\"wprt-spacer\" data-desktop=\"8\" data-mobi=\"0\" data-smobi=\"0\"><\/div>\n\t        <h2 class=\"text-white text-center-mobile font-size-20 margin-bottom-0\">Find a distributor in your area<\/h2>\n\t        <div class=\"wprt-spacer\" data-desktop=\"0\" data-mobi=\"20\" data-smobi=\"20\"><\/div>\n\t    <\/div>\n\n\t    <div class=\"col-md-4\">\n\t        <div class=\"text-right text-center-mobile\">\n\t        \n\t        <a class=\"wprt-button white rounded-3px\" href=\"https:\/\/zuptor.pl\/en\/dystrybutorzy\/\" target=\"_self\">DISTRIBUTORS<\/a>\t        <\/div>\n\t    <\/div>\n\t\n<\/div><\/div><\/div><\/div><\/div><div class=\"clearfix\"><\/div><\/section><section class=\"vc_rows wpb_row vc_row-fluid vc_custom_1713946270903\" ><div class=\"container\"><div class=\"row\"><div class=\"wpb_column vc_column_container vc_col-sm-3\/5\"><div class=\"vc_column-inner\"><div class=\"wpb_wrapper\">\n    <h3 class=\"text-left\" >Design, manufacture and assembly of agricultural machinery<\/h3>\n    \n        \t\n\n\t<div class=\"wpb_text_column wpb_content_element\" >\n\t\t<div class=\"wpb_wrapper\">\n\t\t\t<p>ZUPTOR has been on the market since 1989. We specialise in the design, manufacture and assembly of machinery used by large and small farms and agricultural businesses.<\/p>\n<h2>Feed mixing plants with fully automated systems<\/h2>\n<p>ZUPTOR mixing plants are used to prepare feed mixtures for pigs, cattle, sheep and poultry on farms based on grain, feed concentrates mineral and vitamin additives. We offer feed preparation lines of any capacity depending on the customer's needs.<\/p>\n<h2>Technology lines<\/h2>\n<p>Technological lines for the storage and processing of cereals and seed grain, with full automation and process control systems enabling operations to be carried out smoothly and with the required capacity. We design simple lines and complex installations of an industrial nature.<\/p>\n<p>We equip our grain processing lines with machines from the German company PETKUS, of which we have been the official representative on the Polish market for 15 years. Our many years of experience and technological know-how enable us to design high-quality, customised equipment to meet our customers' needs.<\/p>\n<p>Our business is guided by high ethical standards, building partnerships with the customers of our equipment. Our mission is complete customer satisfaction with their choice.<\/p>\n\n\t\t<\/div>\n\t<\/div>\n<\/div><\/div><\/div><div class=\"wpb_column vc_column_container vc_col-sm-2\/5 vc_col-has-fill\"><div class=\"vc_column-inner vc_custom_1718110301898\"><div class=\"wpb_wrapper\">\n    <h3 class=\"text-left\" >What sets us apart?<\/h3>\n    \t    <div class=\"wprt-lines style-1 custom-3\">\n\t        <div class=\"line-1\"><\/div>\n\t    <\/div>\n    \n        \t\n<div class=\"vc_empty_space\"   style=\"height: 20px\"><span class=\"vc_empty_space_inner\"><\/span><\/div>\n\t<div class=\"wpb_text_column wpb_content_element\" >\n\t\t<div class=\"wpb_wrapper\">\n\t\t\t<ul>\n<li>More than 25 years of experience<\/li>\n<li>Innovative solutions<\/li>\n<li>Latest technology<\/li>\n<li>Professional advice<\/li>\n<li>Flexible pricing<\/li>\n<li>Tailoring products to customer requirements<\/li>\n<li>Full investment automation<\/li>\n<li>Service from design to installation<\/li>\n<li>Warranty and post-warranty service<\/li>\n<li>Original spare parts<\/li>\n<li>Proprietary utility models, patents and certificates<\/li>\n<\/ul>\n\n\t\t<\/div>\n\t<\/div>\n<\/div><\/div><\/div><\/div><\/div><div class=\"clearfix\"><\/div><\/section><section class=\"vc_rows wpb_row vc_row-fluid vc_custom_1717764182729\" ><div class=\"container\"><div class=\"row\"><div class=\"wpb_column vc_column_container vc_col-sm-12 vc_col-has-fill\"><div class=\"vc_column-inner vc_custom_1718109128323\"><div class=\"wpb_wrapper\">\n\t<div class=\"wpb_text_column wpb_content_element\" >\n\t\t<div class=\"wpb_wrapper\">\n\t\t\t<p><a href=\"https:\/\/www.petkus.de\">www.petkus.de<img loading=\"lazy\" decoding=\"async\" class=\"size-full wp-image-2428 alignleft\" src=\"https:\/\/zuptor.pl\/wp-content\/uploads\/2024\/06\/petkus-logo.png\" alt=\"petkus logo\" width=\"100\" height=\"100\" \/><\/a><br \/>\nOur German seed partner. A company with many years of experience and knowledge. It uses the latest technology and innovative solutions in the production of its machinery, which results in strong seeds and healthy grain.<\/p>\n\n\t\t<\/div>\n\t<\/div>\n<\/div><\/div><\/div><\/div><\/div><div class=\"clearfix\"><\/div><\/section><section class=\"vc_rows wpb_row vc_row-fluid\" ><div class=\"container\"><div class=\"row\"><div class=\"wpb_column vc_column_container vc_col-sm-12\"><div class=\"vc_column-inner\"><div class=\"wpb_wrapper\"><div class=\"vc_empty_space\"   style=\"height: 80px\"><span class=\"vc_empty_space_inner\"><\/span><\/div><\/div><\/div><\/div><\/div><\/div><div class=\"clearfix\"><\/div><\/section>\n<\/div>","protected":false},"excerpt":{"rendered":"Find a distributor in your area DISTRIBUTORS Design, manufacture and assembly of agricultural machinery ZUPTOR has been on the market since 1989. We specialise in the design, manufacture and assembly of machinery used by large and small farms and agricultural enterprises. Feed mixing plants with full automation system ZUPTOR mixers are used to prepare feed mixtures for pigs, cattle, [...]","protected":false},"author":1,"featured_media":0,"parent":0,"menu_order":0,"comment_status":"closed","ping_status":"closed","template":"page-templates\/template-fullwidth.php","meta":{"footnotes":""},"class_list":["post-2427","page","type-page","status-publish","hentry"],"yoast_head":"<!-- This site is optimized with the Yoast SEO plugin v24.7 - https:\/\/yoast.com\/wordpress\/plugins\/seo\/ -->\n<title>Firma | Zuptor<\/title>\n<meta name=\"description\" content=\"Projektowanie i monta\u017c maszyn rolniczych. Innowacyjne linie technologiczne, mieszalnie pasz, pe\u0142na automatyka, serwis, cz\u0119\u015bci zamienne.\" \/>\n<meta name=\"robots\" content=\"index, follow, max-snippet:-1, max-image-preview:large, max-video-preview:-1\" \/>\n<link rel=\"canonical\" href=\"https:\/\/zuptor.pl\/en\/firma\/\" \/>\n<meta property=\"og:locale\" content=\"en_GB\" \/>\n<meta property=\"og:type\" content=\"article\" \/>\n<meta property=\"og:title\" content=\"Firma | Zuptor\" \/>\n<meta property=\"og:description\" content=\"Projektowanie i monta\u017c maszyn rolniczych. Innowacyjne linie technologiczne, mieszalnie pasz, pe\u0142na automatyka, serwis, cz\u0119\u015bci zamienne.\" \/>\n<meta property=\"og:url\" content=\"https:\/\/zuptor.pl\/en\/firma\/\" \/>\n<meta property=\"og:site_name\" content=\"Zuptor\" \/>\n<meta property=\"article:modified_time\" content=\"2024-06-13T08:59:01+00:00\" \/>\n<meta property=\"og:image\" content=\"https:\/\/zuptor.pl\/wp-content\/uploads\/2024\/06\/petkus-logo.png\" \/>\n<meta name=\"twitter:card\" content=\"summary_large_image\" \/>\n<meta name=\"twitter:label1\" content=\"Estimated reading time\" \/>\n\t<meta name=\"twitter:data1\" content=\"3 minutes\" \/>\n<script type=\"application\/ld+json\" class=\"yoast-schema-graph\">{\"@context\":\"https:\/\/schema.org\",\"@graph\":[{\"@type\":\"WebPage\",\"@id\":\"https:\/\/zuptor.pl\/firma\/\",\"url\":\"https:\/\/zuptor.pl\/firma\/\",\"name\":\"Firma | Zuptor\",\"isPartOf\":{\"@id\":\"https:\/\/zuptor.pl\/#website\"},\"primaryImageOfPage\":{\"@id\":\"https:\/\/zuptor.pl\/firma\/#primaryimage\"},\"image\":{\"@id\":\"https:\/\/zuptor.pl\/firma\/#primaryimage\"},\"thumbnailUrl\":\"https:\/\/zuptor.pl\/wp-content\/uploads\/2024\/06\/petkus-logo.png\",\"datePublished\":\"2024-06-11T12:22:10+00:00\",\"dateModified\":\"2024-06-13T08:59:01+00:00\",\"description\":\"Projektowanie i monta\u017c maszyn rolniczych. Innowacyjne linie technologiczne, mieszalnie pasz, pe\u0142na automatyka, serwis, cz\u0119\u015bci zamienne.\",\"breadcrumb\":{\"@id\":\"https:\/\/zuptor.pl\/firma\/#breadcrumb\"},\"inLanguage\":\"en-GB\",\"potentialAction\":[{\"@type\":\"ReadAction\",\"target\":[\"https:\/\/zuptor.pl\/firma\/\"]}]},{\"@type\":\"ImageObject\",\"inLanguage\":\"en-GB\",\"@id\":\"https:\/\/zuptor.pl\/firma\/#primaryimage\",\"url\":\"https:\/\/zuptor.pl\/wp-content\/uploads\/2024\/06\/petkus-logo.png\",\"contentUrl\":\"https:\/\/zuptor.pl\/wp-content\/uploads\/2024\/06\/petkus-logo.png\"},{\"@type\":\"BreadcrumbList\",\"@id\":\"https:\/\/zuptor.pl\/firma\/#breadcrumb\",\"itemListElement\":[{\"@type\":\"ListItem\",\"position\":1,\"name\":\"Strona g\u0142\u00f3wna\",\"item\":\"https:\/\/zuptor.pl\/\"},{\"@type\":\"ListItem\",\"position\":2,\"name\":\"Firma\"}]},{\"@type\":\"WebSite\",\"@id\":\"https:\/\/zuptor.pl\/#website\",\"url\":\"https:\/\/zuptor.pl\/\",\"name\":\"Zuptor\",\"description\":\"\",\"potentialAction\":[{\"@type\":\"SearchAction\",\"target\":{\"@type\":\"EntryPoint\",\"urlTemplate\":\"https:\/\/zuptor.pl\/?s={search_term_string}\"},\"query-input\":{\"@type\":\"PropertyValueSpecification\",\"valueRequired\":true,\"valueName\":\"search_term_string\"}}],\"inLanguage\":\"en-GB\"}]}<\/script>\n<!-- \/ Yoast SEO plugin. -->","yoast_head_json":{"title":"Firma | Zuptor","description":"Projektowanie i monta\u017c maszyn rolniczych. Innowacyjne linie technologiczne, mieszalnie pasz, pe\u0142na automatyka, serwis, cz\u0119\u015bci zamienne.","robots":{"index":"index","follow":"follow","max-snippet":"max-snippet:-1","max-image-preview":"max-image-preview:large","max-video-preview":"max-video-preview:-1"},"canonical":"https:\/\/zuptor.pl\/en\/firma\/","og_locale":"en_GB","og_type":"article","og_title":"Firma | Zuptor","og_description":"Projektowanie i monta\u017c maszyn rolniczych. Innowacyjne linie technologiczne, mieszalnie pasz, pe\u0142na automatyka, serwis, cz\u0119\u015bci zamienne.","og_url":"https:\/\/zuptor.pl\/en\/firma\/","og_site_name":"Zuptor","article_modified_time":"2024-06-13T08:59:01+00:00","og_image":[{"url":"https:\/\/zuptor.pl\/wp-content\/uploads\/2024\/06\/petkus-logo.png","type":"","width":"","height":""}],"twitter_card":"summary_large_image","twitter_misc":{"Estimated reading time":"3 minutes"},"schema":{"@context":"https:\/\/schema.org","@graph":[{"@type":"WebPage","@id":"https:\/\/zuptor.pl\/firma\/","url":"https:\/\/zuptor.pl\/firma\/","name":"Firma | Zuptor","isPartOf":{"@id":"https:\/\/zuptor.pl\/#website"},"primaryImageOfPage":{"@id":"https:\/\/zuptor.pl\/firma\/#primaryimage"},"image":{"@id":"https:\/\/zuptor.pl\/firma\/#primaryimage"},"thumbnailUrl":"https:\/\/zuptor.pl\/wp-content\/uploads\/2024\/06\/petkus-logo.png","datePublished":"2024-06-11T12:22:10+00:00","dateModified":"2024-06-13T08:59:01+00:00","description":"Projektowanie i monta\u017c maszyn rolniczych. Innowacyjne linie technologiczne, mieszalnie pasz, pe\u0142na automatyka, serwis, cz\u0119\u015bci zamienne.","breadcrumb":{"@id":"https:\/\/zuptor.pl\/firma\/#breadcrumb"},"inLanguage":"en-GB","potentialAction":[{"@type":"ReadAction","target":["https:\/\/zuptor.pl\/firma\/"]}]},{"@type":"ImageObject","inLanguage":"en-GB","@id":"https:\/\/zuptor.pl\/firma\/#primaryimage","url":"https:\/\/zuptor.pl\/wp-content\/uploads\/2024\/06\/petkus-logo.png","contentUrl":"https:\/\/zuptor.pl\/wp-content\/uploads\/2024\/06\/petkus-logo.png"},{"@type":"BreadcrumbList","@id":"https:\/\/zuptor.pl\/firma\/#breadcrumb","itemListElement":[{"@type":"ListItem","position":1,"name":"Strona g\u0142\u00f3wna","item":"https:\/\/zuptor.pl\/"},{"@type":"ListItem","position":2,"name":"Firma"}]},{"@type":"WebSite","@id":"https:\/\/zuptor.pl\/#website","url":"https:\/\/zuptor.pl\/","name":"Zuptor","description":"","potentialAction":[{"@type":"SearchAction","target":{"@type":"EntryPoint","urlTemplate":"https:\/\/zuptor.pl\/?s={search_term_string}"},"query-input":{"@type":"PropertyValueSpecification","valueRequired":true,"valueName":"search_term_string"}}],"inLanguage":"en-GB"}]}},"_links":{"self":[{"href":"https:\/\/zuptor.pl\/en\/wp-json\/wp\/v2\/pages\/2427","targetHints":{"allow":["GET"]}}],"collection":[{"href":"https:\/\/zuptor.pl\/en\/wp-json\/wp\/v2\/pages"}],"about":[{"href":"https:\/\/zuptor.pl\/en\/wp-json\/wp\/v2\/types\/page"}],"author":[{"embeddable":true,"href":"https:\/\/zuptor.pl\/en\/wp-json\/wp\/v2\/users\/1"}],"replies":[{"embeddable":true,"href":"https:\/\/zuptor.pl\/en\/wp-json\/wp\/v2\/comments?post=2427"}],"version-history":[{"count":11,"href":"https:\/\/zuptor.pl\/en\/wp-json\/wp\/v2\/pages\/2427\/revisions"}],"predecessor-version":[{"id":2439,"href":"https:\/\/zuptor.pl\/en\/wp-json\/wp\/v2\/pages\/2427\/revisions\/2439"}],"wp:attachment":[{"href":"https:\/\/zuptor.pl\/en\/wp-json\/wp\/v2\/media?parent=2427"}],"curies":[{"name":"wp","href":"https:\/\/api.w.org\/{rel}","templated":true}]}}