{"id":2354,"date":"2024-06-11T11:02:25","date_gmt":"2024-06-11T09:02:25","guid":{"rendered":"http:\/\/zuptor.dlatestu.co.pl\/?page_id=2354"},"modified":"2024-06-13T12:48:11","modified_gmt":"2024-06-13T10:48:11","slug":"dystrybutorzy-slowacja","status":"publish","type":"page","link":"https:\/\/zuptor.pl\/en\/dystrybutorzy-slowacja\/","title":{"rendered":"Distributors Slovakia"},"content":{"rendered":"<div class=\"wpb-content-wrapper\"><section class=\"vc_rows wpb_row vc_row-fluid bg-color-blue vc_custom_1712822727044\" ><div class=\"container\"><div class=\"row\"><div class=\"wpb_column vc_column_container vc_col-sm-12\"><div class=\"vc_column-inner\"><div class=\"wpb_wrapper\">\n\t\t\t<div class=\"col-md-8\">\n\t        <div class=\"wprt-spacer\" data-desktop=\"8\" data-mobi=\"0\" data-smobi=\"0\"><\/div>\n\t        <h2 class=\"text-white text-center-mobile font-size-20 margin-bottom-0\">Find a distributor in your area<\/h2>\n\t        <div class=\"wprt-spacer\" data-desktop=\"0\" data-mobi=\"20\" data-smobi=\"20\"><\/div>\n\t    <\/div>\n\n\t    <div class=\"col-md-4\">\n\t        <div class=\"text-right text-center-mobile\">\n\t        \n\t        <a class=\"wprt-button white rounded-3px\" href=\"https:\/\/zuptor.pl\/en\/dystrybutorzy\/\" target=\"_self\">DISTRIBUTORS<\/a>\t        <\/div>\n\t    <\/div>\n\t\n<\/div><\/div><\/div><\/div><\/div><div class=\"clearfix\"><\/div><\/section><section class=\"vc_rows wpb_row vc_row-fluid vc_custom_1712148861158\" ><div class=\"container\"><div class=\"row\"><div class=\"wpb_column vc_column_container vc_col-sm-3 vc_hidden-xs\"><div class=\"vc_column-inner\"><div class=\"wpb_wrapper\">\n    <h5 class=\"text-left\" >ZUPTOR DISTRIBUTORS<\/h5>\n    \t    <div class=\"wprt-lines style-1 custom-3\">\n\t        <div class=\"line-1\"><\/div>\n\t    <\/div>\n    \n    \t    <div class=\"wprt-spacer\" data-desktop=\"36\" data-mobi=\"30\" data-smobi=\"30\"><\/div>\n\t    <div class=\"wprt-subtitle left\">COUNTRY<\/div>\n\t    \t\n<div class=\"vc_empty_space\"   style=\"height: 25px\"><span class=\"vc_empty_space_inner\"><\/span><\/div><div class=\"vc_btn3-container  menu vc_btn3-left vc_custom_1718092504813\" ><a class=\"vc_general vc_btn3 vc_btn3-size-sm vc_btn3-shape-square vc_btn3-style-flat vc_btn3-block vc_btn3-color-default\" href=\"https:\/\/zuptor.pl\/en\/dystrybutorzy\/\" title=\"Grain silos\">POLAND<\/a><\/div><div class=\"vc_btn3-container  menu vc_btn3-left vc_custom_1718096759314\" ><a class=\"vc_general vc_btn3 vc_btn3-size-sm vc_btn3-shape-square vc_btn3-style-flat vc_btn3-block vc_btn3-color-default\" href=\"https:\/\/zuptor.pl\/en\/dystrybutorzy-bialorus\/\" title=\"Grain silos\">BELARUS<\/a><\/div><div class=\"vc_btn3-container  menu vc_btn3-left vc_custom_1718096836962\" ><a class=\"vc_general vc_btn3 vc_btn3-size-sm vc_btn3-shape-square vc_btn3-style-flat vc_btn3-block vc_btn3-color-default\" href=\"https:\/\/zuptor.pl\/en\/dystrybutorzy-czechy\/\" title=\"Grain silos\">CZECH REPUBLIC<\/a><\/div><div class=\"vc_btn3-container  menu vc_btn3-left vc_custom_1718096849948\" ><a class=\"vc_general vc_btn3 vc_btn3-size-sm vc_btn3-shape-square vc_btn3-style-flat vc_btn3-block vc_btn3-color-default\" href=\"https:\/\/zuptor.pl\/en\/dystrybutorzy-kazachstan\/\" title=\"Grain silos\">KAZAKHSTAN<\/a><\/div><div class=\"vc_btn3-container  menu vc_btn3-left vc_custom_1718096859413\" ><a class=\"vc_general vc_btn3 vc_btn3-size-sm vc_btn3-shape-square vc_btn3-style-flat vc_btn3-block vc_btn3-color-default\" href=\"https:\/\/zuptor.pl\/en\/dystrybutorzy-litwa\/\" title=\"Grain silos\">LITHUANIA<\/a><\/div><div class=\"vc_btn3-container  menu vc_btn3-left vc_custom_1718096867804\" ><a class=\"vc_general vc_btn3 vc_btn3-size-sm vc_btn3-shape-square vc_btn3-style-flat vc_btn3-block vc_btn3-color-default\" href=\"https:\/\/zuptor.pl\/en\/dystrybutorzy-lotwa\/\" title=\"Grain silos\">LATVIA<\/a><\/div><div class=\"vc_btn3-container  menu vc_btn3-left vc_custom_1718096877730\" ><a class=\"vc_general vc_btn3 vc_btn3-size-sm vc_btn3-shape-square vc_btn3-style-flat vc_btn3-block vc_btn3-color-default\" href=\"https:\/\/zuptor.pl\/en\/dystrybutorzy-rosja\/\" title=\"Grain silos\">RUSSIA<\/a><\/div><div class=\"vc_btn3-container  menu vc_btn3-left vc_custom_1718096888631\" ><a class=\"vc_general vc_btn3 vc_btn3-size-sm vc_btn3-shape-square vc_btn3-style-flat vc_btn3-block vc_btn3-color-default\" href=\"https:\/\/zuptor.pl\/en\/dystrybutorzy-rumunia\/\" title=\"Grain silos\">ROMANIA<\/a><\/div><div class=\"vc_btn3-container  menu vc_btn3-left vc_custom_1718096896864\" ><a class=\"vc_general vc_btn3 vc_btn3-size-sm vc_btn3-shape-square vc_btn3-style-flat vc_btn3-block vc_btn3-color-default\" href=\"https:\/\/zuptor.pl\/en\/dystrybutorzy-slowacja\/\" title=\"Grain silos\">SLOVAKIA<\/a><\/div><div class=\"vc_btn3-container  menu vc_btn3-left vc_custom_1718096906663\" ><a class=\"vc_general vc_btn3 vc_btn3-size-sm vc_btn3-shape-square vc_btn3-style-flat vc_btn3-block vc_btn3-color-default\" href=\"https:\/\/zuptor.pl\/en\/dystrybutorzy-ukraina\/\" title=\"Grain silos\">UKRAINE<\/a><\/div><div class=\"vc_btn3-container  menu vc_btn3-left vc_custom_1718096915341\" ><a class=\"vc_general vc_btn3 vc_btn3-size-sm vc_btn3-shape-square vc_btn3-style-flat vc_btn3-block vc_btn3-color-default\" href=\"https:\/\/zuptor.pl\/en\/dystrybutorzy-wegry\/\" title=\"Grain silos\">HUNGARY<\/a><\/div><\/div><\/div><\/div><div class=\"wpb_column vc_column_container vc_col-sm-9\"><div class=\"vc_column-inner vc_custom_1712148788315\"><div class=\"wpb_wrapper\">\n    <h1 class=\"text-left\" >ZUPTOR DISTRIBUTORS - SLOVAKIA<\/h1>\n    \t    <div class=\"wprt-lines style-1 custom-3\">\n\t        <div class=\"line-1\"><\/div>\n\t    <\/div>\n    \n        \t\n<div class=\"vc_empty_space\"   style=\"height: 25px\"><span class=\"vc_empty_space_inner\"><\/span><\/div>\n\t<div class=\"wpb_text_column wpb_content_element\" >\n\t\t<div class=\"wpb_wrapper\">\n\t\t\t<p><strong>AGROING SLOVENSKO S.R.O.<\/strong><br \/>\nTerchovsk\u00e1 86, 900 28 Z\u00e1lesie, Slovensk\u00e1 republika<br \/>\ntel. +421 911 821 166<br \/>\ne-mail: <a href=\"mailto:agroing@agroing.sk\">agroing@agroing.sk<\/a><\/p>\n\n\t\t<\/div>\n\t<\/div>\n<\/div><\/div><\/div><\/div><\/div><div class=\"clearfix\"><\/div><\/section><section class=\"vc_rows wpb_row vc_row-fluid\" ><div class=\"container\"><div class=\"row\"><div class=\"wpb_column vc_column_container vc_col-sm-12 vc_hidden-lg vc_hidden-md vc_hidden-sm\"><div class=\"vc_column-inner\"><div class=\"wpb_wrapper\">\n    <h5 class=\"text-left\" >COUNTRY<\/h5>\n    \t    <div class=\"wprt-lines style-1 custom-3\">\n\t        <div class=\"line-1\"><\/div>\n\t    <\/div>\n    \n        \t\n<div class=\"vc_empty_space\"   style=\"height: 25px\"><span class=\"vc_empty_space_inner\"><\/span><\/div><div class=\"vc_btn3-container  menu vc_btn3-left vc_custom_1718092520262\" ><a class=\"vc_general vc_btn3 vc_btn3-size-sm vc_btn3-shape-square vc_btn3-style-flat vc_btn3-block vc_btn3-color-default\" href=\"https:\/\/zuptor.pl\/en\/dystrybutorzy\/\" title=\"Grain silos\">POLAND<\/a><\/div><div class=\"vc_btn3-container  menu vc_btn3-left vc_custom_1718096780947\" ><a class=\"vc_general vc_btn3 vc_btn3-size-sm vc_btn3-shape-square vc_btn3-style-flat vc_btn3-block vc_btn3-color-default\" href=\"https:\/\/zuptor.pl\/en\/dystrybutorzy-bialorus\/\" title=\"Grain silos\">BELARUS<\/a><\/div><div class=\"vc_btn3-container  menu vc_btn3-left vc_custom_1718096932249\" ><a class=\"vc_general vc_btn3 vc_btn3-size-sm vc_btn3-shape-square vc_btn3-style-flat vc_btn3-block vc_btn3-color-default\" href=\"https:\/\/zuptor.pl\/en\/dystrybutorzy-czechy\/\" title=\"Grain silos\">CZECH REPUBLIC<\/a><\/div><div class=\"vc_btn3-container  menu vc_btn3-left vc_custom_1718096941765\" ><a class=\"vc_general vc_btn3 vc_btn3-size-sm vc_btn3-shape-square vc_btn3-style-flat vc_btn3-block vc_btn3-color-default\" href=\"https:\/\/zuptor.pl\/en\/dystrybutorzy-kazachstan\/\" title=\"Grain silos\">KAZAKHSTAN<\/a><\/div><div class=\"vc_btn3-container  menu vc_btn3-left vc_custom_1718096954795\" ><a class=\"vc_general vc_btn3 vc_btn3-size-sm vc_btn3-shape-square vc_btn3-style-flat vc_btn3-block vc_btn3-color-default\" href=\"https:\/\/zuptor.pl\/en\/dystrybutorzy-litwa\/\" title=\"Grain silos\">LITHUANIA<\/a><\/div><div class=\"vc_btn3-container  menu vc_btn3-left vc_custom_1718096963301\" ><a class=\"vc_general vc_btn3 vc_btn3-size-sm vc_btn3-shape-square vc_btn3-style-flat vc_btn3-block vc_btn3-color-default\" href=\"https:\/\/zuptor.pl\/en\/dystrybutorzy-lotwa\/\" title=\"Grain silos\">LATVIA<\/a><\/div><div class=\"vc_btn3-container  menu vc_btn3-left vc_custom_1718096973303\" ><a class=\"vc_general vc_btn3 vc_btn3-size-sm vc_btn3-shape-square vc_btn3-style-flat vc_btn3-block vc_btn3-color-default\" href=\"https:\/\/zuptor.pl\/en\/dystrybutorzy-rosja\/\" title=\"Grain silos\">RUSSIA<\/a><\/div><div class=\"vc_btn3-container  menu vc_btn3-left vc_custom_1718096982565\" ><a class=\"vc_general vc_btn3 vc_btn3-size-sm vc_btn3-shape-square vc_btn3-style-flat vc_btn3-block vc_btn3-color-default\" href=\"https:\/\/zuptor.pl\/en\/dystrybutorzy-rumunia\/\" title=\"Grain silos\">ROMANIA<\/a><\/div><div class=\"vc_btn3-container  menu vc_btn3-left vc_custom_1718096994465\" ><a class=\"vc_general vc_btn3 vc_btn3-size-sm vc_btn3-shape-square vc_btn3-style-flat vc_btn3-block vc_btn3-color-default\" href=\"https:\/\/zuptor.pl\/en\/dystrybutorzy-slowacja\/\" title=\"Grain silos\">SLOVAKIA<\/a><\/div><div class=\"vc_btn3-container  menu vc_btn3-left vc_custom_1718097003172\" ><a class=\"vc_general vc_btn3 vc_btn3-size-sm vc_btn3-shape-square vc_btn3-style-flat vc_btn3-block vc_btn3-color-default\" href=\"https:\/\/zuptor.pl\/en\/dystrybutorzy-ukraina\/\" title=\"Grain silos\">UKRAINE<\/a><\/div><div class=\"vc_btn3-container  menu vc_btn3-left vc_custom_1718097016098\" ><a class=\"vc_general vc_btn3 vc_btn3-size-sm vc_btn3-shape-square vc_btn3-style-flat vc_btn3-block vc_btn3-color-default\" href=\"https:\/\/zuptor.pl\/en\/dystrybutorzy-wegry\/\" title=\"Grain silos\">HUNGARY<\/a><\/div><\/div><\/div><\/div><\/div><\/div><div class=\"clearfix\"><\/div><\/section><section class=\"vc_rows wpb_row vc_row-fluid\" ><div class=\"container\"><div class=\"row\"><div class=\"wpb_column vc_column_container vc_col-sm-12\"><div class=\"vc_column-inner\"><div class=\"wpb_wrapper\"><div class=\"vc_empty_space\"   style=\"height: 70px\"><span class=\"vc_empty_space_inner\"><\/span><\/div><\/div><\/div><\/div><\/div><\/div><div class=\"clearfix\"><\/div><\/section>\n<\/div>","protected":false},"excerpt":{"rendered":"Znajd\u017a dystrybutora w najbli\u017cszej okolicy DYSTRYBUTORZY DYSTRYBUTORZY ZUPTOR KRAJ POLSKABIA\u0141ORU\u015aCZECHYKAZACHSTANLITWA\u0141OTWAROSJARUMUNIAS\u0141OWACJAUKRAINAW\u0118GRY DYSTRYBUTORZY ZUPTOR - S\u0141OWACJA AGROING SLOVENSKO S.R.O. Terchovsk\u00e1 86, 900 28 Z\u00e1lesie, Slovensk\u00e1 republika tel. +421 911 821 166 e-mail: agroing@agroing.sk KRAJ POLSKABIA\u0141ORU\u015aCZECHYKAZACHSTANLITWA\u0141OTWAROSJARUMUNIAS\u0141OWACJAUKRAINAW\u0118GRY","protected":false},"author":1,"featured_media":0,"parent":0,"menu_order":0,"comment_status":"closed","ping_status":"closed","template":"page-templates\/template-fullwidth.php","meta":{"footnotes":""},"class_list":["post-2354","page","type-page","status-publish","hentry"],"yoast_head":"<!-- This site is optimized with the Yoast SEO plugin v24.7 - https:\/\/yoast.com\/wordpress\/plugins\/seo\/ -->\n<title>Dystrybutorzy S\u0142owacja | Zuptor<\/title>\n<meta name=\"description\" content=\"Dystrybutorzy firmy ZUPTOR na S\u0142owacji.\" \/>\n<meta name=\"robots\" content=\"index, follow, max-snippet:-1, max-image-preview:large, max-video-preview:-1\" \/>\n<link rel=\"canonical\" href=\"https:\/\/zuptor.pl\/en\/dystrybutorzy-slowacja\/\" \/>\n<meta property=\"og:locale\" content=\"en_GB\" \/>\n<meta property=\"og:type\" content=\"article\" \/>\n<meta property=\"og:title\" content=\"Dystrybutorzy S\u0142owacja | Zuptor\" \/>\n<meta property=\"og:description\" content=\"Dystrybutorzy firmy ZUPTOR na S\u0142owacji.\" \/>\n<meta property=\"og:url\" content=\"https:\/\/zuptor.pl\/en\/dystrybutorzy-slowacja\/\" \/>\n<meta property=\"og:site_name\" content=\"Zuptor\" \/>\n<meta property=\"article:modified_time\" content=\"2024-06-13T10:48:11+00:00\" \/>\n<meta name=\"twitter:card\" content=\"summary_large_image\" \/>\n<meta name=\"twitter:label1\" content=\"Estimated reading time\" \/>\n\t<meta name=\"twitter:data1\" content=\"2 minutes\" \/>\n<script type=\"application\/ld+json\" class=\"yoast-schema-graph\">{\"@context\":\"https:\/\/schema.org\",\"@graph\":[{\"@type\":\"WebPage\",\"@id\":\"https:\/\/zuptor.pl\/dystrybutorzy-slowacja\/\",\"url\":\"https:\/\/zuptor.pl\/dystrybutorzy-slowacja\/\",\"name\":\"Dystrybutorzy S\u0142owacja | Zuptor\",\"isPartOf\":{\"@id\":\"https:\/\/zuptor.pl\/#website\"},\"datePublished\":\"2024-06-11T09:02:25+00:00\",\"dateModified\":\"2024-06-13T10:48:11+00:00\",\"description\":\"Dystrybutorzy firmy ZUPTOR na S\u0142owacji.\",\"breadcrumb\":{\"@id\":\"https:\/\/zuptor.pl\/dystrybutorzy-slowacja\/#breadcrumb\"},\"inLanguage\":\"en-GB\",\"potentialAction\":[{\"@type\":\"ReadAction\",\"target\":[\"https:\/\/zuptor.pl\/dystrybutorzy-slowacja\/\"]}]},{\"@type\":\"BreadcrumbList\",\"@id\":\"https:\/\/zuptor.pl\/dystrybutorzy-slowacja\/#breadcrumb\",\"itemListElement\":[{\"@type\":\"ListItem\",\"position\":1,\"name\":\"Strona g\u0142\u00f3wna\",\"item\":\"https:\/\/zuptor.pl\/\"},{\"@type\":\"ListItem\",\"position\":2,\"name\":\"Dystrybutorzy S\u0142owacja\"}]},{\"@type\":\"WebSite\",\"@id\":\"https:\/\/zuptor.pl\/#website\",\"url\":\"https:\/\/zuptor.pl\/\",\"name\":\"Zuptor\",\"description\":\"\",\"potentialAction\":[{\"@type\":\"SearchAction\",\"target\":{\"@type\":\"EntryPoint\",\"urlTemplate\":\"https:\/\/zuptor.pl\/?s={search_term_string}\"},\"query-input\":{\"@type\":\"PropertyValueSpecification\",\"valueRequired\":true,\"valueName\":\"search_term_string\"}}],\"inLanguage\":\"en-GB\"}]}<\/script>\n<!-- \/ Yoast SEO plugin. -->","yoast_head_json":{"title":"Dystrybutorzy S\u0142owacja | Zuptor","description":"Dystrybutorzy firmy ZUPTOR na S\u0142owacji.","robots":{"index":"index","follow":"follow","max-snippet":"max-snippet:-1","max-image-preview":"max-image-preview:large","max-video-preview":"max-video-preview:-1"},"canonical":"https:\/\/zuptor.pl\/en\/dystrybutorzy-slowacja\/","og_locale":"en_GB","og_type":"article","og_title":"Dystrybutorzy S\u0142owacja | Zuptor","og_description":"Dystrybutorzy firmy ZUPTOR na S\u0142owacji.","og_url":"https:\/\/zuptor.pl\/en\/dystrybutorzy-slowacja\/","og_site_name":"Zuptor","article_modified_time":"2024-06-13T10:48:11+00:00","twitter_card":"summary_large_image","twitter_misc":{"Estimated reading time":"2 minutes"},"schema":{"@context":"https:\/\/schema.org","@graph":[{"@type":"WebPage","@id":"https:\/\/zuptor.pl\/dystrybutorzy-slowacja\/","url":"https:\/\/zuptor.pl\/dystrybutorzy-slowacja\/","name":"Dystrybutorzy S\u0142owacja | Zuptor","isPartOf":{"@id":"https:\/\/zuptor.pl\/#website"},"datePublished":"2024-06-11T09:02:25+00:00","dateModified":"2024-06-13T10:48:11+00:00","description":"Dystrybutorzy firmy ZUPTOR na S\u0142owacji.","breadcrumb":{"@id":"https:\/\/zuptor.pl\/dystrybutorzy-slowacja\/#breadcrumb"},"inLanguage":"en-GB","potentialAction":[{"@type":"ReadAction","target":["https:\/\/zuptor.pl\/dystrybutorzy-slowacja\/"]}]},{"@type":"BreadcrumbList","@id":"https:\/\/zuptor.pl\/dystrybutorzy-slowacja\/#breadcrumb","itemListElement":[{"@type":"ListItem","position":1,"name":"Strona g\u0142\u00f3wna","item":"https:\/\/zuptor.pl\/"},{"@type":"ListItem","position":2,"name":"Dystrybutorzy S\u0142owacja"}]},{"@type":"WebSite","@id":"https:\/\/zuptor.pl\/#website","url":"https:\/\/zuptor.pl\/","name":"Zuptor","description":"","potentialAction":[{"@type":"SearchAction","target":{"@type":"EntryPoint","urlTemplate":"https:\/\/zuptor.pl\/?s={search_term_string}"},"query-input":{"@type":"PropertyValueSpecification","valueRequired":true,"valueName":"search_term_string"}}],"inLanguage":"en-GB"}]}},"_links":{"self":[{"href":"https:\/\/zuptor.pl\/en\/wp-json\/wp\/v2\/pages\/2354","targetHints":{"allow":["GET"]}}],"collection":[{"href":"https:\/\/zuptor.pl\/en\/wp-json\/wp\/v2\/pages"}],"about":[{"href":"https:\/\/zuptor.pl\/en\/wp-json\/wp\/v2\/types\/page"}],"author":[{"embeddable":true,"href":"https:\/\/zuptor.pl\/en\/wp-json\/wp\/v2\/users\/1"}],"replies":[{"embeddable":true,"href":"https:\/\/zuptor.pl\/en\/wp-json\/wp\/v2\/comments?post=2354"}],"version-history":[{"count":4,"href":"https:\/\/zuptor.pl\/en\/wp-json\/wp\/v2\/pages\/2354\/revisions"}],"predecessor-version":[{"id":2402,"href":"https:\/\/zuptor.pl\/en\/wp-json\/wp\/v2\/pages\/2354\/revisions\/2402"}],"wp:attachment":[{"href":"https:\/\/zuptor.pl\/en\/wp-json\/wp\/v2\/media?parent=2354"}],"curies":[{"name":"wp","href":"https:\/\/api.w.org\/{rel}","templated":true}]}}