{"id":2292,"date":"2024-06-10T16:12:17","date_gmt":"2024-06-10T14:12:17","guid":{"rendered":"http:\/\/zuptor.dlatestu.co.pl\/?page_id=2292"},"modified":"2024-06-13T12:43:19","modified_gmt":"2024-06-13T10:43:19","slug":"dystrybutorzy-podlaskie","status":"publish","type":"page","link":"https:\/\/zuptor.pl\/en\/dystrybutorzy\/dystrybutorzy-podlaskie\/","title":{"rendered":"Distributors Podlaskie"},"content":{"rendered":"<div class=\"wpb-content-wrapper\"><section class=\"vc_rows wpb_row vc_row-fluid bg-color-blue vc_custom_1712822727044\" ><div class=\"container\"><div class=\"row\"><div class=\"wpb_column vc_column_container vc_col-sm-12\"><div class=\"vc_column-inner\"><div class=\"wpb_wrapper\">\n\t\t\t<div class=\"col-md-8\">\n\t        <div class=\"wprt-spacer\" data-desktop=\"8\" data-mobi=\"0\" data-smobi=\"0\"><\/div>\n\t        <h2 class=\"text-white text-center-mobile font-size-20 margin-bottom-0\">Find a distributor in your area<\/h2>\n\t        <div class=\"wprt-spacer\" data-desktop=\"0\" data-mobi=\"20\" data-smobi=\"20\"><\/div>\n\t    <\/div>\n\n\t    <div class=\"col-md-4\">\n\t        <div class=\"text-right text-center-mobile\">\n\t        \n\t        <a class=\"wprt-button white rounded-3px\" href=\"https:\/\/zuptor.pl\/en\/dystrybutorzy\/\" target=\"_self\">DISTRIBUTORS<\/a>\t        <\/div>\n\t    <\/div>\n\t\n<\/div><\/div><\/div><\/div><\/div><div class=\"clearfix\"><\/div><\/section><section class=\"vc_rows wpb_row vc_row-fluid vc_custom_1712148861158\" ><div class=\"container\"><div class=\"row\"><div class=\"wpb_column vc_column_container vc_col-sm-3 vc_hidden-xs\"><div class=\"vc_column-inner\"><div class=\"wpb_wrapper\">\n    <h5 class=\"text-left\" >COUNTRY<\/h5>\n    \t    <div class=\"wprt-lines style-1 custom-3\">\n\t        <div class=\"line-1\"><\/div>\n\t    <\/div>\n    \n        \t\n<div class=\"vc_empty_space\"   style=\"height: 25px\"><span class=\"vc_empty_space_inner\"><\/span><\/div><div class=\"vc_btn3-container  menu vc_btn3-left vc_custom_1717490195714\" ><a class=\"vc_general vc_btn3 vc_btn3-size-sm vc_btn3-shape-square vc_btn3-style-flat vc_btn3-block vc_btn3-color-default\" href=\"https:\/\/zuptor.pl\/en\/silosy\/silosy-zbozowe\/\" title=\"Grain silos\">POLAND<\/a><\/div><div class=\"vc_btn3-container  menu vc_btn3-left vc_custom_1718096759314\" ><a class=\"vc_general vc_btn3 vc_btn3-size-sm vc_btn3-shape-square vc_btn3-style-flat vc_btn3-block vc_btn3-color-default\" href=\"https:\/\/zuptor.pl\/en\/dystrybutorzy-bialorus\/\" title=\"Grain silos\">BELARUS<\/a><\/div><div class=\"vc_btn3-container  menu vc_btn3-left vc_custom_1718096836962\" ><a class=\"vc_general vc_btn3 vc_btn3-size-sm vc_btn3-shape-square vc_btn3-style-flat vc_btn3-block vc_btn3-color-default\" href=\"https:\/\/zuptor.pl\/en\/dystrybutorzy-czechy\/\" title=\"Grain silos\">CZECH REPUBLIC<\/a><\/div><div class=\"vc_btn3-container  menu vc_btn3-left vc_custom_1718096849948\" ><a class=\"vc_general vc_btn3 vc_btn3-size-sm vc_btn3-shape-square vc_btn3-style-flat vc_btn3-block vc_btn3-color-default\" href=\"https:\/\/zuptor.pl\/en\/dystrybutorzy-kazachstan\/\" title=\"Grain silos\">KAZAKHSTAN<\/a><\/div><div class=\"vc_btn3-container  menu vc_btn3-left vc_custom_1718096859413\" ><a class=\"vc_general vc_btn3 vc_btn3-size-sm vc_btn3-shape-square vc_btn3-style-flat vc_btn3-block vc_btn3-color-default\" href=\"https:\/\/zuptor.pl\/en\/dystrybutorzy-litwa\/\" title=\"Grain silos\">LITHUANIA<\/a><\/div><div class=\"vc_btn3-container  menu vc_btn3-left vc_custom_1718096867804\" ><a class=\"vc_general vc_btn3 vc_btn3-size-sm vc_btn3-shape-square vc_btn3-style-flat vc_btn3-block vc_btn3-color-default\" href=\"https:\/\/zuptor.pl\/en\/dystrybutorzy-lotwa\/\" title=\"Grain silos\">LATVIA<\/a><\/div><div class=\"vc_btn3-container  menu vc_btn3-left vc_custom_1718096877730\" ><a class=\"vc_general vc_btn3 vc_btn3-size-sm vc_btn3-shape-square vc_btn3-style-flat vc_btn3-block vc_btn3-color-default\" href=\"https:\/\/zuptor.pl\/en\/dystrybutorzy-rosja\/\" title=\"Grain silos\">RUSSIA<\/a><\/div><div class=\"vc_btn3-container  menu vc_btn3-left vc_custom_1718096888631\" ><a class=\"vc_general vc_btn3 vc_btn3-size-sm vc_btn3-shape-square vc_btn3-style-flat vc_btn3-block vc_btn3-color-default\" href=\"https:\/\/zuptor.pl\/en\/dystrybutorzy-rumunia\/\" title=\"Grain silos\">ROMANIA<\/a><\/div><div class=\"vc_btn3-container  menu vc_btn3-left vc_custom_1718096896864\" ><a class=\"vc_general vc_btn3 vc_btn3-size-sm vc_btn3-shape-square vc_btn3-style-flat vc_btn3-block vc_btn3-color-default\" href=\"https:\/\/zuptor.pl\/en\/dystrybutorzy-slowacja\/\" title=\"Grain silos\">SLOVAKIA<\/a><\/div><div class=\"vc_btn3-container  menu vc_btn3-left vc_custom_1718096906663\" ><a class=\"vc_general vc_btn3 vc_btn3-size-sm vc_btn3-shape-square vc_btn3-style-flat vc_btn3-block vc_btn3-color-default\" href=\"https:\/\/zuptor.pl\/en\/dystrybutorzy-ukraina\/\" title=\"Grain silos\">UKRAINE<\/a><\/div><div class=\"vc_btn3-container  menu vc_btn3-left vc_custom_1718096915341\" ><a class=\"vc_general vc_btn3 vc_btn3-size-sm vc_btn3-shape-square vc_btn3-style-flat vc_btn3-block vc_btn3-color-default\" href=\"https:\/\/zuptor.pl\/en\/dystrybutorzy-wegry\/\" title=\"Grain silos\">HUNGARY<\/a><\/div><\/div><\/div><\/div><div class=\"wpb_column vc_column_container vc_col-sm-9\"><div class=\"vc_column-inner vc_custom_1712148788315\"><div class=\"wpb_wrapper\">\n    <h1 class=\"text-left\" >ZUPTOR DISTRIBUTORS - POLAND<\/h1>\n    \t    <div class=\"wprt-lines style-1 custom-3\">\n\t        <div class=\"line-1\"><\/div>\n\t    <\/div>\n    \n        \t\n<div class=\"vc_empty_space\"   style=\"height: 25px\"><span class=\"vc_empty_space_inner\"><\/span><\/div>\n\t<div class=\"wpb_text_column wpb_content_element  vc_custom_1718093537586\" >\n\t\t<div class=\"wpb_wrapper\">\n\t\t\t<p><img loading=\"lazy\" decoding=\"async\" class=\"wp-image-2311 size-medium alignright\" src=\"https:\/\/zuptor.pl\/wp-content\/uploads\/2024\/06\/mapa-polska-loga-300x283.png\" alt=\"dystrybutorzy ZUPTOR Polska\" width=\"300\" height=\"283\" srcset=\"https:\/\/zuptor.pl\/wp-content\/uploads\/2024\/06\/mapa-polska-loga-300x283.png 300w, https:\/\/zuptor.pl\/wp-content\/uploads\/2024\/06\/mapa-polska-loga.png 509w\" sizes=\"auto, (max-width: 300px) 100vw, 300px\" \/><strong>Select a region<\/strong><\/p>\n<p><a href=\"https:\/\/zuptor.pl\/en\/dystrybutorzy\/kujawsko-pomorskie\/\">Kujawsko-Pomorskie<\/a> | <a href=\"https:\/\/zuptor.pl\/en\/dystrybutorzy\/lubelskie\/\">Lublin<\/a> | <a href=\"https:\/\/zuptor.pl\/en\/dystrybutorzy\/lubuskie\/\">Lubuskie<\/a> | <a href=\"https:\/\/zuptor.pl\/en\/dystrybutorzy\/lodzkie\/\">Lodz<\/a> | <a href=\"https:\/\/zuptor.pl\/en\/dystrybutorzy\/mazowieckie\/\">Mazovia<\/a> | <a href=\"https:\/\/zuptor.pl\/en\/dystrybutorzy\/dystrybutorzy-opolskie\/\">Opolskie<\/a> | <a href=\"https:\/\/zuptor.pl\/en\/dystrybutorzy\/dystrybutorzy-podkarpackie\/\">Podkarpackie<\/a> | <a href=\"https:\/\/zuptor.pl\/en\/dystrybutorzy\/dystrybutorzy-podlaskie\/\">Podlaskie<\/a> | <a href=\"https:\/\/zuptor.pl\/en\/dystrybutorzy\/dystrybutorzy-pomorskie\/\">Pomeranian<\/a> | <a href=\"https:\/\/zuptor.pl\/en\/dystrybutorzy\/dystrybutorzy-slaskie\/\">Silesia<\/a> | <a href=\"https:\/\/zuptor.pl\/en\/dystrybutorzy\/dystrybutorzy-swietokrzyskie\/\">\u015awi\u0119tokrzyskie<\/a> | <a href=\"https:\/\/zuptor.pl\/en\/dystrybutorzy\/dystrybutorzy-wielkopolskie\/\">Wielkopolskie<\/a><\/p>\n\n\t\t<\/div>\n\t<\/div>\n<div class=\"vc_separator wpb_content_element vc_separator_align_center vc_sep_width_100 vc_sep_pos_align_center vc_separator_no_text vc_sep_color_white\" ><span class=\"vc_sep_holder vc_sep_holder_l\"><span class=\"vc_sep_line\"><\/span><\/span><span class=\"vc_sep_holder vc_sep_holder_r\"><span class=\"vc_sep_line\"><\/span><\/span>\n<\/div>\n\t<div class=\"wpb_text_column wpb_content_element\" >\n\t\t<div class=\"wpb_wrapper\">\n\t\t\t<h3>Podlaskie voivodship<\/h3>\n\n\t\t<\/div>\n\t<\/div>\n<div class=\"vc_row wpb_row vc_inner vc_row-fluid vc_custom_1718094824839 vc_row-has-fill\"><div class=\"wpb_column vc_column_container vc_col-sm-4\"><div class=\"vc_column-inner vc_custom_1717500106415\"><div class=\"wpb_wrapper\">\n\t<div class=\"wpb_text_column wpb_content_element\" >\n\t\t<div class=\"wpb_wrapper\">\n\t\t\t<p><strong>MAX-ROL<\/strong><br \/>\nJe\u017cewo Stare 1A<br \/>\n16-080 Tykocin<br \/>\ntel. 85 718 17 69; mobile: 514 030 226<br \/>\ne-mail: <a href=\"mailto:jlizewski@max-rol.pl\">jlizewski@max-rol.pl<\/a><\/p>\n\n\t\t<\/div>\n\t<\/div>\n<\/div><\/div><\/div><div class=\"wpb_column vc_column_container vc_col-sm-4\"><div class=\"vc_column-inner vc_custom_1717500118764\"><div class=\"wpb_wrapper\">\n\t<div class=\"wpb_text_column wpb_content_element\" >\n\t\t<div class=\"wpb_wrapper\">\n\t\t\t<p><strong>POM August\u00f3w<\/strong><br \/>\n4 Tobacco Street<br \/>\n16-300 August\u00f3w<br \/>\ntel. 87 643 69 20<br \/>\ne-mail: <a href=\"mailto:maszyny.rolnicze@pom.com.pl\">maszyny.rolnicze@pom.com.pl<\/a><\/p>\n\n\t\t<\/div>\n\t<\/div>\n<\/div><\/div><\/div><div class=\"wpb_column vc_column_container vc_col-sm-4\"><div class=\"vc_column-inner vc_custom_1717500130130\"><div class=\"wpb_wrapper\">\n\t<div class=\"wpb_text_column wpb_content_element\" >\n\t\t<div class=\"wpb_wrapper\">\n\t\t\t<p><strong>ARTPROL<\/strong><br \/>\nBaka\u0142arzewska 19A<br \/>\n16-400 Suwa\u0142ki<br \/>\ntel. 87 566 49 77; mobile: 504 226 123<br \/>\ne-mail: <a href=\"mailto:biuro@artprol.pl\">biuro@artprol.pl<\/a><\/p>\n\n\t\t<\/div>\n\t<\/div>\n<\/div><\/div><\/div><\/div><div class=\"vc_row wpb_row vc_inner vc_row-fluid vc_custom_1718094831181 vc_row-has-fill\"><div class=\"wpb_column vc_column_container vc_col-sm-4\"><div class=\"vc_column-inner vc_custom_1717500106415\"><div class=\"wpb_wrapper\">\n\t<div class=\"wpb_text_column wpb_content_element\" >\n\t\t<div class=\"wpb_wrapper\">\n\t\t\t<p><strong>ADROL<\/strong><br \/>\nWisniewo 9A<br \/>\n18-300 Zambr\u00f3w<br \/>\ntel. 86 270 01 46<br \/>\ne-mail: <a href=\"mailto:jakub.golaszewski@adrol.pl\">jakub.golaszewski@adrol.pl<\/a><\/p>\n\n\t\t<\/div>\n\t<\/div>\n<\/div><\/div><\/div><div class=\"wpb_column vc_column_container vc_col-sm-4\"><div class=\"vc_column-inner vc_custom_1717500118764\"><div class=\"wpb_wrapper\">\n\t<div class=\"wpb_text_column wpb_content_element\" >\n\t\t<div class=\"wpb_wrapper\">\n\t\t\t<p><strong>AGRO-FARMER BREAKFASTOWO<\/strong><br \/>\n10 Church Street<br \/>\n18-411 \u015aniadowo<br \/>\ntel. 86 217 61 23; 86 217 62 23<br \/>\ne-mail: <a href=\"mailto:agro-rolnik@agro-rolnik.pl\">agro-rolnik@agro-rolnik.pl<\/a><\/p>\n\n\t\t<\/div>\n\t<\/div>\n<\/div><\/div><\/div><div class=\"wpb_column vc_column_container vc_col-sm-4\"><div class=\"vc_column-inner vc_custom_1717500130130\"><div class=\"wpb_wrapper\">\n\t<div class=\"wpb_text_column wpb_content_element\" >\n\t\t<div class=\"wpb_wrapper\">\n\t\t\t<p><strong>AGRO-FARMER BIA\u0141YSTOK<\/strong><br \/>\n14 Elevatorska Street<br \/>\n15-620 Bialystok<br \/>\nMobile: 501 846 660; 501 846 606<br \/>\ne-mail: <a href=\"mailto:radziszewski@agro-rolnik.pl\">radziszewski@agro-rolnik.pl<\/a><\/p>\n\n\t\t<\/div>\n\t<\/div>\n<\/div><\/div><\/div><\/div><div class=\"vc_row wpb_row vc_inner vc_row-fluid vc_custom_1718094837090 vc_row-has-fill\"><div class=\"wpb_column vc_column_container vc_col-sm-4\"><div class=\"vc_column-inner vc_custom_1717500106415\"><div class=\"wpb_wrapper\">\n\t<div class=\"wpb_text_column wpb_content_element\" >\n\t\t<div class=\"wpb_wrapper\">\n\t\t\t<p><strong>EDMASZ<\/strong><br \/>\n24 1 Maja Street<br \/>\n18-200 Wysokie Mazowieckie<br \/>\ntel. 86 275 42 54<br \/>\ne-mail: <a href=\"mailto:biuro@edmasz.pl\">biuro@edmasz.pl<\/a><\/p>\n\n\t\t<\/div>\n\t<\/div>\n<\/div><\/div><\/div><div class=\"wpb_column vc_column_container vc_col-sm-4\"><div class=\"vc_column-inner vc_custom_1717500118764\"><div class=\"wpb_wrapper\">\n\t<div class=\"wpb_text_column wpb_content_element\" >\n\t\t<div class=\"wpb_wrapper\">\n\t\t\t<p><strong>PRIMATOR<\/strong><br \/>\n1A Zambrowska Street<br \/>\n18-220 Czy\u017cew<br \/>\ntel. 86 275 50 09<br \/>\ne-mail: <a href=\"mailto:biuro@primator.pl\">biuro@primator.pl<\/a><\/p>\n\n\t\t<\/div>\n\t<\/div>\n<\/div><\/div><\/div><div class=\"wpb_column vc_column_container vc_col-sm-4\"><div class=\"vc_column-inner vc_custom_1717500130130\"><div class=\"wpb_wrapper\">\n\t<div class=\"wpb_text_column wpb_content_element\" >\n\t\t<div class=\"wpb_wrapper\">\n\t\t\t<p><strong>HUNGER<\/strong><br \/>\n19 Rajgrodzka Street<br \/>\n19-206 Rajgr\u00f3d<br \/>\nmobile: 516 163 906<br \/>\ne-mail: <a href=\"mailto:l.mikulski@jedrus.com.pl\">l.mikulski@jedrus.com.pl<\/a><\/p>\n\n\t\t<\/div>\n\t<\/div>\n<\/div><\/div><\/div><\/div><div class=\"vc_row wpb_row vc_inner vc_row-fluid vc_custom_1718094849039 vc_row-has-fill\"><div class=\"wpb_column vc_column_container vc_col-sm-4\"><div class=\"vc_column-inner vc_custom_1717500106415\"><div class=\"wpb_wrapper\">\n\t<div class=\"wpb_text_column wpb_content_element\" >\n\t\t<div class=\"wpb_wrapper\">\n\t\t\t<p><strong>AGRO-SERWIS<\/strong><br \/>\n14 Polowa Street<br \/>\n18-300 Zambr\u00f3w<br \/>\ntel. 86 270 30 99<br \/>\ne-mail: <a href=\"mailto:biuro@agro-serwis.pl\">biuro@agro-serwis.pl<\/a><\/p>\n\n\t\t<\/div>\n\t<\/div>\n<\/div><\/div><\/div><div class=\"wpb_column vc_column_container vc_col-sm-4\"><div class=\"vc_column-inner vc_custom_1717500118764\"><div class=\"wpb_wrapper\">\n\t<div class=\"wpb_text_column wpb_content_element\" >\n\t\t<div class=\"wpb_wrapper\">\n\t\t\t<p><strong>CROWN MARKETS<\/strong><br \/>\n11a 3 Maja St.<br \/>\n16-150 Suchowola<br \/>\ntel. 85 712 40 35<br \/>\ne-mail: <a href=\"mailto:suchowola@krowkamarkety.pl\">suchowola@krowkamarkety.pl<\/a><\/p>\n\n\t\t<\/div>\n\t<\/div>\n<\/div><\/div><\/div><div class=\"wpb_column vc_column_container vc_col-sm-4\"><div class=\"vc_column-inner vc_custom_1717500130130\"><div class=\"wpb_wrapper\"><\/div><\/div><\/div><\/div><\/div><\/div><\/div><\/div><\/div><div class=\"clearfix\"><\/div><\/section><section class=\"vc_rows wpb_row vc_row-fluid\" ><div class=\"container\"><div class=\"row\"><div class=\"wpb_column vc_column_container vc_col-sm-3\"><div class=\"vc_column-inner\"><div class=\"wpb_wrapper\"><\/div><\/div><\/div><div class=\"wpb_column vc_column_container vc_col-sm-9\"><div class=\"vc_column-inner\"><div class=\"wpb_wrapper\"><\/div><\/div><\/div><\/div><\/div><div class=\"clearfix\"><\/div><\/section><section class=\"vc_rows wpb_row vc_row-fluid\" ><div class=\"container\"><div class=\"row\"><div class=\"wpb_column vc_column_container vc_col-sm-12 vc_hidden-lg vc_hidden-md vc_hidden-sm\"><div class=\"vc_column-inner\"><div class=\"wpb_wrapper\">\n    <h5 class=\"text-left\" >COUNTRY<\/h5>\n    \t    <div class=\"wprt-lines style-1 custom-3\">\n\t        <div class=\"line-1\"><\/div>\n\t    <\/div>\n    \n        \t\n<div class=\"vc_empty_space\"   style=\"height: 25px\"><span class=\"vc_empty_space_inner\"><\/span><\/div><div class=\"vc_btn3-container  menu vc_btn3-left vc_custom_1718092520262\" ><a class=\"vc_general vc_btn3 vc_btn3-size-sm vc_btn3-shape-square vc_btn3-style-flat vc_btn3-block vc_btn3-color-default\" href=\"https:\/\/zuptor.pl\/en\/dystrybutorzy\/\" title=\"Grain silos\">POLAND<\/a><\/div><div class=\"vc_btn3-container  menu vc_btn3-left vc_custom_1718096780947\" ><a class=\"vc_general vc_btn3 vc_btn3-size-sm vc_btn3-shape-square vc_btn3-style-flat vc_btn3-block vc_btn3-color-default\" href=\"https:\/\/zuptor.pl\/en\/dystrybutorzy-bialorus\/\" title=\"Grain silos\">BELARUS<\/a><\/div><div class=\"vc_btn3-container  menu vc_btn3-left vc_custom_1718096932249\" ><a class=\"vc_general vc_btn3 vc_btn3-size-sm vc_btn3-shape-square vc_btn3-style-flat vc_btn3-block vc_btn3-color-default\" href=\"https:\/\/zuptor.pl\/en\/dystrybutorzy-czechy\/\" title=\"Grain silos\">CZECH REPUBLIC<\/a><\/div><div class=\"vc_btn3-container  menu vc_btn3-left vc_custom_1718096941765\" ><a class=\"vc_general vc_btn3 vc_btn3-size-sm vc_btn3-shape-square vc_btn3-style-flat vc_btn3-block vc_btn3-color-default\" href=\"https:\/\/zuptor.pl\/en\/dystrybutorzy-kazachstan\/\" title=\"Grain silos\">KAZAKHSTAN<\/a><\/div><div class=\"vc_btn3-container  menu vc_btn3-left vc_custom_1718096954795\" ><a class=\"vc_general vc_btn3 vc_btn3-size-sm vc_btn3-shape-square vc_btn3-style-flat vc_btn3-block vc_btn3-color-default\" href=\"https:\/\/zuptor.pl\/en\/dystrybutorzy-litwa\/\" title=\"Grain silos\">LITHUANIA<\/a><\/div><div class=\"vc_btn3-container  menu vc_btn3-left vc_custom_1718096963301\" ><a class=\"vc_general vc_btn3 vc_btn3-size-sm vc_btn3-shape-square vc_btn3-style-flat vc_btn3-block vc_btn3-color-default\" href=\"https:\/\/zuptor.pl\/en\/dystrybutorzy-lotwa\/\" title=\"Grain silos\">LATVIA<\/a><\/div><div class=\"vc_btn3-container  menu vc_btn3-left vc_custom_1718096973303\" ><a class=\"vc_general vc_btn3 vc_btn3-size-sm vc_btn3-shape-square vc_btn3-style-flat vc_btn3-block vc_btn3-color-default\" href=\"https:\/\/zuptor.pl\/en\/dystrybutorzy-rosja\/\" title=\"Grain silos\">RUSSIA<\/a><\/div><div class=\"vc_btn3-container  menu vc_btn3-left vc_custom_1718096982565\" ><a class=\"vc_general vc_btn3 vc_btn3-size-sm vc_btn3-shape-square vc_btn3-style-flat vc_btn3-block vc_btn3-color-default\" href=\"https:\/\/zuptor.pl\/en\/dystrybutorzy-rumunia\/\" title=\"Grain silos\">ROMANIA<\/a><\/div><div class=\"vc_btn3-container  menu vc_btn3-left vc_custom_1718096994465\" ><a class=\"vc_general vc_btn3 vc_btn3-size-sm vc_btn3-shape-square vc_btn3-style-flat vc_btn3-block vc_btn3-color-default\" href=\"https:\/\/zuptor.pl\/en\/dystrybutorzy-slowacja\/\" title=\"Grain silos\">SLOVAKIA<\/a><\/div><div class=\"vc_btn3-container  menu vc_btn3-left vc_custom_1718097003172\" ><a class=\"vc_general vc_btn3 vc_btn3-size-sm vc_btn3-shape-square vc_btn3-style-flat vc_btn3-block vc_btn3-color-default\" href=\"https:\/\/zuptor.pl\/en\/dystrybutorzy-ukraina\/\" title=\"Grain silos\">UKRAINE<\/a><\/div><div class=\"vc_btn3-container  menu vc_btn3-left vc_custom_1718097016098\" ><a class=\"vc_general vc_btn3 vc_btn3-size-sm vc_btn3-shape-square vc_btn3-style-flat vc_btn3-block vc_btn3-color-default\" href=\"https:\/\/zuptor.pl\/en\/dystrybutorzy-wegry\/\" title=\"Grain silos\">HUNGARY<\/a><\/div><\/div><\/div><\/div><\/div><\/div><div class=\"clearfix\"><\/div><\/section><section class=\"vc_rows wpb_row vc_row-fluid\" ><div class=\"container\"><div class=\"row\"><div class=\"wpb_column vc_column_container vc_col-sm-12\"><div class=\"vc_column-inner\"><div class=\"wpb_wrapper\"><div class=\"vc_empty_space\"   style=\"height: 70px\"><span class=\"vc_empty_space_inner\"><\/span><\/div><\/div><\/div><\/div><\/div><\/div><div class=\"clearfix\"><\/div><\/section>\n<\/div>","protected":false},"excerpt":{"rendered":"Znajd\u017a dystrybutora w najbli\u017cszej okolicy DYSTRYBUTORZY KRAJ POLSKABIA\u0141ORU\u015aCZECHYKAZACHSTANLITWA\u0141OTWAROSJARUMUNIAS\u0141OWACJAUKRAINAW\u0118GRY DYSTRYBUTORZY ZUPTOR - POLSKA Wybierz wojew\u00f3dztwo Kujawsko-Pomorskie | Lubelskie | Lubuskie | \u0141\u00f3dzkie | Mazowieckie | Opolskie | Podkarpackie | Podlaskie | Pomorskie | \u015al\u0105skie | \u015awi\u0119tokrzyskie | Wielkopolskie Wojew\u00f3dztwo Podlaskie MAX-ROL Je\u017cewo Stare 1A 16-080 Tykocin tel. 85 718 17 69; tel. kom. 514 030 226 [...]","protected":false},"author":1,"featured_media":0,"parent":2104,"menu_order":0,"comment_status":"closed","ping_status":"closed","template":"page-templates\/template-fullwidth.php","meta":{"footnotes":""},"class_list":["post-2292","page","type-page","status-publish","hentry"],"yoast_head":"<!-- This site is optimized with the Yoast SEO plugin v24.7 - https:\/\/yoast.com\/wordpress\/plugins\/seo\/ -->\n<title>Dystrybutorzy Podlaskie | Zuptor<\/title>\n<meta name=\"description\" content=\"Dystrybutorzy firmy ZUPTOR - wojew\u00f3dztwo Podlaskie.\" \/>\n<meta name=\"robots\" content=\"index, follow, max-snippet:-1, max-image-preview:large, max-video-preview:-1\" \/>\n<link rel=\"canonical\" href=\"https:\/\/zuptor.pl\/en\/dystrybutorzy\/dystrybutorzy-podlaskie\/\" \/>\n<meta property=\"og:locale\" content=\"en_GB\" \/>\n<meta property=\"og:type\" content=\"article\" \/>\n<meta property=\"og:title\" content=\"Dystrybutorzy Podlaskie | Zuptor\" \/>\n<meta property=\"og:description\" content=\"Dystrybutorzy firmy ZUPTOR - wojew\u00f3dztwo Podlaskie.\" \/>\n<meta property=\"og:url\" content=\"https:\/\/zuptor.pl\/en\/dystrybutorzy\/dystrybutorzy-podlaskie\/\" \/>\n<meta property=\"og:site_name\" content=\"Zuptor\" \/>\n<meta property=\"article:modified_time\" content=\"2024-06-13T10:43:19+00:00\" \/>\n<meta property=\"og:image\" content=\"https:\/\/zuptor.pl\/wp-content\/uploads\/2024\/06\/mapa-polska-loga-300x283.png\" \/>\n<meta name=\"twitter:card\" content=\"summary_large_image\" \/>\n<meta name=\"twitter:label1\" content=\"Estimated reading time\" \/>\n\t<meta name=\"twitter:data1\" content=\"5 minutes\" \/>\n<script type=\"application\/ld+json\" class=\"yoast-schema-graph\">{\"@context\":\"https:\/\/schema.org\",\"@graph\":[{\"@type\":\"WebPage\",\"@id\":\"https:\/\/zuptor.pl\/dystrybutorzy\/dystrybutorzy-podlaskie\/\",\"url\":\"https:\/\/zuptor.pl\/dystrybutorzy\/dystrybutorzy-podlaskie\/\",\"name\":\"Dystrybutorzy Podlaskie | Zuptor\",\"isPartOf\":{\"@id\":\"https:\/\/zuptor.pl\/#website\"},\"primaryImageOfPage\":{\"@id\":\"https:\/\/zuptor.pl\/dystrybutorzy\/dystrybutorzy-podlaskie\/#primaryimage\"},\"image\":{\"@id\":\"https:\/\/zuptor.pl\/dystrybutorzy\/dystrybutorzy-podlaskie\/#primaryimage\"},\"thumbnailUrl\":\"https:\/\/zuptor.pl\/wp-content\/uploads\/2024\/06\/mapa-polska-loga-300x283.png\",\"datePublished\":\"2024-06-10T14:12:17+00:00\",\"dateModified\":\"2024-06-13T10:43:19+00:00\",\"description\":\"Dystrybutorzy firmy ZUPTOR - wojew\u00f3dztwo Podlaskie.\",\"breadcrumb\":{\"@id\":\"https:\/\/zuptor.pl\/dystrybutorzy\/dystrybutorzy-podlaskie\/#breadcrumb\"},\"inLanguage\":\"en-GB\",\"potentialAction\":[{\"@type\":\"ReadAction\",\"target\":[\"https:\/\/zuptor.pl\/dystrybutorzy\/dystrybutorzy-podlaskie\/\"]}]},{\"@type\":\"ImageObject\",\"inLanguage\":\"en-GB\",\"@id\":\"https:\/\/zuptor.pl\/dystrybutorzy\/dystrybutorzy-podlaskie\/#primaryimage\",\"url\":\"https:\/\/zuptor.pl\/wp-content\/uploads\/2024\/06\/mapa-polska-loga-300x283.png\",\"contentUrl\":\"https:\/\/zuptor.pl\/wp-content\/uploads\/2024\/06\/mapa-polska-loga-300x283.png\"},{\"@type\":\"BreadcrumbList\",\"@id\":\"https:\/\/zuptor.pl\/dystrybutorzy\/dystrybutorzy-podlaskie\/#breadcrumb\",\"itemListElement\":[{\"@type\":\"ListItem\",\"position\":1,\"name\":\"Strona g\u0142\u00f3wna\",\"item\":\"https:\/\/zuptor.pl\/\"},{\"@type\":\"ListItem\",\"position\":2,\"name\":\"Dystrybutorzy\",\"item\":\"https:\/\/zuptor.pl\/dystrybutorzy\/\"},{\"@type\":\"ListItem\",\"position\":3,\"name\":\"Dystrybutorzy Podlaskie\"}]},{\"@type\":\"WebSite\",\"@id\":\"https:\/\/zuptor.pl\/#website\",\"url\":\"https:\/\/zuptor.pl\/\",\"name\":\"Zuptor\",\"description\":\"\",\"potentialAction\":[{\"@type\":\"SearchAction\",\"target\":{\"@type\":\"EntryPoint\",\"urlTemplate\":\"https:\/\/zuptor.pl\/?s={search_term_string}\"},\"query-input\":{\"@type\":\"PropertyValueSpecification\",\"valueRequired\":true,\"valueName\":\"search_term_string\"}}],\"inLanguage\":\"en-GB\"}]}<\/script>\n<!-- \/ Yoast SEO plugin. -->","yoast_head_json":{"title":"Dystrybutorzy Podlaskie | Zuptor","description":"Dystrybutorzy firmy ZUPTOR - wojew\u00f3dztwo Podlaskie.","robots":{"index":"index","follow":"follow","max-snippet":"max-snippet:-1","max-image-preview":"max-image-preview:large","max-video-preview":"max-video-preview:-1"},"canonical":"https:\/\/zuptor.pl\/en\/dystrybutorzy\/dystrybutorzy-podlaskie\/","og_locale":"en_GB","og_type":"article","og_title":"Dystrybutorzy Podlaskie | Zuptor","og_description":"Dystrybutorzy firmy ZUPTOR - wojew\u00f3dztwo Podlaskie.","og_url":"https:\/\/zuptor.pl\/en\/dystrybutorzy\/dystrybutorzy-podlaskie\/","og_site_name":"Zuptor","article_modified_time":"2024-06-13T10:43:19+00:00","og_image":[{"url":"https:\/\/zuptor.pl\/wp-content\/uploads\/2024\/06\/mapa-polska-loga-300x283.png","type":"","width":"","height":""}],"twitter_card":"summary_large_image","twitter_misc":{"Estimated reading time":"5 minutes"},"schema":{"@context":"https:\/\/schema.org","@graph":[{"@type":"WebPage","@id":"https:\/\/zuptor.pl\/dystrybutorzy\/dystrybutorzy-podlaskie\/","url":"https:\/\/zuptor.pl\/dystrybutorzy\/dystrybutorzy-podlaskie\/","name":"Dystrybutorzy Podlaskie | Zuptor","isPartOf":{"@id":"https:\/\/zuptor.pl\/#website"},"primaryImageOfPage":{"@id":"https:\/\/zuptor.pl\/dystrybutorzy\/dystrybutorzy-podlaskie\/#primaryimage"},"image":{"@id":"https:\/\/zuptor.pl\/dystrybutorzy\/dystrybutorzy-podlaskie\/#primaryimage"},"thumbnailUrl":"https:\/\/zuptor.pl\/wp-content\/uploads\/2024\/06\/mapa-polska-loga-300x283.png","datePublished":"2024-06-10T14:12:17+00:00","dateModified":"2024-06-13T10:43:19+00:00","description":"Dystrybutorzy firmy ZUPTOR - wojew\u00f3dztwo Podlaskie.","breadcrumb":{"@id":"https:\/\/zuptor.pl\/dystrybutorzy\/dystrybutorzy-podlaskie\/#breadcrumb"},"inLanguage":"en-GB","potentialAction":[{"@type":"ReadAction","target":["https:\/\/zuptor.pl\/dystrybutorzy\/dystrybutorzy-podlaskie\/"]}]},{"@type":"ImageObject","inLanguage":"en-GB","@id":"https:\/\/zuptor.pl\/dystrybutorzy\/dystrybutorzy-podlaskie\/#primaryimage","url":"https:\/\/zuptor.pl\/wp-content\/uploads\/2024\/06\/mapa-polska-loga-300x283.png","contentUrl":"https:\/\/zuptor.pl\/wp-content\/uploads\/2024\/06\/mapa-polska-loga-300x283.png"},{"@type":"BreadcrumbList","@id":"https:\/\/zuptor.pl\/dystrybutorzy\/dystrybutorzy-podlaskie\/#breadcrumb","itemListElement":[{"@type":"ListItem","position":1,"name":"Strona g\u0142\u00f3wna","item":"https:\/\/zuptor.pl\/"},{"@type":"ListItem","position":2,"name":"Dystrybutorzy","item":"https:\/\/zuptor.pl\/dystrybutorzy\/"},{"@type":"ListItem","position":3,"name":"Dystrybutorzy Podlaskie"}]},{"@type":"WebSite","@id":"https:\/\/zuptor.pl\/#website","url":"https:\/\/zuptor.pl\/","name":"Zuptor","description":"","potentialAction":[{"@type":"SearchAction","target":{"@type":"EntryPoint","urlTemplate":"https:\/\/zuptor.pl\/?s={search_term_string}"},"query-input":{"@type":"PropertyValueSpecification","valueRequired":true,"valueName":"search_term_string"}}],"inLanguage":"en-GB"}]}},"_links":{"self":[{"href":"https:\/\/zuptor.pl\/en\/wp-json\/wp\/v2\/pages\/2292","targetHints":{"allow":["GET"]}}],"collection":[{"href":"https:\/\/zuptor.pl\/en\/wp-json\/wp\/v2\/pages"}],"about":[{"href":"https:\/\/zuptor.pl\/en\/wp-json\/wp\/v2\/types\/page"}],"author":[{"embeddable":true,"href":"https:\/\/zuptor.pl\/en\/wp-json\/wp\/v2\/users\/1"}],"replies":[{"embeddable":true,"href":"https:\/\/zuptor.pl\/en\/wp-json\/wp\/v2\/comments?post=2292"}],"version-history":[{"count":5,"href":"https:\/\/zuptor.pl\/en\/wp-json\/wp\/v2\/pages\/2292\/revisions"}],"predecessor-version":[{"id":2372,"href":"https:\/\/zuptor.pl\/en\/wp-json\/wp\/v2\/pages\/2292\/revisions\/2372"}],"up":[{"embeddable":true,"href":"https:\/\/zuptor.pl\/en\/wp-json\/wp\/v2\/pages\/2104"}],"wp:attachment":[{"href":"https:\/\/zuptor.pl\/en\/wp-json\/wp\/v2\/media?parent=2292"}],"curies":[{"name":"wp","href":"https:\/\/api.w.org\/{rel}","templated":true}]}}