{"id":2164,"date":"2024-06-04T15:01:28","date_gmt":"2024-06-04T13:01:28","guid":{"rendered":"http:\/\/zuptor.dlatestu.co.pl\/?page_id=2164"},"modified":"2024-06-13T12:39:47","modified_gmt":"2024-06-13T10:39:47","slug":"lubelskie","status":"publish","type":"page","link":"https:\/\/zuptor.pl\/en\/dystrybutorzy\/lubelskie\/","title":{"rendered":"Distributors Lubelskie"},"content":{"rendered":"<div class=\"wpb-content-wrapper\"><section class=\"vc_rows wpb_row vc_row-fluid bg-color-blue vc_custom_1712822727044\" ><div class=\"container\"><div class=\"row\"><div class=\"wpb_column vc_column_container vc_col-sm-12\"><div class=\"vc_column-inner\"><div class=\"wpb_wrapper\">\n\t\t\t<div class=\"col-md-8\">\n\t        <div class=\"wprt-spacer\" data-desktop=\"8\" data-mobi=\"0\" data-smobi=\"0\"><\/div>\n\t        <h2 class=\"text-white text-center-mobile font-size-20 margin-bottom-0\">Find a distributor in your area<\/h2>\n\t        <div class=\"wprt-spacer\" data-desktop=\"0\" data-mobi=\"20\" data-smobi=\"20\"><\/div>\n\t    <\/div>\n\n\t    <div class=\"col-md-4\">\n\t        <div class=\"text-right text-center-mobile\">\n\t        \n\t        <a class=\"wprt-button white rounded-3px\" href=\"https:\/\/zuptor.pl\/en\/dystrybutorzy\/\" target=\"_self\">DISTRIBUTORS<\/a>\t        <\/div>\n\t    <\/div>\n\t\n<\/div><\/div><\/div><\/div><\/div><div class=\"clearfix\"><\/div><\/section><section class=\"vc_rows wpb_row vc_row-fluid vc_custom_1712148861158\" ><div class=\"container\"><div class=\"row\"><div class=\"wpb_column vc_column_container vc_col-sm-3 vc_hidden-xs\"><div class=\"vc_column-inner\"><div class=\"wpb_wrapper\">\n    <h5 class=\"text-left\" >COUNTRY<\/h5>\n    \t    <div class=\"wprt-lines style-1 custom-3\">\n\t        <div class=\"line-1\"><\/div>\n\t    <\/div>\n    \n        \t\n<div class=\"vc_empty_space\"   style=\"height: 25px\"><span class=\"vc_empty_space_inner\"><\/span><\/div><div class=\"vc_btn3-container  menu vc_btn3-left vc_custom_1717490195714\" ><a class=\"vc_general vc_btn3 vc_btn3-size-sm vc_btn3-shape-square vc_btn3-style-flat vc_btn3-block vc_btn3-color-default\" href=\"https:\/\/zuptor.pl\/en\/silosy\/silosy-zbozowe\/\" title=\"Grain silos\">POLAND<\/a><\/div><div class=\"vc_btn3-container  menu vc_btn3-left vc_custom_1718096759314\" ><a class=\"vc_general vc_btn3 vc_btn3-size-sm vc_btn3-shape-square vc_btn3-style-flat vc_btn3-block vc_btn3-color-default\" href=\"https:\/\/zuptor.pl\/en\/dystrybutorzy-bialorus\/\" title=\"Grain silos\">BELARUS<\/a><\/div><div class=\"vc_btn3-container  menu vc_btn3-left vc_custom_1718096836962\" ><a class=\"vc_general vc_btn3 vc_btn3-size-sm vc_btn3-shape-square vc_btn3-style-flat vc_btn3-block vc_btn3-color-default\" href=\"https:\/\/zuptor.pl\/en\/dystrybutorzy-czechy\/\" title=\"Grain silos\">CZECH REPUBLIC<\/a><\/div><div class=\"vc_btn3-container  menu vc_btn3-left vc_custom_1718096849948\" ><a class=\"vc_general vc_btn3 vc_btn3-size-sm vc_btn3-shape-square vc_btn3-style-flat vc_btn3-block vc_btn3-color-default\" href=\"https:\/\/zuptor.pl\/en\/dystrybutorzy-kazachstan\/\" title=\"Grain silos\">KAZAKHSTAN<\/a><\/div><div class=\"vc_btn3-container  menu vc_btn3-left vc_custom_1718096859413\" ><a class=\"vc_general vc_btn3 vc_btn3-size-sm vc_btn3-shape-square vc_btn3-style-flat vc_btn3-block vc_btn3-color-default\" href=\"https:\/\/zuptor.pl\/en\/dystrybutorzy-litwa\/\" title=\"Grain silos\">LITHUANIA<\/a><\/div><div class=\"vc_btn3-container  menu vc_btn3-left vc_custom_1718096867804\" ><a class=\"vc_general vc_btn3 vc_btn3-size-sm vc_btn3-shape-square vc_btn3-style-flat vc_btn3-block vc_btn3-color-default\" href=\"https:\/\/zuptor.pl\/en\/dystrybutorzy-lotwa\/\" title=\"Grain silos\">LATVIA<\/a><\/div><div class=\"vc_btn3-container  menu vc_btn3-left vc_custom_1718096877730\" ><a class=\"vc_general vc_btn3 vc_btn3-size-sm vc_btn3-shape-square vc_btn3-style-flat vc_btn3-block vc_btn3-color-default\" href=\"https:\/\/zuptor.pl\/en\/dystrybutorzy-rosja\/\" title=\"Grain silos\">RUSSIA<\/a><\/div><div class=\"vc_btn3-container  menu vc_btn3-left vc_custom_1718096888631\" ><a class=\"vc_general vc_btn3 vc_btn3-size-sm vc_btn3-shape-square vc_btn3-style-flat vc_btn3-block vc_btn3-color-default\" href=\"https:\/\/zuptor.pl\/en\/dystrybutorzy-rumunia\/\" title=\"Grain silos\">ROMANIA<\/a><\/div><div class=\"vc_btn3-container  menu vc_btn3-left vc_custom_1718096896864\" ><a class=\"vc_general vc_btn3 vc_btn3-size-sm vc_btn3-shape-square vc_btn3-style-flat vc_btn3-block vc_btn3-color-default\" href=\"https:\/\/zuptor.pl\/en\/dystrybutorzy-slowacja\/\" title=\"Grain silos\">SLOVAKIA<\/a><\/div><div class=\"vc_btn3-container  menu vc_btn3-left vc_custom_1718096906663\" ><a class=\"vc_general vc_btn3 vc_btn3-size-sm vc_btn3-shape-square vc_btn3-style-flat vc_btn3-block vc_btn3-color-default\" href=\"https:\/\/zuptor.pl\/en\/dystrybutorzy-ukraina\/\" title=\"Grain silos\">UKRAINE<\/a><\/div><div class=\"vc_btn3-container  menu vc_btn3-left vc_custom_1718096915341\" ><a class=\"vc_general vc_btn3 vc_btn3-size-sm vc_btn3-shape-square vc_btn3-style-flat vc_btn3-block vc_btn3-color-default\" href=\"https:\/\/zuptor.pl\/en\/dystrybutorzy-wegry\/\" title=\"Grain silos\">HUNGARY<\/a><\/div><\/div><\/div><\/div><div class=\"wpb_column vc_column_container vc_col-sm-9\"><div class=\"vc_column-inner vc_custom_1712148788315\"><div class=\"wpb_wrapper\">\n    <h1 class=\"text-left\" >ZUPTOR DISTRIBUTORS - POLAND<\/h1>\n    \t    <div class=\"wprt-lines style-1 custom-3\">\n\t        <div class=\"line-1\"><\/div>\n\t    <\/div>\n    \n        \t\n<div class=\"vc_empty_space\"   style=\"height: 25px\"><span class=\"vc_empty_space_inner\"><\/span><\/div>\n\t<div class=\"wpb_text_column wpb_content_element  vc_custom_1718093537586\" >\n\t\t<div class=\"wpb_wrapper\">\n\t\t\t<p><img loading=\"lazy\" decoding=\"async\" class=\"wp-image-2311 size-medium alignright\" src=\"https:\/\/zuptor.pl\/wp-content\/uploads\/2024\/06\/mapa-polska-loga-300x283.png\" alt=\"dystrybutorzy ZUPTOR Polska\" width=\"300\" height=\"283\" srcset=\"https:\/\/zuptor.pl\/wp-content\/uploads\/2024\/06\/mapa-polska-loga-300x283.png 300w, https:\/\/zuptor.pl\/wp-content\/uploads\/2024\/06\/mapa-polska-loga.png 509w\" sizes=\"auto, (max-width: 300px) 100vw, 300px\" \/><strong>Select a region<\/strong><\/p>\n<p><a href=\"https:\/\/zuptor.pl\/en\/dystrybutorzy\/kujawsko-pomorskie\/\">Kujawsko-Pomorskie<\/a> | <a href=\"https:\/\/zuptor.pl\/en\/dystrybutorzy\/lubelskie\/\">Lublin<\/a> | <a href=\"https:\/\/zuptor.pl\/en\/dystrybutorzy\/lubuskie\/\">Lubuskie<\/a> | <a href=\"https:\/\/zuptor.pl\/en\/dystrybutorzy\/lodzkie\/\">Lodz<\/a> | <a href=\"https:\/\/zuptor.pl\/en\/dystrybutorzy\/mazowieckie\/\">Mazovia<\/a> | <a href=\"https:\/\/zuptor.pl\/en\/dystrybutorzy\/dystrybutorzy-opolskie\/\">Opolskie<\/a> | <a href=\"https:\/\/zuptor.pl\/en\/dystrybutorzy\/dystrybutorzy-podkarpackie\/\">Podkarpackie<\/a> | <a href=\"https:\/\/zuptor.pl\/en\/dystrybutorzy\/dystrybutorzy-podlaskie\/\">Podlaskie<\/a> | <a href=\"https:\/\/zuptor.pl\/en\/dystrybutorzy\/dystrybutorzy-pomorskie\/\">Pomeranian<\/a> | <a href=\"https:\/\/zuptor.pl\/en\/dystrybutorzy\/dystrybutorzy-slaskie\/\">Silesia<\/a> | <a href=\"https:\/\/zuptor.pl\/en\/dystrybutorzy\/dystrybutorzy-swietokrzyskie\/\">\u015awi\u0119tokrzyskie<\/a> | <a href=\"https:\/\/zuptor.pl\/en\/dystrybutorzy\/dystrybutorzy-wielkopolskie\/\">Wielkopolskie<\/a><\/p>\n\n\t\t<\/div>\n\t<\/div>\n<div class=\"vc_separator wpb_content_element vc_separator_align_center vc_sep_width_100 vc_sep_pos_align_center vc_separator_no_text vc_sep_color_white\" ><span class=\"vc_sep_holder vc_sep_holder_l\"><span class=\"vc_sep_line\"><\/span><\/span><span class=\"vc_sep_holder vc_sep_holder_r\"><span class=\"vc_sep_line\"><\/span><\/span>\n<\/div>\n\t<div class=\"wpb_text_column wpb_content_element\" >\n\t\t<div class=\"wpb_wrapper\">\n\t\t\t<h3>Lubelskie Voivodship<\/h3>\n\n\t\t<\/div>\n\t<\/div>\n<div class=\"vc_row wpb_row vc_inner vc_row-fluid vc_custom_1718094595766 vc_row-has-fill\"><div class=\"wpb_column vc_column_container vc_col-sm-4\"><div class=\"vc_column-inner vc_custom_1717500106415\"><div class=\"wpb_wrapper\">\n\t<div class=\"wpb_text_column wpb_content_element\" >\n\t\t<div class=\"wpb_wrapper\">\n\t\t\t<p><strong>AGROTECHNIKA<\/strong><br \/>\nCicib\u00f3r Du\u017cy 86<br \/>\n21-500 Bia\u0142a Podlaska<br \/>\ntel. 83 342 23 71, 83 343 24 71<br \/>\ne-mail: <a href=\"mailto:wajszczuk@agrotechnika.net\">wajszczuk@agrotechnika.net<\/a><\/p>\n\n\t\t<\/div>\n\t<\/div>\n<\/div><\/div><\/div><div class=\"wpb_column vc_column_container vc_col-sm-4\"><div class=\"vc_column-inner vc_custom_1717500118764\"><div class=\"wpb_wrapper\">\n\t<div class=\"wpb_text_column wpb_content_element\" >\n\t\t<div class=\"wpb_wrapper\">\n\t\t\t<p><strong>AGRONOM SP. Z O.O.<\/strong><br \/>\nJasionka 102<br \/>\n21-200 Parczew<br \/>\ntel. 83 355 05 22, 83 355 14 22<br \/>\ne-mail: <a href=\"mailto:maszyny@agronom.com.pl\">maszyny@agronom.com.pl<\/a><\/p>\n\n\t\t<\/div>\n\t<\/div>\n<\/div><\/div><\/div><div class=\"wpb_column vc_column_container vc_col-sm-4\"><div class=\"vc_column-inner vc_custom_1717500130130\"><div class=\"wpb_wrapper\">\n\t<div class=\"wpb_text_column wpb_content_element\" >\n\t\t<div class=\"wpb_wrapper\">\n\t\t\t<p><strong>Robert Osadowski AGRON<\/strong><br \/>\n22 Kopernika Street<br \/>\n21-200 Bel\u017cyce<br \/>\ntel. 81 517 23 03, mobile: 503 005 157<br \/>\ne-mail: <a href=\"mailto:firma@agron.net.pl\">firma@agron.net.pl<\/a><\/p>\n\n\t\t<\/div>\n\t<\/div>\n<\/div><\/div><\/div><\/div><div class=\"vc_row wpb_row vc_inner vc_row-fluid vc_custom_1718094602169 vc_row-has-fill\"><div class=\"wpb_column vc_column_container vc_col-sm-4\"><div class=\"vc_column-inner vc_custom_1717500106415\"><div class=\"wpb_wrapper\">\n\t<div class=\"wpb_text_column wpb_content_element\" >\n\t\t<div class=\"wpb_wrapper\">\n\t\t\t<p><strong>AGROMARKET SP. Z O.O.<\/strong><br \/>\n19 Szczebrzeska Street<br \/>\n22-400 Zamosc<br \/>\ntel. 84 639 36 74<br \/>\ne-mail: <a href=\"mailto:zamosc@agromarket.pl\">zamosc@agromarket.pl<\/a><\/p>\n\n\t\t<\/div>\n\t<\/div>\n<\/div><\/div><\/div><div class=\"wpb_column vc_column_container vc_col-sm-4\"><div class=\"vc_column-inner vc_custom_1717500118764\"><div class=\"wpb_wrapper\">\n\t<div class=\"wpb_text_column wpb_content_element\" >\n\t\t<div class=\"wpb_wrapper\">\n\t\t\t<p><strong>FINO SP. Z O.O.<\/strong><br \/>\n7 Rampa Brzeska Street<br \/>\n22-100 Chelm<br \/>\ntel. 82 565 51 32, mobile: 605 283 448<br \/>\ne-mail: <a href=\"mailto:fino@finochelm.pl\">fino@finochelm.pl<\/a><\/p>\n\n\t\t<\/div>\n\t<\/div>\n<\/div><\/div><\/div><div class=\"wpb_column vc_column_container vc_col-sm-4\"><div class=\"vc_column-inner vc_custom_1717500130130\"><div class=\"wpb_wrapper\">\n\t<div class=\"wpb_text_column wpb_content_element\" >\n\t\t<div class=\"wpb_wrapper\">\n\t\t\t<p><strong>MEGA<\/strong><br \/>\n90 Warszawska Street<br \/>\n21-400 \u0141uk\u00f3w<br \/>\ntel. 25 798 31 93<br \/>\ne-mail: <a href=\"mailto:megasj@o2.pl\">megasj@o2.pl<\/a><\/p>\n\n\t\t<\/div>\n\t<\/div>\n<\/div><\/div><\/div><\/div><div class=\"vc_row wpb_row vc_inner vc_row-fluid vc_custom_1718094608833 vc_row-has-fill\"><div class=\"wpb_column vc_column_container vc_col-sm-4\"><div class=\"vc_column-inner vc_custom_1717500106415\"><div class=\"wpb_wrapper\">\n\t<div class=\"wpb_text_column wpb_content_element\" >\n\t\t<div class=\"wpb_wrapper\">\n\t\t\t<p><strong>DYSAN<\/strong><br \/>\nZemborzyce Tereszy\u0144skie 8<br \/>\n20-515 Lublin<br \/>\nmobile 503 159 078<br \/>\ne-mail: <a href=\"mailto:krzysztof-pyc@wp.pl\">krzysztof-pyc@wp.pl<\/a><\/p>\n\n\t\t<\/div>\n\t<\/div>\n<\/div><\/div><\/div><div class=\"wpb_column vc_column_container vc_col-sm-4\"><div class=\"vc_column-inner vc_custom_1717500118764\"><div class=\"wpb_wrapper\">\n\t<div class=\"wpb_text_column wpb_content_element\" >\n\t\t<div class=\"wpb_wrapper\">\n\t\t\t<p><strong>ROLMAX<\/strong><br \/>\n208 Piasecka Street<br \/>\n21-040 Swidnik<br \/>\ntel. 81 723 69 60<br \/>\ne-mail: <a href=\"mailto:rolmax@rolmax.net.pl\">rolmax@rolmax.net.pl<\/a><\/p>\n\n\t\t<\/div>\n\t<\/div>\n<\/div><\/div><\/div><div class=\"wpb_column vc_column_container vc_col-sm-4\"><div class=\"vc_column-inner vc_custom_1717500130130\"><div class=\"wpb_wrapper\">\n\t<div class=\"wpb_text_column wpb_content_element\" >\n\t\t<div class=\"wpb_wrapper\">\n\t\t\t<p><strong>SAVONA SP. Z O.O.<\/strong><br \/>\nRudnik Szlachecki 59<br \/>\n23-212 Wilko\u0142az<br \/>\ntel. 81 821 57 03, 81 821 55 99<br \/>\ne-mail: <a href=\"mailto:arkadiusz.mazur@savona.net.pl\">arkadiusz.mazur@savona.net.pl<\/a><\/p>\n\n\t\t<\/div>\n\t<\/div>\n<\/div><\/div><\/div><\/div><div class=\"vc_row wpb_row vc_inner vc_row-fluid vc_custom_1718094615399 vc_row-has-fill\"><div class=\"wpb_column vc_column_container vc_col-sm-4\"><div class=\"vc_column-inner vc_custom_1717500106415\"><div class=\"wpb_wrapper\">\n\t<div class=\"wpb_text_column wpb_content_element\" >\n\t\t<div class=\"wpb_wrapper\">\n\t\t\t<p><strong>ROLCO<\/strong><br \/>\n1 Nizinna Street<br \/>\n20-515 Lublin<br \/>\nmobile: 817 500 344<br \/>\ne-mail: <a href=\"mailto:info@rolco.pl\">info@rolco.pl<\/a><\/p>\n\n\t\t<\/div>\n\t<\/div>\n<\/div><\/div><\/div><div class=\"wpb_column vc_column_container vc_col-sm-4\"><div class=\"vc_column-inner vc_custom_1717500118764\"><div class=\"wpb_wrapper\">\n\t<div class=\"wpb_text_column wpb_content_element\" >\n\t\t<div class=\"wpb_wrapper\">\n\t\t\t<p><strong>VINETA WORK COOPERATIVE<\/strong><br \/>\n3 Commercial Street<br \/>\n21-500 Bia\u0142a Podlaska<br \/>\ntel. 83 343 51 32<br \/>\ne-mail: vineta@onet.pl<\/p>\n\n\t\t<\/div>\n\t<\/div>\n<\/div><\/div><\/div><div class=\"wpb_column vc_column_container vc_col-sm-4\"><div class=\"vc_column-inner vc_custom_1717500130130\"><div class=\"wpb_wrapper\">\n\t<div class=\"wpb_text_column wpb_content_element\" >\n\t\t<div class=\"wpb_wrapper\">\n\t\t\t<p><strong>SALE OF TRACTORS AND AGRICULTURAL MACHINERY LESZEK KOMON<\/strong><br \/>\nTur\u00f3w 235<br \/>\n21-302 K\u0105kolewnica<br \/>\ntel. 83 352 51 34<\/p>\n\n\t\t<\/div>\n\t<\/div>\n<\/div><\/div><\/div><\/div><\/div><\/div><\/div><\/div><\/div><div class=\"clearfix\"><\/div><\/section><section class=\"vc_rows wpb_row vc_row-fluid\" ><div class=\"container\"><div class=\"row\"><div class=\"wpb_column vc_column_container vc_col-sm-12 vc_hidden-lg vc_hidden-md vc_hidden-sm\"><div class=\"vc_column-inner\"><div class=\"wpb_wrapper\">\n    <h5 class=\"text-left\" >COUNTRY<\/h5>\n    \t    <div class=\"wprt-lines style-1 custom-3\">\n\t        <div class=\"line-1\"><\/div>\n\t    <\/div>\n    \n        \t\n<div class=\"vc_empty_space\"   style=\"height: 25px\"><span class=\"vc_empty_space_inner\"><\/span><\/div><div class=\"vc_btn3-container  menu vc_btn3-left vc_custom_1718092520262\" ><a class=\"vc_general vc_btn3 vc_btn3-size-sm vc_btn3-shape-square vc_btn3-style-flat vc_btn3-block vc_btn3-color-default\" href=\"https:\/\/zuptor.pl\/en\/dystrybutorzy\/\" title=\"Grain silos\">POLAND<\/a><\/div><div class=\"vc_btn3-container  menu vc_btn3-left vc_custom_1718096780947\" ><a class=\"vc_general vc_btn3 vc_btn3-size-sm vc_btn3-shape-square vc_btn3-style-flat vc_btn3-block vc_btn3-color-default\" href=\"https:\/\/zuptor.pl\/en\/dystrybutorzy-bialorus\/\" title=\"Grain silos\">BELARUS<\/a><\/div><div class=\"vc_btn3-container  menu vc_btn3-left vc_custom_1718096932249\" ><a class=\"vc_general vc_btn3 vc_btn3-size-sm vc_btn3-shape-square vc_btn3-style-flat vc_btn3-block vc_btn3-color-default\" href=\"https:\/\/zuptor.pl\/en\/dystrybutorzy-czechy\/\" title=\"Grain silos\">CZECH REPUBLIC<\/a><\/div><div class=\"vc_btn3-container  menu vc_btn3-left vc_custom_1718096941765\" ><a class=\"vc_general vc_btn3 vc_btn3-size-sm vc_btn3-shape-square vc_btn3-style-flat vc_btn3-block vc_btn3-color-default\" href=\"https:\/\/zuptor.pl\/en\/dystrybutorzy-kazachstan\/\" title=\"Grain silos\">KAZAKHSTAN<\/a><\/div><div class=\"vc_btn3-container  menu vc_btn3-left vc_custom_1718096954795\" ><a class=\"vc_general vc_btn3 vc_btn3-size-sm vc_btn3-shape-square vc_btn3-style-flat vc_btn3-block vc_btn3-color-default\" href=\"https:\/\/zuptor.pl\/en\/dystrybutorzy-litwa\/\" title=\"Grain silos\">LITHUANIA<\/a><\/div><div class=\"vc_btn3-container  menu vc_btn3-left vc_custom_1718096963301\" ><a class=\"vc_general vc_btn3 vc_btn3-size-sm vc_btn3-shape-square vc_btn3-style-flat vc_btn3-block vc_btn3-color-default\" href=\"https:\/\/zuptor.pl\/en\/dystrybutorzy-lotwa\/\" title=\"Grain silos\">LATVIA<\/a><\/div><div class=\"vc_btn3-container  menu vc_btn3-left vc_custom_1718096973303\" ><a class=\"vc_general vc_btn3 vc_btn3-size-sm vc_btn3-shape-square vc_btn3-style-flat vc_btn3-block vc_btn3-color-default\" href=\"https:\/\/zuptor.pl\/en\/dystrybutorzy-rosja\/\" title=\"Grain silos\">RUSSIA<\/a><\/div><div class=\"vc_btn3-container  menu vc_btn3-left vc_custom_1718096982565\" ><a class=\"vc_general vc_btn3 vc_btn3-size-sm vc_btn3-shape-square vc_btn3-style-flat vc_btn3-block vc_btn3-color-default\" href=\"https:\/\/zuptor.pl\/en\/dystrybutorzy-rumunia\/\" title=\"Grain silos\">ROMANIA<\/a><\/div><div class=\"vc_btn3-container  menu vc_btn3-left vc_custom_1718096994465\" ><a class=\"vc_general vc_btn3 vc_btn3-size-sm vc_btn3-shape-square vc_btn3-style-flat vc_btn3-block vc_btn3-color-default\" href=\"https:\/\/zuptor.pl\/en\/dystrybutorzy-slowacja\/\" title=\"Grain silos\">SLOVAKIA<\/a><\/div><div class=\"vc_btn3-container  menu vc_btn3-left vc_custom_1718097003172\" ><a class=\"vc_general vc_btn3 vc_btn3-size-sm vc_btn3-shape-square vc_btn3-style-flat vc_btn3-block vc_btn3-color-default\" href=\"https:\/\/zuptor.pl\/en\/dystrybutorzy-ukraina\/\" title=\"Grain silos\">UKRAINE<\/a><\/div><div class=\"vc_btn3-container  menu vc_btn3-left vc_custom_1718097016098\" ><a class=\"vc_general vc_btn3 vc_btn3-size-sm vc_btn3-shape-square vc_btn3-style-flat vc_btn3-block vc_btn3-color-default\" href=\"https:\/\/zuptor.pl\/en\/dystrybutorzy-wegry\/\" title=\"Grain silos\">HUNGARY<\/a><\/div><\/div><\/div><\/div><\/div><\/div><div class=\"clearfix\"><\/div><\/section><section class=\"vc_rows wpb_row vc_row-fluid\" ><div class=\"container\"><div class=\"row\"><div class=\"wpb_column vc_column_container vc_col-sm-12\"><div class=\"vc_column-inner\"><div class=\"wpb_wrapper\"><div class=\"vc_empty_space\"   style=\"height: 70px\"><span class=\"vc_empty_space_inner\"><\/span><\/div><\/div><\/div><\/div><\/div><\/div><div class=\"clearfix\"><\/div><\/section>\n<\/div>","protected":false},"excerpt":{"rendered":"Znajd\u017a dystrybutora w najbli\u017cszej okolicy DYSTRYBUTORZY KRAJ POLSKABIA\u0141ORU\u015aCZECHYKAZACHSTANLITWA\u0141OTWAROSJARUMUNIAS\u0141OWACJAUKRAINAW\u0118GRY DYSTRYBUTORZY ZUPTOR - POLSKA Wybierz wojew\u00f3dztwo Kujawsko-Pomorskie | Lubelskie | Lubuskie | \u0141\u00f3dzkie | Mazowieckie | Opolskie | Podkarpackie | Podlaskie | Pomorskie | \u015al\u0105skie | \u015awi\u0119tokrzyskie | Wielkopolskie Wojew\u00f3dztwo Lubelskie AGROTECHNIKA Cicib\u00f3r Du\u017cy 86 21-500 Bia\u0142a Podlaska tel. 83 342 23 71, 83 343 24 71 [...]","protected":false},"author":1,"featured_media":0,"parent":2104,"menu_order":0,"comment_status":"closed","ping_status":"closed","template":"page-templates\/template-fullwidth.php","meta":{"footnotes":""},"class_list":["post-2164","page","type-page","status-publish","hentry"],"yoast_head":"<!-- This site is optimized with the Yoast SEO plugin v24.7 - https:\/\/yoast.com\/wordpress\/plugins\/seo\/ -->\n<title>Dystrybutorzy Lubelskie | Zuptor<\/title>\n<meta name=\"description\" content=\"Dystrybutorzy firmy ZUPTOR - wojew\u00f3dztwo Lubelskie.\" \/>\n<meta name=\"robots\" content=\"index, follow, max-snippet:-1, max-image-preview:large, max-video-preview:-1\" \/>\n<link rel=\"canonical\" href=\"https:\/\/zuptor.pl\/en\/dystrybutorzy\/lubelskie\/\" \/>\n<meta property=\"og:locale\" content=\"en_GB\" \/>\n<meta property=\"og:type\" content=\"article\" \/>\n<meta property=\"og:title\" content=\"Dystrybutorzy Lubelskie | Zuptor\" \/>\n<meta property=\"og:description\" content=\"Dystrybutorzy firmy ZUPTOR - wojew\u00f3dztwo Lubelskie.\" \/>\n<meta property=\"og:url\" content=\"https:\/\/zuptor.pl\/en\/dystrybutorzy\/lubelskie\/\" \/>\n<meta property=\"og:site_name\" content=\"Zuptor\" \/>\n<meta property=\"article:modified_time\" content=\"2024-06-13T10:39:47+00:00\" \/>\n<meta property=\"og:image\" content=\"https:\/\/zuptor.pl\/wp-content\/uploads\/2024\/06\/mapa-polska-loga-300x283.png\" \/>\n<meta name=\"twitter:card\" content=\"summary_large_image\" \/>\n<meta name=\"twitter:label1\" content=\"Estimated reading time\" \/>\n\t<meta name=\"twitter:data1\" content=\"5 minutes\" \/>\n<script type=\"application\/ld+json\" class=\"yoast-schema-graph\">{\"@context\":\"https:\/\/schema.org\",\"@graph\":[{\"@type\":\"WebPage\",\"@id\":\"https:\/\/zuptor.pl\/dystrybutorzy\/lubelskie\/\",\"url\":\"https:\/\/zuptor.pl\/dystrybutorzy\/lubelskie\/\",\"name\":\"Dystrybutorzy Lubelskie | Zuptor\",\"isPartOf\":{\"@id\":\"https:\/\/zuptor.pl\/#website\"},\"primaryImageOfPage\":{\"@id\":\"https:\/\/zuptor.pl\/dystrybutorzy\/lubelskie\/#primaryimage\"},\"image\":{\"@id\":\"https:\/\/zuptor.pl\/dystrybutorzy\/lubelskie\/#primaryimage\"},\"thumbnailUrl\":\"https:\/\/zuptor.pl\/wp-content\/uploads\/2024\/06\/mapa-polska-loga-300x283.png\",\"datePublished\":\"2024-06-04T13:01:28+00:00\",\"dateModified\":\"2024-06-13T10:39:47+00:00\",\"description\":\"Dystrybutorzy firmy ZUPTOR - wojew\u00f3dztwo Lubelskie.\",\"breadcrumb\":{\"@id\":\"https:\/\/zuptor.pl\/dystrybutorzy\/lubelskie\/#breadcrumb\"},\"inLanguage\":\"en-GB\",\"potentialAction\":[{\"@type\":\"ReadAction\",\"target\":[\"https:\/\/zuptor.pl\/dystrybutorzy\/lubelskie\/\"]}]},{\"@type\":\"ImageObject\",\"inLanguage\":\"en-GB\",\"@id\":\"https:\/\/zuptor.pl\/dystrybutorzy\/lubelskie\/#primaryimage\",\"url\":\"https:\/\/zuptor.pl\/wp-content\/uploads\/2024\/06\/mapa-polska-loga-300x283.png\",\"contentUrl\":\"https:\/\/zuptor.pl\/wp-content\/uploads\/2024\/06\/mapa-polska-loga-300x283.png\"},{\"@type\":\"BreadcrumbList\",\"@id\":\"https:\/\/zuptor.pl\/dystrybutorzy\/lubelskie\/#breadcrumb\",\"itemListElement\":[{\"@type\":\"ListItem\",\"position\":1,\"name\":\"Strona g\u0142\u00f3wna\",\"item\":\"https:\/\/zuptor.pl\/\"},{\"@type\":\"ListItem\",\"position\":2,\"name\":\"Dystrybutorzy\",\"item\":\"https:\/\/zuptor.pl\/dystrybutorzy\/\"},{\"@type\":\"ListItem\",\"position\":3,\"name\":\"Dystrybutorzy Lubelskie\"}]},{\"@type\":\"WebSite\",\"@id\":\"https:\/\/zuptor.pl\/#website\",\"url\":\"https:\/\/zuptor.pl\/\",\"name\":\"Zuptor\",\"description\":\"\",\"potentialAction\":[{\"@type\":\"SearchAction\",\"target\":{\"@type\":\"EntryPoint\",\"urlTemplate\":\"https:\/\/zuptor.pl\/?s={search_term_string}\"},\"query-input\":{\"@type\":\"PropertyValueSpecification\",\"valueRequired\":true,\"valueName\":\"search_term_string\"}}],\"inLanguage\":\"en-GB\"}]}<\/script>\n<!-- \/ Yoast SEO plugin. -->","yoast_head_json":{"title":"Dystrybutorzy Lubelskie | Zuptor","description":"Dystrybutorzy firmy ZUPTOR - wojew\u00f3dztwo Lubelskie.","robots":{"index":"index","follow":"follow","max-snippet":"max-snippet:-1","max-image-preview":"max-image-preview:large","max-video-preview":"max-video-preview:-1"},"canonical":"https:\/\/zuptor.pl\/en\/dystrybutorzy\/lubelskie\/","og_locale":"en_GB","og_type":"article","og_title":"Dystrybutorzy Lubelskie | Zuptor","og_description":"Dystrybutorzy firmy ZUPTOR - wojew\u00f3dztwo Lubelskie.","og_url":"https:\/\/zuptor.pl\/en\/dystrybutorzy\/lubelskie\/","og_site_name":"Zuptor","article_modified_time":"2024-06-13T10:39:47+00:00","og_image":[{"url":"https:\/\/zuptor.pl\/wp-content\/uploads\/2024\/06\/mapa-polska-loga-300x283.png","type":"","width":"","height":""}],"twitter_card":"summary_large_image","twitter_misc":{"Estimated reading time":"5 minutes"},"schema":{"@context":"https:\/\/schema.org","@graph":[{"@type":"WebPage","@id":"https:\/\/zuptor.pl\/dystrybutorzy\/lubelskie\/","url":"https:\/\/zuptor.pl\/dystrybutorzy\/lubelskie\/","name":"Dystrybutorzy Lubelskie | Zuptor","isPartOf":{"@id":"https:\/\/zuptor.pl\/#website"},"primaryImageOfPage":{"@id":"https:\/\/zuptor.pl\/dystrybutorzy\/lubelskie\/#primaryimage"},"image":{"@id":"https:\/\/zuptor.pl\/dystrybutorzy\/lubelskie\/#primaryimage"},"thumbnailUrl":"https:\/\/zuptor.pl\/wp-content\/uploads\/2024\/06\/mapa-polska-loga-300x283.png","datePublished":"2024-06-04T13:01:28+00:00","dateModified":"2024-06-13T10:39:47+00:00","description":"Dystrybutorzy firmy ZUPTOR - wojew\u00f3dztwo Lubelskie.","breadcrumb":{"@id":"https:\/\/zuptor.pl\/dystrybutorzy\/lubelskie\/#breadcrumb"},"inLanguage":"en-GB","potentialAction":[{"@type":"ReadAction","target":["https:\/\/zuptor.pl\/dystrybutorzy\/lubelskie\/"]}]},{"@type":"ImageObject","inLanguage":"en-GB","@id":"https:\/\/zuptor.pl\/dystrybutorzy\/lubelskie\/#primaryimage","url":"https:\/\/zuptor.pl\/wp-content\/uploads\/2024\/06\/mapa-polska-loga-300x283.png","contentUrl":"https:\/\/zuptor.pl\/wp-content\/uploads\/2024\/06\/mapa-polska-loga-300x283.png"},{"@type":"BreadcrumbList","@id":"https:\/\/zuptor.pl\/dystrybutorzy\/lubelskie\/#breadcrumb","itemListElement":[{"@type":"ListItem","position":1,"name":"Strona g\u0142\u00f3wna","item":"https:\/\/zuptor.pl\/"},{"@type":"ListItem","position":2,"name":"Dystrybutorzy","item":"https:\/\/zuptor.pl\/dystrybutorzy\/"},{"@type":"ListItem","position":3,"name":"Dystrybutorzy Lubelskie"}]},{"@type":"WebSite","@id":"https:\/\/zuptor.pl\/#website","url":"https:\/\/zuptor.pl\/","name":"Zuptor","description":"","potentialAction":[{"@type":"SearchAction","target":{"@type":"EntryPoint","urlTemplate":"https:\/\/zuptor.pl\/?s={search_term_string}"},"query-input":{"@type":"PropertyValueSpecification","valueRequired":true,"valueName":"search_term_string"}}],"inLanguage":"en-GB"}]}},"_links":{"self":[{"href":"https:\/\/zuptor.pl\/en\/wp-json\/wp\/v2\/pages\/2164","targetHints":{"allow":["GET"]}}],"collection":[{"href":"https:\/\/zuptor.pl\/en\/wp-json\/wp\/v2\/pages"}],"about":[{"href":"https:\/\/zuptor.pl\/en\/wp-json\/wp\/v2\/types\/page"}],"author":[{"embeddable":true,"href":"https:\/\/zuptor.pl\/en\/wp-json\/wp\/v2\/users\/1"}],"replies":[{"embeddable":true,"href":"https:\/\/zuptor.pl\/en\/wp-json\/wp\/v2\/comments?post=2164"}],"version-history":[{"count":8,"href":"https:\/\/zuptor.pl\/en\/wp-json\/wp\/v2\/pages\/2164\/revisions"}],"predecessor-version":[{"id":2364,"href":"https:\/\/zuptor.pl\/en\/wp-json\/wp\/v2\/pages\/2164\/revisions\/2364"}],"up":[{"embeddable":true,"href":"https:\/\/zuptor.pl\/en\/wp-json\/wp\/v2\/pages\/2104"}],"wp:attachment":[{"href":"https:\/\/zuptor.pl\/en\/wp-json\/wp\/v2\/media?parent=2164"}],"curies":[{"name":"wp","href":"https:\/\/api.w.org\/{rel}","templated":true}]}}