{"id":2062,"date":"2024-05-27T14:11:24","date_gmt":"2024-05-27T12:11:24","guid":{"rendered":"http:\/\/zuptor.dlatestu.co.pl\/?page_id=2062"},"modified":"2024-06-13T15:06:09","modified_gmt":"2024-06-13T13:06:09","slug":"waga-elektroniczna-basic","status":"publish","type":"page","link":"https:\/\/zuptor.pl\/en\/mieszalniki-pasz\/waga-elektroniczna-basic\/","title":{"rendered":"BASIC electronic scale"},"content":{"rendered":"<div class=\"wpb-content-wrapper\"><section class=\"vc_rows wpb_row vc_row-fluid bg-color-blue vc_custom_1712822727044\" ><div class=\"container\"><div class=\"row\"><div class=\"wpb_column vc_column_container vc_col-sm-12\"><div class=\"vc_column-inner\"><div class=\"wpb_wrapper\">\n\t\t\t<div class=\"col-md-8\">\n\t        <div class=\"wprt-spacer\" data-desktop=\"8\" data-mobi=\"0\" data-smobi=\"0\"><\/div>\n\t        <h2 class=\"text-white text-center-mobile font-size-20 margin-bottom-0\">Find a distributor in your area<\/h2>\n\t        <div class=\"wprt-spacer\" data-desktop=\"0\" data-mobi=\"20\" data-smobi=\"20\"><\/div>\n\t    <\/div>\n\n\t    <div class=\"col-md-4\">\n\t        <div class=\"text-right text-center-mobile\">\n\t        \n\t        <a class=\"wprt-button white rounded-3px\" href=\"https:\/\/zuptor.pl\/en\/dystrybutorzy\/\" target=\"_self\">DISTRIBUTORS<\/a>\t        <\/div>\n\t    <\/div>\n\t\n<\/div><\/div><\/div><\/div><\/div><div class=\"clearfix\"><\/div><\/section><section class=\"vc_rows wpb_row vc_row-fluid vc_custom_1712148861158\" ><div class=\"container\"><div class=\"row\"><div class=\"wpb_column vc_column_container vc_col-sm-3 vc_hidden-xs\"><div class=\"vc_column-inner\"><div class=\"wpb_wrapper\">\n    <h5 class=\"text-left\" >FEED MIXERS<\/h5>\n    \t    <div class=\"wprt-lines style-1 custom-3\">\n\t        <div class=\"line-1\"><\/div>\n\t    <\/div>\n    \n        \t\n<div class=\"vc_empty_space\"   style=\"height: 25px\"><span class=\"vc_empty_space_inner\"><\/span><\/div><div class=\"vc_btn3-container  menu vc_btn3-left vc_custom_1718265263706\" ><a class=\"vc_general vc_btn3 vc_btn3-size-sm vc_btn3-shape-square vc_btn3-style-flat vc_btn3-block vc_btn3-color-default\" href=\"https:\/\/zuptor.pl\/en\/mieszalniki-pasz\/mieszalniki-pasz-pionowe\/\" title=\"VERTICAL FEED MIXERS\">VERTICAL FEED MIXERS<\/a><\/div><div class=\"vc_btn3-container  menu vc_btn3-left vc_custom_1716276994037\" ><a class=\"vc_general vc_btn3 vc_btn3-size-sm vc_btn3-shape-square vc_btn3-style-flat vc_btn3-block vc_btn3-color-default\" href=\"https:\/\/zuptor.pl\/en\/mieszalniki-pasz\/mieszalniki-pionowe-z-koszem-na-podajniku-slimakowym\/\" title=\"VERTICAL MIXERS WITH HOPPER ON SCREW FEEDER\">VERTICAL MIXERS WITH HOPPER ON SCREW FEEDER<\/a><\/div><div class=\"vc_btn3-container  menu vc_btn3-left vc_custom_1716277046720\" ><a class=\"vc_general vc_btn3 vc_btn3-size-sm vc_btn3-shape-square vc_btn3-style-flat vc_btn3-block vc_btn3-color-default\" href=\"https:\/\/zuptor.pl\/en\/mieszalniki-pasz\/mieszalniki-pasz-poziome\/\" title=\"HORIZONTAL MIXERS\">HORIZONTAL MIXERS<\/a><\/div><div class=\"vc_btn3-container  menu vc_btn3-left vc_custom_1718283489268\" ><a class=\"vc_general vc_btn3 vc_btn3-size-sm vc_btn3-shape-square vc_btn3-style-flat vc_btn3-block vc_btn3-color-default\" href=\"https:\/\/zuptor.pl\/en\/mieszalniki-pasz\/mieszalniki-nietypowe\/\" title=\"VERTICAL FEED MIXERS\">NON-STANDARD FEED MIXERS<\/a><\/div><div class=\"vc_btn3-container  menu vc_btn3-left vc_custom_1718283944803\" ><a class=\"vc_general vc_btn3 vc_btn3-size-sm vc_btn3-shape-square vc_btn3-style-flat vc_btn3-block vc_btn3-color-default\" href=\"https:\/\/zuptor.pl\/en\/mieszalniki-pasz\/natluszczarka-paszy\/\" title=\"FEED GREASER\">FEED GREASER<\/a><\/div><div class=\"vc_btn3-container  menu vc_btn3-left vc_custom_1716811053131\" ><a class=\"vc_general vc_btn3 vc_btn3-size-sm vc_btn3-shape-square vc_btn3-style-flat vc_btn3-block vc_btn3-color-default\" href=\"https:\/\/zuptor.pl\/en\/mieszalniki-pasz\/automatyczny-dozownik-zakwaszacza\/\" title=\"AUTOMATIC ACIDIFIER DISPENSER ADZ\">AUTOMATIC ACIDIFIER DISPENSER ADZ<\/a><\/div><div class=\"vc_btn3-container  menu vc_btn3-left vc_custom_1716811911448\" ><a class=\"vc_general vc_btn3 vc_btn3-size-sm vc_btn3-shape-square vc_btn3-style-flat vc_btn3-block vc_btn3-color-default\" href=\"https:\/\/zuptor.pl\/en\/mieszalniki-pasz\/waga-elektroniczna-basic\/\" title=\"ELECTRONIC SCALES BASIC\">ELECTRONIC SCALES BASIC<\/a><\/div><div class=\"vc_btn3-container  menu vc_btn3-left vc_custom_1718283929729\" ><a class=\"vc_general vc_btn3 vc_btn3-size-sm vc_btn3-shape-square vc_btn3-style-flat vc_btn3-block vc_btn3-color-default\" href=\"https:\/\/zuptor.pl\/en\/mieszalniki-pasz\/waga-elektroniczna-pro-zuptor\/\" title=\"ELECTRONIC SCALE PRO\">ELECTRONIC SCALE PRO<\/a><\/div><\/div><\/div><\/div><div class=\"wpb_column vc_column_container vc_col-sm-9\"><div class=\"vc_column-inner vc_custom_1712148788315\"><div class=\"wpb_wrapper\">\n    <h1 class=\"text-left\" >ELECTRONIC SCALES BASIC<\/h1>\n    \t    <div class=\"wprt-lines style-1 custom-3\">\n\t        <div class=\"line-1\"><\/div>\n\t    <\/div>\n    \n        \t\n<div class=\"vc_empty_space\"   style=\"height: 25px\"><span class=\"vc_empty_space_inner\"><\/span><\/div>\n\t<div class=\"wpb_text_column wpb_content_element\" >\n\t\t<div class=\"wpb_wrapper\">\n\t\t\t<p>The new BASIC scale in 3-sensor and 4-sensor versions will find use wherever reliability and measurement accuracy are important.<\/p>\n<p>What distinguishes it from the PRO series scales is the lack of audible signalling, which is why this product is at a significantly lower price while maintaining high quality weight measurement.<\/p>\n\n\t\t<\/div>\n\t<\/div>\n\n    <h2 class=\"text-left\" >ELECTRONIC SCALE ZUPTOR<\/h2>\n    \t    <div class=\"wprt-lines style-1 custom-3\">\n\t        <div class=\"line-1\"><\/div>\n\t    <\/div>\n    \n        \t\n<div class=\"vc_empty_space\"   style=\"height: 32px\"><span class=\"vc_empty_space_inner\"><\/span><\/div>\n\t<div  class=\"wpb_single_image wpb_content_element vc_align_center\">\n\t\t\n\t\t<figure class=\"wpb_wrapper vc_figure\">\n\t\t\t<div class=\"vc_single_image-wrapper   vc_box_border_grey\"><img loading=\"lazy\" decoding=\"async\" width=\"524\" height=\"399\" src=\"https:\/\/zuptor.pl\/wp-content\/uploads\/2024\/06\/waga-elektroniczna-basic-main.jpg\" class=\"vc_single_image-img attachment-full\" alt=\"waga elektroniczna basic\" title=\"electronic-weight-basic-main\" srcset=\"https:\/\/zuptor.pl\/wp-content\/uploads\/2024\/06\/waga-elektroniczna-basic-main.jpg 524w, https:\/\/zuptor.pl\/wp-content\/uploads\/2024\/06\/waga-elektroniczna-basic-main-300x228.jpg 300w\" sizes=\"auto, (max-width: 524px) 100vw, 524px\" \/><\/div>\n\t\t<\/figure>\n\t<\/div>\n<div class=\"vc_empty_space\"   style=\"height: 32px\"><span class=\"vc_empty_space_inner\"><\/span><\/div><div class=\"vc_tta-container\" data-vc-action=\"collapse\"><div class=\"vc_general vc_tta vc_tta-accordion vc_tta-color-grey vc_tta-style-classic vc_tta-shape-rounded vc_tta-o-shape-group vc_tta-controls-align-default\"><div class=\"vc_tta-panels-container\"><div class=\"vc_tta-panels\"><div class=\"vc_tta-panel vc_active\" id=\"1716207683815-752223ca-ba28\" data-vc-content=\".vc_tta-panel-body\"><div class=\"vc_tta-panel-heading\"><h4 class=\"vc_tta-panel-title vc_tta-controls-icon-position-left\"><a href=\"#1716207683815-752223ca-ba28\" data-vc-accordion data-vc-container=\".vc_tta-container\"><span class=\"vc_tta-title-text\">PARAMETERS<\/span><i class=\"vc_tta-controls-icon vc_tta-controls-icon-plus\"><\/i><\/a><\/h4><\/div><div class=\"vc_tta-panel-body\">\n\t<div class=\"wpb_text_column wpb_content_element\" >\n\t\t<div class=\"wpb_wrapper\">\n\t\t\t<ul>\n<li>backlit LCD display, readable in all conditions<\/li>\n<li>simple assembly and ergonomic operation<\/li>\n<li>housing made of durable plastic<span class=\"Apple-converted-space\">\u00a0<\/span><\/li>\n<li>sensor cables protected by high-quality protective tubes<\/li>\n<li>load cells on stable bases<\/li>\n<\/ul>\n\n\t\t<\/div>\n\t<\/div>\n<\/div><\/div><div class=\"vc_tta-panel\" id=\"1716207683830-5bd0aef7-92c8\" data-vc-content=\".vc_tta-panel-body\"><div class=\"vc_tta-panel-heading\"><h4 class=\"vc_tta-panel-title vc_tta-controls-icon-position-left\"><a href=\"#1716207683830-5bd0aef7-92c8\" data-vc-accordion data-vc-container=\".vc_tta-container\"><span class=\"vc_tta-title-text\">APPLICATION<\/span><i class=\"vc_tta-controls-icon vc_tta-controls-icon-plus\"><\/i><\/a><\/h4><\/div><div class=\"vc_tta-panel-body\">\n\t<div class=\"wpb_text_column wpb_content_element\" >\n\t\t<div class=\"wpb_wrapper\">\n\t\t\t<p>The electronic scale under the feed mixer or tank is used to determine the correct weight portions of grain to be ground and to weigh the mixture contained in the unit. It is a convenient and practical solution to improve the work on the farm.<\/p>\n\n\t\t<\/div>\n\t<\/div>\n<\/div><\/div><\/div><\/div><\/div><\/div>\t\n\t<div class=\"wprt-galleries-grid has-bullets bullet-style-2 bullet30\" data-layout=\"grid\" data-column=\"4\" data-column2=\"4\" data-column3=\"4\" data-column4=\"4\" data-gaph=\"10\" data-gapv=\"10\">\n\t\t<div id=\"images-wrap\" class=\"cbp\">\n            \t\t\t\t<div class=\"cbp-item\">\n                    <div class=\"item-wrap\">\n                        <a class=\"zoom\" href=\"https:\/\/zuptor.pl\/wp-content\/uploads\/2024\/06\/waga-basic-2.jpg\"><i class=\"fa fa-arrows-alt\"><\/i><\/a>\n                        <img loading=\"lazy\" decoding=\"async\" width=\"510\" height=\"800\" src=\"https:\/\/zuptor.pl\/wp-content\/uploads\/2024\/06\/waga-basic-2.jpg\" class=\"img-responsive\" alt=\"Waga elektroniczna Basic 3\" srcset=\"https:\/\/zuptor.pl\/wp-content\/uploads\/2024\/06\/waga-basic-2.jpg 510w, https:\/\/zuptor.pl\/wp-content\/uploads\/2024\/06\/waga-basic-2-191x300.jpg 191w\" sizes=\"auto, (max-width: 510px) 100vw, 510px\" \/>                    <\/div>\n                <\/div>\n\t\t\t\t\t\t\t<div class=\"cbp-item\">\n                    <div class=\"item-wrap\">\n                        <a class=\"zoom\" href=\"https:\/\/zuptor.pl\/wp-content\/uploads\/2024\/06\/waga-basic-3.jpg\"><i class=\"fa fa-arrows-alt\"><\/i><\/a>\n                        <img loading=\"lazy\" decoding=\"async\" width=\"510\" height=\"800\" src=\"https:\/\/zuptor.pl\/wp-content\/uploads\/2024\/06\/waga-basic-3.jpg\" class=\"img-responsive\" alt=\"Waga elektroniczna Basic 2\" srcset=\"https:\/\/zuptor.pl\/wp-content\/uploads\/2024\/06\/waga-basic-3.jpg 510w, https:\/\/zuptor.pl\/wp-content\/uploads\/2024\/06\/waga-basic-3-191x300.jpg 191w\" sizes=\"auto, (max-width: 510px) 100vw, 510px\" \/>                    <\/div>\n                <\/div>\n\t\t\t        <\/div>\n\t<\/div>\n\n<\/div><\/div><\/div><\/div><\/div><div class=\"clearfix\"><\/div><\/section><section class=\"vc_rows wpb_row vc_row-fluid\" ><div class=\"container\"><div class=\"row\"><div class=\"wpb_column vc_column_container vc_col-sm-12 vc_hidden-lg vc_hidden-md vc_hidden-sm\"><div class=\"vc_column-inner\"><div class=\"wpb_wrapper\">\n    <h5 class=\"text-left\" >FEED MIXERS<\/h5>\n    \t    <div class=\"wprt-lines style-1 custom-3\">\n\t        <div class=\"line-1\"><\/div>\n\t    <\/div>\n    \n        \t\n<div class=\"vc_empty_space\"   style=\"height: 25px\"><span class=\"vc_empty_space_inner\"><\/span><\/div><div class=\"vc_btn3-container  menu vc_btn3-left vc_custom_1718265277522\" ><a class=\"vc_general vc_btn3 vc_btn3-size-sm vc_btn3-shape-square vc_btn3-style-flat vc_btn3-block vc_btn3-color-default\" href=\"https:\/\/zuptor.pl\/en\/mieszalniki-pasz\/mieszalniki-pasz-pionowe\/\" title=\"VERTICAL FEED MIXERS\">VERTICAL FEED MIXERS<\/a><\/div><div class=\"vc_btn3-container  menu vc_btn3-left vc_custom_1716276994037\" ><a class=\"vc_general vc_btn3 vc_btn3-size-sm vc_btn3-shape-square vc_btn3-style-flat vc_btn3-block vc_btn3-color-default\" href=\"https:\/\/zuptor.pl\/en\/mieszalniki-pasz\/mieszalniki-pionowe-z-koszem-na-podajniku-slimakowym\/\" title=\"VERTICAL MIXERS WITH HOPPER ON SCREW FEEDER\">VERTICAL MIXERS WITH HOPPER ON SCREW FEEDER<\/a><\/div><div class=\"vc_btn3-container  menu vc_btn3-left vc_custom_1716277046720\" ><a class=\"vc_general vc_btn3 vc_btn3-size-sm vc_btn3-shape-square vc_btn3-style-flat vc_btn3-block vc_btn3-color-default\" href=\"https:\/\/zuptor.pl\/en\/mieszalniki-pasz\/mieszalniki-pasz-poziome\/\" title=\"HORIZONTAL MIXERS\">HORIZONTAL MIXERS<\/a><\/div><div class=\"vc_btn3-container  menu vc_btn3-left vc_custom_1718283958511\" ><a class=\"vc_general vc_btn3 vc_btn3-size-sm vc_btn3-shape-square vc_btn3-style-flat vc_btn3-block vc_btn3-color-default\" href=\"https:\/\/zuptor.pl\/en\/mieszalniki-pasz\/natluszczarka-paszy\/\" title=\"FEED GREASER\">FEED GREASER<\/a><\/div><div class=\"vc_btn3-container  menu vc_btn3-left vc_custom_1716811053131\" ><a class=\"vc_general vc_btn3 vc_btn3-size-sm vc_btn3-shape-square vc_btn3-style-flat vc_btn3-block vc_btn3-color-default\" href=\"https:\/\/zuptor.pl\/en\/mieszalniki-pasz\/automatyczny-dozownik-zakwaszacza\/\" title=\"AUTOMATIC ACIDIFIER DISPENSER ADZ\">AUTOMATIC ACIDIFIER DISPENSER ADZ<\/a><\/div><div class=\"vc_btn3-container  menu vc_btn3-left vc_custom_1716811911448\" ><a class=\"vc_general vc_btn3 vc_btn3-size-sm vc_btn3-shape-square vc_btn3-style-flat vc_btn3-block vc_btn3-color-default\" href=\"https:\/\/zuptor.pl\/en\/mieszalniki-pasz\/waga-elektroniczna-basic\/\" title=\"ELECTRONIC SCALES BASIC\">ELECTRONIC SCALES BASIC<\/a><\/div><div class=\"vc_btn3-container  menu vc_btn3-left vc_custom_1718264628283\" ><a class=\"vc_general vc_btn3 vc_btn3-size-sm vc_btn3-shape-square vc_btn3-style-flat vc_btn3-block vc_btn3-color-default\" href=\"https:\/\/zuptor.pl\/en\/mieszalniki-pasz\/waga-elektroniczna-pro-zuptor\/\" title=\"ELECTRONIC SCALE PRO\">ELECTRONIC SCALE PRO<\/a><\/div><\/div><\/div><\/div><\/div><\/div><div class=\"clearfix\"><\/div><\/section><section class=\"vc_rows wpb_row vc_row-fluid\" ><div class=\"container\"><div class=\"row\"><div class=\"wpb_column vc_column_container vc_col-sm-12\"><div class=\"vc_column-inner\"><div class=\"wpb_wrapper\"><\/div><\/div><\/div><\/div><\/div><div class=\"clearfix\"><\/div><\/section><section class=\"vc_rows wpb_row vc_row-fluid\" ><div class=\"container\"><div class=\"row\"><div class=\"wpb_column vc_column_container vc_col-sm-12\"><div class=\"vc_column-inner\"><div class=\"wpb_wrapper\"><div class=\"vc_empty_space\"   style=\"height: 70px\"><span class=\"vc_empty_space_inner\"><\/span><\/div><\/div><\/div><\/div><\/div><\/div><div class=\"clearfix\"><\/div><\/section>\n<\/div>","protected":false},"excerpt":{"rendered":"Znajd\u017a dystrybutora w najbli\u017cszej okolicy DYSTRYBUTORZY MIESZALNIKI PASZ MIESZALNIKI PASZ PIONOWEMIESZALNIKI PIONOWE Z KOSZEM NA PODAJNIKU \u015aLIMAKOWYMMIESZALNIKI POZIOMEMIESZALNIKI PASZ NIETYPOWENAT\u0141USZCZARKA DO PASZYAUTOMATYCZNY DOZOWNIK ZAKWASZACZA ADZWAGA ELEKTRONICZNA BASICWAGA ELEKTRONICZNA PRO WAGA ELEKTRONICZNA BASIC Nowa waga BASIC w wersji 3 i 4-czujnikowej znajdzie zastosowanie wsz\u0119dzie tam, gdzie istotna jest niezawodno\u015b\u0107 i dok\u0142adno\u015b\u0107 pomiaru. Od wag z serii [...]","protected":false},"author":1,"featured_media":0,"parent":1641,"menu_order":0,"comment_status":"closed","ping_status":"closed","template":"page-templates\/template-fullwidth.php","meta":{"footnotes":""},"class_list":["post-2062","page","type-page","status-publish","hentry"],"yoast_head":"<!-- This site is optimized with the Yoast SEO plugin v24.7 - https:\/\/yoast.com\/wordpress\/plugins\/seo\/ -->\n<title>Waga elektroniczna BASIC | Zuptor<\/title>\n<meta name=\"description\" content=\"Dok\u0142adno\u015b\u0107 pomiaru w wersji 3 i 4-czujnikowej. Pod\u015bwietlany wy\u015bwietlacz LCD, \u0142atwy monta\u017c, trwa\u0142a obudowa, idealna pod mieszalnik pasz.\" \/>\n<meta name=\"robots\" content=\"index, follow, max-snippet:-1, max-image-preview:large, max-video-preview:-1\" \/>\n<link rel=\"canonical\" href=\"https:\/\/zuptor.pl\/en\/mieszalniki-pasz\/waga-elektroniczna-basic\/\" \/>\n<meta property=\"og:locale\" content=\"en_GB\" \/>\n<meta property=\"og:type\" content=\"article\" \/>\n<meta property=\"og:title\" content=\"Waga elektroniczna BASIC | Zuptor\" \/>\n<meta property=\"og:description\" content=\"Dok\u0142adno\u015b\u0107 pomiaru w wersji 3 i 4-czujnikowej. Pod\u015bwietlany wy\u015bwietlacz LCD, \u0142atwy monta\u017c, trwa\u0142a obudowa, idealna pod mieszalnik pasz.\" \/>\n<meta property=\"og:url\" content=\"https:\/\/zuptor.pl\/en\/mieszalniki-pasz\/waga-elektroniczna-basic\/\" \/>\n<meta property=\"og:site_name\" content=\"Zuptor\" \/>\n<meta property=\"article:modified_time\" content=\"2024-06-13T13:06:09+00:00\" \/>\n<meta name=\"twitter:card\" content=\"summary_large_image\" \/>\n<meta name=\"twitter:label1\" content=\"Estimated reading time\" \/>\n\t<meta name=\"twitter:data1\" content=\"4 minutes\" \/>\n<script type=\"application\/ld+json\" class=\"yoast-schema-graph\">{\"@context\":\"https:\/\/schema.org\",\"@graph\":[{\"@type\":\"WebPage\",\"@id\":\"https:\/\/zuptor.pl\/mieszalniki-pasz\/waga-elektroniczna-basic\/\",\"url\":\"https:\/\/zuptor.pl\/mieszalniki-pasz\/waga-elektroniczna-basic\/\",\"name\":\"Waga elektroniczna BASIC | Zuptor\",\"isPartOf\":{\"@id\":\"https:\/\/zuptor.pl\/#website\"},\"datePublished\":\"2024-05-27T12:11:24+00:00\",\"dateModified\":\"2024-06-13T13:06:09+00:00\",\"description\":\"Dok\u0142adno\u015b\u0107 pomiaru w wersji 3 i 4-czujnikowej. Pod\u015bwietlany wy\u015bwietlacz LCD, \u0142atwy monta\u017c, trwa\u0142a obudowa, idealna pod mieszalnik pasz.\",\"breadcrumb\":{\"@id\":\"https:\/\/zuptor.pl\/mieszalniki-pasz\/waga-elektroniczna-basic\/#breadcrumb\"},\"inLanguage\":\"en-GB\",\"potentialAction\":[{\"@type\":\"ReadAction\",\"target\":[\"https:\/\/zuptor.pl\/mieszalniki-pasz\/waga-elektroniczna-basic\/\"]}]},{\"@type\":\"BreadcrumbList\",\"@id\":\"https:\/\/zuptor.pl\/mieszalniki-pasz\/waga-elektroniczna-basic\/#breadcrumb\",\"itemListElement\":[{\"@type\":\"ListItem\",\"position\":1,\"name\":\"Strona g\u0142\u00f3wna\",\"item\":\"https:\/\/zuptor.pl\/\"},{\"@type\":\"ListItem\",\"position\":2,\"name\":\"Mieszalniki pasz\",\"item\":\"https:\/\/zuptor.pl\/mieszalniki-pasz\/\"},{\"@type\":\"ListItem\",\"position\":3,\"name\":\"Waga elektroniczna BASIC\"}]},{\"@type\":\"WebSite\",\"@id\":\"https:\/\/zuptor.pl\/#website\",\"url\":\"https:\/\/zuptor.pl\/\",\"name\":\"Zuptor\",\"description\":\"\",\"potentialAction\":[{\"@type\":\"SearchAction\",\"target\":{\"@type\":\"EntryPoint\",\"urlTemplate\":\"https:\/\/zuptor.pl\/?s={search_term_string}\"},\"query-input\":{\"@type\":\"PropertyValueSpecification\",\"valueRequired\":true,\"valueName\":\"search_term_string\"}}],\"inLanguage\":\"en-GB\"}]}<\/script>\n<!-- \/ Yoast SEO plugin. -->","yoast_head_json":{"title":"Waga elektroniczna BASIC | Zuptor","description":"Dok\u0142adno\u015b\u0107 pomiaru w wersji 3 i 4-czujnikowej. Pod\u015bwietlany wy\u015bwietlacz LCD, \u0142atwy monta\u017c, trwa\u0142a obudowa, idealna pod mieszalnik pasz.","robots":{"index":"index","follow":"follow","max-snippet":"max-snippet:-1","max-image-preview":"max-image-preview:large","max-video-preview":"max-video-preview:-1"},"canonical":"https:\/\/zuptor.pl\/en\/mieszalniki-pasz\/waga-elektroniczna-basic\/","og_locale":"en_GB","og_type":"article","og_title":"Waga elektroniczna BASIC | Zuptor","og_description":"Dok\u0142adno\u015b\u0107 pomiaru w wersji 3 i 4-czujnikowej. Pod\u015bwietlany wy\u015bwietlacz LCD, \u0142atwy monta\u017c, trwa\u0142a obudowa, idealna pod mieszalnik pasz.","og_url":"https:\/\/zuptor.pl\/en\/mieszalniki-pasz\/waga-elektroniczna-basic\/","og_site_name":"Zuptor","article_modified_time":"2024-06-13T13:06:09+00:00","twitter_card":"summary_large_image","twitter_misc":{"Estimated reading time":"4 minutes"},"schema":{"@context":"https:\/\/schema.org","@graph":[{"@type":"WebPage","@id":"https:\/\/zuptor.pl\/mieszalniki-pasz\/waga-elektroniczna-basic\/","url":"https:\/\/zuptor.pl\/mieszalniki-pasz\/waga-elektroniczna-basic\/","name":"Waga elektroniczna BASIC | Zuptor","isPartOf":{"@id":"https:\/\/zuptor.pl\/#website"},"datePublished":"2024-05-27T12:11:24+00:00","dateModified":"2024-06-13T13:06:09+00:00","description":"Dok\u0142adno\u015b\u0107 pomiaru w wersji 3 i 4-czujnikowej. Pod\u015bwietlany wy\u015bwietlacz LCD, \u0142atwy monta\u017c, trwa\u0142a obudowa, idealna pod mieszalnik pasz.","breadcrumb":{"@id":"https:\/\/zuptor.pl\/mieszalniki-pasz\/waga-elektroniczna-basic\/#breadcrumb"},"inLanguage":"en-GB","potentialAction":[{"@type":"ReadAction","target":["https:\/\/zuptor.pl\/mieszalniki-pasz\/waga-elektroniczna-basic\/"]}]},{"@type":"BreadcrumbList","@id":"https:\/\/zuptor.pl\/mieszalniki-pasz\/waga-elektroniczna-basic\/#breadcrumb","itemListElement":[{"@type":"ListItem","position":1,"name":"Strona g\u0142\u00f3wna","item":"https:\/\/zuptor.pl\/"},{"@type":"ListItem","position":2,"name":"Mieszalniki pasz","item":"https:\/\/zuptor.pl\/mieszalniki-pasz\/"},{"@type":"ListItem","position":3,"name":"Waga elektroniczna BASIC"}]},{"@type":"WebSite","@id":"https:\/\/zuptor.pl\/#website","url":"https:\/\/zuptor.pl\/","name":"Zuptor","description":"","potentialAction":[{"@type":"SearchAction","target":{"@type":"EntryPoint","urlTemplate":"https:\/\/zuptor.pl\/?s={search_term_string}"},"query-input":{"@type":"PropertyValueSpecification","valueRequired":true,"valueName":"search_term_string"}}],"inLanguage":"en-GB"}]}},"_links":{"self":[{"href":"https:\/\/zuptor.pl\/en\/wp-json\/wp\/v2\/pages\/2062","targetHints":{"allow":["GET"]}}],"collection":[{"href":"https:\/\/zuptor.pl\/en\/wp-json\/wp\/v2\/pages"}],"about":[{"href":"https:\/\/zuptor.pl\/en\/wp-json\/wp\/v2\/types\/page"}],"author":[{"embeddable":true,"href":"https:\/\/zuptor.pl\/en\/wp-json\/wp\/v2\/users\/1"}],"replies":[{"embeddable":true,"href":"https:\/\/zuptor.pl\/en\/wp-json\/wp\/v2\/comments?post=2062"}],"version-history":[{"count":9,"href":"https:\/\/zuptor.pl\/en\/wp-json\/wp\/v2\/pages\/2062\/revisions"}],"predecessor-version":[{"id":2567,"href":"https:\/\/zuptor.pl\/en\/wp-json\/wp\/v2\/pages\/2062\/revisions\/2567"}],"up":[{"embeddable":true,"href":"https:\/\/zuptor.pl\/en\/wp-json\/wp\/v2\/pages\/1641"}],"wp:attachment":[{"href":"https:\/\/zuptor.pl\/en\/wp-json\/wp\/v2\/media?parent=2062"}],"curies":[{"name":"wp","href":"https:\/\/api.w.org\/{rel}","templated":true}]}}