{"id":2035,"date":"2024-05-27T12:20:43","date_gmt":"2024-05-27T10:20:43","guid":{"rendered":"http:\/\/zuptor.dlatestu.co.pl\/?page_id=2035"},"modified":"2024-06-13T09:13:24","modified_gmt":"2024-06-13T07:13:24","slug":"silosy-tkaninowe","status":"publish","type":"page","link":"https:\/\/zuptor.pl\/en\/silosy\/silosy-tkaninowe\/","title":{"rendered":"Fabric silos"},"content":{"rendered":"<div class=\"wpb-content-wrapper\"><section class=\"vc_rows wpb_row vc_row-fluid bg-color-blue vc_custom_1712822727044\" ><div class=\"container\"><div class=\"row\"><div class=\"wpb_column vc_column_container vc_col-sm-12\"><div class=\"vc_column-inner\"><div class=\"wpb_wrapper\">\n\t\t\t<div class=\"col-md-8\">\n\t        <div class=\"wprt-spacer\" data-desktop=\"8\" data-mobi=\"0\" data-smobi=\"0\"><\/div>\n\t        <h2 class=\"text-white text-center-mobile font-size-20 margin-bottom-0\">Find a distributor in your area<\/h2>\n\t        <div class=\"wprt-spacer\" data-desktop=\"0\" data-mobi=\"20\" data-smobi=\"20\"><\/div>\n\t    <\/div>\n\n\t    <div class=\"col-md-4\">\n\t        <div class=\"text-right text-center-mobile\">\n\t        \n\t        <a class=\"wprt-button white rounded-3px\" href=\"https:\/\/zuptor.pl\/en\/dystrybutorzy\/\" target=\"_self\">DISTRIBUTORS<\/a>\t        <\/div>\n\t    <\/div>\n\t\n<\/div><\/div><\/div><\/div><\/div><div class=\"clearfix\"><\/div><\/section><section class=\"vc_rows wpb_row vc_row-fluid vc_custom_1712148861158\" ><div class=\"container\"><div class=\"row\"><div class=\"wpb_column vc_column_container vc_col-sm-3 vc_hidden-xs\"><div class=\"vc_column-inner\"><div class=\"wpb_wrapper\">\n    <h5 class=\"text-left\" >SILOSY<\/h5>\n    \t    <div class=\"wprt-lines style-1 custom-3\">\n\t        <div class=\"line-1\"><\/div>\n\t    <\/div>\n    \n        \t\n<div class=\"vc_empty_space\"   style=\"height: 25px\"><span class=\"vc_empty_space_inner\"><\/span><\/div><div class=\"vc_btn3-container  menu vc_btn3-left vc_custom_1713261259761\" ><a class=\"vc_general vc_btn3 vc_btn3-size-sm vc_btn3-shape-square vc_btn3-style-flat vc_btn3-block vc_btn3-color-default\" href=\"https:\/\/zuptor.pl\/en\/silosy\/silosy-zbozowe\/\" title=\"Grain silos\">CEREAL SILOS<\/a><\/div><div class=\"vc_btn3-container  menu vc_btn3-left vc_custom_1713270075272\" ><a class=\"vc_general vc_btn3 vc_btn3-size-sm vc_btn3-shape-square vc_btn3-style-flat vc_btn3-block vc_btn3-color-default\" href=\"https:\/\/zuptor.pl\/en\/silosy\/silosy-paszowe\/\" title=\"Feed silos\">FEED SILOS<\/a><\/div><div class=\"vc_btn3-container  menu vc_btn3-left vc_custom_1713270061423\" ><a class=\"vc_general vc_btn3 vc_btn3-size-sm vc_btn3-shape-square vc_btn3-style-flat vc_btn3-block vc_btn3-color-default\" href=\"https:\/\/zuptor.pl\/en\/silosy\/silosy-z-wlokna-szklanego\/\" title=\"Fibreglass silos\">FIBREGLASS SILOS<\/a><\/div><div class=\"vc_btn3-container  menu vc_btn3-left vc_custom_1713270084539\" ><a class=\"vc_general vc_btn3 vc_btn3-size-sm vc_btn3-shape-square vc_btn3-style-flat vc_btn3-block vc_btn3-color-default\" href=\"https:\/\/zuptor.pl\/en\/silosy\/silosy-tkaninowe\/\" title=\"Fabric silos\">FABRIC SILOS<\/a><\/div><div class=\"vc_btn3-container  menu vc_btn3-left vc_custom_1713274650052\" ><a class=\"vc_general vc_btn3 vc_btn3-size-sm vc_btn3-shape-square vc_btn3-style-flat vc_btn3-block vc_btn3-color-default\" href=\"https:\/\/zuptor.pl\/en\/silosy\/kosze-przyjeciowe\/\" title=\"Party baskets\">RECEPTION BASKETS<\/a><\/div><div class=\"vc_btn3-container  menu vc_btn3-left vc_custom_1716813963107\" ><a class=\"vc_general vc_btn3 vc_btn3-size-sm vc_btn3-shape-square vc_btn3-style-flat vc_btn3-block vc_btn3-color-default\" href=\"https:\/\/zuptor.pl\/en\/silosy\/system-wentylacji\/\" title=\"Ventilation system\">VENTILATION AND TEMPERATURE MEASUREMENT SYSTEM<\/a><\/div><div class=\"vc_btn3-container  menu vc_btn3-left vc_custom_1713274627895\" ><a class=\"vc_general vc_btn3 vc_btn3-size-sm vc_btn3-shape-square vc_btn3-style-flat vc_btn3-block vc_btn3-color-default\" href=\"https:\/\/zuptor.pl\/en\/silosy\/automatyka-i-sterowanie\/\" title=\"Automation and control\">AUTOMATION AND CONTROL<\/a><\/div><\/div><\/div><\/div><div class=\"wpb_column vc_column_container vc_col-sm-9\"><div class=\"vc_column-inner vc_custom_1712148788315\"><div class=\"wpb_wrapper\">\n    <h1 class=\"text-left\" >FABRIC SILOS<\/h1>\n    \t    <div class=\"wprt-lines style-1 custom-3\">\n\t        <div class=\"line-1\"><\/div>\n\t    <\/div>\n    \n        \t\n<div class=\"vc_empty_space\"   style=\"height: 25px\"><span class=\"vc_empty_space_inner\"><\/span><\/div>\n\t<div class=\"wpb_text_column wpb_content_element\" >\n\t\t<div class=\"wpb_wrapper\">\n\t\t\t<p>Fabric silos are designed for storing finished feed, meal and grain. They are easy to self-assemble and take up little space.<\/p>\n\n\t\t<\/div>\n\t<\/div>\n\n    <h3 class=\"text-left\" >FABRIC SILOS ZUPTOR<\/h3>\n    \t    <div class=\"wprt-lines style-1 custom-3\">\n\t        <div class=\"line-1\"><\/div>\n\t    <\/div>\n    \n        \t\n<div class=\"vc_empty_space\"   style=\"height: 32px\"><span class=\"vc_empty_space_inner\"><\/span><\/div>\n\t<div  class=\"wpb_single_image wpb_content_element vc_align_center\">\n\t\t\n\t\t<figure class=\"wpb_wrapper vc_figure\">\n\t\t\t<div class=\"vc_single_image-wrapper   vc_box_border_grey\"><img loading=\"lazy\" decoding=\"async\" width=\"682\" height=\"576\" src=\"https:\/\/zuptor.pl\/wp-content\/uploads\/2024\/04\/silosy-tkaninowe-01.jpg\" class=\"vc_single_image-img attachment-full\" alt=\"Silosy tkaninowe\" title=\"fabric silos-01\" srcset=\"https:\/\/zuptor.pl\/wp-content\/uploads\/2024\/04\/silosy-tkaninowe-01.jpg 682w, https:\/\/zuptor.pl\/wp-content\/uploads\/2024\/04\/silosy-tkaninowe-01-300x253.jpg 300w\" sizes=\"auto, (max-width: 682px) 100vw, 682px\" \/><\/div>\n\t\t<\/figure>\n\t<\/div>\n<div class=\"vc_empty_space\"   style=\"height: 32px\"><span class=\"vc_empty_space_inner\"><\/span><\/div><div class=\"vc_tta-container\" data-vc-action=\"collapse\"><div class=\"vc_general vc_tta vc_tta-accordion vc_tta-color-grey vc_tta-style-classic vc_tta-shape-rounded vc_tta-o-shape-group vc_tta-controls-align-default\"><div class=\"vc_tta-panels-container\"><div class=\"vc_tta-panels\"><div class=\"vc_tta-panel vc_active\" id=\"1712129966673-b2952adb-51d2\" data-vc-content=\".vc_tta-panel-body\"><div class=\"vc_tta-panel-heading\"><h4 class=\"vc_tta-panel-title vc_tta-controls-icon-position-left\"><a href=\"#1712129966673-b2952adb-51d2\" data-vc-accordion data-vc-container=\".vc_tta-container\"><span class=\"vc_tta-title-text\">PARAMETERS<\/span><i class=\"vc_tta-controls-icon vc_tta-controls-icon-plus\"><\/i><\/a><\/h4><\/div><div class=\"vc_tta-panel-body\">\n\t<div class=\"wpb_text_column wpb_content_element\" >\n\t\t<div class=\"wpb_wrapper\">\n\t\t\t<ul>\n<li>Flexible, durable and breathable polyester fibre fabric<\/li>\n<li>Mould and condensation resistant<\/li>\n<li>Any diameter at discharge<\/li>\n<li>Robust design and compact dimensions<\/li>\n<li>Simple and quick installation<\/li>\n<li>Dust-free filling<\/li>\n<\/ul>\n\n\t\t<\/div>\n\t<\/div>\n<\/div><\/div><div class=\"vc_tta-panel\" id=\"1713256152176-7ec204f4-b863\" data-vc-content=\".vc_tta-panel-body\"><div class=\"vc_tta-panel-heading\"><h4 class=\"vc_tta-panel-title vc_tta-controls-icon-position-left\"><a href=\"#1713256152176-7ec204f4-b863\" data-vc-accordion data-vc-container=\".vc_tta-container\"><span class=\"vc_tta-title-text\">TECHNICAL DATA<\/span><i class=\"vc_tta-controls-icon vc_tta-controls-icon-plus\"><\/i><\/a><\/h4><\/div><div class=\"vc_tta-panel-body\">\n\t<div class=\"wpb_text_column wpb_content_element\" >\n\t\t<div class=\"wpb_wrapper\">\n\t\t\t<h3>Type ST-1.0<\/h3>\n<ul>\n<li><strong>Payload:<\/strong> 1 tonne<\/li>\n<li><strong>Capacity (m):<\/strong> 2,1<\/li>\n<li><strong>Width (m):<\/strong> 1,8<\/li>\n<li><strong>Height (m):<\/strong> 3,0<\/li>\n<li><strong>Height from base to shoe (m):<\/strong> 0,7<\/li>\n<\/ul>\n<h3>Type ST-2.0<\/h3>\n<ul>\n<li><strong>Payload:<\/strong> 2 tonnes<\/li>\n<li><strong>Capacity (m):<\/strong> 3,2<\/li>\n<li><strong>Width (m):<\/strong> 1,8<\/li>\n<li><strong>Height (m):<\/strong> 3,5<\/li>\n<li><strong>Height from base to shoe (m):<\/strong> 0,7<\/li>\n<\/ul>\n<h3>Type ST-3.0<\/h3>\n<ul>\n<li><strong>Payload:<\/strong> 3 tonnes<\/li>\n<li><strong>Capacity (m):<\/strong> 5,5<\/li>\n<li><strong>Width (m):<\/strong> 2,1<\/li>\n<li><strong>Height (m):<\/strong> 4,0<\/li>\n<li><strong>Height from base to shoe (m):<\/strong> 0,7<\/li>\n<\/ul>\n<h3>Type ST-4.5<\/h3>\n<ul>\n<li><strong>Payload:<\/strong> 4.5 tonnes<\/li>\n<li><strong>Capacity (m):<\/strong> 7,7<\/li>\n<li><strong>Width (m):<\/strong> 2,2<\/li>\n<li><strong>Height (m):<\/strong> 4,5<\/li>\n<li><strong>Height from base to shoe (m):<\/strong> 0,8<\/li>\n<\/ul>\n<h3>Type ST-5.5<\/h3>\n<ul>\n<li><strong>Payload:<\/strong> 5.5 tonnes<\/li>\n<li><strong>Capacity (m):<\/strong> 9,7<\/li>\n<li><strong>Width (m):<\/strong> 2,2<\/li>\n<li><strong>Height (m):<\/strong> 5,0<\/li>\n<li><strong>Height from base to shoe (m):<\/strong> 0,8<\/li>\n<\/ul>\n\n\t\t<\/div>\n\t<\/div>\n<\/div><\/div><div class=\"vc_tta-panel\" id=\"1712129909519-74c1b662-872f\" data-vc-content=\".vc_tta-panel-body\"><div class=\"vc_tta-panel-heading\"><h4 class=\"vc_tta-panel-title vc_tta-controls-icon-position-left\"><a href=\"#1712129909519-74c1b662-872f\" data-vc-accordion data-vc-container=\".vc_tta-container\"><span class=\"vc_tta-title-text\">APPLICATION<\/span><i class=\"vc_tta-controls-icon vc_tta-controls-icon-plus\"><\/i><\/a><\/h4><\/div><div class=\"vc_tta-panel-body\">\n\t<div class=\"wpb_text_column wpb_content_element\" >\n\t\t<div class=\"wpb_wrapper\">\n\t\t\t<p>Fabric silos are designed to store both light and heavy materials. The polyester fibre fabric is durable, flexible and breathable, providing optimal conditions for storing the contents. It exhibits resistance to mould and water condensation.<\/p>\n\n\t\t<\/div>\n\t<\/div>\n<div class=\"vc_empty_space\"   style=\"height: 80px\"><span class=\"vc_empty_space_inner\"><\/span><\/div><\/div><\/div><\/div><\/div><\/div><\/div>\t\n\t<div class=\"wprt-galleries-grid has-bullets bullet-style-2 bullet30\" data-layout=\"grid\" data-column=\"4\" data-column2=\"4\" data-column3=\"4\" data-column4=\"4\" data-gaph=\"10\" data-gapv=\"10\">\n\t\t<div id=\"images-wrap\" class=\"cbp\">\n            \t\t\t\t<div class=\"cbp-item\">\n                    <div class=\"item-wrap\">\n                        <a class=\"zoom\" href=\"https:\/\/zuptor.pl\/wp-content\/uploads\/2024\/04\/silosy-tkaninowe-02.jpg\"><i class=\"fa fa-arrows-alt\"><\/i><\/a>\n                        <img loading=\"lazy\" decoding=\"async\" width=\"768\" height=\"1024\" src=\"https:\/\/zuptor.pl\/wp-content\/uploads\/2024\/04\/silosy-tkaninowe-02.jpg\" class=\"img-responsive\" alt=\"silosy-tkaninowe\" srcset=\"https:\/\/zuptor.pl\/wp-content\/uploads\/2024\/04\/silosy-tkaninowe-02.jpg 768w, https:\/\/zuptor.pl\/wp-content\/uploads\/2024\/04\/silosy-tkaninowe-02-225x300.jpg 225w\" sizes=\"auto, (max-width: 768px) 100vw, 768px\" \/>                    <\/div>\n                <\/div>\n\t\t\t\t\t\t\t<div class=\"cbp-item\">\n                    <div class=\"item-wrap\">\n                        <a class=\"zoom\" href=\"https:\/\/zuptor.pl\/wp-content\/uploads\/2024\/04\/silosy-tkaninowe-03.jpg\"><i class=\"fa fa-arrows-alt\"><\/i><\/a>\n                        <img loading=\"lazy\" decoding=\"async\" width=\"768\" height=\"1024\" src=\"https:\/\/zuptor.pl\/wp-content\/uploads\/2024\/04\/silosy-tkaninowe-03.jpg\" class=\"img-responsive\" alt=\"silosy-tkaninowe\" srcset=\"https:\/\/zuptor.pl\/wp-content\/uploads\/2024\/04\/silosy-tkaninowe-03.jpg 768w, https:\/\/zuptor.pl\/wp-content\/uploads\/2024\/04\/silosy-tkaninowe-03-225x300.jpg 225w\" sizes=\"auto, (max-width: 768px) 100vw, 768px\" \/>                    <\/div>\n                <\/div>\n\t\t\t\t\t\t\t<div class=\"cbp-item\">\n                    <div class=\"item-wrap\">\n                        <a class=\"zoom\" href=\"https:\/\/zuptor.pl\/wp-content\/uploads\/2024\/04\/silosy-tkaninowe-04.jpg\"><i class=\"fa fa-arrows-alt\"><\/i><\/a>\n                        <img loading=\"lazy\" decoding=\"async\" width=\"768\" height=\"1024\" src=\"https:\/\/zuptor.pl\/wp-content\/uploads\/2024\/04\/silosy-tkaninowe-04.jpg\" class=\"img-responsive\" alt=\"silosy-tkaninowe\" srcset=\"https:\/\/zuptor.pl\/wp-content\/uploads\/2024\/04\/silosy-tkaninowe-04.jpg 768w, https:\/\/zuptor.pl\/wp-content\/uploads\/2024\/04\/silosy-tkaninowe-04-225x300.jpg 225w\" sizes=\"auto, (max-width: 768px) 100vw, 768px\" \/>                    <\/div>\n                <\/div>\n\t\t\t\t\t\t\t<div class=\"cbp-item\">\n                    <div class=\"item-wrap\">\n                        <a class=\"zoom\" href=\"https:\/\/zuptor.pl\/wp-content\/uploads\/2024\/04\/silosy-tkaninowe-05.jpg\"><i class=\"fa fa-arrows-alt\"><\/i><\/a>\n                        <img loading=\"lazy\" decoding=\"async\" width=\"768\" height=\"1024\" src=\"https:\/\/zuptor.pl\/wp-content\/uploads\/2024\/04\/silosy-tkaninowe-05.jpg\" class=\"img-responsive\" alt=\"silosy-tkaninowe\" srcset=\"https:\/\/zuptor.pl\/wp-content\/uploads\/2024\/04\/silosy-tkaninowe-05.jpg 768w, https:\/\/zuptor.pl\/wp-content\/uploads\/2024\/04\/silosy-tkaninowe-05-225x300.jpg 225w\" sizes=\"auto, (max-width: 768px) 100vw, 768px\" \/>                    <\/div>\n                <\/div>\n\t\t\t        <\/div>\n\t<\/div>\n\n<\/div><\/div><\/div><\/div><\/div><div class=\"clearfix\"><\/div><\/section><section class=\"vc_rows wpb_row vc_row-fluid\" ><div class=\"container\"><div class=\"row\"><div class=\"wpb_column vc_column_container vc_col-sm-12 vc_hidden-lg vc_hidden-md vc_hidden-sm\"><div class=\"vc_column-inner\"><div class=\"wpb_wrapper\">\n    <h5 class=\"text-left\" >SILOSY<\/h5>\n    \t    <div class=\"wprt-lines style-1 custom-3\">\n\t        <div class=\"line-1\"><\/div>\n\t    <\/div>\n    \n        \t\n<div class=\"vc_empty_space\"   style=\"height: 25px\"><span class=\"vc_empty_space_inner\"><\/span><\/div><div class=\"vc_btn3-container  menu vc_btn3-left vc_custom_1712135018073\" ><a class=\"vc_general vc_btn3 vc_btn3-size-sm vc_btn3-shape-square vc_btn3-style-flat vc_btn3-block vc_btn3-color-default\" href=\"#\" title=\"\">CEREAL SILOS<\/a><\/div><div class=\"vc_btn3-container  menu vc_btn3-left vc_custom_1712135041321\" ><a class=\"vc_general vc_btn3 vc_btn3-size-sm vc_btn3-shape-square vc_btn3-style-flat vc_btn3-block vc_btn3-color-default\" href=\"#\" title=\"\">FEED SILOS<\/a><\/div><div class=\"vc_btn3-container  menu vc_btn3-left vc_custom_1712135068839\" ><a class=\"vc_general vc_btn3 vc_btn3-size-sm vc_btn3-shape-square vc_btn3-style-flat vc_btn3-block vc_btn3-color-default\" href=\"#\" title=\"\">FIBREGLASS SILOS<\/a><\/div><div class=\"vc_btn3-container  menu vc_btn3-left vc_custom_1712135082873\" ><a class=\"vc_general vc_btn3 vc_btn3-size-sm vc_btn3-shape-square vc_btn3-style-flat vc_btn3-block vc_btn3-color-default\" href=\"#\" title=\"\">FABRIC SILOS<\/a><\/div><div class=\"vc_btn3-container  menu vc_btn3-left vc_custom_1712136601173\" ><a class=\"vc_general vc_btn3 vc_btn3-size-sm vc_btn3-shape-square vc_btn3-style-flat vc_btn3-block vc_btn3-color-default\" href=\"#\" title=\"\">RECEPTION BASKETS<\/a><\/div><div class=\"vc_btn3-container  menu vc_btn3-left vc_custom_1716813971907\" ><a class=\"vc_general vc_btn3 vc_btn3-size-sm vc_btn3-shape-square vc_btn3-style-flat vc_btn3-block vc_btn3-color-default\" href=\"#\" title=\"\">VENTILATION AND TEMPERATURE MEASUREMENT SYSTEM<\/a><\/div><div class=\"vc_btn3-container  menu vc_btn3-left vc_custom_1712136680541\" ><a class=\"vc_general vc_btn3 vc_btn3-size-sm vc_btn3-shape-square vc_btn3-style-flat vc_btn3-block vc_btn3-color-default\" href=\"#\" title=\"\">AUTOMATION AND CONTROL<\/a><\/div><\/div><\/div><\/div><\/div><\/div><div class=\"clearfix\"><\/div><\/section><section class=\"vc_rows wpb_row vc_row-fluid\" ><div class=\"container\"><div class=\"row\"><div class=\"wpb_column vc_column_container vc_col-sm-12\"><div class=\"vc_column-inner\"><div class=\"wpb_wrapper\"><\/div><\/div><\/div><\/div><\/div><div class=\"clearfix\"><\/div><\/section><section class=\"vc_rows wpb_row vc_row-fluid\" ><div class=\"container\"><div class=\"row\"><div class=\"wpb_column vc_column_container vc_col-sm-12\"><div class=\"vc_column-inner\"><div class=\"wpb_wrapper\"><div class=\"vc_empty_space\"   style=\"height: 70px\"><span class=\"vc_empty_space_inner\"><\/span><\/div><\/div><\/div><\/div><\/div><\/div><div class=\"clearfix\"><\/div><\/section>\n<\/div>","protected":false},"excerpt":{"rendered":"Find a distributor in your area CEREAL SILOSES CEREAL SILOSES FEED FORAGE SILOSES FIBER SILOSES WOVEN FIBER SILOSES ACCEPTANCE SYSTEMS VENTILATION AND TEMPERATURE MEASUREMENTS AUTOMATICS AND CONTROL WOVEN FIBER SILOSES Woven fabric silos are designed for storing finished feed, meal and grain. They are easy to assemble and take up little space. ZUPTOR WOVEN SILOSES PARAMETERS Flexible, durable and breathable polyester fibre fabric [...]","protected":false},"author":1,"featured_media":0,"parent":679,"menu_order":0,"comment_status":"closed","ping_status":"closed","template":"page-templates\/template-fullwidth.php","meta":{"footnotes":""},"class_list":["post-2035","page","type-page","status-publish","hentry"],"yoast_head":"<!-- This site is optimized with the Yoast SEO plugin v24.7 - https:\/\/yoast.com\/wordpress\/plugins\/seo\/ -->\n<title>Silosy tkaninowe | Zuptor<\/title>\n<meta name=\"description\" content=\"Silosy tkaninowe do paszy i zb\u00f3\u017c. \u0141atwy w monta\u017c, zajmuj\u0105 ma\u0142o miejsca. Elastyczna tkanina poliestrowa, odporna na ple\u015b\u0144 i wilgo\u0107.\" \/>\n<meta name=\"robots\" content=\"index, follow, max-snippet:-1, max-image-preview:large, max-video-preview:-1\" \/>\n<link rel=\"canonical\" href=\"https:\/\/zuptor.pl\/en\/silosy\/silosy-tkaninowe\/\" \/>\n<meta property=\"og:locale\" content=\"en_GB\" \/>\n<meta property=\"og:type\" content=\"article\" \/>\n<meta property=\"og:title\" content=\"Silosy tkaninowe | Zuptor\" \/>\n<meta property=\"og:description\" content=\"Silosy tkaninowe do paszy i zb\u00f3\u017c. \u0141atwy w monta\u017c, zajmuj\u0105 ma\u0142o miejsca. Elastyczna tkanina poliestrowa, odporna na ple\u015b\u0144 i wilgo\u0107.\" \/>\n<meta property=\"og:url\" content=\"https:\/\/zuptor.pl\/en\/silosy\/silosy-tkaninowe\/\" \/>\n<meta property=\"og:site_name\" content=\"Zuptor\" \/>\n<meta property=\"article:modified_time\" content=\"2024-06-13T07:13:24+00:00\" \/>\n<meta name=\"twitter:card\" content=\"summary_large_image\" \/>\n<meta name=\"twitter:label1\" content=\"Estimated reading time\" \/>\n\t<meta name=\"twitter:data1\" content=\"3 minutes\" \/>\n<script type=\"application\/ld+json\" class=\"yoast-schema-graph\">{\"@context\":\"https:\/\/schema.org\",\"@graph\":[{\"@type\":\"WebPage\",\"@id\":\"https:\/\/zuptor.pl\/silosy\/silosy-tkaninowe\/\",\"url\":\"https:\/\/zuptor.pl\/silosy\/silosy-tkaninowe\/\",\"name\":\"Silosy tkaninowe | Zuptor\",\"isPartOf\":{\"@id\":\"https:\/\/zuptor.pl\/#website\"},\"datePublished\":\"2024-05-27T10:20:43+00:00\",\"dateModified\":\"2024-06-13T07:13:24+00:00\",\"description\":\"Silosy tkaninowe do paszy i zb\u00f3\u017c. \u0141atwy w monta\u017c, zajmuj\u0105 ma\u0142o miejsca. Elastyczna tkanina poliestrowa, odporna na ple\u015b\u0144 i wilgo\u0107.\",\"breadcrumb\":{\"@id\":\"https:\/\/zuptor.pl\/silosy\/silosy-tkaninowe\/#breadcrumb\"},\"inLanguage\":\"en-GB\",\"potentialAction\":[{\"@type\":\"ReadAction\",\"target\":[\"https:\/\/zuptor.pl\/silosy\/silosy-tkaninowe\/\"]}]},{\"@type\":\"BreadcrumbList\",\"@id\":\"https:\/\/zuptor.pl\/silosy\/silosy-tkaninowe\/#breadcrumb\",\"itemListElement\":[{\"@type\":\"ListItem\",\"position\":1,\"name\":\"Strona g\u0142\u00f3wna\",\"item\":\"https:\/\/zuptor.pl\/\"},{\"@type\":\"ListItem\",\"position\":2,\"name\":\"Silosy\",\"item\":\"https:\/\/zuptor.pl\/silosy\/\"},{\"@type\":\"ListItem\",\"position\":3,\"name\":\"Silosy tkaninowe\"}]},{\"@type\":\"WebSite\",\"@id\":\"https:\/\/zuptor.pl\/#website\",\"url\":\"https:\/\/zuptor.pl\/\",\"name\":\"Zuptor\",\"description\":\"\",\"potentialAction\":[{\"@type\":\"SearchAction\",\"target\":{\"@type\":\"EntryPoint\",\"urlTemplate\":\"https:\/\/zuptor.pl\/?s={search_term_string}\"},\"query-input\":{\"@type\":\"PropertyValueSpecification\",\"valueRequired\":true,\"valueName\":\"search_term_string\"}}],\"inLanguage\":\"en-GB\"}]}<\/script>\n<!-- \/ Yoast SEO plugin. -->","yoast_head_json":{"title":"Silosy tkaninowe | Zuptor","description":"Silosy tkaninowe do paszy i zb\u00f3\u017c. \u0141atwy w monta\u017c, zajmuj\u0105 ma\u0142o miejsca. Elastyczna tkanina poliestrowa, odporna na ple\u015b\u0144 i wilgo\u0107.","robots":{"index":"index","follow":"follow","max-snippet":"max-snippet:-1","max-image-preview":"max-image-preview:large","max-video-preview":"max-video-preview:-1"},"canonical":"https:\/\/zuptor.pl\/en\/silosy\/silosy-tkaninowe\/","og_locale":"en_GB","og_type":"article","og_title":"Silosy tkaninowe | Zuptor","og_description":"Silosy tkaninowe do paszy i zb\u00f3\u017c. \u0141atwy w monta\u017c, zajmuj\u0105 ma\u0142o miejsca. Elastyczna tkanina poliestrowa, odporna na ple\u015b\u0144 i wilgo\u0107.","og_url":"https:\/\/zuptor.pl\/en\/silosy\/silosy-tkaninowe\/","og_site_name":"Zuptor","article_modified_time":"2024-06-13T07:13:24+00:00","twitter_card":"summary_large_image","twitter_misc":{"Estimated reading time":"3 minutes"},"schema":{"@context":"https:\/\/schema.org","@graph":[{"@type":"WebPage","@id":"https:\/\/zuptor.pl\/silosy\/silosy-tkaninowe\/","url":"https:\/\/zuptor.pl\/silosy\/silosy-tkaninowe\/","name":"Silosy tkaninowe | Zuptor","isPartOf":{"@id":"https:\/\/zuptor.pl\/#website"},"datePublished":"2024-05-27T10:20:43+00:00","dateModified":"2024-06-13T07:13:24+00:00","description":"Silosy tkaninowe do paszy i zb\u00f3\u017c. \u0141atwy w monta\u017c, zajmuj\u0105 ma\u0142o miejsca. Elastyczna tkanina poliestrowa, odporna na ple\u015b\u0144 i wilgo\u0107.","breadcrumb":{"@id":"https:\/\/zuptor.pl\/silosy\/silosy-tkaninowe\/#breadcrumb"},"inLanguage":"en-GB","potentialAction":[{"@type":"ReadAction","target":["https:\/\/zuptor.pl\/silosy\/silosy-tkaninowe\/"]}]},{"@type":"BreadcrumbList","@id":"https:\/\/zuptor.pl\/silosy\/silosy-tkaninowe\/#breadcrumb","itemListElement":[{"@type":"ListItem","position":1,"name":"Strona g\u0142\u00f3wna","item":"https:\/\/zuptor.pl\/"},{"@type":"ListItem","position":2,"name":"Silosy","item":"https:\/\/zuptor.pl\/silosy\/"},{"@type":"ListItem","position":3,"name":"Silosy tkaninowe"}]},{"@type":"WebSite","@id":"https:\/\/zuptor.pl\/#website","url":"https:\/\/zuptor.pl\/","name":"Zuptor","description":"","potentialAction":[{"@type":"SearchAction","target":{"@type":"EntryPoint","urlTemplate":"https:\/\/zuptor.pl\/?s={search_term_string}"},"query-input":{"@type":"PropertyValueSpecification","valueRequired":true,"valueName":"search_term_string"}}],"inLanguage":"en-GB"}]}},"_links":{"self":[{"href":"https:\/\/zuptor.pl\/en\/wp-json\/wp\/v2\/pages\/2035","targetHints":{"allow":["GET"]}}],"collection":[{"href":"https:\/\/zuptor.pl\/en\/wp-json\/wp\/v2\/pages"}],"about":[{"href":"https:\/\/zuptor.pl\/en\/wp-json\/wp\/v2\/types\/page"}],"author":[{"embeddable":true,"href":"https:\/\/zuptor.pl\/en\/wp-json\/wp\/v2\/users\/1"}],"replies":[{"embeddable":true,"href":"https:\/\/zuptor.pl\/en\/wp-json\/wp\/v2\/comments?post=2035"}],"version-history":[{"count":4,"href":"https:\/\/zuptor.pl\/en\/wp-json\/wp\/v2\/pages\/2035\/revisions"}],"predecessor-version":[{"id":2241,"href":"https:\/\/zuptor.pl\/en\/wp-json\/wp\/v2\/pages\/2035\/revisions\/2241"}],"up":[{"embeddable":true,"href":"https:\/\/zuptor.pl\/en\/wp-json\/wp\/v2\/pages\/679"}],"wp:attachment":[{"href":"https:\/\/zuptor.pl\/en\/wp-json\/wp\/v2\/media?parent=2035"}],"curies":[{"name":"wp","href":"https:\/\/api.w.org\/{rel}","templated":true}]}}