{"id":2029,"date":"2024-05-27T11:55:37","date_gmt":"2024-05-27T09:55:37","guid":{"rendered":"http:\/\/zuptor.dlatestu.co.pl\/?page_id=2029"},"modified":"2024-06-13T10:05:22","modified_gmt":"2024-06-13T08:05:22","slug":"linie-do-przygotowania-paszy-z-mieszalnikiem-poziomym","status":"publish","type":"page","link":"https:\/\/zuptor.pl\/en\/mieszalnie-pasz-linie\/linie-do-przygotowania-paszy-z-mieszalnikiem-poziomym\/","title":{"rendered":"Feed preparation lines with horizontal mixer"},"content":{"rendered":"<div class=\"wpb-content-wrapper\"><section class=\"vc_rows wpb_row vc_row-fluid bg-color-blue vc_custom_1712822727044\" ><div class=\"container\"><div class=\"row\"><div class=\"wpb_column vc_column_container vc_col-sm-12\"><div class=\"vc_column-inner\"><div class=\"wpb_wrapper\">\n\t\t\t<div class=\"col-md-8\">\n\t        <div class=\"wprt-spacer\" data-desktop=\"8\" data-mobi=\"0\" data-smobi=\"0\"><\/div>\n\t        <h2 class=\"text-white text-center-mobile font-size-20 margin-bottom-0\">Find a distributor in your area<\/h2>\n\t        <div class=\"wprt-spacer\" data-desktop=\"0\" data-mobi=\"20\" data-smobi=\"20\"><\/div>\n\t    <\/div>\n\n\t    <div class=\"col-md-4\">\n\t        <div class=\"text-right text-center-mobile\">\n\t        \n\t        <a class=\"wprt-button white rounded-3px\" href=\"https:\/\/zuptor.pl\/en\/dystrybutorzy\/\" target=\"_self\">DISTRIBUTORS<\/a>\t        <\/div>\n\t    <\/div>\n\t\n<\/div><\/div><\/div><\/div><\/div><div class=\"clearfix\"><\/div><\/section><section class=\"vc_rows wpb_row vc_row-fluid vc_custom_1712148861158\" ><div class=\"container\"><div class=\"row\"><div class=\"wpb_column vc_column_container vc_col-sm-3 vc_hidden-xs\"><div class=\"vc_column-inner\"><div class=\"wpb_wrapper\">\n    <h5 class=\"text-left\" >FEED MILLS - LINES<\/h5>\n    \t    <div class=\"wprt-lines style-1 custom-3\">\n\t        <div class=\"line-1\"><\/div>\n\t    <\/div>\n    \n        \t\n<div class=\"vc_empty_space\"   style=\"height: 25px\"><span class=\"vc_empty_space_inner\"><\/span><\/div><div class=\"vc_btn3-container  menu vc_btn3-left vc_custom_1716803313167\" ><a class=\"vc_general vc_btn3 vc_btn3-size-sm vc_btn3-shape-square vc_btn3-style-flat vc_btn3-block vc_btn3-color-default\" href=\"https:\/\/zuptor.pl\/en\/mieszalnie-pasz-linie\/linie-do-przygotowania-paszy-z-mieszalnikiem-pionowym\/\" title=\"FEED PREPARATION LINES WITH VERTICAL MIXER\">FEED PREPARATION LINES WITH VERTICAL MIXER<\/a><\/div><div class=\"vc_btn3-container  menu vc_btn3-left vc_custom_1716803818237\" ><a class=\"vc_general vc_btn3 vc_btn3-size-sm vc_btn3-shape-square vc_btn3-style-flat vc_btn3-block vc_btn3-color-default\" href=\"https:\/\/zuptor.pl\/en\/mieszalnie-pasz-linie\/linie-do-przygotowania-paszy-z-mieszalnikiem-poziomym\/\" title=\"FEED PREPARATION LINES WITH HORIZONTAL MIXER\">FEED PREPARATION LINES WITH HORIZONTAL MIXER<\/a><\/div><div class=\"vc_btn3-container  menu vc_btn3-left vc_custom_1716809377271\" ><a class=\"vc_general vc_btn3 vc_btn3-size-sm vc_btn3-shape-square vc_btn3-style-flat vc_btn3-block vc_btn3-color-default\" href=\"https:\/\/zuptor.pl\/en\/mieszalnie-pasz-linie\/linie-z-automatycznym-rozdzielaczem-ssacym\/\" title=\"LINES WITH AUTOMATIC SUCTION DISTRIBUTOR (ARS)\">LINES WITH AUTOMATIC SUCTION DISTRIBUTOR (ARS)<\/a><\/div><div class=\"vc_btn3-container  menu vc_btn3-left vc_custom_1716809415467\" ><a class=\"vc_general vc_btn3 vc_btn3-size-sm vc_btn3-shape-square vc_btn3-style-flat vc_btn3-block vc_btn3-color-default\" href=\"https:\/\/zuptor.pl\/en\/mieszalnie-pasz-linie\/kompakt-rozdrabniajaco-mieszajacy\/\" title=\"SHREDDER-MIXER COMPACT (KRM)\">SHREDDER-MIXER COMPACT (KRM)<\/a><\/div><div class=\"vc_btn3-container  menu vc_btn3-left vc_custom_1716809443390\" ><a class=\"vc_general vc_btn3 vc_btn3-size-sm vc_btn3-shape-square vc_btn3-style-flat vc_btn3-block vc_btn3-color-default\" href=\"https:\/\/zuptor.pl\/en\/mieszalnie-pasz-linie\/automatyczne-mieszalnie-pasz-amp\/\" title=\"AUTOMATIC FEED MIXING PLANTS (AMP)\">AUTOMATIC FEED MIXING PLANTS (AMP)<\/a><\/div><\/div><\/div><\/div><div class=\"wpb_column vc_column_container vc_col-sm-9\"><div class=\"vc_column-inner vc_custom_1712148788315\"><div class=\"wpb_wrapper\">\n    <h1 class=\"text-left\" >FEED PREPARATION LINES WITH HORIZONTAL MIXER<\/h1>\n    \t    <div class=\"wprt-lines style-1 custom-3\">\n\t        <div class=\"line-1\"><\/div>\n\t    <\/div>\n    \n        \t\n<div class=\"vc_empty_space\"   style=\"height: 25px\"><span class=\"vc_empty_space_inner\"><\/span><\/div>\n\t<div class=\"wpb_text_column wpb_content_element\" >\n\t\t<div class=\"wpb_wrapper\">\n\t\t\t<p>Feed preparation lines with a horizontal mixer, ZUPTOR, are ideal for farms where high capacity and accuracy of mixing of the finished feed is desired. A great advantage of horizontal mixing lines is the short mixing time and rapid unloading of the finished feed. We set the parameters of the line according to the individual needs of the customer.<\/p>\n<p>Our solutions will make the feed preparation process simpler, more efficient but above all automated.<\/p>\n\n\t\t<\/div>\n\t<\/div>\n<div class=\"vc_empty_space\"   style=\"height: 32px\"><span class=\"vc_empty_space_inner\"><\/span><\/div>\t\n\t<div class=\"wprt-galleries-grid has-bullets bullet-style-2 bullet30\" data-layout=\"grid\" data-column=\"4\" data-column2=\"4\" data-column3=\"4\" data-column4=\"4\" data-gaph=\"10\" data-gapv=\"10\">\n\t\t<div id=\"images-wrap\" class=\"cbp\">\n            \t\t\t\t<div class=\"cbp-item\">\n                    <div class=\"item-wrap\">\n                        <a class=\"zoom\" href=\"https:\/\/zuptor.pl\/wp-content\/uploads\/2024\/05\/01-linie-miesz-poziomy.jpg\"><i class=\"fa fa-arrows-alt\"><\/i><\/a>\n                        <img loading=\"lazy\" decoding=\"async\" width=\"768\" height=\"576\" src=\"https:\/\/zuptor.pl\/wp-content\/uploads\/2024\/05\/01-linie-miesz-poziomy.jpg\" class=\"img-responsive\" alt=\"Linia do przygotowania paszy z mieszalnikiem poziomym - 01\" srcset=\"https:\/\/zuptor.pl\/wp-content\/uploads\/2024\/05\/01-linie-miesz-poziomy.jpg 768w, https:\/\/zuptor.pl\/wp-content\/uploads\/2024\/05\/01-linie-miesz-poziomy-300x225.jpg 300w\" sizes=\"auto, (max-width: 768px) 100vw, 768px\" \/>                    <\/div>\n                <\/div>\n\t\t\t\t\t\t\t<div class=\"cbp-item\">\n                    <div class=\"item-wrap\">\n                        <a class=\"zoom\" href=\"https:\/\/zuptor.pl\/wp-content\/uploads\/2024\/05\/02-linie-miesz-poziomy.jpg\"><i class=\"fa fa-arrows-alt\"><\/i><\/a>\n                        <img loading=\"lazy\" decoding=\"async\" width=\"768\" height=\"576\" src=\"https:\/\/zuptor.pl\/wp-content\/uploads\/2024\/05\/02-linie-miesz-poziomy.jpg\" class=\"img-responsive\" alt=\"Linia do przygotowania paszy z mieszalnikiem poziomym - 02\" srcset=\"https:\/\/zuptor.pl\/wp-content\/uploads\/2024\/05\/02-linie-miesz-poziomy.jpg 768w, https:\/\/zuptor.pl\/wp-content\/uploads\/2024\/05\/02-linie-miesz-poziomy-300x225.jpg 300w\" sizes=\"auto, (max-width: 768px) 100vw, 768px\" \/>                    <\/div>\n                <\/div>\n\t\t\t\t\t\t\t<div class=\"cbp-item\">\n                    <div class=\"item-wrap\">\n                        <a class=\"zoom\" href=\"https:\/\/zuptor.pl\/wp-content\/uploads\/2024\/05\/03-linie-miesz-poziomy.jpg\"><i class=\"fa fa-arrows-alt\"><\/i><\/a>\n                        <img loading=\"lazy\" decoding=\"async\" width=\"768\" height=\"576\" src=\"https:\/\/zuptor.pl\/wp-content\/uploads\/2024\/05\/03-linie-miesz-poziomy.jpg\" class=\"img-responsive\" alt=\"Linia do przygotowania paszy z mieszalnikiem poziomym - 03\" srcset=\"https:\/\/zuptor.pl\/wp-content\/uploads\/2024\/05\/03-linie-miesz-poziomy.jpg 768w, https:\/\/zuptor.pl\/wp-content\/uploads\/2024\/05\/03-linie-miesz-poziomy-300x225.jpg 300w\" sizes=\"auto, (max-width: 768px) 100vw, 768px\" \/>                    <\/div>\n                <\/div>\n\t\t\t\t\t\t\t<div class=\"cbp-item\">\n                    <div class=\"item-wrap\">\n                        <a class=\"zoom\" href=\"https:\/\/zuptor.pl\/wp-content\/uploads\/2024\/05\/04-linie-miesz-poziomy.jpg\"><i class=\"fa fa-arrows-alt\"><\/i><\/a>\n                        <img loading=\"lazy\" decoding=\"async\" width=\"768\" height=\"576\" src=\"https:\/\/zuptor.pl\/wp-content\/uploads\/2024\/05\/04-linie-miesz-poziomy.jpg\" class=\"img-responsive\" alt=\"Linia do przygotowania paszy z mieszalnikiem poziomym - 04\" srcset=\"https:\/\/zuptor.pl\/wp-content\/uploads\/2024\/05\/04-linie-miesz-poziomy.jpg 768w, https:\/\/zuptor.pl\/wp-content\/uploads\/2024\/05\/04-linie-miesz-poziomy-300x225.jpg 300w\" sizes=\"auto, (max-width: 768px) 100vw, 768px\" \/>                    <\/div>\n                <\/div>\n\t\t\t\t\t\t\t<div class=\"cbp-item\">\n                    <div class=\"item-wrap\">\n                        <a class=\"zoom\" href=\"https:\/\/zuptor.pl\/wp-content\/uploads\/2024\/05\/05-linie-miesz-poziomy.jpg\"><i class=\"fa fa-arrows-alt\"><\/i><\/a>\n                        <img loading=\"lazy\" decoding=\"async\" width=\"768\" height=\"576\" src=\"https:\/\/zuptor.pl\/wp-content\/uploads\/2024\/05\/05-linie-miesz-poziomy.jpg\" class=\"img-responsive\" alt=\"Linia do przygotowania paszy z mieszalnikiem poziomym - 05\" srcset=\"https:\/\/zuptor.pl\/wp-content\/uploads\/2024\/05\/05-linie-miesz-poziomy.jpg 768w, https:\/\/zuptor.pl\/wp-content\/uploads\/2024\/05\/05-linie-miesz-poziomy-300x225.jpg 300w\" sizes=\"auto, (max-width: 768px) 100vw, 768px\" \/>                    <\/div>\n                <\/div>\n\t\t\t\t\t\t\t<div class=\"cbp-item\">\n                    <div class=\"item-wrap\">\n                        <a class=\"zoom\" href=\"https:\/\/zuptor.pl\/wp-content\/uploads\/2024\/05\/06-linie-miesz-poziomy.jpg\"><i class=\"fa fa-arrows-alt\"><\/i><\/a>\n                        <img loading=\"lazy\" decoding=\"async\" width=\"768\" height=\"576\" src=\"https:\/\/zuptor.pl\/wp-content\/uploads\/2024\/05\/06-linie-miesz-poziomy.jpg\" class=\"img-responsive\" alt=\"Linia do przygotowania paszy z mieszalnikiem poziomym - 06\" srcset=\"https:\/\/zuptor.pl\/wp-content\/uploads\/2024\/05\/06-linie-miesz-poziomy.jpg 768w, https:\/\/zuptor.pl\/wp-content\/uploads\/2024\/05\/06-linie-miesz-poziomy-300x225.jpg 300w\" sizes=\"auto, (max-width: 768px) 100vw, 768px\" \/>                    <\/div>\n                <\/div>\n\t\t\t        <\/div>\n\t<\/div>\n\n<\/div><\/div><\/div><\/div><\/div><div class=\"clearfix\"><\/div><\/section><section class=\"vc_rows wpb_row vc_row-fluid\" ><div class=\"container\"><div class=\"row\"><div class=\"wpb_column vc_column_container vc_col-sm-12 vc_hidden-lg vc_hidden-md vc_hidden-sm\"><div class=\"vc_column-inner\"><div class=\"wpb_wrapper\">\n    <h5 class=\"text-left\" >FEED MILLS - LINES<\/h5>\n    \t    <div class=\"wprt-lines style-1 custom-3\">\n\t        <div class=\"line-1\"><\/div>\n\t    <\/div>\n    \n        \t\n<div class=\"vc_empty_space\"   style=\"height: 25px\"><span class=\"vc_empty_space_inner\"><\/span><\/div><div class=\"vc_empty_space\"   style=\"height: 25px\"><span class=\"vc_empty_space_inner\"><\/span><\/div><div class=\"vc_btn3-container  menu vc_btn3-left vc_custom_1716803313167\" ><a class=\"vc_general vc_btn3 vc_btn3-size-sm vc_btn3-shape-square vc_btn3-style-flat vc_btn3-block vc_btn3-color-default\" href=\"https:\/\/zuptor.pl\/en\/mieszalnie-pasz-linie\/linie-do-przygotowania-paszy-z-mieszalnikiem-pionowym\/\" title=\"FEED PREPARATION LINES WITH VERTICAL MIXER\">FEED PREPARATION LINES WITH VERTICAL MIXER<\/a><\/div><div class=\"vc_btn3-container  menu vc_btn3-left vc_custom_1716803818237\" ><a class=\"vc_general vc_btn3 vc_btn3-size-sm vc_btn3-shape-square vc_btn3-style-flat vc_btn3-block vc_btn3-color-default\" href=\"https:\/\/zuptor.pl\/en\/mieszalnie-pasz-linie\/linie-do-przygotowania-paszy-z-mieszalnikiem-poziomym\/\" title=\"FEED PREPARATION LINES WITH HORIZONTAL MIXER\">FEED PREPARATION LINES WITH HORIZONTAL MIXER<\/a><\/div><div class=\"vc_btn3-container  menu vc_btn3-left vc_custom_1716809377271\" ><a class=\"vc_general vc_btn3 vc_btn3-size-sm vc_btn3-shape-square vc_btn3-style-flat vc_btn3-block vc_btn3-color-default\" href=\"https:\/\/zuptor.pl\/en\/mieszalnie-pasz-linie\/linie-z-automatycznym-rozdzielaczem-ssacym\/\" title=\"LINES WITH AUTOMATIC SUCTION DISTRIBUTOR (ARS)\">LINES WITH AUTOMATIC SUCTION DISTRIBUTOR (ARS)<\/a><\/div><div class=\"vc_btn3-container  menu vc_btn3-left vc_custom_1716809415467\" ><a class=\"vc_general vc_btn3 vc_btn3-size-sm vc_btn3-shape-square vc_btn3-style-flat vc_btn3-block vc_btn3-color-default\" href=\"https:\/\/zuptor.pl\/en\/mieszalnie-pasz-linie\/kompakt-rozdrabniajaco-mieszajacy\/\" title=\"SHREDDER-MIXER COMPACT (KRM)\">SHREDDER-MIXER COMPACT (KRM)<\/a><\/div><div class=\"vc_btn3-container  menu vc_btn3-left vc_custom_1716809443390\" ><a class=\"vc_general vc_btn3 vc_btn3-size-sm vc_btn3-shape-square vc_btn3-style-flat vc_btn3-block vc_btn3-color-default\" href=\"https:\/\/zuptor.pl\/en\/mieszalnie-pasz-linie\/automatyczne-mieszalnie-pasz-amp\/\" title=\"AUTOMATIC FEED MIXING PLANTS (AMP)\">AUTOMATIC FEED MIXING PLANTS (AMP)<\/a><\/div><\/div><\/div><\/div><\/div><\/div><div class=\"clearfix\"><\/div><\/section><section class=\"vc_rows wpb_row vc_row-fluid\" ><div class=\"container\"><div class=\"row\"><div class=\"wpb_column vc_column_container vc_col-sm-12\"><div class=\"vc_column-inner\"><div class=\"wpb_wrapper\"><\/div><\/div><\/div><\/div><\/div><div class=\"clearfix\"><\/div><\/section><section class=\"vc_rows wpb_row vc_row-fluid\" ><div class=\"container\"><div class=\"row\"><div class=\"wpb_column vc_column_container vc_col-sm-12\"><div class=\"vc_column-inner\"><div class=\"wpb_wrapper\"><div class=\"vc_empty_space\"   style=\"height: 70px\"><span class=\"vc_empty_space_inner\"><\/span><\/div><\/div><\/div><\/div><\/div><\/div><div class=\"clearfix\"><\/div><\/section>\n<\/div>","protected":false},"excerpt":{"rendered":"Znajd\u017a dystrybutora w najbli\u017cszej okolicy DYSTRYBUTORZY MIESZALNIE PASZ - LINIE LINIE DO PRZYGOTOWANIA PASZ Z MIESZALNIKIEM PIONOWYMLINIE DO PRZYGOTOWANIA PASZ Z MIESZALNIKIEM POZIOMYMLINIE Z AUTOMATYCZNYM ROZDZIELACZEM SS\u0104CYM (ARS)KOMPAKT ROZDRABNIAJ\u0104CO-MIESZAJ\u0104CY (KRM)AUTOMATYCZNE MIESZALNIE PASZ (AMP) LINIE DO PRZYGOTOWANIA PASZ Z MIESZALNIKIEM POZIOMYM Linie do przygotowania pasz z mieszalnikiem poziomym ZUPTOR, idealnie sprawdzaj\u0105 si\u0119 w gospodarstwach rolnych gdzie [...]","protected":false},"author":1,"featured_media":0,"parent":1672,"menu_order":0,"comment_status":"closed","ping_status":"closed","template":"page-templates\/template-fullwidth.php","meta":{"footnotes":""},"class_list":["post-2029","page","type-page","status-publish","hentry"],"yoast_head":"<!-- This site is optimized with the Yoast SEO plugin v24.7 - https:\/\/yoast.com\/wordpress\/plugins\/seo\/ -->\n<title>Linie do przygotowania paszy z mieszalnikiem poziomym | Zuptor<\/title>\n<meta name=\"description\" content=\"Idealne dla gospodarstw rolnych wymagaj\u0105cych du\u017cej wydajno\u015bci i dok\u0142adno\u015bci. Kr\u00f3tki czas mieszania, szybki wy\u0142adunek, indywidualne parametry.\" \/>\n<meta name=\"robots\" content=\"index, follow, max-snippet:-1, max-image-preview:large, max-video-preview:-1\" \/>\n<link rel=\"canonical\" href=\"https:\/\/zuptor.pl\/en\/mieszalnie-pasz-linie\/linie-do-przygotowania-paszy-z-mieszalnikiem-poziomym\/\" \/>\n<meta property=\"og:locale\" content=\"en_GB\" \/>\n<meta property=\"og:type\" content=\"article\" \/>\n<meta property=\"og:title\" content=\"Linie do przygotowania paszy z mieszalnikiem poziomym | Zuptor\" \/>\n<meta property=\"og:description\" content=\"Idealne dla gospodarstw rolnych wymagaj\u0105cych du\u017cej wydajno\u015bci i dok\u0142adno\u015bci. Kr\u00f3tki czas mieszania, szybki wy\u0142adunek, indywidualne parametry.\" \/>\n<meta property=\"og:url\" content=\"https:\/\/zuptor.pl\/en\/mieszalnie-pasz-linie\/linie-do-przygotowania-paszy-z-mieszalnikiem-poziomym\/\" \/>\n<meta property=\"og:site_name\" content=\"Zuptor\" \/>\n<meta property=\"article:modified_time\" content=\"2024-06-13T08:05:22+00:00\" \/>\n<meta name=\"twitter:card\" content=\"summary_large_image\" \/>\n<meta name=\"twitter:label1\" content=\"Estimated reading time\" \/>\n\t<meta name=\"twitter:data1\" content=\"2 minutes\" \/>\n<script type=\"application\/ld+json\" class=\"yoast-schema-graph\">{\"@context\":\"https:\/\/schema.org\",\"@graph\":[{\"@type\":\"WebPage\",\"@id\":\"https:\/\/zuptor.pl\/ru\/mieszalnie-pasz-linie\/linie-do-przygotowania-paszy-z-mieszalnikiem-poziomym\/\",\"url\":\"https:\/\/zuptor.pl\/ru\/mieszalnie-pasz-linie\/linie-do-przygotowania-paszy-z-mieszalnikiem-poziomym\/\",\"name\":\"Linie do przygotowania paszy z mieszalnikiem poziomym | Zuptor\",\"isPartOf\":{\"@id\":\"https:\/\/zuptor.pl\/#website\"},\"datePublished\":\"2024-05-27T09:55:37+00:00\",\"dateModified\":\"2024-06-13T08:05:22+00:00\",\"description\":\"Idealne dla gospodarstw rolnych wymagaj\u0105cych du\u017cej wydajno\u015bci i dok\u0142adno\u015bci. Kr\u00f3tki czas mieszania, szybki wy\u0142adunek, indywidualne parametry.\",\"breadcrumb\":{\"@id\":\"https:\/\/zuptor.pl\/ru\/mieszalnie-pasz-linie\/linie-do-przygotowania-paszy-z-mieszalnikiem-poziomym\/#breadcrumb\"},\"inLanguage\":\"en-GB\",\"potentialAction\":[{\"@type\":\"ReadAction\",\"target\":[\"https:\/\/zuptor.pl\/ru\/mieszalnie-pasz-linie\/linie-do-przygotowania-paszy-z-mieszalnikiem-poziomym\/\"]}]},{\"@type\":\"BreadcrumbList\",\"@id\":\"https:\/\/zuptor.pl\/ru\/mieszalnie-pasz-linie\/linie-do-przygotowania-paszy-z-mieszalnikiem-poziomym\/#breadcrumb\",\"itemListElement\":[{\"@type\":\"ListItem\",\"position\":1,\"name\":\"Strona g\u0142\u00f3wna\",\"item\":\"https:\/\/zuptor.pl\/\"},{\"@type\":\"ListItem\",\"position\":2,\"name\":\"Mieszalnie pasz &#8211; linie\",\"item\":\"https:\/\/zuptor.pl\/mieszalnie-pasz-linie\/\"},{\"@type\":\"ListItem\",\"position\":3,\"name\":\"Linie do przygotowania paszy z mieszalnikiem poziomym\"}]},{\"@type\":\"WebSite\",\"@id\":\"https:\/\/zuptor.pl\/#website\",\"url\":\"https:\/\/zuptor.pl\/\",\"name\":\"Zuptor\",\"description\":\"\",\"potentialAction\":[{\"@type\":\"SearchAction\",\"target\":{\"@type\":\"EntryPoint\",\"urlTemplate\":\"https:\/\/zuptor.pl\/?s={search_term_string}\"},\"query-input\":{\"@type\":\"PropertyValueSpecification\",\"valueRequired\":true,\"valueName\":\"search_term_string\"}}],\"inLanguage\":\"en-GB\"}]}<\/script>\n<!-- \/ Yoast SEO plugin. -->","yoast_head_json":{"title":"Linie do przygotowania paszy z mieszalnikiem poziomym | Zuptor","description":"Idealne dla gospodarstw rolnych wymagaj\u0105cych du\u017cej wydajno\u015bci i dok\u0142adno\u015bci. Kr\u00f3tki czas mieszania, szybki wy\u0142adunek, indywidualne parametry.","robots":{"index":"index","follow":"follow","max-snippet":"max-snippet:-1","max-image-preview":"max-image-preview:large","max-video-preview":"max-video-preview:-1"},"canonical":"https:\/\/zuptor.pl\/en\/mieszalnie-pasz-linie\/linie-do-przygotowania-paszy-z-mieszalnikiem-poziomym\/","og_locale":"en_GB","og_type":"article","og_title":"Linie do przygotowania paszy z mieszalnikiem poziomym | Zuptor","og_description":"Idealne dla gospodarstw rolnych wymagaj\u0105cych du\u017cej wydajno\u015bci i dok\u0142adno\u015bci. Kr\u00f3tki czas mieszania, szybki wy\u0142adunek, indywidualne parametry.","og_url":"https:\/\/zuptor.pl\/en\/mieszalnie-pasz-linie\/linie-do-przygotowania-paszy-z-mieszalnikiem-poziomym\/","og_site_name":"Zuptor","article_modified_time":"2024-06-13T08:05:22+00:00","twitter_card":"summary_large_image","twitter_misc":{"Estimated reading time":"2 minutes"},"schema":{"@context":"https:\/\/schema.org","@graph":[{"@type":"WebPage","@id":"https:\/\/zuptor.pl\/ru\/mieszalnie-pasz-linie\/linie-do-przygotowania-paszy-z-mieszalnikiem-poziomym\/","url":"https:\/\/zuptor.pl\/ru\/mieszalnie-pasz-linie\/linie-do-przygotowania-paszy-z-mieszalnikiem-poziomym\/","name":"Linie do przygotowania paszy z mieszalnikiem poziomym | Zuptor","isPartOf":{"@id":"https:\/\/zuptor.pl\/#website"},"datePublished":"2024-05-27T09:55:37+00:00","dateModified":"2024-06-13T08:05:22+00:00","description":"Idealne dla gospodarstw rolnych wymagaj\u0105cych du\u017cej wydajno\u015bci i dok\u0142adno\u015bci. Kr\u00f3tki czas mieszania, szybki wy\u0142adunek, indywidualne parametry.","breadcrumb":{"@id":"https:\/\/zuptor.pl\/ru\/mieszalnie-pasz-linie\/linie-do-przygotowania-paszy-z-mieszalnikiem-poziomym\/#breadcrumb"},"inLanguage":"en-GB","potentialAction":[{"@type":"ReadAction","target":["https:\/\/zuptor.pl\/ru\/mieszalnie-pasz-linie\/linie-do-przygotowania-paszy-z-mieszalnikiem-poziomym\/"]}]},{"@type":"BreadcrumbList","@id":"https:\/\/zuptor.pl\/ru\/mieszalnie-pasz-linie\/linie-do-przygotowania-paszy-z-mieszalnikiem-poziomym\/#breadcrumb","itemListElement":[{"@type":"ListItem","position":1,"name":"Strona g\u0142\u00f3wna","item":"https:\/\/zuptor.pl\/"},{"@type":"ListItem","position":2,"name":"Mieszalnie pasz &#8211; linie","item":"https:\/\/zuptor.pl\/mieszalnie-pasz-linie\/"},{"@type":"ListItem","position":3,"name":"Linie do przygotowania paszy z mieszalnikiem poziomym"}]},{"@type":"WebSite","@id":"https:\/\/zuptor.pl\/#website","url":"https:\/\/zuptor.pl\/","name":"Zuptor","description":"","potentialAction":[{"@type":"SearchAction","target":{"@type":"EntryPoint","urlTemplate":"https:\/\/zuptor.pl\/?s={search_term_string}"},"query-input":{"@type":"PropertyValueSpecification","valueRequired":true,"valueName":"search_term_string"}}],"inLanguage":"en-GB"}]}},"_links":{"self":[{"href":"https:\/\/zuptor.pl\/en\/wp-json\/wp\/v2\/pages\/2029","targetHints":{"allow":["GET"]}}],"collection":[{"href":"https:\/\/zuptor.pl\/en\/wp-json\/wp\/v2\/pages"}],"about":[{"href":"https:\/\/zuptor.pl\/en\/wp-json\/wp\/v2\/types\/page"}],"author":[{"embeddable":true,"href":"https:\/\/zuptor.pl\/en\/wp-json\/wp\/v2\/users\/1"}],"replies":[{"embeddable":true,"href":"https:\/\/zuptor.pl\/en\/wp-json\/wp\/v2\/comments?post=2029"}],"version-history":[{"count":6,"href":"https:\/\/zuptor.pl\/en\/wp-json\/wp\/v2\/pages\/2029\/revisions"}],"predecessor-version":[{"id":2259,"href":"https:\/\/zuptor.pl\/en\/wp-json\/wp\/v2\/pages\/2029\/revisions\/2259"}],"up":[{"embeddable":true,"href":"https:\/\/zuptor.pl\/en\/wp-json\/wp\/v2\/pages\/1672"}],"wp:attachment":[{"href":"https:\/\/zuptor.pl\/en\/wp-json\/wp\/v2\/media?parent=2029"}],"curies":[{"name":"wp","href":"https:\/\/api.w.org\/{rel}","templated":true}]}}