{"id":1992,"date":"2024-05-23T15:50:22","date_gmt":"2024-05-23T13:50:22","guid":{"rendered":"http:\/\/zuptor.dlatestu.co.pl\/?page_id=1992"},"modified":"2024-06-19T10:52:33","modified_gmt":"2024-06-19T08:52:33","slug":"instalacja-odpylenia-zboza","status":"publish","type":"page","link":"https:\/\/zuptor.pl\/en\/nasiennictwo\/instalacja-odpylenia-zboza\/","title":{"rendered":"Cereal dust extraction plant"},"content":{"rendered":"<div class=\"wpb-content-wrapper\"><section class=\"vc_rows wpb_row vc_row-fluid bg-color-blue vc_custom_1712822727044\" ><div class=\"container\"><div class=\"row\"><div class=\"wpb_column vc_column_container vc_col-sm-12\"><div class=\"vc_column-inner\"><div class=\"wpb_wrapper\">\n\t\t\t<div class=\"col-md-8\">\n\t        <div class=\"wprt-spacer\" data-desktop=\"8\" data-mobi=\"0\" data-smobi=\"0\"><\/div>\n\t        <h2 class=\"text-white text-center-mobile font-size-20 margin-bottom-0\">Find a distributor in your area<\/h2>\n\t        <div class=\"wprt-spacer\" data-desktop=\"0\" data-mobi=\"20\" data-smobi=\"20\"><\/div>\n\t    <\/div>\n\n\t    <div class=\"col-md-4\">\n\t        <div class=\"text-right text-center-mobile\">\n\t        \n\t        <a class=\"wprt-button white rounded-3px\" href=\"https:\/\/zuptor.pl\/en\/dystrybutorzy\/\" target=\"_self\">DISTRIBUTORS<\/a>\t        <\/div>\n\t    <\/div>\n\t\n<\/div><\/div><\/div><\/div><\/div><div class=\"clearfix\"><\/div><\/section><section class=\"vc_rows wpb_row vc_row-fluid vc_custom_1712148861158\" ><div class=\"container\"><div class=\"row\"><div class=\"wpb_column vc_column_container vc_col-sm-3 vc_hidden-xs\"><div class=\"vc_column-inner\"><div class=\"wpb_wrapper\">\n    <h5 class=\"text-left\" >SEEDING<\/h5>\n    \t    <div class=\"wprt-lines style-1 custom-3\">\n\t        <div class=\"line-1\"><\/div>\n\t    <\/div>\n    \n        \t\n<div class=\"vc_empty_space\"   style=\"height: 25px\"><span class=\"vc_empty_space_inner\"><\/span><\/div><div class=\"vc_btn3-container  menu vc_btn3-left vc_custom_1716469385671\" ><a class=\"vc_general vc_btn3 vc_btn3-size-sm vc_btn3-shape-square vc_btn3-style-flat vc_btn3-block vc_btn3-color-default\" href=\"https:\/\/zuptor.pl\/en\/nasiennictwo\/maszyna-wstepnego-i-dokladnego-czyszczenia\/\" title=\"PRE-CLEANING AND THOROUGH CLEANING MACHINE\">PRE-CLEANING AND THOROUGH CLEANING MACHINE<\/a><\/div><div class=\"vc_btn3-container  menu vc_btn3-left vc_custom_1716531142704\" ><a class=\"vc_general vc_btn3 vc_btn3-size-sm vc_btn3-shape-square vc_btn3-style-flat vc_btn3-block vc_btn3-color-default\" href=\"https:\/\/zuptor.pl\/en\/nasiennictwo\/sortownik-optyczny\/\" title=\"OPTICAL SORTER\">OPTICAL SORTER<\/a><\/div><div class=\"vc_btn3-container  menu vc_btn3-left vc_custom_1718267714021\" ><a class=\"vc_general vc_btn3 vc_btn3-size-sm vc_btn3-shape-square vc_btn3-style-flat vc_btn3-block vc_btn3-color-default\" href=\"https:\/\/zuptor.pl\/en\/nasiennictwo\/stol-sortujacy-petkus\/\" title=\"SORTING TABLE\">SORTING TABLE<\/a><\/div><div class=\"vc_btn3-container  menu vc_btn3-left vc_custom_1716531181368\" ><a class=\"vc_general vc_btn3 vc_btn3-size-sm vc_btn3-shape-square vc_btn3-style-flat vc_btn3-block vc_btn3-color-default\" href=\"https:\/\/zuptor.pl\/en\/nasiennictwo\/tryjer\/\" title=\"TRYER\">TRYER<\/a><\/div><div class=\"vc_btn3-container  menu vc_btn3-left vc_custom_1716469472270\" ><a class=\"vc_general vc_btn3 vc_btn3-size-sm vc_btn3-shape-square vc_btn3-style-flat vc_btn3-block vc_btn3-color-default\" href=\"#\" title=\"\">BATCH MORTARS<\/a><\/div><div class=\"vc_btn3-container  menu vc_btn3-left vc_custom_1716531213418\" ><a class=\"vc_general vc_btn3 vc_btn3-size-sm vc_btn3-shape-square vc_btn3-style-flat vc_btn3-block vc_btn3-color-default\" href=\"https:\/\/zuptor.pl\/en\/nasiennictwo\/zaprawiarki-przeplywowe-2\/\" title=\"FLOW-TYPE MORTARS\">FLOW-TYPE MORTARS<\/a><\/div><div class=\"vc_btn3-container  menu vc_btn3-left vc_custom_1716531229468\" ><a class=\"vc_general vc_btn3 vc_btn3-size-sm vc_btn3-shape-square vc_btn3-style-flat vc_btn3-block vc_btn3-color-default\" href=\"https:\/\/zuptor.pl\/en\/nasiennictwo\/zaprawiarka-multicoater\/\" title=\"MORTAR MULTICOATER\">MORTAR MULTICOATER<\/a><\/div><div class=\"vc_btn3-container  menu vc_btn3-left vc_custom_1718787047345\" ><a class=\"vc_general vc_btn3 vc_btn3-size-sm vc_btn3-shape-square vc_btn3-style-flat vc_btn3-block vc_btn3-color-default\" href=\"https:\/\/zuptor.pl\/en\/nasiennictwo\/instalacja-odpylenia-zboza\/\" title=\"DUST EXTRACTION SYSTEM\">DUST EXTRACTION SYSTEM<\/a><\/div><\/div><\/div><\/div><div class=\"wpb_column vc_column_container vc_col-sm-9\"><div class=\"vc_column-inner vc_custom_1712148788315\"><div class=\"wpb_wrapper\">\n    <h1 class=\"text-left\" >DUST EXTRACTION SYSTEM<\/h1>\n    \t    <div class=\"wprt-lines style-1 custom-3\">\n\t        <div class=\"line-1\"><\/div>\n\t    <\/div>\n    \n        \t\n<div class=\"vc_empty_space\"   style=\"height: 25px\"><span class=\"vc_empty_space_inner\"><\/span><\/div>\n\t<div class=\"wpb_text_column wpb_content_element\" >\n\t\t<div class=\"wpb_wrapper\">\n\t\t\t<p>Dust extraction installations are used in seed and grain storage lines, where dusts and pollutants are generated in large quantities and pose a danger or even a risk of explosion. The installation helps to maintain the health of workers, improves the quality of the air in the surroundings and prevents machinery and equipment failures.<\/p>\n<p>Dust extraction installations include cyclones, fans and filters.The capacity of the installation is determined by individual customer requirements.<\/p>\n\n\t\t<\/div>\n\t<\/div>\n\n    <h3 class=\"text-left\" >DUST EXTRACTION SYSTEM<\/h3>\n    \t    <div class=\"wprt-lines style-1 custom-3\">\n\t        <div class=\"line-1\"><\/div>\n\t    <\/div>\n    \n        \t\n<div class=\"vc_empty_space\"   style=\"height: 32px\"><span class=\"vc_empty_space_inner\"><\/span><\/div>\n\t<div  class=\"wpb_single_image wpb_content_element vc_align_center\">\n\t\t\n\t\t<figure class=\"wpb_wrapper vc_figure\">\n\t\t\t<div class=\"vc_single_image-wrapper   vc_box_border_grey\"><img loading=\"lazy\" decoding=\"async\" width=\"524\" height=\"393\" src=\"https:\/\/zuptor.pl\/wp-content\/uploads\/2024\/06\/instalacje-odpylania-main.jpg\" class=\"vc_single_image-img attachment-full\" alt=\"Instalacje odpylania\" title=\"dust-removal installations-main\" srcset=\"https:\/\/zuptor.pl\/wp-content\/uploads\/2024\/06\/instalacje-odpylania-main.jpg 524w, https:\/\/zuptor.pl\/wp-content\/uploads\/2024\/06\/instalacje-odpylania-main-300x225.jpg 300w\" sizes=\"auto, (max-width: 524px) 100vw, 524px\" \/><\/div>\n\t\t<\/figure>\n\t<\/div>\n<div class=\"vc_empty_space\"   style=\"height: 32px\"><span class=\"vc_empty_space_inner\"><\/span><\/div>\n\t<div class=\"wpb_text_column wpb_content_element\" >\n\t\t<div class=\"wpb_wrapper\">\n\t\t\t<h3>Operating principle<\/h3>\n<p>The process begins by collecting dust and other pollutants from the air at the point of generation. The collected pollutants are routed to the inlet system of the dust collection plant.<\/p>\n<p>The air inlets are located in the areas where the pollutants are generated. In a dust extraction plant, the pollutants pass through a cyclone or air filters that remove the dust from the air, leaving it on its surface or in special bags. After passing through the cyclone or filters, the pollutants are removed from the air and the cleaned air is exhausted to the outside or can be reinjected into the premises as required.<\/p>\n<p>Dust and dirt accumulated on filters or in bags must be removed regularly. This can be done using automatic blowing equipment or manually, depending on the type of dust extraction system.<\/p>\n\n\t\t<\/div>\n\t<\/div>\n<\/div><\/div><\/div><\/div><\/div><div class=\"clearfix\"><\/div><\/section><section class=\"vc_rows wpb_row vc_row-fluid\" ><div class=\"container\"><div class=\"row\"><div class=\"wpb_column vc_column_container vc_col-sm-12 vc_hidden-lg vc_hidden-md vc_hidden-sm\"><div class=\"vc_column-inner\"><div class=\"wpb_wrapper\">\n    <h5 class=\"text-left\" >SEEDING<\/h5>\n    \t    <div class=\"wprt-lines style-1 custom-3\">\n\t        <div class=\"line-1\"><\/div>\n\t    <\/div>\n    \n        \t\n<div class=\"vc_empty_space\"   style=\"height: 25px\"><span class=\"vc_empty_space_inner\"><\/span><\/div><div class=\"vc_btn3-container  menu vc_btn3-left vc_custom_1716469385671\" ><a class=\"vc_general vc_btn3 vc_btn3-size-sm vc_btn3-shape-square vc_btn3-style-flat vc_btn3-block vc_btn3-color-default\" href=\"https:\/\/zuptor.pl\/en\/nasiennictwo\/maszyna-wstepnego-i-dokladnego-czyszczenia\/\" title=\"PRE-CLEANING AND THOROUGH CLEANING MACHINE\">PRE-CLEANING AND THOROUGH CLEANING MACHINE<\/a><\/div><div class=\"vc_btn3-container  menu vc_btn3-left vc_custom_1716531142704\" ><a class=\"vc_general vc_btn3 vc_btn3-size-sm vc_btn3-shape-square vc_btn3-style-flat vc_btn3-block vc_btn3-color-default\" href=\"https:\/\/zuptor.pl\/en\/nasiennictwo\/sortownik-optyczny\/\" title=\"OPTICAL SORTER\">OPTICAL SORTER<\/a><\/div><div class=\"vc_btn3-container  menu vc_btn3-left vc_custom_1718267726732\" ><a class=\"vc_general vc_btn3 vc_btn3-size-sm vc_btn3-shape-square vc_btn3-style-flat vc_btn3-block vc_btn3-color-default\" href=\"https:\/\/zuptor.pl\/en\/nasiennictwo\/stol-sortujacy-petkus\/\" title=\"SORTING TABLE\">SORTING TABLE<\/a><\/div><div class=\"vc_btn3-container  menu vc_btn3-left vc_custom_1716531181368\" ><a class=\"vc_general vc_btn3 vc_btn3-size-sm vc_btn3-shape-square vc_btn3-style-flat vc_btn3-block vc_btn3-color-default\" href=\"https:\/\/zuptor.pl\/en\/nasiennictwo\/tryjer\/\" title=\"TRYER\">TRYER<\/a><\/div><div class=\"vc_btn3-container  menu vc_btn3-left vc_custom_1716469472270\" ><a class=\"vc_general vc_btn3 vc_btn3-size-sm vc_btn3-shape-square vc_btn3-style-flat vc_btn3-block vc_btn3-color-default\" href=\"#\" title=\"\">BATCH MORTARS<\/a><\/div><div class=\"vc_btn3-container  menu vc_btn3-left vc_custom_1716531213418\" ><a class=\"vc_general vc_btn3 vc_btn3-size-sm vc_btn3-shape-square vc_btn3-style-flat vc_btn3-block vc_btn3-color-default\" href=\"https:\/\/zuptor.pl\/en\/nasiennictwo\/zaprawiarki-przeplywowe-2\/\" title=\"FLOW-TYPE MORTARS\">FLOW-TYPE MORTARS<\/a><\/div><div class=\"vc_btn3-container  menu vc_btn3-left vc_custom_1716531229468\" ><a class=\"vc_general vc_btn3 vc_btn3-size-sm vc_btn3-shape-square vc_btn3-style-flat vc_btn3-block vc_btn3-color-default\" href=\"https:\/\/zuptor.pl\/en\/nasiennictwo\/zaprawiarka-multicoater\/\" title=\"MORTAR MULTICOATER\">MORTAR MULTICOATER<\/a><\/div><div class=\"vc_btn3-container  menu vc_btn3-left vc_custom_1718787047345\" ><a class=\"vc_general vc_btn3 vc_btn3-size-sm vc_btn3-shape-square vc_btn3-style-flat vc_btn3-block vc_btn3-color-default\" href=\"https:\/\/zuptor.pl\/en\/nasiennictwo\/instalacja-odpylenia-zboza\/\" title=\"DUST EXTRACTION SYSTEM\">DUST EXTRACTION SYSTEM<\/a><\/div><\/div><\/div><\/div><\/div><\/div><div class=\"clearfix\"><\/div><\/section><section class=\"vc_rows wpb_row vc_row-fluid\" ><div class=\"container\"><div class=\"row\"><div class=\"wpb_column vc_column_container vc_col-sm-12\"><div class=\"vc_column-inner\"><div class=\"wpb_wrapper\"><\/div><\/div><\/div><\/div><\/div><div class=\"clearfix\"><\/div><\/section><section class=\"vc_rows wpb_row vc_row-fluid\" ><div class=\"container\"><div class=\"row\"><div class=\"wpb_column vc_column_container vc_col-sm-12\"><div class=\"vc_column-inner\"><div class=\"wpb_wrapper\"><div class=\"vc_empty_space\"   style=\"height: 70px\"><span class=\"vc_empty_space_inner\"><\/span><\/div><\/div><\/div><\/div><\/div><\/div><div class=\"clearfix\"><\/div><\/section>\n<\/div>","protected":false},"excerpt":{"rendered":"Znajd\u017a dystrybutora w najbli\u017cszej okolicy DYSTRYBUTORZY NASIENNICTWO MASZYNA WST\u0118PNEGO I DOK\u0141ADNEGO CZYSZCZENIASORTOWNIK OPTYCZNYST\u00d3\u0141 SORTUJ\u0104CYTRYJERZAPRAWIARKI PORCJOWEZAPRAWIARKI PRZEP\u0141YWOWEZAPRAWIARK MULTICOATERINSTALACJA ODPYLANIA INSTALACJA ODPYLENIA Instalacje odpylenia znajduj\u0105 zastosowanie w liniach nasiennych oraz magazynowania zb\u00f3\u017c, gdzie py\u0142y i zanieczyszczenia powstaj\u0105 w du\u017cej ilo\u015bci i stwarzaj\u0105 niebezpiecze\u0144stwo a nawet mog\u0105 grozi\u0107 wybuchem. Instalacja pomaga utrzyma\u0107 zdrowie pracownik\u00f3w, poprawia jako\u015b\u0107 powietrza w [...]","protected":false},"author":1,"featured_media":0,"parent":1681,"menu_order":0,"comment_status":"closed","ping_status":"closed","template":"page-templates\/template-fullwidth.php","meta":{"footnotes":""},"class_list":["post-1992","page","type-page","status-publish","hentry"],"yoast_head":"<!-- This site is optimized with the Yoast SEO plugin v24.7 - https:\/\/yoast.com\/wordpress\/plugins\/seo\/ -->\n<title>Instalacja odpylenia zbo\u017ca | Zuptor<\/title>\n<meta name=\"description\" content=\"Usuwanie py\u0142\u00f3w i zanieczyszcze\u0144 w liniach nasiennych i magazynach zb\u00f3\u017c. Poprawa jako\u015bci powietrza., indywidualne dostosowanie wydajno\u015bci.\" \/>\n<meta name=\"robots\" content=\"index, follow, max-snippet:-1, max-image-preview:large, max-video-preview:-1\" \/>\n<link rel=\"canonical\" href=\"https:\/\/zuptor.pl\/en\/nasiennictwo\/instalacja-odpylenia-zboza\/\" \/>\n<meta property=\"og:locale\" content=\"en_GB\" \/>\n<meta property=\"og:type\" content=\"article\" \/>\n<meta property=\"og:title\" content=\"Instalacja odpylenia zbo\u017ca | Zuptor\" \/>\n<meta property=\"og:description\" content=\"Usuwanie py\u0142\u00f3w i zanieczyszcze\u0144 w liniach nasiennych i magazynach zb\u00f3\u017c. Poprawa jako\u015bci powietrza., indywidualne dostosowanie wydajno\u015bci.\" \/>\n<meta property=\"og:url\" content=\"https:\/\/zuptor.pl\/en\/nasiennictwo\/instalacja-odpylenia-zboza\/\" \/>\n<meta property=\"og:site_name\" content=\"Zuptor\" \/>\n<meta property=\"article:modified_time\" content=\"2024-06-19T08:52:33+00:00\" \/>\n<meta name=\"twitter:card\" content=\"summary_large_image\" \/>\n<meta name=\"twitter:label1\" content=\"Estimated reading time\" \/>\n\t<meta name=\"twitter:data1\" content=\"4 minutes\" \/>\n<script type=\"application\/ld+json\" class=\"yoast-schema-graph\">{\"@context\":\"https:\/\/schema.org\",\"@graph\":[{\"@type\":\"WebPage\",\"@id\":\"https:\/\/zuptor.pl\/ru\/nasiennictwo\/instalacja-odpylenia-zboza\/\",\"url\":\"https:\/\/zuptor.pl\/ru\/nasiennictwo\/instalacja-odpylenia-zboza\/\",\"name\":\"Instalacja odpylenia zbo\u017ca | Zuptor\",\"isPartOf\":{\"@id\":\"https:\/\/zuptor.pl\/#website\"},\"datePublished\":\"2024-05-23T13:50:22+00:00\",\"dateModified\":\"2024-06-19T08:52:33+00:00\",\"description\":\"Usuwanie py\u0142\u00f3w i zanieczyszcze\u0144 w liniach nasiennych i magazynach zb\u00f3\u017c. Poprawa jako\u015bci powietrza., indywidualne dostosowanie wydajno\u015bci.\",\"breadcrumb\":{\"@id\":\"https:\/\/zuptor.pl\/ru\/nasiennictwo\/instalacja-odpylenia-zboza\/#breadcrumb\"},\"inLanguage\":\"en-GB\",\"potentialAction\":[{\"@type\":\"ReadAction\",\"target\":[\"https:\/\/zuptor.pl\/ru\/nasiennictwo\/instalacja-odpylenia-zboza\/\"]}]},{\"@type\":\"BreadcrumbList\",\"@id\":\"https:\/\/zuptor.pl\/ru\/nasiennictwo\/instalacja-odpylenia-zboza\/#breadcrumb\",\"itemListElement\":[{\"@type\":\"ListItem\",\"position\":1,\"name\":\"Strona g\u0142\u00f3wna\",\"item\":\"https:\/\/zuptor.pl\/\"},{\"@type\":\"ListItem\",\"position\":2,\"name\":\"Nasiennictwo\",\"item\":\"https:\/\/zuptor.pl\/nasiennictwo\/\"},{\"@type\":\"ListItem\",\"position\":3,\"name\":\"Instalacja odpylenia zbo\u017ca\"}]},{\"@type\":\"WebSite\",\"@id\":\"https:\/\/zuptor.pl\/#website\",\"url\":\"https:\/\/zuptor.pl\/\",\"name\":\"Zuptor\",\"description\":\"\",\"potentialAction\":[{\"@type\":\"SearchAction\",\"target\":{\"@type\":\"EntryPoint\",\"urlTemplate\":\"https:\/\/zuptor.pl\/?s={search_term_string}\"},\"query-input\":{\"@type\":\"PropertyValueSpecification\",\"valueRequired\":true,\"valueName\":\"search_term_string\"}}],\"inLanguage\":\"en-GB\"}]}<\/script>\n<!-- \/ Yoast SEO plugin. -->","yoast_head_json":{"title":"Instalacja odpylenia zbo\u017ca | Zuptor","description":"Usuwanie py\u0142\u00f3w i zanieczyszcze\u0144 w liniach nasiennych i magazynach zb\u00f3\u017c. Poprawa jako\u015bci powietrza., indywidualne dostosowanie wydajno\u015bci.","robots":{"index":"index","follow":"follow","max-snippet":"max-snippet:-1","max-image-preview":"max-image-preview:large","max-video-preview":"max-video-preview:-1"},"canonical":"https:\/\/zuptor.pl\/en\/nasiennictwo\/instalacja-odpylenia-zboza\/","og_locale":"en_GB","og_type":"article","og_title":"Instalacja odpylenia zbo\u017ca | Zuptor","og_description":"Usuwanie py\u0142\u00f3w i zanieczyszcze\u0144 w liniach nasiennych i magazynach zb\u00f3\u017c. Poprawa jako\u015bci powietrza., indywidualne dostosowanie wydajno\u015bci.","og_url":"https:\/\/zuptor.pl\/en\/nasiennictwo\/instalacja-odpylenia-zboza\/","og_site_name":"Zuptor","article_modified_time":"2024-06-19T08:52:33+00:00","twitter_card":"summary_large_image","twitter_misc":{"Estimated reading time":"4 minutes"},"schema":{"@context":"https:\/\/schema.org","@graph":[{"@type":"WebPage","@id":"https:\/\/zuptor.pl\/ru\/nasiennictwo\/instalacja-odpylenia-zboza\/","url":"https:\/\/zuptor.pl\/ru\/nasiennictwo\/instalacja-odpylenia-zboza\/","name":"Instalacja odpylenia zbo\u017ca | Zuptor","isPartOf":{"@id":"https:\/\/zuptor.pl\/#website"},"datePublished":"2024-05-23T13:50:22+00:00","dateModified":"2024-06-19T08:52:33+00:00","description":"Usuwanie py\u0142\u00f3w i zanieczyszcze\u0144 w liniach nasiennych i magazynach zb\u00f3\u017c. Poprawa jako\u015bci powietrza., indywidualne dostosowanie wydajno\u015bci.","breadcrumb":{"@id":"https:\/\/zuptor.pl\/ru\/nasiennictwo\/instalacja-odpylenia-zboza\/#breadcrumb"},"inLanguage":"en-GB","potentialAction":[{"@type":"ReadAction","target":["https:\/\/zuptor.pl\/ru\/nasiennictwo\/instalacja-odpylenia-zboza\/"]}]},{"@type":"BreadcrumbList","@id":"https:\/\/zuptor.pl\/ru\/nasiennictwo\/instalacja-odpylenia-zboza\/#breadcrumb","itemListElement":[{"@type":"ListItem","position":1,"name":"Strona g\u0142\u00f3wna","item":"https:\/\/zuptor.pl\/"},{"@type":"ListItem","position":2,"name":"Nasiennictwo","item":"https:\/\/zuptor.pl\/nasiennictwo\/"},{"@type":"ListItem","position":3,"name":"Instalacja odpylenia zbo\u017ca"}]},{"@type":"WebSite","@id":"https:\/\/zuptor.pl\/#website","url":"https:\/\/zuptor.pl\/","name":"Zuptor","description":"","potentialAction":[{"@type":"SearchAction","target":{"@type":"EntryPoint","urlTemplate":"https:\/\/zuptor.pl\/?s={search_term_string}"},"query-input":{"@type":"PropertyValueSpecification","valueRequired":true,"valueName":"search_term_string"}}],"inLanguage":"en-GB"}]}},"_links":{"self":[{"href":"https:\/\/zuptor.pl\/en\/wp-json\/wp\/v2\/pages\/1992","targetHints":{"allow":["GET"]}}],"collection":[{"href":"https:\/\/zuptor.pl\/en\/wp-json\/wp\/v2\/pages"}],"about":[{"href":"https:\/\/zuptor.pl\/en\/wp-json\/wp\/v2\/types\/page"}],"author":[{"embeddable":true,"href":"https:\/\/zuptor.pl\/en\/wp-json\/wp\/v2\/users\/1"}],"replies":[{"embeddable":true,"href":"https:\/\/zuptor.pl\/en\/wp-json\/wp\/v2\/comments?post=1992"}],"version-history":[{"count":8,"href":"https:\/\/zuptor.pl\/en\/wp-json\/wp\/v2\/pages\/1992\/revisions"}],"predecessor-version":[{"id":2616,"href":"https:\/\/zuptor.pl\/en\/wp-json\/wp\/v2\/pages\/1992\/revisions\/2616"}],"up":[{"embeddable":true,"href":"https:\/\/zuptor.pl\/en\/wp-json\/wp\/v2\/pages\/1681"}],"wp:attachment":[{"href":"https:\/\/zuptor.pl\/en\/wp-json\/wp\/v2\/media?parent=1992"}],"curies":[{"name":"wp","href":"https:\/\/api.w.org\/{rel}","templated":true}]}}