{"id":1986,"date":"2024-05-23T15:44:15","date_gmt":"2024-05-23T13:44:15","guid":{"rendered":"http:\/\/zuptor.dlatestu.co.pl\/?page_id=1986"},"modified":"2024-06-19T10:52:08","modified_gmt":"2024-06-19T08:52:08","slug":"zaprawiarki-przeplywowe-2","status":"publish","type":"page","link":"https:\/\/zuptor.pl\/en\/nasiennictwo\/zaprawiarki-przeplywowe-2\/","title":{"rendered":"Flow mortars"},"content":{"rendered":"<div class=\"wpb-content-wrapper\"><section class=\"vc_rows wpb_row vc_row-fluid bg-color-blue vc_custom_1712822727044\" ><div class=\"container\"><div class=\"row\"><div class=\"wpb_column vc_column_container vc_col-sm-12\"><div class=\"vc_column-inner\"><div class=\"wpb_wrapper\">\n\t\t\t<div class=\"col-md-8\">\n\t        <div class=\"wprt-spacer\" data-desktop=\"8\" data-mobi=\"0\" data-smobi=\"0\"><\/div>\n\t        <h2 class=\"text-white text-center-mobile font-size-20 margin-bottom-0\">Find a distributor in your area<\/h2>\n\t        <div class=\"wprt-spacer\" data-desktop=\"0\" data-mobi=\"20\" data-smobi=\"20\"><\/div>\n\t    <\/div>\n\n\t    <div class=\"col-md-4\">\n\t        <div class=\"text-right text-center-mobile\">\n\t        \n\t        <a class=\"wprt-button white rounded-3px\" href=\"https:\/\/zuptor.pl\/en\/dystrybutorzy\/\" target=\"_self\">DISTRIBUTORS<\/a>\t        <\/div>\n\t    <\/div>\n\t\n<\/div><\/div><\/div><\/div><\/div><div class=\"clearfix\"><\/div><\/section><section class=\"vc_rows wpb_row vc_row-fluid vc_custom_1712148861158\" ><div class=\"container\"><div class=\"row\"><div class=\"wpb_column vc_column_container vc_col-sm-3 vc_hidden-xs\"><div class=\"vc_column-inner\"><div class=\"wpb_wrapper\">\n    <h5 class=\"text-left\" >SEEDING<\/h5>\n    \t    <div class=\"wprt-lines style-1 custom-3\">\n\t        <div class=\"line-1\"><\/div>\n\t    <\/div>\n    \n        \t\n<div class=\"vc_empty_space\"   style=\"height: 25px\"><span class=\"vc_empty_space_inner\"><\/span><\/div><div class=\"vc_btn3-container  menu vc_btn3-left vc_custom_1716469385671\" ><a class=\"vc_general vc_btn3 vc_btn3-size-sm vc_btn3-shape-square vc_btn3-style-flat vc_btn3-block vc_btn3-color-default\" href=\"https:\/\/zuptor.pl\/en\/nasiennictwo\/maszyna-wstepnego-i-dokladnego-czyszczenia\/\" title=\"PRE-CLEANING AND THOROUGH CLEANING MACHINE\">PRE-CLEANING AND THOROUGH CLEANING MACHINE<\/a><\/div><div class=\"vc_btn3-container  menu vc_btn3-left vc_custom_1716531142704\" ><a class=\"vc_general vc_btn3 vc_btn3-size-sm vc_btn3-shape-square vc_btn3-style-flat vc_btn3-block vc_btn3-color-default\" href=\"https:\/\/zuptor.pl\/en\/nasiennictwo\/sortownik-optyczny\/\" title=\"OPTICAL SORTER\">OPTICAL SORTER<\/a><\/div><div class=\"vc_btn3-container  menu vc_btn3-left vc_custom_1718267504231\" ><a class=\"vc_general vc_btn3 vc_btn3-size-sm vc_btn3-shape-square vc_btn3-style-flat vc_btn3-block vc_btn3-color-default\" href=\"https:\/\/zuptor.pl\/en\/nasiennictwo\/stol-sortujacy-petkus\/\" title=\"SORTING TABLE\">SORTING TABLE<\/a><\/div><div class=\"vc_btn3-container  menu vc_btn3-left vc_custom_1716531181368\" ><a class=\"vc_general vc_btn3 vc_btn3-size-sm vc_btn3-shape-square vc_btn3-style-flat vc_btn3-block vc_btn3-color-default\" href=\"https:\/\/zuptor.pl\/en\/nasiennictwo\/tryjer\/\" title=\"TRYER\">TRYER<\/a><\/div><div class=\"vc_btn3-container  menu vc_btn3-left vc_custom_1716532928145\" ><a class=\"vc_general vc_btn3 vc_btn3-size-sm vc_btn3-shape-square vc_btn3-style-flat vc_btn3-block vc_btn3-color-default\" href=\"https:\/\/zuptor.pl\/en\/nasiennictwo\/zaprawiarki-porcjowe-2\/\" title=\"BATCH MORTARS\">BATCH MORTARS<\/a><\/div><div class=\"vc_btn3-container  menu vc_btn3-left vc_custom_1716531213418\" ><a class=\"vc_general vc_btn3 vc_btn3-size-sm vc_btn3-shape-square vc_btn3-style-flat vc_btn3-block vc_btn3-color-default\" href=\"https:\/\/zuptor.pl\/en\/nasiennictwo\/zaprawiarki-przeplywowe-2\/\" title=\"FLOW-TYPE MORTARS\">FLOW-TYPE MORTARS<\/a><\/div><div class=\"vc_btn3-container  menu vc_btn3-left vc_custom_1716531229468\" ><a class=\"vc_general vc_btn3 vc_btn3-size-sm vc_btn3-shape-square vc_btn3-style-flat vc_btn3-block vc_btn3-color-default\" href=\"https:\/\/zuptor.pl\/en\/nasiennictwo\/zaprawiarka-multicoater\/\" title=\"MORTAR MULTICOATER\">MORTAR MULTICOATER<\/a><\/div><div class=\"vc_btn3-container  menu vc_btn3-left vc_custom_1718787047345\" ><a class=\"vc_general vc_btn3 vc_btn3-size-sm vc_btn3-shape-square vc_btn3-style-flat vc_btn3-block vc_btn3-color-default\" href=\"https:\/\/zuptor.pl\/en\/nasiennictwo\/instalacja-odpylenia-zboza\/\" title=\"DUST EXTRACTION SYSTEM\">DUST EXTRACTION SYSTEM<\/a><\/div><\/div><\/div><\/div><div class=\"wpb_column vc_column_container vc_col-sm-9\"><div class=\"vc_column-inner vc_custom_1712148788315\"><div class=\"wpb_wrapper\">\n    <h1 class=\"text-left\" >FLOW-TYPE MORTARS<\/h1>\n    \t    <div class=\"wprt-lines style-1 custom-3\">\n\t        <div class=\"line-1\"><\/div>\n\t    <\/div>\n    \n        \t\n<div class=\"vc_empty_space\"   style=\"height: 25px\"><span class=\"vc_empty_space_inner\"><\/span><\/div>\n\t<div class=\"wpb_text_column wpb_content_element\" >\n\t\t<div class=\"wpb_wrapper\">\n\t\t\t<p>We design seed technologies based on machines from our German partner PETKUS Technologie. Flow dressers are designed to continuously and evenly apply the right amount of plant protection product to the seed surface. We offer a variety of models, which we will perfectly match to the customer's needs.<\/p>\n\n\t\t<\/div>\n\t<\/div>\n\n    <h3 class=\"text-left\" >FLOW DRESSER<\/h3>\n    \t    <div class=\"wprt-lines style-1 custom-3\">\n\t        <div class=\"line-1\"><\/div>\n\t    <\/div>\n    \n        \t\n<div class=\"vc_empty_space\"   style=\"height: 32px\"><span class=\"vc_empty_space_inner\"><\/span><\/div>\n\t<div  class=\"wpb_single_image wpb_content_element vc_align_center\">\n\t\t\n\t\t<figure class=\"wpb_wrapper vc_figure\">\n\t\t\t<div class=\"vc_single_image-wrapper   vc_box_border_grey\"><img loading=\"lazy\" decoding=\"async\" width=\"524\" height=\"393\" src=\"https:\/\/zuptor.pl\/wp-content\/uploads\/2024\/06\/zaprawiarka-przeplywowa.jpg\" class=\"vc_single_image-img attachment-full\" alt=\"Zaprawiarki przep\u0142ywowe\" title=\"mortar-surveyor\" srcset=\"https:\/\/zuptor.pl\/wp-content\/uploads\/2024\/06\/zaprawiarka-przeplywowa.jpg 524w, https:\/\/zuptor.pl\/wp-content\/uploads\/2024\/06\/zaprawiarka-przeplywowa-300x225.jpg 300w\" sizes=\"auto, (max-width: 524px) 100vw, 524px\" \/><\/div>\n\t\t<\/figure>\n\t<\/div>\n<div class=\"vc_empty_space\"   style=\"height: 32px\"><span class=\"vc_empty_space_inner\"><\/span><\/div><div class=\"vc_tta-container\" data-vc-action=\"collapse\"><div class=\"vc_general vc_tta vc_tta-accordion vc_tta-color-grey vc_tta-style-classic vc_tta-shape-rounded vc_tta-o-shape-group vc_tta-controls-align-default\"><div class=\"vc_tta-panels-container\"><div class=\"vc_tta-panels\"><div class=\"vc_tta-panel vc_active\" id=\"1712129966673-b2952adb-51d2\" data-vc-content=\".vc_tta-panel-body\"><div class=\"vc_tta-panel-heading\"><h4 class=\"vc_tta-panel-title vc_tta-controls-icon-position-left\"><a href=\"#1712129966673-b2952adb-51d2\" data-vc-accordion data-vc-container=\".vc_tta-container\"><span class=\"vc_tta-title-text\">PARAMETERS<\/span><i class=\"vc_tta-controls-icon vc_tta-controls-icon-plus\"><\/i><\/a><\/h4><\/div><div class=\"vc_tta-panel-body\">\n\t<div class=\"wpb_text_column wpb_content_element\" >\n\t\t<div class=\"wpb_wrapper\">\n\t\t\t<ul>\n<li>Output from 2 to 25 t\/h<\/li>\n<li>continuous and reliable operation<\/li>\n<li>\u00a0uniform and even application of mortar<\/li>\n<li>precise dosing of liquid mortar<\/li>\n<li>automatic control equipment<\/li>\n<li>the spray disc excludes the danger of clogging the holes<\/li>\n<li>several mortars can be dosed simultaneously<\/li>\n<\/ul>\n\n\t\t<\/div>\n\t<\/div>\n<\/div><\/div><div class=\"vc_tta-panel\" id=\"1712129909519-74c1b662-872f\" data-vc-content=\".vc_tta-panel-body\"><div class=\"vc_tta-panel-heading\"><h4 class=\"vc_tta-panel-title vc_tta-controls-icon-position-left\"><a href=\"#1712129909519-74c1b662-872f\" data-vc-accordion data-vc-container=\".vc_tta-container\"><span class=\"vc_tta-title-text\">APPLICATION<\/span><i class=\"vc_tta-controls-icon vc_tta-controls-icon-plus\"><\/i><\/a><\/h4><\/div><div class=\"vc_tta-panel-body\">\n\t<div class=\"wpb_text_column wpb_content_element\" >\n\t\t<div class=\"wpb_wrapper\">\n\t\t\t<p>The flow seed dresser is an economical solution for continuous seed dressing. The mortar is applied to the seed in a single layer. Continuous chemical treatment machines are suitable for most liquid seed dressings. The dressing agent is finely atomised on the spray disc and coats the falling seed with a homogeneous mist.<\/p>\n<p>Specially shaped mixing vanes and a plastic liner guarantee intensive, gentle seed movement and complete emptying of the mortar. Process control via touch panel and sensor technology for monitoring and control.<\/p>\n\n\t\t<\/div>\n\t<\/div>\n<div class=\"vc_empty_space\"   style=\"height: 80px\"><span class=\"vc_empty_space_inner\"><\/span><\/div><\/div><\/div><\/div><\/div><\/div><\/div><\/div><\/div><\/div><\/div><\/div><div class=\"clearfix\"><\/div><\/section><section class=\"vc_rows wpb_row vc_row-fluid\" ><div class=\"container\"><div class=\"row\"><div class=\"wpb_column vc_column_container vc_col-sm-12 vc_hidden-lg vc_hidden-md vc_hidden-sm\"><div class=\"vc_column-inner\"><div class=\"wpb_wrapper\">\n    <h5 class=\"text-left\" >SEEDING<\/h5>\n    \t    <div class=\"wprt-lines style-1 custom-3\">\n\t        <div class=\"line-1\"><\/div>\n\t    <\/div>\n    \n        \t\n<div class=\"vc_empty_space\"   style=\"height: 25px\"><span class=\"vc_empty_space_inner\"><\/span><\/div><div class=\"vc_btn3-container  menu vc_btn3-left vc_custom_1716469385671\" ><a class=\"vc_general vc_btn3 vc_btn3-size-sm vc_btn3-shape-square vc_btn3-style-flat vc_btn3-block vc_btn3-color-default\" href=\"https:\/\/zuptor.pl\/en\/nasiennictwo\/maszyna-wstepnego-i-dokladnego-czyszczenia\/\" title=\"PRE-CLEANING AND THOROUGH CLEANING MACHINE\">PRE-CLEANING AND THOROUGH CLEANING MACHINE<\/a><\/div><div class=\"vc_btn3-container  menu vc_btn3-left vc_custom_1716531142704\" ><a class=\"vc_general vc_btn3 vc_btn3-size-sm vc_btn3-shape-square vc_btn3-style-flat vc_btn3-block vc_btn3-color-default\" href=\"https:\/\/zuptor.pl\/en\/nasiennictwo\/sortownik-optyczny\/\" title=\"OPTICAL SORTER\">OPTICAL SORTER<\/a><\/div><div class=\"vc_btn3-container  menu vc_btn3-left vc_custom_1718267519573\" ><a class=\"vc_general vc_btn3 vc_btn3-size-sm vc_btn3-shape-square vc_btn3-style-flat vc_btn3-block vc_btn3-color-default\" href=\"https:\/\/zuptor.pl\/en\/nasiennictwo\/stol-sortujacy-petkus\/\" title=\"SORTING TABLE\">SORTING TABLE<\/a><\/div><div class=\"vc_btn3-container  menu vc_btn3-left vc_custom_1716531181368\" ><a class=\"vc_general vc_btn3 vc_btn3-size-sm vc_btn3-shape-square vc_btn3-style-flat vc_btn3-block vc_btn3-color-default\" href=\"https:\/\/zuptor.pl\/en\/nasiennictwo\/tryjer\/\" title=\"TRYER\">TRYER<\/a><\/div><div class=\"vc_btn3-container  menu vc_btn3-left vc_custom_1716469472270\" ><a class=\"vc_general vc_btn3 vc_btn3-size-sm vc_btn3-shape-square vc_btn3-style-flat vc_btn3-block vc_btn3-color-default\" href=\"#\" title=\"\">BATCH MORTARS<\/a><\/div><div class=\"vc_btn3-container  menu vc_btn3-left vc_custom_1716531213418\" ><a class=\"vc_general vc_btn3 vc_btn3-size-sm vc_btn3-shape-square vc_btn3-style-flat vc_btn3-block vc_btn3-color-default\" href=\"https:\/\/zuptor.pl\/en\/nasiennictwo\/zaprawiarki-przeplywowe-2\/\" title=\"FLOW-TYPE MORTARS\">FLOW-TYPE MORTARS<\/a><\/div><div class=\"vc_btn3-container  menu vc_btn3-left vc_custom_1716531229468\" ><a class=\"vc_general vc_btn3 vc_btn3-size-sm vc_btn3-shape-square vc_btn3-style-flat vc_btn3-block vc_btn3-color-default\" href=\"https:\/\/zuptor.pl\/en\/nasiennictwo\/zaprawiarka-multicoater\/\" title=\"MORTAR MULTICOATER\">MORTAR MULTICOATER<\/a><\/div><div class=\"vc_btn3-container  menu vc_btn3-left vc_custom_1718787047345\" ><a class=\"vc_general vc_btn3 vc_btn3-size-sm vc_btn3-shape-square vc_btn3-style-flat vc_btn3-block vc_btn3-color-default\" href=\"https:\/\/zuptor.pl\/en\/nasiennictwo\/instalacja-odpylenia-zboza\/\" title=\"DUST EXTRACTION SYSTEM\">DUST EXTRACTION SYSTEM<\/a><\/div><\/div><\/div><\/div><\/div><\/div><div class=\"clearfix\"><\/div><\/section><section class=\"vc_rows wpb_row vc_row-fluid\" ><div class=\"container\"><div class=\"row\"><div class=\"wpb_column vc_column_container vc_col-sm-12\"><div class=\"vc_column-inner\"><div class=\"wpb_wrapper\"><\/div><\/div><\/div><\/div><\/div><div class=\"clearfix\"><\/div><\/section><section class=\"vc_rows wpb_row vc_row-fluid\" ><div class=\"container\"><div class=\"row\"><div class=\"wpb_column vc_column_container vc_col-sm-12\"><div class=\"vc_column-inner\"><div class=\"wpb_wrapper\"><div class=\"vc_empty_space\"   style=\"height: 70px\"><span class=\"vc_empty_space_inner\"><\/span><\/div><\/div><\/div><\/div><\/div><\/div><div class=\"clearfix\"><\/div><\/section>\n<\/div>","protected":false},"excerpt":{"rendered":"Znajd\u017a dystrybutora w najbli\u017cszej okolicy DYSTRYBUTORZY NASIENNICTWO MASZYNA WST\u0118PNEGO I DOK\u0141ADNEGO CZYSZCZENIASORTOWNIK OPTYCZNYST\u00d3\u0141 SORTUJ\u0104CYTRYJERZAPRAWIARKI PORCJOWEZAPRAWIARKI PRZEP\u0141YWOWEZAPRAWIARK MULTICOATERINSTALACJA ODPYLANIA ZAPRAWIARKI PRZEP\u0141YWOWE Technologie nasienne projektujemy w oparciu o maszyny naszego niemieckiego partnera firmy PETKUS Technologie. Zaprawiarki przep\u0142ywowe przeznaczone s\u0105 do ci\u0105g\u0142ego, r\u00f3wnomiernego naniesienia odpowiedniej ilo\u015bci \u015brodka ochrony ro\u015blin na powierzchni\u0119 nasion. W ofercie posiadamy r\u00f3\u017cne modele, kt\u00f3re [...]","protected":false},"author":1,"featured_media":0,"parent":1681,"menu_order":0,"comment_status":"closed","ping_status":"closed","template":"page-templates\/template-fullwidth.php","meta":{"footnotes":""},"class_list":["post-1986","page","type-page","status-publish","hentry"],"yoast_head":"<!-- This site is optimized with the Yoast SEO plugin v24.7 - https:\/\/yoast.com\/wordpress\/plugins\/seo\/ -->\n<title>Zaprawiarki przep\u0142ywowe | Zuptor<\/title>\n<meta name=\"description\" content=\"Niezawodne i ekonomiczne rozwi\u0105zanie do ci\u0105g\u0142ego zaprawiania nasion. Wydajno\u015b\u0107 od 2 do 25 t\/h, jednolite pokrycie zapraw\u0105, panel dotykowy.\" \/>\n<meta name=\"robots\" content=\"index, follow, max-snippet:-1, max-image-preview:large, max-video-preview:-1\" \/>\n<link rel=\"canonical\" href=\"https:\/\/zuptor.pl\/en\/nasiennictwo\/zaprawiarki-przeplywowe-2\/\" \/>\n<meta property=\"og:locale\" content=\"en_GB\" \/>\n<meta property=\"og:type\" content=\"article\" \/>\n<meta property=\"og:title\" content=\"Zaprawiarki przep\u0142ywowe | Zuptor\" \/>\n<meta property=\"og:description\" content=\"Niezawodne i ekonomiczne rozwi\u0105zanie do ci\u0105g\u0142ego zaprawiania nasion. Wydajno\u015b\u0107 od 2 do 25 t\/h, jednolite pokrycie zapraw\u0105, panel dotykowy.\" \/>\n<meta property=\"og:url\" content=\"https:\/\/zuptor.pl\/en\/nasiennictwo\/zaprawiarki-przeplywowe-2\/\" \/>\n<meta property=\"og:site_name\" content=\"Zuptor\" \/>\n<meta property=\"article:modified_time\" content=\"2024-06-19T08:52:08+00:00\" \/>\n<meta name=\"twitter:card\" content=\"summary_large_image\" \/>\n<meta name=\"twitter:label1\" content=\"Estimated reading time\" \/>\n\t<meta name=\"twitter:data1\" content=\"3 minutes\" \/>\n<script type=\"application\/ld+json\" class=\"yoast-schema-graph\">{\"@context\":\"https:\/\/schema.org\",\"@graph\":[{\"@type\":\"WebPage\",\"@id\":\"https:\/\/zuptor.pl\/nasiennictwo\/zaprawiarki-przeplywowe-2\/\",\"url\":\"https:\/\/zuptor.pl\/nasiennictwo\/zaprawiarki-przeplywowe-2\/\",\"name\":\"Zaprawiarki przep\u0142ywowe | Zuptor\",\"isPartOf\":{\"@id\":\"https:\/\/zuptor.pl\/#website\"},\"datePublished\":\"2024-05-23T13:44:15+00:00\",\"dateModified\":\"2024-06-19T08:52:08+00:00\",\"description\":\"Niezawodne i ekonomiczne rozwi\u0105zanie do ci\u0105g\u0142ego zaprawiania nasion. Wydajno\u015b\u0107 od 2 do 25 t\/h, jednolite pokrycie zapraw\u0105, panel dotykowy.\",\"breadcrumb\":{\"@id\":\"https:\/\/zuptor.pl\/nasiennictwo\/zaprawiarki-przeplywowe-2\/#breadcrumb\"},\"inLanguage\":\"en-GB\",\"potentialAction\":[{\"@type\":\"ReadAction\",\"target\":[\"https:\/\/zuptor.pl\/nasiennictwo\/zaprawiarki-przeplywowe-2\/\"]}]},{\"@type\":\"BreadcrumbList\",\"@id\":\"https:\/\/zuptor.pl\/nasiennictwo\/zaprawiarki-przeplywowe-2\/#breadcrumb\",\"itemListElement\":[{\"@type\":\"ListItem\",\"position\":1,\"name\":\"Strona g\u0142\u00f3wna\",\"item\":\"https:\/\/zuptor.pl\/\"},{\"@type\":\"ListItem\",\"position\":2,\"name\":\"Nasiennictwo\",\"item\":\"https:\/\/zuptor.pl\/nasiennictwo\/\"},{\"@type\":\"ListItem\",\"position\":3,\"name\":\"Zaprawiarki przep\u0142ywowe\"}]},{\"@type\":\"WebSite\",\"@id\":\"https:\/\/zuptor.pl\/#website\",\"url\":\"https:\/\/zuptor.pl\/\",\"name\":\"Zuptor\",\"description\":\"\",\"potentialAction\":[{\"@type\":\"SearchAction\",\"target\":{\"@type\":\"EntryPoint\",\"urlTemplate\":\"https:\/\/zuptor.pl\/?s={search_term_string}\"},\"query-input\":{\"@type\":\"PropertyValueSpecification\",\"valueRequired\":true,\"valueName\":\"search_term_string\"}}],\"inLanguage\":\"en-GB\"}]}<\/script>\n<!-- \/ Yoast SEO plugin. -->","yoast_head_json":{"title":"Zaprawiarki przep\u0142ywowe | Zuptor","description":"Niezawodne i ekonomiczne rozwi\u0105zanie do ci\u0105g\u0142ego zaprawiania nasion. Wydajno\u015b\u0107 od 2 do 25 t\/h, jednolite pokrycie zapraw\u0105, panel dotykowy.","robots":{"index":"index","follow":"follow","max-snippet":"max-snippet:-1","max-image-preview":"max-image-preview:large","max-video-preview":"max-video-preview:-1"},"canonical":"https:\/\/zuptor.pl\/en\/nasiennictwo\/zaprawiarki-przeplywowe-2\/","og_locale":"en_GB","og_type":"article","og_title":"Zaprawiarki przep\u0142ywowe | Zuptor","og_description":"Niezawodne i ekonomiczne rozwi\u0105zanie do ci\u0105g\u0142ego zaprawiania nasion. Wydajno\u015b\u0107 od 2 do 25 t\/h, jednolite pokrycie zapraw\u0105, panel dotykowy.","og_url":"https:\/\/zuptor.pl\/en\/nasiennictwo\/zaprawiarki-przeplywowe-2\/","og_site_name":"Zuptor","article_modified_time":"2024-06-19T08:52:08+00:00","twitter_card":"summary_large_image","twitter_misc":{"Estimated reading time":"3 minutes"},"schema":{"@context":"https:\/\/schema.org","@graph":[{"@type":"WebPage","@id":"https:\/\/zuptor.pl\/nasiennictwo\/zaprawiarki-przeplywowe-2\/","url":"https:\/\/zuptor.pl\/nasiennictwo\/zaprawiarki-przeplywowe-2\/","name":"Zaprawiarki przep\u0142ywowe | Zuptor","isPartOf":{"@id":"https:\/\/zuptor.pl\/#website"},"datePublished":"2024-05-23T13:44:15+00:00","dateModified":"2024-06-19T08:52:08+00:00","description":"Niezawodne i ekonomiczne rozwi\u0105zanie do ci\u0105g\u0142ego zaprawiania nasion. Wydajno\u015b\u0107 od 2 do 25 t\/h, jednolite pokrycie zapraw\u0105, panel dotykowy.","breadcrumb":{"@id":"https:\/\/zuptor.pl\/nasiennictwo\/zaprawiarki-przeplywowe-2\/#breadcrumb"},"inLanguage":"en-GB","potentialAction":[{"@type":"ReadAction","target":["https:\/\/zuptor.pl\/nasiennictwo\/zaprawiarki-przeplywowe-2\/"]}]},{"@type":"BreadcrumbList","@id":"https:\/\/zuptor.pl\/nasiennictwo\/zaprawiarki-przeplywowe-2\/#breadcrumb","itemListElement":[{"@type":"ListItem","position":1,"name":"Strona g\u0142\u00f3wna","item":"https:\/\/zuptor.pl\/"},{"@type":"ListItem","position":2,"name":"Nasiennictwo","item":"https:\/\/zuptor.pl\/nasiennictwo\/"},{"@type":"ListItem","position":3,"name":"Zaprawiarki przep\u0142ywowe"}]},{"@type":"WebSite","@id":"https:\/\/zuptor.pl\/#website","url":"https:\/\/zuptor.pl\/","name":"Zuptor","description":"","potentialAction":[{"@type":"SearchAction","target":{"@type":"EntryPoint","urlTemplate":"https:\/\/zuptor.pl\/?s={search_term_string}"},"query-input":{"@type":"PropertyValueSpecification","valueRequired":true,"valueName":"search_term_string"}}],"inLanguage":"en-GB"}]}},"_links":{"self":[{"href":"https:\/\/zuptor.pl\/en\/wp-json\/wp\/v2\/pages\/1986","targetHints":{"allow":["GET"]}}],"collection":[{"href":"https:\/\/zuptor.pl\/en\/wp-json\/wp\/v2\/pages"}],"about":[{"href":"https:\/\/zuptor.pl\/en\/wp-json\/wp\/v2\/types\/page"}],"author":[{"embeddable":true,"href":"https:\/\/zuptor.pl\/en\/wp-json\/wp\/v2\/users\/1"}],"replies":[{"embeddable":true,"href":"https:\/\/zuptor.pl\/en\/wp-json\/wp\/v2\/comments?post=1986"}],"version-history":[{"count":10,"href":"https:\/\/zuptor.pl\/en\/wp-json\/wp\/v2\/pages\/1986\/revisions"}],"predecessor-version":[{"id":2614,"href":"https:\/\/zuptor.pl\/en\/wp-json\/wp\/v2\/pages\/1986\/revisions\/2614"}],"up":[{"embeddable":true,"href":"https:\/\/zuptor.pl\/en\/wp-json\/wp\/v2\/pages\/1681"}],"wp:attachment":[{"href":"https:\/\/zuptor.pl\/en\/wp-json\/wp\/v2\/media?parent=1986"}],"curies":[{"name":"wp","href":"https:\/\/api.w.org\/{rel}","templated":true}]}}