{"id":1959,"date":"2024-05-21T13:52:19","date_gmt":"2024-05-21T11:52:19","guid":{"rendered":"http:\/\/zuptor.dlatestu.co.pl\/?page_id=1959"},"modified":"2024-12-04T12:01:23","modified_gmt":"2024-12-04T11:01:23","slug":"dla-bydla","status":"publish","type":"page","link":"https:\/\/zuptor.pl\/en\/wagi-inwentarzowe\/dla-bydla\/","title":{"rendered":"Livestock scales for cattle"},"content":{"rendered":"<div class=\"wpb-content-wrapper\"><section class=\"vc_rows wpb_row vc_row-fluid bg-color-blue vc_custom_1712822727044\" ><div class=\"container\"><div class=\"row\"><div class=\"wpb_column vc_column_container vc_col-sm-12\"><div class=\"vc_column-inner\"><div class=\"wpb_wrapper\">\n\t\t\t<div class=\"col-md-8\">\n\t        <div class=\"wprt-spacer\" data-desktop=\"8\" data-mobi=\"0\" data-smobi=\"0\"><\/div>\n\t        <h2 class=\"text-white text-center-mobile font-size-20 margin-bottom-0\">Find a distributor in your area<\/h2>\n\t        <div class=\"wprt-spacer\" data-desktop=\"0\" data-mobi=\"20\" data-smobi=\"20\"><\/div>\n\t    <\/div>\n\n\t    <div class=\"col-md-4\">\n\t        <div class=\"text-right text-center-mobile\">\n\t        \n\t        <a class=\"wprt-button white rounded-3px\" href=\"https:\/\/zuptor.pl\/en\/dystrybutorzy\/\" target=\"_self\">DISTRIBUTORS<\/a>\t        <\/div>\n\t    <\/div>\n\t\n<\/div><\/div><\/div><\/div><\/div><div class=\"clearfix\"><\/div><\/section><section class=\"vc_rows wpb_row vc_row-fluid vc_custom_1712148861158\" ><div class=\"container\"><div class=\"row\"><div class=\"wpb_column vc_column_container vc_col-sm-3 vc_hidden-xs\"><div class=\"vc_column-inner\"><div class=\"wpb_wrapper\">\n    <h5 class=\"text-left\" >INVENTORY SCALES<\/h5>\n    \t    <div class=\"wprt-lines style-1 custom-3\">\n\t        <div class=\"line-1\"><\/div>\n\t    <\/div>\n    \n        \t\n<div class=\"vc_empty_space\"   style=\"height: 25px\"><span class=\"vc_empty_space_inner\"><\/span><\/div><div class=\"vc_btn3-container  menu vc_btn3-left vc_custom_1718268152423\" ><a class=\"vc_general vc_btn3 vc_btn3-size-sm vc_btn3-shape-square vc_btn3-style-flat vc_btn3-block vc_btn3-color-default\" href=\"https:\/\/zuptor.pl\/en\/wagi-inwentarzowe\/dla-trzody\/\" title=\"LIVESTOCK SCALES FOR PIGS\">LIVESTOCK SCALES FOR PIGS<\/a><\/div><div class=\"vc_btn3-container  menu vc_btn3-left vc_custom_1718268167393\" ><a class=\"vc_general vc_btn3 vc_btn3-size-sm vc_btn3-shape-square vc_btn3-style-flat vc_btn3-block vc_btn3-color-default\" href=\"https:\/\/zuptor.pl\/en\/wagi-inwentarzowe\/dla-bydla\/\" title=\"LIVESTOCK SCALES FOR CATTLE\">LIVESTOCK SCALES FOR CATTLE<\/a><\/div><\/div><\/div><\/div><div class=\"wpb_column vc_column_container vc_col-sm-9\"><div class=\"vc_column-inner vc_custom_1712148788315\"><div class=\"wpb_wrapper\">\n    <h1 class=\"text-left\" >LIVESTOCK SCALES FOR CATTLE<\/h1>\n    \t    <div class=\"wprt-lines style-1 custom-3\">\n\t        <div class=\"line-1\"><\/div>\n\t    <\/div>\n    \n        \t\n<div class=\"vc_empty_space\"   style=\"height: 25px\"><span class=\"vc_empty_space_inner\"><\/span><\/div>\n\t<div class=\"wpb_text_column wpb_content_element\" >\n\t\t<div class=\"wpb_wrapper\">\n\t\t\t<p>ZUPTOR livestock scales are used for weighing farm animals in cattle production. The advantage of our scales is the accuracy of the measurement and the stable and robust construction of the pen.<\/p>\n<p>Accurate measurements are needed not only in the final stage of selling cattle, but also in the process of determining the diet and health status of the animals.<\/p>\n\n\t\t<\/div>\n\t<\/div>\n\n    <h3 class=\"text-left\" >ZUPTOR INVENTORY WEIGHTS for cattle<\/h3>\n    \t    <div class=\"wprt-lines style-1 custom-3\">\n\t        <div class=\"line-1\"><\/div>\n\t    <\/div>\n    \n        \t\n<div class=\"vc_empty_space\"   style=\"height: 32px\"><span class=\"vc_empty_space_inner\"><\/span><\/div>\n\t<div  class=\"wpb_single_image wpb_content_element vc_align_center\">\n\t\t\n\t\t<figure class=\"wpb_wrapper vc_figure\">\n\t\t\t<div class=\"vc_single_image-wrapper   vc_box_border_grey\"><img loading=\"lazy\" decoding=\"async\" width=\"524\" height=\"393\" src=\"https:\/\/zuptor.pl\/wp-content\/uploads\/2024\/06\/waga-inwentarzowa-dla-bydla-main.jpg\" class=\"vc_single_image-img attachment-full\" alt=\"Waga inwentarzowa dla byd\u0142a\" title=\"weight-inventory-for-beauty-main\" srcset=\"https:\/\/zuptor.pl\/wp-content\/uploads\/2024\/06\/waga-inwentarzowa-dla-bydla-main.jpg 524w, https:\/\/zuptor.pl\/wp-content\/uploads\/2024\/06\/waga-inwentarzowa-dla-bydla-main-300x225.jpg 300w\" sizes=\"auto, (max-width: 524px) 100vw, 524px\" \/><\/div>\n\t\t<\/figure>\n\t<\/div>\n<div class=\"vc_empty_space\"   style=\"height: 32px\"><span class=\"vc_empty_space_inner\"><\/span><\/div><div class=\"vc_tta-container\" data-vc-action=\"collapse\"><div class=\"vc_general vc_tta vc_tta-accordion vc_tta-color-grey vc_tta-style-classic vc_tta-shape-rounded vc_tta-o-shape-group vc_tta-controls-align-default\"><div class=\"vc_tta-panels-container\"><div class=\"vc_tta-panels\"><div class=\"vc_tta-panel vc_active\" id=\"1712129966673-b2952adb-51d2\" data-vc-content=\".vc_tta-panel-body\"><div class=\"vc_tta-panel-heading\"><h4 class=\"vc_tta-panel-title vc_tta-controls-icon-position-left\"><a href=\"#1712129966673-b2952adb-51d2\" data-vc-accordion data-vc-container=\".vc_tta-container\"><span class=\"vc_tta-title-text\">PARAMETERS<\/span><i class=\"vc_tta-controls-icon vc_tta-controls-icon-plus\"><\/i><\/a><\/h4><\/div><div class=\"vc_tta-panel-body\">\n\t<div class=\"wpb_text_column wpb_content_element\" >\n\t\t<div class=\"wpb_wrapper\">\n\t\t\t<ul>\n<li>quick and accurate weighing of animals<\/li>\n<li>sturdy pen construction<\/li>\n<li>anti-slip corrugated sheet flooring<\/li>\n<li>easy-to-use display with stable measurement function<\/li>\n<li>Possibility of connecting to a printer or computer (optional extra)<\/li>\n<li>castors for easy movement (optional)<\/li>\n<li>possibility to make the scale with different dimensions and weighing range<\/li>\n<li>the scale can be manufactured in galvanised or acid-resistant sheet metal (optional)<\/li>\n<\/ul>\n\n\t\t<\/div>\n\t<\/div>\n<\/div><\/div><div class=\"vc_tta-panel\" id=\"1718628173371-b80502bf-d2a7\" data-vc-content=\".vc_tta-panel-body\"><div class=\"vc_tta-panel-heading\"><h4 class=\"vc_tta-panel-title vc_tta-controls-icon-position-left\"><a href=\"#1718628173371-b80502bf-d2a7\" data-vc-accordion data-vc-container=\".vc_tta-container\"><span class=\"vc_tta-title-text\">TECHNICAL DATA<\/span><i class=\"vc_tta-controls-icon vc_tta-controls-icon-plus\"><\/i><\/a><\/h4><\/div><div class=\"vc_tta-panel-body\">\n\t<div class=\"wpb_text_column wpb_content_element\" >\n\t\t<div class=\"wpb_wrapper\">\n\t\t\t<h3>Inventory scale WIE 1500<\/h3>\n<ul>\n<li>Measuring range (kg): 0 - 1500<\/li>\n<li>Dimensions of scale* (m): 2.0 x 1.0 x 2.0<\/li>\n<li>Result stabilisation function: yes<\/li>\n<li>Elemental unit (kg): 0.1<\/li>\n<li>Inventory scale WIE 1500<\/li>\n<\/ul>\n<p>* length x width x height<\/p>\n\n\t\t<\/div>\n\t<\/div>\n<\/div><\/div><div class=\"vc_tta-panel\" id=\"1712129909519-74c1b662-872f\" data-vc-content=\".vc_tta-panel-body\"><div class=\"vc_tta-panel-heading\"><h4 class=\"vc_tta-panel-title vc_tta-controls-icon-position-left\"><a href=\"#1712129909519-74c1b662-872f\" data-vc-accordion data-vc-container=\".vc_tta-container\"><span class=\"vc_tta-title-text\">APPLICATION<\/span><i class=\"vc_tta-controls-icon vc_tta-controls-icon-plus\"><\/i><\/a><\/h4><\/div><div class=\"vc_tta-panel-body\">\n\t<div class=\"wpb_text_column wpb_content_element\" >\n\t\t<div class=\"wpb_wrapper\">\n\t\t\t<p>ZUPTOR livestock scales for cattle are characterised by their high robustness and easy operation. The scales have a sturdy, non-slip floor and lockable gates for efficient and safe weighing of animals.<\/p>\n<p>The weighing indicator is mounted in a robust, weatherproof housing. On request, it can be made in a different size, with a larger weighing range, retrofitted with castors for easy movement, as well as an RS interface for direct connection to a printer or computer. It is also possible to make the scale in a galvanised version.<\/p>\n\n\t\t<\/div>\n\t<\/div>\n<\/div><\/div><\/div><\/div><\/div><\/div><div class=\"vc_empty_space\"   style=\"height: 32px\"><span class=\"vc_empty_space_inner\"><\/span><\/div>\n\t<div class=\"wpb_text_column wpb_content_element\" >\n\t\t<div class=\"wpb_wrapper\">\n\t\t\t<h4>When deciding to purchase a ZUPTOR inventory scale, there are several important factors to consider:<\/h4>\n<ul>\n<li><b>Measurement range:<\/b>\u00a0should be selected in such a way that the weight of the largest animals on the farm can be measured.<\/li>\n<li><b>Measurement accuracy:<\/b>\u00a0Highly accurate scales allow precise weight determination and appropriate dosage of feed and medication.<\/li>\n<li><b>Resilience:<\/b>\u00a0regular use and conditions on most farms mean that the scales should have a high durability.<\/li>\n<li><b>Easy to use:<\/b>\u00a0intuitive, easy-to-use operation significantly speeds up and streamlines the weighing process.<\/li>\n<li><b>Calibration:<\/b>\u00a0the scale should be easy to calibrate so that accurate measurements can be obtained.<\/li>\n<\/ul>\n\n\t\t<\/div>\n\t<\/div>\n<div class=\"vc_empty_space\"   style=\"height: 80px\"><span class=\"vc_empty_space_inner\"><\/span><\/div><\/div><\/div><\/div><\/div><\/div><div class=\"clearfix\"><\/div><\/section><section class=\"vc_rows wpb_row vc_row-fluid\" ><div class=\"container\"><div class=\"row\"><div class=\"wpb_column vc_column_container vc_col-sm-12 vc_hidden-lg vc_hidden-md vc_hidden-sm\"><div class=\"vc_column-inner\"><div class=\"wpb_wrapper\">\n    <h5 class=\"text-left\" >INVENTORY SCALES<\/h5>\n    \t    <div class=\"wprt-lines style-1 custom-3\">\n\t        <div class=\"line-1\"><\/div>\n\t    <\/div>\n    \n        \t\n<div class=\"vc_empty_space\"   style=\"height: 25px\"><span class=\"vc_empty_space_inner\"><\/span><\/div><div class=\"vc_btn3-container  menu vc_btn3-left vc_custom_1718268186241\" ><a class=\"vc_general vc_btn3 vc_btn3-size-sm vc_btn3-shape-square vc_btn3-style-flat vc_btn3-block vc_btn3-color-default\" href=\"https:\/\/zuptor.pl\/en\/wagi-inwentarzowe\/dla-trzody\/\" title=\"LIVESTOCK SCALES FOR PIGS\">LIVESTOCK SCALES FOR PIGS<\/a><\/div><div class=\"vc_btn3-container  menu vc_btn3-left vc_custom_1718268199726\" ><a class=\"vc_general vc_btn3 vc_btn3-size-sm vc_btn3-shape-square vc_btn3-style-flat vc_btn3-block vc_btn3-color-default\" href=\"https:\/\/zuptor.pl\/en\/wagi-inwentarzowe\/dla-bydla\/\" title=\"LIVESTOCK SCALES FOR CATTLE\">LIVESTOCK SCALES FOR CATTLE<\/a><\/div><\/div><\/div><\/div><\/div><\/div><div class=\"clearfix\"><\/div><\/section><section class=\"vc_rows wpb_row vc_row-fluid\" ><div class=\"container\"><div class=\"row\"><div class=\"wpb_column vc_column_container vc_col-sm-12\"><div class=\"vc_column-inner\"><div class=\"wpb_wrapper\"><\/div><\/div><\/div><\/div><\/div><div class=\"clearfix\"><\/div><\/section><section class=\"vc_rows wpb_row vc_row-fluid\" ><div class=\"container\"><div class=\"row\"><div class=\"wpb_column vc_column_container vc_col-sm-12\"><div class=\"vc_column-inner\"><div class=\"wpb_wrapper\"><div class=\"vc_empty_space\"   style=\"height: 70px\"><span class=\"vc_empty_space_inner\"><\/span><\/div><\/div><\/div><\/div><\/div><\/div><div class=\"clearfix\"><\/div><\/section>\n<\/div>","protected":false},"excerpt":{"rendered":"Znajd\u017a dystrybutora w najbli\u017cszej okolicy DYSTRYBUTORZY WAGI INWENTARZOWE WAGA INWENTARZOWA DLA TRZODYWAGA INWENTARZOWA DLA BYD\u0141A WAGA INWENTARZOWA DLA BYD\u0141A Wagi inwentarzowe ZUPTOR s\u0142u\u017c\u0105 do wa\u017cenia zwierz\u0105t hodowlanych w gospodarstwie przy produkcji byd\u0142a. Zalet\u0105 naszych wag jest dok\u0142adno\u015b\u0107 pomiaru oraz stabilna i mocna konstrukcja kojca. Dok\u0142adne pomiary potrzebne s\u0105 nie tylko na ostatnim etapie sprzeda\u017cy byd\u0142a, [...]","protected":false},"author":1,"featured_media":0,"parent":1715,"menu_order":0,"comment_status":"closed","ping_status":"closed","template":"page-templates\/template-fullwidth.php","meta":{"footnotes":""},"class_list":["post-1959","page","type-page","status-publish","hentry"],"yoast_head":"<!-- This site is optimized with the Yoast SEO plugin v24.7 - https:\/\/yoast.com\/wordpress\/plugins\/seo\/ -->\n<title>Waga inwentarzowa dla byd\u0142a | Zuptor<\/title>\n<meta name=\"description\" content=\"Dok\u0142adne pomiary, mocna konstrukcja kojca, \u0142atwa obs\u0142uga. Mo\u017cliwo\u015b\u0107 pod\u0142\u0105czenia do drukarki, komputera, opcjonalne k\u00f3\u0142ka do przemieszczania.\" \/>\n<meta name=\"robots\" content=\"index, follow, max-snippet:-1, max-image-preview:large, max-video-preview:-1\" \/>\n<link rel=\"canonical\" href=\"https:\/\/zuptor.pl\/en\/wagi-inwentarzowe\/dla-bydla\/\" \/>\n<meta property=\"og:locale\" content=\"en_GB\" \/>\n<meta property=\"og:type\" content=\"article\" \/>\n<meta property=\"og:title\" content=\"Waga inwentarzowa dla byd\u0142a | Zuptor\" \/>\n<meta property=\"og:description\" content=\"Dok\u0142adne pomiary, mocna konstrukcja kojca, \u0142atwa obs\u0142uga. Mo\u017cliwo\u015b\u0107 pod\u0142\u0105czenia do drukarki, komputera, opcjonalne k\u00f3\u0142ka do przemieszczania.\" \/>\n<meta property=\"og:url\" content=\"https:\/\/zuptor.pl\/en\/wagi-inwentarzowe\/dla-bydla\/\" \/>\n<meta property=\"og:site_name\" content=\"Zuptor\" \/>\n<meta property=\"article:modified_time\" content=\"2024-12-04T11:01:23+00:00\" \/>\n<meta name=\"twitter:card\" content=\"summary_large_image\" \/>\n<meta name=\"twitter:label1\" content=\"Estimated reading time\" \/>\n\t<meta name=\"twitter:data1\" content=\"3 minutes\" \/>\n<script type=\"application\/ld+json\" class=\"yoast-schema-graph\">{\"@context\":\"https:\/\/schema.org\",\"@graph\":[{\"@type\":\"WebPage\",\"@id\":\"https:\/\/zuptor.pl\/wagi-inwentarzowe\/dla-bydla\/\",\"url\":\"https:\/\/zuptor.pl\/wagi-inwentarzowe\/dla-bydla\/\",\"name\":\"Waga inwentarzowa dla byd\u0142a | Zuptor\",\"isPartOf\":{\"@id\":\"https:\/\/zuptor.pl\/#website\"},\"datePublished\":\"2024-05-21T11:52:19+00:00\",\"dateModified\":\"2024-12-04T11:01:23+00:00\",\"description\":\"Dok\u0142adne pomiary, mocna konstrukcja kojca, \u0142atwa obs\u0142uga. Mo\u017cliwo\u015b\u0107 pod\u0142\u0105czenia do drukarki, komputera, opcjonalne k\u00f3\u0142ka do przemieszczania.\",\"breadcrumb\":{\"@id\":\"https:\/\/zuptor.pl\/wagi-inwentarzowe\/dla-bydla\/#breadcrumb\"},\"inLanguage\":\"en-GB\",\"potentialAction\":[{\"@type\":\"ReadAction\",\"target\":[\"https:\/\/zuptor.pl\/wagi-inwentarzowe\/dla-bydla\/\"]}]},{\"@type\":\"BreadcrumbList\",\"@id\":\"https:\/\/zuptor.pl\/wagi-inwentarzowe\/dla-bydla\/#breadcrumb\",\"itemListElement\":[{\"@type\":\"ListItem\",\"position\":1,\"name\":\"Strona g\u0142\u00f3wna\",\"item\":\"https:\/\/zuptor.pl\/\"},{\"@type\":\"ListItem\",\"position\":2,\"name\":\"Wagi inwentarzowe\",\"item\":\"https:\/\/zuptor.pl\/wagi-inwentarzowe\/\"},{\"@type\":\"ListItem\",\"position\":3,\"name\":\"Waga inwentarzowa dla byd\u0142a\"}]},{\"@type\":\"WebSite\",\"@id\":\"https:\/\/zuptor.pl\/#website\",\"url\":\"https:\/\/zuptor.pl\/\",\"name\":\"Zuptor\",\"description\":\"\",\"potentialAction\":[{\"@type\":\"SearchAction\",\"target\":{\"@type\":\"EntryPoint\",\"urlTemplate\":\"https:\/\/zuptor.pl\/?s={search_term_string}\"},\"query-input\":{\"@type\":\"PropertyValueSpecification\",\"valueRequired\":true,\"valueName\":\"search_term_string\"}}],\"inLanguage\":\"en-GB\"}]}<\/script>\n<!-- \/ Yoast SEO plugin. -->","yoast_head_json":{"title":"Waga inwentarzowa dla byd\u0142a | Zuptor","description":"Dok\u0142adne pomiary, mocna konstrukcja kojca, \u0142atwa obs\u0142uga. Mo\u017cliwo\u015b\u0107 pod\u0142\u0105czenia do drukarki, komputera, opcjonalne k\u00f3\u0142ka do przemieszczania.","robots":{"index":"index","follow":"follow","max-snippet":"max-snippet:-1","max-image-preview":"max-image-preview:large","max-video-preview":"max-video-preview:-1"},"canonical":"https:\/\/zuptor.pl\/en\/wagi-inwentarzowe\/dla-bydla\/","og_locale":"en_GB","og_type":"article","og_title":"Waga inwentarzowa dla byd\u0142a | Zuptor","og_description":"Dok\u0142adne pomiary, mocna konstrukcja kojca, \u0142atwa obs\u0142uga. Mo\u017cliwo\u015b\u0107 pod\u0142\u0105czenia do drukarki, komputera, opcjonalne k\u00f3\u0142ka do przemieszczania.","og_url":"https:\/\/zuptor.pl\/en\/wagi-inwentarzowe\/dla-bydla\/","og_site_name":"Zuptor","article_modified_time":"2024-12-04T11:01:23+00:00","twitter_card":"summary_large_image","twitter_misc":{"Estimated reading time":"3 minutes"},"schema":{"@context":"https:\/\/schema.org","@graph":[{"@type":"WebPage","@id":"https:\/\/zuptor.pl\/wagi-inwentarzowe\/dla-bydla\/","url":"https:\/\/zuptor.pl\/wagi-inwentarzowe\/dla-bydla\/","name":"Waga inwentarzowa dla byd\u0142a | Zuptor","isPartOf":{"@id":"https:\/\/zuptor.pl\/#website"},"datePublished":"2024-05-21T11:52:19+00:00","dateModified":"2024-12-04T11:01:23+00:00","description":"Dok\u0142adne pomiary, mocna konstrukcja kojca, \u0142atwa obs\u0142uga. Mo\u017cliwo\u015b\u0107 pod\u0142\u0105czenia do drukarki, komputera, opcjonalne k\u00f3\u0142ka do przemieszczania.","breadcrumb":{"@id":"https:\/\/zuptor.pl\/wagi-inwentarzowe\/dla-bydla\/#breadcrumb"},"inLanguage":"en-GB","potentialAction":[{"@type":"ReadAction","target":["https:\/\/zuptor.pl\/wagi-inwentarzowe\/dla-bydla\/"]}]},{"@type":"BreadcrumbList","@id":"https:\/\/zuptor.pl\/wagi-inwentarzowe\/dla-bydla\/#breadcrumb","itemListElement":[{"@type":"ListItem","position":1,"name":"Strona g\u0142\u00f3wna","item":"https:\/\/zuptor.pl\/"},{"@type":"ListItem","position":2,"name":"Wagi inwentarzowe","item":"https:\/\/zuptor.pl\/wagi-inwentarzowe\/"},{"@type":"ListItem","position":3,"name":"Waga inwentarzowa dla byd\u0142a"}]},{"@type":"WebSite","@id":"https:\/\/zuptor.pl\/#website","url":"https:\/\/zuptor.pl\/","name":"Zuptor","description":"","potentialAction":[{"@type":"SearchAction","target":{"@type":"EntryPoint","urlTemplate":"https:\/\/zuptor.pl\/?s={search_term_string}"},"query-input":{"@type":"PropertyValueSpecification","valueRequired":true,"valueName":"search_term_string"}}],"inLanguage":"en-GB"}]}},"_links":{"self":[{"href":"https:\/\/zuptor.pl\/en\/wp-json\/wp\/v2\/pages\/1959","targetHints":{"allow":["GET"]}}],"collection":[{"href":"https:\/\/zuptor.pl\/en\/wp-json\/wp\/v2\/pages"}],"about":[{"href":"https:\/\/zuptor.pl\/en\/wp-json\/wp\/v2\/types\/page"}],"author":[{"embeddable":true,"href":"https:\/\/zuptor.pl\/en\/wp-json\/wp\/v2\/users\/1"}],"replies":[{"embeddable":true,"href":"https:\/\/zuptor.pl\/en\/wp-json\/wp\/v2\/comments?post=1959"}],"version-history":[{"count":8,"href":"https:\/\/zuptor.pl\/en\/wp-json\/wp\/v2\/pages\/1959\/revisions"}],"predecessor-version":[{"id":2700,"href":"https:\/\/zuptor.pl\/en\/wp-json\/wp\/v2\/pages\/1959\/revisions\/2700"}],"up":[{"embeddable":true,"href":"https:\/\/zuptor.pl\/en\/wp-json\/wp\/v2\/pages\/1715"}],"wp:attachment":[{"href":"https:\/\/zuptor.pl\/en\/wp-json\/wp\/v2\/media?parent=1959"}],"curies":[{"name":"wp","href":"https:\/\/api.w.org\/{rel}","templated":true}]}}