{"id":1944,"date":"2024-05-21T13:24:55","date_gmt":"2024-05-21T11:24:55","guid":{"rendered":"http:\/\/zuptor.dlatestu.co.pl\/?page_id=1944"},"modified":"2024-12-04T13:25:50","modified_gmt":"2024-12-04T12:25:50","slug":"podajniki-slimakowe","status":"publish","type":"page","link":"https:\/\/zuptor.pl\/en\/transport-ziarna\/podajniki-slimakowe\/","title":{"rendered":"Screw feeders"},"content":{"rendered":"<div class=\"wpb-content-wrapper\"><section class=\"vc_rows wpb_row vc_row-fluid bg-color-blue vc_custom_1712822727044\" ><div class=\"container\"><div class=\"row\"><div class=\"wpb_column vc_column_container vc_col-sm-12\"><div class=\"vc_column-inner\"><div class=\"wpb_wrapper\">\n\t\t\t<div class=\"col-md-8\">\n\t        <div class=\"wprt-spacer\" data-desktop=\"8\" data-mobi=\"0\" data-smobi=\"0\"><\/div>\n\t        <h2 class=\"text-white text-center-mobile font-size-20 margin-bottom-0\">Find a distributor in your area<\/h2>\n\t        <div class=\"wprt-spacer\" data-desktop=\"0\" data-mobi=\"20\" data-smobi=\"20\"><\/div>\n\t    <\/div>\n\n\t    <div class=\"col-md-4\">\n\t        <div class=\"text-right text-center-mobile\">\n\t        \n\t        <a class=\"wprt-button white rounded-3px\" href=\"https:\/\/zuptor.pl\/en\/dystrybutorzy\/\" target=\"_self\">DISTRIBUTORS<\/a>\t        <\/div>\n\t    <\/div>\n\t\n<\/div><\/div><\/div><\/div><\/div><div class=\"clearfix\"><\/div><\/section><section class=\"vc_rows wpb_row vc_row-fluid vc_custom_1712148861158\" ><div class=\"container\"><div class=\"row\"><div class=\"wpb_column vc_column_container vc_col-sm-3 vc_hidden-xs\"><div class=\"vc_column-inner\"><div class=\"wpb_wrapper\">\n    <h5 class=\"text-left\" >GRAIN TRANSPORT<\/h5>\n    \t    <div class=\"wprt-lines style-1 custom-3\">\n\t        <div class=\"line-1\"><\/div>\n\t    <\/div>\n    \n        \t\n<div class=\"vc_empty_space\"   style=\"height: 25px\"><span class=\"vc_empty_space_inner\"><\/span><\/div><div class=\"vc_btn3-container  menu vc_btn3-left vc_custom_1716289106761\" ><a class=\"vc_general vc_btn3 vc_btn3-size-sm vc_btn3-shape-square vc_btn3-style-flat vc_btn3-block vc_btn3-color-default\" href=\"https:\/\/zuptor.pl\/en\/transport-ziarna\/podnosniki-kubelkowe-2\/\" title=\"BUCKET ELEVATORS\">BUCKET ELEVATORS<\/a><\/div><div class=\"vc_btn3-container  menu vc_btn3-left vc_custom_1733315136267\" ><a class=\"vc_general vc_btn3 vc_btn3-size-sm vc_btn3-shape-square vc_btn3-style-flat vc_btn3-block vc_btn3-color-default\" href=\"https:\/\/zuptor.pl\/en\/transport-ziarna\/podnosniki-zgarniakowe\/\" title=\"SCRAPER CONVEYORS\">PRZENO\u015aNIKI ZGARNIAKOWE<\/a><\/div><div class=\"vc_btn3-container  menu vc_btn3-left vc_custom_1733315145161\" ><a class=\"vc_general vc_btn3 vc_btn3-size-sm vc_btn3-shape-square vc_btn3-style-flat vc_btn3-block vc_btn3-color-default\" href=\"https:\/\/zuptor.pl\/en\/transport-ziarna\/przenosniki-tasmowe\/\" title=\"Belt conveyors\">PRZENO\u015aNIKI TA\u015aMOWE<\/a><\/div><div class=\"vc_btn3-container  menu vc_btn3-left vc_custom_1716290720322\" ><a class=\"vc_general vc_btn3 vc_btn3-size-sm vc_btn3-shape-square vc_btn3-style-flat vc_btn3-block vc_btn3-color-default\" href=\"https:\/\/zuptor.pl\/en\/transport-ziarna\/podajniki-slimakowe\/\" title=\"SCREW FEEDERS\">SCREW FEEDERS<\/a><\/div><\/div><\/div><\/div><div class=\"wpb_column vc_column_container vc_col-sm-9\"><div class=\"vc_column-inner vc_custom_1712148788315\"><div class=\"wpb_wrapper\">\n    <h1 class=\"text-left\" >SCREW FEEDERS<\/h1>\n    \t    <div class=\"wprt-lines style-1 custom-3\">\n\t        <div class=\"line-1\"><\/div>\n\t    <\/div>\n    \n        \t\n<div class=\"vc_empty_space\"   style=\"height: 25px\"><span class=\"vc_empty_space_inner\"><\/span><\/div>\n\t<div class=\"wpb_text_column wpb_content_element\" >\n\t\t<div class=\"wpb_wrapper\">\n\t\t\t<p>Screw feeders, also known as augers or screw conveyors, are devices used in the transport of seeds, feed and all kinds of bulk materials (and more) over short distances. They can be used individually or as essential elements of production lines and process lines.<\/p>\n\n\t\t<\/div>\n\t<\/div>\n\n    <h3 class=\"text-left\" >ZUPTOR SCREW FEEDERS<\/h3>\n    \t    <div class=\"wprt-lines style-1 custom-3\">\n\t        <div class=\"line-1\"><\/div>\n\t    <\/div>\n    \n        \t\n<div class=\"vc_empty_space\"   style=\"height: 32px\"><span class=\"vc_empty_space_inner\"><\/span><\/div>\n\t<div  class=\"wpb_single_image wpb_content_element vc_align_center\">\n\t\t\n\t\t<figure class=\"wpb_wrapper vc_figure\">\n\t\t\t<div class=\"vc_single_image-wrapper   vc_box_border_grey\"><img loading=\"lazy\" decoding=\"async\" width=\"524\" height=\"393\" src=\"https:\/\/zuptor.pl\/wp-content\/uploads\/2024\/05\/podajnik-slimakowy.jpg\" class=\"vc_single_image-img attachment-full\" alt=\"PODAJNIKI \u015aLIMAKOWE\" title=\"feeder-screw\" srcset=\"https:\/\/zuptor.pl\/wp-content\/uploads\/2024\/05\/podajnik-slimakowy.jpg 524w, https:\/\/zuptor.pl\/wp-content\/uploads\/2024\/05\/podajnik-slimakowy-300x225.jpg 300w\" sizes=\"auto, (max-width: 524px) 100vw, 524px\" \/><\/div>\n\t\t<\/figure>\n\t<\/div>\n<div class=\"vc_empty_space\"   style=\"height: 32px\"><span class=\"vc_empty_space_inner\"><\/span><\/div><div class=\"vc_tta-container\" data-vc-action=\"collapse\"><div class=\"vc_general vc_tta vc_tta-accordion vc_tta-color-grey vc_tta-style-classic vc_tta-shape-rounded vc_tta-o-shape-group vc_tta-controls-align-default\"><div class=\"vc_tta-panels-container\"><div class=\"vc_tta-panels\"><div class=\"vc_tta-panel vc_active\" id=\"1712129966673-b2952adb-51d2\" data-vc-content=\".vc_tta-panel-body\"><div class=\"vc_tta-panel-heading\"><h4 class=\"vc_tta-panel-title vc_tta-controls-icon-position-left\"><a href=\"#1712129966673-b2952adb-51d2\" data-vc-accordion data-vc-container=\".vc_tta-container\"><span class=\"vc_tta-title-text\">PARAMETERS<\/span><i class=\"vc_tta-controls-icon vc_tta-controls-icon-plus\"><\/i><\/a><\/h4><\/div><div class=\"vc_tta-panel-body\">\n\t<div class=\"wpb_text_column wpb_content_element\" >\n\t\t<div class=\"wpb_wrapper\">\n\t\t\t<ul>\n<li>very high quality workmanship<\/li>\n<li>galvanized feeders<\/li>\n<li>working angle up to 60 degrees<\/li>\n<li>wydajno\u015b\u0107 do 20 t\/h<\/li>\n<li>maksymalna d\u0142ugo\u015b\u0107 12 m<\/li>\n<li>adjustable support structure to change the angle of the feeder<\/li>\n<li>material is transported inside a closed casing<\/li>\n<li>low price and low maintenance requirements<\/li>\n<li>dost\u0119pne dwa modele: z koszem zasypowym PSK lub czerpni\u0105 PSC<\/li>\n<\/ul>\n\n\t\t<\/div>\n\t<\/div>\n<\/div><\/div><div class=\"vc_tta-panel\" id=\"1712129909519-74c1b662-872f\" data-vc-content=\".vc_tta-panel-body\"><div class=\"vc_tta-panel-heading\"><h4 class=\"vc_tta-panel-title vc_tta-controls-icon-position-left\"><a href=\"#1712129909519-74c1b662-872f\" data-vc-accordion data-vc-container=\".vc_tta-container\"><span class=\"vc_tta-title-text\">APPLICATION<\/span><i class=\"vc_tta-controls-icon vc_tta-controls-icon-plus\"><\/i><\/a><\/h4><\/div><div class=\"vc_tta-panel-body\">\n\t<div class=\"wpb_text_column wpb_content_element\" >\n\t\t<div class=\"wpb_wrapper\">\n\t\t\t<p>Podajniki \u015blimakowe s\u0105 zaprojektowane do wydajnego i niezawodnego transportu szerokiej gamy produkt\u00f3w rolnych i przemys\u0142owych. Podajnik \u015blimakowy sk\u0142ada si\u0119 z sekcji wlotowych i wylotowych, sekcji w kszta\u0142cie koryta, \u015blimaka przeno\u015bnikowego z wa\u0142em i czopami, oraz z zespo\u0142u nap\u0119dowego.<\/p>\n<p>Transport \u015blimakiem odbywa si\u0119 poziomo, pod okre\u015blonym k\u0105tem lub pionowo. Modu\u0142owa budowa tych urz\u0105dze\u0144 u\u0142atwia przystosowanie ich do konkretnych funkcji, m.in.: podawania, wybierania oraz dozowania. Wydajno\u015b\u0107 urz\u0105dzenia jest zmienna i zale\u017cna od r\u00f3\u017cnych czynnik\u00f3w, tj. model, rozmiar, wype\u0142nienie, materia\u0142 itd., maksymalnie do 20 t\/h.<\/p>\n\n\t\t<\/div>\n\t<\/div>\n<div class=\"vc_empty_space\"   style=\"height: 80px\"><span class=\"vc_empty_space_inner\"><\/span><\/div><\/div><\/div><\/div><\/div><\/div><\/div><\/div><\/div><\/div><\/div><\/div><div class=\"clearfix\"><\/div><\/section><section class=\"vc_rows wpb_row vc_row-fluid\" ><div class=\"container\"><div class=\"row\"><div class=\"wpb_column vc_column_container vc_col-sm-12 vc_hidden-lg vc_hidden-md vc_hidden-sm\"><div class=\"vc_column-inner\"><div class=\"wpb_wrapper\">\n    <h5 class=\"text-left\" >GRAIN TRANSPORT<\/h5>\n    \t    <div class=\"wprt-lines style-1 custom-3\">\n\t        <div class=\"line-1\"><\/div>\n\t    <\/div>\n    \n        \t\n<div class=\"vc_empty_space\"   style=\"height: 25px\"><span class=\"vc_empty_space_inner\"><\/span><\/div><div class=\"vc_btn3-container  menu vc_btn3-left vc_custom_1716289106761\" ><a class=\"vc_general vc_btn3 vc_btn3-size-sm vc_btn3-shape-square vc_btn3-style-flat vc_btn3-block vc_btn3-color-default\" href=\"https:\/\/zuptor.pl\/en\/transport-ziarna\/podnosniki-kubelkowe-2\/\" title=\"BUCKET ELEVATORS\">BUCKET ELEVATORS<\/a><\/div><div class=\"vc_btn3-container  menu vc_btn3-left vc_custom_1716289369815\" ><a class=\"vc_general vc_btn3 vc_btn3-size-sm vc_btn3-shape-square vc_btn3-style-flat vc_btn3-block vc_btn3-color-default\" href=\"https:\/\/zuptor.pl\/en\/transport-ziarna\/podnosniki-zgarniakowe\/\" title=\"SCRAPER CONVEYORS\">SCRAPER CONVEYORS<\/a><\/div><div class=\"vc_btn3-container  menu vc_btn3-left vc_custom_1716289909986\" ><a class=\"vc_general vc_btn3 vc_btn3-size-sm vc_btn3-shape-square vc_btn3-style-flat vc_btn3-block vc_btn3-color-default\" href=\"https:\/\/zuptor.pl\/en\/transport-ziarna\/przenosniki-tasmowe\/\" title=\"Belt conveyors\">Belt conveyors<\/a><\/div><div class=\"vc_btn3-container  menu vc_btn3-left vc_custom_1716290720322\" ><a class=\"vc_general vc_btn3 vc_btn3-size-sm vc_btn3-shape-square vc_btn3-style-flat vc_btn3-block vc_btn3-color-default\" href=\"https:\/\/zuptor.pl\/en\/transport-ziarna\/podajniki-slimakowe\/\" title=\"SCREW FEEDERS\">SCREW FEEDERS<\/a><\/div><\/div><\/div><\/div><\/div><\/div><div class=\"clearfix\"><\/div><\/section><section class=\"vc_rows wpb_row vc_row-fluid\" ><div class=\"container\"><div class=\"row\"><div class=\"wpb_column vc_column_container vc_col-sm-12\"><div class=\"vc_column-inner\"><div class=\"wpb_wrapper\"><\/div><\/div><\/div><\/div><\/div><div class=\"clearfix\"><\/div><\/section><section class=\"vc_rows wpb_row vc_row-fluid\" ><div class=\"container\"><div class=\"row\"><div class=\"wpb_column vc_column_container vc_col-sm-12\"><div class=\"vc_column-inner\"><div class=\"wpb_wrapper\"><div class=\"vc_empty_space\"   style=\"height: 70px\"><span class=\"vc_empty_space_inner\"><\/span><\/div><\/div><\/div><\/div><\/div><\/div><div class=\"clearfix\"><\/div><\/section>\n<\/div>","protected":false},"excerpt":{"rendered":"Znajd\u017a dystrybutora w najbli\u017cszej okolicy DYSTRYBUTORZY TRANSPORT ZIARNA PODNO\u015aNIKI KUBE\u0141KOWEPRZENO\u015aNIKI ZGARNIAKOWEPRZENO\u015aNIKI TA\u015aMOWEPODAJNIKI \u015aLIMAKOWE PODAJNIKI \u015aLIMAKOWE Podajniki \u015blimakowe, nazywane r\u00f3wnie\u017c \u017cmijkami lub transporterami \u015blimakowymi to urz\u0105dzenia wykorzystywane w transporcie nasion, paszy oraz wszelkiego rodzaju materia\u0142\u00f3w sypkich (i nie tylko) na niewielkie odleg\u0142o\u015bci. Mog\u0105 wyst\u0119powa\u0107 pojedynczo lub jako istotne elementy linii produkcyjnych oraz ci\u0105g\u00f3w technologicznych. PODAJNIKI \u015aLIMAKOWE [...]","protected":false},"author":1,"featured_media":0,"parent":1723,"menu_order":0,"comment_status":"closed","ping_status":"closed","template":"page-templates\/template-fullwidth.php","meta":{"footnotes":""},"class_list":["post-1944","page","type-page","status-publish","hentry"],"yoast_head":"<!-- This site is optimized with the Yoast SEO plugin v24.7 - https:\/\/yoast.com\/wordpress\/plugins\/seo\/ -->\n<title>Podajniki \u015blimakowe | Zuptor<\/title>\n<meta name=\"description\" content=\"Niezawodny transport nasion, paszy i materia\u0142\u00f3w sypkich. Wydajno\u015b\u0107 25 t\/h, maks. d\u0142ugo\u015b\u0107 12 m, dost\u0119pne modele z koszem zasypowym i czerpni\u0105.\" \/>\n<meta name=\"robots\" content=\"index, follow, max-snippet:-1, max-image-preview:large, max-video-preview:-1\" \/>\n<link rel=\"canonical\" href=\"https:\/\/zuptor.pl\/en\/transport-ziarna\/podajniki-slimakowe\/\" \/>\n<meta property=\"og:locale\" content=\"en_GB\" \/>\n<meta property=\"og:type\" content=\"article\" \/>\n<meta property=\"og:title\" content=\"Podajniki \u015blimakowe | Zuptor\" \/>\n<meta property=\"og:description\" content=\"Niezawodny transport nasion, paszy i materia\u0142\u00f3w sypkich. Wydajno\u015b\u0107 25 t\/h, maks. d\u0142ugo\u015b\u0107 12 m, dost\u0119pne modele z koszem zasypowym i czerpni\u0105.\" \/>\n<meta property=\"og:url\" content=\"https:\/\/zuptor.pl\/en\/transport-ziarna\/podajniki-slimakowe\/\" \/>\n<meta property=\"og:site_name\" content=\"Zuptor\" \/>\n<meta property=\"article:modified_time\" content=\"2024-12-04T12:25:50+00:00\" \/>\n<meta name=\"twitter:card\" content=\"summary_large_image\" \/>\n<meta name=\"twitter:label1\" content=\"Estimated reading time\" \/>\n\t<meta name=\"twitter:data1\" content=\"3 minutes\" \/>\n<script type=\"application\/ld+json\" class=\"yoast-schema-graph\">{\"@context\":\"https:\/\/schema.org\",\"@graph\":[{\"@type\":\"WebPage\",\"@id\":\"https:\/\/zuptor.pl\/transport-ziarna\/podajniki-slimakowe\/\",\"url\":\"https:\/\/zuptor.pl\/transport-ziarna\/podajniki-slimakowe\/\",\"name\":\"Podajniki \u015blimakowe | Zuptor\",\"isPartOf\":{\"@id\":\"https:\/\/zuptor.pl\/#website\"},\"datePublished\":\"2024-05-21T11:24:55+00:00\",\"dateModified\":\"2024-12-04T12:25:50+00:00\",\"description\":\"Niezawodny transport nasion, paszy i materia\u0142\u00f3w sypkich. Wydajno\u015b\u0107 25 t\/h, maks. d\u0142ugo\u015b\u0107 12 m, dost\u0119pne modele z koszem zasypowym i czerpni\u0105.\",\"breadcrumb\":{\"@id\":\"https:\/\/zuptor.pl\/transport-ziarna\/podajniki-slimakowe\/#breadcrumb\"},\"inLanguage\":\"en-GB\",\"potentialAction\":[{\"@type\":\"ReadAction\",\"target\":[\"https:\/\/zuptor.pl\/transport-ziarna\/podajniki-slimakowe\/\"]}]},{\"@type\":\"BreadcrumbList\",\"@id\":\"https:\/\/zuptor.pl\/transport-ziarna\/podajniki-slimakowe\/#breadcrumb\",\"itemListElement\":[{\"@type\":\"ListItem\",\"position\":1,\"name\":\"Strona g\u0142\u00f3wna\",\"item\":\"https:\/\/zuptor.pl\/\"},{\"@type\":\"ListItem\",\"position\":2,\"name\":\"Transport ziarna\",\"item\":\"https:\/\/zuptor.pl\/transport-ziarna\/\"},{\"@type\":\"ListItem\",\"position\":3,\"name\":\"Podajniki \u015blimakowe\"}]},{\"@type\":\"WebSite\",\"@id\":\"https:\/\/zuptor.pl\/#website\",\"url\":\"https:\/\/zuptor.pl\/\",\"name\":\"Zuptor\",\"description\":\"\",\"potentialAction\":[{\"@type\":\"SearchAction\",\"target\":{\"@type\":\"EntryPoint\",\"urlTemplate\":\"https:\/\/zuptor.pl\/?s={search_term_string}\"},\"query-input\":{\"@type\":\"PropertyValueSpecification\",\"valueRequired\":true,\"valueName\":\"search_term_string\"}}],\"inLanguage\":\"en-GB\"}]}<\/script>\n<!-- \/ Yoast SEO plugin. -->","yoast_head_json":{"title":"Podajniki \u015blimakowe | Zuptor","description":"Niezawodny transport nasion, paszy i materia\u0142\u00f3w sypkich. Wydajno\u015b\u0107 25 t\/h, maks. d\u0142ugo\u015b\u0107 12 m, dost\u0119pne modele z koszem zasypowym i czerpni\u0105.","robots":{"index":"index","follow":"follow","max-snippet":"max-snippet:-1","max-image-preview":"max-image-preview:large","max-video-preview":"max-video-preview:-1"},"canonical":"https:\/\/zuptor.pl\/en\/transport-ziarna\/podajniki-slimakowe\/","og_locale":"en_GB","og_type":"article","og_title":"Podajniki \u015blimakowe | Zuptor","og_description":"Niezawodny transport nasion, paszy i materia\u0142\u00f3w sypkich. Wydajno\u015b\u0107 25 t\/h, maks. d\u0142ugo\u015b\u0107 12 m, dost\u0119pne modele z koszem zasypowym i czerpni\u0105.","og_url":"https:\/\/zuptor.pl\/en\/transport-ziarna\/podajniki-slimakowe\/","og_site_name":"Zuptor","article_modified_time":"2024-12-04T12:25:50+00:00","twitter_card":"summary_large_image","twitter_misc":{"Estimated reading time":"3 minutes"},"schema":{"@context":"https:\/\/schema.org","@graph":[{"@type":"WebPage","@id":"https:\/\/zuptor.pl\/transport-ziarna\/podajniki-slimakowe\/","url":"https:\/\/zuptor.pl\/transport-ziarna\/podajniki-slimakowe\/","name":"Podajniki \u015blimakowe | Zuptor","isPartOf":{"@id":"https:\/\/zuptor.pl\/#website"},"datePublished":"2024-05-21T11:24:55+00:00","dateModified":"2024-12-04T12:25:50+00:00","description":"Niezawodny transport nasion, paszy i materia\u0142\u00f3w sypkich. Wydajno\u015b\u0107 25 t\/h, maks. d\u0142ugo\u015b\u0107 12 m, dost\u0119pne modele z koszem zasypowym i czerpni\u0105.","breadcrumb":{"@id":"https:\/\/zuptor.pl\/transport-ziarna\/podajniki-slimakowe\/#breadcrumb"},"inLanguage":"en-GB","potentialAction":[{"@type":"ReadAction","target":["https:\/\/zuptor.pl\/transport-ziarna\/podajniki-slimakowe\/"]}]},{"@type":"BreadcrumbList","@id":"https:\/\/zuptor.pl\/transport-ziarna\/podajniki-slimakowe\/#breadcrumb","itemListElement":[{"@type":"ListItem","position":1,"name":"Strona g\u0142\u00f3wna","item":"https:\/\/zuptor.pl\/"},{"@type":"ListItem","position":2,"name":"Transport ziarna","item":"https:\/\/zuptor.pl\/transport-ziarna\/"},{"@type":"ListItem","position":3,"name":"Podajniki \u015blimakowe"}]},{"@type":"WebSite","@id":"https:\/\/zuptor.pl\/#website","url":"https:\/\/zuptor.pl\/","name":"Zuptor","description":"","potentialAction":[{"@type":"SearchAction","target":{"@type":"EntryPoint","urlTemplate":"https:\/\/zuptor.pl\/?s={search_term_string}"},"query-input":{"@type":"PropertyValueSpecification","valueRequired":true,"valueName":"search_term_string"}}],"inLanguage":"en-GB"}]}},"_links":{"self":[{"href":"https:\/\/zuptor.pl\/en\/wp-json\/wp\/v2\/pages\/1944","targetHints":{"allow":["GET"]}}],"collection":[{"href":"https:\/\/zuptor.pl\/en\/wp-json\/wp\/v2\/pages"}],"about":[{"href":"https:\/\/zuptor.pl\/en\/wp-json\/wp\/v2\/types\/page"}],"author":[{"embeddable":true,"href":"https:\/\/zuptor.pl\/en\/wp-json\/wp\/v2\/users\/1"}],"replies":[{"embeddable":true,"href":"https:\/\/zuptor.pl\/en\/wp-json\/wp\/v2\/comments?post=1944"}],"version-history":[{"count":7,"href":"https:\/\/zuptor.pl\/en\/wp-json\/wp\/v2\/pages\/1944\/revisions"}],"predecessor-version":[{"id":2730,"href":"https:\/\/zuptor.pl\/en\/wp-json\/wp\/v2\/pages\/1944\/revisions\/2730"}],"up":[{"embeddable":true,"href":"https:\/\/zuptor.pl\/en\/wp-json\/wp\/v2\/pages\/1723"}],"wp:attachment":[{"href":"https:\/\/zuptor.pl\/en\/wp-json\/wp\/v2\/media?parent=1944"}],"curies":[{"name":"wp","href":"https:\/\/api.w.org\/{rel}","templated":true}]}}