{"id":1931,"date":"2024-05-21T13:02:22","date_gmt":"2024-05-21T11:02:22","guid":{"rendered":"http:\/\/zuptor.dlatestu.co.pl\/?page_id=1931"},"modified":"2024-12-04T13:20:44","modified_gmt":"2024-12-04T12:20:44","slug":"podnosniki-zgarniakowe","status":"publish","type":"page","link":"https:\/\/zuptor.pl\/en\/transport-ziarna\/podnosniki-zgarniakowe\/","title":{"rendered":"Scraper conveyors"},"content":{"rendered":"<div class=\"wpb-content-wrapper\"><section class=\"vc_rows wpb_row vc_row-fluid bg-color-blue vc_custom_1712822727044\" ><div class=\"container\"><div class=\"row\"><div class=\"wpb_column vc_column_container vc_col-sm-12\"><div class=\"vc_column-inner\"><div class=\"wpb_wrapper\">\n\t\t\t<div class=\"col-md-8\">\n\t        <div class=\"wprt-spacer\" data-desktop=\"8\" data-mobi=\"0\" data-smobi=\"0\"><\/div>\n\t        <h2 class=\"text-white text-center-mobile font-size-20 margin-bottom-0\">Find a distributor in your area<\/h2>\n\t        <div class=\"wprt-spacer\" data-desktop=\"0\" data-mobi=\"20\" data-smobi=\"20\"><\/div>\n\t    <\/div>\n\n\t    <div class=\"col-md-4\">\n\t        <div class=\"text-right text-center-mobile\">\n\t        \n\t        <a class=\"wprt-button white rounded-3px\" href=\"https:\/\/zuptor.pl\/en\/dystrybutorzy\/\" target=\"_self\">DISTRIBUTORS<\/a>\t        <\/div>\n\t    <\/div>\n\t\n<\/div><\/div><\/div><\/div><\/div><div class=\"clearfix\"><\/div><\/section><section class=\"vc_rows wpb_row vc_row-fluid vc_custom_1712148861158\" ><div class=\"container\"><div class=\"row\"><div class=\"wpb_column vc_column_container vc_col-sm-3 vc_hidden-xs\"><div class=\"vc_column-inner\"><div class=\"wpb_wrapper\">\n    <h5 class=\"text-left\" >GRAIN TRANSPORT<\/h5>\n    \t    <div class=\"wprt-lines style-1 custom-3\">\n\t        <div class=\"line-1\"><\/div>\n\t    <\/div>\n    \n        \t\n<div class=\"vc_empty_space\"   style=\"height: 25px\"><span class=\"vc_empty_space_inner\"><\/span><\/div><div class=\"vc_btn3-container  menu vc_btn3-left vc_custom_1716289106761\" ><a class=\"vc_general vc_btn3 vc_btn3-size-sm vc_btn3-shape-square vc_btn3-style-flat vc_btn3-block vc_btn3-color-default\" href=\"https:\/\/zuptor.pl\/en\/transport-ziarna\/podnosniki-kubelkowe-2\/\" title=\"BUCKET ELEVATORS\">BUCKET ELEVATORS<\/a><\/div><div class=\"vc_btn3-container  menu vc_btn3-left vc_custom_1733314827257\" ><a class=\"vc_general vc_btn3 vc_btn3-size-sm vc_btn3-shape-square vc_btn3-style-flat vc_btn3-block vc_btn3-color-default\" href=\"https:\/\/zuptor.pl\/en\/transport-ziarna\/podnosniki-zgarniakowe\/\" title=\"SCRAPER CONVEYORS\">PRZENO\u015aNIKI ZGARNIAKOWE<\/a><\/div><div class=\"vc_btn3-container  menu vc_btn3-left vc_custom_1733314837081\" ><a class=\"vc_general vc_btn3 vc_btn3-size-sm vc_btn3-shape-square vc_btn3-style-flat vc_btn3-block vc_btn3-color-default\" href=\"https:\/\/zuptor.pl\/en\/transport-ziarna\/przenosniki-tasmowe\/\" title=\"Belt conveyors\">PRZENO\u015aNIKI TA\u015aMOWE<\/a><\/div><div class=\"vc_btn3-container  menu vc_btn3-left vc_custom_1716290720322\" ><a class=\"vc_general vc_btn3 vc_btn3-size-sm vc_btn3-shape-square vc_btn3-style-flat vc_btn3-block vc_btn3-color-default\" href=\"https:\/\/zuptor.pl\/en\/transport-ziarna\/podajniki-slimakowe\/\" title=\"SCREW FEEDERS\">SCREW FEEDERS<\/a><\/div><\/div><\/div><\/div><div class=\"wpb_column vc_column_container vc_col-sm-9\"><div class=\"vc_column-inner vc_custom_1712148788315\"><div class=\"wpb_wrapper\">\n    <h1 class=\"text-left\" >PRZENO\u015aNIKI ZGARNIAKOWE<\/h1>\n    \t    <div class=\"wprt-lines style-1 custom-3\">\n\t        <div class=\"line-1\"><\/div>\n\t    <\/div>\n    \n        \t\n<div class=\"vc_empty_space\"   style=\"height: 25px\"><span class=\"vc_empty_space_inner\"><\/span><\/div>\n\t<div class=\"wpb_text_column wpb_content_element\" >\n\t\t<div class=\"wpb_wrapper\">\n\t\t\t<p>Przeno\u015bniki zgarniakowe KTF s\u0105 idealnym rozwi\u0105zaniem dla poziomego i lekko pochylonego transportu takich materia\u0142\u00f3w jak zbo\u017ca, nasiona, granulaty itp., tam gdzie wymagany jest kompletnie zamkni\u0119ty, py\u0142oszczelny transport.<\/p>\n\n\t\t<\/div>\n\t<\/div>\n\n    <h3 class=\"text-left\" >PRZENO\u015aNIKI ZGARNIAKOWE ZUPTOR<\/h3>\n    \t    <div class=\"wprt-lines style-1 custom-3\">\n\t        <div class=\"line-1\"><\/div>\n\t    <\/div>\n    \n        \t\n<div class=\"vc_empty_space\"   style=\"height: 32px\"><span class=\"vc_empty_space_inner\"><\/span><\/div>\n\t<div  class=\"wpb_single_image wpb_content_element vc_align_center\">\n\t\t\n\t\t<figure class=\"wpb_wrapper vc_figure\">\n\t\t\t<div class=\"vc_single_image-wrapper   vc_box_border_grey\"><img loading=\"lazy\" decoding=\"async\" width=\"524\" height=\"393\" src=\"https:\/\/zuptor.pl\/wp-content\/uploads\/2024\/04\/przenosniki-tasmowe-zgarniakowe.jpg\" class=\"vc_single_image-img attachment-full\" alt=\"Przeno\u015bniki ta\u015bmowe i zgarniakowe\" title=\"belt conveyors-scrapers\" srcset=\"https:\/\/zuptor.pl\/wp-content\/uploads\/2024\/04\/przenosniki-tasmowe-zgarniakowe.jpg 524w, https:\/\/zuptor.pl\/wp-content\/uploads\/2024\/04\/przenosniki-tasmowe-zgarniakowe-300x225.jpg 300w\" sizes=\"auto, (max-width: 524px) 100vw, 524px\" \/><\/div>\n\t\t<\/figure>\n\t<\/div>\n<div class=\"vc_empty_space\"   style=\"height: 32px\"><span class=\"vc_empty_space_inner\"><\/span><\/div><div class=\"vc_tta-container\" data-vc-action=\"collapse\"><div class=\"vc_general vc_tta vc_tta-accordion vc_tta-color-grey vc_tta-style-classic vc_tta-shape-rounded vc_tta-o-shape-group vc_tta-controls-align-default\"><div class=\"vc_tta-panels-container\"><div class=\"vc_tta-panels\"><div class=\"vc_tta-panel vc_active\" id=\"1712129966673-b2952adb-51d2\" data-vc-content=\".vc_tta-panel-body\"><div class=\"vc_tta-panel-heading\"><h4 class=\"vc_tta-panel-title vc_tta-controls-icon-position-left\"><a href=\"#1712129966673-b2952adb-51d2\" data-vc-accordion data-vc-container=\".vc_tta-container\"><span class=\"vc_tta-title-text\">PARAMETERS<\/span><i class=\"vc_tta-controls-icon vc_tta-controls-icon-plus\"><\/i><\/a><\/h4><\/div><div class=\"vc_tta-panel-body\">\n\t<div class=\"wpb_text_column wpb_content_element\" >\n\t\t<div class=\"wpb_wrapper\">\n\t\t\t<ul>\n<li>horizontal transport of grain and bulk materials over considerable distances<\/li>\n<li>Output from 30 to 400 t\/h<\/li>\n<li>inlet and outlet ducts can be freely installed<\/li>\n<li>robust and durable construction<\/li>\n<\/ul>\n\n\t\t<\/div>\n\t<\/div>\n<\/div><\/div><div class=\"vc_tta-panel\" id=\"1712129909519-74c1b662-872f\" data-vc-content=\".vc_tta-panel-body\"><div class=\"vc_tta-panel-heading\"><h4 class=\"vc_tta-panel-title vc_tta-controls-icon-position-left\"><a href=\"#1712129909519-74c1b662-872f\" data-vc-accordion data-vc-container=\".vc_tta-container\"><span class=\"vc_tta-title-text\">APPLICATION<\/span><i class=\"vc_tta-controls-icon vc_tta-controls-icon-plus\"><\/i><\/a><\/h4><\/div><div class=\"vc_tta-panel-body\">\n\t<div class=\"wpb_text_column wpb_content_element\" >\n\t\t<div class=\"wpb_wrapper\">\n\t\t\t<p>KTF scraper conveyors are made of galvanised steel. They are designed for outdoor use and can withstand all kinds of weather conditions for many years. They convey grain and most dry granular and powdery materials horizontally and are available in models that can operate at 15\u00b0, 30\u00b0 and 45\u00b0 inclination.<\/p>\n<p>Przeno\u015bniki zgarniakowe wykonane s\u0105 w systemie modularnym i mo\u017ce by\u0107 dostarczany w dok\u0142adnie wymaganych d\u0142ugo\u015bciach, max. do 50 mb., z wydajno\u015bci\u0105 o zasi\u0119gu od 30 do 400 t\/h.<\/p>\n\n\t\t<\/div>\n\t<\/div>\n<div class=\"vc_empty_space\"   style=\"height: 80px\"><span class=\"vc_empty_space_inner\"><\/span><\/div><\/div><\/div><\/div><\/div><\/div><\/div><\/div><\/div><\/div><\/div><\/div><div class=\"clearfix\"><\/div><\/section><section class=\"vc_rows wpb_row vc_row-fluid\" ><div class=\"container\"><div class=\"row\"><div class=\"wpb_column vc_column_container vc_col-sm-12 vc_hidden-lg vc_hidden-md vc_hidden-sm\"><div class=\"vc_column-inner\"><div class=\"wpb_wrapper\">\n    <h5 class=\"text-left\" >GRAIN TRANSPORT<\/h5>\n    \t    <div class=\"wprt-lines style-1 custom-3\">\n\t        <div class=\"line-1\"><\/div>\n\t    <\/div>\n    \n        \t\n<div class=\"vc_empty_space\"   style=\"height: 25px\"><span class=\"vc_empty_space_inner\"><\/span><\/div><div class=\"vc_btn3-container  menu vc_btn3-left vc_custom_1716289106761\" ><a class=\"vc_general vc_btn3 vc_btn3-size-sm vc_btn3-shape-square vc_btn3-style-flat vc_btn3-block vc_btn3-color-default\" href=\"https:\/\/zuptor.pl\/en\/transport-ziarna\/podnosniki-kubelkowe-2\/\" title=\"BUCKET ELEVATORS\">BUCKET ELEVATORS<\/a><\/div><div class=\"vc_btn3-container  menu vc_btn3-left vc_custom_1716289369815\" ><a class=\"vc_general vc_btn3 vc_btn3-size-sm vc_btn3-shape-square vc_btn3-style-flat vc_btn3-block vc_btn3-color-default\" href=\"https:\/\/zuptor.pl\/en\/transport-ziarna\/podnosniki-zgarniakowe\/\" title=\"SCRAPER CONVEYORS\">SCRAPER CONVEYORS<\/a><\/div><div class=\"vc_btn3-container  menu vc_btn3-left vc_custom_1716289909986\" ><a class=\"vc_general vc_btn3 vc_btn3-size-sm vc_btn3-shape-square vc_btn3-style-flat vc_btn3-block vc_btn3-color-default\" href=\"https:\/\/zuptor.pl\/en\/transport-ziarna\/przenosniki-tasmowe\/\" title=\"Belt conveyors\">Belt conveyors<\/a><\/div><div class=\"vc_btn3-container  menu vc_btn3-left vc_custom_1716290720322\" ><a class=\"vc_general vc_btn3 vc_btn3-size-sm vc_btn3-shape-square vc_btn3-style-flat vc_btn3-block vc_btn3-color-default\" href=\"https:\/\/zuptor.pl\/en\/transport-ziarna\/podajniki-slimakowe\/\" title=\"SCREW FEEDERS\">SCREW FEEDERS<\/a><\/div><\/div><\/div><\/div><\/div><\/div><div class=\"clearfix\"><\/div><\/section><section class=\"vc_rows wpb_row vc_row-fluid\" ><div class=\"container\"><div class=\"row\"><div class=\"wpb_column vc_column_container vc_col-sm-12\"><div class=\"vc_column-inner\"><div class=\"wpb_wrapper\"><\/div><\/div><\/div><\/div><\/div><div class=\"clearfix\"><\/div><\/section><section class=\"vc_rows wpb_row vc_row-fluid\" ><div class=\"container\"><div class=\"row\"><div class=\"wpb_column vc_column_container vc_col-sm-12\"><div class=\"vc_column-inner\"><div class=\"wpb_wrapper\"><div class=\"vc_empty_space\"   style=\"height: 70px\"><span class=\"vc_empty_space_inner\"><\/span><\/div><\/div><\/div><\/div><\/div><\/div><div class=\"clearfix\"><\/div><\/section>\n<\/div>","protected":false},"excerpt":{"rendered":"Znajd\u017a dystrybutora w najbli\u017cszej okolicy DYSTRYBUTORZY TRANSPORT ZIARNA PODNO\u015aNIKI KUBE\u0141KOWEPRZENO\u015aNIKI ZGARNIAKOWEPRZENO\u015aNIKI TA\u015aMOWEPODAJNIKI \u015aLIMAKOWE PRZENO\u015aNIKI ZGARNIAKOWE Przeno\u015bniki zgarniakowe KTF s\u0105 idealnym rozwi\u0105zaniem dla poziomego i lekko pochylonego transportu takich materia\u0142\u00f3w jak zbo\u017ca, nasiona, granulaty itp., tam gdzie wymagany jest kompletnie zamkni\u0119ty, py\u0142oszczelny transport. PRZENO\u015aNIKI ZGARNIAKOWE ZUPTOR PARAMETRY poziomy transport ziarna i materia\u0142\u00f3w sypkich na znaczne odleg\u0142o\u015bci [...]","protected":false},"author":1,"featured_media":0,"parent":1723,"menu_order":0,"comment_status":"closed","ping_status":"closed","template":"page-templates\/template-fullwidth.php","meta":{"footnotes":""},"class_list":["post-1931","page","type-page","status-publish","hentry"],"yoast_head":"<!-- This site is optimized with the Yoast SEO plugin v24.7 - https:\/\/yoast.com\/wordpress\/plugins\/seo\/ -->\n<title>Przeno\u015bniki zgarniakowe | Zuptor<\/title>\n<meta name=\"description\" content=\"Idealne do poziomego i lekko pochylonego transportu zb\u00f3\u017c, nasion i granulat\u00f3w. Wydajno\u015b\u0107 do 400 t\/h, solidna konstrukcja, ocynkowana stal.\" \/>\n<meta name=\"robots\" content=\"index, follow, max-snippet:-1, max-image-preview:large, max-video-preview:-1\" \/>\n<link rel=\"canonical\" href=\"https:\/\/zuptor.pl\/en\/transport-ziarna\/podnosniki-zgarniakowe\/\" \/>\n<meta property=\"og:locale\" content=\"en_GB\" \/>\n<meta property=\"og:type\" content=\"article\" \/>\n<meta property=\"og:title\" content=\"Przeno\u015bniki zgarniakowe | Zuptor\" \/>\n<meta property=\"og:description\" content=\"Idealne do poziomego i lekko pochylonego transportu zb\u00f3\u017c, nasion i granulat\u00f3w. Wydajno\u015b\u0107 do 400 t\/h, solidna konstrukcja, ocynkowana stal.\" \/>\n<meta property=\"og:url\" content=\"https:\/\/zuptor.pl\/en\/transport-ziarna\/podnosniki-zgarniakowe\/\" \/>\n<meta property=\"og:site_name\" content=\"Zuptor\" \/>\n<meta property=\"article:modified_time\" content=\"2024-12-04T12:20:44+00:00\" \/>\n<meta name=\"twitter:card\" content=\"summary_large_image\" \/>\n<meta name=\"twitter:label1\" content=\"Estimated reading time\" \/>\n\t<meta name=\"twitter:data1\" content=\"3 minutes\" \/>\n<script type=\"application\/ld+json\" class=\"yoast-schema-graph\">{\"@context\":\"https:\/\/schema.org\",\"@graph\":[{\"@type\":\"WebPage\",\"@id\":\"https:\/\/zuptor.pl\/transport-ziarna\/podnosniki-zgarniakowe\/\",\"url\":\"https:\/\/zuptor.pl\/transport-ziarna\/podnosniki-zgarniakowe\/\",\"name\":\"Przeno\u015bniki zgarniakowe | Zuptor\",\"isPartOf\":{\"@id\":\"https:\/\/zuptor.pl\/#website\"},\"datePublished\":\"2024-05-21T11:02:22+00:00\",\"dateModified\":\"2024-12-04T12:20:44+00:00\",\"description\":\"Idealne do poziomego i lekko pochylonego transportu zb\u00f3\u017c, nasion i granulat\u00f3w. Wydajno\u015b\u0107 do 400 t\/h, solidna konstrukcja, ocynkowana stal.\",\"breadcrumb\":{\"@id\":\"https:\/\/zuptor.pl\/transport-ziarna\/podnosniki-zgarniakowe\/#breadcrumb\"},\"inLanguage\":\"en-GB\",\"potentialAction\":[{\"@type\":\"ReadAction\",\"target\":[\"https:\/\/zuptor.pl\/transport-ziarna\/podnosniki-zgarniakowe\/\"]}]},{\"@type\":\"BreadcrumbList\",\"@id\":\"https:\/\/zuptor.pl\/transport-ziarna\/podnosniki-zgarniakowe\/#breadcrumb\",\"itemListElement\":[{\"@type\":\"ListItem\",\"position\":1,\"name\":\"Strona g\u0142\u00f3wna\",\"item\":\"https:\/\/zuptor.pl\/\"},{\"@type\":\"ListItem\",\"position\":2,\"name\":\"Transport ziarna\",\"item\":\"https:\/\/zuptor.pl\/transport-ziarna\/\"},{\"@type\":\"ListItem\",\"position\":3,\"name\":\"Przeno\u015bniki zgarniakowe\"}]},{\"@type\":\"WebSite\",\"@id\":\"https:\/\/zuptor.pl\/#website\",\"url\":\"https:\/\/zuptor.pl\/\",\"name\":\"Zuptor\",\"description\":\"\",\"potentialAction\":[{\"@type\":\"SearchAction\",\"target\":{\"@type\":\"EntryPoint\",\"urlTemplate\":\"https:\/\/zuptor.pl\/?s={search_term_string}\"},\"query-input\":{\"@type\":\"PropertyValueSpecification\",\"valueRequired\":true,\"valueName\":\"search_term_string\"}}],\"inLanguage\":\"en-GB\"}]}<\/script>\n<!-- \/ Yoast SEO plugin. -->","yoast_head_json":{"title":"Przeno\u015bniki zgarniakowe | Zuptor","description":"Idealne do poziomego i lekko pochylonego transportu zb\u00f3\u017c, nasion i granulat\u00f3w. Wydajno\u015b\u0107 do 400 t\/h, solidna konstrukcja, ocynkowana stal.","robots":{"index":"index","follow":"follow","max-snippet":"max-snippet:-1","max-image-preview":"max-image-preview:large","max-video-preview":"max-video-preview:-1"},"canonical":"https:\/\/zuptor.pl\/en\/transport-ziarna\/podnosniki-zgarniakowe\/","og_locale":"en_GB","og_type":"article","og_title":"Przeno\u015bniki zgarniakowe | Zuptor","og_description":"Idealne do poziomego i lekko pochylonego transportu zb\u00f3\u017c, nasion i granulat\u00f3w. Wydajno\u015b\u0107 do 400 t\/h, solidna konstrukcja, ocynkowana stal.","og_url":"https:\/\/zuptor.pl\/en\/transport-ziarna\/podnosniki-zgarniakowe\/","og_site_name":"Zuptor","article_modified_time":"2024-12-04T12:20:44+00:00","twitter_card":"summary_large_image","twitter_misc":{"Estimated reading time":"3 minutes"},"schema":{"@context":"https:\/\/schema.org","@graph":[{"@type":"WebPage","@id":"https:\/\/zuptor.pl\/transport-ziarna\/podnosniki-zgarniakowe\/","url":"https:\/\/zuptor.pl\/transport-ziarna\/podnosniki-zgarniakowe\/","name":"Przeno\u015bniki zgarniakowe | Zuptor","isPartOf":{"@id":"https:\/\/zuptor.pl\/#website"},"datePublished":"2024-05-21T11:02:22+00:00","dateModified":"2024-12-04T12:20:44+00:00","description":"Idealne do poziomego i lekko pochylonego transportu zb\u00f3\u017c, nasion i granulat\u00f3w. Wydajno\u015b\u0107 do 400 t\/h, solidna konstrukcja, ocynkowana stal.","breadcrumb":{"@id":"https:\/\/zuptor.pl\/transport-ziarna\/podnosniki-zgarniakowe\/#breadcrumb"},"inLanguage":"en-GB","potentialAction":[{"@type":"ReadAction","target":["https:\/\/zuptor.pl\/transport-ziarna\/podnosniki-zgarniakowe\/"]}]},{"@type":"BreadcrumbList","@id":"https:\/\/zuptor.pl\/transport-ziarna\/podnosniki-zgarniakowe\/#breadcrumb","itemListElement":[{"@type":"ListItem","position":1,"name":"Strona g\u0142\u00f3wna","item":"https:\/\/zuptor.pl\/"},{"@type":"ListItem","position":2,"name":"Transport ziarna","item":"https:\/\/zuptor.pl\/transport-ziarna\/"},{"@type":"ListItem","position":3,"name":"Przeno\u015bniki zgarniakowe"}]},{"@type":"WebSite","@id":"https:\/\/zuptor.pl\/#website","url":"https:\/\/zuptor.pl\/","name":"Zuptor","description":"","potentialAction":[{"@type":"SearchAction","target":{"@type":"EntryPoint","urlTemplate":"https:\/\/zuptor.pl\/?s={search_term_string}"},"query-input":{"@type":"PropertyValueSpecification","valueRequired":true,"valueName":"search_term_string"}}],"inLanguage":"en-GB"}]}},"_links":{"self":[{"href":"https:\/\/zuptor.pl\/en\/wp-json\/wp\/v2\/pages\/1931","targetHints":{"allow":["GET"]}}],"collection":[{"href":"https:\/\/zuptor.pl\/en\/wp-json\/wp\/v2\/pages"}],"about":[{"href":"https:\/\/zuptor.pl\/en\/wp-json\/wp\/v2\/types\/page"}],"author":[{"embeddable":true,"href":"https:\/\/zuptor.pl\/en\/wp-json\/wp\/v2\/users\/1"}],"replies":[{"embeddable":true,"href":"https:\/\/zuptor.pl\/en\/wp-json\/wp\/v2\/comments?post=1931"}],"version-history":[{"count":7,"href":"https:\/\/zuptor.pl\/en\/wp-json\/wp\/v2\/pages\/1931\/revisions"}],"predecessor-version":[{"id":2725,"href":"https:\/\/zuptor.pl\/en\/wp-json\/wp\/v2\/pages\/1931\/revisions\/2725"}],"up":[{"embeddable":true,"href":"https:\/\/zuptor.pl\/en\/wp-json\/wp\/v2\/pages\/1723"}],"wp:attachment":[{"href":"https:\/\/zuptor.pl\/en\/wp-json\/wp\/v2\/media?parent=1931"}],"curies":[{"name":"wp","href":"https:\/\/api.w.org\/{rel}","templated":true}]}}