{"id":1926,"date":"2024-05-21T12:56:00","date_gmt":"2024-05-21T10:56:00","guid":{"rendered":"http:\/\/zuptor.dlatestu.co.pl\/?page_id=1926"},"modified":"2024-12-04T13:25:07","modified_gmt":"2024-12-04T12:25:07","slug":"podnosniki-kubelkowe-2","status":"publish","type":"page","link":"https:\/\/zuptor.pl\/en\/transport-ziarna\/podnosniki-kubelkowe-2\/","title":{"rendered":"Bucket elevators"},"content":{"rendered":"<div class=\"wpb-content-wrapper\"><section class=\"vc_rows wpb_row vc_row-fluid bg-color-blue vc_custom_1712822727044\" ><div class=\"container\"><div class=\"row\"><div class=\"wpb_column vc_column_container vc_col-sm-12\"><div class=\"vc_column-inner\"><div class=\"wpb_wrapper\">\n\t\t\t<div class=\"col-md-8\">\n\t        <div class=\"wprt-spacer\" data-desktop=\"8\" data-mobi=\"0\" data-smobi=\"0\"><\/div>\n\t        <h2 class=\"text-white text-center-mobile font-size-20 margin-bottom-0\">Find a distributor in your area<\/h2>\n\t        <div class=\"wprt-spacer\" data-desktop=\"0\" data-mobi=\"20\" data-smobi=\"20\"><\/div>\n\t    <\/div>\n\n\t    <div class=\"col-md-4\">\n\t        <div class=\"text-right text-center-mobile\">\n\t        \n\t        <a class=\"wprt-button white rounded-3px\" href=\"https:\/\/zuptor.pl\/en\/dystrybutorzy\/\" target=\"_self\">DISTRIBUTORS<\/a>\t        <\/div>\n\t    <\/div>\n\t\n<\/div><\/div><\/div><\/div><\/div><div class=\"clearfix\"><\/div><\/section><section class=\"vc_rows wpb_row vc_row-fluid vc_custom_1712148861158\" ><div class=\"container\"><div class=\"row\"><div class=\"wpb_column vc_column_container vc_col-sm-3 vc_hidden-xs\"><div class=\"vc_column-inner\"><div class=\"wpb_wrapper\">\n    <h5 class=\"text-left\" >GRAIN TRANSPORT<\/h5>\n    \t    <div class=\"wprt-lines style-1 custom-3\">\n\t        <div class=\"line-1\"><\/div>\n\t    <\/div>\n    \n        \t\n<div class=\"vc_empty_space\"   style=\"height: 25px\"><span class=\"vc_empty_space_inner\"><\/span><\/div><div class=\"vc_btn3-container  menu vc_btn3-left vc_custom_1716289106761\" ><a class=\"vc_general vc_btn3 vc_btn3-size-sm vc_btn3-shape-square vc_btn3-style-flat vc_btn3-block vc_btn3-color-default\" href=\"https:\/\/zuptor.pl\/en\/transport-ziarna\/podnosniki-kubelkowe-2\/\" title=\"BUCKET ELEVATORS\">BUCKET ELEVATORS<\/a><\/div><div class=\"vc_btn3-container  menu vc_btn3-left vc_custom_1733315088761\" ><a class=\"vc_general vc_btn3 vc_btn3-size-sm vc_btn3-shape-square vc_btn3-style-flat vc_btn3-block vc_btn3-color-default\" href=\"https:\/\/zuptor.pl\/en\/transport-ziarna\/podnosniki-zgarniakowe\/\" title=\"SCRAPER CONVEYORS\">PRZENO\u015aNIKI ZGARNIAKOWE<\/a><\/div><div class=\"vc_btn3-container  menu vc_btn3-left vc_custom_1733315097777\" ><a class=\"vc_general vc_btn3 vc_btn3-size-sm vc_btn3-shape-square vc_btn3-style-flat vc_btn3-block vc_btn3-color-default\" href=\"https:\/\/zuptor.pl\/en\/transport-ziarna\/przenosniki-tasmowe\/\" title=\"Belt conveyors\">PRZENO\u015aNIKI TA\u015aMOWE<\/a><\/div><div class=\"vc_btn3-container  menu vc_btn3-left vc_custom_1716290720322\" ><a class=\"vc_general vc_btn3 vc_btn3-size-sm vc_btn3-shape-square vc_btn3-style-flat vc_btn3-block vc_btn3-color-default\" href=\"https:\/\/zuptor.pl\/en\/transport-ziarna\/podajniki-slimakowe\/\" title=\"SCREW FEEDERS\">SCREW FEEDERS<\/a><\/div><\/div><\/div><\/div><div class=\"wpb_column vc_column_container vc_col-sm-9\"><div class=\"vc_column-inner vc_custom_1712148788315\"><div class=\"wpb_wrapper\">\n    <h1 class=\"text-left\" >BUCKET ELEVATORS<\/h1>\n    \t    <div class=\"wprt-lines style-1 custom-3\">\n\t        <div class=\"line-1\"><\/div>\n\t    <\/div>\n    \n        \t\n<div class=\"vc_empty_space\"   style=\"height: 25px\"><span class=\"vc_empty_space_inner\"><\/span><\/div>\n\t<div class=\"wpb_text_column wpb_content_element\" >\n\t\t<div class=\"wpb_wrapper\">\n\t\t\t<p>ZUPTOR bucket elevators are designed for the vertical handling of loose loads, providing them with adequate protection during the transport process - preventing quantitative and qualitative cargo losses.<\/p>\n<p>Bucket elevators are used in a wide variety of industries, including but not limited to seed, processing and food.<\/p>\n\n\t\t<\/div>\n\t<\/div>\n\n    <h3 class=\"text-left\" >ZUPTOR BUCKET ELEVATORS<\/h3>\n    \t    <div class=\"wprt-lines style-1 custom-3\">\n\t        <div class=\"line-1\"><\/div>\n\t    <\/div>\n    \n        \t\n<div class=\"vc_empty_space\"   style=\"height: 32px\"><span class=\"vc_empty_space_inner\"><\/span><\/div>\n\t<div  class=\"wpb_single_image wpb_content_element vc_align_center\">\n\t\t\n\t\t<figure class=\"wpb_wrapper vc_figure\">\n\t\t\t<div class=\"vc_single_image-wrapper   vc_box_border_grey\"><img loading=\"lazy\" decoding=\"async\" width=\"524\" height=\"393\" src=\"https:\/\/zuptor.pl\/wp-content\/uploads\/2024\/04\/podnosniki-kubelkowe.jpg\" class=\"vc_single_image-img attachment-full\" alt=\"Podno\u015bniki kube\u0142kowe\" title=\"tube lifts\" srcset=\"https:\/\/zuptor.pl\/wp-content\/uploads\/2024\/04\/podnosniki-kubelkowe.jpg 524w, https:\/\/zuptor.pl\/wp-content\/uploads\/2024\/04\/podnosniki-kubelkowe-300x225.jpg 300w\" sizes=\"auto, (max-width: 524px) 100vw, 524px\" \/><\/div>\n\t\t<\/figure>\n\t<\/div>\n<div class=\"vc_empty_space\"   style=\"height: 32px\"><span class=\"vc_empty_space_inner\"><\/span><\/div><div class=\"vc_tta-container\" data-vc-action=\"collapse\"><div class=\"vc_general vc_tta vc_tta-accordion vc_tta-color-grey vc_tta-style-classic vc_tta-shape-rounded vc_tta-o-shape-group vc_tta-controls-align-default\"><div class=\"vc_tta-panels-container\"><div class=\"vc_tta-panels\"><div class=\"vc_tta-panel vc_active\" id=\"1712129966673-b2952adb-51d2\" data-vc-content=\".vc_tta-panel-body\"><div class=\"vc_tta-panel-heading\"><h4 class=\"vc_tta-panel-title vc_tta-controls-icon-position-left\"><a href=\"#1712129966673-b2952adb-51d2\" data-vc-accordion data-vc-container=\".vc_tta-container\"><span class=\"vc_tta-title-text\">PARAMETERS<\/span><i class=\"vc_tta-controls-icon vc_tta-controls-icon-plus\"><\/i><\/a><\/h4><\/div><div class=\"vc_tta-panel-body\">\n\t<div class=\"wpb_text_column wpb_content_element\" >\n\t\t<div class=\"wpb_wrapper\">\n\t\t\t<ul>\n<li>capacity from 10 to 400 t\/h<\/li>\n<li>pionowy transport ziarna, wysoko\u015b\u0107 max. 35 m<\/li>\n<li>konstrukcja modu\u0142owa rur max. 3 m<\/li>\n<li>wyposa\u017cony w sprz\u0119g\u0142o jednokierunkowe<\/li>\n<li>can be equipped with a rotary distributor max. 10 charge points.<\/li>\n<\/ul>\n\n\t\t<\/div>\n\t<\/div>\n<\/div><\/div><div class=\"vc_tta-panel\" id=\"1712129909519-74c1b662-872f\" data-vc-content=\".vc_tta-panel-body\"><div class=\"vc_tta-panel-heading\"><h4 class=\"vc_tta-panel-title vc_tta-controls-icon-position-left\"><a href=\"#1712129909519-74c1b662-872f\" data-vc-accordion data-vc-container=\".vc_tta-container\"><span class=\"vc_tta-title-text\">APPLICATION<\/span><i class=\"vc_tta-controls-icon vc_tta-controls-icon-plus\"><\/i><\/a><\/h4><\/div><div class=\"vc_tta-panel-body\">\n\t<div class=\"wpb_text_column wpb_content_element\" >\n\t\t<div class=\"wpb_wrapper\">\n\t\t\t<p>Podno\u015bnik kube\u0142kowy ZUPTOR przeznaczony jest do pionowego transportu produkt\u00f3w, takich jak ziarno czy granulaty, na wysoko\u015b\u0107 max. 35 m. Urz\u0105dzenie to wyr\u00f3\u017cnia si\u0119 wysok\u0105 trwa\u0142o\u015bci\u0105, bezpiecze\u0144stwem pracy oraz niskim zu\u017cyciem energii w stosunku do wydajno\u015bci.<\/p>\n<p>Podno\u015bniki kube\u0142kowe s\u0105 dost\u0119pny z wydajno\u015bci\u0105 od 10 do 400 t\/h. Podno\u015bnik kube\u0142kowy jest wykonany z bardzo trwa\u0142ego materia\u0142u i mo\u017ce by\u0107 zainstalowany zar\u00f3wno wewn\u0105trz jak i na zewn\u0105trz budynku. Urz\u0105dzenia s\u0105 dostarczane w \u0142atwych do monta\u017cu sekcjach modu\u0142owych ocynkowanych, lub alternatywnie malowanych.<\/p>\n<p>ZUPTOR bucket elevators offer a wide range of different models that can be individually adapted to specific tasks. We will select the optimum types of lift, as well as designing the entire conveying installation to suit your processes.<\/p>\n\n\t\t<\/div>\n\t<\/div>\n<div class=\"vc_empty_space\"   style=\"height: 80px\"><span class=\"vc_empty_space_inner\"><\/span><\/div><\/div><\/div><\/div><\/div><\/div><\/div><\/div><\/div><\/div><\/div><\/div><div class=\"clearfix\"><\/div><\/section><section class=\"vc_rows wpb_row vc_row-fluid\" ><div class=\"container\"><div class=\"row\"><div class=\"wpb_column vc_column_container vc_col-sm-12 vc_hidden-lg vc_hidden-md vc_hidden-sm\"><div class=\"vc_column-inner\"><div class=\"wpb_wrapper\">\n    <h5 class=\"text-left\" >GRAIN TRANSPORT<\/h5>\n    \t    <div class=\"wprt-lines style-1 custom-3\">\n\t        <div class=\"line-1\"><\/div>\n\t    <\/div>\n    \n        \t\n<div class=\"vc_empty_space\"   style=\"height: 25px\"><span class=\"vc_empty_space_inner\"><\/span><\/div><div class=\"vc_btn3-container  menu vc_btn3-left vc_custom_1716289106761\" ><a class=\"vc_general vc_btn3 vc_btn3-size-sm vc_btn3-shape-square vc_btn3-style-flat vc_btn3-block vc_btn3-color-default\" href=\"https:\/\/zuptor.pl\/en\/transport-ziarna\/podnosniki-kubelkowe-2\/\" title=\"BUCKET ELEVATORS\">BUCKET ELEVATORS<\/a><\/div><div class=\"vc_btn3-container  menu vc_btn3-left vc_custom_1716289369815\" ><a class=\"vc_general vc_btn3 vc_btn3-size-sm vc_btn3-shape-square vc_btn3-style-flat vc_btn3-block vc_btn3-color-default\" href=\"https:\/\/zuptor.pl\/en\/transport-ziarna\/podnosniki-zgarniakowe\/\" title=\"SCRAPER CONVEYORS\">SCRAPER CONVEYORS<\/a><\/div><div class=\"vc_btn3-container  menu vc_btn3-left vc_custom_1716289909986\" ><a class=\"vc_general vc_btn3 vc_btn3-size-sm vc_btn3-shape-square vc_btn3-style-flat vc_btn3-block vc_btn3-color-default\" href=\"https:\/\/zuptor.pl\/en\/transport-ziarna\/przenosniki-tasmowe\/\" title=\"Belt conveyors\">Belt conveyors<\/a><\/div><div class=\"vc_btn3-container  menu vc_btn3-left vc_custom_1716290720322\" ><a class=\"vc_general vc_btn3 vc_btn3-size-sm vc_btn3-shape-square vc_btn3-style-flat vc_btn3-block vc_btn3-color-default\" href=\"https:\/\/zuptor.pl\/en\/transport-ziarna\/podajniki-slimakowe\/\" title=\"SCREW FEEDERS\">SCREW FEEDERS<\/a><\/div><\/div><\/div><\/div><\/div><\/div><div class=\"clearfix\"><\/div><\/section><section class=\"vc_rows wpb_row vc_row-fluid\" ><div class=\"container\"><div class=\"row\"><div class=\"wpb_column vc_column_container vc_col-sm-12\"><div class=\"vc_column-inner\"><div class=\"wpb_wrapper\"><\/div><\/div><\/div><\/div><\/div><div class=\"clearfix\"><\/div><\/section><section class=\"vc_rows wpb_row vc_row-fluid\" ><div class=\"container\"><div class=\"row\"><div class=\"wpb_column vc_column_container vc_col-sm-12\"><div class=\"vc_column-inner\"><div class=\"wpb_wrapper\"><div class=\"vc_empty_space\"   style=\"height: 70px\"><span class=\"vc_empty_space_inner\"><\/span><\/div><\/div><\/div><\/div><\/div><\/div><div class=\"clearfix\"><\/div><\/section>\n<\/div>","protected":false},"excerpt":{"rendered":"Znajd\u017a dystrybutora w najbli\u017cszej okolicy DYSTRYBUTORZY TRANSPORT ZIARNA PODNO\u015aNIKI KUBE\u0141KOWEPRZENO\u015aNIKI ZGARNIAKOWEPRZENO\u015aNIKI TA\u015aMOWEPODAJNIKI \u015aLIMAKOWE PODNO\u015aNIKI KUBE\u0141KOWE Podno\u015bniki kube\u0142kowe ZUPTOR przeznaczone do pionowego przenoszenia \u0142adunk\u00f3w sypkich, zapewniaj\u0105c im odpowiedni\u0105 ochron\u0119 podczas procesu transportu \u2013 zabezpieczaj\u0105 przed stratami ilo\u015bciowymi oraz jako\u015bciowymi \u0142adunk\u00f3w. Podno\u015bniki kube\u0142kowe wykorzystywane s\u0105 w wielu r\u00f3\u017cnych bran\u017cach, w tym mi\u0119dzy innymi w nasiennictwie, w bran\u017cy [...]","protected":false},"author":1,"featured_media":0,"parent":1723,"menu_order":0,"comment_status":"closed","ping_status":"closed","template":"page-templates\/template-fullwidth.php","meta":{"footnotes":""},"class_list":["post-1926","page","type-page","status-publish","hentry"],"yoast_head":"<!-- This site is optimized with the Yoast SEO plugin v24.7 - https:\/\/yoast.com\/wordpress\/plugins\/seo\/ -->\n<title>Podno\u015bniki kube\u0142kowe | Zuptor<\/title>\n<meta name=\"description\" content=\"Pionowy transport \u0142adunk\u00f3w sypkich do 35 m. Wydajno\u015b\u0107 od 10 do 400 t\/h, modu\u0142owa konstrukcja, wysoka trwa\u0142o\u015b\u0107, niski pob\u00f3r energii.\" \/>\n<meta name=\"robots\" content=\"index, follow, max-snippet:-1, max-image-preview:large, max-video-preview:-1\" \/>\n<link rel=\"canonical\" href=\"https:\/\/zuptor.pl\/en\/transport-ziarna\/podnosniki-kubelkowe-2\/\" \/>\n<meta property=\"og:locale\" content=\"en_GB\" \/>\n<meta property=\"og:type\" content=\"article\" \/>\n<meta property=\"og:title\" content=\"Podno\u015bniki kube\u0142kowe | Zuptor\" \/>\n<meta property=\"og:description\" content=\"Pionowy transport \u0142adunk\u00f3w sypkich do 35 m. Wydajno\u015b\u0107 od 10 do 400 t\/h, modu\u0142owa konstrukcja, wysoka trwa\u0142o\u015b\u0107, niski pob\u00f3r energii.\" \/>\n<meta property=\"og:url\" content=\"https:\/\/zuptor.pl\/en\/transport-ziarna\/podnosniki-kubelkowe-2\/\" \/>\n<meta property=\"og:site_name\" content=\"Zuptor\" \/>\n<meta property=\"article:modified_time\" content=\"2024-12-04T12:25:07+00:00\" \/>\n<meta name=\"twitter:card\" content=\"summary_large_image\" \/>\n<meta name=\"twitter:label1\" content=\"Estimated reading time\" \/>\n\t<meta name=\"twitter:data1\" content=\"3 minutes\" \/>\n<script type=\"application\/ld+json\" class=\"yoast-schema-graph\">{\"@context\":\"https:\/\/schema.org\",\"@graph\":[{\"@type\":\"WebPage\",\"@id\":\"https:\/\/zuptor.pl\/transport-ziarna\/podnosniki-kubelkowe-2\/\",\"url\":\"https:\/\/zuptor.pl\/transport-ziarna\/podnosniki-kubelkowe-2\/\",\"name\":\"Podno\u015bniki kube\u0142kowe | Zuptor\",\"isPartOf\":{\"@id\":\"https:\/\/zuptor.pl\/#website\"},\"datePublished\":\"2024-05-21T10:56:00+00:00\",\"dateModified\":\"2024-12-04T12:25:07+00:00\",\"description\":\"Pionowy transport \u0142adunk\u00f3w sypkich do 35 m. Wydajno\u015b\u0107 od 10 do 400 t\/h, modu\u0142owa konstrukcja, wysoka trwa\u0142o\u015b\u0107, niski pob\u00f3r energii.\",\"breadcrumb\":{\"@id\":\"https:\/\/zuptor.pl\/transport-ziarna\/podnosniki-kubelkowe-2\/#breadcrumb\"},\"inLanguage\":\"en-GB\",\"potentialAction\":[{\"@type\":\"ReadAction\",\"target\":[\"https:\/\/zuptor.pl\/transport-ziarna\/podnosniki-kubelkowe-2\/\"]}]},{\"@type\":\"BreadcrumbList\",\"@id\":\"https:\/\/zuptor.pl\/transport-ziarna\/podnosniki-kubelkowe-2\/#breadcrumb\",\"itemListElement\":[{\"@type\":\"ListItem\",\"position\":1,\"name\":\"Strona g\u0142\u00f3wna\",\"item\":\"https:\/\/zuptor.pl\/\"},{\"@type\":\"ListItem\",\"position\":2,\"name\":\"Transport ziarna\",\"item\":\"https:\/\/zuptor.pl\/transport-ziarna\/\"},{\"@type\":\"ListItem\",\"position\":3,\"name\":\"Podno\u015bniki kube\u0142kowe\"}]},{\"@type\":\"WebSite\",\"@id\":\"https:\/\/zuptor.pl\/#website\",\"url\":\"https:\/\/zuptor.pl\/\",\"name\":\"Zuptor\",\"description\":\"\",\"potentialAction\":[{\"@type\":\"SearchAction\",\"target\":{\"@type\":\"EntryPoint\",\"urlTemplate\":\"https:\/\/zuptor.pl\/?s={search_term_string}\"},\"query-input\":{\"@type\":\"PropertyValueSpecification\",\"valueRequired\":true,\"valueName\":\"search_term_string\"}}],\"inLanguage\":\"en-GB\"}]}<\/script>\n<!-- \/ Yoast SEO plugin. -->","yoast_head_json":{"title":"Podno\u015bniki kube\u0142kowe | Zuptor","description":"Pionowy transport \u0142adunk\u00f3w sypkich do 35 m. Wydajno\u015b\u0107 od 10 do 400 t\/h, modu\u0142owa konstrukcja, wysoka trwa\u0142o\u015b\u0107, niski pob\u00f3r energii.","robots":{"index":"index","follow":"follow","max-snippet":"max-snippet:-1","max-image-preview":"max-image-preview:large","max-video-preview":"max-video-preview:-1"},"canonical":"https:\/\/zuptor.pl\/en\/transport-ziarna\/podnosniki-kubelkowe-2\/","og_locale":"en_GB","og_type":"article","og_title":"Podno\u015bniki kube\u0142kowe | Zuptor","og_description":"Pionowy transport \u0142adunk\u00f3w sypkich do 35 m. Wydajno\u015b\u0107 od 10 do 400 t\/h, modu\u0142owa konstrukcja, wysoka trwa\u0142o\u015b\u0107, niski pob\u00f3r energii.","og_url":"https:\/\/zuptor.pl\/en\/transport-ziarna\/podnosniki-kubelkowe-2\/","og_site_name":"Zuptor","article_modified_time":"2024-12-04T12:25:07+00:00","twitter_card":"summary_large_image","twitter_misc":{"Estimated reading time":"3 minutes"},"schema":{"@context":"https:\/\/schema.org","@graph":[{"@type":"WebPage","@id":"https:\/\/zuptor.pl\/transport-ziarna\/podnosniki-kubelkowe-2\/","url":"https:\/\/zuptor.pl\/transport-ziarna\/podnosniki-kubelkowe-2\/","name":"Podno\u015bniki kube\u0142kowe | Zuptor","isPartOf":{"@id":"https:\/\/zuptor.pl\/#website"},"datePublished":"2024-05-21T10:56:00+00:00","dateModified":"2024-12-04T12:25:07+00:00","description":"Pionowy transport \u0142adunk\u00f3w sypkich do 35 m. Wydajno\u015b\u0107 od 10 do 400 t\/h, modu\u0142owa konstrukcja, wysoka trwa\u0142o\u015b\u0107, niski pob\u00f3r energii.","breadcrumb":{"@id":"https:\/\/zuptor.pl\/transport-ziarna\/podnosniki-kubelkowe-2\/#breadcrumb"},"inLanguage":"en-GB","potentialAction":[{"@type":"ReadAction","target":["https:\/\/zuptor.pl\/transport-ziarna\/podnosniki-kubelkowe-2\/"]}]},{"@type":"BreadcrumbList","@id":"https:\/\/zuptor.pl\/transport-ziarna\/podnosniki-kubelkowe-2\/#breadcrumb","itemListElement":[{"@type":"ListItem","position":1,"name":"Strona g\u0142\u00f3wna","item":"https:\/\/zuptor.pl\/"},{"@type":"ListItem","position":2,"name":"Transport ziarna","item":"https:\/\/zuptor.pl\/transport-ziarna\/"},{"@type":"ListItem","position":3,"name":"Podno\u015bniki kube\u0142kowe"}]},{"@type":"WebSite","@id":"https:\/\/zuptor.pl\/#website","url":"https:\/\/zuptor.pl\/","name":"Zuptor","description":"","potentialAction":[{"@type":"SearchAction","target":{"@type":"EntryPoint","urlTemplate":"https:\/\/zuptor.pl\/?s={search_term_string}"},"query-input":{"@type":"PropertyValueSpecification","valueRequired":true,"valueName":"search_term_string"}}],"inLanguage":"en-GB"}]}},"_links":{"self":[{"href":"https:\/\/zuptor.pl\/en\/wp-json\/wp\/v2\/pages\/1926","targetHints":{"allow":["GET"]}}],"collection":[{"href":"https:\/\/zuptor.pl\/en\/wp-json\/wp\/v2\/pages"}],"about":[{"href":"https:\/\/zuptor.pl\/en\/wp-json\/wp\/v2\/types\/page"}],"author":[{"embeddable":true,"href":"https:\/\/zuptor.pl\/en\/wp-json\/wp\/v2\/users\/1"}],"replies":[{"embeddable":true,"href":"https:\/\/zuptor.pl\/en\/wp-json\/wp\/v2\/comments?post=1926"}],"version-history":[{"count":8,"href":"https:\/\/zuptor.pl\/en\/wp-json\/wp\/v2\/pages\/1926\/revisions"}],"predecessor-version":[{"id":2729,"href":"https:\/\/zuptor.pl\/en\/wp-json\/wp\/v2\/pages\/1926\/revisions\/2729"}],"up":[{"embeddable":true,"href":"https:\/\/zuptor.pl\/en\/wp-json\/wp\/v2\/pages\/1723"}],"wp:attachment":[{"href":"https:\/\/zuptor.pl\/en\/wp-json\/wp\/v2\/media?parent=1926"}],"curies":[{"name":"wp","href":"https:\/\/api.w.org\/{rel}","templated":true}]}}