{"id":1897,"date":"2024-05-21T11:03:53","date_gmt":"2024-05-21T09:03:53","guid":{"rendered":"http:\/\/zuptor.dlatestu.co.pl\/?page_id=1897"},"modified":"2024-11-18T15:20:28","modified_gmt":"2024-11-18T14:20:28","slug":"rozdrabniacze-ssaco-tloczace-2","status":"publish","type":"page","link":"https:\/\/zuptor.pl\/en\/rozdrabniacze-pasz\/rozdrabniacze-ssaco-tloczace-2\/","title":{"rendered":"Suction and compression shredders"},"content":{"rendered":"<div class=\"wpb-content-wrapper\"><section class=\"vc_rows wpb_row vc_row-fluid bg-color-blue vc_custom_1712822727044\" ><div class=\"container\"><div class=\"row\"><div class=\"wpb_column vc_column_container vc_col-sm-12\"><div class=\"vc_column-inner\"><div class=\"wpb_wrapper\">\n\t\t\t<div class=\"col-md-8\">\n\t        <div class=\"wprt-spacer\" data-desktop=\"8\" data-mobi=\"0\" data-smobi=\"0\"><\/div>\n\t        <h2 class=\"text-white text-center-mobile font-size-20 margin-bottom-0\">Find a distributor in your area<\/h2>\n\t        <div class=\"wprt-spacer\" data-desktop=\"0\" data-mobi=\"20\" data-smobi=\"20\"><\/div>\n\t    <\/div>\n\n\t    <div class=\"col-md-4\">\n\t        <div class=\"text-right text-center-mobile\">\n\t        \n\t        <a class=\"wprt-button white rounded-3px\" href=\"https:\/\/zuptor.pl\/en\/dystrybutorzy\/\" target=\"_self\">DISTRIBUTORS<\/a>\t        <\/div>\n\t    <\/div>\n\t\n<\/div><\/div><\/div><\/div><\/div><div class=\"clearfix\"><\/div><\/section><section class=\"vc_rows wpb_row vc_row-fluid vc_custom_1712148861158\" ><div class=\"container\"><div class=\"row\"><div class=\"wpb_column vc_column_container vc_col-sm-3 vc_hidden-xs\"><div class=\"vc_column-inner\"><div class=\"wpb_wrapper\">\n    <h5 class=\"text-left\" >FEED SHREDDERS GRINDERS<\/h5>\n    \t    <div class=\"wprt-lines style-1 custom-3\">\n\t        <div class=\"line-1\"><\/div>\n\t    <\/div>\n    \n        \t\n<div class=\"vc_empty_space\"   style=\"height: 25px\"><span class=\"vc_empty_space_inner\"><\/span><\/div><div class=\"vc_btn3-container  menu vc_btn3-left vc_custom_1716284805886\" ><a class=\"vc_general vc_btn3 vc_btn3-size-sm vc_btn3-shape-square vc_btn3-style-flat vc_btn3-block vc_btn3-color-default\" href=\"https:\/\/zuptor.pl\/en\/rozdrabniacze-pasz\/rozdrabniacze-ssaco-tloczace-2\/\" title=\"SUCTION AND PRESSURE SHREDDERS\">SUCTION AND PRESSURE SHREDDERS<\/a><\/div><div class=\"vc_btn3-container  menu vc_btn3-left vc_custom_1716285862621\" ><a class=\"vc_general vc_btn3 vc_btn3-size-sm vc_btn3-shape-square vc_btn3-style-flat vc_btn3-block vc_btn3-color-default\" href=\"https:\/\/zuptor.pl\/en\/rozdrabniacze-pasz\/rozdrabniacze-zasypowe-2\/\" title=\"BATCH SHREDDERS\">BATCH SHREDDERS<\/a><\/div><\/div><\/div><\/div><div class=\"wpb_column vc_column_container vc_col-sm-9\"><div class=\"vc_column-inner vc_custom_1712148788315\"><div class=\"wpb_wrapper\">\n    <h1 class=\"text-left\" >SUCTION AND PRESSURE SHREDDERS<\/h1>\n    \t    <div class=\"wprt-lines style-1 custom-3\">\n\t        <div class=\"line-1\"><\/div>\n\t    <\/div>\n    \n        \t\n<div class=\"vc_empty_space\"   style=\"height: 25px\"><span class=\"vc_empty_space_inner\"><\/span><\/div>\n\t<div class=\"wpb_text_column wpb_content_element\" >\n\t\t<div class=\"wpb_wrapper\">\n\t\t\t<p>The ZUPTOR suction and feed shredders (shredders) are designed for the shredding of grain. The device automatically takes grain from a heap, hopper or silo, and feeds the shredded material to a mixer, with which it forms a line for preparing feed.<\/p>\n\n\t\t<\/div>\n\t<\/div>\n\n    <h2 class=\"text-left\" >ZUPTOR SHOTBLASTERS<\/h2>\n    \t    <div class=\"wprt-lines style-1 custom-3\">\n\t        <div class=\"line-1\"><\/div>\n\t    <\/div>\n    \n        \t\n<div class=\"vc_empty_space\"   style=\"height: 32px\"><span class=\"vc_empty_space_inner\"><\/span><\/div>\n\t<div  class=\"wpb_single_image wpb_content_element vc_align_center\">\n\t\t\n\t\t<figure class=\"wpb_wrapper vc_figure\">\n\t\t\t<div class=\"vc_single_image-wrapper   vc_box_border_grey\"><img loading=\"lazy\" decoding=\"async\" width=\"524\" height=\"393\" src=\"https:\/\/zuptor.pl\/wp-content\/uploads\/2024\/04\/rozdrabniacze-ssaco-tloczace.jpg\" class=\"vc_single_image-img attachment-full\" alt=\"rozdrabniacze ss\u0105co-t\u0142ocz\u0105ce\" title=\"shredders-suckers\" srcset=\"https:\/\/zuptor.pl\/wp-content\/uploads\/2024\/04\/rozdrabniacze-ssaco-tloczace.jpg 524w, https:\/\/zuptor.pl\/wp-content\/uploads\/2024\/04\/rozdrabniacze-ssaco-tloczace-300x225.jpg 300w\" sizes=\"auto, (max-width: 524px) 100vw, 524px\" \/><\/div>\n\t\t<\/figure>\n\t<\/div>\n<div class=\"vc_empty_space\"   style=\"height: 32px\"><span class=\"vc_empty_space_inner\"><\/span><\/div><div class=\"vc_tta-container\" data-vc-action=\"collapse\"><div class=\"vc_general vc_tta vc_tta-accordion vc_tta-color-grey vc_tta-style-classic vc_tta-shape-rounded vc_tta-o-shape-group vc_tta-controls-align-default\"><div class=\"vc_tta-panels-container\"><div class=\"vc_tta-panels\"><div class=\"vc_tta-panel vc_active\" id=\"1716207683815-752223ca-ba28\" data-vc-content=\".vc_tta-panel-body\"><div class=\"vc_tta-panel-heading\"><h4 class=\"vc_tta-panel-title vc_tta-controls-icon-position-left\"><a href=\"#1716207683815-752223ca-ba28\" data-vc-accordion data-vc-container=\".vc_tta-container\"><span class=\"vc_tta-title-text\">PARAMETERS<\/span><i class=\"vc_tta-controls-icon vc_tta-controls-icon-plus\"><\/i><\/a><\/h4><\/div><div class=\"vc_tta-panel-body\">\n\t<div class=\"wpb_text_column wpb_content_element\" >\n\t\t<div class=\"wpb_wrapper\">\n\t\t\t<ul>\n<li>cool middlings thanks to slotted screens and ventilation chamber<\/li>\n<li>reinforced version available to increase component life by up to three times for high performance (optional extra)<\/li>\n<li>possibility to extend the suction path up to 30m (optional extra)<\/li>\n<li>the ammeter used makes it possible to set the optimum capacity of the shredder<\/li>\n<li>maximum sieve area<\/li>\n<li>guaranteed high performance<\/li>\n<li>dispatch of spare parts within 24 hours<\/li>\n<\/ul>\n\n\t\t<\/div>\n\t<\/div>\n<\/div><\/div><div class=\"vc_tta-panel\" id=\"1718626212723-40511b46-5d41\" data-vc-content=\".vc_tta-panel-body\"><div class=\"vc_tta-panel-heading\"><h4 class=\"vc_tta-panel-title vc_tta-controls-icon-position-left\"><a href=\"#1718626212723-40511b46-5d41\" data-vc-accordion data-vc-container=\".vc_tta-container\"><span class=\"vc_tta-title-text\">TECHNICAL DATA<\/span><i class=\"vc_tta-controls-icon vc_tta-controls-icon-plus\"><\/i><\/a><\/h4><\/div><div class=\"vc_tta-panel-body\">\n\t<div class=\"wpb_text_column wpb_content_element\" >\n\t\t<div class=\"wpb_wrapper\">\n\t\t\t<h3>12 kW<\/h3>\n<ul>\n<li>Type: H105\/1<\/li>\n<li>* Capacity (kg\/h): up to 1200<\/li>\n<li>Maximum suction length (m): 15<\/li>\n<li>Maximum discharge length (m): 7<\/li>\n<li>Number of beaters (pcs.): 20<\/li>\n<li>Slotted sieve size (mm): 1.8 - 5<\/li>\n<li>Mesh sieve size (\u2300): 3 - 20<\/li>\n<li>Protection required (A): 25<\/li>\n<\/ul>\n<h3>16.2 kW<\/h3>\n<ul>\n<li>Type: H105\/2<\/li>\n<li>* Capacity (kg\/h): up to 1600<\/li>\n<li>Maximum suction length (m): 15<\/li>\n<li>Maximum discharge length (m): 7<\/li>\n<li>Number of beaters (pcs.): 28<\/li>\n<li>Slotted sieve size (mm): 1.8 - 5<\/li>\n<li>Mesh sieve size (\u2300): 3 - 20<\/li>\n<li>Protection required (A): 35<\/li>\n<\/ul>\n<h3>20 kW<\/h3>\n<ul>\n<li>Type: H105\/3<\/li>\n<li>* Capacity (kg\/h): up to 1800<\/li>\n<li>Maximum suction length (m): 20<\/li>\n<li>Maximum discharge length (m): 7<\/li>\n<li>Number of beaters (pcs.): 36<\/li>\n<li>Slotted sieve size (mm): 1.8 - 5<\/li>\n<li>Mesh sieve size (\u2300): 3 - 20<\/li>\n<li>Protection required (A): 45<\/li>\n<\/ul>\n<h3>23.8 kW<\/h3>\n<ul>\n<li>Type: H105\/4<\/li>\n<li>* Capacity (kg\/h): up to 2000<\/li>\n<li>Maximum suction length (m): 20<\/li>\n<li>Maximum discharge length (m): 7<\/li>\n<li>Number of beaters (pcs.): 40<\/li>\n<li>Slotted sieve size (mm): 1.8 - 5<\/li>\n<li>Mesh sieve size (\u2300): 3 - 20<\/li>\n<li>Protection required (A): 63<\/li>\n<\/ul>\n<h3>32.4 kW<\/h3>\n<ul>\n<li>Type: H105\/4<\/li>\n<li>* Capacity (kg\/h): up to 3000<\/li>\n<li>Maximum suction length (m): 20<\/li>\n<li>Maximum discharge length (m): 10<\/li>\n<li>Number of beaters (pcs.): 40<\/li>\n<li>Slotted sieve size (mm): 1.8 - 5<\/li>\n<li>Mesh sieve size (\u2300): 3 - 20<\/li>\n<li>Wymagane zabezpieczenie (A): 80<\/li>\n<\/ul>\n<p>* Capacity quoted for wheat at 14%, with a suction path of 8m and an O 6 mesh or 2 mm slotted sieve.<\/p>\n\n\t\t<\/div>\n\t<\/div>\n<\/div><\/div><div class=\"vc_tta-panel\" id=\"1716207683830-5bd0aef7-92c8\" data-vc-content=\".vc_tta-panel-body\"><div class=\"vc_tta-panel-heading\"><h4 class=\"vc_tta-panel-title vc_tta-controls-icon-position-left\"><a href=\"#1716207683830-5bd0aef7-92c8\" data-vc-accordion data-vc-container=\".vc_tta-container\"><span class=\"vc_tta-title-text\">APPLICATION<\/span><i class=\"vc_tta-controls-icon vc_tta-controls-icon-plus\"><\/i><\/a><\/h4><\/div><div class=\"vc_tta-panel-body\">\n\t<div class=\"wpb_text_column wpb_content_element\" >\n\t\t<div class=\"wpb_wrapper\">\n\t\t\t<p>The ZUPTOR suction and pressing shredder is designed for the shredding of cereal and maize grains. The grain is broken down by its impact with the hammers located in the shredding chamber.<\/p>\n<p>Thanks to the use of an additional fan for grain intake and middlings ejection, suction-flap shredders have the ability to take grain from a heap or silo on their own. Middlings production then becomes extremely efficient and unobtrusive.  The design of these machines allows the sieves to be changed quickly to select the appropriate granulation for the animal group.<\/p>\n\n\t\t<\/div>\n\t<\/div>\n<\/div><\/div><\/div><\/div><\/div><\/div><div class=\"vc_empty_space\"   style=\"height: 32px\"><span class=\"vc_empty_space_inner\"><\/span><\/div><div class=\"vc_row wpb_row vc_inner vc_row-fluid\"><div class=\"wpb_column vc_column_container vc_col-sm-12\"><div class=\"vc_column-inner\"><div class=\"wpb_wrapper\">\n    <h2 class=\"text-left\" >ACCESSORIES FOR SUCTION AND COMPRESSION SHREDDERS<\/h2>\n    \t    <div class=\"wprt-lines style-1 custom-3\">\n\t        <div class=\"line-1\"><\/div>\n\t    <\/div>\n    \n        \t\n<\/div><\/div><\/div><\/div><div class=\"vc_empty_space\"   style=\"height: 32px\"><span class=\"vc_empty_space_inner\"><\/span><\/div><div class=\"vc_row wpb_row vc_inner vc_row-fluid\"><div class=\"wpb_column vc_column_container vc_col-sm-3\"><div class=\"vc_column-inner\"><div class=\"wpb_wrapper\">\n\t<div  class=\"wpb_single_image wpb_content_element vc_align_left\">\n\t\t\n\t\t<figure class=\"wpb_wrapper vc_figure\">\n\t\t\t<div class=\"vc_single_image-wrapper   vc_box_border_grey\"><img loading=\"lazy\" decoding=\"async\" width=\"300\" height=\"225\" src=\"https:\/\/zuptor.pl\/wp-content\/uploads\/2024\/05\/01-wersja-wzmocniona-rozdrabniacza-300x225-1.jpg\" class=\"vc_single_image-img attachment-large\" alt=\"wersja wzmocniona rozdrabniacza\" title=\"01-version-reinforced-shredder-300x225\" \/><\/div>\n\t\t<\/figure>\n\t<\/div>\n\n\t<div class=\"wpb_text_column wpb_content_element\" >\n\t\t<div class=\"wpb_wrapper\">\n\t\t\t<h6>Strengthened version of the shredder<\/h6>\n\n\t\t<\/div>\n\t<\/div>\n<\/div><\/div><\/div><div class=\"wpb_column vc_column_container vc_col-sm-3\"><div class=\"vc_column-inner\"><div class=\"wpb_wrapper\">\n\t<div  class=\"wpb_single_image wpb_content_element vc_align_left\">\n\t\t\n\t\t<figure class=\"wpb_wrapper vc_figure\">\n\t\t\t<div class=\"vc_single_image-wrapper   vc_box_border_grey\"><img loading=\"lazy\" decoding=\"async\" width=\"300\" height=\"225\" src=\"https:\/\/zuptor.pl\/wp-content\/uploads\/2024\/05\/01c-magnes-1-300x225-1.jpg\" class=\"vc_single_image-img attachment-large\" alt=\"Magnes\" title=\"01c-magnes-1-300x225\" \/><\/div>\n\t\t<\/figure>\n\t<\/div>\n\n\t<div class=\"wpb_text_column wpb_content_element\" >\n\t\t<div class=\"wpb_wrapper\">\n\t\t\t<h6>Magnet<\/h6>\n\n\t\t<\/div>\n\t<\/div>\n<\/div><\/div><\/div><div class=\"wpb_column vc_column_container vc_col-sm-3\"><div class=\"vc_column-inner\"><div class=\"wpb_wrapper\">\n\t<div  class=\"wpb_single_image wpb_content_element vc_align_left\">\n\t\t\n\t\t<figure class=\"wpb_wrapper vc_figure\">\n\t\t\t<div class=\"vc_single_image-wrapper   vc_box_border_grey\"><img loading=\"lazy\" decoding=\"async\" width=\"300\" height=\"225\" src=\"https:\/\/zuptor.pl\/wp-content\/uploads\/2024\/05\/03-rozdzielacz-rewolwerowy-wielodrogowy-300x225-1.jpg\" class=\"vc_single_image-img attachment-large\" alt=\"Rozdzielacz wielodrogowy\" title=\"03-Revolutionary manifold-multi-way-300x225\" \/><\/div>\n\t\t<\/figure>\n\t<\/div>\n\n\t<div class=\"wpb_text_column wpb_content_element\" >\n\t\t<div class=\"wpb_wrapper\">\n\t\t\t<h6>Multi-way divider<\/h6>\n\n\t\t<\/div>\n\t<\/div>\n<\/div><\/div><\/div><div class=\"wpb_column vc_column_container vc_col-sm-3\"><div class=\"vc_column-inner\"><div class=\"wpb_wrapper\">\n\t<div  class=\"wpb_single_image wpb_content_element vc_align_left\">\n\t\t\n\t\t<figure class=\"wpb_wrapper vc_figure\">\n\t\t\t<div class=\"vc_single_image-wrapper   vc_box_border_grey\"><img loading=\"lazy\" decoding=\"async\" width=\"300\" height=\"225\" src=\"https:\/\/zuptor.pl\/wp-content\/uploads\/2024\/05\/04-rura-tloczna-metalowa-300x225-1.jpg\" class=\"vc_single_image-img attachment-large\" alt=\"Rura t\u0142oczna metalowa\" title=\"04-rura-t\u0142oczna-metalowa-300x225\" \/><\/div>\n\t\t<\/figure>\n\t<\/div>\n\n\t<div class=\"wpb_text_column wpb_content_element\" >\n\t\t<div class=\"wpb_wrapper\">\n\t\t\t<h6>Metal discharge pipe<\/h6>\n\n\t\t<\/div>\n\t<\/div>\n<\/div><\/div><\/div><\/div><div class=\"vc_row wpb_row vc_inner vc_row-fluid\"><div class=\"wpb_column vc_column_container vc_col-sm-3\"><div class=\"vc_column-inner\"><div class=\"wpb_wrapper\">\n\t<div  class=\"wpb_single_image wpb_content_element vc_align_left\">\n\t\t\n\t\t<figure class=\"wpb_wrapper vc_figure\">\n\t\t\t<div class=\"vc_single_image-wrapper   vc_box_border_grey\"><img loading=\"lazy\" decoding=\"async\" width=\"300\" height=\"225\" src=\"https:\/\/zuptor.pl\/wp-content\/uploads\/2024\/05\/05-ssawki-do-silosu-plaskodennego-300x225-1.jpg\" class=\"vc_single_image-img attachment-large\" alt=\"Ssawki do silos\u00f3w p\u0142askodennych\" title=\"05-ssawki-do-silosu-p\u0142askodennego-300x225\" \/><\/div>\n\t\t<\/figure>\n\t<\/div>\n\n\t<div class=\"wpb_text_column wpb_content_element\" >\n\t\t<div class=\"wpb_wrapper\">\n\t\t\t<h6>Suction cups for flat-bottomed silos<\/h6>\n\n\t\t<\/div>\n\t<\/div>\n<\/div><\/div><\/div><div class=\"wpb_column vc_column_container vc_col-sm-3\"><div class=\"vc_column-inner\"><div class=\"wpb_wrapper\">\n\t<div  class=\"wpb_single_image wpb_content_element vc_align_left\">\n\t\t\n\t\t<figure class=\"wpb_wrapper vc_figure\">\n\t\t\t<div class=\"vc_single_image-wrapper   vc_box_border_grey\"><img loading=\"lazy\" decoding=\"async\" width=\"300\" height=\"225\" src=\"https:\/\/zuptor.pl\/wp-content\/uploads\/2024\/05\/20161026_1556121-300x225-1.jpg\" class=\"vc_single_image-img attachment-large\" alt=\"Zbiorniki na zbo\u017ce 2000 kg\" title=\"20161026_1556121-300x225\" \/><\/div>\n\t\t<\/figure>\n\t<\/div>\n\n\t<div class=\"wpb_text_column wpb_content_element\" >\n\t\t<div class=\"wpb_wrapper\">\n\t\t\t<h6>Grain tanks 2000 kg<\/h6>\n\n\t\t<\/div>\n\t<\/div>\n<\/div><\/div><\/div><div class=\"wpb_column vc_column_container vc_col-sm-3\"><div class=\"vc_column-inner\"><div class=\"wpb_wrapper\">\n\t<div  class=\"wpb_single_image wpb_content_element vc_align_left\">\n\t\t\n\t\t<figure class=\"wpb_wrapper vc_figure\">\n\t\t\t<div class=\"vc_single_image-wrapper   vc_box_border_grey\"><img loading=\"lazy\" decoding=\"async\" width=\"300\" height=\"225\" src=\"https:\/\/zuptor.pl\/wp-content\/uploads\/2024\/05\/Kossakowski-2018-_MG_5114-300x225-1.jpg\" class=\"vc_single_image-img attachment-large\" alt=\"Automatyczny rozdzielacz ss\u0105cy (ARS)\" title=\"Kossakowski-2018-_MG_5114-300x225\" \/><\/div>\n\t\t<\/figure>\n\t<\/div>\n\n\t<div class=\"wpb_text_column wpb_content_element\" >\n\t\t<div class=\"wpb_wrapper\">\n\t\t\t<h6>Automatic suction distributor (ARS)<\/h6>\n\n\t\t<\/div>\n\t<\/div>\n<\/div><\/div><\/div><div class=\"wpb_column vc_column_container vc_col-sm-3\"><div class=\"vc_column-inner\"><div class=\"wpb_wrapper\"><\/div><\/div><\/div><\/div><\/div><\/div><\/div><\/div><\/div><div class=\"clearfix\"><\/div><\/section><section class=\"vc_rows wpb_row vc_row-fluid\" ><div class=\"container\"><div class=\"row\"><div class=\"wpb_column vc_column_container vc_col-sm-12 vc_hidden-lg vc_hidden-md vc_hidden-sm\"><div class=\"vc_column-inner\"><div class=\"wpb_wrapper\">\n    <h5 class=\"text-left\" >FEED MIXERS<\/h5>\n    \t    <div class=\"wprt-lines style-1 custom-3\">\n\t        <div class=\"line-1\"><\/div>\n\t    <\/div>\n    \n        \t\n<div class=\"vc_empty_space\"   style=\"height: 25px\"><span class=\"vc_empty_space_inner\"><\/span><\/div><div class=\"vc_btn3-container  menu vc_btn3-left vc_custom_1716284805886\" ><a class=\"vc_general vc_btn3 vc_btn3-size-sm vc_btn3-shape-square vc_btn3-style-flat vc_btn3-block vc_btn3-color-default\" href=\"https:\/\/zuptor.pl\/en\/rozdrabniacze-pasz\/rozdrabniacze-ssaco-tloczace-2\/\" title=\"SUCTION AND PRESSURE SHREDDERS\">SUCTION AND PRESSURE SHREDDERS<\/a><\/div><div class=\"vc_btn3-container  menu vc_btn3-left vc_custom_1716285877251\" ><a class=\"vc_general vc_btn3 vc_btn3-size-sm vc_btn3-shape-square vc_btn3-style-flat vc_btn3-block vc_btn3-color-default\" href=\"https:\/\/zuptor.pl\/en\/rozdrabniacze-pasz\/rozdrabniacze-zasypowe-2\/\" title=\"BATCH SHREDDERS\">BATCH SHREDDERS<\/a><\/div><\/div><\/div><\/div><\/div><\/div><div class=\"clearfix\"><\/div><\/section><section class=\"vc_rows wpb_row vc_row-fluid\" ><div class=\"container\"><div class=\"row\"><div class=\"wpb_column vc_column_container vc_col-sm-12\"><div class=\"vc_column-inner\"><div class=\"wpb_wrapper\"><\/div><\/div><\/div><\/div><\/div><div class=\"clearfix\"><\/div><\/section><section class=\"vc_rows wpb_row vc_row-fluid\" ><div class=\"container\"><div class=\"row\"><div class=\"wpb_column vc_column_container vc_col-sm-12\"><div class=\"vc_column-inner\"><div class=\"wpb_wrapper\"><div class=\"vc_empty_space\"   style=\"height: 70px\"><span class=\"vc_empty_space_inner\"><\/span><\/div><\/div><\/div><\/div><\/div><\/div><div class=\"clearfix\"><\/div><\/section>\n<\/div>","protected":false},"excerpt":{"rendered":"Znajd\u017a dystrybutora w najbli\u017cszej okolicy DYSTRYBUTORZY RZODRABNIACZE PASZ \u015aRUTOWNIKI ROZDRABNIACZE SS\u0104CO-T\u0141OCZ\u0104CEROZDRABNIACZE ZASYPOWE ROZDRABNIACZE SS\u0104CO-T\u0141OCZ\u0104CE Rozdrabniacze ss\u0105co-t\u0142ocz\u0105ce (\u015brutowniki) ZUPTOR przeznaczone s\u0105 do rozdrabniania ziarna zb\u00f3\u017c. Urz\u0105dzenie samoczynnie pobiera zbo\u017ce z pryzmy, zbiornika lub silosu, a rozdrobniony materia\u0142 podaje do mieszalnika, z kt\u00f3rym tworzy lini\u0119 do przygotowania paszy. \u015aRUTOWNIKI ZUPTOR PARAMETRY ch\u0142odna \u015bruta dzi\u0119ki zastosowaniu sit szczelinowych [...]","protected":false},"author":1,"featured_media":0,"parent":1663,"menu_order":0,"comment_status":"closed","ping_status":"closed","template":"page-templates\/template-fullwidth.php","meta":{"footnotes":""},"class_list":["post-1897","page","type-page","status-publish","hentry"],"yoast_head":"<!-- This site is optimized with the Yoast SEO plugin v24.7 - https:\/\/yoast.com\/wordpress\/plugins\/seo\/ -->\n<title>Rozdrabniacze ss\u0105co-t\u0142ocz\u0105ce | Zuptor<\/title>\n<meta name=\"description\" content=\"Efektywne rozdrabnianie ziarna zb\u00f3\u017c i kukurydzy. Samoczynne pobieranie z pryzmy lub silosu, ch\u0142odna \u015bruta, wysoka wydajno\u015b\u0107.\" \/>\n<meta name=\"robots\" content=\"index, follow, max-snippet:-1, max-image-preview:large, max-video-preview:-1\" \/>\n<link rel=\"canonical\" href=\"https:\/\/zuptor.pl\/en\/rozdrabniacze-pasz\/rozdrabniacze-ssaco-tloczace-2\/\" \/>\n<meta property=\"og:locale\" content=\"en_GB\" \/>\n<meta property=\"og:type\" content=\"article\" \/>\n<meta property=\"og:title\" content=\"Rozdrabniacze ss\u0105co-t\u0142ocz\u0105ce | Zuptor\" \/>\n<meta property=\"og:description\" content=\"Efektywne rozdrabnianie ziarna zb\u00f3\u017c i kukurydzy. Samoczynne pobieranie z pryzmy lub silosu, ch\u0142odna \u015bruta, wysoka wydajno\u015b\u0107.\" \/>\n<meta property=\"og:url\" content=\"https:\/\/zuptor.pl\/en\/rozdrabniacze-pasz\/rozdrabniacze-ssaco-tloczace-2\/\" \/>\n<meta property=\"og:site_name\" content=\"Zuptor\" \/>\n<meta property=\"article:modified_time\" content=\"2024-11-18T14:20:28+00:00\" \/>\n<meta name=\"twitter:card\" content=\"summary_large_image\" \/>\n<meta name=\"twitter:label1\" content=\"Estimated reading time\" \/>\n\t<meta name=\"twitter:data1\" content=\"5 minutes\" \/>\n<script type=\"application\/ld+json\" class=\"yoast-schema-graph\">{\"@context\":\"https:\/\/schema.org\",\"@graph\":[{\"@type\":\"WebPage\",\"@id\":\"https:\/\/zuptor.pl\/rozdrabniacze-pasz\/rozdrabniacze-ssaco-tloczace-2\/\",\"url\":\"https:\/\/zuptor.pl\/rozdrabniacze-pasz\/rozdrabniacze-ssaco-tloczace-2\/\",\"name\":\"Rozdrabniacze ss\u0105co-t\u0142ocz\u0105ce | Zuptor\",\"isPartOf\":{\"@id\":\"https:\/\/zuptor.pl\/#website\"},\"datePublished\":\"2024-05-21T09:03:53+00:00\",\"dateModified\":\"2024-11-18T14:20:28+00:00\",\"description\":\"Efektywne rozdrabnianie ziarna zb\u00f3\u017c i kukurydzy. Samoczynne pobieranie z pryzmy lub silosu, ch\u0142odna \u015bruta, wysoka wydajno\u015b\u0107.\",\"breadcrumb\":{\"@id\":\"https:\/\/zuptor.pl\/rozdrabniacze-pasz\/rozdrabniacze-ssaco-tloczace-2\/#breadcrumb\"},\"inLanguage\":\"en-GB\",\"potentialAction\":[{\"@type\":\"ReadAction\",\"target\":[\"https:\/\/zuptor.pl\/rozdrabniacze-pasz\/rozdrabniacze-ssaco-tloczace-2\/\"]}]},{\"@type\":\"BreadcrumbList\",\"@id\":\"https:\/\/zuptor.pl\/rozdrabniacze-pasz\/rozdrabniacze-ssaco-tloczace-2\/#breadcrumb\",\"itemListElement\":[{\"@type\":\"ListItem\",\"position\":1,\"name\":\"Strona g\u0142\u00f3wna\",\"item\":\"https:\/\/zuptor.pl\/\"},{\"@type\":\"ListItem\",\"position\":2,\"name\":\"Rozdrabniacze pasz &#8211; \u015brutowniki\",\"item\":\"https:\/\/zuptor.pl\/rozdrabniacze-pasz\/\"},{\"@type\":\"ListItem\",\"position\":3,\"name\":\"Rozdrabniacze ss\u0105co-t\u0142ocz\u0105ce\"}]},{\"@type\":\"WebSite\",\"@id\":\"https:\/\/zuptor.pl\/#website\",\"url\":\"https:\/\/zuptor.pl\/\",\"name\":\"Zuptor\",\"description\":\"\",\"potentialAction\":[{\"@type\":\"SearchAction\",\"target\":{\"@type\":\"EntryPoint\",\"urlTemplate\":\"https:\/\/zuptor.pl\/?s={search_term_string}\"},\"query-input\":{\"@type\":\"PropertyValueSpecification\",\"valueRequired\":true,\"valueName\":\"search_term_string\"}}],\"inLanguage\":\"en-GB\"}]}<\/script>\n<!-- \/ Yoast SEO plugin. -->","yoast_head_json":{"title":"Rozdrabniacze ss\u0105co-t\u0142ocz\u0105ce | Zuptor","description":"Efektywne rozdrabnianie ziarna zb\u00f3\u017c i kukurydzy. Samoczynne pobieranie z pryzmy lub silosu, ch\u0142odna \u015bruta, wysoka wydajno\u015b\u0107.","robots":{"index":"index","follow":"follow","max-snippet":"max-snippet:-1","max-image-preview":"max-image-preview:large","max-video-preview":"max-video-preview:-1"},"canonical":"https:\/\/zuptor.pl\/en\/rozdrabniacze-pasz\/rozdrabniacze-ssaco-tloczace-2\/","og_locale":"en_GB","og_type":"article","og_title":"Rozdrabniacze ss\u0105co-t\u0142ocz\u0105ce | Zuptor","og_description":"Efektywne rozdrabnianie ziarna zb\u00f3\u017c i kukurydzy. Samoczynne pobieranie z pryzmy lub silosu, ch\u0142odna \u015bruta, wysoka wydajno\u015b\u0107.","og_url":"https:\/\/zuptor.pl\/en\/rozdrabniacze-pasz\/rozdrabniacze-ssaco-tloczace-2\/","og_site_name":"Zuptor","article_modified_time":"2024-11-18T14:20:28+00:00","twitter_card":"summary_large_image","twitter_misc":{"Estimated reading time":"5 minutes"},"schema":{"@context":"https:\/\/schema.org","@graph":[{"@type":"WebPage","@id":"https:\/\/zuptor.pl\/rozdrabniacze-pasz\/rozdrabniacze-ssaco-tloczace-2\/","url":"https:\/\/zuptor.pl\/rozdrabniacze-pasz\/rozdrabniacze-ssaco-tloczace-2\/","name":"Rozdrabniacze ss\u0105co-t\u0142ocz\u0105ce | Zuptor","isPartOf":{"@id":"https:\/\/zuptor.pl\/#website"},"datePublished":"2024-05-21T09:03:53+00:00","dateModified":"2024-11-18T14:20:28+00:00","description":"Efektywne rozdrabnianie ziarna zb\u00f3\u017c i kukurydzy. Samoczynne pobieranie z pryzmy lub silosu, ch\u0142odna \u015bruta, wysoka wydajno\u015b\u0107.","breadcrumb":{"@id":"https:\/\/zuptor.pl\/rozdrabniacze-pasz\/rozdrabniacze-ssaco-tloczace-2\/#breadcrumb"},"inLanguage":"en-GB","potentialAction":[{"@type":"ReadAction","target":["https:\/\/zuptor.pl\/rozdrabniacze-pasz\/rozdrabniacze-ssaco-tloczace-2\/"]}]},{"@type":"BreadcrumbList","@id":"https:\/\/zuptor.pl\/rozdrabniacze-pasz\/rozdrabniacze-ssaco-tloczace-2\/#breadcrumb","itemListElement":[{"@type":"ListItem","position":1,"name":"Strona g\u0142\u00f3wna","item":"https:\/\/zuptor.pl\/"},{"@type":"ListItem","position":2,"name":"Rozdrabniacze pasz &#8211; \u015brutowniki","item":"https:\/\/zuptor.pl\/rozdrabniacze-pasz\/"},{"@type":"ListItem","position":3,"name":"Rozdrabniacze ss\u0105co-t\u0142ocz\u0105ce"}]},{"@type":"WebSite","@id":"https:\/\/zuptor.pl\/#website","url":"https:\/\/zuptor.pl\/","name":"Zuptor","description":"","potentialAction":[{"@type":"SearchAction","target":{"@type":"EntryPoint","urlTemplate":"https:\/\/zuptor.pl\/?s={search_term_string}"},"query-input":{"@type":"PropertyValueSpecification","valueRequired":true,"valueName":"search_term_string"}}],"inLanguage":"en-GB"}]}},"_links":{"self":[{"href":"https:\/\/zuptor.pl\/en\/wp-json\/wp\/v2\/pages\/1897","targetHints":{"allow":["GET"]}}],"collection":[{"href":"https:\/\/zuptor.pl\/en\/wp-json\/wp\/v2\/pages"}],"about":[{"href":"https:\/\/zuptor.pl\/en\/wp-json\/wp\/v2\/types\/page"}],"author":[{"embeddable":true,"href":"https:\/\/zuptor.pl\/en\/wp-json\/wp\/v2\/users\/1"}],"replies":[{"embeddable":true,"href":"https:\/\/zuptor.pl\/en\/wp-json\/wp\/v2\/comments?post=1897"}],"version-history":[{"count":8,"href":"https:\/\/zuptor.pl\/en\/wp-json\/wp\/v2\/pages\/1897\/revisions"}],"predecessor-version":[{"id":2689,"href":"https:\/\/zuptor.pl\/en\/wp-json\/wp\/v2\/pages\/1897\/revisions\/2689"}],"up":[{"embeddable":true,"href":"https:\/\/zuptor.pl\/en\/wp-json\/wp\/v2\/pages\/1663"}],"wp:attachment":[{"href":"https:\/\/zuptor.pl\/en\/wp-json\/wp\/v2\/media?parent=1897"}],"curies":[{"name":"wp","href":"https:\/\/api.w.org\/{rel}","templated":true}]}}