{"id":1867,"date":"2024-05-21T08:32:09","date_gmt":"2024-05-21T06:32:09","guid":{"rendered":"http:\/\/zuptor.dlatestu.co.pl\/?page_id=1867"},"modified":"2024-11-18T15:17:15","modified_gmt":"2024-11-18T14:17:15","slug":"mieszalniki-pasz-poziome","status":"publish","type":"page","link":"https:\/\/zuptor.pl\/en\/mieszalniki-pasz\/mieszalniki-pasz-poziome\/","title":{"rendered":"Horizontal mixers"},"content":{"rendered":"<div class=\"wpb-content-wrapper\"><section class=\"vc_rows wpb_row vc_row-fluid bg-color-blue vc_custom_1712822727044\" ><div class=\"container\"><div class=\"row\"><div class=\"wpb_column vc_column_container vc_col-sm-12\"><div class=\"vc_column-inner\"><div class=\"wpb_wrapper\">\n\t\t\t<div class=\"col-md-8\">\n\t        <div class=\"wprt-spacer\" data-desktop=\"8\" data-mobi=\"0\" data-smobi=\"0\"><\/div>\n\t        <h2 class=\"text-white text-center-mobile font-size-20 margin-bottom-0\">Find a distributor in your area<\/h2>\n\t        <div class=\"wprt-spacer\" data-desktop=\"0\" data-mobi=\"20\" data-smobi=\"20\"><\/div>\n\t    <\/div>\n\n\t    <div class=\"col-md-4\">\n\t        <div class=\"text-right text-center-mobile\">\n\t        \n\t        <a class=\"wprt-button white rounded-3px\" href=\"https:\/\/zuptor.pl\/en\/dystrybutorzy\/\" target=\"_self\">DISTRIBUTORS<\/a>\t        <\/div>\n\t    <\/div>\n\t\n<\/div><\/div><\/div><\/div><\/div><div class=\"clearfix\"><\/div><\/section><section class=\"vc_rows wpb_row vc_row-fluid vc_custom_1712148861158\" ><div class=\"container\"><div class=\"row\"><div class=\"wpb_column vc_column_container vc_col-sm-3 vc_hidden-xs\"><div class=\"vc_column-inner\"><div class=\"wpb_wrapper\">\n    <h5 class=\"text-left\" >FEED MIXERS<\/h5>\n    \t    <div class=\"wprt-lines style-1 custom-3\">\n\t        <div class=\"line-1\"><\/div>\n\t    <\/div>\n    \n        \t\n<div class=\"vc_empty_space\"   style=\"height: 25px\"><span class=\"vc_empty_space_inner\"><\/span><\/div><div class=\"vc_btn3-container  menu vc_btn3-left vc_custom_1718264848681\" ><a class=\"vc_general vc_btn3 vc_btn3-size-sm vc_btn3-shape-square vc_btn3-style-flat vc_btn3-block vc_btn3-color-default\" href=\"https:\/\/zuptor.pl\/en\/mieszalniki-pasz\/mieszalniki-pasz-pionowe\/\" title=\"VERTICAL FEED MIXERS\">VERTICAL FEED MIXERS<\/a><\/div><div class=\"vc_btn3-container  menu vc_btn3-left vc_custom_1716276994037\" ><a class=\"vc_general vc_btn3 vc_btn3-size-sm vc_btn3-shape-square vc_btn3-style-flat vc_btn3-block vc_btn3-color-default\" href=\"https:\/\/zuptor.pl\/en\/mieszalniki-pasz\/mieszalniki-pionowe-z-koszem-na-podajniku-slimakowym\/\" title=\"VERTICAL MIXERS WITH HOPPER ON SCREW FEEDER\">VERTICAL MIXERS WITH HOPPER ON SCREW FEEDER<\/a><\/div><div class=\"vc_btn3-container  menu vc_btn3-left vc_custom_1716277046720\" ><a class=\"vc_general vc_btn3 vc_btn3-size-sm vc_btn3-shape-square vc_btn3-style-flat vc_btn3-block vc_btn3-color-default\" href=\"https:\/\/zuptor.pl\/en\/mieszalniki-pasz\/mieszalniki-pasz-poziome\/\" title=\"HORIZONTAL MIXERS\">HORIZONTAL MIXERS<\/a><\/div><div class=\"vc_btn3-container  menu vc_btn3-left vc_custom_1718283489268\" ><a class=\"vc_general vc_btn3 vc_btn3-size-sm vc_btn3-shape-square vc_btn3-style-flat vc_btn3-block vc_btn3-color-default\" href=\"https:\/\/zuptor.pl\/en\/mieszalniki-pasz\/mieszalniki-nietypowe\/\" title=\"VERTICAL FEED MIXERS\">NON-STANDARD FEED MIXERS<\/a><\/div><div class=\"vc_btn3-container  menu vc_btn3-left vc_custom_1718283806312\" ><a class=\"vc_general vc_btn3 vc_btn3-size-sm vc_btn3-shape-square vc_btn3-style-flat vc_btn3-block vc_btn3-color-default\" href=\"https:\/\/zuptor.pl\/en\/mieszalniki-pasz\/natluszczarka-paszy\/\" title=\"FEED GREASER\">FEED GREASER<\/a><\/div><div class=\"vc_btn3-container  menu vc_btn3-left vc_custom_1716811053131\" ><a class=\"vc_general vc_btn3 vc_btn3-size-sm vc_btn3-shape-square vc_btn3-style-flat vc_btn3-block vc_btn3-color-default\" href=\"https:\/\/zuptor.pl\/en\/mieszalniki-pasz\/automatyczny-dozownik-zakwaszacza\/\" title=\"AUTOMATIC ACIDIFIER DISPENSER ADZ\">AUTOMATIC ACIDIFIER DISPENSER ADZ<\/a><\/div><div class=\"vc_btn3-container  menu vc_btn3-left vc_custom_1716811911448\" ><a class=\"vc_general vc_btn3 vc_btn3-size-sm vc_btn3-shape-square vc_btn3-style-flat vc_btn3-block vc_btn3-color-default\" href=\"https:\/\/zuptor.pl\/en\/mieszalniki-pasz\/waga-elektroniczna-basic\/\" title=\"ELECTRONIC SCALES BASIC\">ELECTRONIC SCALES BASIC<\/a><\/div><div class=\"vc_btn3-container  menu vc_btn3-left vc_custom_1718283788698\" ><a class=\"vc_general vc_btn3 vc_btn3-size-sm vc_btn3-shape-square vc_btn3-style-flat vc_btn3-block vc_btn3-color-default\" href=\"https:\/\/zuptor.pl\/en\/mieszalniki-pasz\/waga-elektroniczna-pro-zuptor\/\" title=\"ELECTRONIC SCALE PRO\">ELECTRONIC SCALE PRO<\/a><\/div><\/div><\/div><\/div><div class=\"wpb_column vc_column_container vc_col-sm-9\"><div class=\"vc_column-inner vc_custom_1712148788315\"><div class=\"wpb_wrapper\">\n    <h1 class=\"text-left\" >HORIZONTAL MIXERS<\/h1>\n    \t    <div class=\"wprt-lines style-1 custom-3\">\n\t        <div class=\"line-1\"><\/div>\n\t    <\/div>\n    \n        \t\n<div class=\"vc_empty_space\"   style=\"height: 25px\"><span class=\"vc_empty_space_inner\"><\/span><\/div>\n\t<div class=\"wpb_text_column wpb_content_element\" >\n\t\t<div class=\"wpb_wrapper\">\n\t\t\t<p>ZUPTOR horizontal feed mixers are designed for the preparation of dry concentrated feed. They can operate independently or in automated crushing and mixing lines. Horizontal mixers enable high quality feed mixtures to be obtained.<\/p>\n\n\t\t<\/div>\n\t<\/div>\n\n    <h2 class=\"text-left\" >HORIZONTAL ZUPTOR FEED MIXERS<\/h2>\n    \t    <div class=\"wprt-lines style-1 custom-3\">\n\t        <div class=\"line-1\"><\/div>\n\t    <\/div>\n    \n        \t\n<div class=\"vc_empty_space\"   style=\"height: 32px\"><span class=\"vc_empty_space_inner\"><\/span><\/div>\n\t<div  class=\"wpb_single_image wpb_content_element vc_align_center\">\n\t\t\n\t\t<figure class=\"wpb_wrapper vc_figure\">\n\t\t\t<div class=\"vc_single_image-wrapper   vc_box_border_grey\"><img loading=\"lazy\" decoding=\"async\" width=\"524\" height=\"393\" src=\"https:\/\/zuptor.pl\/wp-content\/uploads\/2024\/06\/mieszalniki-poziome-main.png\" class=\"vc_single_image-img attachment-full\" alt=\"Mieszalniki poziome\" title=\"mixers-horizontal-main\" srcset=\"https:\/\/zuptor.pl\/wp-content\/uploads\/2024\/06\/mieszalniki-poziome-main.png 524w, https:\/\/zuptor.pl\/wp-content\/uploads\/2024\/06\/mieszalniki-poziome-main-300x225.png 300w\" sizes=\"auto, (max-width: 524px) 100vw, 524px\" \/><\/div>\n\t\t<\/figure>\n\t<\/div>\n<div class=\"vc_empty_space\"   style=\"height: 32px\"><span class=\"vc_empty_space_inner\"><\/span><\/div><div class=\"vc_tta-container\" data-vc-action=\"collapse\"><div class=\"vc_general vc_tta vc_tta-accordion vc_tta-color-grey vc_tta-style-classic vc_tta-shape-rounded vc_tta-o-shape-group vc_tta-controls-align-default\"><div class=\"vc_tta-panels-container\"><div class=\"vc_tta-panels\"><div class=\"vc_tta-panel vc_active\" id=\"1716207683815-752223ca-ba28\" data-vc-content=\".vc_tta-panel-body\"><div class=\"vc_tta-panel-heading\"><h4 class=\"vc_tta-panel-title vc_tta-controls-icon-position-left\"><a href=\"#1716207683815-752223ca-ba28\" data-vc-accordion data-vc-container=\".vc_tta-container\"><span class=\"vc_tta-title-text\">PARAMETERS<\/span><i class=\"vc_tta-controls-icon vc_tta-controls-icon-plus\"><\/i><\/a><\/h4><\/div><div class=\"vc_tta-panel-body\">\n\t<div class=\"wpb_text_column wpb_content_element\" >\n\t\t<div class=\"wpb_wrapper\">\n\t\t\t<ul>\n<li>Load capacity from 100 kg to 2000 kg<\/li>\n<li>perfectly blended feed 1:100 000<\/li>\n<li>very short mixing time of 4 - 6 minutes<\/li>\n<li>complete emptying of the mixing chamber<\/li>\n<li>possibility to connect a scale<\/li>\n<li>adding oil to the 5%<\/li>\n<li>Agitator position adjustment mechanism (optional)<\/li>\n<li>can be made of stainless or acid resistant steel<\/li>\n<\/ul>\n\n\t\t<\/div>\n\t<\/div>\n<\/div><\/div><div class=\"vc_tta-panel\" id=\"1718625311524-254fae89-7818\" data-vc-content=\".vc_tta-panel-body\"><div class=\"vc_tta-panel-heading\"><h4 class=\"vc_tta-panel-title vc_tta-controls-icon-position-left\"><a href=\"#1718625311524-254fae89-7818\" data-vc-accordion data-vc-container=\".vc_tta-container\"><span class=\"vc_tta-title-text\">TECHNICAL DATA<\/span><i class=\"vc_tta-controls-icon vc_tta-controls-icon-plus\"><\/i><\/a><\/h4><\/div><div class=\"vc_tta-panel-body\">\n\t<div class=\"wpb_text_column wpb_content_element\" >\n\t\t<div class=\"wpb_wrapper\">\n\t\t\t<h3>500 kg<\/h3>\n<ul>\n<li>Type: H710\/1<\/li>\n<li>Capacity (m3): 1,2<\/li>\n<li>Silnik (kW): 6,0<\/li>\n<li>Mixing time (min.): 4-6<\/li>\n<li>Length (m): 1,90<\/li>\n<li>Szeroko\u015b\u0107 (m): 1,40<\/li>\n<li>Wysoko\u015b\u0107 (m): 1,71<\/li>\n<\/ul>\n<h3>1000 kg<\/h3>\n<ul>\n<li>Type: H710<\/li>\n<li>Capacity (m3): 2,2<\/li>\n<li>Silnik (kW): 12,0<\/li>\n<li>Mixing time (min.): 4-6<\/li>\n<li>Length (m): 2,30<\/li>\n<li>Szeroko\u015b\u0107 (m): 1,60<\/li>\n<li>Height (m): 1,80<\/li>\n<\/ul>\n<h3>1500 kg<\/h3>\n<ul>\n<li>Type: H710\/5<\/li>\n<li>Capacity (m3): 3,3<\/li>\n<li>Silnik (kW): 20,0<\/li>\n<li>Mixing time (min.): 4-6<\/li>\n<li>D\u0142ugo\u015b\u0107 (m): 3,00<\/li>\n<li>Szeroko\u015b\u0107 (m): 1,90<\/li>\n<li>Wysoko\u015b\u0107 (m): 2,0<\/li>\n<\/ul>\n<h3>2000 kg<\/h3>\n<ul>\n<li>Type: H710\/6<\/li>\n<li>Capacity (m3): 4,5<\/li>\n<li>Silnik (kW): 23,8<\/li>\n<li>Mixing time (min.): 4-6<\/li>\n<li>Length (m): 3,28<\/li>\n<li>Szeroko\u015b\u0107 (m): 2,00<\/li>\n<li>Wysoko\u015b\u0107 (m): 2,30<\/li>\n<\/ul>\n\n\t\t<\/div>\n\t<\/div>\n<\/div><\/div><div class=\"vc_tta-panel\" id=\"1716207683830-5bd0aef7-92c8\" data-vc-content=\".vc_tta-panel-body\"><div class=\"vc_tta-panel-heading\"><h4 class=\"vc_tta-panel-title vc_tta-controls-icon-position-left\"><a href=\"#1716207683830-5bd0aef7-92c8\" data-vc-accordion data-vc-container=\".vc_tta-container\"><span class=\"vc_tta-title-text\">APPLICATION<\/span><i class=\"vc_tta-controls-icon vc_tta-controls-icon-plus\"><\/i><\/a><\/h4><\/div><div class=\"vc_tta-panel-body\">\n\t<div class=\"wpb_text_column wpb_content_element\" >\n\t\t<div class=\"wpb_wrapper\">\n\t\t\t<p>ZUPTOR horizontal fodder mixers are dedicated to those who want to achieve a high quality feed mix. Loading of individual components is usually carried out from a buffer tank located above the mixer or by means of screw conveyors.<\/p>\n<p>The internal mixing system is a ribbon mixer, which completely fills the mixer chamber. This ensures a high degree of homogeneity of the mixture during the mixing process.<\/p>\n<p>Discharge from the mixer can take place via a screw conveyor, belt feeder or redler. The great advantage of horizontal mixers, apart from the high quality of the mix obtained, is the short mixing time and the rapid unloading of the finished feed.<\/p>\n<p>Horizontal mixers are most often used in extended mixing lines; they are ideal for automated systems where high capacity and accuracy of mixing of the finished feed is sought.<\/p>\n\n\t\t<\/div>\n\t<\/div>\n<\/div><\/div><\/div><\/div><\/div><\/div><\/div><\/div><\/div><\/div><\/div><div class=\"clearfix\"><\/div><\/section><section class=\"vc_rows wpb_row vc_row-fluid\" ><div class=\"container\"><div class=\"row\"><div class=\"wpb_column vc_column_container vc_col-sm-12 vc_hidden-lg vc_hidden-md vc_hidden-sm\"><div class=\"vc_column-inner\"><div class=\"wpb_wrapper\">\n    <h5 class=\"text-left\" >FEED MIXERS<\/h5>\n    \t    <div class=\"wprt-lines style-1 custom-3\">\n\t        <div class=\"line-1\"><\/div>\n\t    <\/div>\n    \n        \t\n<div class=\"vc_empty_space\"   style=\"height: 25px\"><span class=\"vc_empty_space_inner\"><\/span><\/div><div class=\"vc_btn3-container  menu vc_btn3-left vc_custom_1718264829886\" ><a class=\"vc_general vc_btn3 vc_btn3-size-sm vc_btn3-shape-square vc_btn3-style-flat vc_btn3-block vc_btn3-color-default\" href=\"https:\/\/zuptor.pl\/en\/mieszalniki-pasz\/mieszalniki-pasz-pionowe\/\" title=\"VERTICAL FEED MIXERS\">VERTICAL FEED MIXERS<\/a><\/div><div class=\"vc_btn3-container  menu vc_btn3-left vc_custom_1716276994037\" ><a class=\"vc_general vc_btn3 vc_btn3-size-sm vc_btn3-shape-square vc_btn3-style-flat vc_btn3-block vc_btn3-color-default\" href=\"https:\/\/zuptor.pl\/en\/mieszalniki-pasz\/mieszalniki-pionowe-z-koszem-na-podajniku-slimakowym\/\" title=\"VERTICAL MIXERS WITH HOPPER ON SCREW FEEDER\">VERTICAL MIXERS WITH HOPPER ON SCREW FEEDER<\/a><\/div><div class=\"vc_btn3-container  menu vc_btn3-left vc_custom_1716277046720\" ><a class=\"vc_general vc_btn3 vc_btn3-size-sm vc_btn3-shape-square vc_btn3-style-flat vc_btn3-block vc_btn3-color-default\" href=\"https:\/\/zuptor.pl\/en\/mieszalniki-pasz\/mieszalniki-pasz-poziome\/\" title=\"HORIZONTAL MIXERS\">HORIZONTAL MIXERS<\/a><\/div><div class=\"vc_btn3-container  menu vc_btn3-left vc_custom_1718283489268\" ><a class=\"vc_general vc_btn3 vc_btn3-size-sm vc_btn3-shape-square vc_btn3-style-flat vc_btn3-block vc_btn3-color-default\" href=\"https:\/\/zuptor.pl\/en\/mieszalniki-pasz\/mieszalniki-nietypowe\/\" title=\"VERTICAL FEED MIXERS\">NON-STANDARD FEED MIXERS<\/a><\/div><div class=\"vc_btn3-container  menu vc_btn3-left vc_custom_1718283824341\" ><a class=\"vc_general vc_btn3 vc_btn3-size-sm vc_btn3-shape-square vc_btn3-style-flat vc_btn3-block vc_btn3-color-default\" href=\"https:\/\/zuptor.pl\/en\/mieszalniki-pasz\/natluszczarka-paszy\/\" title=\"FEED GREASER\">FEED GREASER<\/a><\/div><div class=\"vc_btn3-container  menu vc_btn3-left vc_custom_1716811053131\" ><a class=\"vc_general vc_btn3 vc_btn3-size-sm vc_btn3-shape-square vc_btn3-style-flat vc_btn3-block vc_btn3-color-default\" href=\"https:\/\/zuptor.pl\/en\/mieszalniki-pasz\/automatyczny-dozownik-zakwaszacza\/\" title=\"AUTOMATIC ACIDIFIER DISPENSER ADZ\">AUTOMATIC ACIDIFIER DISPENSER ADZ<\/a><\/div><div class=\"vc_btn3-container  menu vc_btn3-left vc_custom_1716811911448\" ><a class=\"vc_general vc_btn3 vc_btn3-size-sm vc_btn3-shape-square vc_btn3-style-flat vc_btn3-block vc_btn3-color-default\" href=\"https:\/\/zuptor.pl\/en\/mieszalniki-pasz\/waga-elektroniczna-basic\/\" title=\"ELECTRONIC SCALES BASIC\">ELECTRONIC SCALES BASIC<\/a><\/div><div class=\"vc_btn3-container  menu vc_btn3-left vc_custom_1718283838879\" ><a class=\"vc_general vc_btn3 vc_btn3-size-sm vc_btn3-shape-square vc_btn3-style-flat vc_btn3-block vc_btn3-color-default\" href=\"https:\/\/zuptor.pl\/en\/mieszalniki-pasz\/waga-elektroniczna-pro-zuptor\/\" title=\"ELECTRONIC SCALE PRO\">ELECTRONIC SCALE PRO<\/a><\/div><\/div><\/div><\/div><\/div><\/div><div class=\"clearfix\"><\/div><\/section><section class=\"vc_rows wpb_row vc_row-fluid\" ><div class=\"container\"><div class=\"row\"><div class=\"wpb_column vc_column_container vc_col-sm-12\"><div class=\"vc_column-inner\"><div class=\"wpb_wrapper\"><\/div><\/div><\/div><\/div><\/div><div class=\"clearfix\"><\/div><\/section><section class=\"vc_rows wpb_row vc_row-fluid\" ><div class=\"container\"><div class=\"row\"><div class=\"wpb_column vc_column_container vc_col-sm-12\"><div class=\"vc_column-inner\"><div class=\"wpb_wrapper\"><div class=\"vc_empty_space\"   style=\"height: 70px\"><span class=\"vc_empty_space_inner\"><\/span><\/div><\/div><\/div><\/div><\/div><\/div><div class=\"clearfix\"><\/div><\/section>\n<\/div>","protected":false},"excerpt":{"rendered":"Znajd\u017a dystrybutora w najbli\u017cszej okolicy DYSTRYBUTORZY MIESZALNIKI PASZ MIESZALNIKI PASZ PIONOWEMIESZALNIKI PIONOWE Z KOSZEM NA PODAJNIKU \u015aLIMAKOWYMMIESZALNIKI POZIOMEMIESZALNIKI PASZ NIETYPOWENAT\u0141USZCZARKA DO PASZYAUTOMATYCZNY DOZOWNIK ZAKWASZACZA ADZWAGA ELEKTRONICZNA BASICWAGA ELEKTRONICZNA PRO MIESZALNIKI POZIOME Mieszalniki pasz poziome ZUPTOR przeznaczone s\u0105 do przygotowania suchych pasz tre\u015bciwych. Mog\u0105 pracowa\u0107 samodzielnie lub w zautomatyzowanych liniach rozdrabniaj\u0105co-mieszaj\u0105cych. Mieszalniki poziome pozwalaj\u0105 na uzyskanie [...]","protected":false},"author":1,"featured_media":0,"parent":1641,"menu_order":0,"comment_status":"closed","ping_status":"closed","template":"page-templates\/template-fullwidth.php","meta":{"footnotes":""},"class_list":["post-1867","page","type-page","status-publish","hentry"],"yoast_head":"<!-- This site is optimized with the Yoast SEO plugin v24.7 - https:\/\/yoast.com\/wordpress\/plugins\/seo\/ -->\n<title>Mieszalniki poziome | Zuptor<\/title>\n<meta name=\"description\" content=\"Mieszalniki pasz poziome do pracy samodzielnej lub w liniach zautomatyzowanych. Kr\u00f3tki czas mieszania, wysoka homogenno\u015b\u0107, r\u00f3\u017cne \u0142adowno\u015bci.\" \/>\n<meta name=\"robots\" content=\"index, follow, max-snippet:-1, max-image-preview:large, max-video-preview:-1\" \/>\n<link rel=\"canonical\" href=\"https:\/\/zuptor.pl\/en\/mieszalniki-pasz\/mieszalniki-pasz-poziome\/\" \/>\n<meta property=\"og:locale\" content=\"en_GB\" \/>\n<meta property=\"og:type\" content=\"article\" \/>\n<meta property=\"og:title\" content=\"Mieszalniki poziome | Zuptor\" \/>\n<meta property=\"og:description\" content=\"Mieszalniki pasz poziome do pracy samodzielnej lub w liniach zautomatyzowanych. Kr\u00f3tki czas mieszania, wysoka homogenno\u015b\u0107, r\u00f3\u017cne \u0142adowno\u015bci.\" \/>\n<meta property=\"og:url\" content=\"https:\/\/zuptor.pl\/en\/mieszalniki-pasz\/mieszalniki-pasz-poziome\/\" \/>\n<meta property=\"og:site_name\" content=\"Zuptor\" \/>\n<meta property=\"article:modified_time\" content=\"2024-11-18T14:17:15+00:00\" \/>\n<meta name=\"twitter:card\" content=\"summary_large_image\" \/>\n<meta name=\"twitter:label1\" content=\"Estimated reading time\" \/>\n\t<meta name=\"twitter:data1\" content=\"4 minutes\" \/>\n<script type=\"application\/ld+json\" class=\"yoast-schema-graph\">{\"@context\":\"https:\/\/schema.org\",\"@graph\":[{\"@type\":\"WebPage\",\"@id\":\"https:\/\/zuptor.pl\/mieszalniki-pasz\/mieszalniki-pasz-poziome\/\",\"url\":\"https:\/\/zuptor.pl\/mieszalniki-pasz\/mieszalniki-pasz-poziome\/\",\"name\":\"Mieszalniki poziome | Zuptor\",\"isPartOf\":{\"@id\":\"https:\/\/zuptor.pl\/#website\"},\"datePublished\":\"2024-05-21T06:32:09+00:00\",\"dateModified\":\"2024-11-18T14:17:15+00:00\",\"description\":\"Mieszalniki pasz poziome do pracy samodzielnej lub w liniach zautomatyzowanych. Kr\u00f3tki czas mieszania, wysoka homogenno\u015b\u0107, r\u00f3\u017cne \u0142adowno\u015bci.\",\"breadcrumb\":{\"@id\":\"https:\/\/zuptor.pl\/mieszalniki-pasz\/mieszalniki-pasz-poziome\/#breadcrumb\"},\"inLanguage\":\"en-GB\",\"potentialAction\":[{\"@type\":\"ReadAction\",\"target\":[\"https:\/\/zuptor.pl\/mieszalniki-pasz\/mieszalniki-pasz-poziome\/\"]}]},{\"@type\":\"BreadcrumbList\",\"@id\":\"https:\/\/zuptor.pl\/mieszalniki-pasz\/mieszalniki-pasz-poziome\/#breadcrumb\",\"itemListElement\":[{\"@type\":\"ListItem\",\"position\":1,\"name\":\"Strona g\u0142\u00f3wna\",\"item\":\"https:\/\/zuptor.pl\/\"},{\"@type\":\"ListItem\",\"position\":2,\"name\":\"Mieszalniki pasz\",\"item\":\"https:\/\/zuptor.pl\/mieszalniki-pasz\/\"},{\"@type\":\"ListItem\",\"position\":3,\"name\":\"Mieszalniki poziome\"}]},{\"@type\":\"WebSite\",\"@id\":\"https:\/\/zuptor.pl\/#website\",\"url\":\"https:\/\/zuptor.pl\/\",\"name\":\"Zuptor\",\"description\":\"\",\"potentialAction\":[{\"@type\":\"SearchAction\",\"target\":{\"@type\":\"EntryPoint\",\"urlTemplate\":\"https:\/\/zuptor.pl\/?s={search_term_string}\"},\"query-input\":{\"@type\":\"PropertyValueSpecification\",\"valueRequired\":true,\"valueName\":\"search_term_string\"}}],\"inLanguage\":\"en-GB\"}]}<\/script>\n<!-- \/ Yoast SEO plugin. -->","yoast_head_json":{"title":"Mieszalniki poziome | Zuptor","description":"Mieszalniki pasz poziome do pracy samodzielnej lub w liniach zautomatyzowanych. Kr\u00f3tki czas mieszania, wysoka homogenno\u015b\u0107, r\u00f3\u017cne \u0142adowno\u015bci.","robots":{"index":"index","follow":"follow","max-snippet":"max-snippet:-1","max-image-preview":"max-image-preview:large","max-video-preview":"max-video-preview:-1"},"canonical":"https:\/\/zuptor.pl\/en\/mieszalniki-pasz\/mieszalniki-pasz-poziome\/","og_locale":"en_GB","og_type":"article","og_title":"Mieszalniki poziome | Zuptor","og_description":"Mieszalniki pasz poziome do pracy samodzielnej lub w liniach zautomatyzowanych. Kr\u00f3tki czas mieszania, wysoka homogenno\u015b\u0107, r\u00f3\u017cne \u0142adowno\u015bci.","og_url":"https:\/\/zuptor.pl\/en\/mieszalniki-pasz\/mieszalniki-pasz-poziome\/","og_site_name":"Zuptor","article_modified_time":"2024-11-18T14:17:15+00:00","twitter_card":"summary_large_image","twitter_misc":{"Estimated reading time":"4 minutes"},"schema":{"@context":"https:\/\/schema.org","@graph":[{"@type":"WebPage","@id":"https:\/\/zuptor.pl\/mieszalniki-pasz\/mieszalniki-pasz-poziome\/","url":"https:\/\/zuptor.pl\/mieszalniki-pasz\/mieszalniki-pasz-poziome\/","name":"Mieszalniki poziome | Zuptor","isPartOf":{"@id":"https:\/\/zuptor.pl\/#website"},"datePublished":"2024-05-21T06:32:09+00:00","dateModified":"2024-11-18T14:17:15+00:00","description":"Mieszalniki pasz poziome do pracy samodzielnej lub w liniach zautomatyzowanych. Kr\u00f3tki czas mieszania, wysoka homogenno\u015b\u0107, r\u00f3\u017cne \u0142adowno\u015bci.","breadcrumb":{"@id":"https:\/\/zuptor.pl\/mieszalniki-pasz\/mieszalniki-pasz-poziome\/#breadcrumb"},"inLanguage":"en-GB","potentialAction":[{"@type":"ReadAction","target":["https:\/\/zuptor.pl\/mieszalniki-pasz\/mieszalniki-pasz-poziome\/"]}]},{"@type":"BreadcrumbList","@id":"https:\/\/zuptor.pl\/mieszalniki-pasz\/mieszalniki-pasz-poziome\/#breadcrumb","itemListElement":[{"@type":"ListItem","position":1,"name":"Strona g\u0142\u00f3wna","item":"https:\/\/zuptor.pl\/"},{"@type":"ListItem","position":2,"name":"Mieszalniki pasz","item":"https:\/\/zuptor.pl\/mieszalniki-pasz\/"},{"@type":"ListItem","position":3,"name":"Mieszalniki poziome"}]},{"@type":"WebSite","@id":"https:\/\/zuptor.pl\/#website","url":"https:\/\/zuptor.pl\/","name":"Zuptor","description":"","potentialAction":[{"@type":"SearchAction","target":{"@type":"EntryPoint","urlTemplate":"https:\/\/zuptor.pl\/?s={search_term_string}"},"query-input":{"@type":"PropertyValueSpecification","valueRequired":true,"valueName":"search_term_string"}}],"inLanguage":"en-GB"}]}},"_links":{"self":[{"href":"https:\/\/zuptor.pl\/en\/wp-json\/wp\/v2\/pages\/1867","targetHints":{"allow":["GET"]}}],"collection":[{"href":"https:\/\/zuptor.pl\/en\/wp-json\/wp\/v2\/pages"}],"about":[{"href":"https:\/\/zuptor.pl\/en\/wp-json\/wp\/v2\/types\/page"}],"author":[{"embeddable":true,"href":"https:\/\/zuptor.pl\/en\/wp-json\/wp\/v2\/users\/1"}],"replies":[{"embeddable":true,"href":"https:\/\/zuptor.pl\/en\/wp-json\/wp\/v2\/comments?post=1867"}],"version-history":[{"count":15,"href":"https:\/\/zuptor.pl\/en\/wp-json\/wp\/v2\/pages\/1867\/revisions"}],"predecessor-version":[{"id":2688,"href":"https:\/\/zuptor.pl\/en\/wp-json\/wp\/v2\/pages\/1867\/revisions\/2688"}],"up":[{"embeddable":true,"href":"https:\/\/zuptor.pl\/en\/wp-json\/wp\/v2\/pages\/1641"}],"wp:attachment":[{"href":"https:\/\/zuptor.pl\/en\/wp-json\/wp\/v2\/media?parent=1867"}],"curies":[{"name":"wp","href":"https:\/\/api.w.org\/{rel}","templated":true}]}}