{"id":1864,"date":"2024-05-21T08:23:04","date_gmt":"2024-05-21T06:23:04","guid":{"rendered":"http:\/\/zuptor.dlatestu.co.pl\/?page_id=1864"},"modified":"2024-06-13T15:02:54","modified_gmt":"2024-06-13T13:02:54","slug":"mieszalniki-pionowe-z-koszem-na-podajniku-slimakowym","status":"publish","type":"page","link":"https:\/\/zuptor.pl\/en\/mieszalniki-pasz\/mieszalniki-pionowe-z-koszem-na-podajniku-slimakowym\/","title":{"rendered":"Vertical mixers with hopper on screw feeder"},"content":{"rendered":"<div class=\"wpb-content-wrapper\"><section class=\"vc_rows wpb_row vc_row-fluid bg-color-blue vc_custom_1712822727044\" ><div class=\"container\"><div class=\"row\"><div class=\"wpb_column vc_column_container vc_col-sm-12\"><div class=\"vc_column-inner\"><div class=\"wpb_wrapper\">\n\t\t\t<div class=\"col-md-8\">\n\t        <div class=\"wprt-spacer\" data-desktop=\"8\" data-mobi=\"0\" data-smobi=\"0\"><\/div>\n\t        <h2 class=\"text-white text-center-mobile font-size-20 margin-bottom-0\">Find a distributor in your area<\/h2>\n\t        <div class=\"wprt-spacer\" data-desktop=\"0\" data-mobi=\"20\" data-smobi=\"20\"><\/div>\n\t    <\/div>\n\n\t    <div class=\"col-md-4\">\n\t        <div class=\"text-right text-center-mobile\">\n\t        \n\t        <a class=\"wprt-button white rounded-3px\" href=\"https:\/\/zuptor.pl\/en\/dystrybutorzy\/\" target=\"_self\">DISTRIBUTORS<\/a>\t        <\/div>\n\t    <\/div>\n\t\n<\/div><\/div><\/div><\/div><\/div><div class=\"clearfix\"><\/div><\/section><section class=\"vc_rows wpb_row vc_row-fluid vc_custom_1712148861158\" ><div class=\"container\"><div class=\"row\"><div class=\"wpb_column vc_column_container vc_col-sm-3 vc_hidden-xs\"><div class=\"vc_column-inner\"><div class=\"wpb_wrapper\">\n    <h5 class=\"text-left\" >FEED MIXERS<\/h5>\n    \t    <div class=\"wprt-lines style-1 custom-3\">\n\t        <div class=\"line-1\"><\/div>\n\t    <\/div>\n    \n        \t\n<div class=\"vc_empty_space\"   style=\"height: 25px\"><span class=\"vc_empty_space_inner\"><\/span><\/div><div class=\"vc_btn3-container  menu vc_btn3-left vc_custom_1718264912672\" ><a class=\"vc_general vc_btn3 vc_btn3-size-sm vc_btn3-shape-square vc_btn3-style-flat vc_btn3-block vc_btn3-color-default\" href=\"https:\/\/zuptor.pl\/en\/mieszalniki-pasz\/mieszalniki-pasz-pionowe\/\" title=\"VERTICAL FEED MIXERS\">VERTICAL FEED MIXERS<\/a><\/div><div class=\"vc_btn3-container  menu vc_btn3-left vc_custom_1716276994037\" ><a class=\"vc_general vc_btn3 vc_btn3-size-sm vc_btn3-shape-square vc_btn3-style-flat vc_btn3-block vc_btn3-color-default\" href=\"https:\/\/zuptor.pl\/en\/mieszalniki-pasz\/mieszalniki-pionowe-z-koszem-na-podajniku-slimakowym\/\" title=\"VERTICAL MIXERS WITH HOPPER ON SCREW FEEDER\">VERTICAL MIXERS WITH HOPPER ON SCREW FEEDER<\/a><\/div><div class=\"vc_btn3-container  menu vc_btn3-left vc_custom_1716277046720\" ><a class=\"vc_general vc_btn3 vc_btn3-size-sm vc_btn3-shape-square vc_btn3-style-flat vc_btn3-block vc_btn3-color-default\" href=\"https:\/\/zuptor.pl\/en\/mieszalniki-pasz\/mieszalniki-pasz-poziome\/\" title=\"HORIZONTAL MIXERS\">HORIZONTAL MIXERS<\/a><\/div><div class=\"vc_btn3-container  menu vc_btn3-left vc_custom_1718283489268\" ><a class=\"vc_general vc_btn3 vc_btn3-size-sm vc_btn3-shape-square vc_btn3-style-flat vc_btn3-block vc_btn3-color-default\" href=\"https:\/\/zuptor.pl\/en\/mieszalniki-pasz\/mieszalniki-nietypowe\/\" title=\"VERTICAL FEED MIXERS\">NON-STANDARD FEED MIXERS<\/a><\/div><div class=\"vc_btn3-container  menu vc_btn3-left vc_custom_1718283745661\" ><a class=\"vc_general vc_btn3 vc_btn3-size-sm vc_btn3-shape-square vc_btn3-style-flat vc_btn3-block vc_btn3-color-default\" href=\"https:\/\/zuptor.pl\/en\/mieszalniki-pasz\/natluszczarka-paszy\/\" title=\"FEED GREASER\">FEED GREASER<\/a><\/div><div class=\"vc_btn3-container  menu vc_btn3-left vc_custom_1716811053131\" ><a class=\"vc_general vc_btn3 vc_btn3-size-sm vc_btn3-shape-square vc_btn3-style-flat vc_btn3-block vc_btn3-color-default\" href=\"https:\/\/zuptor.pl\/en\/mieszalniki-pasz\/automatyczny-dozownik-zakwaszacza\/\" title=\"AUTOMATIC ACIDIFIER DISPENSER ADZ\">AUTOMATIC ACIDIFIER DISPENSER ADZ<\/a><\/div><div class=\"vc_btn3-container  menu vc_btn3-left vc_custom_1716811911448\" ><a class=\"vc_general vc_btn3 vc_btn3-size-sm vc_btn3-shape-square vc_btn3-style-flat vc_btn3-block vc_btn3-color-default\" href=\"https:\/\/zuptor.pl\/en\/mieszalniki-pasz\/waga-elektroniczna-basic\/\" title=\"ELECTRONIC SCALES BASIC\">ELECTRONIC SCALES BASIC<\/a><\/div><div class=\"vc_btn3-container  menu vc_btn3-left vc_custom_1718283730669\" ><a class=\"vc_general vc_btn3 vc_btn3-size-sm vc_btn3-shape-square vc_btn3-style-flat vc_btn3-block vc_btn3-color-default\" href=\"https:\/\/zuptor.pl\/en\/mieszalniki-pasz\/waga-elektroniczna-pro-zuptor\/\" title=\"ELECTRONIC SCALE PRO\">ELECTRONIC SCALE PRO<\/a><\/div><\/div><\/div><\/div><div class=\"wpb_column vc_column_container vc_col-sm-9\"><div class=\"vc_column-inner vc_custom_1712148788315\"><div class=\"wpb_wrapper\">\n    <h1 class=\"text-left\" >VERTICAL MIXERS WITH HOPPER ON SCREW FEEDER<\/h1>\n    \t    <div class=\"wprt-lines style-1 custom-3\">\n\t        <div class=\"line-1\"><\/div>\n\t    <\/div>\n    \n        \t\n<div class=\"vc_empty_space\"   style=\"height: 25px\"><span class=\"vc_empty_space_inner\"><\/span><\/div>\n\t<div class=\"wpb_text_column wpb_content_element\" >\n\t\t<div class=\"wpb_wrapper\">\n\t\t\t<p>ZUPTOR feed mixers with basket on a screw feeder are designed for the preparation of dry loose feed for various groups of livestock. Each mixer can be combined with a suction or feed shredder. This is ideal for rooms with low ceilings, where the only option would be a system with dust collection bags at the side of the mixer.<\/p>\n\n\t\t<\/div>\n\t<\/div>\n\n    <h2 class=\"text-left\" >ZUPTOR FEED MIXERS<\/h2>\n    \t    <div class=\"wprt-lines style-1 custom-3\">\n\t        <div class=\"line-1\"><\/div>\n\t    <\/div>\n    \n        \t\n<div class=\"vc_empty_space\"   style=\"height: 32px\"><span class=\"vc_empty_space_inner\"><\/span><\/div>\n\t<div  class=\"wpb_single_image wpb_content_element vc_align_center\">\n\t\t\n\t\t<figure class=\"wpb_wrapper vc_figure\">\n\t\t\t<div class=\"vc_single_image-wrapper   vc_box_border_grey\"><img loading=\"lazy\" decoding=\"async\" width=\"524\" height=\"393\" src=\"https:\/\/zuptor.pl\/wp-content\/uploads\/2024\/06\/mieszalnie-pionowe-kosz-podajnik-main.jpg\" class=\"vc_single_image-img attachment-full\" alt=\"Mieszalniki pionowe z koszem na podajniku \u015blimakowym\" title=\"mixers-vertical-bin-main\" srcset=\"https:\/\/zuptor.pl\/wp-content\/uploads\/2024\/06\/mieszalnie-pionowe-kosz-podajnik-main.jpg 524w, https:\/\/zuptor.pl\/wp-content\/uploads\/2024\/06\/mieszalnie-pionowe-kosz-podajnik-main-300x225.jpg 300w\" sizes=\"auto, (max-width: 524px) 100vw, 524px\" \/><\/div>\n\t\t<\/figure>\n\t<\/div>\n<div class=\"vc_empty_space\"   style=\"height: 32px\"><span class=\"vc_empty_space_inner\"><\/span><\/div><div class=\"vc_tta-container\" data-vc-action=\"collapse\"><div class=\"vc_general vc_tta vc_tta-accordion vc_tta-color-grey vc_tta-style-classic vc_tta-shape-rounded vc_tta-o-shape-group vc_tta-controls-align-default\"><div class=\"vc_tta-panels-container\"><div class=\"vc_tta-panels\"><div class=\"vc_tta-panel vc_active\" id=\"1716207683815-752223ca-ba28\" data-vc-content=\".vc_tta-panel-body\"><div class=\"vc_tta-panel-heading\"><h4 class=\"vc_tta-panel-title vc_tta-controls-icon-position-left\"><a href=\"#1716207683815-752223ca-ba28\" data-vc-accordion data-vc-container=\".vc_tta-container\"><span class=\"vc_tta-title-text\">PARAMETERS<\/span><i class=\"vc_tta-controls-icon vc_tta-controls-icon-plus\"><\/i><\/a><\/h4><\/div><div class=\"vc_tta-panel-body\">\n\t<div class=\"wpb_text_column wpb_content_element\" >\n\t\t<div class=\"wpb_wrapper\">\n\t\t\t<ul>\n<li>self-cleaning filter system (eliminates dust as far as possible)<\/li>\n<li>two-knife system to prevent forage from sticking<\/li>\n<li>short mixing time - from 7 minutes<\/li>\n<li>short feeding time of the ingredients through the hopper (300 kg\/min)<\/li>\n<li>rapid feed discharge (1 tonne\/3 min.)<\/li>\n<li>emptying slide in the mixer bottom<\/li>\n<li>greasing up to 5%<\/li>\n<li>possibility of greasing the feed (optional)<\/li>\n<li>230V socket for scale connection<\/li>\n<li>two dumps: main dump (with double locking) and emergency dump<\/li>\n<li>free choice of layout - the customer decides on the arrangement of the inlet, motor, main discharge<\/li>\n<\/ul>\n\n\t\t<\/div>\n\t<\/div>\n<\/div><\/div><div class=\"vc_tta-panel\" id=\"1716207683830-5bd0aef7-92c8\" data-vc-content=\".vc_tta-panel-body\"><div class=\"vc_tta-panel-heading\"><h4 class=\"vc_tta-panel-title vc_tta-controls-icon-position-left\"><a href=\"#1716207683830-5bd0aef7-92c8\" data-vc-accordion data-vc-container=\".vc_tta-container\"><span class=\"vc_tta-title-text\">APPLICATION<\/span><i class=\"vc_tta-controls-icon vc_tta-controls-icon-plus\"><\/i><\/a><\/h4><\/div><div class=\"vc_tta-panel-body\">\n\t<div class=\"wpb_text_column wpb_content_element\" >\n\t\t<div class=\"wpb_wrapper\">\n\t\t\t<p>The feed mixer is an important component of any feed store where feed is prepared for livestock. The right choice of this equipment, adapted to the needs on the farm, is primarily intended to facilitate the work of the farmer and minimise production costs.<\/p>\n<p>Mixers are not only used by large-scale livestock companies, but small farms producing feed only for their own use are also opting for them.<\/p>\n\n\t\t<\/div>\n\t<\/div>\n<\/div><\/div><\/div><\/div><\/div><\/div><\/div><\/div><\/div><\/div><\/div><div class=\"clearfix\"><\/div><\/section><section class=\"vc_rows wpb_row vc_row-fluid\" ><div class=\"container\"><div class=\"row\"><div class=\"wpb_column vc_column_container vc_col-sm-12 vc_hidden-lg vc_hidden-md vc_hidden-sm\"><div class=\"vc_column-inner\"><div class=\"wpb_wrapper\">\n    <h5 class=\"text-left\" >FEED MILLS<\/h5>\n    \t    <div class=\"wprt-lines style-1 custom-3\">\n\t        <div class=\"line-1\"><\/div>\n\t    <\/div>\n    \n        \t\n<div class=\"vc_empty_space\"   style=\"height: 25px\"><span class=\"vc_empty_space_inner\"><\/span><\/div><div class=\"vc_btn3-container  menu vc_btn3-left vc_custom_1716277011102\" ><a class=\"vc_general vc_btn3 vc_btn3-size-sm vc_btn3-shape-square vc_btn3-style-flat vc_btn3-block vc_btn3-color-default\" href=\"https:\/\/zuptor.pl\/en\/mieszalniki-pasz\/mieszalniki-pasz-poziome\/\" title=\"VERTICAL FEED MIXERS\">VERTICAL FEED MIXERS<\/a><\/div><div class=\"vc_btn3-container  menu vc_btn3-left vc_custom_1716276994037\" ><a class=\"vc_general vc_btn3 vc_btn3-size-sm vc_btn3-shape-square vc_btn3-style-flat vc_btn3-block vc_btn3-color-default\" href=\"https:\/\/zuptor.pl\/en\/mieszalniki-pasz\/mieszalniki-pionowe-z-koszem-na-podajniku-slimakowym\/\" title=\"VERTICAL MIXERS WITH HOPPER ON SCREW FEEDER\">VERTICAL MIXERS WITH HOPPER ON SCREW FEEDER<\/a><\/div><div class=\"vc_btn3-container  menu vc_btn3-left vc_custom_1716277046720\" ><a class=\"vc_general vc_btn3 vc_btn3-size-sm vc_btn3-shape-square vc_btn3-style-flat vc_btn3-block vc_btn3-color-default\" href=\"https:\/\/zuptor.pl\/en\/mieszalniki-pasz\/mieszalniki-pasz-poziome\/\" title=\"HORIZONTAL MIXERS\">HORIZONTAL MIXERS<\/a><\/div><div class=\"vc_btn3-container  menu vc_btn3-left vc_custom_1718283489268\" ><a class=\"vc_general vc_btn3 vc_btn3-size-sm vc_btn3-shape-square vc_btn3-style-flat vc_btn3-block vc_btn3-color-default\" href=\"https:\/\/zuptor.pl\/en\/mieszalniki-pasz\/mieszalniki-nietypowe\/\" title=\"VERTICAL FEED MIXERS\">NON-STANDARD FEED MIXERS<\/a><\/div><div class=\"vc_btn3-container  menu vc_btn3-left vc_custom_1718283758541\" ><a class=\"vc_general vc_btn3 vc_btn3-size-sm vc_btn3-shape-square vc_btn3-style-flat vc_btn3-block vc_btn3-color-default\" href=\"https:\/\/zuptor.pl\/en\/mieszalniki-pasz\/natluszczarka-paszy\/\" title=\"FEED GREASER\">FEED GREASER<\/a><\/div><div class=\"vc_btn3-container  menu vc_btn3-left vc_custom_1716811053131\" ><a class=\"vc_general vc_btn3 vc_btn3-size-sm vc_btn3-shape-square vc_btn3-style-flat vc_btn3-block vc_btn3-color-default\" href=\"https:\/\/zuptor.pl\/en\/mieszalniki-pasz\/automatyczny-dozownik-zakwaszacza\/\" title=\"AUTOMATIC ACIDIFIER DISPENSER ADZ\">AUTOMATIC ACIDIFIER DISPENSER ADZ<\/a><\/div><div class=\"vc_btn3-container  menu vc_btn3-left vc_custom_1716811911448\" ><a class=\"vc_general vc_btn3 vc_btn3-size-sm vc_btn3-shape-square vc_btn3-style-flat vc_btn3-block vc_btn3-color-default\" href=\"https:\/\/zuptor.pl\/en\/mieszalniki-pasz\/waga-elektroniczna-basic\/\" title=\"ELECTRONIC SCALES BASIC\">ELECTRONIC SCALES BASIC<\/a><\/div><div class=\"vc_btn3-container  menu vc_btn3-left vc_custom_1718283772079\" ><a class=\"vc_general vc_btn3 vc_btn3-size-sm vc_btn3-shape-square vc_btn3-style-flat vc_btn3-block vc_btn3-color-default\" href=\"https:\/\/zuptor.pl\/en\/mieszalniki-pasz\/waga-elektroniczna-pro-zuptor\/\" title=\"ELECTRONIC SCALE PRO\">ELECTRONIC SCALE PRO<\/a><\/div><\/div><\/div><\/div><\/div><\/div><div class=\"clearfix\"><\/div><\/section><section class=\"vc_rows wpb_row vc_row-fluid\" ><div class=\"container\"><div class=\"row\"><div class=\"wpb_column vc_column_container vc_col-sm-12\"><div class=\"vc_column-inner\"><div class=\"wpb_wrapper\"><\/div><\/div><\/div><\/div><\/div><div class=\"clearfix\"><\/div><\/section><section class=\"vc_rows wpb_row vc_row-fluid\" ><div class=\"container\"><div class=\"row\"><div class=\"wpb_column vc_column_container vc_col-sm-12\"><div class=\"vc_column-inner\"><div class=\"wpb_wrapper\"><div class=\"vc_empty_space\"   style=\"height: 70px\"><span class=\"vc_empty_space_inner\"><\/span><\/div><\/div><\/div><\/div><\/div><\/div><div class=\"clearfix\"><\/div><\/section>\n<\/div>","protected":false},"excerpt":{"rendered":"Find a distributor near you FEED MIXERS VERTICAL FEED MIXERS VERTICAL FEED MIXERS VERTICAL FEED MIXERS WITH BIN ON BLOWER FEEDER HORIZONTAL FEED MIXERS NON-STANDARDOUS FEED MIXERS FEED DRYER AUTOMATIC FEEDLOADER ELECTRONIC BASIC ELECTRONIC PRO WEIGHTERS VERTICAL MIXERS WITH BIN ON A WELL FEEDER ZUPTOR vertical mixers are designed for the preparation of dry loose feed for various groups of livestock. Each mixer can cooperate [...].","protected":false},"author":1,"featured_media":0,"parent":1641,"menu_order":0,"comment_status":"closed","ping_status":"closed","template":"page-templates\/template-fullwidth.php","meta":{"footnotes":""},"class_list":["post-1864","page","type-page","status-publish","hentry"],"yoast_head":"<!-- This site is optimized with the Yoast SEO plugin v24.7 - https:\/\/yoast.com\/wordpress\/plugins\/seo\/ -->\n<title>Mieszalniki pionowe z koszem na podajniku \u015blimakowym | Zuptor<\/title>\n<meta name=\"description\" content=\"Mieszalniki pionowe z koszem na podajniku \u015blimakowym. Samooczyszczaj\u0105cy uk\u0142ad filtracyjny, elastyczne rozmieszczenie element\u00f3w.\" \/>\n<meta name=\"robots\" content=\"index, follow, max-snippet:-1, max-image-preview:large, max-video-preview:-1\" \/>\n<link rel=\"canonical\" href=\"https:\/\/zuptor.pl\/en\/mieszalniki-pasz\/mieszalniki-pionowe-z-koszem-na-podajniku-slimakowym\/\" \/>\n<meta property=\"og:locale\" content=\"en_GB\" \/>\n<meta property=\"og:type\" content=\"article\" \/>\n<meta property=\"og:title\" content=\"Mieszalniki pionowe z koszem na podajniku \u015blimakowym | Zuptor\" \/>\n<meta property=\"og:description\" content=\"Mieszalniki pionowe z koszem na podajniku \u015blimakowym. Samooczyszczaj\u0105cy uk\u0142ad filtracyjny, elastyczne rozmieszczenie element\u00f3w.\" \/>\n<meta property=\"og:url\" content=\"https:\/\/zuptor.pl\/en\/mieszalniki-pasz\/mieszalniki-pionowe-z-koszem-na-podajniku-slimakowym\/\" \/>\n<meta property=\"og:site_name\" content=\"Zuptor\" \/>\n<meta property=\"article:modified_time\" content=\"2024-06-13T13:02:54+00:00\" \/>\n<meta name=\"twitter:card\" content=\"summary_large_image\" \/>\n<meta name=\"twitter:label1\" content=\"Estimated reading time\" \/>\n\t<meta name=\"twitter:data1\" content=\"4 minutes\" \/>\n<script type=\"application\/ld+json\" class=\"yoast-schema-graph\">{\"@context\":\"https:\/\/schema.org\",\"@graph\":[{\"@type\":\"WebPage\",\"@id\":\"https:\/\/zuptor.pl\/mieszalniki-pasz\/mieszalniki-pionowe-z-koszem-na-podajniku-slimakowym\/\",\"url\":\"https:\/\/zuptor.pl\/mieszalniki-pasz\/mieszalniki-pionowe-z-koszem-na-podajniku-slimakowym\/\",\"name\":\"Mieszalniki pionowe z koszem na podajniku \u015blimakowym | Zuptor\",\"isPartOf\":{\"@id\":\"https:\/\/zuptor.pl\/#website\"},\"datePublished\":\"2024-05-21T06:23:04+00:00\",\"dateModified\":\"2024-06-13T13:02:54+00:00\",\"description\":\"Mieszalniki pionowe z koszem na podajniku \u015blimakowym. Samooczyszczaj\u0105cy uk\u0142ad filtracyjny, elastyczne rozmieszczenie element\u00f3w.\",\"breadcrumb\":{\"@id\":\"https:\/\/zuptor.pl\/mieszalniki-pasz\/mieszalniki-pionowe-z-koszem-na-podajniku-slimakowym\/#breadcrumb\"},\"inLanguage\":\"en-GB\",\"potentialAction\":[{\"@type\":\"ReadAction\",\"target\":[\"https:\/\/zuptor.pl\/mieszalniki-pasz\/mieszalniki-pionowe-z-koszem-na-podajniku-slimakowym\/\"]}]},{\"@type\":\"BreadcrumbList\",\"@id\":\"https:\/\/zuptor.pl\/mieszalniki-pasz\/mieszalniki-pionowe-z-koszem-na-podajniku-slimakowym\/#breadcrumb\",\"itemListElement\":[{\"@type\":\"ListItem\",\"position\":1,\"name\":\"Strona g\u0142\u00f3wna\",\"item\":\"https:\/\/zuptor.pl\/\"},{\"@type\":\"ListItem\",\"position\":2,\"name\":\"Mieszalniki pasz\",\"item\":\"https:\/\/zuptor.pl\/mieszalniki-pasz\/\"},{\"@type\":\"ListItem\",\"position\":3,\"name\":\"Mieszalniki pionowe z koszem na podajniku \u015blimakowym\"}]},{\"@type\":\"WebSite\",\"@id\":\"https:\/\/zuptor.pl\/#website\",\"url\":\"https:\/\/zuptor.pl\/\",\"name\":\"Zuptor\",\"description\":\"\",\"potentialAction\":[{\"@type\":\"SearchAction\",\"target\":{\"@type\":\"EntryPoint\",\"urlTemplate\":\"https:\/\/zuptor.pl\/?s={search_term_string}\"},\"query-input\":{\"@type\":\"PropertyValueSpecification\",\"valueRequired\":true,\"valueName\":\"search_term_string\"}}],\"inLanguage\":\"en-GB\"}]}<\/script>\n<!-- \/ Yoast SEO plugin. -->","yoast_head_json":{"title":"Mieszalniki pionowe z koszem na podajniku \u015blimakowym | Zuptor","description":"Mieszalniki pionowe z koszem na podajniku \u015blimakowym. Samooczyszczaj\u0105cy uk\u0142ad filtracyjny, elastyczne rozmieszczenie element\u00f3w.","robots":{"index":"index","follow":"follow","max-snippet":"max-snippet:-1","max-image-preview":"max-image-preview:large","max-video-preview":"max-video-preview:-1"},"canonical":"https:\/\/zuptor.pl\/en\/mieszalniki-pasz\/mieszalniki-pionowe-z-koszem-na-podajniku-slimakowym\/","og_locale":"en_GB","og_type":"article","og_title":"Mieszalniki pionowe z koszem na podajniku \u015blimakowym | Zuptor","og_description":"Mieszalniki pionowe z koszem na podajniku \u015blimakowym. Samooczyszczaj\u0105cy uk\u0142ad filtracyjny, elastyczne rozmieszczenie element\u00f3w.","og_url":"https:\/\/zuptor.pl\/en\/mieszalniki-pasz\/mieszalniki-pionowe-z-koszem-na-podajniku-slimakowym\/","og_site_name":"Zuptor","article_modified_time":"2024-06-13T13:02:54+00:00","twitter_card":"summary_large_image","twitter_misc":{"Estimated reading time":"4 minutes"},"schema":{"@context":"https:\/\/schema.org","@graph":[{"@type":"WebPage","@id":"https:\/\/zuptor.pl\/mieszalniki-pasz\/mieszalniki-pionowe-z-koszem-na-podajniku-slimakowym\/","url":"https:\/\/zuptor.pl\/mieszalniki-pasz\/mieszalniki-pionowe-z-koszem-na-podajniku-slimakowym\/","name":"Mieszalniki pionowe z koszem na podajniku \u015blimakowym | Zuptor","isPartOf":{"@id":"https:\/\/zuptor.pl\/#website"},"datePublished":"2024-05-21T06:23:04+00:00","dateModified":"2024-06-13T13:02:54+00:00","description":"Mieszalniki pionowe z koszem na podajniku \u015blimakowym. Samooczyszczaj\u0105cy uk\u0142ad filtracyjny, elastyczne rozmieszczenie element\u00f3w.","breadcrumb":{"@id":"https:\/\/zuptor.pl\/mieszalniki-pasz\/mieszalniki-pionowe-z-koszem-na-podajniku-slimakowym\/#breadcrumb"},"inLanguage":"en-GB","potentialAction":[{"@type":"ReadAction","target":["https:\/\/zuptor.pl\/mieszalniki-pasz\/mieszalniki-pionowe-z-koszem-na-podajniku-slimakowym\/"]}]},{"@type":"BreadcrumbList","@id":"https:\/\/zuptor.pl\/mieszalniki-pasz\/mieszalniki-pionowe-z-koszem-na-podajniku-slimakowym\/#breadcrumb","itemListElement":[{"@type":"ListItem","position":1,"name":"Strona g\u0142\u00f3wna","item":"https:\/\/zuptor.pl\/"},{"@type":"ListItem","position":2,"name":"Mieszalniki pasz","item":"https:\/\/zuptor.pl\/mieszalniki-pasz\/"},{"@type":"ListItem","position":3,"name":"Mieszalniki pionowe z koszem na podajniku \u015blimakowym"}]},{"@type":"WebSite","@id":"https:\/\/zuptor.pl\/#website","url":"https:\/\/zuptor.pl\/","name":"Zuptor","description":"","potentialAction":[{"@type":"SearchAction","target":{"@type":"EntryPoint","urlTemplate":"https:\/\/zuptor.pl\/?s={search_term_string}"},"query-input":{"@type":"PropertyValueSpecification","valueRequired":true,"valueName":"search_term_string"}}],"inLanguage":"en-GB"}]}},"_links":{"self":[{"href":"https:\/\/zuptor.pl\/en\/wp-json\/wp\/v2\/pages\/1864","targetHints":{"allow":["GET"]}}],"collection":[{"href":"https:\/\/zuptor.pl\/en\/wp-json\/wp\/v2\/pages"}],"about":[{"href":"https:\/\/zuptor.pl\/en\/wp-json\/wp\/v2\/types\/page"}],"author":[{"embeddable":true,"href":"https:\/\/zuptor.pl\/en\/wp-json\/wp\/v2\/users\/1"}],"replies":[{"embeddable":true,"href":"https:\/\/zuptor.pl\/en\/wp-json\/wp\/v2\/comments?post=1864"}],"version-history":[{"count":10,"href":"https:\/\/zuptor.pl\/en\/wp-json\/wp\/v2\/pages\/1864\/revisions"}],"predecessor-version":[{"id":2564,"href":"https:\/\/zuptor.pl\/en\/wp-json\/wp\/v2\/pages\/1864\/revisions\/2564"}],"up":[{"embeddable":true,"href":"https:\/\/zuptor.pl\/en\/wp-json\/wp\/v2\/pages\/1641"}],"wp:attachment":[{"href":"https:\/\/zuptor.pl\/en\/wp-json\/wp\/v2\/media?parent=1864"}],"curies":[{"name":"wp","href":"https:\/\/api.w.org\/{rel}","templated":true}]}}