{"id":1723,"date":"2024-04-24T14:06:34","date_gmt":"2024-04-24T12:06:34","guid":{"rendered":"http:\/\/zuptor.dlatestu.co.pl\/?page_id=1723"},"modified":"2024-06-17T15:46:42","modified_gmt":"2024-06-17T13:46:42","slug":"transport-ziarna","status":"publish","type":"page","link":"https:\/\/zuptor.pl\/en\/transport-ziarna\/","title":{"rendered":"Grain transport"},"content":{"rendered":"<div class=\"wpb-content-wrapper\"><section class=\"vc_rows wpb_row vc_row-fluid bg-color-blue vc_custom_1712822687460\" ><div class=\"container\"><div class=\"row\"><div class=\"wpb_column vc_column_container vc_col-sm-12\"><div class=\"vc_column-inner\"><div class=\"wpb_wrapper\">\n\t\t\t<div class=\"col-md-8\">\n\t        <div class=\"wprt-spacer\" data-desktop=\"8\" data-mobi=\"0\" data-smobi=\"0\"><\/div>\n\t        <h2 class=\"text-white text-center-mobile font-size-20 margin-bottom-0\">Find a distributor in your area<\/h2>\n\t        <div class=\"wprt-spacer\" data-desktop=\"0\" data-mobi=\"20\" data-smobi=\"20\"><\/div>\n\t    <\/div>\n\n\t    <div class=\"col-md-4\">\n\t        <div class=\"text-right text-center-mobile\">\n\t        \n\t        <a class=\"wprt-button white rounded-3px\" href=\"https:\/\/zuptor.pl\/en\/dystrybutorzy\/\" target=\"_self\">DISTRIBUTORS<\/a>\t        <\/div>\n\t    <\/div>\n\t\n<\/div><\/div><\/div><\/div><\/div><div class=\"clearfix\"><\/div><\/section><section class=\"vc_rows wpb_row vc_row-fluid vc_custom_1716815076428\" ><div class=\"container\"><div class=\"row\"><div class=\"wpb_column vc_column_container vc_col-sm-3\"><div class=\"vc_column-inner vc_custom_1712134221679\"><div class=\"wpb_wrapper\">\n\t<div  class=\"wpb_single_image wpb_content_element vc_align_left\">\n\t\t\n\t\t<figure class=\"wpb_wrapper vc_figure\">\n\t\t\t<a href=\"https:\/\/zuptor.pl\/en\/transport-ziarna\/podnosniki-kubelkowe-2\/\" target=\"_self\" class=\"vc_single_image-wrapper   vc_box_border_grey\"><img loading=\"lazy\" decoding=\"async\" width=\"524\" height=\"393\" src=\"https:\/\/zuptor.pl\/wp-content\/uploads\/2024\/04\/podnosniki-kubelkowe.jpg\" class=\"vc_single_image-img attachment-large\" alt=\"Podno\u015bniki kube\u0142kowe\" title=\"tube lifts\" srcset=\"https:\/\/zuptor.pl\/wp-content\/uploads\/2024\/04\/podnosniki-kubelkowe.jpg 524w, https:\/\/zuptor.pl\/wp-content\/uploads\/2024\/04\/podnosniki-kubelkowe-300x225.jpg 300w\" sizes=\"auto, (max-width: 524px) 100vw, 524px\" \/><\/a>\n\t\t<\/figure>\n\t<\/div>\n\n\t<div class=\"wpb_text_column wpb_content_element\" >\n\t\t<div class=\"wpb_wrapper\">\n\t\t\t<h3 class=\"title font-size-18\"><a href=\"https:\/\/zuptor.pl\/en\/transport-ziarna\/podnosniki-kubelkowe-2\/\">Bucket elevators<\/a><\/h3>\n<p>ZUPTOR lifts for use on farms and large industrial plants.<\/p>\n\n\t\t<\/div>\n\t<\/div>\n<\/div><\/div><\/div><div class=\"wpb_column vc_column_container vc_col-sm-3\"><div class=\"vc_column-inner vc_custom_1712134238285\"><div class=\"wpb_wrapper\">\n\t<div  class=\"wpb_single_image wpb_content_element vc_align_left\">\n\t\t\n\t\t<figure class=\"wpb_wrapper vc_figure\">\n\t\t\t<a href=\"https:\/\/zuptor.pl\/en\/transport-ziarna\/podnosniki-zgarniakowe\/\" target=\"_self\" class=\"vc_single_image-wrapper   vc_box_border_grey\"><img loading=\"lazy\" decoding=\"async\" width=\"524\" height=\"393\" src=\"https:\/\/zuptor.pl\/wp-content\/uploads\/2024\/04\/przenosniki-tasmowe-zgarniakowe.jpg\" class=\"vc_single_image-img attachment-large\" alt=\"Przeno\u015bniki ta\u015bmowe i zgarniakowe\" title=\"belt conveyors-scrapers\" srcset=\"https:\/\/zuptor.pl\/wp-content\/uploads\/2024\/04\/przenosniki-tasmowe-zgarniakowe.jpg 524w, https:\/\/zuptor.pl\/wp-content\/uploads\/2024\/04\/przenosniki-tasmowe-zgarniakowe-300x225.jpg 300w\" sizes=\"auto, (max-width: 524px) 100vw, 524px\" \/><\/a>\n\t\t<\/figure>\n\t<\/div>\n\n\t<div class=\"wpb_text_column wpb_content_element\" >\n\t\t<div class=\"wpb_wrapper\">\n\t\t\t<h3 class=\"title font-size-18\"><a href=\"https:\/\/zuptor.pl\/en\/transport-ziarna\/podnosniki-zgarniakowe\/\">Scraper conveyors<\/a><\/h3>\n<p>High-end equipment for the free transport of cereals, grains and seeds.<\/p>\n\n\t\t<\/div>\n\t<\/div>\n<\/div><\/div><\/div><div class=\"wpb_column vc_column_container vc_col-sm-3\"><div class=\"vc_column-inner vc_custom_1712134252455\"><div class=\"wpb_wrapper\">\n\t<div  class=\"wpb_single_image wpb_content_element vc_align_left\">\n\t\t\n\t\t<figure class=\"wpb_wrapper vc_figure\">\n\t\t\t<a href=\"https:\/\/zuptor.pl\/en\/transport-ziarna\/przenosniki-tasmowe\/\" target=\"_self\" class=\"vc_single_image-wrapper   vc_box_border_grey\"><img loading=\"lazy\" decoding=\"async\" width=\"524\" height=\"393\" src=\"https:\/\/zuptor.pl\/wp-content\/uploads\/2024\/05\/przenosniki-tasmowe-2.jpg\" class=\"vc_single_image-img attachment-large\" alt=\"przeno\u015bniki ta\u015bmowe\" title=\"belt conveyors-2\" srcset=\"https:\/\/zuptor.pl\/wp-content\/uploads\/2024\/05\/przenosniki-tasmowe-2.jpg 524w, https:\/\/zuptor.pl\/wp-content\/uploads\/2024\/05\/przenosniki-tasmowe-2-300x225.jpg 300w\" sizes=\"auto, (max-width: 524px) 100vw, 524px\" \/><\/a>\n\t\t<\/figure>\n\t<\/div>\n\n\t<div class=\"wpb_text_column wpb_content_element\" >\n\t\t<div class=\"wpb_wrapper\">\n\t\t\t<h3 class=\"title font-size-18\"><a href=\"https:\/\/zuptor.pl\/en\/transport-ziarna\/przenosniki-tasmowe\/\">Belt conveyors<\/a><\/h3>\n<p>ZUPTOR belt conveyors are used for the horizontal transport of cereals, grains and seeds as well as granulates.<\/p>\n\n\t\t<\/div>\n\t<\/div>\n<\/div><\/div><\/div><div class=\"wpb_column vc_column_container vc_col-sm-3\"><div class=\"vc_column-inner\"><div class=\"wpb_wrapper\">\n\t<div  class=\"wpb_single_image wpb_content_element vc_align_left\">\n\t\t\n\t\t<figure class=\"wpb_wrapper vc_figure\">\n\t\t\t<a href=\"https:\/\/zuptor.pl\/en\/transport-ziarna\/podajniki-slimakowe\/\" target=\"_self\" class=\"vc_single_image-wrapper   vc_box_border_grey\"><img loading=\"lazy\" decoding=\"async\" width=\"524\" height=\"393\" src=\"https:\/\/zuptor.pl\/wp-content\/uploads\/2024\/04\/przenosniki-slimakowe-z-czerpia.jpg\" class=\"vc_single_image-img attachment-large\" alt=\"Przeno\u015bniki \u015blimakowe z czerpni\u0105\" title=\"conveyors-screws-with-a-pulley\" srcset=\"https:\/\/zuptor.pl\/wp-content\/uploads\/2024\/04\/przenosniki-slimakowe-z-czerpia.jpg 524w, https:\/\/zuptor.pl\/wp-content\/uploads\/2024\/04\/przenosniki-slimakowe-z-czerpia-300x225.jpg 300w\" sizes=\"auto, (max-width: 524px) 100vw, 524px\" \/><\/a>\n\t\t<\/figure>\n\t<\/div>\n\n\t<div class=\"wpb_text_column wpb_content_element\" >\n\t\t<div class=\"wpb_wrapper\">\n\t\t\t<h3 class=\"title font-size-18\"><a href=\"https:\/\/zuptor.pl\/en\/transport-ziarna\/podajniki-slimakowe\/\">Screw feeders<\/a><\/h3>\n<p>For transporting seeds, fodder and all kinds of bulk materials over short distances.<\/p>\n\n\t\t<\/div>\n\t<\/div>\n<\/div><\/div><\/div><\/div><\/div><div class=\"clearfix\"><\/div><\/section><section class=\"vc_rows wpb_row vc_row-fluid\" ><div class=\"container\"><div class=\"row\"><div class=\"wpb_column vc_column_container vc_col-sm-12\"><div class=\"vc_column-inner\"><div class=\"wpb_wrapper\"><div class=\"vc_empty_space\"   style=\"height: 80px\"><span class=\"vc_empty_space_inner\"><\/span><\/div><\/div><\/div><\/div><\/div><\/div><div class=\"clearfix\"><\/div><\/section>\n<\/div>","protected":false},"excerpt":{"rendered":"Find a distributor near you DISTRIBUTORS Bucket elevators ZUPTOR elevators for farm and large industrial applications. Scraper conveyors High-performance equipment for the free transport of cereals, grains and seeds. Belt conveyors ZUPTOR belt conveyors are used for the horizontal transport of cereals, grains and seeds and granulates. Screw feeders For the transport of seeds, fodder and any [...]","protected":false},"author":1,"featured_media":0,"parent":0,"menu_order":0,"comment_status":"closed","ping_status":"closed","template":"page-templates\/template-fullwidth.php","meta":{"footnotes":""},"class_list":["post-1723","page","type-page","status-publish","hentry"],"yoast_head":"<!-- This site is optimized with the Yoast SEO plugin v24.7 - https:\/\/yoast.com\/wordpress\/plugins\/seo\/ -->\n<title>Transport ziarna | Zuptor<\/title>\n<meta name=\"description\" content=\"Transport zb\u00f3\u017c, nasion, paszy i materia\u0142\u00f3w sypkich. Efektywne rozwi\u0105zania dla gospodarstw rolnych i du\u017cych zak\u0142ad\u00f3w przemys\u0142owych.\" \/>\n<meta name=\"robots\" content=\"index, follow, max-snippet:-1, max-image-preview:large, max-video-preview:-1\" \/>\n<link rel=\"canonical\" href=\"https:\/\/zuptor.pl\/en\/transport-ziarna\/\" \/>\n<meta property=\"og:locale\" content=\"en_GB\" \/>\n<meta property=\"og:type\" content=\"article\" \/>\n<meta property=\"og:title\" content=\"Transport ziarna | Zuptor\" \/>\n<meta property=\"og:description\" content=\"Transport zb\u00f3\u017c, nasion, paszy i materia\u0142\u00f3w sypkich. Efektywne rozwi\u0105zania dla gospodarstw rolnych i du\u017cych zak\u0142ad\u00f3w przemys\u0142owych.\" \/>\n<meta property=\"og:url\" content=\"https:\/\/zuptor.pl\/en\/transport-ziarna\/\" \/>\n<meta property=\"og:site_name\" content=\"Zuptor\" \/>\n<meta property=\"article:modified_time\" content=\"2024-06-17T13:46:42+00:00\" \/>\n<meta name=\"twitter:card\" content=\"summary_large_image\" \/>\n<meta name=\"twitter:label1\" content=\"Estimated reading time\" \/>\n\t<meta name=\"twitter:data1\" content=\"2 minutes\" \/>\n<script type=\"application\/ld+json\" class=\"yoast-schema-graph\">{\"@context\":\"https:\/\/schema.org\",\"@graph\":[{\"@type\":\"WebPage\",\"@id\":\"https:\/\/zuptor.pl\/transport-ziarna\/\",\"url\":\"https:\/\/zuptor.pl\/transport-ziarna\/\",\"name\":\"Transport ziarna | Zuptor\",\"isPartOf\":{\"@id\":\"https:\/\/zuptor.pl\/#website\"},\"datePublished\":\"2024-04-24T12:06:34+00:00\",\"dateModified\":\"2024-06-17T13:46:42+00:00\",\"description\":\"Transport zb\u00f3\u017c, nasion, paszy i materia\u0142\u00f3w sypkich. Efektywne rozwi\u0105zania dla gospodarstw rolnych i du\u017cych zak\u0142ad\u00f3w przemys\u0142owych.\",\"breadcrumb\":{\"@id\":\"https:\/\/zuptor.pl\/transport-ziarna\/#breadcrumb\"},\"inLanguage\":\"en-GB\",\"potentialAction\":[{\"@type\":\"ReadAction\",\"target\":[\"https:\/\/zuptor.pl\/transport-ziarna\/\"]}]},{\"@type\":\"BreadcrumbList\",\"@id\":\"https:\/\/zuptor.pl\/transport-ziarna\/#breadcrumb\",\"itemListElement\":[{\"@type\":\"ListItem\",\"position\":1,\"name\":\"Strona g\u0142\u00f3wna\",\"item\":\"https:\/\/zuptor.pl\/\"},{\"@type\":\"ListItem\",\"position\":2,\"name\":\"Transport ziarna\"}]},{\"@type\":\"WebSite\",\"@id\":\"https:\/\/zuptor.pl\/#website\",\"url\":\"https:\/\/zuptor.pl\/\",\"name\":\"Zuptor\",\"description\":\"\",\"potentialAction\":[{\"@type\":\"SearchAction\",\"target\":{\"@type\":\"EntryPoint\",\"urlTemplate\":\"https:\/\/zuptor.pl\/?s={search_term_string}\"},\"query-input\":{\"@type\":\"PropertyValueSpecification\",\"valueRequired\":true,\"valueName\":\"search_term_string\"}}],\"inLanguage\":\"en-GB\"}]}<\/script>\n<!-- \/ Yoast SEO plugin. -->","yoast_head_json":{"title":"Transport ziarna | Zuptor","description":"Transport zb\u00f3\u017c, nasion, paszy i materia\u0142\u00f3w sypkich. Efektywne rozwi\u0105zania dla gospodarstw rolnych i du\u017cych zak\u0142ad\u00f3w przemys\u0142owych.","robots":{"index":"index","follow":"follow","max-snippet":"max-snippet:-1","max-image-preview":"max-image-preview:large","max-video-preview":"max-video-preview:-1"},"canonical":"https:\/\/zuptor.pl\/en\/transport-ziarna\/","og_locale":"en_GB","og_type":"article","og_title":"Transport ziarna | Zuptor","og_description":"Transport zb\u00f3\u017c, nasion, paszy i materia\u0142\u00f3w sypkich. Efektywne rozwi\u0105zania dla gospodarstw rolnych i du\u017cych zak\u0142ad\u00f3w przemys\u0142owych.","og_url":"https:\/\/zuptor.pl\/en\/transport-ziarna\/","og_site_name":"Zuptor","article_modified_time":"2024-06-17T13:46:42+00:00","twitter_card":"summary_large_image","twitter_misc":{"Estimated reading time":"2 minutes"},"schema":{"@context":"https:\/\/schema.org","@graph":[{"@type":"WebPage","@id":"https:\/\/zuptor.pl\/transport-ziarna\/","url":"https:\/\/zuptor.pl\/transport-ziarna\/","name":"Transport ziarna | Zuptor","isPartOf":{"@id":"https:\/\/zuptor.pl\/#website"},"datePublished":"2024-04-24T12:06:34+00:00","dateModified":"2024-06-17T13:46:42+00:00","description":"Transport zb\u00f3\u017c, nasion, paszy i materia\u0142\u00f3w sypkich. Efektywne rozwi\u0105zania dla gospodarstw rolnych i du\u017cych zak\u0142ad\u00f3w przemys\u0142owych.","breadcrumb":{"@id":"https:\/\/zuptor.pl\/transport-ziarna\/#breadcrumb"},"inLanguage":"en-GB","potentialAction":[{"@type":"ReadAction","target":["https:\/\/zuptor.pl\/transport-ziarna\/"]}]},{"@type":"BreadcrumbList","@id":"https:\/\/zuptor.pl\/transport-ziarna\/#breadcrumb","itemListElement":[{"@type":"ListItem","position":1,"name":"Strona g\u0142\u00f3wna","item":"https:\/\/zuptor.pl\/"},{"@type":"ListItem","position":2,"name":"Transport ziarna"}]},{"@type":"WebSite","@id":"https:\/\/zuptor.pl\/#website","url":"https:\/\/zuptor.pl\/","name":"Zuptor","description":"","potentialAction":[{"@type":"SearchAction","target":{"@type":"EntryPoint","urlTemplate":"https:\/\/zuptor.pl\/?s={search_term_string}"},"query-input":{"@type":"PropertyValueSpecification","valueRequired":true,"valueName":"search_term_string"}}],"inLanguage":"en-GB"}]}},"_links":{"self":[{"href":"https:\/\/zuptor.pl\/en\/wp-json\/wp\/v2\/pages\/1723","targetHints":{"allow":["GET"]}}],"collection":[{"href":"https:\/\/zuptor.pl\/en\/wp-json\/wp\/v2\/pages"}],"about":[{"href":"https:\/\/zuptor.pl\/en\/wp-json\/wp\/v2\/types\/page"}],"author":[{"embeddable":true,"href":"https:\/\/zuptor.pl\/en\/wp-json\/wp\/v2\/users\/1"}],"replies":[{"embeddable":true,"href":"https:\/\/zuptor.pl\/en\/wp-json\/wp\/v2\/comments?post=1723"}],"version-history":[{"count":11,"href":"https:\/\/zuptor.pl\/en\/wp-json\/wp\/v2\/pages\/1723\/revisions"}],"predecessor-version":[{"id":2605,"href":"https:\/\/zuptor.pl\/en\/wp-json\/wp\/v2\/pages\/1723\/revisions\/2605"}],"wp:attachment":[{"href":"https:\/\/zuptor.pl\/en\/wp-json\/wp\/v2\/media?parent=1723"}],"curies":[{"name":"wp","href":"https:\/\/api.w.org\/{rel}","templated":true}]}}