{"id":1672,"date":"2024-04-24T10:48:34","date_gmt":"2024-04-24T08:48:34","guid":{"rendered":"http:\/\/zuptor.dlatestu.co.pl\/?page_id=1672"},"modified":"2024-06-17T14:53:38","modified_gmt":"2024-06-17T12:53:38","slug":"mieszalnie-pasz-linie","status":"publish","type":"page","link":"https:\/\/zuptor.pl\/en\/mieszalnie-pasz-linie\/","title":{"rendered":"Feed mixing plants - lines"},"content":{"rendered":"<div class=\"wpb-content-wrapper\"><section class=\"vc_rows wpb_row vc_row-fluid bg-color-blue vc_custom_1712822687460\" ><div class=\"container\"><div class=\"row\"><div class=\"wpb_column vc_column_container vc_col-sm-12\"><div class=\"vc_column-inner\"><div class=\"wpb_wrapper\">\n\t\t\t<div class=\"col-md-8\">\n\t        <div class=\"wprt-spacer\" data-desktop=\"8\" data-mobi=\"0\" data-smobi=\"0\"><\/div>\n\t        <h2 class=\"text-white text-center-mobile font-size-20 margin-bottom-0\">Find a distributor in your area<\/h2>\n\t        <div class=\"wprt-spacer\" data-desktop=\"0\" data-mobi=\"20\" data-smobi=\"20\"><\/div>\n\t    <\/div>\n\n\t    <div class=\"col-md-4\">\n\t        <div class=\"text-right text-center-mobile\">\n\t        \n\t        <a class=\"wprt-button white rounded-3px\" href=\"https:\/\/zuptor.pl\/en\/dystrybutorzy\/\" target=\"_self\">DISTRIBUTORS<\/a>\t        <\/div>\n\t    <\/div>\n\t\n<\/div><\/div><\/div><\/div><\/div><div class=\"clearfix\"><\/div><\/section><section class=\"vc_rows wpb_row vc_row-fluid vc_custom_1712137384089\" ><div class=\"container\"><div class=\"row\"><div class=\"wpb_column vc_column_container vc_col-sm-3\"><div class=\"vc_column-inner vc_custom_1712134221679\"><div class=\"wpb_wrapper\">\n\t<div  class=\"wpb_single_image wpb_content_element vc_align_left\">\n\t\t\n\t\t<figure class=\"wpb_wrapper vc_figure\">\n\t\t\t<a href=\"https:\/\/zuptor.pl\/en\/mieszalnie-pasz-linie\/linie-do-przygotowania-paszy-z-mieszalnikiem-pionowym\/\" target=\"_self\" class=\"vc_single_image-wrapper   vc_box_border_grey\"><img loading=\"lazy\" decoding=\"async\" width=\"524\" height=\"393\" src=\"https:\/\/zuptor.pl\/wp-content\/uploads\/2024\/04\/linie-do-przygotowywania-paszy-z-mieszalnikiem-pionowym.jpg\" class=\"vc_single_image-img attachment-large\" alt=\"linie do przygotowywania paszy z mieszalnikiem pionowym\" title=\"feed-preparation-line-with-vertical-mixer\" srcset=\"https:\/\/zuptor.pl\/wp-content\/uploads\/2024\/04\/linie-do-przygotowywania-paszy-z-mieszalnikiem-pionowym.jpg 524w, https:\/\/zuptor.pl\/wp-content\/uploads\/2024\/04\/linie-do-przygotowywania-paszy-z-mieszalnikiem-pionowym-300x225.jpg 300w\" sizes=\"auto, (max-width: 524px) 100vw, 524px\" \/><\/a>\n\t\t<\/figure>\n\t<\/div>\n\n\t<div class=\"wpb_text_column wpb_content_element\" >\n\t\t<div class=\"wpb_wrapper\">\n\t\t\t<h3 class=\"title font-size-18\"><a href=\"https:\/\/zuptor.pl\/en\/mieszalnie-pasz-linie\/linie-do-przygotowania-paszy-z-mieszalnikiem-pionowym\/\">Feed preparation lines with vertical mixer<\/a><\/h3>\n<p>Ideally suited to the needs of the farm. Very easy to operate.<\/p>\n\n\t\t<\/div>\n\t<\/div>\n<\/div><\/div><\/div><div class=\"wpb_column vc_column_container vc_col-sm-3\"><div class=\"vc_column-inner vc_custom_1712134238285\"><div class=\"wpb_wrapper\">\n\t<div  class=\"wpb_single_image wpb_content_element vc_align_left\">\n\t\t\n\t\t<figure class=\"wpb_wrapper vc_figure\">\n\t\t\t<a href=\"https:\/\/zuptor.pl\/en\/mieszalnie-pasz-linie\/linie-do-przygotowania-paszy-z-mieszalnikiem-poziomym\/\" target=\"_self\" class=\"vc_single_image-wrapper   vc_box_border_grey\"><img loading=\"lazy\" decoding=\"async\" width=\"524\" height=\"393\" src=\"https:\/\/zuptor.pl\/wp-content\/uploads\/2024\/04\/linie-do-przygotwywania-paszy-z-mieszalnikiem-poziomym.jpg\" class=\"vc_single_image-img attachment-large\" alt=\"Linie do przygotowywania paszy z mieszalnikiem poziomym\" title=\"feed-preparation-line-with-mixer-horizontal\" srcset=\"https:\/\/zuptor.pl\/wp-content\/uploads\/2024\/04\/linie-do-przygotwywania-paszy-z-mieszalnikiem-poziomym.jpg 524w, https:\/\/zuptor.pl\/wp-content\/uploads\/2024\/04\/linie-do-przygotwywania-paszy-z-mieszalnikiem-poziomym-300x225.jpg 300w\" sizes=\"auto, (max-width: 524px) 100vw, 524px\" \/><\/a>\n\t\t<\/figure>\n\t<\/div>\n\n\t<div class=\"wpb_text_column wpb_content_element\" >\n\t\t<div class=\"wpb_wrapper\">\n\t\t\t<h3 class=\"title font-size-18\"><a href=\"https:\/\/zuptor.pl\/en\/mieszalnie-pasz-linie\/linie-do-przygotowania-paszy-z-mieszalnikiem-poziomym\/\">Feed preparation lines with horizontal mixer<\/a><\/h3>\n<p>Simple to operate and highly efficient with automatic process control.<\/p>\n\n\t\t<\/div>\n\t<\/div>\n<\/div><\/div><\/div><div class=\"wpb_column vc_column_container vc_col-sm-3\"><div class=\"vc_column-inner vc_custom_1712134252455\"><div class=\"wpb_wrapper\">\n\t<div  class=\"wpb_single_image wpb_content_element vc_align_left\">\n\t\t\n\t\t<figure class=\"wpb_wrapper vc_figure\">\n\t\t\t<a href=\"https:\/\/zuptor.pl\/en\/mieszalnie-pasz-linie\/linie-z-automatycznym-rozdzielaczem-ssacym\/\" target=\"_self\" class=\"vc_single_image-wrapper   vc_box_border_grey\"><img loading=\"lazy\" decoding=\"async\" width=\"640\" height=\"480\" src=\"https:\/\/zuptor.pl\/wp-content\/uploads\/2024\/05\/ARS01-768x576-1.jpg\" class=\"vc_single_image-img attachment-large\" alt=\"LINIE Z AUTOMATYCZNYM ROZDZIELACZEM SS\u0104CYM (ARS)\" title=\"ARS01-768x576\" srcset=\"https:\/\/zuptor.pl\/wp-content\/uploads\/2024\/05\/ARS01-768x576-1.jpg 768w, https:\/\/zuptor.pl\/wp-content\/uploads\/2024\/05\/ARS01-768x576-1-300x225.jpg 300w\" sizes=\"auto, (max-width: 640px) 100vw, 640px\" \/><\/a>\n\t\t<\/figure>\n\t<\/div>\n\n\t<div class=\"wpb_text_column wpb_content_element\" >\n\t\t<div class=\"wpb_wrapper\">\n\t\t\t<h3 class=\"title font-size-18\"><a href=\"https:\/\/zuptor.pl\/en\/mieszalnie-pasz-linie\/linie-z-automatycznym-rozdzielaczem-ssacym\/\">Lines with automatic suction distributor (ARS)<\/a><\/h3>\n<p>An innovative solution for the automatic dosing of grain from a silo or heap.<\/p>\n\n\t\t<\/div>\n\t<\/div>\n<\/div><\/div><\/div><div class=\"wpb_column vc_column_container vc_col-sm-3\"><div class=\"vc_column-inner\"><div class=\"wpb_wrapper\">\n\t<div  class=\"wpb_single_image wpb_content_element vc_align_left\">\n\t\t\n\t\t<figure class=\"wpb_wrapper vc_figure\">\n\t\t\t<a href=\"https:\/\/zuptor.pl\/en\/mieszalnie-pasz-linie\/kompakt-rozdrabniajaco-mieszajacy\/\" target=\"_self\" class=\"vc_single_image-wrapper   vc_box_border_grey\"><img loading=\"lazy\" decoding=\"async\" width=\"640\" height=\"480\" src=\"https:\/\/zuptor.pl\/wp-content\/uploads\/2024\/05\/KRM4-768x576-1.jpg\" class=\"vc_single_image-img attachment-large\" alt=\"Kompakt rozdrabniaj\u0105co-mieszaj\u0105cy (KRM) - 07\" title=\"KRM4-768x576\" srcset=\"https:\/\/zuptor.pl\/wp-content\/uploads\/2024\/05\/KRM4-768x576-1.jpg 768w, https:\/\/zuptor.pl\/wp-content\/uploads\/2024\/05\/KRM4-768x576-1-300x225.jpg 300w\" sizes=\"auto, (max-width: 640px) 100vw, 640px\" \/><\/a>\n\t\t<\/figure>\n\t<\/div>\n\n\t<div class=\"wpb_text_column wpb_content_element\" >\n\t\t<div class=\"wpb_wrapper\">\n\t\t\t<h3 class=\"title font-size-18\"><a href=\"https:\/\/zuptor.pl\/en\/mieszalnie-pasz-linie\/kompakt-rozdrabniajaco-mieszajacy\/\">Mixing compactor (KRM)<\/a><\/h3>\n<p>The grinding and mixing compactor (KRM) enables efficient and precise preparation of feed for livestock.<\/p>\n\n\t\t<\/div>\n\t<\/div>\n<\/div><\/div><\/div><\/div><\/div><div class=\"clearfix\"><\/div><\/section><section class=\"vc_rows wpb_row vc_row-fluid vc_custom_1712134713158\" ><div class=\"container\"><div class=\"row\"><div class=\"wpb_column vc_column_container vc_col-sm-3\"><div class=\"vc_column-inner vc_custom_1712134275487\"><div class=\"wpb_wrapper\">\n\t<div  class=\"wpb_single_image wpb_content_element vc_align_left\">\n\t\t\n\t\t<figure class=\"wpb_wrapper vc_figure\">\n\t\t\t<a href=\"https:\/\/zuptor.pl\/en\/mieszalnie-pasz-linie\/automatyczne-mieszalnie-pasz-amp\/\" target=\"_self\" class=\"vc_single_image-wrapper   vc_box_border_grey\"><img loading=\"lazy\" decoding=\"async\" width=\"524\" height=\"393\" src=\"https:\/\/zuptor.pl\/wp-content\/uploads\/2024\/04\/automatyczna-mieszalnia-pasz.jpg\" class=\"vc_single_image-img attachment-large\" alt=\"automatyczna mieszalnia pasz\" title=\"automatic-mixer-feed\" srcset=\"https:\/\/zuptor.pl\/wp-content\/uploads\/2024\/04\/automatyczna-mieszalnia-pasz.jpg 524w, https:\/\/zuptor.pl\/wp-content\/uploads\/2024\/04\/automatyczna-mieszalnia-pasz-300x225.jpg 300w\" sizes=\"auto, (max-width: 524px) 100vw, 524px\" \/><\/a>\n\t\t<\/figure>\n\t<\/div>\n\n\t<div class=\"wpb_text_column wpb_content_element\" >\n\t\t<div class=\"wpb_wrapper\">\n\t\t\t<h3 class=\"title font-size-18\"><a href=\"https:\/\/zuptor.pl\/en\/mieszalnie-pasz-linie\/automatyczne-mieszalnie-pasz-amp\/\">Automatic mixing plant (AMP)<\/a><\/h3>\n<p>Individually designed according to performance needs.<\/p>\n\n\t\t<\/div>\n\t<\/div>\n<\/div><\/div><\/div><div class=\"wpb_column vc_column_container vc_col-sm-3\"><div class=\"vc_column-inner vc_custom_1712134285741\"><div class=\"wpb_wrapper\"><\/div><\/div><\/div><div class=\"wpb_column vc_column_container vc_col-sm-3\"><div class=\"vc_column-inner vc_custom_1712134296858\"><div class=\"wpb_wrapper\"><\/div><\/div><\/div><div class=\"wpb_column vc_column_container vc_col-sm-3\"><div class=\"vc_column-inner\"><div class=\"wpb_wrapper\"><\/div><\/div><\/div><\/div><\/div><div class=\"clearfix\"><\/div><\/section><section class=\"vc_rows wpb_row vc_row-fluid\" ><div class=\"container\"><div class=\"row\"><div class=\"wpb_column vc_column_container vc_col-sm-12\"><div class=\"vc_column-inner\"><div class=\"wpb_wrapper\"><div class=\"vc_empty_space\"   style=\"height: 80px\"><span class=\"vc_empty_space_inner\"><\/span><\/div><\/div><\/div><\/div><\/div><\/div><div class=\"clearfix\"><\/div><\/section>\n<\/div>","protected":false},"excerpt":{"rendered":"Find a distributor in your area DISTRIBUTORS Vertical mixer feed preparation lines Ideally suited to the needs of the farm. Very easy to operate. Feed preparation lines with horizontal mixer Simple to operate and very efficient with automatic process control. Lines with automatic suction distributor (ARS) Innovative solution for automatic dosing of grain from silos or [...]","protected":false},"author":1,"featured_media":0,"parent":0,"menu_order":0,"comment_status":"closed","ping_status":"closed","template":"page-templates\/template-fullwidth.php","meta":{"footnotes":""},"class_list":["post-1672","page","type-page","status-publish","hentry"],"yoast_head":"<!-- This site is optimized with the Yoast SEO plugin v24.7 - https:\/\/yoast.com\/wordpress\/plugins\/seo\/ -->\n<title>Mieszalnie pasz - linie | Zuptor<\/title>\n<meta name=\"description\" content=\"Innowacyjne rozwi\u0105zania jak automatyczny rozdzielacz ss\u0105cy i kompakt rozdrabniaj\u0105co-mieszaj\u0105cy. Projektowanie wed\u0142ug indywidualnych potrzeb.\" \/>\n<meta name=\"robots\" content=\"index, follow, max-snippet:-1, max-image-preview:large, max-video-preview:-1\" \/>\n<link rel=\"canonical\" href=\"https:\/\/zuptor.pl\/en\/mieszalnie-pasz-linie\/\" \/>\n<meta property=\"og:locale\" content=\"en_GB\" \/>\n<meta property=\"og:type\" content=\"article\" \/>\n<meta property=\"og:title\" content=\"Mieszalnie pasz - linie | Zuptor\" \/>\n<meta property=\"og:description\" content=\"Innowacyjne rozwi\u0105zania jak automatyczny rozdzielacz ss\u0105cy i kompakt rozdrabniaj\u0105co-mieszaj\u0105cy. Projektowanie wed\u0142ug indywidualnych potrzeb.\" \/>\n<meta property=\"og:url\" content=\"https:\/\/zuptor.pl\/en\/mieszalnie-pasz-linie\/\" \/>\n<meta property=\"og:site_name\" content=\"Zuptor\" \/>\n<meta property=\"article:modified_time\" content=\"2024-06-17T12:53:38+00:00\" \/>\n<meta name=\"twitter:card\" content=\"summary_large_image\" \/>\n<meta name=\"twitter:label1\" content=\"Estimated reading time\" \/>\n\t<meta name=\"twitter:data1\" content=\"2 minutes\" \/>\n<script type=\"application\/ld+json\" class=\"yoast-schema-graph\">{\"@context\":\"https:\/\/schema.org\",\"@graph\":[{\"@type\":\"WebPage\",\"@id\":\"https:\/\/zuptor.pl\/mieszalnie-pasz-linie\/\",\"url\":\"https:\/\/zuptor.pl\/mieszalnie-pasz-linie\/\",\"name\":\"Mieszalnie pasz - linie | Zuptor\",\"isPartOf\":{\"@id\":\"https:\/\/zuptor.pl\/#website\"},\"datePublished\":\"2024-04-24T08:48:34+00:00\",\"dateModified\":\"2024-06-17T12:53:38+00:00\",\"description\":\"Innowacyjne rozwi\u0105zania jak automatyczny rozdzielacz ss\u0105cy i kompakt rozdrabniaj\u0105co-mieszaj\u0105cy. Projektowanie wed\u0142ug indywidualnych potrzeb.\",\"breadcrumb\":{\"@id\":\"https:\/\/zuptor.pl\/mieszalnie-pasz-linie\/#breadcrumb\"},\"inLanguage\":\"en-GB\",\"potentialAction\":[{\"@type\":\"ReadAction\",\"target\":[\"https:\/\/zuptor.pl\/mieszalnie-pasz-linie\/\"]}]},{\"@type\":\"BreadcrumbList\",\"@id\":\"https:\/\/zuptor.pl\/mieszalnie-pasz-linie\/#breadcrumb\",\"itemListElement\":[{\"@type\":\"ListItem\",\"position\":1,\"name\":\"Strona g\u0142\u00f3wna\",\"item\":\"https:\/\/zuptor.pl\/\"},{\"@type\":\"ListItem\",\"position\":2,\"name\":\"Mieszalnie pasz &#8211; linie\"}]},{\"@type\":\"WebSite\",\"@id\":\"https:\/\/zuptor.pl\/#website\",\"url\":\"https:\/\/zuptor.pl\/\",\"name\":\"Zuptor\",\"description\":\"\",\"potentialAction\":[{\"@type\":\"SearchAction\",\"target\":{\"@type\":\"EntryPoint\",\"urlTemplate\":\"https:\/\/zuptor.pl\/?s={search_term_string}\"},\"query-input\":{\"@type\":\"PropertyValueSpecification\",\"valueRequired\":true,\"valueName\":\"search_term_string\"}}],\"inLanguage\":\"en-GB\"}]}<\/script>\n<!-- \/ Yoast SEO plugin. -->","yoast_head_json":{"title":"Mieszalnie pasz - linie | Zuptor","description":"Innowacyjne rozwi\u0105zania jak automatyczny rozdzielacz ss\u0105cy i kompakt rozdrabniaj\u0105co-mieszaj\u0105cy. Projektowanie wed\u0142ug indywidualnych potrzeb.","robots":{"index":"index","follow":"follow","max-snippet":"max-snippet:-1","max-image-preview":"max-image-preview:large","max-video-preview":"max-video-preview:-1"},"canonical":"https:\/\/zuptor.pl\/en\/mieszalnie-pasz-linie\/","og_locale":"en_GB","og_type":"article","og_title":"Mieszalnie pasz - linie | Zuptor","og_description":"Innowacyjne rozwi\u0105zania jak automatyczny rozdzielacz ss\u0105cy i kompakt rozdrabniaj\u0105co-mieszaj\u0105cy. Projektowanie wed\u0142ug indywidualnych potrzeb.","og_url":"https:\/\/zuptor.pl\/en\/mieszalnie-pasz-linie\/","og_site_name":"Zuptor","article_modified_time":"2024-06-17T12:53:38+00:00","twitter_card":"summary_large_image","twitter_misc":{"Estimated reading time":"2 minutes"},"schema":{"@context":"https:\/\/schema.org","@graph":[{"@type":"WebPage","@id":"https:\/\/zuptor.pl\/mieszalnie-pasz-linie\/","url":"https:\/\/zuptor.pl\/mieszalnie-pasz-linie\/","name":"Mieszalnie pasz - linie | Zuptor","isPartOf":{"@id":"https:\/\/zuptor.pl\/#website"},"datePublished":"2024-04-24T08:48:34+00:00","dateModified":"2024-06-17T12:53:38+00:00","description":"Innowacyjne rozwi\u0105zania jak automatyczny rozdzielacz ss\u0105cy i kompakt rozdrabniaj\u0105co-mieszaj\u0105cy. Projektowanie wed\u0142ug indywidualnych potrzeb.","breadcrumb":{"@id":"https:\/\/zuptor.pl\/mieszalnie-pasz-linie\/#breadcrumb"},"inLanguage":"en-GB","potentialAction":[{"@type":"ReadAction","target":["https:\/\/zuptor.pl\/mieszalnie-pasz-linie\/"]}]},{"@type":"BreadcrumbList","@id":"https:\/\/zuptor.pl\/mieszalnie-pasz-linie\/#breadcrumb","itemListElement":[{"@type":"ListItem","position":1,"name":"Strona g\u0142\u00f3wna","item":"https:\/\/zuptor.pl\/"},{"@type":"ListItem","position":2,"name":"Mieszalnie pasz &#8211; linie"}]},{"@type":"WebSite","@id":"https:\/\/zuptor.pl\/#website","url":"https:\/\/zuptor.pl\/","name":"Zuptor","description":"","potentialAction":[{"@type":"SearchAction","target":{"@type":"EntryPoint","urlTemplate":"https:\/\/zuptor.pl\/?s={search_term_string}"},"query-input":{"@type":"PropertyValueSpecification","valueRequired":true,"valueName":"search_term_string"}}],"inLanguage":"en-GB"}]}},"_links":{"self":[{"href":"https:\/\/zuptor.pl\/en\/wp-json\/wp\/v2\/pages\/1672","targetHints":{"allow":["GET"]}}],"collection":[{"href":"https:\/\/zuptor.pl\/en\/wp-json\/wp\/v2\/pages"}],"about":[{"href":"https:\/\/zuptor.pl\/en\/wp-json\/wp\/v2\/types\/page"}],"author":[{"embeddable":true,"href":"https:\/\/zuptor.pl\/en\/wp-json\/wp\/v2\/users\/1"}],"replies":[{"embeddable":true,"href":"https:\/\/zuptor.pl\/en\/wp-json\/wp\/v2\/comments?post=1672"}],"version-history":[{"count":37,"href":"https:\/\/zuptor.pl\/en\/wp-json\/wp\/v2\/pages\/1672\/revisions"}],"predecessor-version":[{"id":2602,"href":"https:\/\/zuptor.pl\/en\/wp-json\/wp\/v2\/pages\/1672\/revisions\/2602"}],"wp:attachment":[{"href":"https:\/\/zuptor.pl\/en\/wp-json\/wp\/v2\/media?parent=1672"}],"curies":[{"name":"wp","href":"https:\/\/api.w.org\/{rel}","templated":true}]}}