{"id":1663,"date":"2024-04-24T10:30:04","date_gmt":"2024-04-24T08:30:04","guid":{"rendered":"http:\/\/zuptor.dlatestu.co.pl\/?page_id=1663"},"modified":"2024-06-17T14:52:14","modified_gmt":"2024-06-17T12:52:14","slug":"rozdrabniacze-pasz","status":"publish","type":"page","link":"https:\/\/zuptor.pl\/en\/rozdrabniacze-pasz\/","title":{"rendered":"Feed shredders - Shredders"},"content":{"rendered":"<div class=\"wpb-content-wrapper\"><section class=\"vc_rows wpb_row vc_row-fluid bg-color-blue vc_custom_1712822687460\" ><div class=\"container\"><div class=\"row\"><div class=\"wpb_column vc_column_container vc_col-sm-12\"><div class=\"vc_column-inner\"><div class=\"wpb_wrapper\">\n\t\t\t<div class=\"col-md-8\">\n\t        <div class=\"wprt-spacer\" data-desktop=\"8\" data-mobi=\"0\" data-smobi=\"0\"><\/div>\n\t        <h2 class=\"text-white text-center-mobile font-size-20 margin-bottom-0\">Find a distributor in your area<\/h2>\n\t        <div class=\"wprt-spacer\" data-desktop=\"0\" data-mobi=\"20\" data-smobi=\"20\"><\/div>\n\t    <\/div>\n\n\t    <div class=\"col-md-4\">\n\t        <div class=\"text-right text-center-mobile\">\n\t        \n\t        <a class=\"wprt-button white rounded-3px\" href=\"https:\/\/zuptor.pl\/en\/dystrybutorzy\/\" target=\"_self\">DISTRIBUTORS<\/a>\t        <\/div>\n\t    <\/div>\n\t\n<\/div><\/div><\/div><\/div><\/div><div class=\"clearfix\"><\/div><\/section><section class=\"vc_rows wpb_row vc_row-fluid vc_custom_1712137384089\" ><div class=\"container\"><div class=\"row\"><div class=\"wpb_column vc_column_container vc_col-sm-4\"><div class=\"vc_column-inner vc_custom_1712134221679\"><div class=\"wpb_wrapper\">\n\t<div  class=\"wpb_single_image wpb_content_element vc_align_left\">\n\t\t\n\t\t<figure class=\"wpb_wrapper vc_figure\">\n\t\t\t<a href=\"https:\/\/zuptor.pl\/en\/rozdrabniacze-pasz\/rozdrabniacze-ssaco-tloczace-2\/\" target=\"_self\" class=\"vc_single_image-wrapper   vc_box_border_grey\"><img loading=\"lazy\" decoding=\"async\" width=\"524\" height=\"393\" src=\"https:\/\/zuptor.pl\/wp-content\/uploads\/2024\/06\/rozdrabniacze-ssaco-tloczace-main.jpg\" class=\"vc_single_image-img attachment-large\" alt=\"Rozdrabniacze ss\u0105co-t\u0142ocz\u0105ce\" title=\"shredders-suckers-main\" srcset=\"https:\/\/zuptor.pl\/wp-content\/uploads\/2024\/06\/rozdrabniacze-ssaco-tloczace-main.jpg 524w, https:\/\/zuptor.pl\/wp-content\/uploads\/2024\/06\/rozdrabniacze-ssaco-tloczace-main-300x225.jpg 300w\" sizes=\"auto, (max-width: 524px) 100vw, 524px\" \/><\/a>\n\t\t<\/figure>\n\t<\/div>\n\n\t<div class=\"wpb_text_column wpb_content_element\" >\n\t\t<div class=\"wpb_wrapper\">\n\t\t\t<h3 class=\"title font-size-18\"><a href=\"https:\/\/zuptor.pl\/en\/rozdrabniacze-pasz\/rozdrabniacze-ssaco-tloczace-2\/\">Suction and compression shredders<\/a><\/h3>\n<p>ZUPTOR's suction and compression shredders (shredders) are designed for the shredding of cereal grains.<\/p>\n\n\t\t<\/div>\n\t<\/div>\n<\/div><\/div><\/div><div class=\"wpb_column vc_column_container vc_col-sm-4\"><div class=\"vc_column-inner vc_custom_1712134238285\"><div class=\"wpb_wrapper\">\n\t<div  class=\"wpb_single_image wpb_content_element vc_align_left\">\n\t\t\n\t\t<figure class=\"wpb_wrapper vc_figure\">\n\t\t\t<a href=\"https:\/\/zuptor.pl\/en\/rozdrabniacze-pasz\/rozdrabniacze-zasypowe-2\/\" target=\"_self\" class=\"vc_single_image-wrapper   vc_box_border_grey\"><img loading=\"lazy\" decoding=\"async\" width=\"524\" height=\"393\" src=\"https:\/\/zuptor.pl\/wp-content\/uploads\/2024\/06\/rozdrabniacze-zasypowe-main.jpg\" class=\"vc_single_image-img attachment-large\" alt=\"Rozdrabniacze zasypowe\" title=\"shredders-main\" srcset=\"https:\/\/zuptor.pl\/wp-content\/uploads\/2024\/06\/rozdrabniacze-zasypowe-main.jpg 524w, https:\/\/zuptor.pl\/wp-content\/uploads\/2024\/06\/rozdrabniacze-zasypowe-main-300x225.jpg 300w\" sizes=\"auto, (max-width: 524px) 100vw, 524px\" \/><\/a>\n\t\t<\/figure>\n\t<\/div>\n\n\t<div class=\"wpb_text_column wpb_content_element\" >\n\t\t<div class=\"wpb_wrapper\">\n\t\t\t<h3 class=\"title font-size-18\"><a href=\"https:\/\/zuptor.pl\/en\/rozdrabniacze-pasz\/rozdrabniacze-zasypowe-2\/\">Feed shredders<\/a><\/h3>\n<p>ZUPTOR feed shredders (shredders) are designed for the shredding of grain.<\/p>\n\n\t\t<\/div>\n\t<\/div>\n<\/div><\/div><\/div><div class=\"wpb_column vc_column_container vc_col-sm-4\"><div class=\"vc_column-inner\"><div class=\"wpb_wrapper\"><\/div><\/div><\/div><\/div><\/div><div class=\"clearfix\"><\/div><\/section><section class=\"vc_rows wpb_row vc_row-fluid\" ><div class=\"container\"><div class=\"row\"><div class=\"wpb_column vc_column_container vc_col-sm-12\"><div class=\"vc_column-inner\"><div class=\"wpb_wrapper\"><div class=\"vc_empty_space\"   style=\"height: 80px\"><span class=\"vc_empty_space_inner\"><\/span><\/div><\/div><\/div><\/div><\/div><\/div><div class=\"clearfix\"><\/div><\/section>\n<\/div>","protected":false},"excerpt":{"rendered":"Find a distributor in your area DISTRIBUTORS Suction and feed shredders ZUPTOR suction and feed shredders (shredders) are designed for the shredding of grain. Feed shredders ZUPTOR feed shredders (shredders) are designed for the shredding of grain.","protected":false},"author":1,"featured_media":0,"parent":0,"menu_order":0,"comment_status":"closed","ping_status":"closed","template":"page-templates\/template-fullwidth.php","meta":{"footnotes":""},"class_list":["post-1663","page","type-page","status-publish","hentry"],"yoast_head":"<!-- This site is optimized with the Yoast SEO plugin v24.7 - https:\/\/yoast.com\/wordpress\/plugins\/seo\/ -->\n<title>Rozdrabniacze pasz - \u015brutowniki | Zuptor<\/title>\n<meta name=\"description\" content=\"Rozdrabniacze pasz ZUPTOR - ss\u0105co-t\u0142ocz\u0105ce i zasypowe \u015brutowniki do ziarna zb\u00f3\u017c. Efektywne rozdrabnianie ziarna dla r\u00f3\u017cnych potrzeb.\" \/>\n<meta name=\"robots\" content=\"index, follow, max-snippet:-1, max-image-preview:large, max-video-preview:-1\" \/>\n<link rel=\"canonical\" href=\"https:\/\/zuptor.pl\/en\/rozdrabniacze-pasz\/\" \/>\n<meta property=\"og:locale\" content=\"en_GB\" \/>\n<meta property=\"og:type\" content=\"article\" \/>\n<meta property=\"og:title\" content=\"Rozdrabniacze pasz - \u015brutowniki | Zuptor\" \/>\n<meta property=\"og:description\" content=\"Rozdrabniacze pasz ZUPTOR - ss\u0105co-t\u0142ocz\u0105ce i zasypowe \u015brutowniki do ziarna zb\u00f3\u017c. Efektywne rozdrabnianie ziarna dla r\u00f3\u017cnych potrzeb.\" \/>\n<meta property=\"og:url\" content=\"https:\/\/zuptor.pl\/en\/rozdrabniacze-pasz\/\" \/>\n<meta property=\"og:site_name\" content=\"Zuptor\" \/>\n<meta property=\"article:modified_time\" content=\"2024-06-17T12:52:14+00:00\" \/>\n<meta name=\"twitter:card\" content=\"summary_large_image\" \/>\n<meta name=\"twitter:label1\" content=\"Estimated reading time\" \/>\n\t<meta name=\"twitter:data1\" content=\"1 minute\" \/>\n<script type=\"application\/ld+json\" class=\"yoast-schema-graph\">{\"@context\":\"https:\/\/schema.org\",\"@graph\":[{\"@type\":\"WebPage\",\"@id\":\"https:\/\/zuptor.pl\/rozdrabniacze-pasz\/\",\"url\":\"https:\/\/zuptor.pl\/rozdrabniacze-pasz\/\",\"name\":\"Rozdrabniacze pasz - \u015brutowniki | Zuptor\",\"isPartOf\":{\"@id\":\"https:\/\/zuptor.pl\/#website\"},\"datePublished\":\"2024-04-24T08:30:04+00:00\",\"dateModified\":\"2024-06-17T12:52:14+00:00\",\"description\":\"Rozdrabniacze pasz ZUPTOR - ss\u0105co-t\u0142ocz\u0105ce i zasypowe \u015brutowniki do ziarna zb\u00f3\u017c. Efektywne rozdrabnianie ziarna dla r\u00f3\u017cnych potrzeb.\",\"breadcrumb\":{\"@id\":\"https:\/\/zuptor.pl\/rozdrabniacze-pasz\/#breadcrumb\"},\"inLanguage\":\"en-GB\",\"potentialAction\":[{\"@type\":\"ReadAction\",\"target\":[\"https:\/\/zuptor.pl\/rozdrabniacze-pasz\/\"]}]},{\"@type\":\"BreadcrumbList\",\"@id\":\"https:\/\/zuptor.pl\/rozdrabniacze-pasz\/#breadcrumb\",\"itemListElement\":[{\"@type\":\"ListItem\",\"position\":1,\"name\":\"Strona g\u0142\u00f3wna\",\"item\":\"https:\/\/zuptor.pl\/\"},{\"@type\":\"ListItem\",\"position\":2,\"name\":\"Rozdrabniacze pasz &#8211; \u015brutowniki\"}]},{\"@type\":\"WebSite\",\"@id\":\"https:\/\/zuptor.pl\/#website\",\"url\":\"https:\/\/zuptor.pl\/\",\"name\":\"Zuptor\",\"description\":\"\",\"potentialAction\":[{\"@type\":\"SearchAction\",\"target\":{\"@type\":\"EntryPoint\",\"urlTemplate\":\"https:\/\/zuptor.pl\/?s={search_term_string}\"},\"query-input\":{\"@type\":\"PropertyValueSpecification\",\"valueRequired\":true,\"valueName\":\"search_term_string\"}}],\"inLanguage\":\"en-GB\"}]}<\/script>\n<!-- \/ Yoast SEO plugin. -->","yoast_head_json":{"title":"Rozdrabniacze pasz - \u015brutowniki | Zuptor","description":"Rozdrabniacze pasz ZUPTOR - ss\u0105co-t\u0142ocz\u0105ce i zasypowe \u015brutowniki do ziarna zb\u00f3\u017c. Efektywne rozdrabnianie ziarna dla r\u00f3\u017cnych potrzeb.","robots":{"index":"index","follow":"follow","max-snippet":"max-snippet:-1","max-image-preview":"max-image-preview:large","max-video-preview":"max-video-preview:-1"},"canonical":"https:\/\/zuptor.pl\/en\/rozdrabniacze-pasz\/","og_locale":"en_GB","og_type":"article","og_title":"Rozdrabniacze pasz - \u015brutowniki | Zuptor","og_description":"Rozdrabniacze pasz ZUPTOR - ss\u0105co-t\u0142ocz\u0105ce i zasypowe \u015brutowniki do ziarna zb\u00f3\u017c. Efektywne rozdrabnianie ziarna dla r\u00f3\u017cnych potrzeb.","og_url":"https:\/\/zuptor.pl\/en\/rozdrabniacze-pasz\/","og_site_name":"Zuptor","article_modified_time":"2024-06-17T12:52:14+00:00","twitter_card":"summary_large_image","twitter_misc":{"Estimated reading time":"1 minute"},"schema":{"@context":"https:\/\/schema.org","@graph":[{"@type":"WebPage","@id":"https:\/\/zuptor.pl\/rozdrabniacze-pasz\/","url":"https:\/\/zuptor.pl\/rozdrabniacze-pasz\/","name":"Rozdrabniacze pasz - \u015brutowniki | Zuptor","isPartOf":{"@id":"https:\/\/zuptor.pl\/#website"},"datePublished":"2024-04-24T08:30:04+00:00","dateModified":"2024-06-17T12:52:14+00:00","description":"Rozdrabniacze pasz ZUPTOR - ss\u0105co-t\u0142ocz\u0105ce i zasypowe \u015brutowniki do ziarna zb\u00f3\u017c. Efektywne rozdrabnianie ziarna dla r\u00f3\u017cnych potrzeb.","breadcrumb":{"@id":"https:\/\/zuptor.pl\/rozdrabniacze-pasz\/#breadcrumb"},"inLanguage":"en-GB","potentialAction":[{"@type":"ReadAction","target":["https:\/\/zuptor.pl\/rozdrabniacze-pasz\/"]}]},{"@type":"BreadcrumbList","@id":"https:\/\/zuptor.pl\/rozdrabniacze-pasz\/#breadcrumb","itemListElement":[{"@type":"ListItem","position":1,"name":"Strona g\u0142\u00f3wna","item":"https:\/\/zuptor.pl\/"},{"@type":"ListItem","position":2,"name":"Rozdrabniacze pasz &#8211; \u015brutowniki"}]},{"@type":"WebSite","@id":"https:\/\/zuptor.pl\/#website","url":"https:\/\/zuptor.pl\/","name":"Zuptor","description":"","potentialAction":[{"@type":"SearchAction","target":{"@type":"EntryPoint","urlTemplate":"https:\/\/zuptor.pl\/?s={search_term_string}"},"query-input":{"@type":"PropertyValueSpecification","valueRequired":true,"valueName":"search_term_string"}}],"inLanguage":"en-GB"}]}},"_links":{"self":[{"href":"https:\/\/zuptor.pl\/en\/wp-json\/wp\/v2\/pages\/1663","targetHints":{"allow":["GET"]}}],"collection":[{"href":"https:\/\/zuptor.pl\/en\/wp-json\/wp\/v2\/pages"}],"about":[{"href":"https:\/\/zuptor.pl\/en\/wp-json\/wp\/v2\/types\/page"}],"author":[{"embeddable":true,"href":"https:\/\/zuptor.pl\/en\/wp-json\/wp\/v2\/users\/1"}],"replies":[{"embeddable":true,"href":"https:\/\/zuptor.pl\/en\/wp-json\/wp\/v2\/comments?post=1663"}],"version-history":[{"count":12,"href":"https:\/\/zuptor.pl\/en\/wp-json\/wp\/v2\/pages\/1663\/revisions"}],"predecessor-version":[{"id":2601,"href":"https:\/\/zuptor.pl\/en\/wp-json\/wp\/v2\/pages\/1663\/revisions\/2601"}],"wp:attachment":[{"href":"https:\/\/zuptor.pl\/en\/wp-json\/wp\/v2\/media?parent=1663"}],"curies":[{"name":"wp","href":"https:\/\/api.w.org\/{rel}","templated":true}]}}