{"id":1573,"date":"2024-04-16T15:19:29","date_gmt":"2024-04-16T13:19:29","guid":{"rendered":"http:\/\/zuptor.dlatestu.co.pl\/?page_id=1573"},"modified":"2024-12-04T13:03:12","modified_gmt":"2024-12-04T12:03:12","slug":"automatyka-i-sterowanie","status":"publish","type":"page","link":"https:\/\/zuptor.pl\/en\/silosy\/automatyka-i-sterowanie\/","title":{"rendered":"Automation and control"},"content":{"rendered":"<div class=\"wpb-content-wrapper\"><section class=\"vc_rows wpb_row vc_row-fluid bg-color-blue vc_custom_1712822727044\" ><div class=\"container\"><div class=\"row\"><div class=\"wpb_column vc_column_container vc_col-sm-12\"><div class=\"vc_column-inner\"><div class=\"wpb_wrapper\">\n\t\t\t<div class=\"col-md-8\">\n\t        <div class=\"wprt-spacer\" data-desktop=\"8\" data-mobi=\"0\" data-smobi=\"0\"><\/div>\n\t        <h2 class=\"text-white text-center-mobile font-size-20 margin-bottom-0\">Find a distributor in your area<\/h2>\n\t        <div class=\"wprt-spacer\" data-desktop=\"0\" data-mobi=\"20\" data-smobi=\"20\"><\/div>\n\t    <\/div>\n\n\t    <div class=\"col-md-4\">\n\t        <div class=\"text-right text-center-mobile\">\n\t        \n\t        <a class=\"wprt-button white rounded-3px\" href=\"https:\/\/zuptor.pl\/en\/dystrybutorzy\/\" target=\"_self\">DISTRIBUTORS<\/a>\t        <\/div>\n\t    <\/div>\n\t\n<\/div><\/div><\/div><\/div><\/div><div class=\"clearfix\"><\/div><\/section><section class=\"vc_rows wpb_row vc_row-fluid vc_custom_1712148861158\" ><div class=\"container\"><div class=\"row\"><div class=\"wpb_column vc_column_container vc_col-sm-3 vc_hidden-xs\"><div class=\"vc_column-inner\"><div class=\"wpb_wrapper\">\n    <h5 class=\"text-left\" >SILOSY<\/h5>\n    \t    <div class=\"wprt-lines style-1 custom-3\">\n\t        <div class=\"line-1\"><\/div>\n\t    <\/div>\n    \n        \t\n<div class=\"vc_empty_space\"   style=\"height: 25px\"><span class=\"vc_empty_space_inner\"><\/span><\/div><div class=\"vc_btn3-container  menu vc_btn3-left vc_custom_1713261259761\" ><a class=\"vc_general vc_btn3 vc_btn3-size-sm vc_btn3-shape-square vc_btn3-style-flat vc_btn3-block vc_btn3-color-default\" href=\"https:\/\/zuptor.pl\/en\/silosy\/silosy-zbozowe\/\" title=\"Grain silos\">CEREAL SILOS<\/a><\/div><div class=\"vc_btn3-container  menu vc_btn3-left vc_custom_1713271486355\" ><a class=\"vc_general vc_btn3 vc_btn3-size-sm vc_btn3-shape-square vc_btn3-style-flat vc_btn3-block vc_btn3-color-default\" href=\"https:\/\/zuptor.pl\/en\/silosy\/silosy-paszowe\/\" title=\"Feed silos\">FEED SILOS<\/a><\/div><div class=\"vc_btn3-container  menu vc_btn3-left vc_custom_1713271496372\" ><a class=\"vc_general vc_btn3 vc_btn3-size-sm vc_btn3-shape-square vc_btn3-style-flat vc_btn3-block vc_btn3-color-default\" href=\"https:\/\/zuptor.pl\/en\/silosy\/silosy-z-wlokna-szklanego\/\" title=\"Fibreglass silos\">FIBREGLASS SILOS<\/a><\/div><div class=\"vc_btn3-container  menu vc_btn3-left vc_custom_1713271506304\" ><a class=\"vc_general vc_btn3 vc_btn3-size-sm vc_btn3-shape-square vc_btn3-style-flat vc_btn3-block vc_btn3-color-default\" href=\"https:\/\/zuptor.pl\/en\/silosy\/silosy-tkaninowe\/\" title=\"Fabric silos\">FABRIC SILOS<\/a><\/div><div class=\"vc_btn3-container  menu vc_btn3-left vc_custom_1713271929166\" ><a class=\"vc_general vc_btn3 vc_btn3-size-sm vc_btn3-shape-square vc_btn3-style-flat vc_btn3-block vc_btn3-color-default\" href=\"https:\/\/zuptor.pl\/en\/silosy\/kosze-przyjeciowe\/\" title=\"Party baskets\">RECEPTION BASKETS<\/a><\/div><div class=\"vc_btn3-container  menu vc_btn3-left vc_custom_1716814000051\" ><a class=\"vc_general vc_btn3 vc_btn3-size-sm vc_btn3-shape-square vc_btn3-style-flat vc_btn3-block vc_btn3-color-default\" href=\"https:\/\/zuptor.pl\/en\/silosy\/system-wentylacji\/\" title=\"Ventilation system\">VENTILATION AND TEMPERATURE MEASUREMENT SYSTEM<\/a><\/div><div class=\"vc_btn3-container  menu vc_btn3-left vc_custom_1713273585600\" ><a class=\"vc_general vc_btn3 vc_btn3-size-sm vc_btn3-shape-square vc_btn3-style-flat vc_btn3-block vc_btn3-color-default\" href=\"https:\/\/zuptor.pl\/en\/silosy\/automatyka-i-sterowanie\/\" title=\"Automation and control\">AUTOMATION AND CONTROL<\/a><\/div><\/div><\/div><\/div><div class=\"wpb_column vc_column_container vc_col-sm-9\"><div class=\"vc_column-inner vc_custom_1712148788315\"><div class=\"wpb_wrapper\">\n    <h1 class=\"text-left\" >Automation and control<\/h1>\n    \t    <div class=\"wprt-lines style-1 custom-3\">\n\t        <div class=\"line-1\"><\/div>\n\t    <\/div>\n    \n        \t\n<div class=\"vc_empty_space\"   style=\"height: 32px\"><span class=\"vc_empty_space_inner\"><\/span><\/div>\n\t<div class=\"wpb_text_column wpb_content_element\" >\n\t\t<div class=\"wpb_wrapper\">\n\t\t\t<p>ZUPTOR's process lines are equipped with individually designed control cabinets and written software to guarantee optimum use of the equipment and efficient and almost maintenance-free control of the processes of receiving, transporting, drying, cleaning, storing, dressing, weighing and bagging of grain.<\/p>\n\n\t\t<\/div>\n\t<\/div>\n\n\t<div  class=\"wpb_single_image wpb_content_element vc_align_center\">\n\t\t\n\t\t<figure class=\"wpb_wrapper vc_figure\">\n\t\t\t<div class=\"vc_single_image-wrapper   vc_box_border_grey\"><img loading=\"lazy\" decoding=\"async\" width=\"524\" height=\"393\" src=\"https:\/\/zuptor.pl\/wp-content\/uploads\/2024\/04\/automatyka-sterowanie.jpg\" class=\"vc_single_image-img attachment-full\" alt=\"automatyka i sterowanie\" title=\"automation-control\" srcset=\"https:\/\/zuptor.pl\/wp-content\/uploads\/2024\/04\/automatyka-sterowanie.jpg 524w, https:\/\/zuptor.pl\/wp-content\/uploads\/2024\/04\/automatyka-sterowanie-300x225.jpg 300w\" sizes=\"auto, (max-width: 524px) 100vw, 524px\" \/><\/div>\n\t\t<\/figure>\n\t<\/div>\n\n    <h4 class=\"text-left\" >We offer<\/h4>\n    \n        \t\n\n\t<div class=\"wpb_text_column wpb_content_element\" >\n\t\t<div class=\"wpb_wrapper\">\n\t\t\t<ul>\n<li>Simple on\/off control systems<\/li>\n<li>Advanced systems based on controllers and computers<\/li>\n<li>Technical support during installation, commissioning and warranty and post-warranty service<\/li>\n<\/ul>\n\n\t\t<\/div>\n\t<\/div>\n<div class=\"vc_tta-container\" data-vc-action=\"collapse\"><div class=\"vc_general vc_tta vc_tta-accordion vc_tta-color-grey vc_tta-style-classic vc_tta-shape-rounded vc_tta-o-shape-group vc_tta-controls-align-default\"><div class=\"vc_tta-panels-container\"><div class=\"vc_tta-panels\"><div class=\"vc_tta-panel vc_active\" id=\"1715689588112-0672c8ad-e43b\" data-vc-content=\".vc_tta-panel-body\"><div class=\"vc_tta-panel-heading\"><h4 class=\"vc_tta-panel-title vc_tta-controls-icon-position-left\"><a href=\"#1715689588112-0672c8ad-e43b\" data-vc-accordion data-vc-container=\".vc_tta-container\"><span class=\"vc_tta-title-text\">PARAMETERS<\/span><i class=\"vc_tta-controls-icon vc_tta-controls-icon-plus\"><\/i><\/a><\/h4><\/div><div class=\"vc_tta-panel-body\">\n\t<div class=\"wpb_text_column wpb_content_element\" >\n\t\t<div class=\"wpb_wrapper\">\n\t\t\t<ul>\n<li>Automatic control of the following processes: receiving, transporting, drying, cleaning, storing, dressing, weighing and bagging of grain.<\/li>\n<li>Can be expanded to include active ventilation and temperature measurement system for silos<\/li>\n<li>Simple, intuitive menu operation<\/li>\n<li>Minimal human involvement in the operation of the equipment<\/li>\n<li>Data collection and analysis<\/li>\n<li>All messages in Polish<\/li>\n<li>Control programme can be expanded to suit individual customer needs<\/li>\n<li>Modernisation and refurbishment of existing facilities<\/li>\n<\/ul>\n\n\t\t<\/div>\n\t<\/div>\n<\/div><\/div><\/div><\/div><\/div><\/div><\/div><\/div><\/div><\/div><\/div><div class=\"clearfix\"><\/div><\/section><section class=\"vc_rows wpb_row vc_row-fluid\" ><div class=\"container\"><div class=\"row\"><div class=\"wpb_column vc_column_container vc_col-sm-12 vc_hidden-lg vc_hidden-md vc_hidden-sm\"><div class=\"vc_column-inner\"><div class=\"wpb_wrapper\">\n    <h5 class=\"text-left\" >SILOSY<\/h5>\n    \t    <div class=\"wprt-lines style-1 custom-3\">\n\t        <div class=\"line-1\"><\/div>\n\t    <\/div>\n    \n        \t\n<div class=\"vc_empty_space\"   style=\"height: 25px\"><span class=\"vc_empty_space_inner\"><\/span><\/div><div class=\"vc_btn3-container  menu vc_btn3-left vc_custom_1712135018073\" ><a class=\"vc_general vc_btn3 vc_btn3-size-sm vc_btn3-shape-square vc_btn3-style-flat vc_btn3-block vc_btn3-color-default\" href=\"#\" title=\"\">CEREAL SILOS<\/a><\/div><div class=\"vc_btn3-container  menu vc_btn3-left vc_custom_1712135041321\" ><a class=\"vc_general vc_btn3 vc_btn3-size-sm vc_btn3-shape-square vc_btn3-style-flat vc_btn3-block vc_btn3-color-default\" href=\"#\" title=\"\">FEED SILOS<\/a><\/div><div class=\"vc_btn3-container  menu vc_btn3-left vc_custom_1712135068839\" ><a class=\"vc_general vc_btn3 vc_btn3-size-sm vc_btn3-shape-square vc_btn3-style-flat vc_btn3-block vc_btn3-color-default\" href=\"#\" title=\"\">FIBREGLASS SILOS<\/a><\/div><div class=\"vc_btn3-container  menu vc_btn3-left vc_custom_1712135082873\" ><a class=\"vc_general vc_btn3 vc_btn3-size-sm vc_btn3-shape-square vc_btn3-style-flat vc_btn3-block vc_btn3-color-default\" href=\"#\" title=\"\">FABRIC SILOS<\/a><\/div><div class=\"vc_btn3-container  menu vc_btn3-left vc_custom_1712136601173\" ><a class=\"vc_general vc_btn3 vc_btn3-size-sm vc_btn3-shape-square vc_btn3-style-flat vc_btn3-block vc_btn3-color-default\" href=\"#\" title=\"\">RECEPTION BASKETS<\/a><\/div><div class=\"vc_btn3-container  menu vc_btn3-left vc_custom_1716814007873\" ><a class=\"vc_general vc_btn3 vc_btn3-size-sm vc_btn3-shape-square vc_btn3-style-flat vc_btn3-block vc_btn3-color-default\" href=\"#\" title=\"\">VENTILATION AND TEMPERATURE MEASUREMENT SYSTEM<\/a><\/div><div class=\"vc_btn3-container  menu vc_btn3-left vc_custom_1712136680541\" ><a class=\"vc_general vc_btn3 vc_btn3-size-sm vc_btn3-shape-square vc_btn3-style-flat vc_btn3-block vc_btn3-color-default\" href=\"#\" title=\"\">AUTOMATION AND CONTROL<\/a><\/div><\/div><\/div><\/div><\/div><\/div><div class=\"clearfix\"><\/div><\/section><section class=\"vc_rows wpb_row vc_row-fluid\" ><div class=\"container\"><div class=\"row\"><div class=\"wpb_column vc_column_container vc_col-sm-12\"><div class=\"vc_column-inner\"><div class=\"wpb_wrapper\"><\/div><\/div><\/div><\/div><\/div><div class=\"clearfix\"><\/div><\/section><section class=\"vc_rows wpb_row vc_row-fluid\" ><div class=\"container\"><div class=\"row\"><div class=\"wpb_column vc_column_container vc_col-sm-12\"><div class=\"vc_column-inner\"><div class=\"wpb_wrapper\"><div class=\"vc_empty_space\"   style=\"height: 70px\"><span class=\"vc_empty_space_inner\"><\/span><\/div><\/div><\/div><\/div><\/div><\/div><div class=\"clearfix\"><\/div><\/section>\n<\/div>","protected":false},"excerpt":{"rendered":"Find a distributor in your area CEREAL GRASS silos silos silos FODDER FIBRE silos WOVEN FIBRE silos RECEIPTING BOXES VENTILATION AND TEMPERATURE MEASUREMENTS AUTOMATICS AND CONTROLS We equip ZUPTOR process lines with custom-designed control cabinets and written software to guarantee optimal use of the equipment and efficient and almost maintenance-free control of the receiving processes, receiving, transporting, drying, cleaning, storing, dressing, weighing and [...]","protected":false},"author":1,"featured_media":0,"parent":679,"menu_order":0,"comment_status":"closed","ping_status":"closed","template":"page-templates\/template-fullwidth.php","meta":{"footnotes":""},"class_list":["post-1573","page","type-page","status-publish","hentry"],"yoast_head":"<!-- This site is optimized with the Yoast SEO plugin v24.7 - https:\/\/yoast.com\/wordpress\/plugins\/seo\/ -->\n<title>Automatyka i sterowanie | Zuptor<\/title>\n<meta name=\"description\" content=\"Zaawansowane systemy sterowania ZUPTOR. Automatyzacja proces\u00f3w przyjmowania, transportowania i magazynowania ziarna. \u0141atwa obs\u0142uga.\" \/>\n<meta name=\"robots\" content=\"index, follow, max-snippet:-1, max-image-preview:large, max-video-preview:-1\" \/>\n<link rel=\"canonical\" href=\"https:\/\/zuptor.pl\/en\/silosy\/automatyka-i-sterowanie\/\" \/>\n<meta property=\"og:locale\" content=\"en_GB\" \/>\n<meta property=\"og:type\" content=\"article\" \/>\n<meta property=\"og:title\" content=\"Automatyka i sterowanie | Zuptor\" \/>\n<meta property=\"og:description\" content=\"Zaawansowane systemy sterowania ZUPTOR. Automatyzacja proces\u00f3w przyjmowania, transportowania i magazynowania ziarna. \u0141atwa obs\u0142uga.\" \/>\n<meta property=\"og:url\" content=\"https:\/\/zuptor.pl\/en\/silosy\/automatyka-i-sterowanie\/\" \/>\n<meta property=\"og:site_name\" content=\"Zuptor\" \/>\n<meta property=\"article:modified_time\" content=\"2024-12-04T12:03:12+00:00\" \/>\n<meta name=\"twitter:card\" content=\"summary_large_image\" \/>\n<meta name=\"twitter:label1\" content=\"Estimated reading time\" \/>\n\t<meta name=\"twitter:data1\" content=\"3 minutes\" \/>\n<script type=\"application\/ld+json\" class=\"yoast-schema-graph\">{\"@context\":\"https:\/\/schema.org\",\"@graph\":[{\"@type\":\"WebPage\",\"@id\":\"https:\/\/zuptor.pl\/silosy\/automatyka-i-sterowanie\/\",\"url\":\"https:\/\/zuptor.pl\/silosy\/automatyka-i-sterowanie\/\",\"name\":\"Automatyka i sterowanie | Zuptor\",\"isPartOf\":{\"@id\":\"https:\/\/zuptor.pl\/#website\"},\"datePublished\":\"2024-04-16T13:19:29+00:00\",\"dateModified\":\"2024-12-04T12:03:12+00:00\",\"description\":\"Zaawansowane systemy sterowania ZUPTOR. Automatyzacja proces\u00f3w przyjmowania, transportowania i magazynowania ziarna. \u0141atwa obs\u0142uga.\",\"breadcrumb\":{\"@id\":\"https:\/\/zuptor.pl\/silosy\/automatyka-i-sterowanie\/#breadcrumb\"},\"inLanguage\":\"en-GB\",\"potentialAction\":[{\"@type\":\"ReadAction\",\"target\":[\"https:\/\/zuptor.pl\/silosy\/automatyka-i-sterowanie\/\"]}]},{\"@type\":\"BreadcrumbList\",\"@id\":\"https:\/\/zuptor.pl\/silosy\/automatyka-i-sterowanie\/#breadcrumb\",\"itemListElement\":[{\"@type\":\"ListItem\",\"position\":1,\"name\":\"Strona g\u0142\u00f3wna\",\"item\":\"https:\/\/zuptor.pl\/\"},{\"@type\":\"ListItem\",\"position\":2,\"name\":\"Silosy\",\"item\":\"https:\/\/zuptor.pl\/silosy\/\"},{\"@type\":\"ListItem\",\"position\":3,\"name\":\"Automatyka i sterowanie\"}]},{\"@type\":\"WebSite\",\"@id\":\"https:\/\/zuptor.pl\/#website\",\"url\":\"https:\/\/zuptor.pl\/\",\"name\":\"Zuptor\",\"description\":\"\",\"potentialAction\":[{\"@type\":\"SearchAction\",\"target\":{\"@type\":\"EntryPoint\",\"urlTemplate\":\"https:\/\/zuptor.pl\/?s={search_term_string}\"},\"query-input\":{\"@type\":\"PropertyValueSpecification\",\"valueRequired\":true,\"valueName\":\"search_term_string\"}}],\"inLanguage\":\"en-GB\"}]}<\/script>\n<!-- \/ Yoast SEO plugin. -->","yoast_head_json":{"title":"Automatyka i sterowanie | Zuptor","description":"Zaawansowane systemy sterowania ZUPTOR. Automatyzacja proces\u00f3w przyjmowania, transportowania i magazynowania ziarna. \u0141atwa obs\u0142uga.","robots":{"index":"index","follow":"follow","max-snippet":"max-snippet:-1","max-image-preview":"max-image-preview:large","max-video-preview":"max-video-preview:-1"},"canonical":"https:\/\/zuptor.pl\/en\/silosy\/automatyka-i-sterowanie\/","og_locale":"en_GB","og_type":"article","og_title":"Automatyka i sterowanie | Zuptor","og_description":"Zaawansowane systemy sterowania ZUPTOR. Automatyzacja proces\u00f3w przyjmowania, transportowania i magazynowania ziarna. \u0141atwa obs\u0142uga.","og_url":"https:\/\/zuptor.pl\/en\/silosy\/automatyka-i-sterowanie\/","og_site_name":"Zuptor","article_modified_time":"2024-12-04T12:03:12+00:00","twitter_card":"summary_large_image","twitter_misc":{"Estimated reading time":"3 minutes"},"schema":{"@context":"https:\/\/schema.org","@graph":[{"@type":"WebPage","@id":"https:\/\/zuptor.pl\/silosy\/automatyka-i-sterowanie\/","url":"https:\/\/zuptor.pl\/silosy\/automatyka-i-sterowanie\/","name":"Automatyka i sterowanie | Zuptor","isPartOf":{"@id":"https:\/\/zuptor.pl\/#website"},"datePublished":"2024-04-16T13:19:29+00:00","dateModified":"2024-12-04T12:03:12+00:00","description":"Zaawansowane systemy sterowania ZUPTOR. Automatyzacja proces\u00f3w przyjmowania, transportowania i magazynowania ziarna. \u0141atwa obs\u0142uga.","breadcrumb":{"@id":"https:\/\/zuptor.pl\/silosy\/automatyka-i-sterowanie\/#breadcrumb"},"inLanguage":"en-GB","potentialAction":[{"@type":"ReadAction","target":["https:\/\/zuptor.pl\/silosy\/automatyka-i-sterowanie\/"]}]},{"@type":"BreadcrumbList","@id":"https:\/\/zuptor.pl\/silosy\/automatyka-i-sterowanie\/#breadcrumb","itemListElement":[{"@type":"ListItem","position":1,"name":"Strona g\u0142\u00f3wna","item":"https:\/\/zuptor.pl\/"},{"@type":"ListItem","position":2,"name":"Silosy","item":"https:\/\/zuptor.pl\/silosy\/"},{"@type":"ListItem","position":3,"name":"Automatyka i sterowanie"}]},{"@type":"WebSite","@id":"https:\/\/zuptor.pl\/#website","url":"https:\/\/zuptor.pl\/","name":"Zuptor","description":"","potentialAction":[{"@type":"SearchAction","target":{"@type":"EntryPoint","urlTemplate":"https:\/\/zuptor.pl\/?s={search_term_string}"},"query-input":{"@type":"PropertyValueSpecification","valueRequired":true,"valueName":"search_term_string"}}],"inLanguage":"en-GB"}]}},"_links":{"self":[{"href":"https:\/\/zuptor.pl\/en\/wp-json\/wp\/v2\/pages\/1573","targetHints":{"allow":["GET"]}}],"collection":[{"href":"https:\/\/zuptor.pl\/en\/wp-json\/wp\/v2\/pages"}],"about":[{"href":"https:\/\/zuptor.pl\/en\/wp-json\/wp\/v2\/types\/page"}],"author":[{"embeddable":true,"href":"https:\/\/zuptor.pl\/en\/wp-json\/wp\/v2\/users\/1"}],"replies":[{"embeddable":true,"href":"https:\/\/zuptor.pl\/en\/wp-json\/wp\/v2\/comments?post=1573"}],"version-history":[{"count":14,"href":"https:\/\/zuptor.pl\/en\/wp-json\/wp\/v2\/pages\/1573\/revisions"}],"predecessor-version":[{"id":2716,"href":"https:\/\/zuptor.pl\/en\/wp-json\/wp\/v2\/pages\/1573\/revisions\/2716"}],"up":[{"embeddable":true,"href":"https:\/\/zuptor.pl\/en\/wp-json\/wp\/v2\/pages\/679"}],"wp:attachment":[{"href":"https:\/\/zuptor.pl\/en\/wp-json\/wp\/v2\/media?parent=1573"}],"curies":[{"name":"wp","href":"https:\/\/api.w.org\/{rel}","templated":true}]}}