{"id":1561,"date":"2024-04-16T14:51:54","date_gmt":"2024-04-16T12:51:54","guid":{"rendered":"http:\/\/zuptor.dlatestu.co.pl\/?page_id=1561"},"modified":"2024-12-04T12:55:49","modified_gmt":"2024-12-04T11:55:49","slug":"kosze-przyjeciowe","status":"publish","type":"page","link":"https:\/\/zuptor.pl\/en\/silosy\/kosze-przyjeciowe\/","title":{"rendered":"Party baskets"},"content":{"rendered":"<div class=\"wpb-content-wrapper\"><section class=\"vc_rows wpb_row vc_row-fluid bg-color-blue vc_custom_1712822727044\" ><div class=\"container\"><div class=\"row\"><div class=\"wpb_column vc_column_container vc_col-sm-12\"><div class=\"vc_column-inner\"><div class=\"wpb_wrapper\">\n\t\t\t<div class=\"col-md-8\">\n\t        <div class=\"wprt-spacer\" data-desktop=\"8\" data-mobi=\"0\" data-smobi=\"0\"><\/div>\n\t        <h2 class=\"text-white text-center-mobile font-size-20 margin-bottom-0\">Find a distributor in your area<\/h2>\n\t        <div class=\"wprt-spacer\" data-desktop=\"0\" data-mobi=\"20\" data-smobi=\"20\"><\/div>\n\t    <\/div>\n\n\t    <div class=\"col-md-4\">\n\t        <div class=\"text-right text-center-mobile\">\n\t        \n\t        <a class=\"wprt-button white rounded-3px\" href=\"https:\/\/zuptor.pl\/en\/dystrybutorzy\/\" target=\"_self\">DISTRIBUTORS<\/a>\t        <\/div>\n\t    <\/div>\n\t\n<\/div><\/div><\/div><\/div><\/div><div class=\"clearfix\"><\/div><\/section><section class=\"vc_rows wpb_row vc_row-fluid vc_custom_1712148861158\" ><div class=\"container\"><div class=\"row\"><div class=\"wpb_column vc_column_container vc_col-sm-3 vc_hidden-xs\"><div class=\"vc_column-inner\"><div class=\"wpb_wrapper\">\n    <h5 class=\"text-left\" >SILOSY<\/h5>\n    \t    <div class=\"wprt-lines style-1 custom-3\">\n\t        <div class=\"line-1\"><\/div>\n\t    <\/div>\n    \n        \t\n<div class=\"vc_empty_space\"   style=\"height: 25px\"><span class=\"vc_empty_space_inner\"><\/span><\/div><div class=\"vc_btn3-container  menu vc_btn3-left vc_custom_1713261259761\" ><a class=\"vc_general vc_btn3 vc_btn3-size-sm vc_btn3-shape-square vc_btn3-style-flat vc_btn3-block vc_btn3-color-default\" href=\"https:\/\/zuptor.pl\/en\/silosy\/silosy-zbozowe\/\" title=\"Grain silos\">CEREAL SILOS<\/a><\/div><div class=\"vc_btn3-container  menu vc_btn3-left vc_custom_1713271486355\" ><a class=\"vc_general vc_btn3 vc_btn3-size-sm vc_btn3-shape-square vc_btn3-style-flat vc_btn3-block vc_btn3-color-default\" href=\"https:\/\/zuptor.pl\/en\/silosy\/silosy-paszowe\/\" title=\"Feed silos\">FEED SILOS<\/a><\/div><div class=\"vc_btn3-container  menu vc_btn3-left vc_custom_1713271496372\" ><a class=\"vc_general vc_btn3 vc_btn3-size-sm vc_btn3-shape-square vc_btn3-style-flat vc_btn3-block vc_btn3-color-default\" href=\"https:\/\/zuptor.pl\/en\/silosy\/silosy-z-wlokna-szklanego\/\" title=\"Fibreglass silos\">FIBREGLASS SILOS<\/a><\/div><div class=\"vc_btn3-container  menu vc_btn3-left vc_custom_1713271506304\" ><a class=\"vc_general vc_btn3 vc_btn3-size-sm vc_btn3-shape-square vc_btn3-style-flat vc_btn3-block vc_btn3-color-default\" href=\"https:\/\/zuptor.pl\/en\/silosy\/silosy-tkaninowe\/\" title=\"Fabric silos\">FABRIC SILOS<\/a><\/div><div class=\"vc_btn3-container  menu vc_btn3-left vc_custom_1713271929166\" ><a class=\"vc_general vc_btn3 vc_btn3-size-sm vc_btn3-shape-square vc_btn3-style-flat vc_btn3-block vc_btn3-color-default\" href=\"https:\/\/zuptor.pl\/en\/silosy\/kosze-przyjeciowe\/\" title=\"Party baskets\">RECEPTION BASKETS<\/a><\/div><div class=\"vc_btn3-container  menu vc_btn3-left vc_custom_1716813982093\" ><a class=\"vc_general vc_btn3 vc_btn3-size-sm vc_btn3-shape-square vc_btn3-style-flat vc_btn3-block vc_btn3-color-default\" href=\"https:\/\/zuptor.pl\/en\/silosy\/system-wentylacji\/\" title=\"Ventilation system\">VENTILATION AND TEMPERATURE MEASUREMENT SYSTEM<\/a><\/div><div class=\"vc_btn3-container  menu vc_btn3-left vc_custom_1713274802661\" ><a class=\"vc_general vc_btn3 vc_btn3-size-sm vc_btn3-shape-square vc_btn3-style-flat vc_btn3-block vc_btn3-color-default\" href=\"https:\/\/zuptor.pl\/en\/silosy\/automatyka-i-sterowanie\/\" title=\"Automation and control\">AUTOMATION AND CONTROL<\/a><\/div><\/div><\/div><\/div><div class=\"wpb_column vc_column_container vc_col-sm-9\"><div class=\"vc_column-inner vc_custom_1712148788315\"><div class=\"wpb_wrapper\">\n    <h1 class=\"text-left\" >RECEPTION BASKETS<\/h1>\n    \t    <div class=\"wprt-lines style-1 custom-3\">\n\t        <div class=\"line-1\"><\/div>\n\t    <\/div>\n    \n        \t\n<div class=\"vc_empty_space\"   style=\"height: 25px\"><span class=\"vc_empty_space_inner\"><\/span><\/div>\n\t<div class=\"wpb_text_column wpb_content_element\" >\n\t\t<div class=\"wpb_wrapper\">\n\t\t\t<p>Kosze przyj\u0119ciowe ZUPTOR s\u0105 podstawowym elementem wyposa\u017cenia w liniach magazynowania zb\u00f3\u017c oraz liniach nasiennych. Pozwalaj\u0105 na sprawne przyj\u0119cie r\u00f3\u017cnego rodzaju ziarna zb\u00f3\u017c, kukurydzy i nasion ro\u015blin oleistych.<\/p>\n\n\t\t<\/div>\n\t<\/div>\n\n    <h3 class=\"text-left\" >PARTY BASKETS ZUPTOR<\/h3>\n    \t    <div class=\"wprt-lines style-1 custom-3\">\n\t        <div class=\"line-1\"><\/div>\n\t    <\/div>\n    \n        \t\n<div class=\"vc_empty_space\"   style=\"height: 32px\"><span class=\"vc_empty_space_inner\"><\/span><\/div>\n\t<div  class=\"wpb_single_image wpb_content_element vc_align_center\">\n\t\t\n\t\t<figure class=\"wpb_wrapper vc_figure\">\n\t\t\t<div class=\"vc_single_image-wrapper   vc_box_border_grey\"><img loading=\"lazy\" decoding=\"async\" width=\"524\" height=\"393\" src=\"https:\/\/zuptor.pl\/wp-content\/uploads\/2024\/04\/kosze-przyjeciowe.jpg\" class=\"vc_single_image-img attachment-full\" alt=\"kosze przyj\u0119ciowe\" title=\"baskets-acceptance\" srcset=\"https:\/\/zuptor.pl\/wp-content\/uploads\/2024\/04\/kosze-przyjeciowe.jpg 524w, https:\/\/zuptor.pl\/wp-content\/uploads\/2024\/04\/kosze-przyjeciowe-300x225.jpg 300w\" sizes=\"auto, (max-width: 524px) 100vw, 524px\" \/><\/div>\n\t\t<\/figure>\n\t<\/div>\n<div class=\"vc_empty_space\"   style=\"height: 32px\"><span class=\"vc_empty_space_inner\"><\/span><\/div><div class=\"vc_tta-container\" data-vc-action=\"collapse\"><div class=\"vc_general vc_tta vc_tta-accordion vc_tta-color-grey vc_tta-style-classic vc_tta-shape-rounded vc_tta-o-shape-group vc_tta-controls-align-default\"><div class=\"vc_tta-panels-container\"><div class=\"vc_tta-panels\"><div class=\"vc_tta-panel vc_active\" id=\"1712129966673-b2952adb-51d2\" data-vc-content=\".vc_tta-panel-body\"><div class=\"vc_tta-panel-heading\"><h4 class=\"vc_tta-panel-title vc_tta-controls-icon-position-left\"><a href=\"#1712129966673-b2952adb-51d2\" data-vc-accordion data-vc-container=\".vc_tta-container\"><span class=\"vc_tta-title-text\">PARAMETERS<\/span><i class=\"vc_tta-controls-icon vc_tta-controls-icon-plus\"><\/i><\/a><\/h4><\/div><div class=\"vc_tta-panel-body\">\n\t<div class=\"wpb_text_column wpb_content_element\" >\n\t\t<div class=\"wpb_wrapper\">\n\t\t\t<ul>\n<li>Significant improvement in the grain unloading process<\/li>\n<li>Capacity according to individual customer requirements<\/li>\n<li>Equipped with an overrun grating<\/li>\n<li>Used to receive raw material from a trailer<\/li>\n<li>Can be combined with bucket elevator, belt conveyor and scraper conveyor<\/li>\n<li>High-quality materials that contribute to the strength and stability of the structure<\/li>\n<\/ul>\n\n\t\t<\/div>\n\t<\/div>\n<\/div><\/div><div class=\"vc_tta-panel\" id=\"1712129909519-74c1b662-872f\" data-vc-content=\".vc_tta-panel-body\"><div class=\"vc_tta-panel-heading\"><h4 class=\"vc_tta-panel-title vc_tta-controls-icon-position-left\"><a href=\"#1712129909519-74c1b662-872f\" data-vc-accordion data-vc-container=\".vc_tta-container\"><span class=\"vc_tta-title-text\">APPLICATION<\/span><i class=\"vc_tta-controls-icon vc_tta-controls-icon-plus\"><\/i><\/a><\/h4><\/div><div class=\"vc_tta-panel-body\">\n\t<div class=\"wpb_text_column wpb_content_element\" >\n\t\t<div class=\"wpb_wrapper\">\n\t\t\t<p>ZUPTOR reception baskets are designed in variants to suit individual customer needs. They are used on small farms and in large industrial plants.<\/p>\n<p>Przeznaczone s\u0105 do roz\u0142adunku materia\u0142u z przyczep transportowych oraz skrzy\u0144 \u0142adunkowych samochod\u00f3w ci\u0119\u017carowych. Kosze przyj\u0119ciowe umo\u017cliwiaj\u0105 transport materia\u0142u, za pomoc\u0105 podno\u015bnik\u00f3w kube\u0142kowych, przeno\u015bnik\u00f3w \u015blimakowych do magazyn\u00f3w, silos\u00f3w lub innych miejsc przechowywania ziarna oraz linii obr\u00f3bki nasion.<\/p>\n\n\t\t<\/div>\n\t<\/div>\n<div class=\"vc_empty_space\"   style=\"height: 80px\"><span class=\"vc_empty_space_inner\"><\/span><\/div><\/div><\/div><\/div><\/div><\/div><\/div><\/div><\/div><\/div><\/div><\/div><div class=\"clearfix\"><\/div><\/section><section class=\"vc_rows wpb_row vc_row-fluid\" ><div class=\"container\"><div class=\"row\"><div class=\"wpb_column vc_column_container vc_col-sm-12 vc_hidden-lg vc_hidden-md vc_hidden-sm\"><div class=\"vc_column-inner\"><div class=\"wpb_wrapper\">\n    <h5 class=\"text-left\" >SILOSY<\/h5>\n    \t    <div class=\"wprt-lines style-1 custom-3\">\n\t        <div class=\"line-1\"><\/div>\n\t    <\/div>\n    \n        \t\n<div class=\"vc_empty_space\"   style=\"height: 25px\"><span class=\"vc_empty_space_inner\"><\/span><\/div><div class=\"vc_btn3-container  menu vc_btn3-left vc_custom_1712135018073\" ><a class=\"vc_general vc_btn3 vc_btn3-size-sm vc_btn3-shape-square vc_btn3-style-flat vc_btn3-block vc_btn3-color-default\" href=\"#\" title=\"\">CEREAL SILOS<\/a><\/div><div class=\"vc_btn3-container  menu vc_btn3-left vc_custom_1712135041321\" ><a class=\"vc_general vc_btn3 vc_btn3-size-sm vc_btn3-shape-square vc_btn3-style-flat vc_btn3-block vc_btn3-color-default\" href=\"#\" title=\"\">FEED SILOS<\/a><\/div><div class=\"vc_btn3-container  menu vc_btn3-left vc_custom_1712135068839\" ><a class=\"vc_general vc_btn3 vc_btn3-size-sm vc_btn3-shape-square vc_btn3-style-flat vc_btn3-block vc_btn3-color-default\" href=\"#\" title=\"\">FIBREGLASS SILOS<\/a><\/div><div class=\"vc_btn3-container  menu vc_btn3-left vc_custom_1712135082873\" ><a class=\"vc_general vc_btn3 vc_btn3-size-sm vc_btn3-shape-square vc_btn3-style-flat vc_btn3-block vc_btn3-color-default\" href=\"#\" title=\"\">FABRIC SILOS<\/a><\/div><div class=\"vc_btn3-container  menu vc_btn3-left vc_custom_1712136601173\" ><a class=\"vc_general vc_btn3 vc_btn3-size-sm vc_btn3-shape-square vc_btn3-style-flat vc_btn3-block vc_btn3-color-default\" href=\"#\" title=\"\">RECEPTION BASKETS<\/a><\/div><div class=\"vc_btn3-container  menu vc_btn3-left vc_custom_1716813990442\" ><a class=\"vc_general vc_btn3 vc_btn3-size-sm vc_btn3-shape-square vc_btn3-style-flat vc_btn3-block vc_btn3-color-default\" href=\"#\" title=\"\">VENTILATION AND TEMPERATURE MEASUREMENT SYSTEM<\/a><\/div><div class=\"vc_btn3-container  menu vc_btn3-left vc_custom_1712136680541\" ><a class=\"vc_general vc_btn3 vc_btn3-size-sm vc_btn3-shape-square vc_btn3-style-flat vc_btn3-block vc_btn3-color-default\" href=\"#\" title=\"\">AUTOMATION AND CONTROL<\/a><\/div><\/div><\/div><\/div><\/div><\/div><div class=\"clearfix\"><\/div><\/section><section class=\"vc_rows wpb_row vc_row-fluid\" ><div class=\"container\"><div class=\"row\"><div class=\"wpb_column vc_column_container vc_col-sm-12\"><div class=\"vc_column-inner\"><div class=\"wpb_wrapper\"><\/div><\/div><\/div><\/div><\/div><div class=\"clearfix\"><\/div><\/section><section class=\"vc_rows wpb_row vc_row-fluid\" ><div class=\"container\"><div class=\"row\"><div class=\"wpb_column vc_column_container vc_col-sm-12\"><div class=\"vc_column-inner\"><div class=\"wpb_wrapper\"><div class=\"vc_empty_space\"   style=\"height: 70px\"><span class=\"vc_empty_space_inner\"><\/span><\/div><\/div><\/div><\/div><\/div><\/div><div class=\"clearfix\"><\/div><\/section>\n<\/div>","protected":false},"excerpt":{"rendered":"Znajd\u017a dystrybutora w najbli\u017cszej okolicy DYSTRYBUTORZY SILOSY SILOSY ZBO\u017bOWESILOSY PASZOWESILOSY Z W\u0141\u00d3KNA SZKLANEGOSILOSY TKANINOWEKOSZE PRZYJ\u0118CIOWESYSTEM WENTYLACJI I POMIARU TEMPERATURYAUTOMATYKA I STEROWANIE KOSZE PRZYJ\u0118CIOWE Kosze przyj\u0119ciowe ZUPTOR s\u0105 podstawowym elementem wyposa\u017cenia w liniach magazynowania zb\u00f3\u017c oraz liniach nasiennych. Pozwalaj\u0105 na sprawne przyj\u0119cie r\u00f3\u017cnego rodzaju ziarna zb\u00f3\u017c, kukurydzy i nasion ro\u015blin oleistych. KOSZE PRZYJ\u0118CIOWE ZUPTOR PARAMETRY Znaczne [...]","protected":false},"author":1,"featured_media":0,"parent":679,"menu_order":0,"comment_status":"closed","ping_status":"closed","template":"page-templates\/template-fullwidth.php","meta":{"footnotes":""},"class_list":["post-1561","page","type-page","status-publish","hentry"],"yoast_head":"<!-- This site is optimized with the Yoast SEO plugin v24.7 - https:\/\/yoast.com\/wordpress\/plugins\/seo\/ -->\n<title>Kosze przyj\u0119ciowe | Zuptor<\/title>\n<meta name=\"description\" content=\"Kosze przyj\u0119ciowe ZUPTOR - sprawny roz\u0142adunek zb\u00f3\u017c, kukurydzy i nasion. Pojemno\u015b\u0107 dostosowana do potrzeb klienta, wysoka jako\u015b\u0107 materia\u0142\u00f3w.\" \/>\n<meta name=\"robots\" content=\"index, follow, max-snippet:-1, max-image-preview:large, max-video-preview:-1\" \/>\n<link rel=\"canonical\" href=\"https:\/\/zuptor.pl\/en\/silosy\/kosze-przyjeciowe\/\" \/>\n<meta property=\"og:locale\" content=\"en_GB\" \/>\n<meta property=\"og:type\" content=\"article\" \/>\n<meta property=\"og:title\" content=\"Kosze przyj\u0119ciowe | Zuptor\" \/>\n<meta property=\"og:description\" content=\"Kosze przyj\u0119ciowe ZUPTOR - sprawny roz\u0142adunek zb\u00f3\u017c, kukurydzy i nasion. Pojemno\u015b\u0107 dostosowana do potrzeb klienta, wysoka jako\u015b\u0107 materia\u0142\u00f3w.\" \/>\n<meta property=\"og:url\" content=\"https:\/\/zuptor.pl\/en\/silosy\/kosze-przyjeciowe\/\" \/>\n<meta property=\"og:site_name\" content=\"Zuptor\" \/>\n<meta property=\"article:modified_time\" content=\"2024-12-04T11:55:49+00:00\" \/>\n<meta name=\"twitter:card\" content=\"summary_large_image\" \/>\n<meta name=\"twitter:label1\" content=\"Estimated reading time\" \/>\n\t<meta name=\"twitter:data1\" content=\"3 minutes\" \/>\n<script type=\"application\/ld+json\" class=\"yoast-schema-graph\">{\"@context\":\"https:\/\/schema.org\",\"@graph\":[{\"@type\":\"WebPage\",\"@id\":\"https:\/\/zuptor.pl\/silosy\/kosze-przyjeciowe\/\",\"url\":\"https:\/\/zuptor.pl\/silosy\/kosze-przyjeciowe\/\",\"name\":\"Kosze przyj\u0119ciowe | Zuptor\",\"isPartOf\":{\"@id\":\"https:\/\/zuptor.pl\/#website\"},\"datePublished\":\"2024-04-16T12:51:54+00:00\",\"dateModified\":\"2024-12-04T11:55:49+00:00\",\"description\":\"Kosze przyj\u0119ciowe ZUPTOR - sprawny roz\u0142adunek zb\u00f3\u017c, kukurydzy i nasion. Pojemno\u015b\u0107 dostosowana do potrzeb klienta, wysoka jako\u015b\u0107 materia\u0142\u00f3w.\",\"breadcrumb\":{\"@id\":\"https:\/\/zuptor.pl\/silosy\/kosze-przyjeciowe\/#breadcrumb\"},\"inLanguage\":\"en-GB\",\"potentialAction\":[{\"@type\":\"ReadAction\",\"target\":[\"https:\/\/zuptor.pl\/silosy\/kosze-przyjeciowe\/\"]}]},{\"@type\":\"BreadcrumbList\",\"@id\":\"https:\/\/zuptor.pl\/silosy\/kosze-przyjeciowe\/#breadcrumb\",\"itemListElement\":[{\"@type\":\"ListItem\",\"position\":1,\"name\":\"Strona g\u0142\u00f3wna\",\"item\":\"https:\/\/zuptor.pl\/\"},{\"@type\":\"ListItem\",\"position\":2,\"name\":\"Silosy\",\"item\":\"https:\/\/zuptor.pl\/silosy\/\"},{\"@type\":\"ListItem\",\"position\":3,\"name\":\"Kosze przyj\u0119ciowe\"}]},{\"@type\":\"WebSite\",\"@id\":\"https:\/\/zuptor.pl\/#website\",\"url\":\"https:\/\/zuptor.pl\/\",\"name\":\"Zuptor\",\"description\":\"\",\"potentialAction\":[{\"@type\":\"SearchAction\",\"target\":{\"@type\":\"EntryPoint\",\"urlTemplate\":\"https:\/\/zuptor.pl\/?s={search_term_string}\"},\"query-input\":{\"@type\":\"PropertyValueSpecification\",\"valueRequired\":true,\"valueName\":\"search_term_string\"}}],\"inLanguage\":\"en-GB\"}]}<\/script>\n<!-- \/ Yoast SEO plugin. -->","yoast_head_json":{"title":"Kosze przyj\u0119ciowe | Zuptor","description":"Kosze przyj\u0119ciowe ZUPTOR - sprawny roz\u0142adunek zb\u00f3\u017c, kukurydzy i nasion. Pojemno\u015b\u0107 dostosowana do potrzeb klienta, wysoka jako\u015b\u0107 materia\u0142\u00f3w.","robots":{"index":"index","follow":"follow","max-snippet":"max-snippet:-1","max-image-preview":"max-image-preview:large","max-video-preview":"max-video-preview:-1"},"canonical":"https:\/\/zuptor.pl\/en\/silosy\/kosze-przyjeciowe\/","og_locale":"en_GB","og_type":"article","og_title":"Kosze przyj\u0119ciowe | Zuptor","og_description":"Kosze przyj\u0119ciowe ZUPTOR - sprawny roz\u0142adunek zb\u00f3\u017c, kukurydzy i nasion. Pojemno\u015b\u0107 dostosowana do potrzeb klienta, wysoka jako\u015b\u0107 materia\u0142\u00f3w.","og_url":"https:\/\/zuptor.pl\/en\/silosy\/kosze-przyjeciowe\/","og_site_name":"Zuptor","article_modified_time":"2024-12-04T11:55:49+00:00","twitter_card":"summary_large_image","twitter_misc":{"Estimated reading time":"3 minutes"},"schema":{"@context":"https:\/\/schema.org","@graph":[{"@type":"WebPage","@id":"https:\/\/zuptor.pl\/silosy\/kosze-przyjeciowe\/","url":"https:\/\/zuptor.pl\/silosy\/kosze-przyjeciowe\/","name":"Kosze przyj\u0119ciowe | Zuptor","isPartOf":{"@id":"https:\/\/zuptor.pl\/#website"},"datePublished":"2024-04-16T12:51:54+00:00","dateModified":"2024-12-04T11:55:49+00:00","description":"Kosze przyj\u0119ciowe ZUPTOR - sprawny roz\u0142adunek zb\u00f3\u017c, kukurydzy i nasion. Pojemno\u015b\u0107 dostosowana do potrzeb klienta, wysoka jako\u015b\u0107 materia\u0142\u00f3w.","breadcrumb":{"@id":"https:\/\/zuptor.pl\/silosy\/kosze-przyjeciowe\/#breadcrumb"},"inLanguage":"en-GB","potentialAction":[{"@type":"ReadAction","target":["https:\/\/zuptor.pl\/silosy\/kosze-przyjeciowe\/"]}]},{"@type":"BreadcrumbList","@id":"https:\/\/zuptor.pl\/silosy\/kosze-przyjeciowe\/#breadcrumb","itemListElement":[{"@type":"ListItem","position":1,"name":"Strona g\u0142\u00f3wna","item":"https:\/\/zuptor.pl\/"},{"@type":"ListItem","position":2,"name":"Silosy","item":"https:\/\/zuptor.pl\/silosy\/"},{"@type":"ListItem","position":3,"name":"Kosze przyj\u0119ciowe"}]},{"@type":"WebSite","@id":"https:\/\/zuptor.pl\/#website","url":"https:\/\/zuptor.pl\/","name":"Zuptor","description":"","potentialAction":[{"@type":"SearchAction","target":{"@type":"EntryPoint","urlTemplate":"https:\/\/zuptor.pl\/?s={search_term_string}"},"query-input":{"@type":"PropertyValueSpecification","valueRequired":true,"valueName":"search_term_string"}}],"inLanguage":"en-GB"}]}},"_links":{"self":[{"href":"https:\/\/zuptor.pl\/en\/wp-json\/wp\/v2\/pages\/1561","targetHints":{"allow":["GET"]}}],"collection":[{"href":"https:\/\/zuptor.pl\/en\/wp-json\/wp\/v2\/pages"}],"about":[{"href":"https:\/\/zuptor.pl\/en\/wp-json\/wp\/v2\/types\/page"}],"author":[{"embeddable":true,"href":"https:\/\/zuptor.pl\/en\/wp-json\/wp\/v2\/users\/1"}],"replies":[{"embeddable":true,"href":"https:\/\/zuptor.pl\/en\/wp-json\/wp\/v2\/comments?post=1561"}],"version-history":[{"count":11,"href":"https:\/\/zuptor.pl\/en\/wp-json\/wp\/v2\/pages\/1561\/revisions"}],"predecessor-version":[{"id":2711,"href":"https:\/\/zuptor.pl\/en\/wp-json\/wp\/v2\/pages\/1561\/revisions\/2711"}],"up":[{"embeddable":true,"href":"https:\/\/zuptor.pl\/en\/wp-json\/wp\/v2\/pages\/679"}],"wp:attachment":[{"href":"https:\/\/zuptor.pl\/en\/wp-json\/wp\/v2\/media?parent=1561"}],"curies":[{"name":"wp","href":"https:\/\/api.w.org\/{rel}","templated":true}]}}