{"id":1503,"date":"2024-04-16T13:05:52","date_gmt":"2024-04-16T11:05:52","guid":{"rendered":"http:\/\/zuptor.dlatestu.co.pl\/?page_id=1503"},"modified":"2024-12-04T12:30:36","modified_gmt":"2024-12-04T11:30:36","slug":"silosy-z-wlokna-szklanego","status":"publish","type":"page","link":"https:\/\/zuptor.pl\/en\/silosy\/silosy-z-wlokna-szklanego\/","title":{"rendered":"Fibreglass silos"},"content":{"rendered":"<div class=\"wpb-content-wrapper\"><section class=\"vc_rows wpb_row vc_row-fluid bg-color-blue vc_custom_1712822727044\" ><div class=\"container\"><div class=\"row\"><div class=\"wpb_column vc_column_container vc_col-sm-12\"><div class=\"vc_column-inner\"><div class=\"wpb_wrapper\">\n\t\t\t<div class=\"col-md-8\">\n\t        <div class=\"wprt-spacer\" data-desktop=\"8\" data-mobi=\"0\" data-smobi=\"0\"><\/div>\n\t        <h2 class=\"text-white text-center-mobile font-size-20 margin-bottom-0\">Find a distributor in your area<\/h2>\n\t        <div class=\"wprt-spacer\" data-desktop=\"0\" data-mobi=\"20\" data-smobi=\"20\"><\/div>\n\t    <\/div>\n\n\t    <div class=\"col-md-4\">\n\t        <div class=\"text-right text-center-mobile\">\n\t        \n\t        <a class=\"wprt-button white rounded-3px\" href=\"https:\/\/zuptor.pl\/en\/dystrybutorzy\/\" target=\"_self\">DISTRIBUTORS<\/a>\t        <\/div>\n\t    <\/div>\n\t\n<\/div><\/div><\/div><\/div><\/div><div class=\"clearfix\"><\/div><\/section><section class=\"vc_rows wpb_row vc_row-fluid vc_custom_1712148861158\" ><div class=\"container\"><div class=\"row\"><div class=\"wpb_column vc_column_container vc_col-sm-3 vc_hidden-xs\"><div class=\"vc_column-inner\"><div class=\"wpb_wrapper\">\n    <h5 class=\"text-left\" >SILOSY<\/h5>\n    \t    <div class=\"wprt-lines style-1 custom-3\">\n\t        <div class=\"line-1\"><\/div>\n\t    <\/div>\n    \n        \t\n<div class=\"vc_empty_space\"   style=\"height: 25px\"><span class=\"vc_empty_space_inner\"><\/span><\/div><div class=\"vc_btn3-container  menu vc_btn3-left vc_custom_1713261259761\" ><a class=\"vc_general vc_btn3 vc_btn3-size-sm vc_btn3-shape-square vc_btn3-style-flat vc_btn3-block vc_btn3-color-default\" href=\"https:\/\/zuptor.pl\/en\/silosy\/silosy-zbozowe\/\" title=\"Grain silos\">CEREAL SILOS<\/a><\/div><div class=\"vc_btn3-container  menu vc_btn3-left vc_custom_1713264249029\" ><a class=\"vc_general vc_btn3 vc_btn3-size-sm vc_btn3-shape-square vc_btn3-style-flat vc_btn3-block vc_btn3-color-default\" href=\"https:\/\/zuptor.pl\/en\/silosy\/silosy-paszowe\/\" title=\"Feed silos\">FEED SILOS<\/a><\/div><div class=\"vc_btn3-container  menu vc_btn3-left vc_custom_1713274598903\" ><a class=\"vc_general vc_btn3 vc_btn3-size-sm vc_btn3-shape-square vc_btn3-style-flat vc_btn3-block vc_btn3-color-default\" href=\"https:\/\/zuptor.pl\/en\/silosy\/silosy-z-wlokna-szklanego\/\" title=\"Fibreglass silos\">FIBREGLASS SILOS<\/a><\/div><div class=\"vc_btn3-container  menu vc_btn3-left vc_custom_1713274590992\" ><a class=\"vc_general vc_btn3 vc_btn3-size-sm vc_btn3-shape-square vc_btn3-style-flat vc_btn3-block vc_btn3-color-default\" href=\"https:\/\/zuptor.pl\/en\/silosy\/silosy-tkaninowe\/\" title=\"Fabric silos\">FABRIC SILOS<\/a><\/div><div class=\"vc_btn3-container  menu vc_btn3-left vc_custom_1713274570343\" ><a class=\"vc_general vc_btn3 vc_btn3-size-sm vc_btn3-shape-square vc_btn3-style-flat vc_btn3-block vc_btn3-color-default\" href=\"https:\/\/zuptor.pl\/en\/silosy\/kosze-przyjeciowe\/\" title=\"Party baskets\">RECEPTION BASKETS<\/a><\/div><div class=\"vc_btn3-container  menu vc_btn3-left vc_custom_1716813939796\" ><a class=\"vc_general vc_btn3 vc_btn3-size-sm vc_btn3-shape-square vc_btn3-style-flat vc_btn3-block vc_btn3-color-default\" href=\"https:\/\/zuptor.pl\/en\/silosy\/system-wentylacji\/\" title=\"Ventilation system\">VENTILATION AND TEMPERATURE MEASUREMENT SYSTEM<\/a><\/div><div class=\"vc_btn3-container  menu vc_btn3-left vc_custom_1713274548080\" ><a class=\"vc_general vc_btn3 vc_btn3-size-sm vc_btn3-shape-square vc_btn3-style-flat vc_btn3-block vc_btn3-color-default\" href=\"https:\/\/zuptor.pl\/en\/silosy\/automatyka-i-sterowanie\/\" title=\"Automation and control\">AUTOMATION AND CONTROL<\/a><\/div><\/div><\/div><\/div><div class=\"wpb_column vc_column_container vc_col-sm-9\"><div class=\"vc_column-inner vc_custom_1712148788315\"><div class=\"wpb_wrapper\">\n    <h1 class=\"text-left\" >FIBREGLASS SILOS<\/h1>\n    \t    <div class=\"wprt-lines style-1 custom-3\">\n\t        <div class=\"line-1\"><\/div>\n\t    <\/div>\n    \n        \t\n<div class=\"vc_empty_space\"   style=\"height: 25px\"><span class=\"vc_empty_space_inner\"><\/span><\/div>\n\t<div class=\"wpb_text_column wpb_content_element\" >\n\t\t<div class=\"wpb_wrapper\">\n\t\t\t<p>Fibreglass silos are designed for storing all kinds of feed, meal and grain. Due to their very high technical parameters, they are a very good alternative to silos made of steel.<\/p>\n<p>By choosing fibreglass silos, we not only choose a much lighter structure (while maintaining high strength parameters), but also a solution that does not require maintenance during use.<\/p>\n\n\t\t<\/div>\n\t<\/div>\n\n    <h3 class=\"text-left\" >ZUPTOR FIBREGLASS SILOS<\/h3>\n    \t    <div class=\"wprt-lines style-1 custom-3\">\n\t        <div class=\"line-1\"><\/div>\n\t    <\/div>\n    \n        \t\n<div class=\"vc_empty_space\"   style=\"height: 32px\"><span class=\"vc_empty_space_inner\"><\/span><\/div>\n\t<div  class=\"wpb_single_image wpb_content_element vc_align_center\">\n\t\t\n\t\t<figure class=\"wpb_wrapper vc_figure\">\n\t\t\t<div class=\"vc_single_image-wrapper   vc_box_border_grey\"><img loading=\"lazy\" decoding=\"async\" width=\"640\" height=\"581\" src=\"https:\/\/zuptor.pl\/wp-content\/uploads\/2024\/04\/silosy-z-wlokna-szklanego-01.png\" class=\"vc_single_image-img attachment-large\" alt=\"silosy z w\u0142\u00f3kna szklanego\" title=\"glass-block silos-01\" srcset=\"https:\/\/zuptor.pl\/wp-content\/uploads\/2024\/04\/silosy-z-wlokna-szklanego-01.png 768w, https:\/\/zuptor.pl\/wp-content\/uploads\/2024\/04\/silosy-z-wlokna-szklanego-01-300x272.png 300w\" sizes=\"auto, (max-width: 640px) 100vw, 640px\" \/><\/div>\n\t\t<\/figure>\n\t<\/div>\n<div class=\"vc_empty_space\"   style=\"height: 32px\"><span class=\"vc_empty_space_inner\"><\/span><\/div><div class=\"vc_tta-container\" data-vc-action=\"collapse\"><div class=\"vc_general vc_tta vc_tta-accordion vc_tta-color-grey vc_tta-style-classic vc_tta-shape-rounded vc_tta-o-shape-group vc_tta-controls-align-default\"><div class=\"vc_tta-panels-container\"><div class=\"vc_tta-panels\"><div class=\"vc_tta-panel vc_active\" id=\"1712129966673-b2952adb-51d2\" data-vc-content=\".vc_tta-panel-body\"><div class=\"vc_tta-panel-heading\"><h4 class=\"vc_tta-panel-title vc_tta-controls-icon-position-left\"><a href=\"#1712129966673-b2952adb-51d2\" data-vc-accordion data-vc-container=\".vc_tta-container\"><span class=\"vc_tta-title-text\">PARAMETERS<\/span><i class=\"vc_tta-controls-icon vc_tta-controls-icon-plus\"><\/i><\/a><\/h4><\/div><div class=\"vc_tta-panel-body\">\n\t<div class=\"wpb_text_column wpb_content_element\" >\n\t\t<div class=\"wpb_wrapper\">\n\t\t\t<ul>\n<li>Smooth walls - no hanging fodder<\/li>\n<li>Easy checking of the filling level<\/li>\n<li>Corrosion- and UV-resistant<\/li>\n<li>Long service life<\/li>\n<li>Rapid (one-day) installation<\/li>\n<li>Very high resistance to temperature differences minimises condensation and reduces the risk of mould formation<\/li>\n<li>Pneumatic loading<\/li>\n<li>Option to mount a scale (optional extra)<\/li>\n<\/ul>\n\n\t\t<\/div>\n\t<\/div>\n<\/div><\/div><div class=\"vc_tta-panel\" id=\"1713256152176-7ec204f4-b863\" data-vc-content=\".vc_tta-panel-body\"><div class=\"vc_tta-panel-heading\"><h4 class=\"vc_tta-panel-title vc_tta-controls-icon-position-left\"><a href=\"#1713256152176-7ec204f4-b863\" data-vc-accordion data-vc-container=\".vc_tta-container\"><span class=\"vc_tta-title-text\">TECHNICAL DATA<\/span><i class=\"vc_tta-controls-icon vc_tta-controls-icon-plus\"><\/i><\/a><\/h4><\/div><div class=\"vc_tta-panel-body\">\n\t<div class=\"wpb_text_column wpb_content_element\" >\n\t\t<div class=\"wpb_wrapper\">\n\t\t\t<h3>Fibreglass silo 3, 6 t<\/h3>\n<ul>\n<li><strong>Capacity (m3):<\/strong> 6<\/li>\n<li><strong>Number of legs (pcs.):<\/strong> 3<\/li>\n<li><strong>Height (m):<\/strong> 4,40<\/li>\n<li><strong>Height from base to shoe (m):<\/strong> 1,00<\/li>\n<li><strong>Diameter (m):<\/strong> 1,70<\/li>\n<\/ul>\n<h3>Fiberglass silo 6 t<\/h3>\n<ul>\n<li><strong>Capacity (m3):<\/strong> 10<\/li>\n<li><strong>Number of legs (pcs.):<\/strong> 3<\/li>\n<li><strong>Height (m):<\/strong> 5,50<\/li>\n<li><strong>Height from base to shoe (m):<\/strong> 1,00<\/li>\n<li><strong>Diameter (m):<\/strong> 2<\/li>\n<\/ul>\n<h3>Glass fibre silo 9 t<\/h3>\n<ul>\n<li><strong>Capacity (m3):<\/strong> 15<\/li>\n<li><strong>Number of legs (pcs.):<\/strong> 3<\/li>\n<li><strong>Height (m):<\/strong> 6,40<\/li>\n<li><strong>Height from base to shoe (m):<\/strong> 1,00<\/li>\n<li><strong>Diameter (m):<\/strong> 2,20<\/li>\n<\/ul>\n<h3>Fibreglass silo 12 t<\/h3>\n<ul>\n<li><strong>Capacity (m3):<\/strong> 20<\/li>\n<li><strong>Number of legs (pcs.):<\/strong> 4<\/li>\n<li><strong>Height (m):<\/strong> 7,50<\/li>\n<li><strong>Height from base to shoe (m):<\/strong> 1,00<\/li>\n<li><strong>Diameter (m):<\/strong> 2,40<\/li>\n<\/ul>\n<h3>Fibreglass silo 15 t<\/h3>\n<ul>\n<li><strong>Capacity (m3):<\/strong> 25<\/li>\n<li><strong>Number of legs (pcs.):<\/strong> 4<\/li>\n<li><strong>Height (m):<\/strong> 8<\/li>\n<li><strong>Height from base to shoe (m):<\/strong> 1,00<\/li>\n<li><strong>Diameter (m):<\/strong> 2,60<\/li>\n<\/ul>\n<h3>Fibreglass silo 24 t<\/h3>\n<ul>\n<li><strong>Capacity (m3):<\/strong> 40<\/li>\n<li><strong>Number of legs (pcs.):<\/strong> 4<\/li>\n<li><strong>Height (m):<\/strong> 8,40<\/li>\n<li><strong>Height from base to shoe (m):<\/strong> 1,00<\/li>\n<li><strong>Diameter (m):<\/strong> 3,00<\/li>\n<\/ul>\n<h3>Fibreglass silo 31.2 t<\/h3>\n<ul>\n<li><strong>Capacity (m3):<\/strong> 52<\/li>\n<li><strong>Number of legs (pcs.):<\/strong> 4<\/li>\n<li><strong>Height (m):<\/strong> 10<\/li>\n<li><strong>Height from base to shoe (m):<\/strong> 1,00<\/li>\n<li><strong>Diameter (m):<\/strong> 3,0<\/li>\n<\/ul>\n\n\t\t<\/div>\n\t<\/div>\n<\/div><\/div><div class=\"vc_tta-panel\" id=\"1712129909519-74c1b662-872f\" data-vc-content=\".vc_tta-panel-body\"><div class=\"vc_tta-panel-heading\"><h4 class=\"vc_tta-panel-title vc_tta-controls-icon-position-left\"><a href=\"#1712129909519-74c1b662-872f\" data-vc-accordion data-vc-container=\".vc_tta-container\"><span class=\"vc_tta-title-text\">APPLICATION<\/span><i class=\"vc_tta-controls-icon vc_tta-controls-icon-plus\"><\/i><\/a><\/h4><\/div><div class=\"vc_tta-panel-body\">\n\t<div class=\"wpb_text_column wpb_content_element\" >\n\t\t<div class=\"wpb_wrapper\">\n\t\t\t<p>In fibreglass silos, compared to traditional silos, we have an easier way of checking the filling level through a transparent strip.<\/p>\n<p>Depending on the size of the structure, the silos come on three or four legs. Loading is carried out pneumatically. Fibreglass silos can be additionally equipped with a scale.<\/p>\n<p>Among the significant advantages, we can also include the lack of maintenance during use. Their service life is up to 30 years. Due to the smooth surface of the walls, there is no risk of the feed getting hung up and, in addition, much faster unloading of the contents is ensured.<\/p>\n<p>Silosy z w\u0142\u00f3kna szklanego wykazuj\u0105 wysok\u0105 odporno\u015b\u0107 na r\u00f3\u017cnic\u0119 temperatur, co zmniejsza ryzyko wyst\u0119powania ple\u015bni, chor\u00f3b zwierz\u0119cych, czy korozji.<\/p>\n<p>Kolejn\u0105 zalet\u0105 jest wysoki poziom zabezpieczenia przed uszkodzeniami mechanicznymi, co wp\u0142ywa na lepszy poziom szczelno\u015bci i hermetyczno\u015bci.<\/p>\n<p>The assembly of the ordered silos is very fast - usually only one day.<\/p>\n\n\t\t<\/div>\n\t<\/div>\n<div class=\"vc_empty_space\"   style=\"height: 80px\"><span class=\"vc_empty_space_inner\"><\/span><\/div><\/div><\/div><\/div><\/div><\/div><\/div>\t\n\t<div class=\"wprt-galleries-grid has-bullets bullet-style-2 bullet30\" data-layout=\"grid\" data-column=\"4\" data-column2=\"4\" data-column3=\"4\" data-column4=\"4\" data-gaph=\"10\" data-gapv=\"10\">\n\t\t<div id=\"images-wrap\" class=\"cbp\">\n            \t\t\t\t<div class=\"cbp-item\">\n                    <div class=\"item-wrap\">\n                        <a class=\"zoom\" href=\"https:\/\/zuptor.pl\/wp-content\/uploads\/2024\/04\/silosy-z-wlokna-szklanego-02.png\"><i class=\"fa fa-arrows-alt\"><\/i><\/a>\n                        <img loading=\"lazy\" decoding=\"async\" width=\"490\" height=\"676\" src=\"https:\/\/zuptor.pl\/wp-content\/uploads\/2024\/04\/silosy-z-wlokna-szklanego-02.png\" class=\"img-responsive\" alt=\"silosy z w\u0142\u00f3kna szklanego\" srcset=\"https:\/\/zuptor.pl\/wp-content\/uploads\/2024\/04\/silosy-z-wlokna-szklanego-02.png 490w, https:\/\/zuptor.pl\/wp-content\/uploads\/2024\/04\/silosy-z-wlokna-szklanego-02-217x300.png 217w\" sizes=\"auto, (max-width: 490px) 100vw, 490px\" \/>                    <\/div>\n                <\/div>\n\t\t\t\t\t\t\t<div class=\"cbp-item\">\n                    <div class=\"item-wrap\">\n                        <a class=\"zoom\" href=\"https:\/\/zuptor.pl\/wp-content\/uploads\/2024\/04\/silosy-z-wlokna-szklanego-03.png\"><i class=\"fa fa-arrows-alt\"><\/i><\/a>\n                        <img loading=\"lazy\" decoding=\"async\" width=\"490\" height=\"676\" src=\"https:\/\/zuptor.pl\/wp-content\/uploads\/2024\/04\/silosy-z-wlokna-szklanego-03.png\" class=\"img-responsive\" alt=\"silosy z w\u0142\u00f3kna szklanego\" srcset=\"https:\/\/zuptor.pl\/wp-content\/uploads\/2024\/04\/silosy-z-wlokna-szklanego-03.png 490w, https:\/\/zuptor.pl\/wp-content\/uploads\/2024\/04\/silosy-z-wlokna-szklanego-03-217x300.png 217w\" sizes=\"auto, (max-width: 490px) 100vw, 490px\" \/>                    <\/div>\n                <\/div>\n\t\t\t\t\t\t\t<div class=\"cbp-item\">\n                    <div class=\"item-wrap\">\n                        <a class=\"zoom\" href=\"https:\/\/zuptor.pl\/wp-content\/uploads\/2024\/04\/silosy-z-wlokna-szklanego-04.png\"><i class=\"fa fa-arrows-alt\"><\/i><\/a>\n                        <img loading=\"lazy\" decoding=\"async\" width=\"485\" height=\"676\" src=\"https:\/\/zuptor.pl\/wp-content\/uploads\/2024\/04\/silosy-z-wlokna-szklanego-04.png\" class=\"img-responsive\" alt=\"silosy z w\u0142\u00f3kna szklanego\" srcset=\"https:\/\/zuptor.pl\/wp-content\/uploads\/2024\/04\/silosy-z-wlokna-szklanego-04.png 485w, https:\/\/zuptor.pl\/wp-content\/uploads\/2024\/04\/silosy-z-wlokna-szklanego-04-215x300.png 215w\" sizes=\"auto, (max-width: 485px) 100vw, 485px\" \/>                    <\/div>\n                <\/div>\n\t\t\t\t\t\t\t<div class=\"cbp-item\">\n                    <div class=\"item-wrap\">\n                        <a class=\"zoom\" href=\"https:\/\/zuptor.pl\/wp-content\/uploads\/2024\/04\/silosy-z-wlokna-szklanego-05.png\"><i class=\"fa fa-arrows-alt\"><\/i><\/a>\n                        <img loading=\"lazy\" decoding=\"async\" width=\"490\" height=\"676\" src=\"https:\/\/zuptor.pl\/wp-content\/uploads\/2024\/04\/silosy-z-wlokna-szklanego-05.png\" class=\"img-responsive\" alt=\"silosy z w\u0142\u00f3kna szklanego\" srcset=\"https:\/\/zuptor.pl\/wp-content\/uploads\/2024\/04\/silosy-z-wlokna-szklanego-05.png 490w, https:\/\/zuptor.pl\/wp-content\/uploads\/2024\/04\/silosy-z-wlokna-szklanego-05-217x300.png 217w\" sizes=\"auto, (max-width: 490px) 100vw, 490px\" \/>                    <\/div>\n                <\/div>\n\t\t\t        <\/div>\n\t<\/div>\n\n<\/div><\/div><\/div><\/div><\/div><div class=\"clearfix\"><\/div><\/section><section class=\"vc_rows wpb_row vc_row-fluid\" ><div class=\"container\"><div class=\"row\"><div class=\"wpb_column vc_column_container vc_col-sm-12 vc_hidden-lg vc_hidden-md vc_hidden-sm\"><div class=\"vc_column-inner\"><div class=\"wpb_wrapper\">\n    <h5 class=\"text-left\" >SILOSY<\/h5>\n    \t    <div class=\"wprt-lines style-1 custom-3\">\n\t        <div class=\"line-1\"><\/div>\n\t    <\/div>\n    \n        \t\n<div class=\"vc_empty_space\"   style=\"height: 25px\"><span class=\"vc_empty_space_inner\"><\/span><\/div><div class=\"vc_btn3-container  menu vc_btn3-left vc_custom_1712135018073\" ><a class=\"vc_general vc_btn3 vc_btn3-size-sm vc_btn3-shape-square vc_btn3-style-flat vc_btn3-block vc_btn3-color-default\" href=\"#\" title=\"\">CEREAL SILOS<\/a><\/div><div class=\"vc_btn3-container  menu vc_btn3-left vc_custom_1712135041321\" ><a class=\"vc_general vc_btn3 vc_btn3-size-sm vc_btn3-shape-square vc_btn3-style-flat vc_btn3-block vc_btn3-color-default\" href=\"#\" title=\"\">FEED SILOS<\/a><\/div><div class=\"vc_btn3-container  menu vc_btn3-left vc_custom_1712135068839\" ><a class=\"vc_general vc_btn3 vc_btn3-size-sm vc_btn3-shape-square vc_btn3-style-flat vc_btn3-block vc_btn3-color-default\" href=\"#\" title=\"\">FIBREGLASS SILOS<\/a><\/div><div class=\"vc_btn3-container  menu vc_btn3-left vc_custom_1712135082873\" ><a class=\"vc_general vc_btn3 vc_btn3-size-sm vc_btn3-shape-square vc_btn3-style-flat vc_btn3-block vc_btn3-color-default\" href=\"#\" title=\"\">FABRIC SILOS<\/a><\/div><div class=\"vc_btn3-container  menu vc_btn3-left vc_custom_1712136601173\" ><a class=\"vc_general vc_btn3 vc_btn3-size-sm vc_btn3-shape-square vc_btn3-style-flat vc_btn3-block vc_btn3-color-default\" href=\"#\" title=\"\">RECEPTION BASKETS<\/a><\/div><div class=\"vc_btn3-container  menu vc_btn3-left vc_custom_1716813952771\" ><a class=\"vc_general vc_btn3 vc_btn3-size-sm vc_btn3-shape-square vc_btn3-style-flat vc_btn3-block vc_btn3-color-default\" href=\"#\" title=\"\">VENTILATION AND TEMPERATURE MEASUREMENT SYSTEM<\/a><\/div><div class=\"vc_btn3-container  menu vc_btn3-left vc_custom_1712136680541\" ><a class=\"vc_general vc_btn3 vc_btn3-size-sm vc_btn3-shape-square vc_btn3-style-flat vc_btn3-block vc_btn3-color-default\" href=\"#\" title=\"\">AUTOMATION AND CONTROL<\/a><\/div><\/div><\/div><\/div><\/div><\/div><div class=\"clearfix\"><\/div><\/section><section class=\"vc_rows wpb_row vc_row-fluid\" ><div class=\"container\"><div class=\"row\"><div class=\"wpb_column vc_column_container vc_col-sm-12\"><div class=\"vc_column-inner\"><div class=\"wpb_wrapper\"><\/div><\/div><\/div><\/div><\/div><div class=\"clearfix\"><\/div><\/section><section class=\"vc_rows wpb_row vc_row-fluid\" ><div class=\"container\"><div class=\"row\"><div class=\"wpb_column vc_column_container vc_col-sm-12\"><div class=\"vc_column-inner\"><div class=\"wpb_wrapper\"><div class=\"vc_empty_space\"   style=\"height: 70px\"><span class=\"vc_empty_space_inner\"><\/span><\/div><\/div><\/div><\/div><\/div><\/div><div class=\"clearfix\"><\/div><\/section>\n<\/div>","protected":false},"excerpt":{"rendered":"Find a distributor in your area CEREAL SILOSES CEREAL SILOSES FEED FORAGE SILOSES FIBER SILOSES WOVEN FIBER SILOSES ACCEPTANCE SYSTEMS VENTILATION AND TEMPERATURE MEASUREMENTS AUTOMATICS AND CONTROL GLASS FIBER SILOSES are designed for storing all types of fodder, meal and grain. Due to their very high technical parameters, they are a very good alternative to silos made of steel. [...]","protected":false},"author":1,"featured_media":0,"parent":679,"menu_order":0,"comment_status":"closed","ping_status":"closed","template":"page-templates\/template-fullwidth.php","meta":{"footnotes":""},"class_list":["post-1503","page","type-page","status-publish","hentry"],"yoast_head":"<!-- This site is optimized with the Yoast SEO plugin v24.7 - https:\/\/yoast.com\/wordpress\/plugins\/seo\/ -->\n<title>Silosy z w\u0142\u00f3kna szklanego | Zuptor<\/title>\n<meta name=\"description\" content=\"Silosy z w\u0142\u00f3kna szklanego - wytrzyma\u0142e, lekkie, odporne na korozj\u0119. Idealne do przechowywania pasz i zb\u00f3\u017c, szybki monta\u017c, brak konserwacji.\" \/>\n<meta name=\"robots\" content=\"index, follow, max-snippet:-1, max-image-preview:large, max-video-preview:-1\" \/>\n<link rel=\"canonical\" href=\"https:\/\/zuptor.pl\/en\/silosy\/silosy-z-wlokna-szklanego\/\" \/>\n<meta property=\"og:locale\" content=\"en_GB\" \/>\n<meta property=\"og:type\" content=\"article\" \/>\n<meta property=\"og:title\" content=\"Silosy z w\u0142\u00f3kna szklanego | Zuptor\" \/>\n<meta property=\"og:description\" content=\"Silosy z w\u0142\u00f3kna szklanego - wytrzyma\u0142e, lekkie, odporne na korozj\u0119. Idealne do przechowywania pasz i zb\u00f3\u017c, szybki monta\u017c, brak konserwacji.\" \/>\n<meta property=\"og:url\" content=\"https:\/\/zuptor.pl\/en\/silosy\/silosy-z-wlokna-szklanego\/\" \/>\n<meta property=\"og:site_name\" content=\"Zuptor\" \/>\n<meta property=\"article:modified_time\" content=\"2024-12-04T11:30:36+00:00\" \/>\n<meta name=\"twitter:card\" content=\"summary_large_image\" \/>\n<meta name=\"twitter:label1\" content=\"Estimated reading time\" \/>\n\t<meta name=\"twitter:data1\" content=\"6 minutes\" \/>\n<script type=\"application\/ld+json\" class=\"yoast-schema-graph\">{\"@context\":\"https:\/\/schema.org\",\"@graph\":[{\"@type\":\"WebPage\",\"@id\":\"https:\/\/zuptor.pl\/silosy\/silosy-z-wlokna-szklanego\/\",\"url\":\"https:\/\/zuptor.pl\/silosy\/silosy-z-wlokna-szklanego\/\",\"name\":\"Silosy z w\u0142\u00f3kna szklanego | Zuptor\",\"isPartOf\":{\"@id\":\"https:\/\/zuptor.pl\/#website\"},\"datePublished\":\"2024-04-16T11:05:52+00:00\",\"dateModified\":\"2024-12-04T11:30:36+00:00\",\"description\":\"Silosy z w\u0142\u00f3kna szklanego - wytrzyma\u0142e, lekkie, odporne na korozj\u0119. Idealne do przechowywania pasz i zb\u00f3\u017c, szybki monta\u017c, brak konserwacji.\",\"breadcrumb\":{\"@id\":\"https:\/\/zuptor.pl\/silosy\/silosy-z-wlokna-szklanego\/#breadcrumb\"},\"inLanguage\":\"en-GB\",\"potentialAction\":[{\"@type\":\"ReadAction\",\"target\":[\"https:\/\/zuptor.pl\/silosy\/silosy-z-wlokna-szklanego\/\"]}]},{\"@type\":\"BreadcrumbList\",\"@id\":\"https:\/\/zuptor.pl\/silosy\/silosy-z-wlokna-szklanego\/#breadcrumb\",\"itemListElement\":[{\"@type\":\"ListItem\",\"position\":1,\"name\":\"Strona g\u0142\u00f3wna\",\"item\":\"https:\/\/zuptor.pl\/\"},{\"@type\":\"ListItem\",\"position\":2,\"name\":\"Silosy\",\"item\":\"https:\/\/zuptor.pl\/silosy\/\"},{\"@type\":\"ListItem\",\"position\":3,\"name\":\"Silosy z w\u0142\u00f3kna szklanego\"}]},{\"@type\":\"WebSite\",\"@id\":\"https:\/\/zuptor.pl\/#website\",\"url\":\"https:\/\/zuptor.pl\/\",\"name\":\"Zuptor\",\"description\":\"\",\"potentialAction\":[{\"@type\":\"SearchAction\",\"target\":{\"@type\":\"EntryPoint\",\"urlTemplate\":\"https:\/\/zuptor.pl\/?s={search_term_string}\"},\"query-input\":{\"@type\":\"PropertyValueSpecification\",\"valueRequired\":true,\"valueName\":\"search_term_string\"}}],\"inLanguage\":\"en-GB\"}]}<\/script>\n<!-- \/ Yoast SEO plugin. -->","yoast_head_json":{"title":"Silosy z w\u0142\u00f3kna szklanego | Zuptor","description":"Silosy z w\u0142\u00f3kna szklanego - wytrzyma\u0142e, lekkie, odporne na korozj\u0119. Idealne do przechowywania pasz i zb\u00f3\u017c, szybki monta\u017c, brak konserwacji.","robots":{"index":"index","follow":"follow","max-snippet":"max-snippet:-1","max-image-preview":"max-image-preview:large","max-video-preview":"max-video-preview:-1"},"canonical":"https:\/\/zuptor.pl\/en\/silosy\/silosy-z-wlokna-szklanego\/","og_locale":"en_GB","og_type":"article","og_title":"Silosy z w\u0142\u00f3kna szklanego | Zuptor","og_description":"Silosy z w\u0142\u00f3kna szklanego - wytrzyma\u0142e, lekkie, odporne na korozj\u0119. Idealne do przechowywania pasz i zb\u00f3\u017c, szybki monta\u017c, brak konserwacji.","og_url":"https:\/\/zuptor.pl\/en\/silosy\/silosy-z-wlokna-szklanego\/","og_site_name":"Zuptor","article_modified_time":"2024-12-04T11:30:36+00:00","twitter_card":"summary_large_image","twitter_misc":{"Estimated reading time":"6 minutes"},"schema":{"@context":"https:\/\/schema.org","@graph":[{"@type":"WebPage","@id":"https:\/\/zuptor.pl\/silosy\/silosy-z-wlokna-szklanego\/","url":"https:\/\/zuptor.pl\/silosy\/silosy-z-wlokna-szklanego\/","name":"Silosy z w\u0142\u00f3kna szklanego | Zuptor","isPartOf":{"@id":"https:\/\/zuptor.pl\/#website"},"datePublished":"2024-04-16T11:05:52+00:00","dateModified":"2024-12-04T11:30:36+00:00","description":"Silosy z w\u0142\u00f3kna szklanego - wytrzyma\u0142e, lekkie, odporne na korozj\u0119. Idealne do przechowywania pasz i zb\u00f3\u017c, szybki monta\u017c, brak konserwacji.","breadcrumb":{"@id":"https:\/\/zuptor.pl\/silosy\/silosy-z-wlokna-szklanego\/#breadcrumb"},"inLanguage":"en-GB","potentialAction":[{"@type":"ReadAction","target":["https:\/\/zuptor.pl\/silosy\/silosy-z-wlokna-szklanego\/"]}]},{"@type":"BreadcrumbList","@id":"https:\/\/zuptor.pl\/silosy\/silosy-z-wlokna-szklanego\/#breadcrumb","itemListElement":[{"@type":"ListItem","position":1,"name":"Strona g\u0142\u00f3wna","item":"https:\/\/zuptor.pl\/"},{"@type":"ListItem","position":2,"name":"Silosy","item":"https:\/\/zuptor.pl\/silosy\/"},{"@type":"ListItem","position":3,"name":"Silosy z w\u0142\u00f3kna szklanego"}]},{"@type":"WebSite","@id":"https:\/\/zuptor.pl\/#website","url":"https:\/\/zuptor.pl\/","name":"Zuptor","description":"","potentialAction":[{"@type":"SearchAction","target":{"@type":"EntryPoint","urlTemplate":"https:\/\/zuptor.pl\/?s={search_term_string}"},"query-input":{"@type":"PropertyValueSpecification","valueRequired":true,"valueName":"search_term_string"}}],"inLanguage":"en-GB"}]}},"_links":{"self":[{"href":"https:\/\/zuptor.pl\/en\/wp-json\/wp\/v2\/pages\/1503","targetHints":{"allow":["GET"]}}],"collection":[{"href":"https:\/\/zuptor.pl\/en\/wp-json\/wp\/v2\/pages"}],"about":[{"href":"https:\/\/zuptor.pl\/en\/wp-json\/wp\/v2\/types\/page"}],"author":[{"embeddable":true,"href":"https:\/\/zuptor.pl\/en\/wp-json\/wp\/v2\/users\/1"}],"replies":[{"embeddable":true,"href":"https:\/\/zuptor.pl\/en\/wp-json\/wp\/v2\/comments?post=1503"}],"version-history":[{"count":22,"href":"https:\/\/zuptor.pl\/en\/wp-json\/wp\/v2\/pages\/1503\/revisions"}],"predecessor-version":[{"id":2709,"href":"https:\/\/zuptor.pl\/en\/wp-json\/wp\/v2\/pages\/1503\/revisions\/2709"}],"up":[{"embeddable":true,"href":"https:\/\/zuptor.pl\/en\/wp-json\/wp\/v2\/pages\/679"}],"wp:attachment":[{"href":"https:\/\/zuptor.pl\/en\/wp-json\/wp\/v2\/media?parent=1503"}],"curies":[{"name":"wp","href":"https:\/\/api.w.org\/{rel}","templated":true}]}}