{"id":1501,"date":"2024-04-16T12:29:23","date_gmt":"2024-04-16T10:29:23","guid":{"rendered":"http:\/\/zuptor.dlatestu.co.pl\/?page_id=1501"},"modified":"2024-12-04T12:22:05","modified_gmt":"2024-12-04T11:22:05","slug":"silosy-paszowe","status":"publish","type":"page","link":"https:\/\/zuptor.pl\/en\/silosy\/silosy-paszowe\/","title":{"rendered":"Feed silos"},"content":{"rendered":"<div class=\"wpb-content-wrapper\"><section class=\"vc_rows wpb_row vc_row-fluid bg-color-blue vc_custom_1712822727044\" ><div class=\"container\"><div class=\"row\"><div class=\"wpb_column vc_column_container vc_col-sm-12\"><div class=\"vc_column-inner\"><div class=\"wpb_wrapper\">\n\t\t\t<div class=\"col-md-8\">\n\t        <div class=\"wprt-spacer\" data-desktop=\"8\" data-mobi=\"0\" data-smobi=\"0\"><\/div>\n\t        <h2 class=\"text-white text-center-mobile font-size-20 margin-bottom-0\">Find a distributor in your area<\/h2>\n\t        <div class=\"wprt-spacer\" data-desktop=\"0\" data-mobi=\"20\" data-smobi=\"20\"><\/div>\n\t    <\/div>\n\n\t    <div class=\"col-md-4\">\n\t        <div class=\"text-right text-center-mobile\">\n\t        \n\t        <a class=\"wprt-button white rounded-3px\" href=\"https:\/\/zuptor.pl\/en\/dystrybutorzy\/\" target=\"_self\">DISTRIBUTORS<\/a>\t        <\/div>\n\t    <\/div>\n\t\n<\/div><\/div><\/div><\/div><\/div><div class=\"clearfix\"><\/div><\/section><section class=\"vc_rows wpb_row vc_row-fluid vc_custom_1712148861158\" ><div class=\"container\"><div class=\"row\"><div class=\"wpb_column vc_column_container vc_col-sm-3 vc_hidden-xs\"><div class=\"vc_column-inner\"><div class=\"wpb_wrapper\">\n    <h5 class=\"text-left\" >SILOSY<\/h5>\n    \t    <div class=\"wprt-lines style-1 custom-3\">\n\t        <div class=\"line-1\"><\/div>\n\t    <\/div>\n    \n        \t\n<div class=\"vc_empty_space\"   style=\"height: 25px\"><span class=\"vc_empty_space_inner\"><\/span><\/div><div class=\"vc_btn3-container  menu vc_btn3-left vc_custom_1713261259761\" ><a class=\"vc_general vc_btn3 vc_btn3-size-sm vc_btn3-shape-square vc_btn3-style-flat vc_btn3-block vc_btn3-color-default\" href=\"https:\/\/zuptor.pl\/en\/silosy\/silosy-zbozowe\/\" title=\"Grain silos\">CEREAL SILOS<\/a><\/div><div class=\"vc_btn3-container  menu vc_btn3-left vc_custom_1713263388057\" ><a class=\"vc_general vc_btn3 vc_btn3-size-sm vc_btn3-shape-square vc_btn3-style-flat vc_btn3-block vc_btn3-color-default\" href=\"https:\/\/zuptor.pl\/en\/silosy\/silosy-paszowe\/\" title=\"Feed silos\">FEED SILOS<\/a><\/div><div class=\"vc_btn3-container  menu vc_btn3-left vc_custom_1713274766312\" ><a class=\"vc_general vc_btn3 vc_btn3-size-sm vc_btn3-shape-square vc_btn3-style-flat vc_btn3-block vc_btn3-color-default\" href=\"https:\/\/zuptor.pl\/en\/silosy\/silosy-z-wlokna-szklanego\/\" title=\"Fibreglass silos\">FIBREGLASS SILOS<\/a><\/div><div class=\"vc_btn3-container  menu vc_btn3-left vc_custom_1713274757039\" ><a class=\"vc_general vc_btn3 vc_btn3-size-sm vc_btn3-shape-square vc_btn3-style-flat vc_btn3-block vc_btn3-color-default\" href=\"https:\/\/zuptor.pl\/en\/silosy\/silosy-tkaninowe\/\" title=\"Fabric silos\">FABRIC SILOS<\/a><\/div><div class=\"vc_btn3-container  menu vc_btn3-left vc_custom_1713274728925\" ><a class=\"vc_general vc_btn3 vc_btn3-size-sm vc_btn3-shape-square vc_btn3-style-flat vc_btn3-block vc_btn3-color-default\" href=\"https:\/\/zuptor.pl\/en\/silosy\/kosze-przyjeciowe\/\" title=\"Party baskets\">RECEPTION BASKETS<\/a><\/div><div class=\"vc_btn3-container  menu vc_btn3-left vc_custom_1716813919859\" ><a class=\"vc_general vc_btn3 vc_btn3-size-sm vc_btn3-shape-square vc_btn3-style-flat vc_btn3-block vc_btn3-color-default\" href=\"https:\/\/zuptor.pl\/en\/silosy\/system-wentylacji\/\" title=\"Ventilation system\">VENTILATION AND TEMPERATURE MEASUREMENT SYSTEM<\/a><\/div><div class=\"vc_btn3-container  menu vc_btn3-left vc_custom_1713274706294\" ><a class=\"vc_general vc_btn3 vc_btn3-size-sm vc_btn3-shape-square vc_btn3-style-flat vc_btn3-block vc_btn3-color-default\" href=\"https:\/\/zuptor.pl\/en\/silosy\/automatyka-i-sterowanie\/\" title=\"Automation and control\">AUTOMATION AND CONTROL<\/a><\/div><\/div><\/div><\/div><div class=\"wpb_column vc_column_container vc_col-sm-9\"><div class=\"vc_column-inner vc_custom_1712148788315\"><div class=\"wpb_wrapper\">\n    <h1 class=\"text-left\" >FEED SILOS<\/h1>\n    \t    <div class=\"wprt-lines style-1 custom-3\">\n\t        <div class=\"line-1\"><\/div>\n\t    <\/div>\n    \n        \t\n<div class=\"vc_empty_space\"   style=\"height: 25px\"><span class=\"vc_empty_space_inner\"><\/span><\/div>\n\t<div class=\"wpb_text_column wpb_content_element\" >\n\t\t<div class=\"wpb_wrapper\">\n\t\t\t<p>ZUPTOR feed silos are designed for storing mixed feed and bran. They are indispensable for poultry, pig and cattle farms.<\/p>\n\n\t\t<\/div>\n\t<\/div>\n\n\t<div class=\"wpb_text_column wpb_content_element\" >\n\t\t<div class=\"wpb_wrapper\">\n\t\t\t<p>The design of the silo ensures high strength and durability of the silos. The bottom of the silo is a conical hopper, which guarantees very efficient unloading of the grain by gravity.<\/p>\n\n\t\t<\/div>\n\t<\/div>\n\n\t<div class=\"wpb_text_column wpb_content_element\" >\n\t\t<div class=\"wpb_wrapper\">\n\t\t\t<p>Okr\u0105g\u0142a cz\u0119\u015b\u0107 cylindryczna wykonana jest z podw\u00f3jnego p\u0142aszcza blachy ocynkowanej, dodatkowo z zewn\u0105trz pokryta pow\u0142ok\u0105 chroni\u0105c\u0105 przed niekorzystnym oddzia\u0142ywaniem wody i wilgoci.<\/p>\n\n\t\t<\/div>\n\t<\/div>\n\n    <h3 class=\"text-left\" >ZUPTOR FEED SILOS<\/h3>\n    \t    <div class=\"wprt-lines style-1 custom-3\">\n\t        <div class=\"line-1\"><\/div>\n\t    <\/div>\n    \n        \t\n<div class=\"vc_empty_space\"   style=\"height: 32px\"><span class=\"vc_empty_space_inner\"><\/span><\/div>\n\t<div  class=\"wpb_single_image wpb_content_element vc_align_center\">\n\t\t\n\t\t<figure class=\"wpb_wrapper vc_figure\">\n\t\t\t<div class=\"vc_single_image-wrapper   vc_box_border_grey\"><img loading=\"lazy\" decoding=\"async\" width=\"600\" height=\"450\" src=\"https:\/\/zuptor.pl\/wp-content\/uploads\/2024\/04\/silosy-paszowe.jpg\" class=\"vc_single_image-img attachment-full\" alt=\"silosy paszowe\" title=\"feed silos\" srcset=\"https:\/\/zuptor.pl\/wp-content\/uploads\/2024\/04\/silosy-paszowe.jpg 600w, https:\/\/zuptor.pl\/wp-content\/uploads\/2024\/04\/silosy-paszowe-300x225.jpg 300w\" sizes=\"auto, (max-width: 600px) 100vw, 600px\" \/><\/div>\n\t\t<\/figure>\n\t<\/div>\n<div class=\"vc_empty_space\"   style=\"height: 32px\"><span class=\"vc_empty_space_inner\"><\/span><\/div><div class=\"vc_tta-container\" data-vc-action=\"collapse\"><div class=\"vc_general vc_tta vc_tta-accordion vc_tta-color-grey vc_tta-style-classic vc_tta-shape-rounded vc_tta-o-shape-group vc_tta-controls-align-default\"><div class=\"vc_tta-panels-container\"><div class=\"vc_tta-panels\"><div class=\"vc_tta-panel vc_active\" id=\"1712129966673-b2952adb-51d2\" data-vc-content=\".vc_tta-panel-body\"><div class=\"vc_tta-panel-heading\"><h4 class=\"vc_tta-panel-title vc_tta-controls-icon-position-left\"><a href=\"#1712129966673-b2952adb-51d2\" data-vc-accordion data-vc-container=\".vc_tta-container\"><span class=\"vc_tta-title-text\">PARAMETERS<\/span><i class=\"vc_tta-controls-icon vc_tta-controls-icon-plus\"><\/i><\/a><\/h4><\/div><div class=\"vc_tta-panel-body\">\n\t<div class=\"wpb_text_column wpb_content_element\" >\n\t\t<div class=\"wpb_wrapper\">\n\t\t\t<ul>\n<li>Capacity up to 100 m\u00b3<\/li>\n<li>Conical hopper forming the bottom of the silo<\/li>\n<li>Double-skinned galvanised sheet metal, protected by a protective coating<\/li>\n<li>No enclosure or canopy required<\/li>\n<li>Can be used alone or in a process line<\/li>\n<li>Possibility to protect against condensation with a thermal insulation layer<\/li>\n<\/ul>\n\n\t\t<\/div>\n\t<\/div>\n<\/div><\/div><div class=\"vc_tta-panel\" id=\"1713256152176-7ec204f4-b863\" data-vc-content=\".vc_tta-panel-body\"><div class=\"vc_tta-panel-heading\"><h4 class=\"vc_tta-panel-title vc_tta-controls-icon-position-left\"><a href=\"#1713256152176-7ec204f4-b863\" data-vc-accordion data-vc-container=\".vc_tta-container\"><span class=\"vc_tta-title-text\">TECHNICAL DATA<\/span><i class=\"vc_tta-controls-icon vc_tta-controls-icon-plus\"><\/i><\/a><\/h4><\/div><div class=\"vc_tta-panel-body\">\n\t<div class=\"wpb_text_column wpb_content_element\" >\n\t\t<div class=\"wpb_wrapper\">\n\t\t\t<h3>Capacity 20 m3<\/h3>\n<ul>\n<li><strong>Number of legs:<\/strong> 6 pcs.<\/li>\n<li><strong>Overall height:<\/strong> 6400 mm<\/li>\n<li><strong>Diameter:<\/strong> \u00f8 2720 mm<\/li>\n<li><strong>Dump height from the ground:<\/strong> 750 mm<\/li>\n<li><strong>Height of support (leg):<\/strong> 2400 mm<\/li>\n<li><strong>Height of cylindrical section:<\/strong> 3000 mm<\/li>\n<\/ul>\n<h3>Capacity 30 m3<\/h3>\n<ul>\n<li><strong>Number of legs:<\/strong> 6 pcs.<\/li>\n<li><strong>Overall height:<\/strong> 7100 mm<\/li>\n<li><strong>Diameter:<\/strong> \u00f8 3260 mm<\/li>\n<li><strong>Dump height from the ground:<\/strong> 850 mm<\/li>\n<li><strong>Height of support (leg):<\/strong> 2900 mm<\/li>\n<li><strong>Height of cylindrical section:<\/strong> 3000 mm<\/li>\n<\/ul>\n<h3>Capacity 40 m3<\/h3>\n<ul>\n<li><strong>Number of legs:<\/strong> 6 pcs.<\/li>\n<li><strong>Overall height:<\/strong> 8500 mm<\/li>\n<li><strong>Diameter:<\/strong> \u00f8 3260 mm<\/li>\n<li><strong>Dump height from the ground:<\/strong> 850 mm<\/li>\n<li><strong>Height of support (leg):<\/strong> 2900 mm<\/li>\n<li><strong>Height of cylindrical section:<\/strong> 4400 mm<\/li>\n<\/ul>\n<h3>Capacity 48 m3<\/h3>\n<ul>\n<li><strong>Number of legs:<\/strong> 6 pcs.<\/li>\n<li><strong>Overall height:<\/strong> 9100 mm<\/li>\n<li><strong>Diameter:<\/strong> \u00f8 3260 mm<\/li>\n<li><strong>Dump height from the ground:<\/strong> 850 mm<\/li>\n<li><strong>Height of support (leg):<\/strong> 2900 mm<\/li>\n<li><strong>Height of cylindrical section:<\/strong> 5000 mm<\/li>\n<\/ul>\n<h3>Capacity 80 m3<\/h3>\n<ul>\n<li><strong>Number of legs:<\/strong> 8 pcs.<\/li>\n<li><strong>Overall height:<\/strong> 9500 mm<\/li>\n<li><strong>Diameter:<\/strong> \u00f8 4350 mm<\/li>\n<li><strong>Dump height from the ground:<\/strong> 650 mm<\/li>\n<li><strong>Height of support (leg):<\/strong> 3400 mm<\/li>\n<li><strong>Height of cylindrical section:<\/strong> 4400 mm<\/li>\n<\/ul>\n<h3>Capacity 100 m3<\/h3>\n<ul>\n<li><strong>Number of legs:<\/strong> 8 pcs.<\/li>\n<li><strong>Overall height:<\/strong> 10100 mm<\/li>\n<li><strong>Diameter:<\/strong> \u00f8 4900 mm<\/li>\n<li><strong>Dump height from the ground:<\/strong> 800 mm<\/li>\n<li><strong>Height of support (leg):<\/strong> 4000 mm<\/li>\n<li><strong>Height of cylindrical section:<\/strong> 4400 mm<\/li>\n<\/ul>\n\n\t\t<\/div>\n\t<\/div>\n<\/div><\/div><div class=\"vc_tta-panel\" id=\"1712129909519-74c1b662-872f\" data-vc-content=\".vc_tta-panel-body\"><div class=\"vc_tta-panel-heading\"><h4 class=\"vc_tta-panel-title vc_tta-controls-icon-position-left\"><a href=\"#1712129909519-74c1b662-872f\" data-vc-accordion data-vc-container=\".vc_tta-container\"><span class=\"vc_tta-title-text\">APPLICATION<\/span><i class=\"vc_tta-controls-icon vc_tta-controls-icon-plus\"><\/i><\/a><\/h4><\/div><div class=\"vc_tta-panel-body\">\n\t<div class=\"wpb_text_column wpb_content_element\" >\n\t\t<div class=\"wpb_wrapper\">\n\t\t\t<p>ZUPTOR feed silos are designed for storing various bulk materials. They can be used individually or as part of a process line, and do not require housing or a roof.<\/p>\n<p>They can be equipped with a simple and quick system for loading and unloading the contents. They are used by livestock and agricultural farms.<\/p>\n\n\t\t<\/div>\n\t<\/div>\n<div class=\"vc_empty_space\"   style=\"height: 80px\"><span class=\"vc_empty_space_inner\"><\/span><\/div><\/div><\/div><\/div><\/div><\/div><\/div><\/div><\/div><\/div><\/div><\/div><div class=\"clearfix\"><\/div><\/section><section class=\"vc_rows wpb_row vc_row-fluid\" ><div class=\"container\"><div class=\"row\"><div class=\"wpb_column vc_column_container vc_col-sm-12 vc_hidden-lg vc_hidden-md vc_hidden-sm\"><div class=\"vc_column-inner\"><div class=\"wpb_wrapper\">\n    <h5 class=\"text-left\" >SILOSY<\/h5>\n    \t    <div class=\"wprt-lines style-1 custom-3\">\n\t        <div class=\"line-1\"><\/div>\n\t    <\/div>\n    \n        \t\n<div class=\"vc_empty_space\"   style=\"height: 25px\"><span class=\"vc_empty_space_inner\"><\/span><\/div><div class=\"vc_btn3-container  menu vc_btn3-left vc_custom_1712135018073\" ><a class=\"vc_general vc_btn3 vc_btn3-size-sm vc_btn3-shape-square vc_btn3-style-flat vc_btn3-block vc_btn3-color-default\" href=\"#\" title=\"\">CEREAL SILOS<\/a><\/div><div class=\"vc_btn3-container  menu vc_btn3-left vc_custom_1712135041321\" ><a class=\"vc_general vc_btn3 vc_btn3-size-sm vc_btn3-shape-square vc_btn3-style-flat vc_btn3-block vc_btn3-color-default\" href=\"#\" title=\"\">FEED SILOS<\/a><\/div><div class=\"vc_btn3-container  menu vc_btn3-left vc_custom_1712135068839\" ><a class=\"vc_general vc_btn3 vc_btn3-size-sm vc_btn3-shape-square vc_btn3-style-flat vc_btn3-block vc_btn3-color-default\" href=\"#\" title=\"\">FIBREGLASS SILOS<\/a><\/div><div class=\"vc_btn3-container  menu vc_btn3-left vc_custom_1712135082873\" ><a class=\"vc_general vc_btn3 vc_btn3-size-sm vc_btn3-shape-square vc_btn3-style-flat vc_btn3-block vc_btn3-color-default\" href=\"#\" title=\"\">FABRIC SILOS<\/a><\/div><div class=\"vc_btn3-container  menu vc_btn3-left vc_custom_1712136601173\" ><a class=\"vc_general vc_btn3 vc_btn3-size-sm vc_btn3-shape-square vc_btn3-style-flat vc_btn3-block vc_btn3-color-default\" href=\"#\" title=\"\">RECEPTION BASKETS<\/a><\/div><div class=\"vc_btn3-container  menu vc_btn3-left vc_custom_1716813930760\" ><a class=\"vc_general vc_btn3 vc_btn3-size-sm vc_btn3-shape-square vc_btn3-style-flat vc_btn3-block vc_btn3-color-default\" href=\"#\" title=\"\">VENTILATION AND TEMPERATURE MEASUREMENT SYSTEM<\/a><\/div><div class=\"vc_btn3-container  menu vc_btn3-left vc_custom_1712136680541\" ><a class=\"vc_general vc_btn3 vc_btn3-size-sm vc_btn3-shape-square vc_btn3-style-flat vc_btn3-block vc_btn3-color-default\" href=\"#\" title=\"\">AUTOMATION AND CONTROL<\/a><\/div><\/div><\/div><\/div><\/div><\/div><div class=\"clearfix\"><\/div><\/section><section class=\"vc_rows wpb_row vc_row-fluid\" ><div class=\"container\"><div class=\"row\"><div class=\"wpb_column vc_column_container vc_col-sm-12\"><div class=\"vc_column-inner\"><div class=\"wpb_wrapper\"><\/div><\/div><\/div><\/div><\/div><div class=\"clearfix\"><\/div><\/section><section class=\"vc_rows wpb_row vc_row-fluid\" ><div class=\"container\"><div class=\"row\"><div class=\"wpb_column vc_column_container vc_col-sm-12\"><div class=\"vc_column-inner\"><div class=\"wpb_wrapper\"><div class=\"vc_empty_space\"   style=\"height: 70px\"><span class=\"vc_empty_space_inner\"><\/span><\/div><\/div><\/div><\/div><\/div><\/div><div class=\"clearfix\"><\/div><\/section>\n<\/div>","protected":false},"excerpt":{"rendered":"Find a distributor in your area CEREAL SILOSESE SILOSESE FODDER SILOSESE FIBER SILOSESE FIBER SILOSESE WOVEN FERTILISATION SYSTEMS FOR VENTILATION AND TEMPERATURE MEASUREMENTSAUTOMATICS AND CONTROLS FODDER SILOSES ZUPTOR fodder silos are designed for storing mixed fodder and bran. They are indispensable on poultry, pig and cattle farms. The construction of the silo ensures high strength and durability of the silos. The bottom of the silo is a hopper [...].","protected":false},"author":1,"featured_media":0,"parent":679,"menu_order":0,"comment_status":"closed","ping_status":"closed","template":"page-templates\/template-fullwidth.php","meta":{"footnotes":""},"class_list":["post-1501","page","type-page","status-publish","hentry"],"yoast_head":"<!-- This site is optimized with the Yoast SEO plugin v24.7 - https:\/\/yoast.com\/wordpress\/plugins\/seo\/ -->\n<title>Silosy paszowe | Zuptor<\/title>\n<meta name=\"description\" content=\"Silosy paszowe ZUPTOR - wytrzyma\u0142e i trwa\u0142e przechowywanie pasz. Sprawny roz\u0142adunek, podw\u00f3jny p\u0142aszcz ocynkowany i pow\u0142oka ochronna.\" \/>\n<meta name=\"robots\" content=\"index, follow, max-snippet:-1, max-image-preview:large, max-video-preview:-1\" \/>\n<link rel=\"canonical\" href=\"https:\/\/zuptor.pl\/en\/silosy\/silosy-paszowe\/\" \/>\n<meta property=\"og:locale\" content=\"en_GB\" \/>\n<meta property=\"og:type\" content=\"article\" \/>\n<meta property=\"og:title\" content=\"Silosy paszowe | Zuptor\" \/>\n<meta property=\"og:description\" content=\"Silosy paszowe ZUPTOR - wytrzyma\u0142e i trwa\u0142e przechowywanie pasz. Sprawny roz\u0142adunek, podw\u00f3jny p\u0142aszcz ocynkowany i pow\u0142oka ochronna.\" \/>\n<meta property=\"og:url\" content=\"https:\/\/zuptor.pl\/en\/silosy\/silosy-paszowe\/\" \/>\n<meta property=\"og:site_name\" content=\"Zuptor\" \/>\n<meta property=\"article:modified_time\" content=\"2024-12-04T11:22:05+00:00\" \/>\n<meta name=\"twitter:card\" content=\"summary_large_image\" \/>\n<meta name=\"twitter:label1\" content=\"Estimated reading time\" \/>\n\t<meta name=\"twitter:data1\" content=\"4 minutes\" \/>\n<script type=\"application\/ld+json\" class=\"yoast-schema-graph\">{\"@context\":\"https:\/\/schema.org\",\"@graph\":[{\"@type\":\"WebPage\",\"@id\":\"https:\/\/zuptor.pl\/silosy\/silosy-paszowe\/\",\"url\":\"https:\/\/zuptor.pl\/silosy\/silosy-paszowe\/\",\"name\":\"Silosy paszowe | Zuptor\",\"isPartOf\":{\"@id\":\"https:\/\/zuptor.pl\/#website\"},\"datePublished\":\"2024-04-16T10:29:23+00:00\",\"dateModified\":\"2024-12-04T11:22:05+00:00\",\"description\":\"Silosy paszowe ZUPTOR - wytrzyma\u0142e i trwa\u0142e przechowywanie pasz. Sprawny roz\u0142adunek, podw\u00f3jny p\u0142aszcz ocynkowany i pow\u0142oka ochronna.\",\"breadcrumb\":{\"@id\":\"https:\/\/zuptor.pl\/silosy\/silosy-paszowe\/#breadcrumb\"},\"inLanguage\":\"en-GB\",\"potentialAction\":[{\"@type\":\"ReadAction\",\"target\":[\"https:\/\/zuptor.pl\/silosy\/silosy-paszowe\/\"]}]},{\"@type\":\"BreadcrumbList\",\"@id\":\"https:\/\/zuptor.pl\/silosy\/silosy-paszowe\/#breadcrumb\",\"itemListElement\":[{\"@type\":\"ListItem\",\"position\":1,\"name\":\"Strona g\u0142\u00f3wna\",\"item\":\"https:\/\/zuptor.pl\/\"},{\"@type\":\"ListItem\",\"position\":2,\"name\":\"Silosy\",\"item\":\"https:\/\/zuptor.pl\/silosy\/\"},{\"@type\":\"ListItem\",\"position\":3,\"name\":\"Silosy paszowe\"}]},{\"@type\":\"WebSite\",\"@id\":\"https:\/\/zuptor.pl\/#website\",\"url\":\"https:\/\/zuptor.pl\/\",\"name\":\"Zuptor\",\"description\":\"\",\"potentialAction\":[{\"@type\":\"SearchAction\",\"target\":{\"@type\":\"EntryPoint\",\"urlTemplate\":\"https:\/\/zuptor.pl\/?s={search_term_string}\"},\"query-input\":{\"@type\":\"PropertyValueSpecification\",\"valueRequired\":true,\"valueName\":\"search_term_string\"}}],\"inLanguage\":\"en-GB\"}]}<\/script>\n<!-- \/ Yoast SEO plugin. -->","yoast_head_json":{"title":"Silosy paszowe | Zuptor","description":"Silosy paszowe ZUPTOR - wytrzyma\u0142e i trwa\u0142e przechowywanie pasz. Sprawny roz\u0142adunek, podw\u00f3jny p\u0142aszcz ocynkowany i pow\u0142oka ochronna.","robots":{"index":"index","follow":"follow","max-snippet":"max-snippet:-1","max-image-preview":"max-image-preview:large","max-video-preview":"max-video-preview:-1"},"canonical":"https:\/\/zuptor.pl\/en\/silosy\/silosy-paszowe\/","og_locale":"en_GB","og_type":"article","og_title":"Silosy paszowe | Zuptor","og_description":"Silosy paszowe ZUPTOR - wytrzyma\u0142e i trwa\u0142e przechowywanie pasz. Sprawny roz\u0142adunek, podw\u00f3jny p\u0142aszcz ocynkowany i pow\u0142oka ochronna.","og_url":"https:\/\/zuptor.pl\/en\/silosy\/silosy-paszowe\/","og_site_name":"Zuptor","article_modified_time":"2024-12-04T11:22:05+00:00","twitter_card":"summary_large_image","twitter_misc":{"Estimated reading time":"4 minutes"},"schema":{"@context":"https:\/\/schema.org","@graph":[{"@type":"WebPage","@id":"https:\/\/zuptor.pl\/silosy\/silosy-paszowe\/","url":"https:\/\/zuptor.pl\/silosy\/silosy-paszowe\/","name":"Silosy paszowe | Zuptor","isPartOf":{"@id":"https:\/\/zuptor.pl\/#website"},"datePublished":"2024-04-16T10:29:23+00:00","dateModified":"2024-12-04T11:22:05+00:00","description":"Silosy paszowe ZUPTOR - wytrzyma\u0142e i trwa\u0142e przechowywanie pasz. Sprawny roz\u0142adunek, podw\u00f3jny p\u0142aszcz ocynkowany i pow\u0142oka ochronna.","breadcrumb":{"@id":"https:\/\/zuptor.pl\/silosy\/silosy-paszowe\/#breadcrumb"},"inLanguage":"en-GB","potentialAction":[{"@type":"ReadAction","target":["https:\/\/zuptor.pl\/silosy\/silosy-paszowe\/"]}]},{"@type":"BreadcrumbList","@id":"https:\/\/zuptor.pl\/silosy\/silosy-paszowe\/#breadcrumb","itemListElement":[{"@type":"ListItem","position":1,"name":"Strona g\u0142\u00f3wna","item":"https:\/\/zuptor.pl\/"},{"@type":"ListItem","position":2,"name":"Silosy","item":"https:\/\/zuptor.pl\/silosy\/"},{"@type":"ListItem","position":3,"name":"Silosy paszowe"}]},{"@type":"WebSite","@id":"https:\/\/zuptor.pl\/#website","url":"https:\/\/zuptor.pl\/","name":"Zuptor","description":"","potentialAction":[{"@type":"SearchAction","target":{"@type":"EntryPoint","urlTemplate":"https:\/\/zuptor.pl\/?s={search_term_string}"},"query-input":{"@type":"PropertyValueSpecification","valueRequired":true,"valueName":"search_term_string"}}],"inLanguage":"en-GB"}]}},"_links":{"self":[{"href":"https:\/\/zuptor.pl\/en\/wp-json\/wp\/v2\/pages\/1501","targetHints":{"allow":["GET"]}}],"collection":[{"href":"https:\/\/zuptor.pl\/en\/wp-json\/wp\/v2\/pages"}],"about":[{"href":"https:\/\/zuptor.pl\/en\/wp-json\/wp\/v2\/types\/page"}],"author":[{"embeddable":true,"href":"https:\/\/zuptor.pl\/en\/wp-json\/wp\/v2\/users\/1"}],"replies":[{"embeddable":true,"href":"https:\/\/zuptor.pl\/en\/wp-json\/wp\/v2\/comments?post=1501"}],"version-history":[{"count":13,"href":"https:\/\/zuptor.pl\/en\/wp-json\/wp\/v2\/pages\/1501\/revisions"}],"predecessor-version":[{"id":2707,"href":"https:\/\/zuptor.pl\/en\/wp-json\/wp\/v2\/pages\/1501\/revisions\/2707"}],"up":[{"embeddable":true,"href":"https:\/\/zuptor.pl\/en\/wp-json\/wp\/v2\/pages\/679"}],"wp:attachment":[{"href":"https:\/\/zuptor.pl\/en\/wp-json\/wp\/v2\/media?parent=1501"}],"curies":[{"name":"wp","href":"https:\/\/api.w.org\/{rel}","templated":true}]}}